{"id":2965,"date":"2023-11-09T16:00:04","date_gmt":"2023-11-09T16:00:04","guid":{"rendered":"https:\/\/touchproeurope.eu\/?post_type=product&#038;p=2965"},"modified":"2026-04-01T13:25:51","modified_gmt":"2026-04-01T13:25:51","slug":"camilla-de-masaje-reiki-earthlite-spirit","status":"publish","type":"product","link":"https:\/\/touchproeurope.eu\/es\/product\/earthlite-spirit-reiki-massagetafel\/","title":{"rendered":"Camilla de Masaje Earthlite Spirit Reiki"},"content":{"rendered":"<p>La camilla de masaje Earthlite Spirit Reiki, especialmente dise\u00f1ada para tratamientos de Reiki, ofrece una camilla plegable de alta calidad con una construcci\u00f3n duradera y una c\u00f3moda superficie para tumbarse. Esta camilla representa el equilibrio perfecto entre estabilidad y comodidad. Por lo que es la opci\u00f3n ideal para los practicantes de Reiki y masajistas por igual.<\/p>\n<p>La Camilla de Masaje Earthlite Spirit Reiki ha sido cuidadosamente dise\u00f1ada para satisfacer las demandas \u00fanicas de los tratamientos de Reiki. Las placas finales Reiki y la opci\u00f3n de liberaci\u00f3n Shiatsu proporcionan la m\u00e1xima versatilidad.<\/p>\n<p>Con una anchura de 71, 76 u 81 cm, una altura ajustable de 58 a 84 cm y el coj\u00edn ProPlush Deluxe de 3 capas, esta camilla ofrece una comodidad personalizable para una amplia gama de tratamientos.<\/p>\n<p>El peso total de trabajo permitido de 360 kg, el uso del m\u00e9todo Stitched Fit para la tapicer\u00eda y la construcci\u00f3n duradera. Todo ello hace de la mesa Spirit Reiki un s\u00edmbolo de durabilidad y estilo.<\/p>","protected":false},"excerpt":{"rendered":"<p><strong>La camilla de masaje Earthlite Spirit Reiki<\/strong> - Camilla plegable de alta calidad especialmente dise\u00f1ada para tratamientos de Reiki. Con su construcci\u00f3n duradera y su c\u00f3moda superficie para tumbarse, esta camilla ofrece el equilibrio perfecto entre estabilidad y comodidad. Experimente la calidad y versatilidad de la camilla de masaje Earthlite Spirit Reiki, una opci\u00f3n ideal tanto para los practicantes de Reiki como para los masajistas.<\/p>\n<p>El paquete consta de:<\/p>\n<ul>\n<li>La camilla de masaje Earthlite Spirit Reiki<\/li>\n<li>Reposacabezas Flexrest con almohada de espuma viscoel\u00e1stica LEC Strata<\/li>\n<li>Malet\u00edn de transporte profesional a juego con compartimento de almacenamiento<\/li>\n<\/ul>\n<p>Propiedades del producto<\/p>\n<ul>\n<li>Peso de 15 a 17 kg; dependiendo del tama\u00f1o de la anchura<\/li>\n<li>Anchura: 71, 76, 81 cm<\/li>\n<li>Longitud: 185 cm<\/li>\n<li>altura regulable de 58 a 84 cm<\/li>\n<li>Peso total de trabajo admisible 360 kg<\/li>\n<li>Opci\u00f3n de liberaci\u00f3n Shiatsu<\/li>\n<li>Almohada ProPlush Deluxe de 3 capas<\/li>\n<li>Equipado con placas terminales Reiki completas<\/li>\n<li>Cubrir con el m\u00e9todo Stitched Fit<\/li>\n<li>Hoja de venta oficial: <a href=\"https:\/\/b2b.earthlite.eu\/media\/wysiwyg\/SalesSheets\/Spirit_1-300-0069_-_Rev_092220.pdf\" target=\"_blank\" rel=\"noopener\">Nuevo Esp\u00edritu Reiki<\/a><\/li>\n<\/ul>\n<p>Los colores Teal, Sterling, Amethyst y Latte s\u00f3lo est\u00e1n disponibles como pedido anticipado. En este caso, tenga en cuenta un plazo de entrega de 12 a 16 semanas.<\/p>","protected":false},"featured_media":2964,"comment_status":"open","ping_status":"closed","template":"","meta":[],"product_brand":[343],"product_cat":[94,93],"product_tag":[85,39,49,90],"class_list":{"0":"post-2965","1":"product","2":"type-product","3":"status-publish","4":"has-post-thumbnail","6":"product_brand-earthlite","7":"product_cat-draagbare-massagetafels","8":"product_cat-massagetafels","9":"product_tag-earthlite","10":"product_tag-massagetafel","11":"product_tag-reiki","12":"product_tag-spirit","13":"product_shipping_class-groot-pakket","14":"pa_kleur-blauw","15":"pa_kleur-bordeaux","16":"pa_kleur-groen","17":"pa_kleur-latte","18":"pa_kleur-paars","19":"pa_kleur-vanille-creme","20":"pa_kleur-zilver","21":"pa_kleur-zwart","22":"pa_merk-earthlite","24":"first","25":"instock","26":"taxable","27":"shipping-taxable","28":"purchasable","29":"product-type-variable"},"yoast_head":"<!-- This site is optimized with the Yoast SEO Premium plugin v27.3 (Yoast SEO v27.3) - https:\/\/yoast.com\/product\/yoast-seo-premium-wordpress\/ -->\n<title>Earthlite Spirit Reiki Massagetafel - TouchPro Europe Shop<\/title>\n<meta name=\"description\" content=\"Ontdek de ideale balans tussen stabiliteit en comfort met de Earthlite Spirit Reiki Massagetafel. Bestel nu voor de ultieme Reiki-ervaring!\" \/>\n<meta name=\"robots\" content=\"index, follow, max-snippet:-1, max-image-preview:large, max-video-preview:-1\" \/>\n<link rel=\"canonical\" href=\"https:\/\/touchproeurope.eu\/es\/product\/camilla-de-masaje-reiki-earthlite-spirit\/\" \/>\n<meta property=\"og:locale\" content=\"es_ES\" \/>\n<meta property=\"og:type\" content=\"article\" \/>\n<meta property=\"og:title\" content=\"Earthlite Spirit Reiki Massagetafel\" \/>\n<meta property=\"og:description\" content=\"Ontdek de ideale balans tussen stabiliteit en comfort met de Earthlite Spirit Reiki Massagetafel. Bestel nu voor de ultieme Reiki-ervaring!\" \/>\n<meta property=\"og:url\" content=\"https:\/\/touchproeurope.eu\/es\/product\/camilla-de-masaje-reiki-earthlite-spirit\/\" \/>\n<meta property=\"og:site_name\" content=\"TouchPro Europe Shop\" \/>\n<meta property=\"article:publisher\" content=\"https:\/\/www.facebook.com\/TouchproNederland\/?locale=nl_NL%2f\" \/>\n<meta property=\"article:modified_time\" content=\"2026-04-01T13:25:51+00:00\" \/>\n<meta property=\"og:image\" content=\"https:\/\/touchproeurope.eu\/wp-content\/uploads\/2023\/11\/3099765255.jpg\" \/>\n\t<meta property=\"og:image:width\" content=\"2000\" \/>\n\t<meta property=\"og:image:height\" content=\"2000\" \/>\n\t<meta property=\"og:image:type\" content=\"image\/jpeg\" \/>\n<meta name=\"twitter:card\" content=\"summary_large_image\" \/>\n<meta name=\"twitter:label1\" content=\"Disponibilidad\" \/>\n\t<meta name=\"twitter:data1\" content=\"Disponible\" \/>\n<script type=\"application\/ld+json\" class=\"yoast-schema-graph\">{\"@context\":\"https:\\\/\\\/schema.org\",\"@graph\":[{\"@type\":\"WebPage\",\"@id\":\"https:\\\/\\\/touchproeurope.eu\\\/product\\\/earthlite-spirit-reiki-massagetafel\\\/\",\"url\":\"https:\\\/\\\/touchproeurope.eu\\\/product\\\/earthlite-spirit-reiki-massagetafel\\\/\",\"name\":\"Earthlite Spirit Reiki Massagetafel - TouchPro Europe Shop\",\"isPartOf\":{\"@id\":\"https:\\\/\\\/touchproeurope.eu\\\/#website\"},\"primaryImageOfPage\":{\"@id\":\"https:\\\/\\\/touchproeurope.eu\\\/product\\\/earthlite-spirit-reiki-massagetafel\\\/#primaryimage\"},\"image\":{\"@id\":\"https:\\\/\\\/touchproeurope.eu\\\/product\\\/earthlite-spirit-reiki-massagetafel\\\/#primaryimage\"},\"thumbnailUrl\":\"https:\\\/\\\/i0.wp.com\\\/touchproeurope.eu\\\/wp-content\\\/uploads\\\/2023\\\/11\\\/3099765255.jpg?fit=2000%2C2000&ssl=1\",\"datePublished\":\"2023-11-09T16:00:04+00:00\",\"dateModified\":\"2026-04-01T13:25:51+00:00\",\"description\":\"Ontdek de ideale balans tussen stabiliteit en comfort met de Earthlite Spirit Reiki Massagetafel. Bestel nu voor de ultieme Reiki-ervaring!\",\"breadcrumb\":{\"@id\":\"https:\\\/\\\/touchproeurope.eu\\\/product\\\/earthlite-spirit-reiki-massagetafel\\\/#breadcrumb\"},\"inLanguage\":\"es\",\"potentialAction\":[{\"@type\":\"ReadAction\",\"target\":[\"https:\\\/\\\/touchproeurope.eu\\\/product\\\/earthlite-spirit-reiki-massagetafel\\\/\"]}]},{\"@type\":\"ImageObject\",\"inLanguage\":\"es\",\"@id\":\"https:\\\/\\\/touchproeurope.eu\\\/product\\\/earthlite-spirit-reiki-massagetafel\\\/#primaryimage\",\"url\":\"https:\\\/\\\/i0.wp.com\\\/touchproeurope.eu\\\/wp-content\\\/uploads\\\/2023\\\/11\\\/3099765255.jpg?fit=2000%2C2000&ssl=1\",\"contentUrl\":\"https:\\\/\\\/i0.wp.com\\\/touchproeurope.eu\\\/wp-content\\\/uploads\\\/2023\\\/11\\\/3099765255.jpg?fit=2000%2C2000&ssl=1\",\"width\":2000,\"height\":2000,\"caption\":\"Earthlite Spirit Reiki Massagetafel Vanille Creme\"},{\"@type\":\"BreadcrumbList\",\"@id\":\"https:\\\/\\\/touchproeurope.eu\\\/product\\\/earthlite-spirit-reiki-massagetafel\\\/#breadcrumb\",\"itemListElement\":[{\"@type\":\"ListItem\",\"position\":1,\"name\":\"Home\",\"item\":\"https:\\\/\\\/touchproeurope.eu\\\/\"},{\"@type\":\"ListItem\",\"position\":2,\"name\":\"Winkel\",\"item\":\"https:\\\/\\\/touchproeurope.eu\\\/winkel\\\/\"},{\"@type\":\"ListItem\",\"position\":3,\"name\":\"Earthlite Spirit Reiki Massagetafel\"}]},{\"@type\":\"WebSite\",\"@id\":\"https:\\\/\\\/touchproeurope.eu\\\/#website\",\"url\":\"https:\\\/\\\/touchproeurope.eu\\\/\",\"name\":\"TouchPro Europe Shop\",\"description\":\"Alles voor jouw praktijk met een PROfessionele Touch!\",\"publisher\":{\"@id\":\"https:\\\/\\\/touchproeurope.eu\\\/#organization\"},\"alternateName\":\"TPE\",\"potentialAction\":[{\"@type\":\"SearchAction\",\"target\":{\"@type\":\"EntryPoint\",\"urlTemplate\":\"https:\\\/\\\/touchproeurope.eu\\\/?s={search_term_string}\"},\"query-input\":{\"@type\":\"PropertyValueSpecification\",\"valueRequired\":true,\"valueName\":\"search_term_string\"}}],\"inLanguage\":\"es\"},{\"@type\":\"Organization\",\"@id\":\"https:\\\/\\\/touchproeurope.eu\\\/#organization\",\"name\":\"TouchPro Europe BV\",\"alternateName\":\"TPE\",\"url\":\"https:\\\/\\\/touchproeurope.eu\\\/\",\"logo\":{\"@type\":\"ImageObject\",\"inLanguage\":\"es\",\"@id\":\"https:\\\/\\\/touchproeurope.eu\\\/#\\\/schema\\\/logo\\\/image\\\/\",\"url\":\"https:\\\/\\\/i0.wp.com\\\/touchproeurope.eu\\\/wp-content\\\/uploads\\\/2023\\\/10\\\/2b592c_b6944d80811246d987cc2c29accedf3f.png?fit=1417%2C531&ssl=1\",\"contentUrl\":\"https:\\\/\\\/i0.wp.com\\\/touchproeurope.eu\\\/wp-content\\\/uploads\\\/2023\\\/10\\\/2b592c_b6944d80811246d987cc2c29accedf3f.png?fit=1417%2C531&ssl=1\",\"width\":1417,\"height\":531,\"caption\":\"TouchPro Europe BV\"},\"image\":{\"@id\":\"https:\\\/\\\/touchproeurope.eu\\\/#\\\/schema\\\/logo\\\/image\\\/\"},\"sameAs\":[\"https:\\\/\\\/www.facebook.com\\\/TouchproNederland\\\/?locale=nl_NL\\\/\",\"https:\\\/\\\/www.instagram.com\\\/touchpro2016\\\/\",\"https:\\\/\\\/www.linkedin.com\\\/company\\\/touchpro-europe-bv\\\/\"],\"description\":\"TouchPro Europe Shop is de massage winkel van Europa. Wij verkopen topkwaliteit massageproducten aan masseurs, pedicures, fysiotherapeuten, manicuren, Wellness centra, opleidingen, etc. TouchPro begon als een kleine webshop in Nederland, maar is nu uitgegroeid tot een webshop met klanten uit heel Europa. Wij bieden een breed assortiment aan massageproducten, waaronder massagetafels, oli\u00ebn, cr\u00e8mes, en accessoires van topmerken, zoals Earthlite, Stronglite en InnerStrenght, Habys, Living Earth Crafts en Continuum en andere leveranciers van massage accessoires. Bestel hier de beste massagematerialen van Europa!\",\"email\":\"info@touchpro-europe.com\",\"telephone\":\"0858768829\",\"legalName\":\"TouchPro Europe BV\",\"foundingDate\":\"2018-01-11\",\"vatID\":\"NL855430151B01\",\"numberOfEmployees\":{\"@type\":\"QuantitativeValue\",\"minValue\":\"1\",\"maxValue\":\"10\"},\"hasMerchantReturnPolicy\":{\"@type\":\"MerchantReturnPolicy\",\"merchantReturnLink\":\"https:\\\/\\\/touchproeurope.eu\\\/es\\\/retourbeleid\\\/\"}}]}<\/script>\n<meta property=\"product:brand\" content=\"Earthlite\" \/>\n<meta property=\"og:availability\" content=\"instock\" \/>\n<meta property=\"product:availability\" content=\"instock\" \/>\n<meta property=\"product:retailer_item_id\" content=\"27000\" \/>\n<meta property=\"product:condition\" content=\"new\" \/>\n<!-- \/ Yoast SEO Premium plugin. -->","yoast_head_json":{"title":"Camilla de masaje Earthlite Spirit Reiki - Tienda TouchPro Europe","description":"Descubra el equilibrio ideal entre estabilidad y comodidad con la Camilla de Masaje Reiki Earthlite Spirit. \u00a1P\u00eddela ahora para vivir la experiencia Reiki definitiva!","robots":{"index":"index","follow":"follow","max-snippet":"max-snippet:-1","max-image-preview":"max-image-preview:large","max-video-preview":"max-video-preview:-1"},"canonical":"https:\/\/touchproeurope.eu\/es\/product\/camilla-de-masaje-reiki-earthlite-spirit\/","og_locale":"es_ES","og_type":"article","og_title":"Earthlite Spirit Reiki Massagetafel","og_description":"Ontdek de ideale balans tussen stabiliteit en comfort met de Earthlite Spirit Reiki Massagetafel. Bestel nu voor de ultieme Reiki-ervaring!","og_url":"https:\/\/touchproeurope.eu\/es\/product\/camilla-de-masaje-reiki-earthlite-spirit\/","og_site_name":"TouchPro Europe Shop","article_publisher":"https:\/\/www.facebook.com\/TouchproNederland\/?locale=nl_NL%2f","article_modified_time":"2026-04-01T13:25:51+00:00","og_image":[{"width":2000,"height":2000,"url":"https:\/\/touchproeurope.eu\/wp-content\/uploads\/2023\/11\/3099765255.jpg","type":"image\/jpeg"}],"twitter_card":"summary_large_image","twitter_misc":{"Disponibilidad":"Disponible"},"schema":{"@context":"https:\/\/schema.org","@graph":[{"@type":"WebPage","@id":"https:\/\/touchproeurope.eu\/product\/earthlite-spirit-reiki-massagetafel\/","url":"https:\/\/touchproeurope.eu\/product\/earthlite-spirit-reiki-massagetafel\/","name":"Camilla de masaje Earthlite Spirit Reiki - Tienda TouchPro Europe","isPartOf":{"@id":"https:\/\/touchproeurope.eu\/#website"},"primaryImageOfPage":{"@id":"https:\/\/touchproeurope.eu\/product\/earthlite-spirit-reiki-massagetafel\/#primaryimage"},"image":{"@id":"https:\/\/touchproeurope.eu\/product\/earthlite-spirit-reiki-massagetafel\/#primaryimage"},"thumbnailUrl":"https:\/\/i0.wp.com\/touchproeurope.eu\/wp-content\/uploads\/2023\/11\/3099765255.jpg?fit=2000%2C2000&ssl=1","datePublished":"2023-11-09T16:00:04+00:00","dateModified":"2026-04-01T13:25:51+00:00","description":"Descubra el equilibrio ideal entre estabilidad y comodidad con la Camilla de Masaje Reiki Earthlite Spirit. \u00a1P\u00eddela ahora para vivir la experiencia Reiki definitiva!","breadcrumb":{"@id":"https:\/\/touchproeurope.eu\/product\/earthlite-spirit-reiki-massagetafel\/#breadcrumb"},"inLanguage":"es","potentialAction":[{"@type":"ReadAction","target":["https:\/\/touchproeurope.eu\/product\/earthlite-spirit-reiki-massagetafel\/"]}]},{"@type":"ImageObject","inLanguage":"es","@id":"https:\/\/touchproeurope.eu\/product\/earthlite-spirit-reiki-massagetafel\/#primaryimage","url":"https:\/\/i0.wp.com\/touchproeurope.eu\/wp-content\/uploads\/2023\/11\/3099765255.jpg?fit=2000%2C2000&ssl=1","contentUrl":"https:\/\/i0.wp.com\/touchproeurope.eu\/wp-content\/uploads\/2023\/11\/3099765255.jpg?fit=2000%2C2000&ssl=1","width":2000,"height":2000,"caption":"Earthlite Spirit Reiki Massagetafel Vanille Creme"},{"@type":"BreadcrumbList","@id":"https:\/\/touchproeurope.eu\/product\/earthlite-spirit-reiki-massagetafel\/#breadcrumb","itemListElement":[{"@type":"ListItem","position":1,"name":"Home","item":"https:\/\/touchproeurope.eu\/"},{"@type":"ListItem","position":2,"name":"Winkel","item":"https:\/\/touchproeurope.eu\/winkel\/"},{"@type":"ListItem","position":3,"name":"Earthlite Spirit Reiki Massagetafel"}]},{"@type":"WebSite","@id":"https:\/\/touchproeurope.eu\/#website","url":"https:\/\/touchproeurope.eu\/","name":"Tienda TouchPro Europe","description":"\u00a1Todo para su consulta con un toque PROfesional!","publisher":{"@id":"https:\/\/touchproeurope.eu\/#organization"},"alternateName":"TPE","potentialAction":[{"@type":"SearchAction","target":{"@type":"EntryPoint","urlTemplate":"https:\/\/touchproeurope.eu\/?s={search_term_string}"},"query-input":{"@type":"PropertyValueSpecification","valueRequired":true,"valueName":"search_term_string"}}],"inLanguage":"es"},{"@type":"Organization","@id":"https:\/\/touchproeurope.eu\/#organization","name":"TouchPro Europe BV","alternateName":"TPE","url":"https:\/\/touchproeurope.eu\/","logo":{"@type":"ImageObject","inLanguage":"es","@id":"https:\/\/touchproeurope.eu\/#\/schema\/logo\/image\/","url":"https:\/\/i0.wp.com\/touchproeurope.eu\/wp-content\/uploads\/2023\/10\/2b592c_b6944d80811246d987cc2c29accedf3f.png?fit=1417%2C531&ssl=1","contentUrl":"https:\/\/i0.wp.com\/touchproeurope.eu\/wp-content\/uploads\/2023\/10\/2b592c_b6944d80811246d987cc2c29accedf3f.png?fit=1417%2C531&ssl=1","width":1417,"height":531,"caption":"TouchPro Europe BV"},"image":{"@id":"https:\/\/touchproeurope.eu\/#\/schema\/logo\/image\/"},"sameAs":["https:\/\/www.facebook.com\/TouchproNederland\/?locale=nl_NL\/","https:\/\/www.instagram.com\/touchpro2016\/","https:\/\/www.linkedin.com\/company\/touchpro-europe-bv\/"],"description":"TouchPro Europe Shop es la tienda de masajes de Europa. Vendemos productos de masaje de primera calidad a masajistas, pedicuras, fisioterapeutas, manicuras, centros de bienestar, cursos de formaci\u00f3n, etc. TouchPro comenz\u00f3 como una peque\u00f1a tienda en los Pa\u00edses Bajos, pero ahora se ha convertido en una tienda con clientes de toda Europa. Ofrecemos una amplia gama de productos de masaje, incluyendo camillas de masaje, aceites, cremas y accesorios de las mejores marcas como Earthlite, Stronglite e InnerStrenght, Habys, Living Earth Crafts y Continuum y otros proveedores de accesorios de masaje. Pida aqu\u00ed los mejores art\u00edculos de masaje de Europa.","email":"info@touchpro-europe.com","telephone":"0858768829","legalName":"TouchPro Europe BV","foundingDate":"2018-01-11","vatID":"NL855430151B01","numberOfEmployees":{"@type":"QuantitativeValue","minValue":"1","maxValue":"10"},"hasMerchantReturnPolicy":{"@type":"MerchantReturnPolicy","merchantReturnLink":"https:\/\/touchproeurope.eu\/es\/retourbeleid\/"}}]},"product_brand":"Earthlite","og_availability":"instock","product_availability":"instock","product_retailer_item_id":"27000","product_condition":"new"},"_links":{"self":[{"href":"https:\/\/touchproeurope.eu\/es\/wp-json\/wp\/v2\/product\/2965","targetHints":{"allow":["GET"]}}],"collection":[{"href":"https:\/\/touchproeurope.eu\/es\/wp-json\/wp\/v2\/product"}],"about":[{"href":"https:\/\/touchproeurope.eu\/es\/wp-json\/wp\/v2\/types\/product"}],"replies":[{"embeddable":true,"href":"https:\/\/touchproeurope.eu\/es\/wp-json\/wp\/v2\/comments?post=2965"}],"version-history":[{"count":4,"href":"https:\/\/touchproeurope.eu\/es\/wp-json\/wp\/v2\/product\/2965\/revisions"}],"predecessor-version":[{"id":3446,"href":"https:\/\/touchproeurope.eu\/es\/wp-json\/wp\/v2\/product\/2965\/revisions\/3446"}],"wp:featuredmedia":[{"embeddable":true,"href":"https:\/\/touchproeurope.eu\/es\/wp-json\/wp\/v2\/media\/2964"}],"wp:attachment":[{"href":"https:\/\/touchproeurope.eu\/es\/wp-json\/wp\/v2\/media?parent=2965"}],"wp:term":[{"taxonomy":"product_brand","embeddable":true,"href":"https:\/\/touchproeurope.eu\/es\/wp-json\/wp\/v2\/product_brand?post=2965"},{"taxonomy":"product_cat","embeddable":true,"href":"https:\/\/touchproeurope.eu\/es\/wp-json\/wp\/v2\/product_cat?post=2965"},{"taxonomy":"product_tag","embeddable":true,"href":"https:\/\/touchproeurope.eu\/es\/wp-json\/wp\/v2\/product_tag?post=2965"}],"curies":[{"name":"wp","href":"https:\/\/api.w.org\/{rel}","templated":true}]}}