{"id":2987,"date":"2023-11-09T16:00:36","date_gmt":"2023-11-09T16:00:36","guid":{"rendered":"https:\/\/touchproeurope.eu\/?post_type=product&#038;p=2987"},"modified":"2026-04-16T16:03:20","modified_gmt":"2026-04-16T16:03:20","slug":"earthlite-bolster-confort","status":"publish","type":"product","link":"https:\/\/touchproeurope.eu\/es\/product\/earthlite-bolster-comfort\/","title":{"rendered":"Earthlite Bolster Confort"},"content":{"rendered":"<p>\u00a1Experimente una comodidad sin igual con el Earthlite Bolster Comfort! Especialmente dise\u00f1ado para clientes con pechos grandes, este coj\u00edn proporciona el m\u00e1ximo apoyo, permiti\u00e9ndoles tumbarse relajadamente boca abajo. Con unas medidas de 47 x 54 x 7 cm, es el accesorio perfecto para una experiencia de masaje c\u00f3moda y lujosa.<\/p>\n<p>Este coj\u00edn no s\u00f3lo lleva la comodidad a nuevas cotas, sino que tambi\u00e9n es un elegante complemento para cualquier consulta de masaje o spa personal. Su tama\u00f1o y forma cuidadosamente dise\u00f1ados se adaptan perfectamente al cuerpo, garantizando una posici\u00f3n de descanso ergon\u00f3mica.<\/p>\n<p>Con el Earthlite Bolster Comfort, los clientes no s\u00f3lo disfrutan de los beneficios f\u00edsicos, sino tambi\u00e9n de una sensaci\u00f3n de bienestar y lujo. El material de alta calidad y la construcci\u00f3n duradera garantizan una inversi\u00f3n a largo plazo en comodidad y relajaci\u00f3n.<\/p>\n<p>P\u00eddalo hoy mismo y ofrezca a sus clientes la experiencia de lujo que se merecen. Transforme cualquier masaje en un viaje inolvidable de confort y relajaci\u00f3n con este coj\u00edn. D\u00e9se a s\u00ed mismo y a sus clientes el mejor apoyo y p\u00eddalo ahora para disfrutar de una experiencia de masaje extraordinaria.<\/p>\n<p>No espere m\u00e1s: mejore su consulta de masajes con este coj\u00edn y cree un entorno en el que la comodidad y el lujo se den la mano para lograr la m\u00e1xima satisfacci\u00f3n del cliente.<\/p>","protected":false},"excerpt":{"rendered":"<p>Dise\u00f1ado para ofrecer la m\u00e1xima comodidad, el coj\u00edn Earthlite Comfort es ideal para clientes con pechos grandes. Con unas medidas de 47 x 54 x 7 cm, este coj\u00edn no s\u00f3lo lleva la experiencia del masaje a un nivel superior, sino que tambi\u00e9n a\u00f1ade estilo a cualquier habitaci\u00f3n. Fabricado con materiales de alta calidad, este coj\u00edn promete durabilidad y lujo. Transforme los masajes ordinarios en experiencias extraordinarias: \u00a1h\u00e1galo hoy mismo y disfrute de una relajaci\u00f3n sin igual!<\/p>\n<ul>\n<li><a class=\"yoast-text-mark\" href=\"\/es\/&quot;https:\/\/b2b.earthlite.eu\/media\/wysiwyg\/SalesSheets\/Bolsters_1-300-0041_Rev_0924target=\/\" rel=\"&quot;&lt;strong\">Earthlite bolsters - ficha de venta oficial<\/a><\/li>\n<\/ul>","protected":false},"featured_media":8025,"comment_status":"open","ping_status":"closed","template":"","meta":[],"product_brand":[343],"product_cat":[99,100],"product_tag":[],"class_list":{"0":"post-2987","1":"product","2":"type-product","3":"status-publish","4":"has-post-thumbnail","6":"product_brand-earthlite","7":"product_cat-accessoires","8":"product_cat-bolsters","9":"product_shipping_class-klein-pakket","11":"first","12":"instock","13":"taxable","14":"shipping-taxable","15":"purchasable","16":"product-type-variable"},"yoast_head":"<!-- This site is optimized with the Yoast SEO Premium plugin v27.4 (Yoast SEO v27.4) - https:\/\/yoast.com\/product\/yoast-seo-premium-wordpress\/ -->\n<title>Earthlite Bolster Comfort - TouchPro Europe Shop<\/title>\n<meta name=\"description\" content=\"Geef je client de ultieme ondersteuning en ontspanning met de Earthlite Bolster Comfort. Speciaal voor klanten met grotere borsten. Bestel vandaag nog!\" \/>\n<meta name=\"robots\" content=\"index, follow, max-snippet:-1, max-image-preview:large, max-video-preview:-1\" \/>\n<link rel=\"canonical\" href=\"https:\/\/touchproeurope.eu\/es\/product\/earthlite-bolster-confort\/\" \/>\n<meta property=\"og:locale\" content=\"es_ES\" \/>\n<meta property=\"og:type\" content=\"article\" \/>\n<meta property=\"og:title\" content=\"Earthlite Bolster Comfort\" \/>\n<meta property=\"og:description\" content=\"Geef je client de ultieme ondersteuning en ontspanning met de Earthlite Bolster Comfort. Speciaal voor klanten met grotere borsten. Bestel vandaag nog!\" \/>\n<meta property=\"og:url\" content=\"https:\/\/touchproeurope.eu\/es\/product\/earthlite-bolster-confort\/\" \/>\n<meta property=\"og:site_name\" content=\"TouchPro Europe Shop\" \/>\n<meta property=\"article:publisher\" content=\"https:\/\/www.facebook.com\/TouchproNederland\/?locale=nl_NL%2f\" \/>\n<meta property=\"article:modified_time\" content=\"2026-04-16T16:03:20+00:00\" \/>\n<meta property=\"og:image\" content=\"https:\/\/touchproeurope.eu\/wp-content\/uploads\/2023\/11\/50396710946_a8be55b103_c.jpg\" \/>\n\t<meta property=\"og:image:width\" content=\"800\" \/>\n\t<meta property=\"og:image:height\" content=\"800\" \/>\n\t<meta property=\"og:image:type\" content=\"image\/jpeg\" \/>\n<meta name=\"twitter:card\" content=\"summary_large_image\" \/>\n<meta name=\"twitter:label1\" content=\"Disponibilidad\" \/>\n\t<meta name=\"twitter:data1\" content=\"Disponible\" \/>\n<script type=\"application\/ld+json\" class=\"yoast-schema-graph\">{\"@context\":\"https:\\\/\\\/schema.org\",\"@graph\":[{\"@type\":\"WebPage\",\"@id\":\"https:\\\/\\\/touchproeurope.eu\\\/product\\\/earthlite-bolster-comfort\\\/\",\"url\":\"https:\\\/\\\/touchproeurope.eu\\\/product\\\/earthlite-bolster-comfort\\\/\",\"name\":\"Earthlite Bolster Comfort - TouchPro Europe Shop\",\"isPartOf\":{\"@id\":\"https:\\\/\\\/touchproeurope.eu\\\/#website\"},\"primaryImageOfPage\":{\"@id\":\"https:\\\/\\\/touchproeurope.eu\\\/product\\\/earthlite-bolster-comfort\\\/#primaryimage\"},\"image\":{\"@id\":\"https:\\\/\\\/touchproeurope.eu\\\/product\\\/earthlite-bolster-comfort\\\/#primaryimage\"},\"thumbnailUrl\":\"https:\\\/\\\/i0.wp.com\\\/touchproeurope.eu\\\/wp-content\\\/uploads\\\/2023\\\/11\\\/50396710946_a8be55b103_c.jpg?fit=800%2C800&ssl=1\",\"datePublished\":\"2023-11-09T16:00:36+00:00\",\"dateModified\":\"2026-04-16T16:03:20+00:00\",\"description\":\"Geef je client de ultieme ondersteuning en ontspanning met de Earthlite Bolster Comfort. Speciaal voor klanten met grotere borsten. Bestel vandaag nog!\",\"breadcrumb\":{\"@id\":\"https:\\\/\\\/touchproeurope.eu\\\/product\\\/earthlite-bolster-comfort\\\/#breadcrumb\"},\"inLanguage\":\"es\",\"potentialAction\":[{\"@type\":\"ReadAction\",\"target\":[\"https:\\\/\\\/touchproeurope.eu\\\/product\\\/earthlite-bolster-comfort\\\/\"]}]},{\"@type\":\"ImageObject\",\"inLanguage\":\"es\",\"@id\":\"https:\\\/\\\/touchproeurope.eu\\\/product\\\/earthlite-bolster-comfort\\\/#primaryimage\",\"url\":\"https:\\\/\\\/i0.wp.com\\\/touchproeurope.eu\\\/wp-content\\\/uploads\\\/2023\\\/11\\\/50396710946_a8be55b103_c.jpg?fit=800%2C800&ssl=1\",\"contentUrl\":\"https:\\\/\\\/i0.wp.com\\\/touchproeurope.eu\\\/wp-content\\\/uploads\\\/2023\\\/11\\\/50396710946_a8be55b103_c.jpg?fit=800%2C800&ssl=1\",\"width\":800,\"height\":800,\"caption\":\"Bolster comfort\"},{\"@type\":\"BreadcrumbList\",\"@id\":\"https:\\\/\\\/touchproeurope.eu\\\/product\\\/earthlite-bolster-comfort\\\/#breadcrumb\",\"itemListElement\":[{\"@type\":\"ListItem\",\"position\":1,\"name\":\"Home\",\"item\":\"https:\\\/\\\/touchproeurope.eu\\\/\"},{\"@type\":\"ListItem\",\"position\":2,\"name\":\"Winkel\",\"item\":\"https:\\\/\\\/touchproeurope.eu\\\/winkel\\\/\"},{\"@type\":\"ListItem\",\"position\":3,\"name\":\"Earthlite Bolster Comfort\"}]},{\"@type\":\"WebSite\",\"@id\":\"https:\\\/\\\/touchproeurope.eu\\\/#website\",\"url\":\"https:\\\/\\\/touchproeurope.eu\\\/\",\"name\":\"TouchPro Europe Shop\",\"description\":\"Alles voor jouw praktijk met een PROfessionele Touch!\",\"publisher\":{\"@id\":\"https:\\\/\\\/touchproeurope.eu\\\/#organization\"},\"alternateName\":\"TPE\",\"potentialAction\":[{\"@type\":\"SearchAction\",\"target\":{\"@type\":\"EntryPoint\",\"urlTemplate\":\"https:\\\/\\\/touchproeurope.eu\\\/?s={search_term_string}\"},\"query-input\":{\"@type\":\"PropertyValueSpecification\",\"valueRequired\":true,\"valueName\":\"search_term_string\"}}],\"inLanguage\":\"es\"},{\"@type\":\"Organization\",\"@id\":\"https:\\\/\\\/touchproeurope.eu\\\/#organization\",\"name\":\"TouchPro Europe BV\",\"alternateName\":\"TPE\",\"url\":\"https:\\\/\\\/touchproeurope.eu\\\/\",\"logo\":{\"@type\":\"ImageObject\",\"inLanguage\":\"es\",\"@id\":\"https:\\\/\\\/touchproeurope.eu\\\/#\\\/schema\\\/logo\\\/image\\\/\",\"url\":\"https:\\\/\\\/i0.wp.com\\\/touchproeurope.eu\\\/wp-content\\\/uploads\\\/2023\\\/10\\\/2b592c_b6944d80811246d987cc2c29accedf3f.png?fit=1417%2C531&ssl=1\",\"contentUrl\":\"https:\\\/\\\/i0.wp.com\\\/touchproeurope.eu\\\/wp-content\\\/uploads\\\/2023\\\/10\\\/2b592c_b6944d80811246d987cc2c29accedf3f.png?fit=1417%2C531&ssl=1\",\"width\":1417,\"height\":531,\"caption\":\"TouchPro Europe BV\"},\"image\":{\"@id\":\"https:\\\/\\\/touchproeurope.eu\\\/#\\\/schema\\\/logo\\\/image\\\/\"},\"sameAs\":[\"https:\\\/\\\/www.facebook.com\\\/TouchproNederland\\\/?locale=nl_NL\\\/\",\"https:\\\/\\\/www.instagram.com\\\/touchpro2016\\\/\",\"https:\\\/\\\/www.linkedin.com\\\/company\\\/touchpro-europe-bv\\\/\"],\"description\":\"TouchPro Europe Shop is de massage winkel van Europa. Wij verkopen topkwaliteit massageproducten aan masseurs, pedicures, fysiotherapeuten, manicuren, Wellness centra, opleidingen, etc. TouchPro begon als een kleine webshop in Nederland, maar is nu uitgegroeid tot een webshop met klanten uit heel Europa. Wij bieden een breed assortiment aan massageproducten, waaronder massagetafels, oli\u00ebn, cr\u00e8mes, en accessoires van topmerken, zoals Earthlite, Stronglite en InnerStrenght, Habys, Living Earth Crafts en Continuum en andere leveranciers van massage accessoires. Bestel hier de beste massagematerialen van Europa!\",\"email\":\"info@touchpro-europe.com\",\"telephone\":\"0858768829\",\"legalName\":\"TouchPro Europe BV\",\"foundingDate\":\"2018-01-11\",\"vatID\":\"NL855430151B01\",\"numberOfEmployees\":{\"@type\":\"QuantitativeValue\",\"minValue\":\"1\",\"maxValue\":\"10\"},\"hasMerchantReturnPolicy\":{\"@type\":\"MerchantReturnPolicy\",\"merchantReturnLink\":\"https:\\\/\\\/touchproeurope.eu\\\/es\\\/retourbeleid\\\/\"}}]}<\/script>\n<meta property=\"og:availability\" content=\"instock\" \/>\n<meta property=\"product:availability\" content=\"instock\" \/>\n<meta property=\"product:retailer_item_id\" content=\"35100\" \/>\n<meta property=\"product:condition\" content=\"new\" \/>\n<!-- \/ Yoast SEO Premium plugin. -->","yoast_head_json":{"title":"Earthlite Bolster Comfort - Tienda TouchPro Europe","description":"Proporcione a su cliente el m\u00e1ximo apoyo y relajaci\u00f3n con el Earthlite Bolster Comfort. Especial para clientes con pechos grandes. \u00a1P\u00eddalo hoy mismo!","robots":{"index":"index","follow":"follow","max-snippet":"max-snippet:-1","max-image-preview":"max-image-preview:large","max-video-preview":"max-video-preview:-1"},"canonical":"https:\/\/touchproeurope.eu\/es\/product\/earthlite-bolster-confort\/","og_locale":"es_ES","og_type":"article","og_title":"Earthlite Bolster Comfort","og_description":"Geef je client de ultieme ondersteuning en ontspanning met de Earthlite Bolster Comfort. Speciaal voor klanten met grotere borsten. Bestel vandaag nog!","og_url":"https:\/\/touchproeurope.eu\/es\/product\/earthlite-bolster-confort\/","og_site_name":"TouchPro Europe Shop","article_publisher":"https:\/\/www.facebook.com\/TouchproNederland\/?locale=nl_NL%2f","article_modified_time":"2026-04-16T16:03:20+00:00","og_image":[{"width":800,"height":800,"url":"https:\/\/touchproeurope.eu\/wp-content\/uploads\/2023\/11\/50396710946_a8be55b103_c.jpg","type":"image\/jpeg"}],"twitter_card":"summary_large_image","twitter_misc":{"Disponibilidad":"Disponible"},"schema":{"@context":"https:\/\/schema.org","@graph":[{"@type":"WebPage","@id":"https:\/\/touchproeurope.eu\/product\/earthlite-bolster-comfort\/","url":"https:\/\/touchproeurope.eu\/product\/earthlite-bolster-comfort\/","name":"Earthlite Bolster Comfort - Tienda TouchPro Europe","isPartOf":{"@id":"https:\/\/touchproeurope.eu\/#website"},"primaryImageOfPage":{"@id":"https:\/\/touchproeurope.eu\/product\/earthlite-bolster-comfort\/#primaryimage"},"image":{"@id":"https:\/\/touchproeurope.eu\/product\/earthlite-bolster-comfort\/#primaryimage"},"thumbnailUrl":"https:\/\/i0.wp.com\/touchproeurope.eu\/wp-content\/uploads\/2023\/11\/50396710946_a8be55b103_c.jpg?fit=800%2C800&ssl=1","datePublished":"2023-11-09T16:00:36+00:00","dateModified":"2026-04-16T16:03:20+00:00","description":"Proporcione a su cliente el m\u00e1ximo apoyo y relajaci\u00f3n con el Earthlite Bolster Comfort. Especial para clientes con pechos grandes. \u00a1P\u00eddalo hoy mismo!","breadcrumb":{"@id":"https:\/\/touchproeurope.eu\/product\/earthlite-bolster-comfort\/#breadcrumb"},"inLanguage":"es","potentialAction":[{"@type":"ReadAction","target":["https:\/\/touchproeurope.eu\/product\/earthlite-bolster-comfort\/"]}]},{"@type":"ImageObject","inLanguage":"es","@id":"https:\/\/touchproeurope.eu\/product\/earthlite-bolster-comfort\/#primaryimage","url":"https:\/\/i0.wp.com\/touchproeurope.eu\/wp-content\/uploads\/2023\/11\/50396710946_a8be55b103_c.jpg?fit=800%2C800&ssl=1","contentUrl":"https:\/\/i0.wp.com\/touchproeurope.eu\/wp-content\/uploads\/2023\/11\/50396710946_a8be55b103_c.jpg?fit=800%2C800&ssl=1","width":800,"height":800,"caption":"Bolster comfort"},{"@type":"BreadcrumbList","@id":"https:\/\/touchproeurope.eu\/product\/earthlite-bolster-comfort\/#breadcrumb","itemListElement":[{"@type":"ListItem","position":1,"name":"Home","item":"https:\/\/touchproeurope.eu\/"},{"@type":"ListItem","position":2,"name":"Winkel","item":"https:\/\/touchproeurope.eu\/winkel\/"},{"@type":"ListItem","position":3,"name":"Earthlite Bolster Comfort"}]},{"@type":"WebSite","@id":"https:\/\/touchproeurope.eu\/#website","url":"https:\/\/touchproeurope.eu\/","name":"Tienda TouchPro Europe","description":"\u00a1Todo para su consulta con un toque PROfesional!","publisher":{"@id":"https:\/\/touchproeurope.eu\/#organization"},"alternateName":"TPE","potentialAction":[{"@type":"SearchAction","target":{"@type":"EntryPoint","urlTemplate":"https:\/\/touchproeurope.eu\/?s={search_term_string}"},"query-input":{"@type":"PropertyValueSpecification","valueRequired":true,"valueName":"search_term_string"}}],"inLanguage":"es"},{"@type":"Organization","@id":"https:\/\/touchproeurope.eu\/#organization","name":"TouchPro Europe BV","alternateName":"TPE","url":"https:\/\/touchproeurope.eu\/","logo":{"@type":"ImageObject","inLanguage":"es","@id":"https:\/\/touchproeurope.eu\/#\/schema\/logo\/image\/","url":"https:\/\/i0.wp.com\/touchproeurope.eu\/wp-content\/uploads\/2023\/10\/2b592c_b6944d80811246d987cc2c29accedf3f.png?fit=1417%2C531&ssl=1","contentUrl":"https:\/\/i0.wp.com\/touchproeurope.eu\/wp-content\/uploads\/2023\/10\/2b592c_b6944d80811246d987cc2c29accedf3f.png?fit=1417%2C531&ssl=1","width":1417,"height":531,"caption":"TouchPro Europe BV"},"image":{"@id":"https:\/\/touchproeurope.eu\/#\/schema\/logo\/image\/"},"sameAs":["https:\/\/www.facebook.com\/TouchproNederland\/?locale=nl_NL\/","https:\/\/www.instagram.com\/touchpro2016\/","https:\/\/www.linkedin.com\/company\/touchpro-europe-bv\/"],"description":"TouchPro Europe Shop es la tienda de masajes de Europa. Vendemos productos de masaje de primera calidad a masajistas, pedicuras, fisioterapeutas, manicuras, centros de bienestar, cursos de formaci\u00f3n, etc. TouchPro comenz\u00f3 como una peque\u00f1a tienda en los Pa\u00edses Bajos, pero ahora se ha convertido en una tienda con clientes de toda Europa. Ofrecemos una amplia gama de productos de masaje, incluyendo camillas de masaje, aceites, cremas y accesorios de las mejores marcas como Earthlite, Stronglite e InnerStrenght, Habys, Living Earth Crafts y Continuum y otros proveedores de accesorios de masaje. Pida aqu\u00ed los mejores art\u00edculos de masaje de Europa.","email":"info@touchpro-europe.com","telephone":"0858768829","legalName":"TouchPro Europe BV","foundingDate":"2018-01-11","vatID":"NL855430151B01","numberOfEmployees":{"@type":"QuantitativeValue","minValue":"1","maxValue":"10"},"hasMerchantReturnPolicy":{"@type":"MerchantReturnPolicy","merchantReturnLink":"https:\/\/touchproeurope.eu\/es\/retourbeleid\/"}}]},"og_availability":"instock","product_availability":"instock","product_retailer_item_id":"35100","product_condition":"new"},"_links":{"self":[{"href":"https:\/\/touchproeurope.eu\/es\/wp-json\/wp\/v2\/product\/2987","targetHints":{"allow":["GET"]}}],"collection":[{"href":"https:\/\/touchproeurope.eu\/es\/wp-json\/wp\/v2\/product"}],"about":[{"href":"https:\/\/touchproeurope.eu\/es\/wp-json\/wp\/v2\/types\/product"}],"replies":[{"embeddable":true,"href":"https:\/\/touchproeurope.eu\/es\/wp-json\/wp\/v2\/comments?post=2987"}],"version-history":[{"count":4,"href":"https:\/\/touchproeurope.eu\/es\/wp-json\/wp\/v2\/product\/2987\/revisions"}],"predecessor-version":[{"id":6442,"href":"https:\/\/touchproeurope.eu\/es\/wp-json\/wp\/v2\/product\/2987\/revisions\/6442"}],"wp:featuredmedia":[{"embeddable":true,"href":"https:\/\/touchproeurope.eu\/es\/wp-json\/wp\/v2\/media\/8025"}],"wp:attachment":[{"href":"https:\/\/touchproeurope.eu\/es\/wp-json\/wp\/v2\/media?parent=2987"}],"wp:term":[{"taxonomy":"product_brand","embeddable":true,"href":"https:\/\/touchproeurope.eu\/es\/wp-json\/wp\/v2\/product_brand?post=2987"},{"taxonomy":"product_cat","embeddable":true,"href":"https:\/\/touchproeurope.eu\/es\/wp-json\/wp\/v2\/product_cat?post=2987"},{"taxonomy":"product_tag","embeddable":true,"href":"https:\/\/touchproeurope.eu\/es\/wp-json\/wp\/v2\/product_tag?post=2987"}],"curies":[{"name":"wp","href":"https:\/\/api.w.org\/{rel}","templated":true}]}}