{"id":2997,"date":"2023-11-09T16:01:00","date_gmt":"2023-11-09T16:01:00","guid":{"rendered":"https:\/\/touchproeurope.eu\/?post_type=product&#038;p=2997"},"modified":"2026-03-07T18:21:30","modified_gmt":"2026-03-07T18:21:30","slug":"bolster-media-cana-jumbo","status":"publish","type":"product","link":"https:\/\/touchproeurope.eu\/es\/product\/bolster-half-rond-jumbo\/","title":{"rendered":"Earthlite Bolster media ca\u00f1a jumbo"},"content":{"rendered":"<p>Descubra el m\u00e1ximo confort con nuestro coj\u00edn Jumbo de media ca\u00f1a: el compa\u00f1ero perfecto relleno de espuma para una relajaci\u00f3n total. Con un pr\u00e1ctico cierre de cremallera y un asa de cintur\u00f3n, este coj\u00edn est\u00e1 dise\u00f1ado para proporcionar un apoyo sublime a las rodillas y tobillos de sus clientes.<\/p>\n<p>Con unas medidas de 11,4 x 22,9 x 73,7 cm, nuestro coj\u00edn ofrece un equilibrio perfecto entre compacidad y funcionalidad. Tanto si su cliente est\u00e1 disfrutando de un relajante masaje como de una sesi\u00f3n de yoga, este coj\u00edn proporciona el apoyo ideal all\u00ed donde se necesita.<\/p>\n<p>\u00bfPor qu\u00e9 renunciar a la comodidad y el estilo? Nuestros cojines Earthlite no s\u00f3lo son funcionales, sino tambi\u00e9n un complemento est\u00e9tico para cualquier habitaci\u00f3n. Ofrezca a sus clientes el lujo que se merecen y a\u00f1ada este coj\u00edn indispensable a su colecci\u00f3n.<\/p>\n<p>Invierta hoy mismo en el bienestar de sus clientes. Pida el coj\u00edn Jumbo de media ca\u00f1a y experimente la combinaci\u00f3n perfecta de dise\u00f1o ergon\u00f3mico y confort de alta calidad. Transforme su spa, sal\u00f3n de belleza o consulta con este accesorio imprescindible para la m\u00e1xima relajaci\u00f3n.<\/p>\n<p>No espere m\u00e1s, ofrezca a sus clientes el lujo que buscan. Haga su pedido ahora y descubra la calidad inigualable de los cabezales Earthlite.<\/p>","protected":false},"excerpt":{"rendered":"<p>Descubra la comodidad pura con el coj\u00edn Jumbo Earthlite de media ca\u00f1a. Relleno de espuma suave, para un apoyo \u00f3ptimo de rodillas y tobillos. Con pr\u00e1ctica cremallera y asa para el cintur\u00f3n. Imprescindible para una relajaci\u00f3n total.<\/p>\n<ul>\n<li>dimensiones: 11,4 x 22,9 x 73,7 cm.<\/li>\n<li><a href=\"https:\/\/b2b.earthlite.eu\/media\/wysiwyg\/SalesSheets\/Bolsters_1-300-0041_Rev_092420.pdf\" target=\"_blank\" rel=\"noopener\"><strong>Earthlite bolsters - ficha de venta oficial<\/strong><\/a><\/li>\n<\/ul>\n<p>Disponible en colores: Azul, Negro, Crema de vainilla, Burdeos, Morado. Disponible por encargo en color Verde, teniendo en cuenta un plazo de entrega de hasta 12 semanas.<\/p>","protected":false},"featured_media":4665,"comment_status":"open","ping_status":"closed","template":"","meta":[],"product_brand":[343],"product_cat":[99,100],"product_tag":[],"class_list":{"0":"post-2997","1":"product","2":"type-product","3":"status-publish","4":"has-post-thumbnail","6":"product_brand-earthlite","7":"product_cat-accessoires","8":"product_cat-bolsters","9":"product_shipping_class-klein-pakket","11":"first","12":"instock","13":"taxable","14":"shipping-taxable","15":"purchasable","16":"product-type-variable"},"yoast_head":"<!-- This site is optimized with the Yoast SEO Premium plugin v27.3 (Yoast SEO v27.3) - https:\/\/yoast.com\/product\/yoast-seo-premium-wordpress\/ -->\n<title>Earthlite Bolster half rond jumbo - TouchPro Europe Shop<\/title>\n<meta name=\"description\" content=\"Ontdek ultiem comfort met onze Jumbo bolster - perfect voor ondersteuning van knie\u00ebn en enkels. Kies uit diverse kleuren. Bestel nu voor luxe ontspanning!\" \/>\n<meta name=\"robots\" content=\"index, follow, max-snippet:-1, max-image-preview:large, max-video-preview:-1\" \/>\n<link rel=\"canonical\" href=\"https:\/\/touchproeurope.eu\/es\/product\/bolster-media-cana-jumbo\/\" \/>\n<meta property=\"og:locale\" content=\"es_ES\" \/>\n<meta property=\"og:type\" content=\"article\" \/>\n<meta property=\"og:title\" content=\"Earthlite Bolster half rond jumbo\" \/>\n<meta property=\"og:description\" content=\"Ontdek ultiem comfort met onze Jumbo bolster - perfect voor ondersteuning van knie\u00ebn en enkels. Kies uit diverse kleuren. Bestel nu voor luxe ontspanning!\" \/>\n<meta property=\"og:url\" content=\"https:\/\/touchproeurope.eu\/es\/product\/bolster-media-cana-jumbo\/\" \/>\n<meta property=\"og:site_name\" content=\"TouchPro Europe Shop\" \/>\n<meta property=\"article:publisher\" content=\"https:\/\/www.facebook.com\/TouchproNederland\/?locale=nl_NL%2f\" \/>\n<meta property=\"article:modified_time\" content=\"2026-03-07T18:21:30+00:00\" \/>\n<meta property=\"og:image\" content=\"https:\/\/touchproeurope.eu\/wp-content\/uploads\/2023\/11\/8054650747_45fbb3d3cd_c-1.jpg\" \/>\n\t<meta property=\"og:image:width\" content=\"800\" \/>\n\t<meta property=\"og:image:height\" content=\"800\" \/>\n\t<meta property=\"og:image:type\" content=\"image\/jpeg\" \/>\n<meta name=\"twitter:card\" content=\"summary_large_image\" \/>\n<meta name=\"twitter:label1\" content=\"Disponibilidad\" \/>\n\t<meta name=\"twitter:data1\" content=\"Disponible\" \/>\n<script type=\"application\/ld+json\" class=\"yoast-schema-graph\">{\"@context\":\"https:\\\/\\\/schema.org\",\"@graph\":[{\"@type\":\"WebPage\",\"@id\":\"https:\\\/\\\/touchproeurope.eu\\\/product\\\/bolster-half-rond-jumbo\\\/\",\"url\":\"https:\\\/\\\/touchproeurope.eu\\\/product\\\/bolster-half-rond-jumbo\\\/\",\"name\":\"Earthlite Bolster half rond jumbo - TouchPro Europe Shop\",\"isPartOf\":{\"@id\":\"https:\\\/\\\/touchproeurope.eu\\\/#website\"},\"primaryImageOfPage\":{\"@id\":\"https:\\\/\\\/touchproeurope.eu\\\/product\\\/bolster-half-rond-jumbo\\\/#primaryimage\"},\"image\":{\"@id\":\"https:\\\/\\\/touchproeurope.eu\\\/product\\\/bolster-half-rond-jumbo\\\/#primaryimage\"},\"thumbnailUrl\":\"https:\\\/\\\/i0.wp.com\\\/touchproeurope.eu\\\/wp-content\\\/uploads\\\/2023\\\/11\\\/8054650747_45fbb3d3cd_c-1.jpg?fit=800%2C800&ssl=1\",\"datePublished\":\"2023-11-09T16:01:00+00:00\",\"dateModified\":\"2026-03-07T18:21:30+00:00\",\"description\":\"Ontdek ultiem comfort met onze Jumbo bolster - perfect voor ondersteuning van knie\u00ebn en enkels. Kies uit diverse kleuren. Bestel nu voor luxe ontspanning!\",\"breadcrumb\":{\"@id\":\"https:\\\/\\\/touchproeurope.eu\\\/product\\\/bolster-half-rond-jumbo\\\/#breadcrumb\"},\"inLanguage\":\"es\",\"potentialAction\":[{\"@type\":\"ReadAction\",\"target\":[\"https:\\\/\\\/touchproeurope.eu\\\/product\\\/bolster-half-rond-jumbo\\\/\"]}]},{\"@type\":\"ImageObject\",\"inLanguage\":\"es\",\"@id\":\"https:\\\/\\\/touchproeurope.eu\\\/product\\\/bolster-half-rond-jumbo\\\/#primaryimage\",\"url\":\"https:\\\/\\\/i0.wp.com\\\/touchproeurope.eu\\\/wp-content\\\/uploads\\\/2023\\\/11\\\/8054650747_45fbb3d3cd_c-1.jpg?fit=800%2C800&ssl=1\",\"contentUrl\":\"https:\\\/\\\/i0.wp.com\\\/touchproeurope.eu\\\/wp-content\\\/uploads\\\/2023\\\/11\\\/8054650747_45fbb3d3cd_c-1.jpg?fit=800%2C800&ssl=1\",\"width\":800,\"height\":800,\"caption\":\"Earthlite half ronde bolster jumbo vanille creme\"},{\"@type\":\"BreadcrumbList\",\"@id\":\"https:\\\/\\\/touchproeurope.eu\\\/product\\\/bolster-half-rond-jumbo\\\/#breadcrumb\",\"itemListElement\":[{\"@type\":\"ListItem\",\"position\":1,\"name\":\"Home\",\"item\":\"https:\\\/\\\/touchproeurope.eu\\\/\"},{\"@type\":\"ListItem\",\"position\":2,\"name\":\"Winkel\",\"item\":\"https:\\\/\\\/touchproeurope.eu\\\/winkel\\\/\"},{\"@type\":\"ListItem\",\"position\":3,\"name\":\"Earthlite Bolster half rond jumbo\"}]},{\"@type\":\"WebSite\",\"@id\":\"https:\\\/\\\/touchproeurope.eu\\\/#website\",\"url\":\"https:\\\/\\\/touchproeurope.eu\\\/\",\"name\":\"TouchPro Europe Shop\",\"description\":\"Alles voor jouw praktijk met een PROfessionele Touch!\",\"publisher\":{\"@id\":\"https:\\\/\\\/touchproeurope.eu\\\/#organization\"},\"alternateName\":\"TPE\",\"potentialAction\":[{\"@type\":\"SearchAction\",\"target\":{\"@type\":\"EntryPoint\",\"urlTemplate\":\"https:\\\/\\\/touchproeurope.eu\\\/?s={search_term_string}\"},\"query-input\":{\"@type\":\"PropertyValueSpecification\",\"valueRequired\":true,\"valueName\":\"search_term_string\"}}],\"inLanguage\":\"es\"},{\"@type\":\"Organization\",\"@id\":\"https:\\\/\\\/touchproeurope.eu\\\/#organization\",\"name\":\"TouchPro Europe BV\",\"alternateName\":\"TPE\",\"url\":\"https:\\\/\\\/touchproeurope.eu\\\/\",\"logo\":{\"@type\":\"ImageObject\",\"inLanguage\":\"es\",\"@id\":\"https:\\\/\\\/touchproeurope.eu\\\/#\\\/schema\\\/logo\\\/image\\\/\",\"url\":\"https:\\\/\\\/i0.wp.com\\\/touchproeurope.eu\\\/wp-content\\\/uploads\\\/2023\\\/10\\\/2b592c_b6944d80811246d987cc2c29accedf3f.png?fit=1417%2C531&ssl=1\",\"contentUrl\":\"https:\\\/\\\/i0.wp.com\\\/touchproeurope.eu\\\/wp-content\\\/uploads\\\/2023\\\/10\\\/2b592c_b6944d80811246d987cc2c29accedf3f.png?fit=1417%2C531&ssl=1\",\"width\":1417,\"height\":531,\"caption\":\"TouchPro Europe BV\"},\"image\":{\"@id\":\"https:\\\/\\\/touchproeurope.eu\\\/#\\\/schema\\\/logo\\\/image\\\/\"},\"sameAs\":[\"https:\\\/\\\/www.facebook.com\\\/TouchproNederland\\\/?locale=nl_NL\\\/\",\"https:\\\/\\\/www.instagram.com\\\/touchpro2016\\\/\",\"https:\\\/\\\/www.linkedin.com\\\/company\\\/touchpro-europe-bv\\\/\"],\"description\":\"TouchPro Europe Shop is de massage winkel van Europa. Wij verkopen topkwaliteit massageproducten aan masseurs, pedicures, fysiotherapeuten, manicuren, Wellness centra, opleidingen, etc. TouchPro begon als een kleine webshop in Nederland, maar is nu uitgegroeid tot een webshop met klanten uit heel Europa. Wij bieden een breed assortiment aan massageproducten, waaronder massagetafels, oli\u00ebn, cr\u00e8mes, en accessoires van topmerken, zoals Earthlite, Stronglite en InnerStrenght, Habys, Living Earth Crafts en Continuum en andere leveranciers van massage accessoires. Bestel hier de beste massagematerialen van Europa!\",\"email\":\"info@touchpro-europe.com\",\"telephone\":\"0858768829\",\"legalName\":\"TouchPro Europe BV\",\"foundingDate\":\"2018-01-11\",\"vatID\":\"NL855430151B01\",\"numberOfEmployees\":{\"@type\":\"QuantitativeValue\",\"minValue\":\"1\",\"maxValue\":\"10\"},\"hasMerchantReturnPolicy\":{\"@type\":\"MerchantReturnPolicy\",\"merchantReturnLink\":\"https:\\\/\\\/touchproeurope.eu\\\/es\\\/retourbeleid\\\/\"}}]}<\/script>\n<meta property=\"og:availability\" content=\"instock\" \/>\n<meta property=\"product:availability\" content=\"instock\" \/>\n<meta property=\"product:retailer_item_id\" content=\"35500\" \/>\n<meta property=\"product:condition\" content=\"new\" \/>\n<!-- \/ Yoast SEO Premium plugin. -->","yoast_head_json":{"title":"Earthlite Bolster media ca\u00f1a jumbo - Tienda TouchPro Europe","description":"Descubra el m\u00e1ximo confort con nuestro coj\u00edn Jumbo, perfecto para apoyar rodillas y tobillos. Elija entre una gran variedad de colores. P\u00eddalo ahora y disfrute de una relajaci\u00f3n de lujo.","robots":{"index":"index","follow":"follow","max-snippet":"max-snippet:-1","max-image-preview":"max-image-preview:large","max-video-preview":"max-video-preview:-1"},"canonical":"https:\/\/touchproeurope.eu\/es\/product\/bolster-media-cana-jumbo\/","og_locale":"es_ES","og_type":"article","og_title":"Earthlite Bolster half rond jumbo","og_description":"Ontdek ultiem comfort met onze Jumbo bolster - perfect voor ondersteuning van knie\u00ebn en enkels. Kies uit diverse kleuren. Bestel nu voor luxe ontspanning!","og_url":"https:\/\/touchproeurope.eu\/es\/product\/bolster-media-cana-jumbo\/","og_site_name":"TouchPro Europe Shop","article_publisher":"https:\/\/www.facebook.com\/TouchproNederland\/?locale=nl_NL%2f","article_modified_time":"2026-03-07T18:21:30+00:00","og_image":[{"width":800,"height":800,"url":"https:\/\/touchproeurope.eu\/wp-content\/uploads\/2023\/11\/8054650747_45fbb3d3cd_c-1.jpg","type":"image\/jpeg"}],"twitter_card":"summary_large_image","twitter_misc":{"Disponibilidad":"Disponible"},"schema":{"@context":"https:\/\/schema.org","@graph":[{"@type":"WebPage","@id":"https:\/\/touchproeurope.eu\/product\/bolster-half-rond-jumbo\/","url":"https:\/\/touchproeurope.eu\/product\/bolster-half-rond-jumbo\/","name":"Earthlite Bolster media ca\u00f1a jumbo - Tienda TouchPro Europe","isPartOf":{"@id":"https:\/\/touchproeurope.eu\/#website"},"primaryImageOfPage":{"@id":"https:\/\/touchproeurope.eu\/product\/bolster-half-rond-jumbo\/#primaryimage"},"image":{"@id":"https:\/\/touchproeurope.eu\/product\/bolster-half-rond-jumbo\/#primaryimage"},"thumbnailUrl":"https:\/\/i0.wp.com\/touchproeurope.eu\/wp-content\/uploads\/2023\/11\/8054650747_45fbb3d3cd_c-1.jpg?fit=800%2C800&ssl=1","datePublished":"2023-11-09T16:01:00+00:00","dateModified":"2026-03-07T18:21:30+00:00","description":"Descubra el m\u00e1ximo confort con nuestro coj\u00edn Jumbo, perfecto para apoyar rodillas y tobillos. Elija entre una gran variedad de colores. P\u00eddalo ahora y disfrute de una relajaci\u00f3n de lujo.","breadcrumb":{"@id":"https:\/\/touchproeurope.eu\/product\/bolster-half-rond-jumbo\/#breadcrumb"},"inLanguage":"es","potentialAction":[{"@type":"ReadAction","target":["https:\/\/touchproeurope.eu\/product\/bolster-half-rond-jumbo\/"]}]},{"@type":"ImageObject","inLanguage":"es","@id":"https:\/\/touchproeurope.eu\/product\/bolster-half-rond-jumbo\/#primaryimage","url":"https:\/\/i0.wp.com\/touchproeurope.eu\/wp-content\/uploads\/2023\/11\/8054650747_45fbb3d3cd_c-1.jpg?fit=800%2C800&ssl=1","contentUrl":"https:\/\/i0.wp.com\/touchproeurope.eu\/wp-content\/uploads\/2023\/11\/8054650747_45fbb3d3cd_c-1.jpg?fit=800%2C800&ssl=1","width":800,"height":800,"caption":"Earthlite half ronde bolster jumbo vanille creme"},{"@type":"BreadcrumbList","@id":"https:\/\/touchproeurope.eu\/product\/bolster-half-rond-jumbo\/#breadcrumb","itemListElement":[{"@type":"ListItem","position":1,"name":"Home","item":"https:\/\/touchproeurope.eu\/"},{"@type":"ListItem","position":2,"name":"Winkel","item":"https:\/\/touchproeurope.eu\/winkel\/"},{"@type":"ListItem","position":3,"name":"Earthlite Bolster half rond jumbo"}]},{"@type":"WebSite","@id":"https:\/\/touchproeurope.eu\/#website","url":"https:\/\/touchproeurope.eu\/","name":"Tienda TouchPro Europe","description":"\u00a1Todo para su consulta con un toque PROfesional!","publisher":{"@id":"https:\/\/touchproeurope.eu\/#organization"},"alternateName":"TPE","potentialAction":[{"@type":"SearchAction","target":{"@type":"EntryPoint","urlTemplate":"https:\/\/touchproeurope.eu\/?s={search_term_string}"},"query-input":{"@type":"PropertyValueSpecification","valueRequired":true,"valueName":"search_term_string"}}],"inLanguage":"es"},{"@type":"Organization","@id":"https:\/\/touchproeurope.eu\/#organization","name":"TouchPro Europe BV","alternateName":"TPE","url":"https:\/\/touchproeurope.eu\/","logo":{"@type":"ImageObject","inLanguage":"es","@id":"https:\/\/touchproeurope.eu\/#\/schema\/logo\/image\/","url":"https:\/\/i0.wp.com\/touchproeurope.eu\/wp-content\/uploads\/2023\/10\/2b592c_b6944d80811246d987cc2c29accedf3f.png?fit=1417%2C531&ssl=1","contentUrl":"https:\/\/i0.wp.com\/touchproeurope.eu\/wp-content\/uploads\/2023\/10\/2b592c_b6944d80811246d987cc2c29accedf3f.png?fit=1417%2C531&ssl=1","width":1417,"height":531,"caption":"TouchPro Europe BV"},"image":{"@id":"https:\/\/touchproeurope.eu\/#\/schema\/logo\/image\/"},"sameAs":["https:\/\/www.facebook.com\/TouchproNederland\/?locale=nl_NL\/","https:\/\/www.instagram.com\/touchpro2016\/","https:\/\/www.linkedin.com\/company\/touchpro-europe-bv\/"],"description":"TouchPro Europe Shop es la tienda de masajes de Europa. Vendemos productos de masaje de primera calidad a masajistas, pedicuras, fisioterapeutas, manicuras, centros de bienestar, cursos de formaci\u00f3n, etc. TouchPro comenz\u00f3 como una peque\u00f1a tienda en los Pa\u00edses Bajos, pero ahora se ha convertido en una tienda con clientes de toda Europa. Ofrecemos una amplia gama de productos de masaje, incluyendo camillas de masaje, aceites, cremas y accesorios de las mejores marcas como Earthlite, Stronglite e InnerStrenght, Habys, Living Earth Crafts y Continuum y otros proveedores de accesorios de masaje. Pida aqu\u00ed los mejores art\u00edculos de masaje de Europa.","email":"info@touchpro-europe.com","telephone":"0858768829","legalName":"TouchPro Europe BV","foundingDate":"2018-01-11","vatID":"NL855430151B01","numberOfEmployees":{"@type":"QuantitativeValue","minValue":"1","maxValue":"10"},"hasMerchantReturnPolicy":{"@type":"MerchantReturnPolicy","merchantReturnLink":"https:\/\/touchproeurope.eu\/es\/retourbeleid\/"}}]},"og_availability":"instock","product_availability":"instock","product_retailer_item_id":"35500","product_condition":"new"},"_links":{"self":[{"href":"https:\/\/touchproeurope.eu\/es\/wp-json\/wp\/v2\/product\/2997","targetHints":{"allow":["GET"]}}],"collection":[{"href":"https:\/\/touchproeurope.eu\/es\/wp-json\/wp\/v2\/product"}],"about":[{"href":"https:\/\/touchproeurope.eu\/es\/wp-json\/wp\/v2\/types\/product"}],"replies":[{"embeddable":true,"href":"https:\/\/touchproeurope.eu\/es\/wp-json\/wp\/v2\/comments?post=2997"}],"version-history":[{"count":5,"href":"https:\/\/touchproeurope.eu\/es\/wp-json\/wp\/v2\/product\/2997\/revisions"}],"predecessor-version":[{"id":6449,"href":"https:\/\/touchproeurope.eu\/es\/wp-json\/wp\/v2\/product\/2997\/revisions\/6449"}],"wp:featuredmedia":[{"embeddable":true,"href":"https:\/\/touchproeurope.eu\/es\/wp-json\/wp\/v2\/media\/4665"}],"wp:attachment":[{"href":"https:\/\/touchproeurope.eu\/es\/wp-json\/wp\/v2\/media?parent=2997"}],"wp:term":[{"taxonomy":"product_brand","embeddable":true,"href":"https:\/\/touchproeurope.eu\/es\/wp-json\/wp\/v2\/product_brand?post=2997"},{"taxonomy":"product_cat","embeddable":true,"href":"https:\/\/touchproeurope.eu\/es\/wp-json\/wp\/v2\/product_cat?post=2997"},{"taxonomy":"product_tag","embeddable":true,"href":"https:\/\/touchproeurope.eu\/es\/wp-json\/wp\/v2\/product_tag?post=2997"}],"curies":[{"name":"wp","href":"https:\/\/api.w.org\/{rel}","templated":true}]}}