{"id":3015,"date":"2023-11-09T16:01:32","date_gmt":"2023-11-09T16:01:32","guid":{"rendered":"https:\/\/touchproeurope.eu\/?post_type=product&#038;p=3015"},"modified":"2026-04-16T16:02:02","modified_gmt":"2026-04-16T16:02:02","slug":"taburete-de-masaje-plegable-earthlite","status":"publish","type":"product","link":"https:\/\/touchproeurope.eu\/es\/product\/earthlite-opvouwbare-massagekruk\/","title":{"rendered":"Taburete de masaje plegable Earthlite"},"content":{"rendered":"<p>Descubra la m\u00e1xima comodidad con nuestro taburete de masaje plegable Earthlite, dise\u00f1ado para adaptarse perfectamente a sus necesidades. Tanto si es un masajista profesional como si simplemente disfruta de masajes relajantes en casa, estos taburetes llevar\u00e1n su experiencia al siguiente nivel.<\/p>\n<p>Con unas medidas de 33 x 33 x 48 cm, nuestros taburetes ofrecen el equilibrio ideal entre portabilidad y estabilidad. El asiento descansa sobre robustas patas de madera, lo que le garantiza un apoyo s\u00f3lido en cada sesi\u00f3n.<\/p>\n<p>La comodidad es lo primero: los taburetes se pliegan f\u00e1cilmente hasta alcanzar un tama\u00f1o manejable. Lo que permite llevarlos a cualquier parte sin esfuerzo. Tanto si va de casa al spa como si necesita un asiento extra, estos taburetes son su compa\u00f1ero de confianza.<\/p>\n<p>Experimente la facilidad, comodidad y estilo que ofrece nuestro taburete de masaje plegable Earthlite. \u00a1Mejore sus sesiones de masaje hoy mismo!<\/p>","protected":false},"excerpt":{"rendered":"<p><strong>Taburete de masaje plegable Earthlite: <\/strong><\/p>\n<p>Con un generoso tablero de 33 x 33 cm y una altura de 48 cm, nuestros taburetes no s\u00f3lo proporcionan un c\u00f3modo asiento, sino que adem\u00e1s complementan a la perfecci\u00f3n su camilla de masaje. Su portabilidad es a\u00fan mayor, ya que pesan menos de 3 kg.<\/p>\n<p>Este taburete plegable s\u00f3lo puede entregarse bajo pedido. El plazo de entrega es de 3 a 6 semanas.<\/p>","protected":false},"featured_media":4108,"comment_status":"open","ping_status":"closed","template":"","meta":[],"product_brand":[343],"product_cat":[112],"product_tag":[85,146,147],"class_list":{"0":"post-3015","1":"product","2":"type-product","3":"status-publish","4":"has-post-thumbnail","6":"product_brand-earthlite","7":"product_cat-massagekrukken","8":"product_tag-earthlite","9":"product_tag-massagekruk","10":"product_tag-opvouwbaar","11":"product_shipping_class-klein-pakket","13":"first","14":"instock","15":"taxable","16":"shipping-taxable","17":"purchasable","18":"product-type-variable"},"yoast_head":"<!-- This site is optimized with the Yoast SEO Premium plugin v27.4 (Yoast SEO v27.4) - https:\/\/yoast.com\/product\/yoast-seo-premium-wordpress\/ -->\n<title>Earthlite opvouwbare massagekruk - TouchPro Europe Shop<\/title>\n<meta name=\"description\" content=\"Ontdek het ultieme comfort met onze Earthlite opvouwbare massagekruk, ontworpen om perfect aan te sluiten bij jouw behoeften. Bestel op TouchPro Europe Shop\" \/>\n<meta name=\"robots\" content=\"index, follow, max-snippet:-1, max-image-preview:large, max-video-preview:-1\" \/>\n<link rel=\"canonical\" href=\"https:\/\/touchproeurope.eu\/es\/product\/taburete-de-masaje-plegable-earthlite\/\" \/>\n<meta property=\"og:locale\" content=\"es_ES\" \/>\n<meta property=\"og:type\" content=\"article\" \/>\n<meta property=\"og:title\" content=\"Earthlite opvouwbare massagekruk\" \/>\n<meta property=\"og:description\" content=\"Ontdek het ultieme comfort met onze Earthlite opvouwbare massagekruk, ontworpen om perfect aan te sluiten bij jouw behoeften. Bestel op TouchPro Europe Shop\" \/>\n<meta property=\"og:url\" content=\"https:\/\/touchproeurope.eu\/es\/product\/taburete-de-masaje-plegable-earthlite\/\" \/>\n<meta property=\"og:site_name\" content=\"TouchPro Europe Shop\" \/>\n<meta property=\"article:publisher\" content=\"https:\/\/www.facebook.com\/TouchproNederland\/?locale=nl_NL%2f\" \/>\n<meta property=\"article:modified_time\" content=\"2026-04-16T16:02:02+00:00\" \/>\n<meta property=\"og:image\" content=\"https:\/\/touchproeurope.eu\/wp-content\/uploads\/2023\/11\/Earthlite-opvouwbare-massagekruk-Vanille-Creme.jpg\" \/>\n\t<meta property=\"og:image:width\" content=\"800\" \/>\n\t<meta property=\"og:image:height\" content=\"800\" \/>\n\t<meta property=\"og:image:type\" content=\"image\/jpeg\" \/>\n<meta name=\"twitter:card\" content=\"summary_large_image\" \/>\n<meta name=\"twitter:label1\" content=\"Disponibilidad\" \/>\n\t<meta name=\"twitter:data1\" content=\"Disponible\" \/>\n<script type=\"application\/ld+json\" class=\"yoast-schema-graph\">{\"@context\":\"https:\\\/\\\/schema.org\",\"@graph\":[{\"@type\":\"WebPage\",\"@id\":\"https:\\\/\\\/touchproeurope.eu\\\/product\\\/earthlite-opvouwbare-massagekruk\\\/\",\"url\":\"https:\\\/\\\/touchproeurope.eu\\\/product\\\/earthlite-opvouwbare-massagekruk\\\/\",\"name\":\"Earthlite opvouwbare massagekruk - TouchPro Europe Shop\",\"isPartOf\":{\"@id\":\"https:\\\/\\\/touchproeurope.eu\\\/#website\"},\"primaryImageOfPage\":{\"@id\":\"https:\\\/\\\/touchproeurope.eu\\\/product\\\/earthlite-opvouwbare-massagekruk\\\/#primaryimage\"},\"image\":{\"@id\":\"https:\\\/\\\/touchproeurope.eu\\\/product\\\/earthlite-opvouwbare-massagekruk\\\/#primaryimage\"},\"thumbnailUrl\":\"https:\\\/\\\/i0.wp.com\\\/touchproeurope.eu\\\/wp-content\\\/uploads\\\/2023\\\/11\\\/Earthlite-opvouwbare-massagekruk-Vanille-Creme.jpg?fit=800%2C800&ssl=1\",\"datePublished\":\"2023-11-09T16:01:32+00:00\",\"dateModified\":\"2026-04-16T16:02:02+00:00\",\"description\":\"Ontdek het ultieme comfort met onze Earthlite opvouwbare massagekruk, ontworpen om perfect aan te sluiten bij jouw behoeften. Bestel op TouchPro Europe Shop\",\"breadcrumb\":{\"@id\":\"https:\\\/\\\/touchproeurope.eu\\\/product\\\/earthlite-opvouwbare-massagekruk\\\/#breadcrumb\"},\"inLanguage\":\"es\",\"potentialAction\":[{\"@type\":\"ReadAction\",\"target\":[\"https:\\\/\\\/touchproeurope.eu\\\/product\\\/earthlite-opvouwbare-massagekruk\\\/\"]}]},{\"@type\":\"ImageObject\",\"inLanguage\":\"es\",\"@id\":\"https:\\\/\\\/touchproeurope.eu\\\/product\\\/earthlite-opvouwbare-massagekruk\\\/#primaryimage\",\"url\":\"https:\\\/\\\/i0.wp.com\\\/touchproeurope.eu\\\/wp-content\\\/uploads\\\/2023\\\/11\\\/Earthlite-opvouwbare-massagekruk-Vanille-Creme.jpg?fit=800%2C800&ssl=1\",\"contentUrl\":\"https:\\\/\\\/i0.wp.com\\\/touchproeurope.eu\\\/wp-content\\\/uploads\\\/2023\\\/11\\\/Earthlite-opvouwbare-massagekruk-Vanille-Creme.jpg?fit=800%2C800&ssl=1\",\"width\":800,\"height\":800,\"caption\":\"Earthlite opvouwbare massagekruk Vanille Creme\"},{\"@type\":\"BreadcrumbList\",\"@id\":\"https:\\\/\\\/touchproeurope.eu\\\/product\\\/earthlite-opvouwbare-massagekruk\\\/#breadcrumb\",\"itemListElement\":[{\"@type\":\"ListItem\",\"position\":1,\"name\":\"Home\",\"item\":\"https:\\\/\\\/touchproeurope.eu\\\/\"},{\"@type\":\"ListItem\",\"position\":2,\"name\":\"Winkel\",\"item\":\"https:\\\/\\\/touchproeurope.eu\\\/winkel\\\/\"},{\"@type\":\"ListItem\",\"position\":3,\"name\":\"Earthlite opvouwbare massagekruk\"}]},{\"@type\":\"WebSite\",\"@id\":\"https:\\\/\\\/touchproeurope.eu\\\/#website\",\"url\":\"https:\\\/\\\/touchproeurope.eu\\\/\",\"name\":\"TouchPro Europe Shop\",\"description\":\"Alles voor jouw praktijk met een PROfessionele Touch!\",\"publisher\":{\"@id\":\"https:\\\/\\\/touchproeurope.eu\\\/#organization\"},\"alternateName\":\"TPE\",\"potentialAction\":[{\"@type\":\"SearchAction\",\"target\":{\"@type\":\"EntryPoint\",\"urlTemplate\":\"https:\\\/\\\/touchproeurope.eu\\\/?s={search_term_string}\"},\"query-input\":{\"@type\":\"PropertyValueSpecification\",\"valueRequired\":true,\"valueName\":\"search_term_string\"}}],\"inLanguage\":\"es\"},{\"@type\":\"Organization\",\"@id\":\"https:\\\/\\\/touchproeurope.eu\\\/#organization\",\"name\":\"TouchPro Europe BV\",\"alternateName\":\"TPE\",\"url\":\"https:\\\/\\\/touchproeurope.eu\\\/\",\"logo\":{\"@type\":\"ImageObject\",\"inLanguage\":\"es\",\"@id\":\"https:\\\/\\\/touchproeurope.eu\\\/#\\\/schema\\\/logo\\\/image\\\/\",\"url\":\"https:\\\/\\\/i0.wp.com\\\/touchproeurope.eu\\\/wp-content\\\/uploads\\\/2023\\\/10\\\/2b592c_b6944d80811246d987cc2c29accedf3f.png?fit=1417%2C531&ssl=1\",\"contentUrl\":\"https:\\\/\\\/i0.wp.com\\\/touchproeurope.eu\\\/wp-content\\\/uploads\\\/2023\\\/10\\\/2b592c_b6944d80811246d987cc2c29accedf3f.png?fit=1417%2C531&ssl=1\",\"width\":1417,\"height\":531,\"caption\":\"TouchPro Europe BV\"},\"image\":{\"@id\":\"https:\\\/\\\/touchproeurope.eu\\\/#\\\/schema\\\/logo\\\/image\\\/\"},\"sameAs\":[\"https:\\\/\\\/www.facebook.com\\\/TouchproNederland\\\/?locale=nl_NL\\\/\",\"https:\\\/\\\/www.instagram.com\\\/touchpro2016\\\/\",\"https:\\\/\\\/www.linkedin.com\\\/company\\\/touchpro-europe-bv\\\/\"],\"description\":\"TouchPro Europe Shop is de massage winkel van Europa. Wij verkopen topkwaliteit massageproducten aan masseurs, pedicures, fysiotherapeuten, manicuren, Wellness centra, opleidingen, etc. TouchPro begon als een kleine webshop in Nederland, maar is nu uitgegroeid tot een webshop met klanten uit heel Europa. Wij bieden een breed assortiment aan massageproducten, waaronder massagetafels, oli\u00ebn, cr\u00e8mes, en accessoires van topmerken, zoals Earthlite, Stronglite en InnerStrenght, Habys, Living Earth Crafts en Continuum en andere leveranciers van massage accessoires. Bestel hier de beste massagematerialen van Europa!\",\"email\":\"info@touchpro-europe.com\",\"telephone\":\"0858768829\",\"legalName\":\"TouchPro Europe BV\",\"foundingDate\":\"2018-01-11\",\"vatID\":\"NL855430151B01\",\"numberOfEmployees\":{\"@type\":\"QuantitativeValue\",\"minValue\":\"1\",\"maxValue\":\"10\"},\"hasMerchantReturnPolicy\":{\"@type\":\"MerchantReturnPolicy\",\"merchantReturnLink\":\"https:\\\/\\\/touchproeurope.eu\\\/es\\\/retourbeleid\\\/\"}}]}<\/script>\n<meta property=\"og:availability\" content=\"instock\" \/>\n<meta property=\"product:availability\" content=\"instock\" \/>\n<meta property=\"product:retailer_item_id\" content=\"37000\" \/>\n<meta property=\"product:condition\" content=\"new\" \/>\n<!-- \/ Yoast SEO Premium plugin. -->","yoast_head_json":{"title":"Taburete de masaje plegable Earthlite - Tienda TouchPro Europe","description":"Descubra la m\u00e1xima comodidad con nuestro taburete de masaje plegable Earthlite, dise\u00f1ado para adaptarse perfectamente a sus necesidades. Haga su pedido en la tienda TouchPro Europe","robots":{"index":"index","follow":"follow","max-snippet":"max-snippet:-1","max-image-preview":"max-image-preview:large","max-video-preview":"max-video-preview:-1"},"canonical":"https:\/\/touchproeurope.eu\/es\/product\/taburete-de-masaje-plegable-earthlite\/","og_locale":"es_ES","og_type":"article","og_title":"Earthlite opvouwbare massagekruk","og_description":"Ontdek het ultieme comfort met onze Earthlite opvouwbare massagekruk, ontworpen om perfect aan te sluiten bij jouw behoeften. Bestel op TouchPro Europe Shop","og_url":"https:\/\/touchproeurope.eu\/es\/product\/taburete-de-masaje-plegable-earthlite\/","og_site_name":"TouchPro Europe Shop","article_publisher":"https:\/\/www.facebook.com\/TouchproNederland\/?locale=nl_NL%2f","article_modified_time":"2026-04-16T16:02:02+00:00","og_image":[{"width":800,"height":800,"url":"https:\/\/touchproeurope.eu\/wp-content\/uploads\/2023\/11\/Earthlite-opvouwbare-massagekruk-Vanille-Creme.jpg","type":"image\/jpeg"}],"twitter_card":"summary_large_image","twitter_misc":{"Disponibilidad":"Disponible"},"schema":{"@context":"https:\/\/schema.org","@graph":[{"@type":"WebPage","@id":"https:\/\/touchproeurope.eu\/product\/earthlite-opvouwbare-massagekruk\/","url":"https:\/\/touchproeurope.eu\/product\/earthlite-opvouwbare-massagekruk\/","name":"Taburete de masaje plegable Earthlite - Tienda TouchPro Europe","isPartOf":{"@id":"https:\/\/touchproeurope.eu\/#website"},"primaryImageOfPage":{"@id":"https:\/\/touchproeurope.eu\/product\/earthlite-opvouwbare-massagekruk\/#primaryimage"},"image":{"@id":"https:\/\/touchproeurope.eu\/product\/earthlite-opvouwbare-massagekruk\/#primaryimage"},"thumbnailUrl":"https:\/\/i0.wp.com\/touchproeurope.eu\/wp-content\/uploads\/2023\/11\/Earthlite-opvouwbare-massagekruk-Vanille-Creme.jpg?fit=800%2C800&ssl=1","datePublished":"2023-11-09T16:01:32+00:00","dateModified":"2026-04-16T16:02:02+00:00","description":"Descubra la m\u00e1xima comodidad con nuestro taburete de masaje plegable Earthlite, dise\u00f1ado para adaptarse perfectamente a sus necesidades. Haga su pedido en la tienda TouchPro Europe","breadcrumb":{"@id":"https:\/\/touchproeurope.eu\/product\/earthlite-opvouwbare-massagekruk\/#breadcrumb"},"inLanguage":"es","potentialAction":[{"@type":"ReadAction","target":["https:\/\/touchproeurope.eu\/product\/earthlite-opvouwbare-massagekruk\/"]}]},{"@type":"ImageObject","inLanguage":"es","@id":"https:\/\/touchproeurope.eu\/product\/earthlite-opvouwbare-massagekruk\/#primaryimage","url":"https:\/\/i0.wp.com\/touchproeurope.eu\/wp-content\/uploads\/2023\/11\/Earthlite-opvouwbare-massagekruk-Vanille-Creme.jpg?fit=800%2C800&ssl=1","contentUrl":"https:\/\/i0.wp.com\/touchproeurope.eu\/wp-content\/uploads\/2023\/11\/Earthlite-opvouwbare-massagekruk-Vanille-Creme.jpg?fit=800%2C800&ssl=1","width":800,"height":800,"caption":"Earthlite opvouwbare massagekruk Vanille Creme"},{"@type":"BreadcrumbList","@id":"https:\/\/touchproeurope.eu\/product\/earthlite-opvouwbare-massagekruk\/#breadcrumb","itemListElement":[{"@type":"ListItem","position":1,"name":"Home","item":"https:\/\/touchproeurope.eu\/"},{"@type":"ListItem","position":2,"name":"Winkel","item":"https:\/\/touchproeurope.eu\/winkel\/"},{"@type":"ListItem","position":3,"name":"Earthlite opvouwbare massagekruk"}]},{"@type":"WebSite","@id":"https:\/\/touchproeurope.eu\/#website","url":"https:\/\/touchproeurope.eu\/","name":"Tienda TouchPro Europe","description":"\u00a1Todo para su consulta con un toque PROfesional!","publisher":{"@id":"https:\/\/touchproeurope.eu\/#organization"},"alternateName":"TPE","potentialAction":[{"@type":"SearchAction","target":{"@type":"EntryPoint","urlTemplate":"https:\/\/touchproeurope.eu\/?s={search_term_string}"},"query-input":{"@type":"PropertyValueSpecification","valueRequired":true,"valueName":"search_term_string"}}],"inLanguage":"es"},{"@type":"Organization","@id":"https:\/\/touchproeurope.eu\/#organization","name":"TouchPro Europe BV","alternateName":"TPE","url":"https:\/\/touchproeurope.eu\/","logo":{"@type":"ImageObject","inLanguage":"es","@id":"https:\/\/touchproeurope.eu\/#\/schema\/logo\/image\/","url":"https:\/\/i0.wp.com\/touchproeurope.eu\/wp-content\/uploads\/2023\/10\/2b592c_b6944d80811246d987cc2c29accedf3f.png?fit=1417%2C531&ssl=1","contentUrl":"https:\/\/i0.wp.com\/touchproeurope.eu\/wp-content\/uploads\/2023\/10\/2b592c_b6944d80811246d987cc2c29accedf3f.png?fit=1417%2C531&ssl=1","width":1417,"height":531,"caption":"TouchPro Europe BV"},"image":{"@id":"https:\/\/touchproeurope.eu\/#\/schema\/logo\/image\/"},"sameAs":["https:\/\/www.facebook.com\/TouchproNederland\/?locale=nl_NL\/","https:\/\/www.instagram.com\/touchpro2016\/","https:\/\/www.linkedin.com\/company\/touchpro-europe-bv\/"],"description":"TouchPro Europe Shop es la tienda de masajes de Europa. Vendemos productos de masaje de primera calidad a masajistas, pedicuras, fisioterapeutas, manicuras, centros de bienestar, cursos de formaci\u00f3n, etc. TouchPro comenz\u00f3 como una peque\u00f1a tienda en los Pa\u00edses Bajos, pero ahora se ha convertido en una tienda con clientes de toda Europa. Ofrecemos una amplia gama de productos de masaje, incluyendo camillas de masaje, aceites, cremas y accesorios de las mejores marcas como Earthlite, Stronglite e InnerStrenght, Habys, Living Earth Crafts y Continuum y otros proveedores de accesorios de masaje. Pida aqu\u00ed los mejores art\u00edculos de masaje de Europa.","email":"info@touchpro-europe.com","telephone":"0858768829","legalName":"TouchPro Europe BV","foundingDate":"2018-01-11","vatID":"NL855430151B01","numberOfEmployees":{"@type":"QuantitativeValue","minValue":"1","maxValue":"10"},"hasMerchantReturnPolicy":{"@type":"MerchantReturnPolicy","merchantReturnLink":"https:\/\/touchproeurope.eu\/es\/retourbeleid\/"}}]},"og_availability":"instock","product_availability":"instock","product_retailer_item_id":"37000","product_condition":"new"},"_links":{"self":[{"href":"https:\/\/touchproeurope.eu\/es\/wp-json\/wp\/v2\/product\/3015","targetHints":{"allow":["GET"]}}],"collection":[{"href":"https:\/\/touchproeurope.eu\/es\/wp-json\/wp\/v2\/product"}],"about":[{"href":"https:\/\/touchproeurope.eu\/es\/wp-json\/wp\/v2\/types\/product"}],"replies":[{"embeddable":true,"href":"https:\/\/touchproeurope.eu\/es\/wp-json\/wp\/v2\/comments?post=3015"}],"version-history":[{"count":3,"href":"https:\/\/touchproeurope.eu\/es\/wp-json\/wp\/v2\/product\/3015\/revisions"}],"predecessor-version":[{"id":15082,"href":"https:\/\/touchproeurope.eu\/es\/wp-json\/wp\/v2\/product\/3015\/revisions\/15082"}],"wp:featuredmedia":[{"embeddable":true,"href":"https:\/\/touchproeurope.eu\/es\/wp-json\/wp\/v2\/media\/4108"}],"wp:attachment":[{"href":"https:\/\/touchproeurope.eu\/es\/wp-json\/wp\/v2\/media?parent=3015"}],"wp:term":[{"taxonomy":"product_brand","embeddable":true,"href":"https:\/\/touchproeurope.eu\/es\/wp-json\/wp\/v2\/product_brand?post=3015"},{"taxonomy":"product_cat","embeddable":true,"href":"https:\/\/touchproeurope.eu\/es\/wp-json\/wp\/v2\/product_cat?post=3015"},{"taxonomy":"product_tag","embeddable":true,"href":"https:\/\/touchproeurope.eu\/es\/wp-json\/wp\/v2\/product_tag?post=3015"}],"curies":[{"name":"wp","href":"https:\/\/api.w.org\/{rel}","templated":true}]}}