{"id":3031,"date":"2023-11-09T16:02:15","date_gmt":"2023-11-09T16:02:15","guid":{"rendered":"https:\/\/touchproeurope.eu\/?post_type=product&#038;p=3031"},"modified":"2026-04-22T09:41:40","modified_gmt":"2026-04-22T09:41:40","slug":"bolsa-de-transporte-earthlite","status":"publish","type":"product","link":"https:\/\/touchproeurope.eu\/es\/product\/earthlite-draagtas\/","title":{"rendered":"Bolsa de transporte Earthlite Professional para camilla de masaje (72 a 89 cm)"},"content":{"rendered":"<p>La bolsa de transporte profesional Earthlite para camillas de masaje est\u00e1 dise\u00f1ada para proporcionar una protecci\u00f3n \u00f3ptima a su camilla de masaje y, al mismo tiempo, hacer que el transporte sea lo m\u00e1s c\u00f3modo posible. Esta bolsa de transporte de alta calidad est\u00e1 especialmente dise\u00f1ada para camillas de masaje plegables de Earthlite y es adecuada para camillas con una anchura de 72 a 89 cm (28\u201d a 35\u201d).<\/p>\n<p>La bolsa de transporte est\u00e1 fabricada con nailon extremadamente resistente de 1800 deniers, lo que proporciona a su camilla de masaje una excelente protecci\u00f3n contra golpes, ara\u00f1azos y desgaste durante el transporte. La parte inferior reforzada y acolchada ofrece una protecci\u00f3n adicional al depositar y transportar la camilla, incluso durante un uso profesional intensivo.<\/p>\n<p>Para una m\u00e1xima comodidad de transporte, la bolsa est\u00e1 equipada con una correa acolchada para el hombro, que distribuye el peso uniformemente entre el hombro y el brazo. Adem\u00e1s, la bolsa cuenta con asas dobles y una correa de mano adicional, para que siempre pueda elegir el m\u00e9todo de transporte m\u00e1s c\u00f3modo, ideal para los terapeutas que se desplazan mucho.<\/p>\n<p>Adem\u00e1s de protecci\u00f3n, esta bolsa de transporte tambi\u00e9n ofrece un espacio excepcional para guardar accesorios. El gran bolsillo exterior y el bolsillo interior para accesorios son perfectos para transportar s\u00e1banas, calentadores de camilla, aceite de masaje, cremas y almohadillas. De este modo, no s\u00f3lo transportar\u00e1 su camilla de forma segura, sino tambi\u00e9n todo el material esencial para el tratamiento a la vez.<\/p>\n<p>Una soluci\u00f3n de transporte duradera, pr\u00e1ctica y profesional para los terapeutas que desean transportar sus equipos de forma segura, organizada y c\u00f3moda.<\/p>","protected":false},"excerpt":{"rendered":"<p>Bolsa de transporte profesional muy resistente para camillas de masaje Earthlite (72-89 cm). Fabricada en nailon 1800D con correa acolchada para el hombro, fondo reforzado y amplios compartimentos para accesorios.<\/p>","protected":false},"featured_media":16051,"comment_status":"open","ping_status":"closed","template":"","meta":[],"product_brand":[343],"product_cat":[102],"product_tag":[61,85,39],"class_list":{"0":"post-3031","1":"product","2":"type-product","3":"status-publish","4":"has-post-thumbnail","6":"product_brand-earthlite","7":"product_cat-draagtassen-en-kussens","8":"product_tag-draagtas","9":"product_tag-earthlite","10":"product_tag-massagetafel","11":"product_shipping_class-klein-pakket","12":"pa_merk-earthlite","14":"first","15":"onbackorder","16":"taxable","17":"shipping-taxable","18":"purchasable","19":"product-type-variable"},"yoast_head":"<!-- This site is optimized with the Yoast SEO Premium plugin v27.5 (Yoast SEO v27.5) - https:\/\/yoast.com\/product\/yoast-seo-premium-wordpress\/ -->\n<title>Earthlite Professionele draagtas voor massagetafel (72 tot 89 cm) - TouchPro Europe Shop<\/title>\n<meta name=\"description\" content=\"Bescherm je massagetafel met de Earthlite Professionele draagtas voor massagetafel. Geniet van comfort en stijl tijdens het vervoer!\" \/>\n<meta name=\"robots\" content=\"index, follow, max-snippet:-1, max-image-preview:large, max-video-preview:-1\" \/>\n<link rel=\"canonical\" href=\"https:\/\/touchproeurope.eu\/es\/product\/bolsa-de-transporte-earthlite\/\" \/>\n<meta property=\"og:locale\" content=\"es_ES\" \/>\n<meta property=\"og:type\" content=\"article\" \/>\n<meta property=\"og:title\" content=\"Earthlite Professionele draagtas voor massagetafel (72 tot 89 cm)\" \/>\n<meta property=\"og:description\" content=\"Bescherm je massagetafel met de Earthlite Professionele draagtas voor massagetafel. Geniet van comfort en stijl tijdens het vervoer!\" \/>\n<meta property=\"og:url\" content=\"https:\/\/touchproeurope.eu\/es\/product\/bolsa-de-transporte-earthlite\/\" \/>\n<meta property=\"og:site_name\" content=\"TouchPro Europe Shop\" \/>\n<meta property=\"article:publisher\" content=\"https:\/\/www.facebook.com\/TouchproNederland\/?locale=nl_NL%2f\" \/>\n<meta property=\"article:modified_time\" content=\"2026-04-22T09:41:40+00:00\" \/>\n<meta property=\"og:image\" content=\"https:\/\/touchproeurope.eu\/wp-content\/uploads\/2023\/11\/Basic_Carry_Case.webp\" \/>\n\t<meta property=\"og:image:width\" content=\"800\" \/>\n\t<meta property=\"og:image:height\" content=\"800\" \/>\n\t<meta property=\"og:image:type\" content=\"image\/webp\" \/>\n<meta name=\"twitter:card\" content=\"summary_large_image\" \/>\n<meta name=\"twitter:label1\" content=\"Disponibilidad\" \/>\n\t<meta name=\"twitter:data1\" content=\"Disponible para reservar\" \/>\n<script type=\"application\/ld+json\" class=\"yoast-schema-graph\">{\"@context\":\"https:\\\/\\\/schema.org\",\"@graph\":[{\"@type\":\"WebPage\",\"@id\":\"https:\\\/\\\/touchproeurope.eu\\\/product\\\/earthlite-draagtas\\\/\",\"url\":\"https:\\\/\\\/touchproeurope.eu\\\/product\\\/earthlite-draagtas\\\/\",\"name\":\"Earthlite Professionele draagtas voor massagetafel (72 tot 89 cm) - TouchPro Europe Shop\",\"isPartOf\":{\"@id\":\"https:\\\/\\\/touchproeurope.eu\\\/#website\"},\"primaryImageOfPage\":{\"@id\":\"https:\\\/\\\/touchproeurope.eu\\\/product\\\/earthlite-draagtas\\\/#primaryimage\"},\"image\":{\"@id\":\"https:\\\/\\\/touchproeurope.eu\\\/product\\\/earthlite-draagtas\\\/#primaryimage\"},\"thumbnailUrl\":\"https:\\\/\\\/i0.wp.com\\\/touchproeurope.eu\\\/wp-content\\\/uploads\\\/2023\\\/11\\\/Basic_Carry_Case.webp?fit=800%2C800&ssl=1\",\"datePublished\":\"2023-11-09T16:02:15+00:00\",\"dateModified\":\"2026-04-22T09:41:40+00:00\",\"description\":\"Bescherm je massagetafel met de Earthlite Professionele draagtas voor massagetafel. Geniet van comfort en stijl tijdens het vervoer!\",\"breadcrumb\":{\"@id\":\"https:\\\/\\\/touchproeurope.eu\\\/product\\\/earthlite-draagtas\\\/#breadcrumb\"},\"inLanguage\":\"es\",\"potentialAction\":[{\"@type\":\"ReadAction\",\"target\":[\"https:\\\/\\\/touchproeurope.eu\\\/product\\\/earthlite-draagtas\\\/\"]}]},{\"@type\":\"ImageObject\",\"inLanguage\":\"es\",\"@id\":\"https:\\\/\\\/touchproeurope.eu\\\/product\\\/earthlite-draagtas\\\/#primaryimage\",\"url\":\"https:\\\/\\\/i0.wp.com\\\/touchproeurope.eu\\\/wp-content\\\/uploads\\\/2023\\\/11\\\/Basic_Carry_Case.webp?fit=800%2C800&ssl=1\",\"contentUrl\":\"https:\\\/\\\/i0.wp.com\\\/touchproeurope.eu\\\/wp-content\\\/uploads\\\/2023\\\/11\\\/Basic_Carry_Case.webp?fit=800%2C800&ssl=1\",\"width\":800,\"height\":800,\"caption\":\"Earthlite Professionele draagtas voor massagetafel (72 tot 89 cm)\"},{\"@type\":\"BreadcrumbList\",\"@id\":\"https:\\\/\\\/touchproeurope.eu\\\/product\\\/earthlite-draagtas\\\/#breadcrumb\",\"itemListElement\":[{\"@type\":\"ListItem\",\"position\":1,\"name\":\"Home\",\"item\":\"https:\\\/\\\/touchproeurope.eu\\\/\"},{\"@type\":\"ListItem\",\"position\":2,\"name\":\"Winkel\",\"item\":\"https:\\\/\\\/touchproeurope.eu\\\/winkel\\\/\"},{\"@type\":\"ListItem\",\"position\":3,\"name\":\"Earthlite Professionele draagtas voor massagetafel (72 tot 89 cm)\"}]},{\"@type\":\"WebSite\",\"@id\":\"https:\\\/\\\/touchproeurope.eu\\\/#website\",\"url\":\"https:\\\/\\\/touchproeurope.eu\\\/\",\"name\":\"TouchPro Europe Shop\",\"description\":\"Alles voor jouw praktijk met een PROfessionele Touch!\",\"publisher\":{\"@id\":\"https:\\\/\\\/touchproeurope.eu\\\/#organization\"},\"alternateName\":\"TPE\",\"potentialAction\":[{\"@type\":\"SearchAction\",\"target\":{\"@type\":\"EntryPoint\",\"urlTemplate\":\"https:\\\/\\\/touchproeurope.eu\\\/?s={search_term_string}\"},\"query-input\":{\"@type\":\"PropertyValueSpecification\",\"valueRequired\":true,\"valueName\":\"search_term_string\"}}],\"inLanguage\":\"es\"},{\"@type\":\"Organization\",\"@id\":\"https:\\\/\\\/touchproeurope.eu\\\/#organization\",\"name\":\"TouchPro Europe BV\",\"alternateName\":\"TPE\",\"url\":\"https:\\\/\\\/touchproeurope.eu\\\/\",\"logo\":{\"@type\":\"ImageObject\",\"inLanguage\":\"es\",\"@id\":\"https:\\\/\\\/touchproeurope.eu\\\/#\\\/schema\\\/logo\\\/image\\\/\",\"url\":\"https:\\\/\\\/i0.wp.com\\\/touchproeurope.eu\\\/wp-content\\\/uploads\\\/2023\\\/10\\\/2b592c_b6944d80811246d987cc2c29accedf3f.png?fit=1417%2C531&ssl=1\",\"contentUrl\":\"https:\\\/\\\/i0.wp.com\\\/touchproeurope.eu\\\/wp-content\\\/uploads\\\/2023\\\/10\\\/2b592c_b6944d80811246d987cc2c29accedf3f.png?fit=1417%2C531&ssl=1\",\"width\":1417,\"height\":531,\"caption\":\"TouchPro Europe BV\"},\"image\":{\"@id\":\"https:\\\/\\\/touchproeurope.eu\\\/#\\\/schema\\\/logo\\\/image\\\/\"},\"sameAs\":[\"https:\\\/\\\/www.facebook.com\\\/TouchproNederland\\\/?locale=nl_NL\\\/\",\"https:\\\/\\\/www.instagram.com\\\/touchpro2016\\\/\",\"https:\\\/\\\/www.linkedin.com\\\/company\\\/touchpro-europe-bv\\\/\"],\"description\":\"TouchPro Europe Shop is de massage winkel van Europa. Wij verkopen topkwaliteit massageproducten aan masseurs, pedicures, fysiotherapeuten, manicuren, Wellness centra, opleidingen, etc. TouchPro begon als een kleine webshop in Nederland, maar is nu uitgegroeid tot een webshop met klanten uit heel Europa. Wij bieden een breed assortiment aan massageproducten, waaronder massagetafels, oli\u00ebn, cr\u00e8mes, en accessoires van topmerken, zoals Earthlite, Stronglite en InnerStrenght, Habys, Living Earth Crafts en Continuum en andere leveranciers van massage accessoires. Bestel hier de beste massagematerialen van Europa!\",\"email\":\"info@touchpro-europe.com\",\"telephone\":\"0858768829\",\"legalName\":\"TouchPro Europe BV\",\"foundingDate\":\"2018-01-11\",\"vatID\":\"NL855430151B01\",\"numberOfEmployees\":{\"@type\":\"QuantitativeValue\",\"minValue\":\"1\",\"maxValue\":\"10\"},\"hasMerchantReturnPolicy\":{\"@type\":\"MerchantReturnPolicy\",\"merchantReturnLink\":\"https:\\\/\\\/touchproeurope.eu\\\/es\\\/retourbeleid\\\/\"}}]}<\/script>\n<meta property=\"product:brand\" content=\"Earthlite\" \/>\n<meta property=\"og:availability\" content=\"backorder\" \/>\n<meta property=\"product:availability\" content=\"available for order\" \/>\n<meta property=\"product:retailer_item_id\" content=\"39000\" \/>\n<meta property=\"product:condition\" content=\"new\" \/>\n<!-- \/ Yoast SEO Premium plugin. -->","yoast_head_json":{"title":"Earthlite Bolsa de transporte profesional para camilla de masaje (72 a 89 cm) - Tienda TouchPro Europe","description":"Proteja su camilla de masaje con la bolsa de transporte Earthlite Professional para camilla de masaje. \u00a1Disfrute de comodidad y estilo durante el transporte!","robots":{"index":"index","follow":"follow","max-snippet":"max-snippet:-1","max-image-preview":"max-image-preview:large","max-video-preview":"max-video-preview:-1"},"canonical":"https:\/\/touchproeurope.eu\/es\/product\/bolsa-de-transporte-earthlite\/","og_locale":"es_ES","og_type":"article","og_title":"Earthlite Professionele draagtas voor massagetafel (72 tot 89 cm)","og_description":"Bescherm je massagetafel met de Earthlite Professionele draagtas voor massagetafel. Geniet van comfort en stijl tijdens het vervoer!","og_url":"https:\/\/touchproeurope.eu\/es\/product\/bolsa-de-transporte-earthlite\/","og_site_name":"TouchPro Europe Shop","article_publisher":"https:\/\/www.facebook.com\/TouchproNederland\/?locale=nl_NL%2f","article_modified_time":"2026-04-22T09:41:40+00:00","og_image":[{"width":800,"height":800,"url":"https:\/\/touchproeurope.eu\/wp-content\/uploads\/2023\/11\/Basic_Carry_Case.webp","type":"image\/webp"}],"twitter_card":"summary_large_image","twitter_misc":{"Disponibilidad":"Disponible para reservar"},"schema":{"@context":"https:\/\/schema.org","@graph":[{"@type":"WebPage","@id":"https:\/\/touchproeurope.eu\/product\/earthlite-draagtas\/","url":"https:\/\/touchproeurope.eu\/product\/earthlite-draagtas\/","name":"Earthlite Bolsa de transporte profesional para camilla de masaje (72 a 89 cm) - Tienda TouchPro Europe","isPartOf":{"@id":"https:\/\/touchproeurope.eu\/#website"},"primaryImageOfPage":{"@id":"https:\/\/touchproeurope.eu\/product\/earthlite-draagtas\/#primaryimage"},"image":{"@id":"https:\/\/touchproeurope.eu\/product\/earthlite-draagtas\/#primaryimage"},"thumbnailUrl":"https:\/\/i0.wp.com\/touchproeurope.eu\/wp-content\/uploads\/2023\/11\/Basic_Carry_Case.webp?fit=800%2C800&ssl=1","datePublished":"2023-11-09T16:02:15+00:00","dateModified":"2026-04-22T09:41:40+00:00","description":"Proteja su camilla de masaje con la bolsa de transporte Earthlite Professional para camilla de masaje. \u00a1Disfrute de comodidad y estilo durante el transporte!","breadcrumb":{"@id":"https:\/\/touchproeurope.eu\/product\/earthlite-draagtas\/#breadcrumb"},"inLanguage":"es","potentialAction":[{"@type":"ReadAction","target":["https:\/\/touchproeurope.eu\/product\/earthlite-draagtas\/"]}]},{"@type":"ImageObject","inLanguage":"es","@id":"https:\/\/touchproeurope.eu\/product\/earthlite-draagtas\/#primaryimage","url":"https:\/\/i0.wp.com\/touchproeurope.eu\/wp-content\/uploads\/2023\/11\/Basic_Carry_Case.webp?fit=800%2C800&ssl=1","contentUrl":"https:\/\/i0.wp.com\/touchproeurope.eu\/wp-content\/uploads\/2023\/11\/Basic_Carry_Case.webp?fit=800%2C800&ssl=1","width":800,"height":800,"caption":"Earthlite Professionele draagtas voor massagetafel (72 tot 89 cm)"},{"@type":"BreadcrumbList","@id":"https:\/\/touchproeurope.eu\/product\/earthlite-draagtas\/#breadcrumb","itemListElement":[{"@type":"ListItem","position":1,"name":"Home","item":"https:\/\/touchproeurope.eu\/"},{"@type":"ListItem","position":2,"name":"Winkel","item":"https:\/\/touchproeurope.eu\/winkel\/"},{"@type":"ListItem","position":3,"name":"Earthlite Professionele draagtas voor massagetafel (72 tot 89 cm)"}]},{"@type":"WebSite","@id":"https:\/\/touchproeurope.eu\/#website","url":"https:\/\/touchproeurope.eu\/","name":"Tienda TouchPro Europe","description":"\u00a1Todo para su consulta con un toque PROfesional!","publisher":{"@id":"https:\/\/touchproeurope.eu\/#organization"},"alternateName":"TPE","potentialAction":[{"@type":"SearchAction","target":{"@type":"EntryPoint","urlTemplate":"https:\/\/touchproeurope.eu\/?s={search_term_string}"},"query-input":{"@type":"PropertyValueSpecification","valueRequired":true,"valueName":"search_term_string"}}],"inLanguage":"es"},{"@type":"Organization","@id":"https:\/\/touchproeurope.eu\/#organization","name":"TouchPro Europe BV","alternateName":"TPE","url":"https:\/\/touchproeurope.eu\/","logo":{"@type":"ImageObject","inLanguage":"es","@id":"https:\/\/touchproeurope.eu\/#\/schema\/logo\/image\/","url":"https:\/\/i0.wp.com\/touchproeurope.eu\/wp-content\/uploads\/2023\/10\/2b592c_b6944d80811246d987cc2c29accedf3f.png?fit=1417%2C531&ssl=1","contentUrl":"https:\/\/i0.wp.com\/touchproeurope.eu\/wp-content\/uploads\/2023\/10\/2b592c_b6944d80811246d987cc2c29accedf3f.png?fit=1417%2C531&ssl=1","width":1417,"height":531,"caption":"TouchPro Europe BV"},"image":{"@id":"https:\/\/touchproeurope.eu\/#\/schema\/logo\/image\/"},"sameAs":["https:\/\/www.facebook.com\/TouchproNederland\/?locale=nl_NL\/","https:\/\/www.instagram.com\/touchpro2016\/","https:\/\/www.linkedin.com\/company\/touchpro-europe-bv\/"],"description":"TouchPro Europe Shop es la tienda de masajes de Europa. Vendemos productos de masaje de primera calidad a masajistas, pedicuras, fisioterapeutas, manicuras, centros de bienestar, cursos de formaci\u00f3n, etc. TouchPro comenz\u00f3 como una peque\u00f1a tienda en los Pa\u00edses Bajos, pero ahora se ha convertido en una tienda con clientes de toda Europa. Ofrecemos una amplia gama de productos de masaje, incluyendo camillas de masaje, aceites, cremas y accesorios de las mejores marcas como Earthlite, Stronglite e InnerStrenght, Habys, Living Earth Crafts y Continuum y otros proveedores de accesorios de masaje. Pida aqu\u00ed los mejores art\u00edculos de masaje de Europa.","email":"info@touchpro-europe.com","telephone":"0858768829","legalName":"TouchPro Europe BV","foundingDate":"2018-01-11","vatID":"NL855430151B01","numberOfEmployees":{"@type":"QuantitativeValue","minValue":"1","maxValue":"10"},"hasMerchantReturnPolicy":{"@type":"MerchantReturnPolicy","merchantReturnLink":"https:\/\/touchproeurope.eu\/es\/retourbeleid\/"}}]},"product_brand":"Earthlite","og_availability":"backorder","product_availability":"available for order","product_retailer_item_id":"39000","product_condition":"new"},"_links":{"self":[{"href":"https:\/\/touchproeurope.eu\/es\/wp-json\/wp\/v2\/product\/3031","targetHints":{"allow":["GET"]}}],"collection":[{"href":"https:\/\/touchproeurope.eu\/es\/wp-json\/wp\/v2\/product"}],"about":[{"href":"https:\/\/touchproeurope.eu\/es\/wp-json\/wp\/v2\/types\/product"}],"replies":[{"embeddable":true,"href":"https:\/\/touchproeurope.eu\/es\/wp-json\/wp\/v2\/comments?post=3031"}],"version-history":[{"count":6,"href":"https:\/\/touchproeurope.eu\/es\/wp-json\/wp\/v2\/product\/3031\/revisions"}],"predecessor-version":[{"id":4199,"href":"https:\/\/touchproeurope.eu\/es\/wp-json\/wp\/v2\/product\/3031\/revisions\/4199"}],"wp:featuredmedia":[{"embeddable":true,"href":"https:\/\/touchproeurope.eu\/es\/wp-json\/wp\/v2\/media\/16051"}],"wp:attachment":[{"href":"https:\/\/touchproeurope.eu\/es\/wp-json\/wp\/v2\/media?parent=3031"}],"wp:term":[{"taxonomy":"product_brand","embeddable":true,"href":"https:\/\/touchproeurope.eu\/es\/wp-json\/wp\/v2\/product_brand?post=3031"},{"taxonomy":"product_cat","embeddable":true,"href":"https:\/\/touchproeurope.eu\/es\/wp-json\/wp\/v2\/product_cat?post=3031"},{"taxonomy":"product_tag","embeddable":true,"href":"https:\/\/touchproeurope.eu\/es\/wp-json\/wp\/v2\/product_tag?post=3031"}],"curies":[{"name":"wp","href":"https:\/\/api.w.org\/{rel}","templated":true}]}}