{"id":3072,"date":"2023-11-09T16:04:11","date_gmt":"2023-11-09T16:04:11","guid":{"rendered":"https:\/\/touchproeurope.eu\/?post_type=product&#038;p=3072"},"modified":"2026-03-17T11:02:41","modified_gmt":"2026-03-17T11:02:41","slug":"toallitas-desechables-earthlite-sin-banda-elastica","status":"publish","type":"product","link":"https:\/\/touchproeurope.eu\/es\/product\/earthlite-wegwerpdoekjes-zonder-elastiek\/","title":{"rendered":"Toallitas desechables Earthlite sin banda el\u00e1stica"},"content":{"rendered":"<p>Descubra la opulencia del confort con nuestras toallitas desechables sin el\u00e1stico Earthlite. Impregnadas de opulencia, estas toallitas est\u00e1n fabricadas con fibras m\u00e9dicas hipoalerg\u00e9nicas y absorbentes. Disfrute no s\u00f3lo de un tacto sedoso, sino tambi\u00e9n de la tranquilidad que proporciona un entorno de masaje higi\u00e9nico. Sienta la opulencia de la calidad que merecen sus clientes.<\/p>\n<p>\u00bfY qu\u00e9 hace que estas toallitas sean a\u00fan mejores? Su dise\u00f1o universal hace que se adapten perfectamente a cualquier reposacabezas. Se acabaron los problemas de ajuste y medici\u00f3n, porque estas toallitas se ajustan sin esfuerzo y a la perfecci\u00f3n, siempre. \u00bfY lo mejor? Pueden cambiarse entre clientes sin ning\u00fan esfuerzo, ahorr\u00e1ndole un tiempo valioso y a\u00f1adiendo eficacia a su consulta.<\/p>\n<p>Tanto si es un terapeuta experimentado como si est\u00e1 al principio de su carrera, las toallitas desechables sin el\u00e1stico Earthlite son un complemento indispensable de su kit de herramientas. Diga adi\u00f3s a las molestias de una vez por todas y salude a la suavidad en su trabajo.<\/p>\n<p>Haga su pedido ahora y ofrezca a sus masajes la experiencia Earthlite. Confort, calidad y comodidad le esperan.<\/p>","protected":false},"excerpt":{"rendered":"<p>Experimente una comodidad sin igual con las toallitas desechables sin el\u00e1stico Earthlite. Fabricadas con fibras m\u00e9dicas hipoalerg\u00e9nicas y absorbentes, estas toallitas no s\u00f3lo ofrecen una lujosa suavidad, sino tambi\u00e9n una tranquilidad higi\u00e9nica. Adecuadas para cualquier reposacabezas, facilitan el cambio entre clientes.<\/p>","protected":false},"featured_media":4627,"comment_status":"open","ping_status":"closed","template":"","meta":[],"product_brand":[343],"product_cat":[480,107],"product_tag":[85,207,208],"class_list":{"0":"post-3072","1":"product","2":"type-product","3":"status-publish","4":"has-post-thumbnail","6":"product_brand-earthlite","7":"product_cat-tafellinnen-covers","8":"product_cat-wegwerp-covers","9":"product_tag-earthlite","10":"product_tag-wegwerpdoekjes","11":"product_tag-zonder-elastiek","12":"product_shipping_class-klein-pakket","13":"pa_kleur-wit","14":"pa_merk-earthlite","16":"first","17":"instock","18":"taxable","19":"shipping-taxable","20":"purchasable","21":"product-type-variable"},"yoast_head":"<!-- This site is optimized with the Yoast SEO Premium plugin v27.3 (Yoast SEO v27.3) - https:\/\/yoast.com\/product\/yoast-seo-premium-wordpress\/ -->\n<title>Earthlite wegwerpdoekjes zonder elastiek - TouchPro Europe Shop<\/title>\n<meta name=\"description\" content=\"Ontdek het ultieme comfort met de Earthlite wegwerpdoekjes zonder elastiek. Gemaakt van hypo-allergene, absorberende medische vezels. Bestel nu bij TouchPro\" \/>\n<meta name=\"robots\" content=\"index, follow, max-snippet:-1, max-image-preview:large, max-video-preview:-1\" \/>\n<link rel=\"canonical\" href=\"https:\/\/touchproeurope.eu\/es\/product\/toallitas-desechables-earthlite-sin-banda-elastica\/\" \/>\n<meta property=\"og:locale\" content=\"es_ES\" \/>\n<meta property=\"og:type\" content=\"article\" \/>\n<meta property=\"og:title\" content=\"Earthlite wegwerpdoekjes zonder elastiek\" \/>\n<meta property=\"og:description\" content=\"Ontdek het ultieme comfort met de Earthlite wegwerpdoekjes zonder elastiek. Gemaakt van hypo-allergene, absorberende medische vezels. Bestel nu bij TouchPro\" \/>\n<meta property=\"og:url\" content=\"https:\/\/touchproeurope.eu\/es\/product\/toallitas-desechables-earthlite-sin-banda-elastica\/\" \/>\n<meta property=\"og:site_name\" content=\"TouchPro Europe Shop\" \/>\n<meta property=\"article:publisher\" content=\"https:\/\/www.facebook.com\/TouchproNederland\/?locale=nl_NL%2f\" \/>\n<meta property=\"article:modified_time\" content=\"2026-03-17T11:02:41+00:00\" \/>\n<meta property=\"og:image\" content=\"https:\/\/touchproeurope.eu\/wp-content\/uploads\/2023\/11\/39682879545_1769475df6_c.jpg\" \/>\n\t<meta property=\"og:image:width\" content=\"800\" \/>\n\t<meta property=\"og:image:height\" content=\"800\" \/>\n\t<meta property=\"og:image:type\" content=\"image\/jpeg\" \/>\n<meta name=\"twitter:card\" content=\"summary_large_image\" \/>\n<meta name=\"twitter:label1\" content=\"Disponibilidad\" \/>\n\t<meta name=\"twitter:data1\" content=\"Disponible\" \/>\n<script type=\"application\/ld+json\" class=\"yoast-schema-graph\">{\"@context\":\"https:\\\/\\\/schema.org\",\"@graph\":[{\"@type\":\"WebPage\",\"@id\":\"https:\\\/\\\/touchproeurope.eu\\\/product\\\/earthlite-wegwerpdoekjes-zonder-elastiek\\\/\",\"url\":\"https:\\\/\\\/touchproeurope.eu\\\/product\\\/earthlite-wegwerpdoekjes-zonder-elastiek\\\/\",\"name\":\"Earthlite wegwerpdoekjes zonder elastiek - TouchPro Europe Shop\",\"isPartOf\":{\"@id\":\"https:\\\/\\\/touchproeurope.eu\\\/#website\"},\"primaryImageOfPage\":{\"@id\":\"https:\\\/\\\/touchproeurope.eu\\\/product\\\/earthlite-wegwerpdoekjes-zonder-elastiek\\\/#primaryimage\"},\"image\":{\"@id\":\"https:\\\/\\\/touchproeurope.eu\\\/product\\\/earthlite-wegwerpdoekjes-zonder-elastiek\\\/#primaryimage\"},\"thumbnailUrl\":\"https:\\\/\\\/i0.wp.com\\\/touchproeurope.eu\\\/wp-content\\\/uploads\\\/2023\\\/11\\\/39682879545_1769475df6_c.jpg?fit=800%2C800&ssl=1\",\"datePublished\":\"2023-11-09T16:04:11+00:00\",\"dateModified\":\"2026-03-17T11:02:41+00:00\",\"description\":\"Ontdek het ultieme comfort met de Earthlite wegwerpdoekjes zonder elastiek. Gemaakt van hypo-allergene, absorberende medische vezels. Bestel nu bij TouchPro\",\"breadcrumb\":{\"@id\":\"https:\\\/\\\/touchproeurope.eu\\\/product\\\/earthlite-wegwerpdoekjes-zonder-elastiek\\\/#breadcrumb\"},\"inLanguage\":\"es\",\"potentialAction\":[{\"@type\":\"ReadAction\",\"target\":[\"https:\\\/\\\/touchproeurope.eu\\\/product\\\/earthlite-wegwerpdoekjes-zonder-elastiek\\\/\"]}]},{\"@type\":\"ImageObject\",\"inLanguage\":\"es\",\"@id\":\"https:\\\/\\\/touchproeurope.eu\\\/product\\\/earthlite-wegwerpdoekjes-zonder-elastiek\\\/#primaryimage\",\"url\":\"https:\\\/\\\/i0.wp.com\\\/touchproeurope.eu\\\/wp-content\\\/uploads\\\/2023\\\/11\\\/39682879545_1769475df6_c.jpg?fit=800%2C800&ssl=1\",\"contentUrl\":\"https:\\\/\\\/i0.wp.com\\\/touchproeurope.eu\\\/wp-content\\\/uploads\\\/2023\\\/11\\\/39682879545_1769475df6_c.jpg?fit=800%2C800&ssl=1\",\"width\":800,\"height\":800,\"caption\":\"Earthlite wegwerpdoekjes zonder elastiek\"},{\"@type\":\"BreadcrumbList\",\"@id\":\"https:\\\/\\\/touchproeurope.eu\\\/product\\\/earthlite-wegwerpdoekjes-zonder-elastiek\\\/#breadcrumb\",\"itemListElement\":[{\"@type\":\"ListItem\",\"position\":1,\"name\":\"Home\",\"item\":\"https:\\\/\\\/touchproeurope.eu\\\/\"},{\"@type\":\"ListItem\",\"position\":2,\"name\":\"Winkel\",\"item\":\"https:\\\/\\\/touchproeurope.eu\\\/winkel\\\/\"},{\"@type\":\"ListItem\",\"position\":3,\"name\":\"Earthlite wegwerpdoekjes zonder elastiek\"}]},{\"@type\":\"WebSite\",\"@id\":\"https:\\\/\\\/touchproeurope.eu\\\/#website\",\"url\":\"https:\\\/\\\/touchproeurope.eu\\\/\",\"name\":\"TouchPro Europe Shop\",\"description\":\"Alles voor jouw praktijk met een PROfessionele Touch!\",\"publisher\":{\"@id\":\"https:\\\/\\\/touchproeurope.eu\\\/#organization\"},\"alternateName\":\"TPE\",\"potentialAction\":[{\"@type\":\"SearchAction\",\"target\":{\"@type\":\"EntryPoint\",\"urlTemplate\":\"https:\\\/\\\/touchproeurope.eu\\\/?s={search_term_string}\"},\"query-input\":{\"@type\":\"PropertyValueSpecification\",\"valueRequired\":true,\"valueName\":\"search_term_string\"}}],\"inLanguage\":\"es\"},{\"@type\":\"Organization\",\"@id\":\"https:\\\/\\\/touchproeurope.eu\\\/#organization\",\"name\":\"TouchPro Europe BV\",\"alternateName\":\"TPE\",\"url\":\"https:\\\/\\\/touchproeurope.eu\\\/\",\"logo\":{\"@type\":\"ImageObject\",\"inLanguage\":\"es\",\"@id\":\"https:\\\/\\\/touchproeurope.eu\\\/#\\\/schema\\\/logo\\\/image\\\/\",\"url\":\"https:\\\/\\\/i0.wp.com\\\/touchproeurope.eu\\\/wp-content\\\/uploads\\\/2023\\\/10\\\/2b592c_b6944d80811246d987cc2c29accedf3f.png?fit=1417%2C531&ssl=1\",\"contentUrl\":\"https:\\\/\\\/i0.wp.com\\\/touchproeurope.eu\\\/wp-content\\\/uploads\\\/2023\\\/10\\\/2b592c_b6944d80811246d987cc2c29accedf3f.png?fit=1417%2C531&ssl=1\",\"width\":1417,\"height\":531,\"caption\":\"TouchPro Europe BV\"},\"image\":{\"@id\":\"https:\\\/\\\/touchproeurope.eu\\\/#\\\/schema\\\/logo\\\/image\\\/\"},\"sameAs\":[\"https:\\\/\\\/www.facebook.com\\\/TouchproNederland\\\/?locale=nl_NL\\\/\",\"https:\\\/\\\/www.instagram.com\\\/touchpro2016\\\/\",\"https:\\\/\\\/www.linkedin.com\\\/company\\\/touchpro-europe-bv\\\/\"],\"description\":\"TouchPro Europe Shop is de massage winkel van Europa. Wij verkopen topkwaliteit massageproducten aan masseurs, pedicures, fysiotherapeuten, manicuren, Wellness centra, opleidingen, etc. TouchPro begon als een kleine webshop in Nederland, maar is nu uitgegroeid tot een webshop met klanten uit heel Europa. Wij bieden een breed assortiment aan massageproducten, waaronder massagetafels, oli\u00ebn, cr\u00e8mes, en accessoires van topmerken, zoals Earthlite, Stronglite en InnerStrenght, Habys, Living Earth Crafts en Continuum en andere leveranciers van massage accessoires. Bestel hier de beste massagematerialen van Europa!\",\"email\":\"info@touchpro-europe.com\",\"telephone\":\"0858768829\",\"legalName\":\"TouchPro Europe BV\",\"foundingDate\":\"2018-01-11\",\"vatID\":\"NL855430151B01\",\"numberOfEmployees\":{\"@type\":\"QuantitativeValue\",\"minValue\":\"1\",\"maxValue\":\"10\"},\"hasMerchantReturnPolicy\":{\"@type\":\"MerchantReturnPolicy\",\"merchantReturnLink\":\"https:\\\/\\\/touchproeurope.eu\\\/es\\\/retourbeleid\\\/\"}}]}<\/script>\n<meta property=\"product:brand\" content=\"Earthlite\" \/>\n<meta property=\"og:availability\" content=\"instock\" \/>\n<meta property=\"product:availability\" content=\"instock\" \/>\n<meta property=\"product:retailer_item_id\" content=\"45600\" \/>\n<meta property=\"product:condition\" content=\"new\" \/>\n<!-- \/ Yoast SEO Premium plugin. -->","yoast_head_json":{"title":"Toallitas desechables Earthlite sin banda el\u00e1stica - Tienda TouchPro Europe","description":"Descubra la m\u00e1xima comodidad con las toallitas desechables sin el\u00e1stico Earthlite. Fabricadas con fibras m\u00e9dicas hipoalerg\u00e9nicas y absorbentes. P\u00eddalas ahora en TouchPro","robots":{"index":"index","follow":"follow","max-snippet":"max-snippet:-1","max-image-preview":"max-image-preview:large","max-video-preview":"max-video-preview:-1"},"canonical":"https:\/\/touchproeurope.eu\/es\/product\/toallitas-desechables-earthlite-sin-banda-elastica\/","og_locale":"es_ES","og_type":"article","og_title":"Earthlite wegwerpdoekjes zonder elastiek","og_description":"Ontdek het ultieme comfort met de Earthlite wegwerpdoekjes zonder elastiek. Gemaakt van hypo-allergene, absorberende medische vezels. Bestel nu bij TouchPro","og_url":"https:\/\/touchproeurope.eu\/es\/product\/toallitas-desechables-earthlite-sin-banda-elastica\/","og_site_name":"TouchPro Europe Shop","article_publisher":"https:\/\/www.facebook.com\/TouchproNederland\/?locale=nl_NL%2f","article_modified_time":"2026-03-17T11:02:41+00:00","og_image":[{"width":800,"height":800,"url":"https:\/\/touchproeurope.eu\/wp-content\/uploads\/2023\/11\/39682879545_1769475df6_c.jpg","type":"image\/jpeg"}],"twitter_card":"summary_large_image","twitter_misc":{"Disponibilidad":"Disponible"},"schema":{"@context":"https:\/\/schema.org","@graph":[{"@type":"WebPage","@id":"https:\/\/touchproeurope.eu\/product\/earthlite-wegwerpdoekjes-zonder-elastiek\/","url":"https:\/\/touchproeurope.eu\/product\/earthlite-wegwerpdoekjes-zonder-elastiek\/","name":"Toallitas desechables Earthlite sin banda el\u00e1stica - Tienda TouchPro Europe","isPartOf":{"@id":"https:\/\/touchproeurope.eu\/#website"},"primaryImageOfPage":{"@id":"https:\/\/touchproeurope.eu\/product\/earthlite-wegwerpdoekjes-zonder-elastiek\/#primaryimage"},"image":{"@id":"https:\/\/touchproeurope.eu\/product\/earthlite-wegwerpdoekjes-zonder-elastiek\/#primaryimage"},"thumbnailUrl":"https:\/\/i0.wp.com\/touchproeurope.eu\/wp-content\/uploads\/2023\/11\/39682879545_1769475df6_c.jpg?fit=800%2C800&ssl=1","datePublished":"2023-11-09T16:04:11+00:00","dateModified":"2026-03-17T11:02:41+00:00","description":"Descubra la m\u00e1xima comodidad con las toallitas desechables sin el\u00e1stico Earthlite. Fabricadas con fibras m\u00e9dicas hipoalerg\u00e9nicas y absorbentes. P\u00eddalas ahora en TouchPro","breadcrumb":{"@id":"https:\/\/touchproeurope.eu\/product\/earthlite-wegwerpdoekjes-zonder-elastiek\/#breadcrumb"},"inLanguage":"es","potentialAction":[{"@type":"ReadAction","target":["https:\/\/touchproeurope.eu\/product\/earthlite-wegwerpdoekjes-zonder-elastiek\/"]}]},{"@type":"ImageObject","inLanguage":"es","@id":"https:\/\/touchproeurope.eu\/product\/earthlite-wegwerpdoekjes-zonder-elastiek\/#primaryimage","url":"https:\/\/i0.wp.com\/touchproeurope.eu\/wp-content\/uploads\/2023\/11\/39682879545_1769475df6_c.jpg?fit=800%2C800&ssl=1","contentUrl":"https:\/\/i0.wp.com\/touchproeurope.eu\/wp-content\/uploads\/2023\/11\/39682879545_1769475df6_c.jpg?fit=800%2C800&ssl=1","width":800,"height":800,"caption":"Earthlite wegwerpdoekjes zonder elastiek"},{"@type":"BreadcrumbList","@id":"https:\/\/touchproeurope.eu\/product\/earthlite-wegwerpdoekjes-zonder-elastiek\/#breadcrumb","itemListElement":[{"@type":"ListItem","position":1,"name":"Home","item":"https:\/\/touchproeurope.eu\/"},{"@type":"ListItem","position":2,"name":"Winkel","item":"https:\/\/touchproeurope.eu\/winkel\/"},{"@type":"ListItem","position":3,"name":"Earthlite wegwerpdoekjes zonder elastiek"}]},{"@type":"WebSite","@id":"https:\/\/touchproeurope.eu\/#website","url":"https:\/\/touchproeurope.eu\/","name":"Tienda TouchPro Europe","description":"\u00a1Todo para su consulta con un toque PROfesional!","publisher":{"@id":"https:\/\/touchproeurope.eu\/#organization"},"alternateName":"TPE","potentialAction":[{"@type":"SearchAction","target":{"@type":"EntryPoint","urlTemplate":"https:\/\/touchproeurope.eu\/?s={search_term_string}"},"query-input":{"@type":"PropertyValueSpecification","valueRequired":true,"valueName":"search_term_string"}}],"inLanguage":"es"},{"@type":"Organization","@id":"https:\/\/touchproeurope.eu\/#organization","name":"TouchPro Europe BV","alternateName":"TPE","url":"https:\/\/touchproeurope.eu\/","logo":{"@type":"ImageObject","inLanguage":"es","@id":"https:\/\/touchproeurope.eu\/#\/schema\/logo\/image\/","url":"https:\/\/i0.wp.com\/touchproeurope.eu\/wp-content\/uploads\/2023\/10\/2b592c_b6944d80811246d987cc2c29accedf3f.png?fit=1417%2C531&ssl=1","contentUrl":"https:\/\/i0.wp.com\/touchproeurope.eu\/wp-content\/uploads\/2023\/10\/2b592c_b6944d80811246d987cc2c29accedf3f.png?fit=1417%2C531&ssl=1","width":1417,"height":531,"caption":"TouchPro Europe BV"},"image":{"@id":"https:\/\/touchproeurope.eu\/#\/schema\/logo\/image\/"},"sameAs":["https:\/\/www.facebook.com\/TouchproNederland\/?locale=nl_NL\/","https:\/\/www.instagram.com\/touchpro2016\/","https:\/\/www.linkedin.com\/company\/touchpro-europe-bv\/"],"description":"TouchPro Europe Shop es la tienda de masajes de Europa. Vendemos productos de masaje de primera calidad a masajistas, pedicuras, fisioterapeutas, manicuras, centros de bienestar, cursos de formaci\u00f3n, etc. TouchPro comenz\u00f3 como una peque\u00f1a tienda en los Pa\u00edses Bajos, pero ahora se ha convertido en una tienda con clientes de toda Europa. Ofrecemos una amplia gama de productos de masaje, incluyendo camillas de masaje, aceites, cremas y accesorios de las mejores marcas como Earthlite, Stronglite e InnerStrenght, Habys, Living Earth Crafts y Continuum y otros proveedores de accesorios de masaje. Pida aqu\u00ed los mejores art\u00edculos de masaje de Europa.","email":"info@touchpro-europe.com","telephone":"0858768829","legalName":"TouchPro Europe BV","foundingDate":"2018-01-11","vatID":"NL855430151B01","numberOfEmployees":{"@type":"QuantitativeValue","minValue":"1","maxValue":"10"},"hasMerchantReturnPolicy":{"@type":"MerchantReturnPolicy","merchantReturnLink":"https:\/\/touchproeurope.eu\/es\/retourbeleid\/"}}]},"product_brand":"Earthlite","og_availability":"instock","product_availability":"instock","product_retailer_item_id":"45600","product_condition":"new"},"_links":{"self":[{"href":"https:\/\/touchproeurope.eu\/es\/wp-json\/wp\/v2\/product\/3072","targetHints":{"allow":["GET"]}}],"collection":[{"href":"https:\/\/touchproeurope.eu\/es\/wp-json\/wp\/v2\/product"}],"about":[{"href":"https:\/\/touchproeurope.eu\/es\/wp-json\/wp\/v2\/types\/product"}],"replies":[{"embeddable":true,"href":"https:\/\/touchproeurope.eu\/es\/wp-json\/wp\/v2\/comments?post=3072"}],"version-history":[{"count":2,"href":"https:\/\/touchproeurope.eu\/es\/wp-json\/wp\/v2\/product\/3072\/revisions"}],"predecessor-version":[{"id":7309,"href":"https:\/\/touchproeurope.eu\/es\/wp-json\/wp\/v2\/product\/3072\/revisions\/7309"}],"wp:featuredmedia":[{"embeddable":true,"href":"https:\/\/touchproeurope.eu\/es\/wp-json\/wp\/v2\/media\/4627"}],"wp:attachment":[{"href":"https:\/\/touchproeurope.eu\/es\/wp-json\/wp\/v2\/media?parent=3072"}],"wp:term":[{"taxonomy":"product_brand","embeddable":true,"href":"https:\/\/touchproeurope.eu\/es\/wp-json\/wp\/v2\/product_brand?post=3072"},{"taxonomy":"product_cat","embeddable":true,"href":"https:\/\/touchproeurope.eu\/es\/wp-json\/wp\/v2\/product_cat?post=3072"},{"taxonomy":"product_tag","embeddable":true,"href":"https:\/\/touchproeurope.eu\/es\/wp-json\/wp\/v2\/product_tag?post=3072"}],"curies":[{"name":"wp","href":"https:\/\/api.w.org\/{rel}","templated":true}]}}