{"id":3109,"date":"2023-11-09T16:05:27","date_gmt":"2023-11-09T16:05:27","guid":{"rendered":"https:\/\/touchproeurope.eu\/?post_type=product&#038;p=3109"},"modified":"2026-04-22T09:32:02","modified_gmt":"2026-04-22T09:32:02","slug":"mini-difusor-de-aromaterapia-usb-almohadillas-de-recambio","status":"publish","type":"product","link":"https:\/\/touchproeurope.eu\/es\/product\/mini-aromatherapy-usb-diffuser-refill-pads\/","title":{"rendered":"Almohadillas de recambio para difusor USB de aromaterapia mini"},"content":{"rendered":"<p>Enriquece tu experiencia de aromaterapia con las almohadillas de recambio para el difusor USB de aromaterapia Earthlite Mini. Este set solo contiene almohadillas de repuesto, para que puedas experimentar sin esfuerzo diferentes aromas que se adapten a cualquier estado de \u00e1nimo.<\/p>\n<p>Descubra la libertad de personalizar su ambiente con una gama de fragancias. Tanto si busca relajarse despu\u00e9s de un largo d\u00eda como crear un ambiente refrescante, este recambio le ofrece la soluci\u00f3n perfecta. Nota: este producto solo incluye las pastillas de recarga y no el difusor.<\/p>\n<p>Gracias a sus almohadillas f\u00e1ciles de cambiar, podr\u00e1 pasar de una fragancia a otra sin esfuerzo y conseguir el ambiente deseado en un instante. Pr\u00e1ctico y compacto, este recambio es ideal para viajar, por lo que siempre podr\u00e1 disfrutar de los beneficios de la aromaterapia est\u00e9 donde est\u00e9.<\/p>\n<p>Haz tu pedido ahora y experimenta la versatilidad del recambio para el difusor USB de aromaterapia Mini de Earthlite. Deja que las esencias te rodeen y disfruta de la atm\u00f3sfera \u00fanica que s\u00f3lo t\u00fa puedes crear. Mejora tu ritual de aromaterapia con los recambios para difusor USB de aromaterapia Mini. \u00a1Haz tu pedido hoy mismo!<\/p>","protected":false},"excerpt":{"rendered":"<p>Recambio para el difusor USB de aromaterapia Mini de Earthlite. Permite crear m\u00faltiples combinaciones de aromas, creando una atm\u00f3sfera diferente seg\u00fan las necesidades.<\/p>","protected":false},"featured_media":4932,"comment_status":"open","ping_status":"closed","template":"","meta":[],"product_brand":[343],"product_cat":[105],"product_tag":[85,232,128],"class_list":{"0":"post-3109","1":"product","2":"type-product","3":"status-publish","4":"has-post-thumbnail","6":"product_brand-earthlite","7":"product_cat-aromatherapie","8":"product_tag-earthlite","9":"product_tag-refill-pads","10":"product_tag-usb","11":"product_shipping_class-klein-pakket","13":"first","14":"instock","15":"taxable","16":"shipping-taxable","17":"purchasable","18":"product-type-simple"},"yoast_head":"<!-- This site is optimized with the Yoast SEO Premium plugin v27.5 (Yoast SEO v27.5) - https:\/\/yoast.com\/product\/yoast-seo-premium-wordpress\/ -->\n<title>Mini Aromatherapy USB Diffuser Refill Pads - TouchPro Europe Shop<\/title>\n<meta name=\"description\" content=\"Earthlite Mini Aromatherapy USB Diffuser Refill Pads brengen je de vrijheid. Verwen jezelf met veel verschillende geuren! \ud83c\udf43 Ontdek het bij TouchPro Europe!\" \/>\n<meta name=\"robots\" content=\"index, follow, max-snippet:-1, max-image-preview:large, max-video-preview:-1\" \/>\n<link rel=\"canonical\" href=\"https:\/\/touchproeurope.eu\/es\/product\/mini-difusor-de-aromaterapia-usb-almohadillas-de-recambio\/\" \/>\n<meta property=\"og:locale\" content=\"es_ES\" \/>\n<meta property=\"og:type\" content=\"article\" \/>\n<meta property=\"og:title\" content=\"Mini Aromatherapy USB Diffuser Refill Pads\" \/>\n<meta property=\"og:description\" content=\"Earthlite Mini Aromatherapy USB Diffuser Refill Pads brengen je de vrijheid. Verwen jezelf met veel verschillende geuren! \ud83c\udf43 Ontdek het bij TouchPro Europe!\" \/>\n<meta property=\"og:url\" content=\"https:\/\/touchproeurope.eu\/es\/product\/mini-difusor-de-aromaterapia-usb-almohadillas-de-recambio\/\" \/>\n<meta property=\"og:site_name\" content=\"TouchPro Europe Shop\" \/>\n<meta property=\"article:publisher\" content=\"https:\/\/www.facebook.com\/TouchproNederland\/?locale=nl_NL%2f\" \/>\n<meta property=\"article:modified_time\" content=\"2026-04-22T09:32:02+00:00\" \/>\n<meta property=\"og:image\" content=\"https:\/\/touchproeurope.eu\/wp-content\/uploads\/2023\/11\/50679840098_dfcb6a7125_c.jpg\" \/>\n\t<meta property=\"og:image:width\" content=\"800\" \/>\n\t<meta property=\"og:image:height\" content=\"800\" \/>\n\t<meta property=\"og:image:type\" content=\"image\/jpeg\" \/>\n<meta name=\"twitter:card\" content=\"summary_large_image\" \/>\n<meta name=\"twitter:label1\" content=\"Precio\" \/>\n\t<meta name=\"twitter:data1\" content=\"&euro;&nbsp;5,00 incl. BTW\" \/>\n\t<meta name=\"twitter:label2\" content=\"Disponibilidad\" \/>\n\t<meta name=\"twitter:data2\" content=\"Disponible\" \/>\n<script type=\"application\/ld+json\" class=\"yoast-schema-graph\">{\"@context\":\"https:\\\/\\\/schema.org\",\"@graph\":[{\"@type\":\"WebPage\",\"@id\":\"https:\\\/\\\/touchproeurope.eu\\\/product\\\/mini-aromatherapy-usb-diffuser-refill-pads\\\/\",\"url\":\"https:\\\/\\\/touchproeurope.eu\\\/product\\\/mini-aromatherapy-usb-diffuser-refill-pads\\\/\",\"name\":\"Mini Aromatherapy USB Diffuser Refill Pads - TouchPro Europe Shop\",\"isPartOf\":{\"@id\":\"https:\\\/\\\/touchproeurope.eu\\\/#website\"},\"primaryImageOfPage\":{\"@id\":\"https:\\\/\\\/touchproeurope.eu\\\/product\\\/mini-aromatherapy-usb-diffuser-refill-pads\\\/#primaryimage\"},\"image\":{\"@id\":\"https:\\\/\\\/touchproeurope.eu\\\/product\\\/mini-aromatherapy-usb-diffuser-refill-pads\\\/#primaryimage\"},\"thumbnailUrl\":\"https:\\\/\\\/i0.wp.com\\\/touchproeurope.eu\\\/wp-content\\\/uploads\\\/2023\\\/11\\\/50679840098_dfcb6a7125_c.jpg?fit=800%2C800&ssl=1\",\"datePublished\":\"2023-11-09T16:05:27+00:00\",\"dateModified\":\"2026-04-22T09:32:02+00:00\",\"description\":\"Earthlite Mini Aromatherapy USB Diffuser Refill Pads brengen je de vrijheid. Verwen jezelf met veel verschillende geuren! \ud83c\udf43 Ontdek het bij TouchPro Europe!\",\"breadcrumb\":{\"@id\":\"https:\\\/\\\/touchproeurope.eu\\\/product\\\/mini-aromatherapy-usb-diffuser-refill-pads\\\/#breadcrumb\"},\"inLanguage\":\"es\",\"potentialAction\":[{\"@type\":\"ReadAction\",\"target\":[\"https:\\\/\\\/touchproeurope.eu\\\/product\\\/mini-aromatherapy-usb-diffuser-refill-pads\\\/\"]}]},{\"@type\":\"ImageObject\",\"inLanguage\":\"es\",\"@id\":\"https:\\\/\\\/touchproeurope.eu\\\/product\\\/mini-aromatherapy-usb-diffuser-refill-pads\\\/#primaryimage\",\"url\":\"https:\\\/\\\/i0.wp.com\\\/touchproeurope.eu\\\/wp-content\\\/uploads\\\/2023\\\/11\\\/50679840098_dfcb6a7125_c.jpg?fit=800%2C800&ssl=1\",\"contentUrl\":\"https:\\\/\\\/i0.wp.com\\\/touchproeurope.eu\\\/wp-content\\\/uploads\\\/2023\\\/11\\\/50679840098_dfcb6a7125_c.jpg?fit=800%2C800&ssl=1\",\"width\":800,\"height\":800,\"caption\":\"Mini Aromatherapy USB Diffuser Refill Pads\"},{\"@type\":\"BreadcrumbList\",\"@id\":\"https:\\\/\\\/touchproeurope.eu\\\/product\\\/mini-aromatherapy-usb-diffuser-refill-pads\\\/#breadcrumb\",\"itemListElement\":[{\"@type\":\"ListItem\",\"position\":1,\"name\":\"Home\",\"item\":\"https:\\\/\\\/touchproeurope.eu\\\/\"},{\"@type\":\"ListItem\",\"position\":2,\"name\":\"Winkel\",\"item\":\"https:\\\/\\\/touchproeurope.eu\\\/winkel\\\/\"},{\"@type\":\"ListItem\",\"position\":3,\"name\":\"Mini Aromatherapy USB Diffuser Refill Pads\"}]},{\"@type\":\"WebSite\",\"@id\":\"https:\\\/\\\/touchproeurope.eu\\\/#website\",\"url\":\"https:\\\/\\\/touchproeurope.eu\\\/\",\"name\":\"TouchPro Europe Shop\",\"description\":\"Alles voor jouw praktijk met een PROfessionele Touch!\",\"publisher\":{\"@id\":\"https:\\\/\\\/touchproeurope.eu\\\/#organization\"},\"alternateName\":\"TPE\",\"potentialAction\":[{\"@type\":\"SearchAction\",\"target\":{\"@type\":\"EntryPoint\",\"urlTemplate\":\"https:\\\/\\\/touchproeurope.eu\\\/?s={search_term_string}\"},\"query-input\":{\"@type\":\"PropertyValueSpecification\",\"valueRequired\":true,\"valueName\":\"search_term_string\"}}],\"inLanguage\":\"es\"},{\"@type\":\"Organization\",\"@id\":\"https:\\\/\\\/touchproeurope.eu\\\/#organization\",\"name\":\"TouchPro Europe BV\",\"alternateName\":\"TPE\",\"url\":\"https:\\\/\\\/touchproeurope.eu\\\/\",\"logo\":{\"@type\":\"ImageObject\",\"inLanguage\":\"es\",\"@id\":\"https:\\\/\\\/touchproeurope.eu\\\/#\\\/schema\\\/logo\\\/image\\\/\",\"url\":\"https:\\\/\\\/i0.wp.com\\\/touchproeurope.eu\\\/wp-content\\\/uploads\\\/2023\\\/10\\\/2b592c_b6944d80811246d987cc2c29accedf3f.png?fit=1417%2C531&ssl=1\",\"contentUrl\":\"https:\\\/\\\/i0.wp.com\\\/touchproeurope.eu\\\/wp-content\\\/uploads\\\/2023\\\/10\\\/2b592c_b6944d80811246d987cc2c29accedf3f.png?fit=1417%2C531&ssl=1\",\"width\":1417,\"height\":531,\"caption\":\"TouchPro Europe BV\"},\"image\":{\"@id\":\"https:\\\/\\\/touchproeurope.eu\\\/#\\\/schema\\\/logo\\\/image\\\/\"},\"sameAs\":[\"https:\\\/\\\/www.facebook.com\\\/TouchproNederland\\\/?locale=nl_NL\\\/\",\"https:\\\/\\\/www.instagram.com\\\/touchpro2016\\\/\",\"https:\\\/\\\/www.linkedin.com\\\/company\\\/touchpro-europe-bv\\\/\"],\"description\":\"TouchPro Europe Shop is de massage winkel van Europa. Wij verkopen topkwaliteit massageproducten aan masseurs, pedicures, fysiotherapeuten, manicuren, Wellness centra, opleidingen, etc. TouchPro begon als een kleine webshop in Nederland, maar is nu uitgegroeid tot een webshop met klanten uit heel Europa. Wij bieden een breed assortiment aan massageproducten, waaronder massagetafels, oli\u00ebn, cr\u00e8mes, en accessoires van topmerken, zoals Earthlite, Stronglite en InnerStrenght, Habys, Living Earth Crafts en Continuum en andere leveranciers van massage accessoires. Bestel hier de beste massagematerialen van Europa!\",\"email\":\"info@touchpro-europe.com\",\"telephone\":\"0858768829\",\"legalName\":\"TouchPro Europe BV\",\"foundingDate\":\"2018-01-11\",\"vatID\":\"NL855430151B01\",\"numberOfEmployees\":{\"@type\":\"QuantitativeValue\",\"minValue\":\"1\",\"maxValue\":\"10\"},\"hasMerchantReturnPolicy\":{\"@type\":\"MerchantReturnPolicy\",\"merchantReturnLink\":\"https:\\\/\\\/touchproeurope.eu\\\/es\\\/retourbeleid\\\/\"}}]}<\/script>\n<meta property=\"product:price:amount\" content=\"5.00\" \/>\n<meta property=\"product:price:currency\" content=\"EUR\" \/>\n<meta property=\"og:availability\" content=\"instock\" \/>\n<meta property=\"product:availability\" content=\"instock\" \/>\n<meta property=\"product:retailer_item_id\" content=\"55500\" \/>\n<meta property=\"product:condition\" content=\"new\" \/>\n<!-- \/ Yoast SEO Premium plugin. -->","yoast_head_json":{"title":"Almohadillas de recambio para difusor USB de aromaterapia - Tienda TouchPro Europe","description":"Earthlite Mini Aromatherapy USB Diffuser Refill Pads te trae libertad. D\u00e9jate mimar con diferentes aromas. \ud83c\udf43 \u00a1Desc\u00fabrelo en TouchPro Europe!","robots":{"index":"index","follow":"follow","max-snippet":"max-snippet:-1","max-image-preview":"max-image-preview:large","max-video-preview":"max-video-preview:-1"},"canonical":"https:\/\/touchproeurope.eu\/es\/product\/mini-difusor-de-aromaterapia-usb-almohadillas-de-recambio\/","og_locale":"es_ES","og_type":"article","og_title":"Mini Aromatherapy USB Diffuser Refill Pads","og_description":"Earthlite Mini Aromatherapy USB Diffuser Refill Pads brengen je de vrijheid. Verwen jezelf met veel verschillende geuren! \ud83c\udf43 Ontdek het bij TouchPro Europe!","og_url":"https:\/\/touchproeurope.eu\/es\/product\/mini-difusor-de-aromaterapia-usb-almohadillas-de-recambio\/","og_site_name":"TouchPro Europe Shop","article_publisher":"https:\/\/www.facebook.com\/TouchproNederland\/?locale=nl_NL%2f","article_modified_time":"2026-04-22T09:32:02+00:00","og_image":[{"width":800,"height":800,"url":"https:\/\/touchproeurope.eu\/wp-content\/uploads\/2023\/11\/50679840098_dfcb6a7125_c.jpg","type":"image\/jpeg"}],"twitter_card":"summary_large_image","twitter_misc":{"Precio":"&euro;&nbsp;5,00 incl. BTW","Disponibilidad":"Disponible"},"schema":{"@context":"https:\/\/schema.org","@graph":[{"@type":"WebPage","@id":"https:\/\/touchproeurope.eu\/product\/mini-aromatherapy-usb-diffuser-refill-pads\/","url":"https:\/\/touchproeurope.eu\/product\/mini-aromatherapy-usb-diffuser-refill-pads\/","name":"Almohadillas de recambio para difusor USB de aromaterapia - Tienda TouchPro Europe","isPartOf":{"@id":"https:\/\/touchproeurope.eu\/#website"},"primaryImageOfPage":{"@id":"https:\/\/touchproeurope.eu\/product\/mini-aromatherapy-usb-diffuser-refill-pads\/#primaryimage"},"image":{"@id":"https:\/\/touchproeurope.eu\/product\/mini-aromatherapy-usb-diffuser-refill-pads\/#primaryimage"},"thumbnailUrl":"https:\/\/i0.wp.com\/touchproeurope.eu\/wp-content\/uploads\/2023\/11\/50679840098_dfcb6a7125_c.jpg?fit=800%2C800&ssl=1","datePublished":"2023-11-09T16:05:27+00:00","dateModified":"2026-04-22T09:32:02+00:00","description":"Earthlite Mini Aromatherapy USB Diffuser Refill Pads te trae libertad. D\u00e9jate mimar con diferentes aromas. \ud83c\udf43 \u00a1Desc\u00fabrelo en TouchPro Europe!","breadcrumb":{"@id":"https:\/\/touchproeurope.eu\/product\/mini-aromatherapy-usb-diffuser-refill-pads\/#breadcrumb"},"inLanguage":"es","potentialAction":[{"@type":"ReadAction","target":["https:\/\/touchproeurope.eu\/product\/mini-aromatherapy-usb-diffuser-refill-pads\/"]}]},{"@type":"ImageObject","inLanguage":"es","@id":"https:\/\/touchproeurope.eu\/product\/mini-aromatherapy-usb-diffuser-refill-pads\/#primaryimage","url":"https:\/\/i0.wp.com\/touchproeurope.eu\/wp-content\/uploads\/2023\/11\/50679840098_dfcb6a7125_c.jpg?fit=800%2C800&ssl=1","contentUrl":"https:\/\/i0.wp.com\/touchproeurope.eu\/wp-content\/uploads\/2023\/11\/50679840098_dfcb6a7125_c.jpg?fit=800%2C800&ssl=1","width":800,"height":800,"caption":"Mini Aromatherapy USB Diffuser Refill Pads"},{"@type":"BreadcrumbList","@id":"https:\/\/touchproeurope.eu\/product\/mini-aromatherapy-usb-diffuser-refill-pads\/#breadcrumb","itemListElement":[{"@type":"ListItem","position":1,"name":"Home","item":"https:\/\/touchproeurope.eu\/"},{"@type":"ListItem","position":2,"name":"Winkel","item":"https:\/\/touchproeurope.eu\/winkel\/"},{"@type":"ListItem","position":3,"name":"Mini Aromatherapy USB Diffuser Refill Pads"}]},{"@type":"WebSite","@id":"https:\/\/touchproeurope.eu\/#website","url":"https:\/\/touchproeurope.eu\/","name":"Tienda TouchPro Europe","description":"\u00a1Todo para su consulta con un toque PROfesional!","publisher":{"@id":"https:\/\/touchproeurope.eu\/#organization"},"alternateName":"TPE","potentialAction":[{"@type":"SearchAction","target":{"@type":"EntryPoint","urlTemplate":"https:\/\/touchproeurope.eu\/?s={search_term_string}"},"query-input":{"@type":"PropertyValueSpecification","valueRequired":true,"valueName":"search_term_string"}}],"inLanguage":"es"},{"@type":"Organization","@id":"https:\/\/touchproeurope.eu\/#organization","name":"TouchPro Europe BV","alternateName":"TPE","url":"https:\/\/touchproeurope.eu\/","logo":{"@type":"ImageObject","inLanguage":"es","@id":"https:\/\/touchproeurope.eu\/#\/schema\/logo\/image\/","url":"https:\/\/i0.wp.com\/touchproeurope.eu\/wp-content\/uploads\/2023\/10\/2b592c_b6944d80811246d987cc2c29accedf3f.png?fit=1417%2C531&ssl=1","contentUrl":"https:\/\/i0.wp.com\/touchproeurope.eu\/wp-content\/uploads\/2023\/10\/2b592c_b6944d80811246d987cc2c29accedf3f.png?fit=1417%2C531&ssl=1","width":1417,"height":531,"caption":"TouchPro Europe BV"},"image":{"@id":"https:\/\/touchproeurope.eu\/#\/schema\/logo\/image\/"},"sameAs":["https:\/\/www.facebook.com\/TouchproNederland\/?locale=nl_NL\/","https:\/\/www.instagram.com\/touchpro2016\/","https:\/\/www.linkedin.com\/company\/touchpro-europe-bv\/"],"description":"TouchPro Europe Shop es la tienda de masajes de Europa. Vendemos productos de masaje de primera calidad a masajistas, pedicuras, fisioterapeutas, manicuras, centros de bienestar, cursos de formaci\u00f3n, etc. TouchPro comenz\u00f3 como una peque\u00f1a tienda en los Pa\u00edses Bajos, pero ahora se ha convertido en una tienda con clientes de toda Europa. Ofrecemos una amplia gama de productos de masaje, incluyendo camillas de masaje, aceites, cremas y accesorios de las mejores marcas como Earthlite, Stronglite e InnerStrenght, Habys, Living Earth Crafts y Continuum y otros proveedores de accesorios de masaje. Pida aqu\u00ed los mejores art\u00edculos de masaje de Europa.","email":"info@touchpro-europe.com","telephone":"0858768829","legalName":"TouchPro Europe BV","foundingDate":"2018-01-11","vatID":"NL855430151B01","numberOfEmployees":{"@type":"QuantitativeValue","minValue":"1","maxValue":"10"},"hasMerchantReturnPolicy":{"@type":"MerchantReturnPolicy","merchantReturnLink":"https:\/\/touchproeurope.eu\/es\/retourbeleid\/"}}]},"product_price_amount":"5.00","product_price_currency":"EUR","og_availability":"instock","product_availability":"instock","product_retailer_item_id":"55500","product_condition":"new"},"_links":{"self":[{"href":"https:\/\/touchproeurope.eu\/es\/wp-json\/wp\/v2\/product\/3109","targetHints":{"allow":["GET"]}}],"collection":[{"href":"https:\/\/touchproeurope.eu\/es\/wp-json\/wp\/v2\/product"}],"about":[{"href":"https:\/\/touchproeurope.eu\/es\/wp-json\/wp\/v2\/types\/product"}],"replies":[{"embeddable":true,"href":"https:\/\/touchproeurope.eu\/es\/wp-json\/wp\/v2\/comments?post=3109"}],"version-history":[{"count":1,"href":"https:\/\/touchproeurope.eu\/es\/wp-json\/wp\/v2\/product\/3109\/revisions"}],"predecessor-version":[{"id":4935,"href":"https:\/\/touchproeurope.eu\/es\/wp-json\/wp\/v2\/product\/3109\/revisions\/4935"}],"wp:featuredmedia":[{"embeddable":true,"href":"https:\/\/touchproeurope.eu\/es\/wp-json\/wp\/v2\/media\/4932"}],"wp:attachment":[{"href":"https:\/\/touchproeurope.eu\/es\/wp-json\/wp\/v2\/media?parent=3109"}],"wp:term":[{"taxonomy":"product_brand","embeddable":true,"href":"https:\/\/touchproeurope.eu\/es\/wp-json\/wp\/v2\/product_brand?post=3109"},{"taxonomy":"product_cat","embeddable":true,"href":"https:\/\/touchproeurope.eu\/es\/wp-json\/wp\/v2\/product_cat?post=3109"},{"taxonomy":"product_tag","embeddable":true,"href":"https:\/\/touchproeurope.eu\/es\/wp-json\/wp\/v2\/product_tag?post=3109"}],"curies":[{"name":"wp","href":"https:\/\/api.w.org\/{rel}","templated":true}]}}