{"id":3124,"date":"2023-11-09T16:05:56","date_gmt":"2023-11-09T16:05:56","guid":{"rendered":"https:\/\/touchproeurope.eu\/?post_type=product&#038;p=3124"},"modified":"2026-03-04T16:55:30","modified_gmt":"2026-03-04T16:55:30","slug":"camilla-de-masaje-portatil-earthlite-calistoga","status":"publish","type":"product","link":"https:\/\/touchproeurope.eu\/es\/product\/earthlite-calistoga-draagbare-massagetafel\/","title":{"rendered":"Camilla de masaje port\u00e1til Earthlite Calistoga"},"content":{"rendered":"<p>Descubra la m\u00e1xima versatilidad, alta calidad y comodidad de la camilla de masaje port\u00e1til Earthlite Calistoga. Esta camilla no solo es un s\u00edmbolo de robustez y durabilidad, sino que tambi\u00e9n puede convertirse sin esfuerzo en un lujoso sill\u00f3n, lo que la convierte en la elecci\u00f3n perfecta para los terapeutas que valoran la movilidad y la flexibilidad.<\/p>\n<p>El paquete incluye la camilla de masaje port\u00e1til Earthlite Calistoga, c\u00f3modos reposabrazos, un reposapi\u00e9s, almohada de sal\u00f3n y almohada cervical, y un pr\u00e1ctico malet\u00edn de transporte con compartimento de almacenamiento adicional.<\/p>\n<p>Con un peso de s\u00f3lo 21 kg y un dise\u00f1o plegable, Calistoga es ideal para los terapeutas que se desplazan. Las secciones ajustables del respaldo y las piernas garantizan un posicionamiento \u00f3ptimo, mientras que el coj\u00edn Pro-Plush Deluxe de 3 capas y 7,5 cm de grosor garantiza el m\u00e1ximo confort a sus clientes.<\/p>\n<p>El armaz\u00f3n de madera dura de calidad garantiza la durabilidad, mientras que la anchura de 69 cm y la longitud de 155 - 196 cm (tras la extensi\u00f3n con el reposapi\u00e9s) ponen de relieve la versatilidad de esta mesa. Con una altura regulable de 59 - 84 cm, una capacidad de carga est\u00e1tica de hasta 907 kg y un peso de trabajo admisible de 227 kg, la Calistoga cumple los m\u00e1s altos est\u00e1ndares de fiabilidad y calidad.<\/p>\n<p>Haga su pedido ahora y compruebe por qu\u00e9 el Earthlite Calistoga es la elecci\u00f3n preferida de los terapeutas que buscan la excelencia. Con el Calistoga, tendr\u00e1 la seguridad de contar con un instrumento profesional que combina a la perfecci\u00f3n movilidad, comodidad y durabilidad. Mejore sus masajes y ofrezca a sus clientes el tratamiento que se merecen.<\/p>","protected":false},"excerpt":{"rendered":"<p><strong>El Earthlite Calistoga<\/strong> - vers\u00e1til, de alta calidad y f\u00e1cilmente convertible en un c\u00f3modo sill\u00f3n. Con su construcci\u00f3n robusta y duradera y su dise\u00f1o plegable, esta camilla de masaje es perfecta para terapeutas que necesitan movilidad y flexibilidad. Experimente la fiabilidad, calidad y multifuncionalidad con la Earthlite Calistoga. El paquete incluye:<\/p>\n<ul>\n<li>La camilla de masaje Earthlite Calistoga<\/li>\n<li>C\u00f3modos reposabrazos, reposapi\u00e9s, almohada y coj\u00edn cervical<\/li>\n<li>Bolsa de transporte con compartimento adicional<\/li>\n<\/ul>\n<p>Caracter\u00edsticas:<\/p>\n<ul>\n<li>Peso: 21 kg<\/li>\n<li>Respaldo y secciones de las piernas ajustables para un posicionamiento \u00f3ptimo<\/li>\n<li>Coj\u00edn Pro-Plush Deluxe de 3 capas de 7,5 cm de grosor<\/li>\n<li>Armaz\u00f3n de madera dura de calidad<\/li>\n<li>Anchura 69 cm<\/li>\n<li>Longitud de 155 - 196 cm (despu\u00e9s de la extensi\u00f3n con reposapi\u00e9s)<\/li>\n<li>Altura regulable de 59 a 84 cm<\/li>\n<li>Capacidad de carga est\u00e1tica de hasta 907 kg<\/li>\n<li>Peso de trabajo admisible de 227 kg<\/li>\n<li>Hoja de venta oficial: <a href=\"https:\/\/www.earthlite.com\/media\/wysiwyg\/SalesSheets\/2023-Reupload\/Calistoga_1-300-0090_-_Rev_012323.pdf\" target=\"_blank\" rel=\"noopener\">Calistoga<\/a><\/li>\n<\/ul>","protected":false},"featured_media":3123,"comment_status":"open","ping_status":"closed","template":"","meta":[],"product_brand":[343],"product_cat":[94,93],"product_tag":[121,122,85,39],"class_list":{"0":"post-3124","1":"product","2":"type-product","3":"status-publish","4":"has-post-thumbnail","6":"product_brand-earthlite","7":"product_cat-draagbare-massagetafels","8":"product_cat-massagetafels","9":"product_tag-calistoga","10":"product_tag-draagbaar","11":"product_tag-earthlite","12":"product_tag-massagetafel","13":"product_shipping_class-groot-pakket","14":"pa_merk-earthlite","16":"first","17":"instock","18":"taxable","19":"shipping-taxable","20":"purchasable","21":"product-type-simple"},"yoast_head":"<!-- This site is optimized with the Yoast SEO Premium plugin v27.3 (Yoast SEO v27.3) - https:\/\/yoast.com\/product\/yoast-seo-premium-wordpress\/ -->\n<title>Earthlite Calistoga draagbare Massagetafel - TouchPro Europe Shop<\/title>\n<meta name=\"description\" content=\"Ontdek de veelzijdige Earthlite Calistoga draagbare Massagetafel: mobiliteit, comfort en duurzaamheid gecombineerd. Bestel nu voor professionele massages!\" \/>\n<meta name=\"robots\" content=\"index, follow, max-snippet:-1, max-image-preview:large, max-video-preview:-1\" \/>\n<link rel=\"canonical\" href=\"https:\/\/touchproeurope.eu\/es\/product\/camilla-de-masaje-portatil-earthlite-calistoga\/\" \/>\n<meta property=\"og:locale\" content=\"es_ES\" \/>\n<meta property=\"og:type\" content=\"article\" \/>\n<meta property=\"og:title\" content=\"Earthlite Calistoga draagbare Massagetafel\" \/>\n<meta property=\"og:description\" content=\"Ontdek de veelzijdige Earthlite Calistoga draagbare Massagetafel: mobiliteit, comfort en duurzaamheid gecombineerd. Bestel nu voor professionele massages!\" \/>\n<meta property=\"og:url\" content=\"https:\/\/touchproeurope.eu\/es\/product\/camilla-de-masaje-portatil-earthlite-calistoga\/\" \/>\n<meta property=\"og:site_name\" content=\"TouchPro Europe Shop\" \/>\n<meta property=\"article:publisher\" content=\"https:\/\/www.facebook.com\/TouchproNederland\/?locale=nl_NL%2f\" \/>\n<meta property=\"article:modified_time\" content=\"2026-03-04T16:55:30+00:00\" \/>\n<meta property=\"og:image\" content=\"https:\/\/touchproeurope.eu\/wp-content\/uploads\/2023\/11\/1600963590.jpg\" \/>\n\t<meta property=\"og:image:width\" content=\"1896\" \/>\n\t<meta property=\"og:image:height\" content=\"1529\" \/>\n\t<meta property=\"og:image:type\" content=\"image\/jpeg\" \/>\n<meta name=\"twitter:card\" content=\"summary_large_image\" \/>\n<meta name=\"twitter:label1\" content=\"Precio\" \/>\n\t<meta name=\"twitter:data1\" content=\"&euro;&nbsp;1.995,00 incl. BTW\" \/>\n\t<meta name=\"twitter:label2\" content=\"Disponibilidad\" \/>\n\t<meta name=\"twitter:data2\" content=\"Disponible\" \/>\n<script type=\"application\/ld+json\" class=\"yoast-schema-graph\">{\"@context\":\"https:\\\/\\\/schema.org\",\"@graph\":[{\"@type\":\"WebPage\",\"@id\":\"https:\\\/\\\/touchproeurope.eu\\\/product\\\/earthlite-calistoga-draagbare-massagetafel\\\/\",\"url\":\"https:\\\/\\\/touchproeurope.eu\\\/product\\\/earthlite-calistoga-draagbare-massagetafel\\\/\",\"name\":\"Earthlite Calistoga draagbare Massagetafel - TouchPro Europe Shop\",\"isPartOf\":{\"@id\":\"https:\\\/\\\/touchproeurope.eu\\\/#website\"},\"primaryImageOfPage\":{\"@id\":\"https:\\\/\\\/touchproeurope.eu\\\/product\\\/earthlite-calistoga-draagbare-massagetafel\\\/#primaryimage\"},\"image\":{\"@id\":\"https:\\\/\\\/touchproeurope.eu\\\/product\\\/earthlite-calistoga-draagbare-massagetafel\\\/#primaryimage\"},\"thumbnailUrl\":\"https:\\\/\\\/i0.wp.com\\\/touchproeurope.eu\\\/wp-content\\\/uploads\\\/2023\\\/11\\\/1600963590.jpg?fit=1896%2C1529&ssl=1\",\"datePublished\":\"2023-11-09T16:05:56+00:00\",\"dateModified\":\"2026-03-04T16:55:30+00:00\",\"description\":\"Ontdek de veelzijdige Earthlite Calistoga draagbare Massagetafel: mobiliteit, comfort en duurzaamheid gecombineerd. Bestel nu voor professionele massages!\",\"breadcrumb\":{\"@id\":\"https:\\\/\\\/touchproeurope.eu\\\/product\\\/earthlite-calistoga-draagbare-massagetafel\\\/#breadcrumb\"},\"inLanguage\":\"es\",\"potentialAction\":[{\"@type\":\"ReadAction\",\"target\":[\"https:\\\/\\\/touchproeurope.eu\\\/product\\\/earthlite-calistoga-draagbare-massagetafel\\\/\"]}]},{\"@type\":\"ImageObject\",\"inLanguage\":\"es\",\"@id\":\"https:\\\/\\\/touchproeurope.eu\\\/product\\\/earthlite-calistoga-draagbare-massagetafel\\\/#primaryimage\",\"url\":\"https:\\\/\\\/i0.wp.com\\\/touchproeurope.eu\\\/wp-content\\\/uploads\\\/2023\\\/11\\\/1600963590.jpg?fit=1896%2C1529&ssl=1\",\"contentUrl\":\"https:\\\/\\\/i0.wp.com\\\/touchproeurope.eu\\\/wp-content\\\/uploads\\\/2023\\\/11\\\/1600963590.jpg?fit=1896%2C1529&ssl=1\",\"width\":1896,\"height\":1529,\"caption\":\"Earthlite Calistoga draagbare Massagetafel\"},{\"@type\":\"BreadcrumbList\",\"@id\":\"https:\\\/\\\/touchproeurope.eu\\\/product\\\/earthlite-calistoga-draagbare-massagetafel\\\/#breadcrumb\",\"itemListElement\":[{\"@type\":\"ListItem\",\"position\":1,\"name\":\"Home\",\"item\":\"https:\\\/\\\/touchproeurope.eu\\\/\"},{\"@type\":\"ListItem\",\"position\":2,\"name\":\"Winkel\",\"item\":\"https:\\\/\\\/touchproeurope.eu\\\/winkel\\\/\"},{\"@type\":\"ListItem\",\"position\":3,\"name\":\"Earthlite Calistoga draagbare Massagetafel\"}]},{\"@type\":\"WebSite\",\"@id\":\"https:\\\/\\\/touchproeurope.eu\\\/#website\",\"url\":\"https:\\\/\\\/touchproeurope.eu\\\/\",\"name\":\"TouchPro Europe Shop\",\"description\":\"Alles voor jouw praktijk met een PROfessionele Touch!\",\"publisher\":{\"@id\":\"https:\\\/\\\/touchproeurope.eu\\\/#organization\"},\"alternateName\":\"TPE\",\"potentialAction\":[{\"@type\":\"SearchAction\",\"target\":{\"@type\":\"EntryPoint\",\"urlTemplate\":\"https:\\\/\\\/touchproeurope.eu\\\/?s={search_term_string}\"},\"query-input\":{\"@type\":\"PropertyValueSpecification\",\"valueRequired\":true,\"valueName\":\"search_term_string\"}}],\"inLanguage\":\"es\"},{\"@type\":\"Organization\",\"@id\":\"https:\\\/\\\/touchproeurope.eu\\\/#organization\",\"name\":\"TouchPro Europe BV\",\"alternateName\":\"TPE\",\"url\":\"https:\\\/\\\/touchproeurope.eu\\\/\",\"logo\":{\"@type\":\"ImageObject\",\"inLanguage\":\"es\",\"@id\":\"https:\\\/\\\/touchproeurope.eu\\\/#\\\/schema\\\/logo\\\/image\\\/\",\"url\":\"https:\\\/\\\/i0.wp.com\\\/touchproeurope.eu\\\/wp-content\\\/uploads\\\/2023\\\/10\\\/2b592c_b6944d80811246d987cc2c29accedf3f.png?fit=1417%2C531&ssl=1\",\"contentUrl\":\"https:\\\/\\\/i0.wp.com\\\/touchproeurope.eu\\\/wp-content\\\/uploads\\\/2023\\\/10\\\/2b592c_b6944d80811246d987cc2c29accedf3f.png?fit=1417%2C531&ssl=1\",\"width\":1417,\"height\":531,\"caption\":\"TouchPro Europe BV\"},\"image\":{\"@id\":\"https:\\\/\\\/touchproeurope.eu\\\/#\\\/schema\\\/logo\\\/image\\\/\"},\"sameAs\":[\"https:\\\/\\\/www.facebook.com\\\/TouchproNederland\\\/?locale=nl_NL\\\/\",\"https:\\\/\\\/www.instagram.com\\\/touchpro2016\\\/\",\"https:\\\/\\\/www.linkedin.com\\\/company\\\/touchpro-europe-bv\\\/\"],\"description\":\"TouchPro Europe Shop is de massage winkel van Europa. Wij verkopen topkwaliteit massageproducten aan masseurs, pedicures, fysiotherapeuten, manicuren, Wellness centra, opleidingen, etc. TouchPro begon als een kleine webshop in Nederland, maar is nu uitgegroeid tot een webshop met klanten uit heel Europa. Wij bieden een breed assortiment aan massageproducten, waaronder massagetafels, oli\u00ebn, cr\u00e8mes, en accessoires van topmerken, zoals Earthlite, Stronglite en InnerStrenght, Habys, Living Earth Crafts en Continuum en andere leveranciers van massage accessoires. Bestel hier de beste massagematerialen van Europa!\",\"email\":\"info@touchpro-europe.com\",\"telephone\":\"0858768829\",\"legalName\":\"TouchPro Europe BV\",\"foundingDate\":\"2018-01-11\",\"vatID\":\"NL855430151B01\",\"numberOfEmployees\":{\"@type\":\"QuantitativeValue\",\"minValue\":\"1\",\"maxValue\":\"10\"},\"hasMerchantReturnPolicy\":{\"@type\":\"MerchantReturnPolicy\",\"merchantReturnLink\":\"https:\\\/\\\/touchproeurope.eu\\\/es\\\/retourbeleid\\\/\"}}]}<\/script>\n<meta property=\"product:brand\" content=\"Earthlite\" \/>\n<meta property=\"product:price:amount\" content=\"1995.00\" \/>\n<meta property=\"product:price:currency\" content=\"EUR\" \/>\n<meta property=\"og:availability\" content=\"instock\" \/>\n<meta property=\"product:availability\" content=\"instock\" \/>\n<meta property=\"product:retailer_item_id\" content=\"68404\" \/>\n<meta property=\"product:condition\" content=\"new\" \/>\n<!-- \/ Yoast SEO Premium plugin. -->","yoast_head_json":{"title":"Camilla de masaje port\u00e1til Earthlite Calistoga - Tienda TouchPro Europe","description":"Descubra la vers\u00e1til camilla de masaje port\u00e1til Earthlite Calistoga: movilidad, comodidad y durabilidad combinadas. \u00a1P\u00eddala ya para masajes profesionales!","robots":{"index":"index","follow":"follow","max-snippet":"max-snippet:-1","max-image-preview":"max-image-preview:large","max-video-preview":"max-video-preview:-1"},"canonical":"https:\/\/touchproeurope.eu\/es\/product\/camilla-de-masaje-portatil-earthlite-calistoga\/","og_locale":"es_ES","og_type":"article","og_title":"Earthlite Calistoga draagbare Massagetafel","og_description":"Ontdek de veelzijdige Earthlite Calistoga draagbare Massagetafel: mobiliteit, comfort en duurzaamheid gecombineerd. Bestel nu voor professionele massages!","og_url":"https:\/\/touchproeurope.eu\/es\/product\/camilla-de-masaje-portatil-earthlite-calistoga\/","og_site_name":"TouchPro Europe Shop","article_publisher":"https:\/\/www.facebook.com\/TouchproNederland\/?locale=nl_NL%2f","article_modified_time":"2026-03-04T16:55:30+00:00","og_image":[{"width":1896,"height":1529,"url":"https:\/\/touchproeurope.eu\/wp-content\/uploads\/2023\/11\/1600963590.jpg","type":"image\/jpeg"}],"twitter_card":"summary_large_image","twitter_misc":{"Precio":"&euro;&nbsp;1.995,00 incl. BTW","Disponibilidad":"Disponible"},"schema":{"@context":"https:\/\/schema.org","@graph":[{"@type":"WebPage","@id":"https:\/\/touchproeurope.eu\/product\/earthlite-calistoga-draagbare-massagetafel\/","url":"https:\/\/touchproeurope.eu\/product\/earthlite-calistoga-draagbare-massagetafel\/","name":"Camilla de masaje port\u00e1til Earthlite Calistoga - Tienda TouchPro Europe","isPartOf":{"@id":"https:\/\/touchproeurope.eu\/#website"},"primaryImageOfPage":{"@id":"https:\/\/touchproeurope.eu\/product\/earthlite-calistoga-draagbare-massagetafel\/#primaryimage"},"image":{"@id":"https:\/\/touchproeurope.eu\/product\/earthlite-calistoga-draagbare-massagetafel\/#primaryimage"},"thumbnailUrl":"https:\/\/i0.wp.com\/touchproeurope.eu\/wp-content\/uploads\/2023\/11\/1600963590.jpg?fit=1896%2C1529&ssl=1","datePublished":"2023-11-09T16:05:56+00:00","dateModified":"2026-03-04T16:55:30+00:00","description":"Descubra la vers\u00e1til camilla de masaje port\u00e1til Earthlite Calistoga: movilidad, comodidad y durabilidad combinadas. \u00a1P\u00eddala ya para masajes profesionales!","breadcrumb":{"@id":"https:\/\/touchproeurope.eu\/product\/earthlite-calistoga-draagbare-massagetafel\/#breadcrumb"},"inLanguage":"es","potentialAction":[{"@type":"ReadAction","target":["https:\/\/touchproeurope.eu\/product\/earthlite-calistoga-draagbare-massagetafel\/"]}]},{"@type":"ImageObject","inLanguage":"es","@id":"https:\/\/touchproeurope.eu\/product\/earthlite-calistoga-draagbare-massagetafel\/#primaryimage","url":"https:\/\/i0.wp.com\/touchproeurope.eu\/wp-content\/uploads\/2023\/11\/1600963590.jpg?fit=1896%2C1529&ssl=1","contentUrl":"https:\/\/i0.wp.com\/touchproeurope.eu\/wp-content\/uploads\/2023\/11\/1600963590.jpg?fit=1896%2C1529&ssl=1","width":1896,"height":1529,"caption":"Earthlite Calistoga draagbare Massagetafel"},{"@type":"BreadcrumbList","@id":"https:\/\/touchproeurope.eu\/product\/earthlite-calistoga-draagbare-massagetafel\/#breadcrumb","itemListElement":[{"@type":"ListItem","position":1,"name":"Home","item":"https:\/\/touchproeurope.eu\/"},{"@type":"ListItem","position":2,"name":"Winkel","item":"https:\/\/touchproeurope.eu\/winkel\/"},{"@type":"ListItem","position":3,"name":"Earthlite Calistoga draagbare Massagetafel"}]},{"@type":"WebSite","@id":"https:\/\/touchproeurope.eu\/#website","url":"https:\/\/touchproeurope.eu\/","name":"Tienda TouchPro Europe","description":"\u00a1Todo para su consulta con un toque PROfesional!","publisher":{"@id":"https:\/\/touchproeurope.eu\/#organization"},"alternateName":"TPE","potentialAction":[{"@type":"SearchAction","target":{"@type":"EntryPoint","urlTemplate":"https:\/\/touchproeurope.eu\/?s={search_term_string}"},"query-input":{"@type":"PropertyValueSpecification","valueRequired":true,"valueName":"search_term_string"}}],"inLanguage":"es"},{"@type":"Organization","@id":"https:\/\/touchproeurope.eu\/#organization","name":"TouchPro Europe BV","alternateName":"TPE","url":"https:\/\/touchproeurope.eu\/","logo":{"@type":"ImageObject","inLanguage":"es","@id":"https:\/\/touchproeurope.eu\/#\/schema\/logo\/image\/","url":"https:\/\/i0.wp.com\/touchproeurope.eu\/wp-content\/uploads\/2023\/10\/2b592c_b6944d80811246d987cc2c29accedf3f.png?fit=1417%2C531&ssl=1","contentUrl":"https:\/\/i0.wp.com\/touchproeurope.eu\/wp-content\/uploads\/2023\/10\/2b592c_b6944d80811246d987cc2c29accedf3f.png?fit=1417%2C531&ssl=1","width":1417,"height":531,"caption":"TouchPro Europe BV"},"image":{"@id":"https:\/\/touchproeurope.eu\/#\/schema\/logo\/image\/"},"sameAs":["https:\/\/www.facebook.com\/TouchproNederland\/?locale=nl_NL\/","https:\/\/www.instagram.com\/touchpro2016\/","https:\/\/www.linkedin.com\/company\/touchpro-europe-bv\/"],"description":"TouchPro Europe Shop es la tienda de masajes de Europa. Vendemos productos de masaje de primera calidad a masajistas, pedicuras, fisioterapeutas, manicuras, centros de bienestar, cursos de formaci\u00f3n, etc. TouchPro comenz\u00f3 como una peque\u00f1a tienda en los Pa\u00edses Bajos, pero ahora se ha convertido en una tienda con clientes de toda Europa. Ofrecemos una amplia gama de productos de masaje, incluyendo camillas de masaje, aceites, cremas y accesorios de las mejores marcas como Earthlite, Stronglite e InnerStrenght, Habys, Living Earth Crafts y Continuum y otros proveedores de accesorios de masaje. Pida aqu\u00ed los mejores art\u00edculos de masaje de Europa.","email":"info@touchpro-europe.com","telephone":"0858768829","legalName":"TouchPro Europe BV","foundingDate":"2018-01-11","vatID":"NL855430151B01","numberOfEmployees":{"@type":"QuantitativeValue","minValue":"1","maxValue":"10"},"hasMerchantReturnPolicy":{"@type":"MerchantReturnPolicy","merchantReturnLink":"https:\/\/touchproeurope.eu\/es\/retourbeleid\/"}}]},"product_brand":"Earthlite","product_price_amount":"1995.00","product_price_currency":"EUR","og_availability":"instock","product_availability":"instock","product_retailer_item_id":"68404","product_condition":"new"},"_links":{"self":[{"href":"https:\/\/touchproeurope.eu\/es\/wp-json\/wp\/v2\/product\/3124","targetHints":{"allow":["GET"]}}],"collection":[{"href":"https:\/\/touchproeurope.eu\/es\/wp-json\/wp\/v2\/product"}],"about":[{"href":"https:\/\/touchproeurope.eu\/es\/wp-json\/wp\/v2\/types\/product"}],"replies":[{"embeddable":true,"href":"https:\/\/touchproeurope.eu\/es\/wp-json\/wp\/v2\/comments?post=3124"}],"version-history":[{"count":2,"href":"https:\/\/touchproeurope.eu\/es\/wp-json\/wp\/v2\/product\/3124\/revisions"}],"predecessor-version":[{"id":3628,"href":"https:\/\/touchproeurope.eu\/es\/wp-json\/wp\/v2\/product\/3124\/revisions\/3628"}],"wp:featuredmedia":[{"embeddable":true,"href":"https:\/\/touchproeurope.eu\/es\/wp-json\/wp\/v2\/media\/3123"}],"wp:attachment":[{"href":"https:\/\/touchproeurope.eu\/es\/wp-json\/wp\/v2\/media?parent=3124"}],"wp:term":[{"taxonomy":"product_brand","embeddable":true,"href":"https:\/\/touchproeurope.eu\/es\/wp-json\/wp\/v2\/product_brand?post=3124"},{"taxonomy":"product_cat","embeddable":true,"href":"https:\/\/touchproeurope.eu\/es\/wp-json\/wp\/v2\/product_cat?post=3124"},{"taxonomy":"product_tag","embeddable":true,"href":"https:\/\/touchproeurope.eu\/es\/wp-json\/wp\/v2\/product_tag?post=3124"}],"curies":[{"name":"wp","href":"https:\/\/api.w.org\/{rel}","templated":true}]}}