{"id":3128,"date":"2023-11-09T16:06:08","date_gmt":"2023-11-09T16:06:08","guid":{"rendered":"https:\/\/touchproeurope.eu\/?post_type=product&#038;p=3128"},"modified":"2026-04-22T14:51:35","modified_gmt":"2026-04-22T14:51:35","slug":"camilla-de-masaje-earthlite-avalon-xd","status":"publish","type":"product","link":"https:\/\/touchproeurope.eu\/es\/product\/earthlite-avalon-xd-massagetafel\/","title":{"rendered":"Camilla de Masaje EarthLite Avalon XD"},"content":{"rendered":"<p>Descubra la combinaci\u00f3n definitiva de comodidad y movilidad con la camilla de masaje EarthLite Avalon XD. Esta camilla plegable de alta calidad es la elecci\u00f3n perfecta para los masajistas profesionales que buscan calidad y comodidad.<\/p>\n<p>Con una anchura de 76 x 185 cm y una altura ajustable de 58 - 84 cm, el Avalon XD ofrece una estaci\u00f3n de trabajo ideal para diversos tratamientos. El armaz\u00f3n de madera de arce duro de calidad y las placas terminales mitad Reiki - mitad est\u00e1ndar garantizan estabilidad y versatilidad.<\/p>\n<p>El firme coj\u00edn de 7,5 cm de grosor, junto con el lujoso flexrest y la almohada de espuma viscoel\u00e1stica LEC Strata. Esto garantiza el m\u00e1ximo confort tanto para el masajista como para el cliente. La adici\u00f3n de una opci\u00f3n de liberaci\u00f3n Shiatsu y el sistema patentado de soporte de cable Cradle Lock. Whence, que puede cargar hasta 450 kg, hacen que esta camilla sea a\u00fan m\u00e1s resistente y duradera.<\/p>\n<p>La EarthLite Avalon XD viene con una bolsa de transporte a juego con compartimento de almacenamiento adicional, lo que facilita su movilidad. La tapicer\u00eda Nature's Touch, duradera, lujosa y respetuosa con el medio ambiente, a\u00f1ade un toque de elegancia a su espacio de trabajo.<\/p>\n<p>Con una capacidad de carga m\u00e1xima de 340 kg y una garant\u00eda limitada de por vida para el armaz\u00f3n. Adem\u00e1s de 3 a\u00f1os de garant\u00eda en la espuma y el vinilo, no solo est\u00e1 invirtiendo en una camilla de masaje, sino tambi\u00e9n en tranquilidad.<\/p>\n<p>Elija entre los colores disponibles Mystic Blue, Black y Vanilla Creme, o personal\u00edcela con Burgundy y Amethyst con un plazo de entrega de unas 12 semanas. Haga su pedido hoy y experimente la calidad superior de la camilla de masaje EarthLite Avalon XD para todas sus sesiones de tratamiento.<\/p>","protected":false},"excerpt":{"rendered":"<p><strong>Camilla de Masaje EarthLite Avalon XD<\/strong> - Una camilla de masaje plegable de alta calidad perfecta para tratamientos. Con su construcci\u00f3n robusta y su c\u00f3modo coj\u00edn, esta camilla proporciona una estaci\u00f3n de trabajo ideal para masajistas profesionales. Experimente la facilidad de movilidad y la calidad de la camilla de masaje EarthLite Avalon XD para todas sus sesiones de masaje y tratamiento. El paquete incluye:<\/p>\n<ul>\n<li>Camilla de Masaje EarthLite Avalon XD<\/li>\n<li>Reposapi\u00e9s de lujo para una mayor comodidad cuando se combina con la lujosa almohada de espuma viscoel\u00e1stica LEC Strata<\/li>\n<li>Malet\u00edn de transporte a juego con compartimento de almacenamiento adicional<\/li>\n<\/ul>\n<p>Caracter\u00edsticas:<\/p>\n<ul>\n<li>Anchura 76 x 185 cm<\/li>\n<li>Altura regulable de 58 a 84 cm<\/li>\n<li>Capacidad de carga m\u00e1xima 340 kg<\/li>\n<li>Armaz\u00f3n de madera de arce duro de calidad<\/li>\n<li>Mitad Reiki - mitad placas finales est\u00e1ndar<\/li>\n<li>Coj\u00edn firme de 7,5 cm de grosor<\/li>\n<li>Opci\u00f3n de liberaci\u00f3n Shiatsu<\/li>\n<li>Sistema de soporte de cables Pantented Cradle Lock, que hace que la mesa sea a\u00fan m\u00e1s resistente (los cables pueden cargarse hasta 450 kg).<\/li>\n<li>Tapicer\u00eda Nature's Touch sostenible, lujosa y ecol\u00f3gica<\/li>\n<li>Garant\u00eda limitada de por vida para el armaz\u00f3n y de 3 a\u00f1os para la espuma y el vinilo<\/li>\n<li>Hoja de venta oficial: <a href=\"https:\/\/touchproeurope.eu\/wp-content\/uploads\/2023\/11\/Avalon-XD-1-300-0079-Rev_012323-1.pdf\">Avalon XD<\/a><\/li>\n<\/ul>\n<p>Disponible inmediatamente en los colores: Mystic Blue, Black y Vanilla Creme. Por encargo en Borgo\u00f1a y Amatista - el plazo de entrega en ese caso es de aproximadamente 12 semanas.<\/p>","protected":false},"featured_media":3350,"comment_status":"open","ping_status":"closed","template":"","meta":[],"product_brand":[343],"product_cat":[94,93],"product_tag":[88,85,39],"class_list":{"0":"post-3128","1":"product","2":"type-product","3":"status-publish","4":"has-post-thumbnail","6":"product_brand-earthlite","7":"product_cat-draagbare-massagetafels","8":"product_cat-massagetafels","9":"product_tag-avalon","10":"product_tag-earthlite","11":"product_tag-massagetafel","12":"product_shipping_class-groot-pakket","13":"pa_kleur-blauw","14":"pa_kleur-bordeaux","15":"pa_kleur-paars","16":"pa_kleur-vanille-creme","17":"pa_kleur-zwart","18":"pa_merk-earthlite","20":"first","21":"instock","22":"taxable","23":"shipping-taxable","24":"purchasable","25":"product-type-variable"},"yoast_head":"<!-- This site is optimized with the Yoast SEO Premium plugin v27.5 (Yoast SEO v27.5) - https:\/\/yoast.com\/product\/yoast-seo-premium-wordpress\/ -->\n<title>EarthLite Avalon XD Massagetafel - TouchPro Europe Shop<\/title>\n<meta name=\"description\" content=\"Ervaar topprestaties met de inklapbare EarthLite Avalon XD Massagetafel. Comfortabel, duurzaam en direct leverbaar in diverse kleuren. Bestel nu!\" \/>\n<meta name=\"robots\" content=\"index, follow, max-snippet:-1, max-image-preview:large, max-video-preview:-1\" \/>\n<link rel=\"canonical\" href=\"https:\/\/touchproeurope.eu\/es\/product\/camilla-de-masaje-earthlite-avalon-xd\/\" \/>\n<meta property=\"og:locale\" content=\"es_ES\" \/>\n<meta property=\"og:type\" content=\"article\" \/>\n<meta property=\"og:title\" content=\"EarthLite Avalon XD Massagetafel\" \/>\n<meta property=\"og:description\" content=\"Ervaar topprestaties met de inklapbare EarthLite Avalon XD Massagetafel. Comfortabel, duurzaam en direct leverbaar in diverse kleuren. Bestel nu!\" \/>\n<meta property=\"og:url\" content=\"https:\/\/touchproeurope.eu\/es\/product\/camilla-de-masaje-earthlite-avalon-xd\/\" \/>\n<meta property=\"og:site_name\" content=\"TouchPro Europe Shop\" \/>\n<meta property=\"article:publisher\" content=\"https:\/\/www.facebook.com\/TouchproNederland\/?locale=nl_NL%2f\" \/>\n<meta property=\"article:modified_time\" content=\"2026-04-22T14:51:35+00:00\" \/>\n<meta property=\"og:image\" content=\"https:\/\/touchproeurope.eu\/wp-content\/uploads\/2023\/11\/EarthLite-Avalon-XD-Massagetafel-Paars-e1764672439173.jpg\" \/>\n\t<meta property=\"og:image:width\" content=\"800\" \/>\n\t<meta property=\"og:image:height\" content=\"800\" \/>\n\t<meta property=\"og:image:type\" content=\"image\/jpeg\" \/>\n<meta name=\"twitter:card\" content=\"summary_large_image\" \/>\n<meta name=\"twitter:label1\" content=\"Disponibilidad\" \/>\n\t<meta name=\"twitter:data1\" content=\"Disponible\" \/>\n<script type=\"application\/ld+json\" class=\"yoast-schema-graph\">{\"@context\":\"https:\\\/\\\/schema.org\",\"@graph\":[{\"@type\":\"WebPage\",\"@id\":\"https:\\\/\\\/touchproeurope.eu\\\/product\\\/earthlite-avalon-xd-massagetafel\\\/\",\"url\":\"https:\\\/\\\/touchproeurope.eu\\\/product\\\/earthlite-avalon-xd-massagetafel\\\/\",\"name\":\"EarthLite Avalon XD Massagetafel - TouchPro Europe Shop\",\"isPartOf\":{\"@id\":\"https:\\\/\\\/touchproeurope.eu\\\/#website\"},\"primaryImageOfPage\":{\"@id\":\"https:\\\/\\\/touchproeurope.eu\\\/product\\\/earthlite-avalon-xd-massagetafel\\\/#primaryimage\"},\"image\":{\"@id\":\"https:\\\/\\\/touchproeurope.eu\\\/product\\\/earthlite-avalon-xd-massagetafel\\\/#primaryimage\"},\"thumbnailUrl\":\"https:\\\/\\\/i0.wp.com\\\/touchproeurope.eu\\\/wp-content\\\/uploads\\\/2023\\\/11\\\/EarthLite-Avalon-XD-Massagetafel-Paars-e1764672439173.jpg?fit=800%2C800&ssl=1\",\"datePublished\":\"2023-11-09T16:06:08+00:00\",\"dateModified\":\"2026-04-22T14:51:35+00:00\",\"description\":\"Ervaar topprestaties met de inklapbare EarthLite Avalon XD Massagetafel. Comfortabel, duurzaam en direct leverbaar in diverse kleuren. Bestel nu!\",\"breadcrumb\":{\"@id\":\"https:\\\/\\\/touchproeurope.eu\\\/product\\\/earthlite-avalon-xd-massagetafel\\\/#breadcrumb\"},\"inLanguage\":\"es\",\"potentialAction\":[{\"@type\":\"ReadAction\",\"target\":[\"https:\\\/\\\/touchproeurope.eu\\\/product\\\/earthlite-avalon-xd-massagetafel\\\/\"]}]},{\"@type\":\"ImageObject\",\"inLanguage\":\"es\",\"@id\":\"https:\\\/\\\/touchproeurope.eu\\\/product\\\/earthlite-avalon-xd-massagetafel\\\/#primaryimage\",\"url\":\"https:\\\/\\\/i0.wp.com\\\/touchproeurope.eu\\\/wp-content\\\/uploads\\\/2023\\\/11\\\/EarthLite-Avalon-XD-Massagetafel-Paars-e1764672439173.jpg?fit=800%2C800&ssl=1\",\"contentUrl\":\"https:\\\/\\\/i0.wp.com\\\/touchproeurope.eu\\\/wp-content\\\/uploads\\\/2023\\\/11\\\/EarthLite-Avalon-XD-Massagetafel-Paars-e1764672439173.jpg?fit=800%2C800&ssl=1\",\"width\":800,\"height\":800,\"caption\":\"EarthLite Avalon XD Massagetafel Paars\"},{\"@type\":\"BreadcrumbList\",\"@id\":\"https:\\\/\\\/touchproeurope.eu\\\/product\\\/earthlite-avalon-xd-massagetafel\\\/#breadcrumb\",\"itemListElement\":[{\"@type\":\"ListItem\",\"position\":1,\"name\":\"Home\",\"item\":\"https:\\\/\\\/touchproeurope.eu\\\/\"},{\"@type\":\"ListItem\",\"position\":2,\"name\":\"Winkel\",\"item\":\"https:\\\/\\\/touchproeurope.eu\\\/winkel\\\/\"},{\"@type\":\"ListItem\",\"position\":3,\"name\":\"EarthLite Avalon XD Massagetafel\"}]},{\"@type\":\"WebSite\",\"@id\":\"https:\\\/\\\/touchproeurope.eu\\\/#website\",\"url\":\"https:\\\/\\\/touchproeurope.eu\\\/\",\"name\":\"TouchPro Europe Shop\",\"description\":\"Alles voor jouw praktijk met een PROfessionele Touch!\",\"publisher\":{\"@id\":\"https:\\\/\\\/touchproeurope.eu\\\/#organization\"},\"alternateName\":\"TPE\",\"potentialAction\":[{\"@type\":\"SearchAction\",\"target\":{\"@type\":\"EntryPoint\",\"urlTemplate\":\"https:\\\/\\\/touchproeurope.eu\\\/?s={search_term_string}\"},\"query-input\":{\"@type\":\"PropertyValueSpecification\",\"valueRequired\":true,\"valueName\":\"search_term_string\"}}],\"inLanguage\":\"es\"},{\"@type\":\"Organization\",\"@id\":\"https:\\\/\\\/touchproeurope.eu\\\/#organization\",\"name\":\"TouchPro Europe BV\",\"alternateName\":\"TPE\",\"url\":\"https:\\\/\\\/touchproeurope.eu\\\/\",\"logo\":{\"@type\":\"ImageObject\",\"inLanguage\":\"es\",\"@id\":\"https:\\\/\\\/touchproeurope.eu\\\/#\\\/schema\\\/logo\\\/image\\\/\",\"url\":\"https:\\\/\\\/i0.wp.com\\\/touchproeurope.eu\\\/wp-content\\\/uploads\\\/2023\\\/10\\\/2b592c_b6944d80811246d987cc2c29accedf3f.png?fit=1417%2C531&ssl=1\",\"contentUrl\":\"https:\\\/\\\/i0.wp.com\\\/touchproeurope.eu\\\/wp-content\\\/uploads\\\/2023\\\/10\\\/2b592c_b6944d80811246d987cc2c29accedf3f.png?fit=1417%2C531&ssl=1\",\"width\":1417,\"height\":531,\"caption\":\"TouchPro Europe BV\"},\"image\":{\"@id\":\"https:\\\/\\\/touchproeurope.eu\\\/#\\\/schema\\\/logo\\\/image\\\/\"},\"sameAs\":[\"https:\\\/\\\/www.facebook.com\\\/TouchproNederland\\\/?locale=nl_NL\\\/\",\"https:\\\/\\\/www.instagram.com\\\/touchpro2016\\\/\",\"https:\\\/\\\/www.linkedin.com\\\/company\\\/touchpro-europe-bv\\\/\"],\"description\":\"TouchPro Europe Shop is de massage winkel van Europa. Wij verkopen topkwaliteit massageproducten aan masseurs, pedicures, fysiotherapeuten, manicuren, Wellness centra, opleidingen, etc. TouchPro begon als een kleine webshop in Nederland, maar is nu uitgegroeid tot een webshop met klanten uit heel Europa. Wij bieden een breed assortiment aan massageproducten, waaronder massagetafels, oli\u00ebn, cr\u00e8mes, en accessoires van topmerken, zoals Earthlite, Stronglite en InnerStrenght, Habys, Living Earth Crafts en Continuum en andere leveranciers van massage accessoires. Bestel hier de beste massagematerialen van Europa!\",\"email\":\"info@touchpro-europe.com\",\"telephone\":\"0858768829\",\"legalName\":\"TouchPro Europe BV\",\"foundingDate\":\"2018-01-11\",\"vatID\":\"NL855430151B01\",\"numberOfEmployees\":{\"@type\":\"QuantitativeValue\",\"minValue\":\"1\",\"maxValue\":\"10\"},\"hasMerchantReturnPolicy\":{\"@type\":\"MerchantReturnPolicy\",\"merchantReturnLink\":\"https:\\\/\\\/touchproeurope.eu\\\/es\\\/retourbeleid\\\/\"}}]}<\/script>\n<meta property=\"product:brand\" content=\"Earthlite\" \/>\n<meta property=\"og:availability\" content=\"instock\" \/>\n<meta property=\"product:availability\" content=\"instock\" \/>\n<meta property=\"product:retailer_item_id\" content=\"69900\" \/>\n<meta property=\"product:condition\" content=\"new\" \/>\n<!-- \/ Yoast SEO Premium plugin. -->","yoast_head_json":{"title":"Camilla de masaje EarthLite Avalon XD - Tienda TouchPro Europe","description":"Experimente el m\u00e1ximo rendimiento con la camilla de masaje plegable EarthLite Avalon XD. C\u00f3moda, duradera y disponible en varios colores. \u00a1P\u00eddala ya!","robots":{"index":"index","follow":"follow","max-snippet":"max-snippet:-1","max-image-preview":"max-image-preview:large","max-video-preview":"max-video-preview:-1"},"canonical":"https:\/\/touchproeurope.eu\/es\/product\/camilla-de-masaje-earthlite-avalon-xd\/","og_locale":"es_ES","og_type":"article","og_title":"EarthLite Avalon XD Massagetafel","og_description":"Ervaar topprestaties met de inklapbare EarthLite Avalon XD Massagetafel. Comfortabel, duurzaam en direct leverbaar in diverse kleuren. Bestel nu!","og_url":"https:\/\/touchproeurope.eu\/es\/product\/camilla-de-masaje-earthlite-avalon-xd\/","og_site_name":"TouchPro Europe Shop","article_publisher":"https:\/\/www.facebook.com\/TouchproNederland\/?locale=nl_NL%2f","article_modified_time":"2026-04-22T14:51:35+00:00","og_image":[{"width":800,"height":800,"url":"https:\/\/touchproeurope.eu\/wp-content\/uploads\/2023\/11\/EarthLite-Avalon-XD-Massagetafel-Paars-e1764672439173.jpg","type":"image\/jpeg"}],"twitter_card":"summary_large_image","twitter_misc":{"Disponibilidad":"Disponible"},"schema":{"@context":"https:\/\/schema.org","@graph":[{"@type":"WebPage","@id":"https:\/\/touchproeurope.eu\/product\/earthlite-avalon-xd-massagetafel\/","url":"https:\/\/touchproeurope.eu\/product\/earthlite-avalon-xd-massagetafel\/","name":"Camilla de masaje EarthLite Avalon XD - Tienda TouchPro Europe","isPartOf":{"@id":"https:\/\/touchproeurope.eu\/#website"},"primaryImageOfPage":{"@id":"https:\/\/touchproeurope.eu\/product\/earthlite-avalon-xd-massagetafel\/#primaryimage"},"image":{"@id":"https:\/\/touchproeurope.eu\/product\/earthlite-avalon-xd-massagetafel\/#primaryimage"},"thumbnailUrl":"https:\/\/i0.wp.com\/touchproeurope.eu\/wp-content\/uploads\/2023\/11\/EarthLite-Avalon-XD-Massagetafel-Paars-e1764672439173.jpg?fit=800%2C800&ssl=1","datePublished":"2023-11-09T16:06:08+00:00","dateModified":"2026-04-22T14:51:35+00:00","description":"Experimente el m\u00e1ximo rendimiento con la camilla de masaje plegable EarthLite Avalon XD. C\u00f3moda, duradera y disponible en varios colores. \u00a1P\u00eddala ya!","breadcrumb":{"@id":"https:\/\/touchproeurope.eu\/product\/earthlite-avalon-xd-massagetafel\/#breadcrumb"},"inLanguage":"es","potentialAction":[{"@type":"ReadAction","target":["https:\/\/touchproeurope.eu\/product\/earthlite-avalon-xd-massagetafel\/"]}]},{"@type":"ImageObject","inLanguage":"es","@id":"https:\/\/touchproeurope.eu\/product\/earthlite-avalon-xd-massagetafel\/#primaryimage","url":"https:\/\/i0.wp.com\/touchproeurope.eu\/wp-content\/uploads\/2023\/11\/EarthLite-Avalon-XD-Massagetafel-Paars-e1764672439173.jpg?fit=800%2C800&ssl=1","contentUrl":"https:\/\/i0.wp.com\/touchproeurope.eu\/wp-content\/uploads\/2023\/11\/EarthLite-Avalon-XD-Massagetafel-Paars-e1764672439173.jpg?fit=800%2C800&ssl=1","width":800,"height":800,"caption":"EarthLite Avalon XD Massagetafel Paars"},{"@type":"BreadcrumbList","@id":"https:\/\/touchproeurope.eu\/product\/earthlite-avalon-xd-massagetafel\/#breadcrumb","itemListElement":[{"@type":"ListItem","position":1,"name":"Home","item":"https:\/\/touchproeurope.eu\/"},{"@type":"ListItem","position":2,"name":"Winkel","item":"https:\/\/touchproeurope.eu\/winkel\/"},{"@type":"ListItem","position":3,"name":"EarthLite Avalon XD Massagetafel"}]},{"@type":"WebSite","@id":"https:\/\/touchproeurope.eu\/#website","url":"https:\/\/touchproeurope.eu\/","name":"Tienda TouchPro Europe","description":"\u00a1Todo para su consulta con un toque PROfesional!","publisher":{"@id":"https:\/\/touchproeurope.eu\/#organization"},"alternateName":"TPE","potentialAction":[{"@type":"SearchAction","target":{"@type":"EntryPoint","urlTemplate":"https:\/\/touchproeurope.eu\/?s={search_term_string}"},"query-input":{"@type":"PropertyValueSpecification","valueRequired":true,"valueName":"search_term_string"}}],"inLanguage":"es"},{"@type":"Organization","@id":"https:\/\/touchproeurope.eu\/#organization","name":"TouchPro Europe BV","alternateName":"TPE","url":"https:\/\/touchproeurope.eu\/","logo":{"@type":"ImageObject","inLanguage":"es","@id":"https:\/\/touchproeurope.eu\/#\/schema\/logo\/image\/","url":"https:\/\/i0.wp.com\/touchproeurope.eu\/wp-content\/uploads\/2023\/10\/2b592c_b6944d80811246d987cc2c29accedf3f.png?fit=1417%2C531&ssl=1","contentUrl":"https:\/\/i0.wp.com\/touchproeurope.eu\/wp-content\/uploads\/2023\/10\/2b592c_b6944d80811246d987cc2c29accedf3f.png?fit=1417%2C531&ssl=1","width":1417,"height":531,"caption":"TouchPro Europe BV"},"image":{"@id":"https:\/\/touchproeurope.eu\/#\/schema\/logo\/image\/"},"sameAs":["https:\/\/www.facebook.com\/TouchproNederland\/?locale=nl_NL\/","https:\/\/www.instagram.com\/touchpro2016\/","https:\/\/www.linkedin.com\/company\/touchpro-europe-bv\/"],"description":"TouchPro Europe Shop es la tienda de masajes de Europa. Vendemos productos de masaje de primera calidad a masajistas, pedicuras, fisioterapeutas, manicuras, centros de bienestar, cursos de formaci\u00f3n, etc. TouchPro comenz\u00f3 como una peque\u00f1a tienda en los Pa\u00edses Bajos, pero ahora se ha convertido en una tienda con clientes de toda Europa. Ofrecemos una amplia gama de productos de masaje, incluyendo camillas de masaje, aceites, cremas y accesorios de las mejores marcas como Earthlite, Stronglite e InnerStrenght, Habys, Living Earth Crafts y Continuum y otros proveedores de accesorios de masaje. Pida aqu\u00ed los mejores art\u00edculos de masaje de Europa.","email":"info@touchpro-europe.com","telephone":"0858768829","legalName":"TouchPro Europe BV","foundingDate":"2018-01-11","vatID":"NL855430151B01","numberOfEmployees":{"@type":"QuantitativeValue","minValue":"1","maxValue":"10"},"hasMerchantReturnPolicy":{"@type":"MerchantReturnPolicy","merchantReturnLink":"https:\/\/touchproeurope.eu\/es\/retourbeleid\/"}}]},"product_brand":"Earthlite","og_availability":"instock","product_availability":"instock","product_retailer_item_id":"69900","product_condition":"new"},"_links":{"self":[{"href":"https:\/\/touchproeurope.eu\/es\/wp-json\/wp\/v2\/product\/3128","targetHints":{"allow":["GET"]}}],"collection":[{"href":"https:\/\/touchproeurope.eu\/es\/wp-json\/wp\/v2\/product"}],"about":[{"href":"https:\/\/touchproeurope.eu\/es\/wp-json\/wp\/v2\/types\/product"}],"replies":[{"embeddable":true,"href":"https:\/\/touchproeurope.eu\/es\/wp-json\/wp\/v2\/comments?post=3128"}],"version-history":[{"count":7,"href":"https:\/\/touchproeurope.eu\/es\/wp-json\/wp\/v2\/product\/3128\/revisions"}],"predecessor-version":[{"id":8364,"href":"https:\/\/touchproeurope.eu\/es\/wp-json\/wp\/v2\/product\/3128\/revisions\/8364"}],"wp:featuredmedia":[{"embeddable":true,"href":"https:\/\/touchproeurope.eu\/es\/wp-json\/wp\/v2\/media\/3350"}],"wp:attachment":[{"href":"https:\/\/touchproeurope.eu\/es\/wp-json\/wp\/v2\/media?parent=3128"}],"wp:term":[{"taxonomy":"product_brand","embeddable":true,"href":"https:\/\/touchproeurope.eu\/es\/wp-json\/wp\/v2\/product_brand?post=3128"},{"taxonomy":"product_cat","embeddable":true,"href":"https:\/\/touchproeurope.eu\/es\/wp-json\/wp\/v2\/product_cat?post=3128"},{"taxonomy":"product_tag","embeddable":true,"href":"https:\/\/touchproeurope.eu\/es\/wp-json\/wp\/v2\/product_tag?post=3128"}],"curies":[{"name":"wp","href":"https:\/\/api.w.org\/{rel}","templated":true}]}}