{"id":3130,"date":"2023-11-09T16:06:11","date_gmt":"2023-11-09T16:06:11","guid":{"rendered":"https:\/\/touchproeurope.eu\/?post_type=product&#038;p=3130"},"modified":"2026-04-22T14:51:35","modified_gmt":"2026-04-22T14:51:35","slug":"mesa-de-masaje-earthlite-infinity-conforma-top","status":"publish","type":"product","link":"https:\/\/touchproeurope.eu\/es\/product\/earthlite-infinity-conforma-top-massagetafel\/","title":{"rendered":"Camilla de masaje Earthlite Infinity Conforma top"},"content":{"rendered":"<p>Disfrute del m\u00e1ximo confort con la camilla de masaje Earthlite Infinity Conforma, una obra maestra que mima tanto al cliente como al masajista con su exclusivo dise\u00f1o en forma de reloj de arena y su espuma viscoel\u00e1stica. Esta camilla elevar\u00e1 sus masajes a niveles sin precedentes de lujo, relajaci\u00f3n y comodidad personal en el trabajo.<\/p>\n<p>Con la posibilidad de a\u00f1adir comodidad adicional para tu cliente en posici\u00f3n boca abajo, gracias a la pr\u00e1ctica cremallera. Esto hace que la Earthlite Infinity Conforma ofrezca una experiencia inigualable. El paquete incluye no solo la camilla de masaje, sino tambi\u00e9n un reposacabezas Flexrest con almohada de espuma viscoel\u00e1stica LEC Strata y una resistente bolsa de transporte con un pr\u00e1ctico compartimento adicional.<\/p>\n<p>Las caracter\u00edsticas de la camilla de masaje Earthlite Infinity Conforma Top han sido dise\u00f1adas teniendo en cuenta los m\u00e1s altos est\u00e1ndares. Con una altura ajustable de 58 a 84 cm, una anchura de 81 cm (71 cm en el centro) y un peso total admisible de 360 kg, esta camilla satisface las diversas necesidades tanto de los masajistas principiantes como de los experimentados. Gracias a su colch\u00f3n Pro-Plush DeLuxe de 3 capas y 7,5 cm de grosor, ofrece una comodidad sin igual.<\/p>\n<p>La Earthlite Infinity Conforma est\u00e1 fabricada con un marco de madera de arce canadiense de primera calidad. Y una tapa de abedul ruso y revestimiento de vinilo Natursoft 100%. La placa final, mitad Reiki y mitad est\u00e1ndar, a\u00f1ade funcionalidad al estilo.<\/p>\n<p>Haga su pedido ahora y descubra por qu\u00e9 Infinity Conforma es la opci\u00f3n preferida de los masajistas m\u00e1s exigentes. Mejore sus masajes y ofrezca a sus clientes el tratamiento definitivo que se merecen.<\/p>","protected":false},"excerpt":{"rendered":"<p><strong>La camilla de masaje Earthlite Infinity Conforma <\/strong>\u2013 Ofrece la m\u00e1xima comodidad tanto al cliente como al masajista gracias a su forma de reloj de arena y su espuma viscoel\u00e1stica. La cremallera permite a\u00f1adir comodidad adicional al cliente cuando est\u00e1 tumbado boca abajo. Esta camilla eleva tus masajes a un nivel superior de lujo, relajaci\u00f3n y comodidad en el trabajo. Disfruta de lo mejor con Earthlite Infinity Conforma.<\/p>\n<p>El paquete consta de:<\/p>\n<ul>\n<li>La camilla de masaje Earthlite Infinity Conforma<\/li>\n<li>Reposacabezas Flexrest con almohada de espuma viscoel\u00e1stica LEC Strata<\/li>\n<li>Bolsa de transporte resistente con compartimento adicional<\/li>\n<\/ul>\n<p>Caracter\u00edsticas:<\/p>\n<ul>\n<li>Altura regulable de 58 a 84 cm<\/li>\n<li>Ancho 81 cm y centro 71 cm<\/li>\n<li>Largo 185 cm<\/li>\n<li>Peso total de trabajo admisible 360 kg<\/li>\n<li>Coj\u00edn Pro-Plush DeLuxe de 3 capas y 7,5 cm de grosor<\/li>\n<li>Marco de madera de arce canadiense de calidad con tapa de abedul ruso<\/li>\n<li>Natursoft 100% tapicer\u00eda de vinilo<\/li>\n<li>Mitad Reiki y mitad placa final est\u00e1ndar<\/li>\n<li>Ficha de venta oficial: <a href=\"https:\/\/www.earthlite.com\/media\/wysiwyg\/SalesSheets\/2023-Reupload\/Infinity_Infinity_Conforma_-_1-300-0080_-_Rev_012323.pdf\" target=\"_blank\" rel=\"noopener\">Infinity &amp; Infinity Conforma<\/a><\/li>\n<\/ul>","protected":false},"featured_media":3614,"comment_status":"open","ping_status":"closed","template":"","meta":[],"product_brand":[343],"product_cat":[94,93],"product_tag":[118,85,117,39],"class_list":{"0":"post-3130","1":"product","2":"type-product","3":"status-publish","4":"has-post-thumbnail","6":"product_brand-earthlite","7":"product_cat-draagbare-massagetafels","8":"product_cat-massagetafels","9":"product_tag-conforma-top","10":"product_tag-earthlite","11":"product_tag-infinity","12":"product_tag-massagetafel","13":"product_shipping_class-groot-pakket","14":"pa_kleur-blauw","15":"pa_kleur-vanille-creme","16":"pa_kleur-zwart","17":"pa_merk-earthlite","19":"first","20":"instock","21":"taxable","22":"shipping-taxable","23":"purchasable","24":"product-type-variable"},"yoast_head":"<!-- This site is optimized with the Yoast SEO Premium plugin v27.4 (Yoast SEO v27.4) - https:\/\/yoast.com\/product\/yoast-seo-premium-wordpress\/ -->\n<title>Earthlite Infinity Conforma top Massagetafel - TouchPro Europe Shop<\/title>\n<meta name=\"description\" content=\"Ervaar het summum van comfort met de Earthlite Infinity Conforma top massagetafel, een meesterwerk dat zowel de klant als de masseur verwent.\" \/>\n<meta name=\"robots\" content=\"index, follow, max-snippet:-1, max-image-preview:large, max-video-preview:-1\" \/>\n<link rel=\"canonical\" href=\"https:\/\/touchproeurope.eu\/es\/product\/mesa-de-masaje-earthlite-infinity-conforma-top\/\" \/>\n<meta property=\"og:locale\" content=\"es_ES\" \/>\n<meta property=\"og:type\" content=\"article\" \/>\n<meta property=\"og:title\" content=\"Earthlite Infinity Conforma top Massagetafel\" \/>\n<meta property=\"og:description\" content=\"Ervaar het summum van comfort met de Earthlite Infinity Conforma top massagetafel, een meesterwerk dat zowel de klant als de masseur verwent.\" \/>\n<meta property=\"og:url\" content=\"https:\/\/touchproeurope.eu\/es\/product\/mesa-de-masaje-earthlite-infinity-conforma-top\/\" \/>\n<meta property=\"og:site_name\" content=\"TouchPro Europe Shop\" \/>\n<meta property=\"article:publisher\" content=\"https:\/\/www.facebook.com\/TouchproNederland\/?locale=nl_NL%2f\" \/>\n<meta property=\"article:modified_time\" content=\"2026-04-22T14:51:35+00:00\" \/>\n<meta property=\"og:image\" content=\"https:\/\/touchproeurope.eu\/wp-content\/uploads\/2023\/11\/Earthlite-Infinity-Conforma-top-Massagetafel-Vanille-Creme-e1770808725188.webp\" \/>\n\t<meta property=\"og:image:width\" content=\"800\" \/>\n\t<meta property=\"og:image:height\" content=\"800\" \/>\n\t<meta property=\"og:image:type\" content=\"image\/webp\" \/>\n<meta name=\"twitter:card\" content=\"summary_large_image\" \/>\n<meta name=\"twitter:label1\" content=\"Disponibilidad\" \/>\n\t<meta name=\"twitter:data1\" content=\"Disponible\" \/>\n<script type=\"application\/ld+json\" class=\"yoast-schema-graph\">{\"@context\":\"https:\\\/\\\/schema.org\",\"@graph\":[{\"@type\":\"WebPage\",\"@id\":\"https:\\\/\\\/touchproeurope.eu\\\/product\\\/earthlite-infinity-conforma-top-massagetafel\\\/\",\"url\":\"https:\\\/\\\/touchproeurope.eu\\\/product\\\/earthlite-infinity-conforma-top-massagetafel\\\/\",\"name\":\"Earthlite Infinity Conforma top Massagetafel - TouchPro Europe Shop\",\"isPartOf\":{\"@id\":\"https:\\\/\\\/touchproeurope.eu\\\/#website\"},\"primaryImageOfPage\":{\"@id\":\"https:\\\/\\\/touchproeurope.eu\\\/product\\\/earthlite-infinity-conforma-top-massagetafel\\\/#primaryimage\"},\"image\":{\"@id\":\"https:\\\/\\\/touchproeurope.eu\\\/product\\\/earthlite-infinity-conforma-top-massagetafel\\\/#primaryimage\"},\"thumbnailUrl\":\"https:\\\/\\\/i0.wp.com\\\/touchproeurope.eu\\\/wp-content\\\/uploads\\\/2023\\\/11\\\/Earthlite-Infinity-Conforma-top-Massagetafel-Vanille-Creme-e1770808725188.webp?fit=800%2C800&ssl=1\",\"datePublished\":\"2023-11-09T16:06:11+00:00\",\"dateModified\":\"2026-04-22T14:51:35+00:00\",\"description\":\"Ervaar het summum van comfort met de Earthlite Infinity Conforma top massagetafel, een meesterwerk dat zowel de klant als de masseur verwent.\",\"breadcrumb\":{\"@id\":\"https:\\\/\\\/touchproeurope.eu\\\/product\\\/earthlite-infinity-conforma-top-massagetafel\\\/#breadcrumb\"},\"inLanguage\":\"es\",\"potentialAction\":[{\"@type\":\"ReadAction\",\"target\":[\"https:\\\/\\\/touchproeurope.eu\\\/product\\\/earthlite-infinity-conforma-top-massagetafel\\\/\"]}]},{\"@type\":\"ImageObject\",\"inLanguage\":\"es\",\"@id\":\"https:\\\/\\\/touchproeurope.eu\\\/product\\\/earthlite-infinity-conforma-top-massagetafel\\\/#primaryimage\",\"url\":\"https:\\\/\\\/i0.wp.com\\\/touchproeurope.eu\\\/wp-content\\\/uploads\\\/2023\\\/11\\\/Earthlite-Infinity-Conforma-top-Massagetafel-Vanille-Creme-e1770808725188.webp?fit=800%2C800&ssl=1\",\"contentUrl\":\"https:\\\/\\\/i0.wp.com\\\/touchproeurope.eu\\\/wp-content\\\/uploads\\\/2023\\\/11\\\/Earthlite-Infinity-Conforma-top-Massagetafel-Vanille-Creme-e1770808725188.webp?fit=800%2C800&ssl=1\",\"width\":800,\"height\":800,\"caption\":\"Earthlite Infinity Conforma top Massagetafel Vanille Creme\"},{\"@type\":\"BreadcrumbList\",\"@id\":\"https:\\\/\\\/touchproeurope.eu\\\/product\\\/earthlite-infinity-conforma-top-massagetafel\\\/#breadcrumb\",\"itemListElement\":[{\"@type\":\"ListItem\",\"position\":1,\"name\":\"Home\",\"item\":\"https:\\\/\\\/touchproeurope.eu\\\/\"},{\"@type\":\"ListItem\",\"position\":2,\"name\":\"Winkel\",\"item\":\"https:\\\/\\\/touchproeurope.eu\\\/winkel\\\/\"},{\"@type\":\"ListItem\",\"position\":3,\"name\":\"Earthlite Infinity Conforma top Massagetafel\"}]},{\"@type\":\"WebSite\",\"@id\":\"https:\\\/\\\/touchproeurope.eu\\\/#website\",\"url\":\"https:\\\/\\\/touchproeurope.eu\\\/\",\"name\":\"TouchPro Europe Shop\",\"description\":\"Alles voor jouw praktijk met een PROfessionele Touch!\",\"publisher\":{\"@id\":\"https:\\\/\\\/touchproeurope.eu\\\/#organization\"},\"alternateName\":\"TPE\",\"potentialAction\":[{\"@type\":\"SearchAction\",\"target\":{\"@type\":\"EntryPoint\",\"urlTemplate\":\"https:\\\/\\\/touchproeurope.eu\\\/?s={search_term_string}\"},\"query-input\":{\"@type\":\"PropertyValueSpecification\",\"valueRequired\":true,\"valueName\":\"search_term_string\"}}],\"inLanguage\":\"es\"},{\"@type\":\"Organization\",\"@id\":\"https:\\\/\\\/touchproeurope.eu\\\/#organization\",\"name\":\"TouchPro Europe BV\",\"alternateName\":\"TPE\",\"url\":\"https:\\\/\\\/touchproeurope.eu\\\/\",\"logo\":{\"@type\":\"ImageObject\",\"inLanguage\":\"es\",\"@id\":\"https:\\\/\\\/touchproeurope.eu\\\/#\\\/schema\\\/logo\\\/image\\\/\",\"url\":\"https:\\\/\\\/i0.wp.com\\\/touchproeurope.eu\\\/wp-content\\\/uploads\\\/2023\\\/10\\\/2b592c_b6944d80811246d987cc2c29accedf3f.png?fit=1417%2C531&ssl=1\",\"contentUrl\":\"https:\\\/\\\/i0.wp.com\\\/touchproeurope.eu\\\/wp-content\\\/uploads\\\/2023\\\/10\\\/2b592c_b6944d80811246d987cc2c29accedf3f.png?fit=1417%2C531&ssl=1\",\"width\":1417,\"height\":531,\"caption\":\"TouchPro Europe BV\"},\"image\":{\"@id\":\"https:\\\/\\\/touchproeurope.eu\\\/#\\\/schema\\\/logo\\\/image\\\/\"},\"sameAs\":[\"https:\\\/\\\/www.facebook.com\\\/TouchproNederland\\\/?locale=nl_NL\\\/\",\"https:\\\/\\\/www.instagram.com\\\/touchpro2016\\\/\",\"https:\\\/\\\/www.linkedin.com\\\/company\\\/touchpro-europe-bv\\\/\"],\"description\":\"TouchPro Europe Shop is de massage winkel van Europa. Wij verkopen topkwaliteit massageproducten aan masseurs, pedicures, fysiotherapeuten, manicuren, Wellness centra, opleidingen, etc. TouchPro begon als een kleine webshop in Nederland, maar is nu uitgegroeid tot een webshop met klanten uit heel Europa. Wij bieden een breed assortiment aan massageproducten, waaronder massagetafels, oli\u00ebn, cr\u00e8mes, en accessoires van topmerken, zoals Earthlite, Stronglite en InnerStrenght, Habys, Living Earth Crafts en Continuum en andere leveranciers van massage accessoires. Bestel hier de beste massagematerialen van Europa!\",\"email\":\"info@touchpro-europe.com\",\"telephone\":\"0858768829\",\"legalName\":\"TouchPro Europe BV\",\"foundingDate\":\"2018-01-11\",\"vatID\":\"NL855430151B01\",\"numberOfEmployees\":{\"@type\":\"QuantitativeValue\",\"minValue\":\"1\",\"maxValue\":\"10\"},\"hasMerchantReturnPolicy\":{\"@type\":\"MerchantReturnPolicy\",\"merchantReturnLink\":\"https:\\\/\\\/touchproeurope.eu\\\/es\\\/retourbeleid\\\/\"}}]}<\/script>\n<meta property=\"product:brand\" content=\"Earthlite\" \/>\n<meta property=\"og:availability\" content=\"instock\" \/>\n<meta property=\"product:availability\" content=\"instock\" \/>\n<meta property=\"product:retailer_item_id\" content=\"80500\" \/>\n<meta property=\"product:condition\" content=\"new\" \/>\n<!-- \/ Yoast SEO Premium plugin. -->","yoast_head_json":{"title":"Mesa de masaje Earthlite Infinity Conforma top - TouchPro Europe Shop","description":"Disfrute del m\u00e1ximo confort con la camilla de masaje Earthlite Infinity Conforma, una obra maestra que mima tanto al cliente como al masajista.","robots":{"index":"index","follow":"follow","max-snippet":"max-snippet:-1","max-image-preview":"max-image-preview:large","max-video-preview":"max-video-preview:-1"},"canonical":"https:\/\/touchproeurope.eu\/es\/product\/mesa-de-masaje-earthlite-infinity-conforma-top\/","og_locale":"es_ES","og_type":"article","og_title":"Earthlite Infinity Conforma top Massagetafel","og_description":"Ervaar het summum van comfort met de Earthlite Infinity Conforma top massagetafel, een meesterwerk dat zowel de klant als de masseur verwent.","og_url":"https:\/\/touchproeurope.eu\/es\/product\/mesa-de-masaje-earthlite-infinity-conforma-top\/","og_site_name":"TouchPro Europe Shop","article_publisher":"https:\/\/www.facebook.com\/TouchproNederland\/?locale=nl_NL%2f","article_modified_time":"2026-04-22T14:51:35+00:00","og_image":[{"width":800,"height":800,"url":"https:\/\/touchproeurope.eu\/wp-content\/uploads\/2023\/11\/Earthlite-Infinity-Conforma-top-Massagetafel-Vanille-Creme-e1770808725188.webp","type":"image\/webp"}],"twitter_card":"summary_large_image","twitter_misc":{"Disponibilidad":"Disponible"},"schema":{"@context":"https:\/\/schema.org","@graph":[{"@type":"WebPage","@id":"https:\/\/touchproeurope.eu\/product\/earthlite-infinity-conforma-top-massagetafel\/","url":"https:\/\/touchproeurope.eu\/product\/earthlite-infinity-conforma-top-massagetafel\/","name":"Mesa de masaje Earthlite Infinity Conforma top - TouchPro Europe Shop","isPartOf":{"@id":"https:\/\/touchproeurope.eu\/#website"},"primaryImageOfPage":{"@id":"https:\/\/touchproeurope.eu\/product\/earthlite-infinity-conforma-top-massagetafel\/#primaryimage"},"image":{"@id":"https:\/\/touchproeurope.eu\/product\/earthlite-infinity-conforma-top-massagetafel\/#primaryimage"},"thumbnailUrl":"https:\/\/i0.wp.com\/touchproeurope.eu\/wp-content\/uploads\/2023\/11\/Earthlite-Infinity-Conforma-top-Massagetafel-Vanille-Creme-e1770808725188.webp?fit=800%2C800&ssl=1","datePublished":"2023-11-09T16:06:11+00:00","dateModified":"2026-04-22T14:51:35+00:00","description":"Disfrute del m\u00e1ximo confort con la camilla de masaje Earthlite Infinity Conforma, una obra maestra que mima tanto al cliente como al masajista.","breadcrumb":{"@id":"https:\/\/touchproeurope.eu\/product\/earthlite-infinity-conforma-top-massagetafel\/#breadcrumb"},"inLanguage":"es","potentialAction":[{"@type":"ReadAction","target":["https:\/\/touchproeurope.eu\/product\/earthlite-infinity-conforma-top-massagetafel\/"]}]},{"@type":"ImageObject","inLanguage":"es","@id":"https:\/\/touchproeurope.eu\/product\/earthlite-infinity-conforma-top-massagetafel\/#primaryimage","url":"https:\/\/i0.wp.com\/touchproeurope.eu\/wp-content\/uploads\/2023\/11\/Earthlite-Infinity-Conforma-top-Massagetafel-Vanille-Creme-e1770808725188.webp?fit=800%2C800&ssl=1","contentUrl":"https:\/\/i0.wp.com\/touchproeurope.eu\/wp-content\/uploads\/2023\/11\/Earthlite-Infinity-Conforma-top-Massagetafel-Vanille-Creme-e1770808725188.webp?fit=800%2C800&ssl=1","width":800,"height":800,"caption":"Earthlite Infinity Conforma top Massagetafel Vanille Creme"},{"@type":"BreadcrumbList","@id":"https:\/\/touchproeurope.eu\/product\/earthlite-infinity-conforma-top-massagetafel\/#breadcrumb","itemListElement":[{"@type":"ListItem","position":1,"name":"Home","item":"https:\/\/touchproeurope.eu\/"},{"@type":"ListItem","position":2,"name":"Winkel","item":"https:\/\/touchproeurope.eu\/winkel\/"},{"@type":"ListItem","position":3,"name":"Earthlite Infinity Conforma top Massagetafel"}]},{"@type":"WebSite","@id":"https:\/\/touchproeurope.eu\/#website","url":"https:\/\/touchproeurope.eu\/","name":"Tienda TouchPro Europe","description":"\u00a1Todo para su consulta con un toque PROfesional!","publisher":{"@id":"https:\/\/touchproeurope.eu\/#organization"},"alternateName":"TPE","potentialAction":[{"@type":"SearchAction","target":{"@type":"EntryPoint","urlTemplate":"https:\/\/touchproeurope.eu\/?s={search_term_string}"},"query-input":{"@type":"PropertyValueSpecification","valueRequired":true,"valueName":"search_term_string"}}],"inLanguage":"es"},{"@type":"Organization","@id":"https:\/\/touchproeurope.eu\/#organization","name":"TouchPro Europe BV","alternateName":"TPE","url":"https:\/\/touchproeurope.eu\/","logo":{"@type":"ImageObject","inLanguage":"es","@id":"https:\/\/touchproeurope.eu\/#\/schema\/logo\/image\/","url":"https:\/\/i0.wp.com\/touchproeurope.eu\/wp-content\/uploads\/2023\/10\/2b592c_b6944d80811246d987cc2c29accedf3f.png?fit=1417%2C531&ssl=1","contentUrl":"https:\/\/i0.wp.com\/touchproeurope.eu\/wp-content\/uploads\/2023\/10\/2b592c_b6944d80811246d987cc2c29accedf3f.png?fit=1417%2C531&ssl=1","width":1417,"height":531,"caption":"TouchPro Europe BV"},"image":{"@id":"https:\/\/touchproeurope.eu\/#\/schema\/logo\/image\/"},"sameAs":["https:\/\/www.facebook.com\/TouchproNederland\/?locale=nl_NL\/","https:\/\/www.instagram.com\/touchpro2016\/","https:\/\/www.linkedin.com\/company\/touchpro-europe-bv\/"],"description":"TouchPro Europe Shop es la tienda de masajes de Europa. Vendemos productos de masaje de primera calidad a masajistas, pedicuras, fisioterapeutas, manicuras, centros de bienestar, cursos de formaci\u00f3n, etc. TouchPro comenz\u00f3 como una peque\u00f1a tienda en los Pa\u00edses Bajos, pero ahora se ha convertido en una tienda con clientes de toda Europa. Ofrecemos una amplia gama de productos de masaje, incluyendo camillas de masaje, aceites, cremas y accesorios de las mejores marcas como Earthlite, Stronglite e InnerStrenght, Habys, Living Earth Crafts y Continuum y otros proveedores de accesorios de masaje. Pida aqu\u00ed los mejores art\u00edculos de masaje de Europa.","email":"info@touchpro-europe.com","telephone":"0858768829","legalName":"TouchPro Europe BV","foundingDate":"2018-01-11","vatID":"NL855430151B01","numberOfEmployees":{"@type":"QuantitativeValue","minValue":"1","maxValue":"10"},"hasMerchantReturnPolicy":{"@type":"MerchantReturnPolicy","merchantReturnLink":"https:\/\/touchproeurope.eu\/es\/retourbeleid\/"}}]},"product_brand":"Earthlite","og_availability":"instock","product_availability":"instock","product_retailer_item_id":"80500","product_condition":"new"},"_links":{"self":[{"href":"https:\/\/touchproeurope.eu\/es\/wp-json\/wp\/v2\/product\/3130","targetHints":{"allow":["GET"]}}],"collection":[{"href":"https:\/\/touchproeurope.eu\/es\/wp-json\/wp\/v2\/product"}],"about":[{"href":"https:\/\/touchproeurope.eu\/es\/wp-json\/wp\/v2\/types\/product"}],"replies":[{"embeddable":true,"href":"https:\/\/touchproeurope.eu\/es\/wp-json\/wp\/v2\/comments?post=3130"}],"version-history":[{"count":3,"href":"https:\/\/touchproeurope.eu\/es\/wp-json\/wp\/v2\/product\/3130\/revisions"}],"predecessor-version":[{"id":8367,"href":"https:\/\/touchproeurope.eu\/es\/wp-json\/wp\/v2\/product\/3130\/revisions\/8367"}],"wp:featuredmedia":[{"embeddable":true,"href":"https:\/\/touchproeurope.eu\/es\/wp-json\/wp\/v2\/media\/3614"}],"wp:attachment":[{"href":"https:\/\/touchproeurope.eu\/es\/wp-json\/wp\/v2\/media?parent=3130"}],"wp:term":[{"taxonomy":"product_brand","embeddable":true,"href":"https:\/\/touchproeurope.eu\/es\/wp-json\/wp\/v2\/product_brand?post=3130"},{"taxonomy":"product_cat","embeddable":true,"href":"https:\/\/touchproeurope.eu\/es\/wp-json\/wp\/v2\/product_cat?post=3130"},{"taxonomy":"product_tag","embeddable":true,"href":"https:\/\/touchproeurope.eu\/es\/wp-json\/wp\/v2\/product_tag?post=3130"}],"curies":[{"name":"wp","href":"https:\/\/api.w.org\/{rel}","templated":true}]}}