{"id":3132,"date":"2023-11-09T16:06:16","date_gmt":"2023-11-09T16:06:16","guid":{"rendered":"https:\/\/touchproeurope.eu\/?post_type=product&#038;p=3132"},"modified":"2026-05-12T09:29:48","modified_gmt":"2026-05-12T09:29:48","slug":"almohada-ocular-terapeutica-holistic-alchemy","status":"publish","type":"product","link":"https:\/\/touchproeurope.eu\/es\/product\/holistic-alchemy-therapeutisch-oogkussen\/","title":{"rendered":"Almohada ocular terap\u00e9utica Holistic Alchemy"},"content":{"rendered":"<p data-start=\"224\" data-end=\"608\">En <strong data-start=\"228\" data-end=\"273\">Holistic Alchemy\u2122 Almohada terap\u00e9utica para los ojos<\/strong> est\u00e1 dise\u00f1ada con esmero para favorecer el descanso, la recuperaci\u00f3n y la relajaci\u00f3n profunda. Esta almohada para los ojos combina la antigua tradici\u00f3n oriental con los principios modernos del bienestar. Fabricada con una suave funda de seda pura 100 %. Su tacto es fresco y relajante para los ojos cansados. Es ideal durante la meditaci\u00f3n, el yoga, la rutina nocturna o un momento de autocuidado.<\/p>\n<p data-start=\"610\" data-end=\"1075\">El relleno consiste en una mezcla de hierbas cuidadosamente compuesta, lavanda, menta, p\u00e9talos de rosa y manzanilla. Esto se combina con linaza que proporciona una sutil presi\u00f3n en la zona de los ojos. Esta combinaci\u00f3n act\u00faa aromaterap\u00e9uticamente y ayuda a liberar la tensi\u00f3n alrededor de los ojos. Seg\u00fan los m\u00e9todos curativos tradicionales, la suave presi\u00f3n alivia los ojos cansados. Reduce la tensi\u00f3n en la zona ocular. Adem\u00e1s, hace m\u00e1s agradable la transici\u00f3n al descanso y al sue\u00f1o.<\/p>\n<p data-start=\"1077\" data-end=\"1575\">La bolsa de seda est\u00e1 cosida a mano y tiene una cremallera en un extremo. Esto permite retirar temporalmente el relleno y lavar la bolsa. Despu\u00e9s, podr\u00e1 volver a rellenarla f\u00e1cilmente.<\/p>\n<p data-start=\"1077\" data-end=\"1575\">Para mayor comodidad, tambi\u00e9n hay disponible una bolsita de seda separada. Esto le permite limpiar la parte exterior de la almohadilla ocular por separado sin afectar a la mezcla de hierbas. Como esta almohadilla ocular no est\u00e1 pensada para calentarse, es adecuada para su uso en fr\u00edo. No aplicar microondas ni fuentes de calor.<\/p>\n<p data-start=\"1577\" data-end=\"1837\">Tanto si trabaja como masajista, en un estudio de yoga o spa, como si ofrece este coj\u00edn a sus clientes, es una herramienta elegante y funcional. Si\u00e9ntase libre de utilizarlo tambi\u00e9n en sus propios momentos de descanso. La almohada para los ojos favorece el descanso. Adem\u00e1s, templa los sentidos y aumenta la sensaci\u00f3n de bienestar.<\/p>","protected":false},"excerpt":{"rendered":"<p>Las almohadas oculares terap\u00e9uticas Earthlite Holistic Alchemy\u2122 est\u00e1n dise\u00f1adas para mejorar las rutinas de relajaci\u00f3n, meditaci\u00f3n, yoga y sue\u00f1o. Las almohadas est\u00e1n hechas de seda pura 100% y su textura muy suave tiene un efecto refrescante y calmante en los ojos cansados.<\/p>\n<p>Cada almohada est\u00e1 rellena de la receta de hierbas arom\u00e1ticas propia de Earthlite, compuesta por lavanda, menta piperita, p\u00e9talos de rosa y manzanilla, que calma y relaja el cuerpo y la mente. Seg\u00fan la tradici\u00f3n curativa oriental, la sutil presi\u00f3n de la almohada rellena de hierbas y semillas de lino sobre los ojos ayuda a aliviar la tensi\u00f3n y reduce la vista cansada.<\/p>\n<p>Otras especificaciones:<\/p>\n<ul>\n<li>La bolsa de seda est\u00e1 cosida a mano y tiene una cremallera en el extremo. Esto permite vaciar temporalmente el contenido, lavar la bolsa y rellenar la almohadilla ocular.<\/li>\n<li>puede encargarse una funda de seda para sobreponer el coj\u00edn y facilitar a\u00fan m\u00e1s su limpieza.<\/li>\n<li>NO calentar en el microondas - utilizar en fr\u00edo.<\/li>\n<li><a href=\"https:\/\/b2b.earthlite.eu\/media\/wysiwyg\/SalesSheets\/2023-Reupload\/EyePillows_-_1-300-0134_-_rev_011922.pdf\" target=\"_blank\" rel=\"noopener\">Hoja de venta oficial Almohada para los ojos<\/a><\/li> <li><\/li>\n<\/ul>","protected":false},"featured_media":14217,"comment_status":"open","ping_status":"closed","template":"","meta":[],"product_brand":[343],"product_cat":[105],"product_tag":[449,450,447,451,448],"class_list":{"0":"post-3132","1":"product","2":"type-product","3":"status-publish","4":"has-post-thumbnail","6":"product_brand-earthlite","7":"product_cat-aromatherapie","8":"product_tag-oogmasker-voor-ontspanning","9":"product_tag-slaap-routine-hulpmiddel","10":"product_tag-therapeutisch-oogkussen","11":"product_tag-wellness-cadeau","12":"product_tag-yoga-accessory","13":"product_shipping_class-normaal-pakket","14":"pa_kleur-grijs","15":"pa_kleur-teal-blauw","16":"pa_kleur-zwart","17":"pa_merk-earthlite","19":"first","20":"instock","21":"taxable","22":"shipping-taxable","23":"purchasable","24":"product-type-variable"},"yoast_head":"<!-- This site is optimized with the Yoast SEO Premium plugin v27.6 (Yoast SEO v27.6) - https:\/\/yoast.com\/product\/yoast-seo-premium-wordpress\/ -->\n<title>Holistic Alchemy therapeutisch oogkussen - TouchPro Europe Shop<\/title>\n<meta name=\"description\" content=\"Cre\u00eber je eigen zen met het Holistic Alchemy therapeutisch oogkussen. Deze zachte zijden pouch bevordert rust en herstel. Geen afscheid meer van stress!\" \/>\n<meta name=\"robots\" content=\"index, follow, max-snippet:-1, max-image-preview:large, max-video-preview:-1\" \/>\n<link rel=\"canonical\" href=\"https:\/\/touchproeurope.eu\/es\/product\/almohada-ocular-terapeutica-holistic-alchemy\/\" \/>\n<meta property=\"og:locale\" content=\"es_ES\" \/>\n<meta property=\"og:type\" content=\"article\" \/>\n<meta property=\"og:title\" content=\"Holistic Alchemy therapeutisch oogkussen\" \/>\n<meta property=\"og:description\" content=\"Cre\u00eber je eigen zen met het Holistic Alchemy therapeutisch oogkussen. Deze zachte zijden pouch bevordert rust en herstel. Geen afscheid meer van stress!\" \/>\n<meta property=\"og:url\" content=\"https:\/\/touchproeurope.eu\/es\/product\/almohada-ocular-terapeutica-holistic-alchemy\/\" \/>\n<meta property=\"og:site_name\" content=\"TouchPro Europe Shop\" \/>\n<meta property=\"article:publisher\" content=\"https:\/\/www.facebook.com\/TouchproNederland\/?locale=nl_NL%2f\" \/>\n<meta property=\"article:modified_time\" content=\"2026-05-12T09:29:48+00:00\" \/>\n<meta property=\"og:image\" content=\"https:\/\/touchproeurope.eu\/wp-content\/uploads\/2023\/11\/Eye_Pillow_-_Group_-_Layered-e1759868785826.jpg\" \/>\n\t<meta property=\"og:image:width\" content=\"800\" \/>\n\t<meta property=\"og:image:height\" content=\"800\" \/>\n\t<meta property=\"og:image:type\" content=\"image\/jpeg\" \/>\n<meta name=\"twitter:card\" content=\"summary_large_image\" \/>\n<meta name=\"twitter:label1\" content=\"Disponibilidad\" \/>\n\t<meta name=\"twitter:data1\" content=\"Disponible\" \/>\n<script type=\"application\/ld+json\" class=\"yoast-schema-graph\">{\"@context\":\"https:\\\/\\\/schema.org\",\"@graph\":[{\"@type\":\"WebPage\",\"@id\":\"https:\\\/\\\/touchproeurope.eu\\\/product\\\/holistic-alchemy-therapeutisch-oogkussen\\\/\",\"url\":\"https:\\\/\\\/touchproeurope.eu\\\/product\\\/holistic-alchemy-therapeutisch-oogkussen\\\/\",\"name\":\"Holistic Alchemy therapeutisch oogkussen - TouchPro Europe Shop\",\"isPartOf\":{\"@id\":\"https:\\\/\\\/touchproeurope.eu\\\/#website\"},\"primaryImageOfPage\":{\"@id\":\"https:\\\/\\\/touchproeurope.eu\\\/product\\\/holistic-alchemy-therapeutisch-oogkussen\\\/#primaryimage\"},\"image\":{\"@id\":\"https:\\\/\\\/touchproeurope.eu\\\/product\\\/holistic-alchemy-therapeutisch-oogkussen\\\/#primaryimage\"},\"thumbnailUrl\":\"https:\\\/\\\/i0.wp.com\\\/touchproeurope.eu\\\/wp-content\\\/uploads\\\/2023\\\/11\\\/Eye_Pillow_-_Group_-_Layered-e1759868785826.jpg?fit=800%2C800&ssl=1\",\"datePublished\":\"2023-11-09T16:06:16+00:00\",\"dateModified\":\"2026-05-12T09:29:48+00:00\",\"description\":\"Cre\u00eber je eigen zen met het Holistic Alchemy therapeutisch oogkussen. Deze zachte zijden pouch bevordert rust en herstel. Geen afscheid meer van stress!\",\"breadcrumb\":{\"@id\":\"https:\\\/\\\/touchproeurope.eu\\\/product\\\/holistic-alchemy-therapeutisch-oogkussen\\\/#breadcrumb\"},\"inLanguage\":\"es\",\"potentialAction\":[{\"@type\":\"ReadAction\",\"target\":[\"https:\\\/\\\/touchproeurope.eu\\\/product\\\/holistic-alchemy-therapeutisch-oogkussen\\\/\"]}]},{\"@type\":\"ImageObject\",\"inLanguage\":\"es\",\"@id\":\"https:\\\/\\\/touchproeurope.eu\\\/product\\\/holistic-alchemy-therapeutisch-oogkussen\\\/#primaryimage\",\"url\":\"https:\\\/\\\/i0.wp.com\\\/touchproeurope.eu\\\/wp-content\\\/uploads\\\/2023\\\/11\\\/Eye_Pillow_-_Group_-_Layered-e1759868785826.jpg?fit=800%2C800&ssl=1\",\"contentUrl\":\"https:\\\/\\\/i0.wp.com\\\/touchproeurope.eu\\\/wp-content\\\/uploads\\\/2023\\\/11\\\/Eye_Pillow_-_Group_-_Layered-e1759868785826.jpg?fit=800%2C800&ssl=1\",\"width\":800,\"height\":800,\"caption\":\"Holistic Alchemy therapeutisch oogkussen alle kleuren van het merk Earthlite\"},{\"@type\":\"BreadcrumbList\",\"@id\":\"https:\\\/\\\/touchproeurope.eu\\\/product\\\/holistic-alchemy-therapeutisch-oogkussen\\\/#breadcrumb\",\"itemListElement\":[{\"@type\":\"ListItem\",\"position\":1,\"name\":\"Home\",\"item\":\"https:\\\/\\\/touchproeurope.eu\\\/\"},{\"@type\":\"ListItem\",\"position\":2,\"name\":\"Winkel\",\"item\":\"https:\\\/\\\/touchproeurope.eu\\\/winkel\\\/\"},{\"@type\":\"ListItem\",\"position\":3,\"name\":\"Holistic Alchemy therapeutisch oogkussen\"}]},{\"@type\":\"WebSite\",\"@id\":\"https:\\\/\\\/touchproeurope.eu\\\/#website\",\"url\":\"https:\\\/\\\/touchproeurope.eu\\\/\",\"name\":\"TouchPro Europe Shop\",\"description\":\"Alles voor jouw praktijk met een PROfessionele Touch!\",\"publisher\":{\"@id\":\"https:\\\/\\\/touchproeurope.eu\\\/#organization\"},\"alternateName\":\"TPE\",\"potentialAction\":[{\"@type\":\"SearchAction\",\"target\":{\"@type\":\"EntryPoint\",\"urlTemplate\":\"https:\\\/\\\/touchproeurope.eu\\\/?s={search_term_string}\"},\"query-input\":{\"@type\":\"PropertyValueSpecification\",\"valueRequired\":true,\"valueName\":\"search_term_string\"}}],\"inLanguage\":\"es\"},{\"@type\":\"Organization\",\"@id\":\"https:\\\/\\\/touchproeurope.eu\\\/#organization\",\"name\":\"TouchPro Europe BV\",\"alternateName\":\"TPE\",\"url\":\"https:\\\/\\\/touchproeurope.eu\\\/\",\"logo\":{\"@type\":\"ImageObject\",\"inLanguage\":\"es\",\"@id\":\"https:\\\/\\\/touchproeurope.eu\\\/#\\\/schema\\\/logo\\\/image\\\/\",\"url\":\"https:\\\/\\\/i0.wp.com\\\/touchproeurope.eu\\\/wp-content\\\/uploads\\\/2023\\\/10\\\/2b592c_b6944d80811246d987cc2c29accedf3f.png?fit=1417%2C531&ssl=1\",\"contentUrl\":\"https:\\\/\\\/i0.wp.com\\\/touchproeurope.eu\\\/wp-content\\\/uploads\\\/2023\\\/10\\\/2b592c_b6944d80811246d987cc2c29accedf3f.png?fit=1417%2C531&ssl=1\",\"width\":1417,\"height\":531,\"caption\":\"TouchPro Europe BV\"},\"image\":{\"@id\":\"https:\\\/\\\/touchproeurope.eu\\\/#\\\/schema\\\/logo\\\/image\\\/\"},\"sameAs\":[\"https:\\\/\\\/www.facebook.com\\\/TouchproNederland\\\/?locale=nl_NL\\\/\",\"https:\\\/\\\/www.instagram.com\\\/touchpro2016\\\/\",\"https:\\\/\\\/www.linkedin.com\\\/company\\\/touchpro-europe-bv\\\/\"],\"description\":\"TouchPro Europe Shop is de massage winkel van Europa. Wij verkopen topkwaliteit massageproducten aan masseurs, pedicures, fysiotherapeuten, manicuren, Wellness centra, opleidingen, etc. TouchPro begon als een kleine webshop in Nederland, maar is nu uitgegroeid tot een webshop met klanten uit heel Europa. Wij bieden een breed assortiment aan massageproducten, waaronder massagetafels, oli\u00ebn, cr\u00e8mes, en accessoires van topmerken, zoals Earthlite, Stronglite en InnerStrenght, Habys, Living Earth Crafts en Continuum en andere leveranciers van massage accessoires. Bestel hier de beste massagematerialen van Europa!\",\"email\":\"info@touchpro-europe.com\",\"telephone\":\"0858768829\",\"legalName\":\"TouchPro Europe BV\",\"foundingDate\":\"2018-01-11\",\"vatID\":\"NL855430151B01\",\"numberOfEmployees\":{\"@type\":\"QuantitativeValue\",\"minValue\":\"1\",\"maxValue\":\"10\"},\"hasMerchantReturnPolicy\":{\"@type\":\"MerchantReturnPolicy\",\"merchantReturnLink\":\"https:\\\/\\\/touchproeurope.eu\\\/es\\\/retourbeleid\\\/\"}}]}<\/script>\n<meta property=\"product:brand\" content=\"Earthlite\" \/>\n<meta property=\"og:availability\" content=\"instock\" \/>\n<meta property=\"product:availability\" content=\"instock\" \/>\n<meta property=\"product:retailer_item_id\" content=\"88100\" \/>\n<meta property=\"product:condition\" content=\"new\" \/>\n<!-- \/ Yoast SEO Premium plugin. -->","yoast_head_json":{"title":"Almohada ocular terap\u00e9utica Holistic Alchemy - Tienda TouchPro Europe","description":"Crea tu propio zen con la almohada ocular terap\u00e9utica Holistic Alchemy. Esta suave bolsita de seda favorece la calma y la recuperaci\u00f3n. \u00a1Se acab\u00f3 decir adi\u00f3s al estr\u00e9s!","robots":{"index":"index","follow":"follow","max-snippet":"max-snippet:-1","max-image-preview":"max-image-preview:large","max-video-preview":"max-video-preview:-1"},"canonical":"https:\/\/touchproeurope.eu\/es\/product\/almohada-ocular-terapeutica-holistic-alchemy\/","og_locale":"es_ES","og_type":"article","og_title":"Holistic Alchemy therapeutisch oogkussen","og_description":"Cre\u00eber je eigen zen met het Holistic Alchemy therapeutisch oogkussen. Deze zachte zijden pouch bevordert rust en herstel. Geen afscheid meer van stress!","og_url":"https:\/\/touchproeurope.eu\/es\/product\/almohada-ocular-terapeutica-holistic-alchemy\/","og_site_name":"TouchPro Europe Shop","article_publisher":"https:\/\/www.facebook.com\/TouchproNederland\/?locale=nl_NL%2f","article_modified_time":"2026-05-12T09:29:48+00:00","og_image":[{"width":800,"height":800,"url":"https:\/\/touchproeurope.eu\/wp-content\/uploads\/2023\/11\/Eye_Pillow_-_Group_-_Layered-e1759868785826.jpg","type":"image\/jpeg"}],"twitter_card":"summary_large_image","twitter_misc":{"Disponibilidad":"Disponible"},"schema":{"@context":"https:\/\/schema.org","@graph":[{"@type":"WebPage","@id":"https:\/\/touchproeurope.eu\/product\/holistic-alchemy-therapeutisch-oogkussen\/","url":"https:\/\/touchproeurope.eu\/product\/holistic-alchemy-therapeutisch-oogkussen\/","name":"Almohada ocular terap\u00e9utica Holistic Alchemy - Tienda TouchPro Europe","isPartOf":{"@id":"https:\/\/touchproeurope.eu\/#website"},"primaryImageOfPage":{"@id":"https:\/\/touchproeurope.eu\/product\/holistic-alchemy-therapeutisch-oogkussen\/#primaryimage"},"image":{"@id":"https:\/\/touchproeurope.eu\/product\/holistic-alchemy-therapeutisch-oogkussen\/#primaryimage"},"thumbnailUrl":"https:\/\/i0.wp.com\/touchproeurope.eu\/wp-content\/uploads\/2023\/11\/Eye_Pillow_-_Group_-_Layered-e1759868785826.jpg?fit=800%2C800&ssl=1","datePublished":"2023-11-09T16:06:16+00:00","dateModified":"2026-05-12T09:29:48+00:00","description":"Crea tu propio zen con la almohada ocular terap\u00e9utica Holistic Alchemy. Esta suave bolsita de seda favorece la calma y la recuperaci\u00f3n. \u00a1Se acab\u00f3 decir adi\u00f3s al estr\u00e9s!","breadcrumb":{"@id":"https:\/\/touchproeurope.eu\/product\/holistic-alchemy-therapeutisch-oogkussen\/#breadcrumb"},"inLanguage":"es","potentialAction":[{"@type":"ReadAction","target":["https:\/\/touchproeurope.eu\/product\/holistic-alchemy-therapeutisch-oogkussen\/"]}]},{"@type":"ImageObject","inLanguage":"es","@id":"https:\/\/touchproeurope.eu\/product\/holistic-alchemy-therapeutisch-oogkussen\/#primaryimage","url":"https:\/\/i0.wp.com\/touchproeurope.eu\/wp-content\/uploads\/2023\/11\/Eye_Pillow_-_Group_-_Layered-e1759868785826.jpg?fit=800%2C800&ssl=1","contentUrl":"https:\/\/i0.wp.com\/touchproeurope.eu\/wp-content\/uploads\/2023\/11\/Eye_Pillow_-_Group_-_Layered-e1759868785826.jpg?fit=800%2C800&ssl=1","width":800,"height":800,"caption":"Holistic Alchemy therapeutisch oogkussen alle kleuren van het merk Earthlite"},{"@type":"BreadcrumbList","@id":"https:\/\/touchproeurope.eu\/product\/holistic-alchemy-therapeutisch-oogkussen\/#breadcrumb","itemListElement":[{"@type":"ListItem","position":1,"name":"Home","item":"https:\/\/touchproeurope.eu\/"},{"@type":"ListItem","position":2,"name":"Winkel","item":"https:\/\/touchproeurope.eu\/winkel\/"},{"@type":"ListItem","position":3,"name":"Holistic Alchemy therapeutisch oogkussen"}]},{"@type":"WebSite","@id":"https:\/\/touchproeurope.eu\/#website","url":"https:\/\/touchproeurope.eu\/","name":"Tienda TouchPro Europe","description":"\u00a1Todo para su consulta con un toque PROfesional!","publisher":{"@id":"https:\/\/touchproeurope.eu\/#organization"},"alternateName":"TPE","potentialAction":[{"@type":"SearchAction","target":{"@type":"EntryPoint","urlTemplate":"https:\/\/touchproeurope.eu\/?s={search_term_string}"},"query-input":{"@type":"PropertyValueSpecification","valueRequired":true,"valueName":"search_term_string"}}],"inLanguage":"es"},{"@type":"Organization","@id":"https:\/\/touchproeurope.eu\/#organization","name":"TouchPro Europe BV","alternateName":"TPE","url":"https:\/\/touchproeurope.eu\/","logo":{"@type":"ImageObject","inLanguage":"es","@id":"https:\/\/touchproeurope.eu\/#\/schema\/logo\/image\/","url":"https:\/\/i0.wp.com\/touchproeurope.eu\/wp-content\/uploads\/2023\/10\/2b592c_b6944d80811246d987cc2c29accedf3f.png?fit=1417%2C531&ssl=1","contentUrl":"https:\/\/i0.wp.com\/touchproeurope.eu\/wp-content\/uploads\/2023\/10\/2b592c_b6944d80811246d987cc2c29accedf3f.png?fit=1417%2C531&ssl=1","width":1417,"height":531,"caption":"TouchPro Europe BV"},"image":{"@id":"https:\/\/touchproeurope.eu\/#\/schema\/logo\/image\/"},"sameAs":["https:\/\/www.facebook.com\/TouchproNederland\/?locale=nl_NL\/","https:\/\/www.instagram.com\/touchpro2016\/","https:\/\/www.linkedin.com\/company\/touchpro-europe-bv\/"],"description":"TouchPro Europe Shop es la tienda de masajes de Europa. Vendemos productos de masaje de primera calidad a masajistas, pedicuras, fisioterapeutas, manicuras, centros de bienestar, cursos de formaci\u00f3n, etc. TouchPro comenz\u00f3 como una peque\u00f1a tienda en los Pa\u00edses Bajos, pero ahora se ha convertido en una tienda con clientes de toda Europa. Ofrecemos una amplia gama de productos de masaje, incluyendo camillas de masaje, aceites, cremas y accesorios de las mejores marcas como Earthlite, Stronglite e InnerStrenght, Habys, Living Earth Crafts y Continuum y otros proveedores de accesorios de masaje. Pida aqu\u00ed los mejores art\u00edculos de masaje de Europa.","email":"info@touchpro-europe.com","telephone":"0858768829","legalName":"TouchPro Europe BV","foundingDate":"2018-01-11","vatID":"NL855430151B01","numberOfEmployees":{"@type":"QuantitativeValue","minValue":"1","maxValue":"10"},"hasMerchantReturnPolicy":{"@type":"MerchantReturnPolicy","merchantReturnLink":"https:\/\/touchproeurope.eu\/es\/retourbeleid\/"}}]},"product_brand":"Earthlite","og_availability":"instock","product_availability":"instock","product_retailer_item_id":"88100","product_condition":"new"},"_links":{"self":[{"href":"https:\/\/touchproeurope.eu\/es\/wp-json\/wp\/v2\/product\/3132","targetHints":{"allow":["GET"]}}],"collection":[{"href":"https:\/\/touchproeurope.eu\/es\/wp-json\/wp\/v2\/product"}],"about":[{"href":"https:\/\/touchproeurope.eu\/es\/wp-json\/wp\/v2\/types\/product"}],"replies":[{"embeddable":true,"href":"https:\/\/touchproeurope.eu\/es\/wp-json\/wp\/v2\/comments?post=3132"}],"version-history":[{"count":4,"href":"https:\/\/touchproeurope.eu\/es\/wp-json\/wp\/v2\/product\/3132\/revisions"}],"predecessor-version":[{"id":14223,"href":"https:\/\/touchproeurope.eu\/es\/wp-json\/wp\/v2\/product\/3132\/revisions\/14223"}],"wp:featuredmedia":[{"embeddable":true,"href":"https:\/\/touchproeurope.eu\/es\/wp-json\/wp\/v2\/media\/14217"}],"wp:attachment":[{"href":"https:\/\/touchproeurope.eu\/es\/wp-json\/wp\/v2\/media?parent=3132"}],"wp:term":[{"taxonomy":"product_brand","embeddable":true,"href":"https:\/\/touchproeurope.eu\/es\/wp-json\/wp\/v2\/product_brand?post=3132"},{"taxonomy":"product_cat","embeddable":true,"href":"https:\/\/touchproeurope.eu\/es\/wp-json\/wp\/v2\/product_cat?post=3132"},{"taxonomy":"product_tag","embeddable":true,"href":"https:\/\/touchproeurope.eu\/es\/wp-json\/wp\/v2\/product_tag?post=3132"}],"curies":[{"name":"wp","href":"https:\/\/api.w.org\/{rel}","templated":true}]}}