{"id":3134,"date":"2023-11-09T16:06:20","date_gmt":"2023-11-09T16:06:20","guid":{"rendered":"https:\/\/touchproeurope.eu\/?post_type=product&#038;p=3134"},"modified":"2026-03-04T16:55:41","modified_gmt":"2026-03-04T16:55:41","slug":"camilla-de-masaje-earthlite-terra","status":"publish","type":"product","link":"https:\/\/touchproeurope.eu\/es\/product\/earthlite-terra-massagetafel\/","title":{"rendered":"Camilla de masaje Earthlite Terra"},"content":{"rendered":"<p>Experimente lo \u00faltimo en confort y durabilidad con la camilla de masaje Earthlite Terra. Dise\u00f1ada para profesionales exigentes, esta camilla elevar\u00e1 sus tratamientos a cotas sin precedentes. A trav\u00e9s de los beneficios que ofrece la Terra descubra.<\/p>\n<p>Con patas de altura regulable manualmente, Terra le ofrece la flexibilidad que necesita para una gran variedad de tratamientos. Porque, el robusto armaz\u00f3n de madera dura, combinado con un lujoso acolchado de 7,5 cm y el sedoso tejido Nature's Touch, crea un entorno de relajaci\u00f3n incomparable para sus clientes.<\/p>\n<p>Terra no es una camilla cualquiera; es una robusta pieza de artesan\u00eda perfecta para tratamientos intensivos de masaje, quiropr\u00e1ctica, fisioterapia y spa. Con esquinas redondeadas y pomos dobles, la camilla no solo irradia estilo, sino que tambi\u00e9n ofrece la m\u00e1xima estabilidad.<\/p>\n<p>El paquete incluye no solo la camilla de masaje Earthlite Terra, sino tambi\u00e9n un reposacabezas ajustable y el lujoso coj\u00edn Cloudfill\u2122 para mayor comodidad.<\/p>\n<p>Con una anchura de 30\u2033 (76 cm) y una longitud de 73\u2033 (185cm), la Terra encaja perfectamente en cualquier sala de tratamiento. Con un impresionante rango de altura de 62 cm a 84,5 cm, esta camilla se adapta a sus preferencias.<\/p>\n<p>Invierta en Terra y experimente la combinaci\u00f3n perfecta de lujo y funcionalidad. Haga su pedido ahora y ofrezca a sus clientes el mejor tratamiento. Eleve el nivel de su consulta con la camilla de masaje Earthlite Terra.<\/p>","protected":false},"excerpt":{"rendered":"<p><strong>La camilla de masaje Earthlite Terra<\/strong> Esta mesa cuenta con patas de altura regulable manualmente, un robusto armaz\u00f3n de madera dura y un lujoso soporte y coj\u00edn ajustables. La Terra est\u00e1 tapizada a mano con un lujoso acolchado de 7,5 cm y el flexible tejido Nature's Touch. Un hermoso estante de madera dura proporciona un amplio espacio de almacenamiento para la ropa de cama y art\u00edculos de primera necesidad. Esta camilla es incre\u00edblemente resistente. Perfecta para masajes pesados, quiromasaje, fisioterapia y spa. El paquete incluye:<\/p>\n<ul>\n<li>La camilla de masaje Earthlite Terra<\/li>\n<li>Reposacabezas ajustable y coj\u00edn Cloudfill\u2122.<\/li>\n<\/ul>\n<p>Caracter\u00edsticas:<\/p>\n<ul>\n<li>Revestimiento de PU Nature's Touch\u2122 100%<\/li>\n<li>Sistema de amortiguaci\u00f3n Pro-Plush\u2122 Deluxe de 3 capas de 7,5 cm.<\/li>\n<li>Construcci\u00f3n de madera maciza de haya<\/li>\n<li>Esquinas redondeadas<\/li>\n<li>Botones dobles<\/li>\n<li>Anchura: 30\u2033 (76 cm)<\/li>\n<li>Longitud: 185 cm<\/li>\n<li>Altura: 62 cm - 84,5 cm<\/li>\n<li>Peso: 1.450 kg<\/li>\n<li>Peso m\u00e1ximo de trabajo: 360 kg<\/li>\n<\/ul>\n<p>&nbsp;<\/p>","protected":false},"featured_media":3133,"comment_status":"open","ping_status":"closed","template":"","meta":[],"product_brand":[343],"product_cat":[93,95],"product_tag":[85,39,86],"class_list":{"0":"post-3134","1":"product","2":"type-product","3":"status-publish","4":"has-post-thumbnail","6":"product_brand-earthlite","7":"product_cat-massagetafels","8":"product_cat-stationaire-massagetafels","9":"product_tag-earthlite","10":"product_tag-massagetafel","11":"product_tag-terra","12":"product_shipping_class-groot-pakket","13":"pa_kleur-beige","14":"pa_kleur-zwart","15":"pa_merk-earthlite","17":"first","18":"instock","19":"taxable","20":"shipping-taxable","21":"purchasable","22":"product-type-variable"},"yoast_head":"<!-- This site is optimized with the Yoast SEO Premium plugin v27.3 (Yoast SEO v27.3) - https:\/\/yoast.com\/product\/yoast-seo-premium-wordpress\/ -->\n<title>Earthlite Terra massagetafel - TouchPro Europe Shop<\/title>\n<meta name=\"description\" content=\"Ervaar ultiem comfort met de Earthlite Terra massagetafel: handmatig verstelbaar, hardhouten frame, luxe demping. Bestel nu en verbeter massage ervaring!\" \/>\n<meta name=\"robots\" content=\"index, follow, max-snippet:-1, max-image-preview:large, max-video-preview:-1\" \/>\n<link rel=\"canonical\" href=\"https:\/\/touchproeurope.eu\/es\/product\/camilla-de-masaje-earthlite-terra\/\" \/>\n<meta property=\"og:locale\" content=\"es_ES\" \/>\n<meta property=\"og:type\" content=\"article\" \/>\n<meta property=\"og:title\" content=\"Earthlite Terra massagetafel\" \/>\n<meta property=\"og:description\" content=\"Ervaar ultiem comfort met de Earthlite Terra massagetafel: handmatig verstelbaar, hardhouten frame, luxe demping. Bestel nu en verbeter massage ervaring!\" \/>\n<meta property=\"og:url\" content=\"https:\/\/touchproeurope.eu\/es\/product\/camilla-de-masaje-earthlite-terra\/\" \/>\n<meta property=\"og:site_name\" content=\"TouchPro Europe Shop\" \/>\n<meta property=\"article:publisher\" content=\"https:\/\/www.facebook.com\/TouchproNederland\/?locale=nl_NL%2f\" \/>\n<meta property=\"article:modified_time\" content=\"2026-03-04T16:55:41+00:00\" \/>\n<meta property=\"og:image\" content=\"https:\/\/touchproeurope.eu\/wp-content\/uploads\/2023\/11\/3928648349.jpg\" \/>\n\t<meta property=\"og:image:width\" content=\"2000\" \/>\n\t<meta property=\"og:image:height\" content=\"2000\" \/>\n\t<meta property=\"og:image:type\" content=\"image\/jpeg\" \/>\n<meta name=\"twitter:card\" content=\"summary_large_image\" \/>\n<meta name=\"twitter:label1\" content=\"Disponibilidad\" \/>\n\t<meta name=\"twitter:data1\" content=\"Disponible\" \/>\n<script type=\"application\/ld+json\" class=\"yoast-schema-graph\">{\"@context\":\"https:\\\/\\\/schema.org\",\"@graph\":[{\"@type\":\"WebPage\",\"@id\":\"https:\\\/\\\/touchproeurope.eu\\\/product\\\/earthlite-terra-massagetafel\\\/\",\"url\":\"https:\\\/\\\/touchproeurope.eu\\\/product\\\/earthlite-terra-massagetafel\\\/\",\"name\":\"Earthlite Terra massagetafel - TouchPro Europe Shop\",\"isPartOf\":{\"@id\":\"https:\\\/\\\/touchproeurope.eu\\\/#website\"},\"primaryImageOfPage\":{\"@id\":\"https:\\\/\\\/touchproeurope.eu\\\/product\\\/earthlite-terra-massagetafel\\\/#primaryimage\"},\"image\":{\"@id\":\"https:\\\/\\\/touchproeurope.eu\\\/product\\\/earthlite-terra-massagetafel\\\/#primaryimage\"},\"thumbnailUrl\":\"https:\\\/\\\/i0.wp.com\\\/touchproeurope.eu\\\/wp-content\\\/uploads\\\/2023\\\/11\\\/3928648349.jpg?fit=2000%2C2000&ssl=1\",\"datePublished\":\"2023-11-09T16:06:20+00:00\",\"dateModified\":\"2026-03-04T16:55:41+00:00\",\"description\":\"Ervaar ultiem comfort met de Earthlite Terra massagetafel: handmatig verstelbaar, hardhouten frame, luxe demping. Bestel nu en verbeter massage ervaring!\",\"breadcrumb\":{\"@id\":\"https:\\\/\\\/touchproeurope.eu\\\/product\\\/earthlite-terra-massagetafel\\\/#breadcrumb\"},\"inLanguage\":\"es\",\"potentialAction\":[{\"@type\":\"ReadAction\",\"target\":[\"https:\\\/\\\/touchproeurope.eu\\\/product\\\/earthlite-terra-massagetafel\\\/\"]}]},{\"@type\":\"ImageObject\",\"inLanguage\":\"es\",\"@id\":\"https:\\\/\\\/touchproeurope.eu\\\/product\\\/earthlite-terra-massagetafel\\\/#primaryimage\",\"url\":\"https:\\\/\\\/i0.wp.com\\\/touchproeurope.eu\\\/wp-content\\\/uploads\\\/2023\\\/11\\\/3928648349.jpg?fit=2000%2C2000&ssl=1\",\"contentUrl\":\"https:\\\/\\\/i0.wp.com\\\/touchproeurope.eu\\\/wp-content\\\/uploads\\\/2023\\\/11\\\/3928648349.jpg?fit=2000%2C2000&ssl=1\",\"width\":2000,\"height\":2000,\"caption\":\"Earthlite Terra massagetafel\"},{\"@type\":\"BreadcrumbList\",\"@id\":\"https:\\\/\\\/touchproeurope.eu\\\/product\\\/earthlite-terra-massagetafel\\\/#breadcrumb\",\"itemListElement\":[{\"@type\":\"ListItem\",\"position\":1,\"name\":\"Home\",\"item\":\"https:\\\/\\\/touchproeurope.eu\\\/\"},{\"@type\":\"ListItem\",\"position\":2,\"name\":\"Winkel\",\"item\":\"https:\\\/\\\/touchproeurope.eu\\\/winkel\\\/\"},{\"@type\":\"ListItem\",\"position\":3,\"name\":\"Earthlite Terra massagetafel\"}]},{\"@type\":\"WebSite\",\"@id\":\"https:\\\/\\\/touchproeurope.eu\\\/#website\",\"url\":\"https:\\\/\\\/touchproeurope.eu\\\/\",\"name\":\"TouchPro Europe Shop\",\"description\":\"Alles voor jouw praktijk met een PROfessionele Touch!\",\"publisher\":{\"@id\":\"https:\\\/\\\/touchproeurope.eu\\\/#organization\"},\"alternateName\":\"TPE\",\"potentialAction\":[{\"@type\":\"SearchAction\",\"target\":{\"@type\":\"EntryPoint\",\"urlTemplate\":\"https:\\\/\\\/touchproeurope.eu\\\/?s={search_term_string}\"},\"query-input\":{\"@type\":\"PropertyValueSpecification\",\"valueRequired\":true,\"valueName\":\"search_term_string\"}}],\"inLanguage\":\"es\"},{\"@type\":\"Organization\",\"@id\":\"https:\\\/\\\/touchproeurope.eu\\\/#organization\",\"name\":\"TouchPro Europe BV\",\"alternateName\":\"TPE\",\"url\":\"https:\\\/\\\/touchproeurope.eu\\\/\",\"logo\":{\"@type\":\"ImageObject\",\"inLanguage\":\"es\",\"@id\":\"https:\\\/\\\/touchproeurope.eu\\\/#\\\/schema\\\/logo\\\/image\\\/\",\"url\":\"https:\\\/\\\/i0.wp.com\\\/touchproeurope.eu\\\/wp-content\\\/uploads\\\/2023\\\/10\\\/2b592c_b6944d80811246d987cc2c29accedf3f.png?fit=1417%2C531&ssl=1\",\"contentUrl\":\"https:\\\/\\\/i0.wp.com\\\/touchproeurope.eu\\\/wp-content\\\/uploads\\\/2023\\\/10\\\/2b592c_b6944d80811246d987cc2c29accedf3f.png?fit=1417%2C531&ssl=1\",\"width\":1417,\"height\":531,\"caption\":\"TouchPro Europe BV\"},\"image\":{\"@id\":\"https:\\\/\\\/touchproeurope.eu\\\/#\\\/schema\\\/logo\\\/image\\\/\"},\"sameAs\":[\"https:\\\/\\\/www.facebook.com\\\/TouchproNederland\\\/?locale=nl_NL\\\/\",\"https:\\\/\\\/www.instagram.com\\\/touchpro2016\\\/\",\"https:\\\/\\\/www.linkedin.com\\\/company\\\/touchpro-europe-bv\\\/\"],\"description\":\"TouchPro Europe Shop is de massage winkel van Europa. Wij verkopen topkwaliteit massageproducten aan masseurs, pedicures, fysiotherapeuten, manicuren, Wellness centra, opleidingen, etc. TouchPro begon als een kleine webshop in Nederland, maar is nu uitgegroeid tot een webshop met klanten uit heel Europa. Wij bieden een breed assortiment aan massageproducten, waaronder massagetafels, oli\u00ebn, cr\u00e8mes, en accessoires van topmerken, zoals Earthlite, Stronglite en InnerStrenght, Habys, Living Earth Crafts en Continuum en andere leveranciers van massage accessoires. Bestel hier de beste massagematerialen van Europa!\",\"email\":\"info@touchpro-europe.com\",\"telephone\":\"0858768829\",\"legalName\":\"TouchPro Europe BV\",\"foundingDate\":\"2018-01-11\",\"vatID\":\"NL855430151B01\",\"numberOfEmployees\":{\"@type\":\"QuantitativeValue\",\"minValue\":\"1\",\"maxValue\":\"10\"},\"hasMerchantReturnPolicy\":{\"@type\":\"MerchantReturnPolicy\",\"merchantReturnLink\":\"https:\\\/\\\/touchproeurope.eu\\\/es\\\/retourbeleid\\\/\"}}]}<\/script>\n<meta property=\"product:brand\" content=\"Earthlite\" \/>\n<meta property=\"og:availability\" content=\"instock\" \/>\n<meta property=\"product:availability\" content=\"instock\" \/>\n<meta property=\"product:retailer_item_id\" content=\"88760\" \/>\n<meta property=\"product:condition\" content=\"new\" \/>\n<!-- \/ Yoast SEO Premium plugin. -->","yoast_head_json":{"title":"Camilla de masaje Earthlite Terra - Tienda TouchPro Europe","description":"Experimente la m\u00e1xima comodidad con la camilla de masaje Earthlite Terra: ajustable manualmente, estructura de madera dura, lujoso acolchado. P\u00eddala ahora y mejore su experiencia de masaje.","robots":{"index":"index","follow":"follow","max-snippet":"max-snippet:-1","max-image-preview":"max-image-preview:large","max-video-preview":"max-video-preview:-1"},"canonical":"https:\/\/touchproeurope.eu\/es\/product\/camilla-de-masaje-earthlite-terra\/","og_locale":"es_ES","og_type":"article","og_title":"Earthlite Terra massagetafel","og_description":"Ervaar ultiem comfort met de Earthlite Terra massagetafel: handmatig verstelbaar, hardhouten frame, luxe demping. Bestel nu en verbeter massage ervaring!","og_url":"https:\/\/touchproeurope.eu\/es\/product\/camilla-de-masaje-earthlite-terra\/","og_site_name":"TouchPro Europe Shop","article_publisher":"https:\/\/www.facebook.com\/TouchproNederland\/?locale=nl_NL%2f","article_modified_time":"2026-03-04T16:55:41+00:00","og_image":[{"width":2000,"height":2000,"url":"https:\/\/touchproeurope.eu\/wp-content\/uploads\/2023\/11\/3928648349.jpg","type":"image\/jpeg"}],"twitter_card":"summary_large_image","twitter_misc":{"Disponibilidad":"Disponible"},"schema":{"@context":"https:\/\/schema.org","@graph":[{"@type":"WebPage","@id":"https:\/\/touchproeurope.eu\/product\/earthlite-terra-massagetafel\/","url":"https:\/\/touchproeurope.eu\/product\/earthlite-terra-massagetafel\/","name":"Camilla de masaje Earthlite Terra - Tienda TouchPro Europe","isPartOf":{"@id":"https:\/\/touchproeurope.eu\/#website"},"primaryImageOfPage":{"@id":"https:\/\/touchproeurope.eu\/product\/earthlite-terra-massagetafel\/#primaryimage"},"image":{"@id":"https:\/\/touchproeurope.eu\/product\/earthlite-terra-massagetafel\/#primaryimage"},"thumbnailUrl":"https:\/\/i0.wp.com\/touchproeurope.eu\/wp-content\/uploads\/2023\/11\/3928648349.jpg?fit=2000%2C2000&ssl=1","datePublished":"2023-11-09T16:06:20+00:00","dateModified":"2026-03-04T16:55:41+00:00","description":"Experimente la m\u00e1xima comodidad con la camilla de masaje Earthlite Terra: ajustable manualmente, estructura de madera dura, lujoso acolchado. P\u00eddala ahora y mejore su experiencia de masaje.","breadcrumb":{"@id":"https:\/\/touchproeurope.eu\/product\/earthlite-terra-massagetafel\/#breadcrumb"},"inLanguage":"es","potentialAction":[{"@type":"ReadAction","target":["https:\/\/touchproeurope.eu\/product\/earthlite-terra-massagetafel\/"]}]},{"@type":"ImageObject","inLanguage":"es","@id":"https:\/\/touchproeurope.eu\/product\/earthlite-terra-massagetafel\/#primaryimage","url":"https:\/\/i0.wp.com\/touchproeurope.eu\/wp-content\/uploads\/2023\/11\/3928648349.jpg?fit=2000%2C2000&ssl=1","contentUrl":"https:\/\/i0.wp.com\/touchproeurope.eu\/wp-content\/uploads\/2023\/11\/3928648349.jpg?fit=2000%2C2000&ssl=1","width":2000,"height":2000,"caption":"Earthlite Terra massagetafel"},{"@type":"BreadcrumbList","@id":"https:\/\/touchproeurope.eu\/product\/earthlite-terra-massagetafel\/#breadcrumb","itemListElement":[{"@type":"ListItem","position":1,"name":"Home","item":"https:\/\/touchproeurope.eu\/"},{"@type":"ListItem","position":2,"name":"Winkel","item":"https:\/\/touchproeurope.eu\/winkel\/"},{"@type":"ListItem","position":3,"name":"Earthlite Terra massagetafel"}]},{"@type":"WebSite","@id":"https:\/\/touchproeurope.eu\/#website","url":"https:\/\/touchproeurope.eu\/","name":"Tienda TouchPro Europe","description":"\u00a1Todo para su consulta con un toque PROfesional!","publisher":{"@id":"https:\/\/touchproeurope.eu\/#organization"},"alternateName":"TPE","potentialAction":[{"@type":"SearchAction","target":{"@type":"EntryPoint","urlTemplate":"https:\/\/touchproeurope.eu\/?s={search_term_string}"},"query-input":{"@type":"PropertyValueSpecification","valueRequired":true,"valueName":"search_term_string"}}],"inLanguage":"es"},{"@type":"Organization","@id":"https:\/\/touchproeurope.eu\/#organization","name":"TouchPro Europe BV","alternateName":"TPE","url":"https:\/\/touchproeurope.eu\/","logo":{"@type":"ImageObject","inLanguage":"es","@id":"https:\/\/touchproeurope.eu\/#\/schema\/logo\/image\/","url":"https:\/\/i0.wp.com\/touchproeurope.eu\/wp-content\/uploads\/2023\/10\/2b592c_b6944d80811246d987cc2c29accedf3f.png?fit=1417%2C531&ssl=1","contentUrl":"https:\/\/i0.wp.com\/touchproeurope.eu\/wp-content\/uploads\/2023\/10\/2b592c_b6944d80811246d987cc2c29accedf3f.png?fit=1417%2C531&ssl=1","width":1417,"height":531,"caption":"TouchPro Europe BV"},"image":{"@id":"https:\/\/touchproeurope.eu\/#\/schema\/logo\/image\/"},"sameAs":["https:\/\/www.facebook.com\/TouchproNederland\/?locale=nl_NL\/","https:\/\/www.instagram.com\/touchpro2016\/","https:\/\/www.linkedin.com\/company\/touchpro-europe-bv\/"],"description":"TouchPro Europe Shop es la tienda de masajes de Europa. Vendemos productos de masaje de primera calidad a masajistas, pedicuras, fisioterapeutas, manicuras, centros de bienestar, cursos de formaci\u00f3n, etc. TouchPro comenz\u00f3 como una peque\u00f1a tienda en los Pa\u00edses Bajos, pero ahora se ha convertido en una tienda con clientes de toda Europa. Ofrecemos una amplia gama de productos de masaje, incluyendo camillas de masaje, aceites, cremas y accesorios de las mejores marcas como Earthlite, Stronglite e InnerStrenght, Habys, Living Earth Crafts y Continuum y otros proveedores de accesorios de masaje. Pida aqu\u00ed los mejores art\u00edculos de masaje de Europa.","email":"info@touchpro-europe.com","telephone":"0858768829","legalName":"TouchPro Europe BV","foundingDate":"2018-01-11","vatID":"NL855430151B01","numberOfEmployees":{"@type":"QuantitativeValue","minValue":"1","maxValue":"10"},"hasMerchantReturnPolicy":{"@type":"MerchantReturnPolicy","merchantReturnLink":"https:\/\/touchproeurope.eu\/es\/retourbeleid\/"}}]},"product_brand":"Earthlite","og_availability":"instock","product_availability":"instock","product_retailer_item_id":"88760","product_condition":"new"},"_links":{"self":[{"href":"https:\/\/touchproeurope.eu\/es\/wp-json\/wp\/v2\/product\/3134","targetHints":{"allow":["GET"]}}],"collection":[{"href":"https:\/\/touchproeurope.eu\/es\/wp-json\/wp\/v2\/product"}],"about":[{"href":"https:\/\/touchproeurope.eu\/es\/wp-json\/wp\/v2\/types\/product"}],"replies":[{"embeddable":true,"href":"https:\/\/touchproeurope.eu\/es\/wp-json\/wp\/v2\/comments?post=3134"}],"version-history":[{"count":6,"href":"https:\/\/touchproeurope.eu\/es\/wp-json\/wp\/v2\/product\/3134\/revisions"}],"predecessor-version":[{"id":7799,"href":"https:\/\/touchproeurope.eu\/es\/wp-json\/wp\/v2\/product\/3134\/revisions\/7799"}],"wp:featuredmedia":[{"embeddable":true,"href":"https:\/\/touchproeurope.eu\/es\/wp-json\/wp\/v2\/media\/3133"}],"wp:attachment":[{"href":"https:\/\/touchproeurope.eu\/es\/wp-json\/wp\/v2\/media?parent=3134"}],"wp:term":[{"taxonomy":"product_brand","embeddable":true,"href":"https:\/\/touchproeurope.eu\/es\/wp-json\/wp\/v2\/product_brand?post=3134"},{"taxonomy":"product_cat","embeddable":true,"href":"https:\/\/touchproeurope.eu\/es\/wp-json\/wp\/v2\/product_cat?post=3134"},{"taxonomy":"product_tag","embeddable":true,"href":"https:\/\/touchproeurope.eu\/es\/wp-json\/wp\/v2\/product_tag?post=3134"}],"curies":[{"name":"wp","href":"https:\/\/api.w.org\/{rel}","templated":true}]}}