{"id":3158,"date":"2023-11-09T16:07:04","date_gmt":"2023-11-09T16:07:04","guid":{"rendered":"https:\/\/touchproeurope.eu\/?post_type=product&#038;p=3158"},"modified":"2026-04-22T09:32:07","modified_gmt":"2026-04-22T09:32:07","slug":"reposacabezas-plataforma-caricia","status":"publish","type":"product","link":"https:\/\/touchproeurope.eu\/es\/product\/hoofdsteun-platform-caress\/","title":{"rendered":"Plataforma de reposacabezas Caress\u2122"},"content":{"rendered":"<p>La revolucionaria plataforma de reposacabezas Caress\u2122 es una plataforma autoajustable dise\u00f1ada para adaptarse a los contornos faciales \u00fanicos de cada cliente. La avanzada tecnolog\u00eda de los Soft-Petals\u2122 reduce significativamente la presi\u00f3n sinusal y elimina por completo los puntos de presi\u00f3n. Permitiendo a sus clientes experimentar una comodidad sin igual. Los Soft-Petals\u2122 se equilibran y flexionan para sostener la cara de su cliente, creando una cuna de confort que elimina la molesta \"cara de cuna\".<\/p>\n<p>Con una separaci\u00f3n de 8\u2033, las clavijas se adaptan a la mayor\u00eda de las mesas Earthlite, lo que garantiza una integraci\u00f3n perfecta con su equipo actual. Las ocho almohadillas de suspensi\u00f3n, patentadas como \"Soft-Petals\" (patente pendiente), se equilibran y flexionan de forma independiente. Para crear una plataforma con forma de coj\u00edn que soporta perfectamente la cabeza de su cliente. Este innovador dise\u00f1o garantiza la ausencia de puntos de presi\u00f3n, aumentando significativamente el confort durante los tratamientos.<\/p>\n<p>Adem\u00e1s, esta plataforma cuenta con una \u00fanica palanca de leva que permite ajustar f\u00e1cilmente la altura y el \u00e1ngulo y se bloquea de forma segura. Esto hace que el ajuste del reposacabezas sea f\u00e1cil y r\u00e1pido. Lo que le permite concentrarse en proporcionar una atenci\u00f3n excelente a sus clientes. La construcci\u00f3n de alta calidad y el funcionamiento fiable de la Plataforma de Reposacabezas Caress\u2122 garantizan que sus clientes quedar\u00e1n satisfechos una y otra vez.<\/p>\n<p>Por qu\u00e9 elegir la Plataforma Reposacabezas Caress\u2122?<\/p>\n<p>La plataforma reposacabezas Caress\u2122 es un elemento imprescindible para cualquier profesional que se esfuerce por ofrecer tratamientos de la m\u00e1xima calidad. Sus clientes notar\u00e1n la diferencia y apreciar\u00e1n el mayor nivel de comodidad y relajaci\u00f3n durante sus sesiones. Con su avanzada tecnolog\u00eda y atenci\u00f3n al detalle, esta plataforma ofrece un soporte superior y una experiencia de usuario inigualable. La calidad y la satisfacci\u00f3n est\u00e1n garantizadas, lo que proporciona a su consulta una ventaja competitiva.<\/p>","protected":false},"excerpt":{"rendered":"<p><em><em>Reposacabezas autoajustable mediante suaves p\u00e9talos para una presi\u00f3n m\u00ednima y un equilibrio \u00f3ptimo<\/em><\/em><\/p>\n<p><em>Si est\u00e1 en stock, el plazo de entrega (tras la recepci\u00f3n del pago) es de 1 a 3 d\u00edas laborables<\/em><\/p>\n<p><em>si no est\u00e1 en stock de 3 a 5 semanas<\/em><\/p>","protected":false},"featured_media":6370,"comment_status":"open","ping_status":"closed","template":"","meta":[],"product_brand":[343],"product_cat":[99,101],"product_tag":[],"class_list":{"0":"post-3158","1":"product","2":"type-product","3":"status-publish","4":"has-post-thumbnail","6":"product_brand-earthlite","7":"product_cat-accessoires","8":"product_cat-hoofdsteunen-en-kussens","9":"product_shipping_class-klein-pakket","11":"first","12":"instock","13":"taxable","14":"shipping-taxable","15":"purchasable","16":"product-type-simple"},"yoast_head":"<!-- This site is optimized with the Yoast SEO Premium plugin v27.4 (Yoast SEO v27.4) - https:\/\/yoast.com\/product\/yoast-seo-premium-wordpress\/ -->\n<title>Bekijk nu de Hoofdsteun platform Caress\u2122 - Eenvoudig online bij - TouchPro Europe Shop<\/title>\n<meta name=\"description\" content=\"Ontdek de hoofdsteun platform Caress\u2122: elimineert drukpunten met Soft-Petals\u2122 technologie, past op Earthlite-tafels, perfect voor comfort tijdens massages!\" \/>\n<meta name=\"robots\" content=\"index, follow, max-snippet:-1, max-image-preview:large, max-video-preview:-1\" \/>\n<link rel=\"canonical\" href=\"https:\/\/touchproeurope.eu\/es\/product\/reposacabezas-plataforma-caricia\/\" \/>\n<meta property=\"og:locale\" content=\"es_ES\" \/>\n<meta property=\"og:type\" content=\"article\" \/>\n<meta property=\"og:title\" content=\"Hoofdsteun platform Caress\u2122\" \/>\n<meta property=\"og:description\" content=\"Ontdek de hoofdsteun platform Caress\u2122: elimineert drukpunten met Soft-Petals\u2122 technologie, past op Earthlite-tafels, perfect voor comfort tijdens massages!\" \/>\n<meta property=\"og:url\" content=\"https:\/\/touchproeurope.eu\/es\/product\/reposacabezas-plataforma-caricia\/\" \/>\n<meta property=\"og:site_name\" content=\"TouchPro Europe Shop\" \/>\n<meta property=\"article:publisher\" content=\"https:\/\/www.facebook.com\/TouchproNederland\/?locale=nl_NL%2f\" \/>\n<meta property=\"article:modified_time\" content=\"2026-04-22T09:32:07+00:00\" \/>\n<meta property=\"og:image\" content=\"https:\/\/touchproeurope.eu\/wp-content\/uploads\/2023\/11\/39966259854_78bc64fe05_c.jpg\" \/>\n\t<meta property=\"og:image:width\" content=\"800\" \/>\n\t<meta property=\"og:image:height\" content=\"800\" \/>\n\t<meta property=\"og:image:type\" content=\"image\/jpeg\" \/>\n<meta name=\"twitter:card\" content=\"summary_large_image\" \/>\n<meta name=\"twitter:label1\" content=\"Precio\" \/>\n\t<meta name=\"twitter:data1\" content=\"&euro;&nbsp;95,00 incl. BTW\" \/>\n\t<meta name=\"twitter:label2\" content=\"Disponibilidad\" \/>\n\t<meta name=\"twitter:data2\" content=\"Disponible\" \/>\n<script type=\"application\/ld+json\" class=\"yoast-schema-graph\">{\"@context\":\"https:\\\/\\\/schema.org\",\"@graph\":[{\"@type\":\"WebPage\",\"@id\":\"https:\\\/\\\/touchproeurope.eu\\\/product\\\/hoofdsteun-platform-caress\\\/\",\"url\":\"https:\\\/\\\/touchproeurope.eu\\\/product\\\/hoofdsteun-platform-caress\\\/\",\"name\":\"Bekijk nu de Hoofdsteun platform Caress\u2122 - Eenvoudig online bij - TouchPro Europe Shop\",\"isPartOf\":{\"@id\":\"https:\\\/\\\/touchproeurope.eu\\\/#website\"},\"primaryImageOfPage\":{\"@id\":\"https:\\\/\\\/touchproeurope.eu\\\/product\\\/hoofdsteun-platform-caress\\\/#primaryimage\"},\"image\":{\"@id\":\"https:\\\/\\\/touchproeurope.eu\\\/product\\\/hoofdsteun-platform-caress\\\/#primaryimage\"},\"thumbnailUrl\":\"https:\\\/\\\/i0.wp.com\\\/touchproeurope.eu\\\/wp-content\\\/uploads\\\/2023\\\/11\\\/39966259854_78bc64fe05_c.jpg?fit=800%2C800&ssl=1\",\"datePublished\":\"2023-11-09T16:07:04+00:00\",\"dateModified\":\"2026-04-22T09:32:07+00:00\",\"description\":\"Ontdek de hoofdsteun platform Caress\u2122: elimineert drukpunten met Soft-Petals\u2122 technologie, past op Earthlite-tafels, perfect voor comfort tijdens massages!\",\"breadcrumb\":{\"@id\":\"https:\\\/\\\/touchproeurope.eu\\\/product\\\/hoofdsteun-platform-caress\\\/#breadcrumb\"},\"inLanguage\":\"es\",\"potentialAction\":[{\"@type\":\"ReadAction\",\"target\":[\"https:\\\/\\\/touchproeurope.eu\\\/product\\\/hoofdsteun-platform-caress\\\/\"]}]},{\"@type\":\"ImageObject\",\"inLanguage\":\"es\",\"@id\":\"https:\\\/\\\/touchproeurope.eu\\\/product\\\/hoofdsteun-platform-caress\\\/#primaryimage\",\"url\":\"https:\\\/\\\/i0.wp.com\\\/touchproeurope.eu\\\/wp-content\\\/uploads\\\/2023\\\/11\\\/39966259854_78bc64fe05_c.jpg?fit=800%2C800&ssl=1\",\"contentUrl\":\"https:\\\/\\\/i0.wp.com\\\/touchproeurope.eu\\\/wp-content\\\/uploads\\\/2023\\\/11\\\/39966259854_78bc64fe05_c.jpg?fit=800%2C800&ssl=1\",\"width\":800,\"height\":800,\"caption\":\"Hoofdsteun platform Caress\u2122\"},{\"@type\":\"BreadcrumbList\",\"@id\":\"https:\\\/\\\/touchproeurope.eu\\\/product\\\/hoofdsteun-platform-caress\\\/#breadcrumb\",\"itemListElement\":[{\"@type\":\"ListItem\",\"position\":1,\"name\":\"Home\",\"item\":\"https:\\\/\\\/touchproeurope.eu\\\/\"},{\"@type\":\"ListItem\",\"position\":2,\"name\":\"Winkel\",\"item\":\"https:\\\/\\\/touchproeurope.eu\\\/winkel\\\/\"},{\"@type\":\"ListItem\",\"position\":3,\"name\":\"Hoofdsteun platform Caress\u2122\"}]},{\"@type\":\"WebSite\",\"@id\":\"https:\\\/\\\/touchproeurope.eu\\\/#website\",\"url\":\"https:\\\/\\\/touchproeurope.eu\\\/\",\"name\":\"TouchPro Europe Shop\",\"description\":\"Alles voor jouw praktijk met een PROfessionele Touch!\",\"publisher\":{\"@id\":\"https:\\\/\\\/touchproeurope.eu\\\/#organization\"},\"alternateName\":\"TPE\",\"potentialAction\":[{\"@type\":\"SearchAction\",\"target\":{\"@type\":\"EntryPoint\",\"urlTemplate\":\"https:\\\/\\\/touchproeurope.eu\\\/?s={search_term_string}\"},\"query-input\":{\"@type\":\"PropertyValueSpecification\",\"valueRequired\":true,\"valueName\":\"search_term_string\"}}],\"inLanguage\":\"es\"},{\"@type\":\"Organization\",\"@id\":\"https:\\\/\\\/touchproeurope.eu\\\/#organization\",\"name\":\"TouchPro Europe BV\",\"alternateName\":\"TPE\",\"url\":\"https:\\\/\\\/touchproeurope.eu\\\/\",\"logo\":{\"@type\":\"ImageObject\",\"inLanguage\":\"es\",\"@id\":\"https:\\\/\\\/touchproeurope.eu\\\/#\\\/schema\\\/logo\\\/image\\\/\",\"url\":\"https:\\\/\\\/i0.wp.com\\\/touchproeurope.eu\\\/wp-content\\\/uploads\\\/2023\\\/10\\\/2b592c_b6944d80811246d987cc2c29accedf3f.png?fit=1417%2C531&ssl=1\",\"contentUrl\":\"https:\\\/\\\/i0.wp.com\\\/touchproeurope.eu\\\/wp-content\\\/uploads\\\/2023\\\/10\\\/2b592c_b6944d80811246d987cc2c29accedf3f.png?fit=1417%2C531&ssl=1\",\"width\":1417,\"height\":531,\"caption\":\"TouchPro Europe BV\"},\"image\":{\"@id\":\"https:\\\/\\\/touchproeurope.eu\\\/#\\\/schema\\\/logo\\\/image\\\/\"},\"sameAs\":[\"https:\\\/\\\/www.facebook.com\\\/TouchproNederland\\\/?locale=nl_NL\\\/\",\"https:\\\/\\\/www.instagram.com\\\/touchpro2016\\\/\",\"https:\\\/\\\/www.linkedin.com\\\/company\\\/touchpro-europe-bv\\\/\"],\"description\":\"TouchPro Europe Shop is de massage winkel van Europa. Wij verkopen topkwaliteit massageproducten aan masseurs, pedicures, fysiotherapeuten, manicuren, Wellness centra, opleidingen, etc. TouchPro begon als een kleine webshop in Nederland, maar is nu uitgegroeid tot een webshop met klanten uit heel Europa. Wij bieden een breed assortiment aan massageproducten, waaronder massagetafels, oli\u00ebn, cr\u00e8mes, en accessoires van topmerken, zoals Earthlite, Stronglite en InnerStrenght, Habys, Living Earth Crafts en Continuum en andere leveranciers van massage accessoires. Bestel hier de beste massagematerialen van Europa!\",\"email\":\"info@touchpro-europe.com\",\"telephone\":\"0858768829\",\"legalName\":\"TouchPro Europe BV\",\"foundingDate\":\"2018-01-11\",\"vatID\":\"NL855430151B01\",\"numberOfEmployees\":{\"@type\":\"QuantitativeValue\",\"minValue\":\"1\",\"maxValue\":\"10\"},\"hasMerchantReturnPolicy\":{\"@type\":\"MerchantReturnPolicy\",\"merchantReturnLink\":\"https:\\\/\\\/touchproeurope.eu\\\/es\\\/retourbeleid\\\/\"}}]}<\/script>\n<meta property=\"product:price:amount\" content=\"95.00\" \/>\n<meta property=\"product:price:currency\" content=\"EUR\" \/>\n<meta property=\"og:availability\" content=\"instock\" \/>\n<meta property=\"product:availability\" content=\"instock\" \/>\n<meta property=\"product:retailer_item_id\" content=\"904147\" \/>\n<meta property=\"product:condition\" content=\"new\" \/>\n<!-- \/ Yoast SEO Premium plugin. -->","yoast_head_json":{"title":"Echa un vistazo a la plataforma Reposacabezas Caress\u2122 ahora - F\u00e1cilmente en l\u00ednea en - TouchPro Europe Shop.","description":"Descubre la plataforma reposacabezas Caress\u2122: elimina los puntos de presi\u00f3n con la tecnolog\u00eda Soft-Petals\u2122, se adapta a las camillas Earthlite, \u00a1perfecta para la comodidad durante los masajes!","robots":{"index":"index","follow":"follow","max-snippet":"max-snippet:-1","max-image-preview":"max-image-preview:large","max-video-preview":"max-video-preview:-1"},"canonical":"https:\/\/touchproeurope.eu\/es\/product\/reposacabezas-plataforma-caricia\/","og_locale":"es_ES","og_type":"article","og_title":"Hoofdsteun platform Caress\u2122","og_description":"Ontdek de hoofdsteun platform Caress\u2122: elimineert drukpunten met Soft-Petals\u2122 technologie, past op Earthlite-tafels, perfect voor comfort tijdens massages!","og_url":"https:\/\/touchproeurope.eu\/es\/product\/reposacabezas-plataforma-caricia\/","og_site_name":"TouchPro Europe Shop","article_publisher":"https:\/\/www.facebook.com\/TouchproNederland\/?locale=nl_NL%2f","article_modified_time":"2026-04-22T09:32:07+00:00","og_image":[{"width":800,"height":800,"url":"https:\/\/touchproeurope.eu\/wp-content\/uploads\/2023\/11\/39966259854_78bc64fe05_c.jpg","type":"image\/jpeg"}],"twitter_card":"summary_large_image","twitter_misc":{"Precio":"&euro;&nbsp;95,00 incl. BTW","Disponibilidad":"Disponible"},"schema":{"@context":"https:\/\/schema.org","@graph":[{"@type":"WebPage","@id":"https:\/\/touchproeurope.eu\/product\/hoofdsteun-platform-caress\/","url":"https:\/\/touchproeurope.eu\/product\/hoofdsteun-platform-caress\/","name":"Echa un vistazo a la plataforma Reposacabezas Caress\u2122 ahora - F\u00e1cilmente en l\u00ednea en - TouchPro Europe Shop.","isPartOf":{"@id":"https:\/\/touchproeurope.eu\/#website"},"primaryImageOfPage":{"@id":"https:\/\/touchproeurope.eu\/product\/hoofdsteun-platform-caress\/#primaryimage"},"image":{"@id":"https:\/\/touchproeurope.eu\/product\/hoofdsteun-platform-caress\/#primaryimage"},"thumbnailUrl":"https:\/\/i0.wp.com\/touchproeurope.eu\/wp-content\/uploads\/2023\/11\/39966259854_78bc64fe05_c.jpg?fit=800%2C800&ssl=1","datePublished":"2023-11-09T16:07:04+00:00","dateModified":"2026-04-22T09:32:07+00:00","description":"Descubre la plataforma reposacabezas Caress\u2122: elimina los puntos de presi\u00f3n con la tecnolog\u00eda Soft-Petals\u2122, se adapta a las camillas Earthlite, \u00a1perfecta para la comodidad durante los masajes!","breadcrumb":{"@id":"https:\/\/touchproeurope.eu\/product\/hoofdsteun-platform-caress\/#breadcrumb"},"inLanguage":"es","potentialAction":[{"@type":"ReadAction","target":["https:\/\/touchproeurope.eu\/product\/hoofdsteun-platform-caress\/"]}]},{"@type":"ImageObject","inLanguage":"es","@id":"https:\/\/touchproeurope.eu\/product\/hoofdsteun-platform-caress\/#primaryimage","url":"https:\/\/i0.wp.com\/touchproeurope.eu\/wp-content\/uploads\/2023\/11\/39966259854_78bc64fe05_c.jpg?fit=800%2C800&ssl=1","contentUrl":"https:\/\/i0.wp.com\/touchproeurope.eu\/wp-content\/uploads\/2023\/11\/39966259854_78bc64fe05_c.jpg?fit=800%2C800&ssl=1","width":800,"height":800,"caption":"Hoofdsteun platform Caress\u2122"},{"@type":"BreadcrumbList","@id":"https:\/\/touchproeurope.eu\/product\/hoofdsteun-platform-caress\/#breadcrumb","itemListElement":[{"@type":"ListItem","position":1,"name":"Home","item":"https:\/\/touchproeurope.eu\/"},{"@type":"ListItem","position":2,"name":"Winkel","item":"https:\/\/touchproeurope.eu\/winkel\/"},{"@type":"ListItem","position":3,"name":"Hoofdsteun platform Caress\u2122"}]},{"@type":"WebSite","@id":"https:\/\/touchproeurope.eu\/#website","url":"https:\/\/touchproeurope.eu\/","name":"Tienda TouchPro Europe","description":"\u00a1Todo para su consulta con un toque PROfesional!","publisher":{"@id":"https:\/\/touchproeurope.eu\/#organization"},"alternateName":"TPE","potentialAction":[{"@type":"SearchAction","target":{"@type":"EntryPoint","urlTemplate":"https:\/\/touchproeurope.eu\/?s={search_term_string}"},"query-input":{"@type":"PropertyValueSpecification","valueRequired":true,"valueName":"search_term_string"}}],"inLanguage":"es"},{"@type":"Organization","@id":"https:\/\/touchproeurope.eu\/#organization","name":"TouchPro Europe BV","alternateName":"TPE","url":"https:\/\/touchproeurope.eu\/","logo":{"@type":"ImageObject","inLanguage":"es","@id":"https:\/\/touchproeurope.eu\/#\/schema\/logo\/image\/","url":"https:\/\/i0.wp.com\/touchproeurope.eu\/wp-content\/uploads\/2023\/10\/2b592c_b6944d80811246d987cc2c29accedf3f.png?fit=1417%2C531&ssl=1","contentUrl":"https:\/\/i0.wp.com\/touchproeurope.eu\/wp-content\/uploads\/2023\/10\/2b592c_b6944d80811246d987cc2c29accedf3f.png?fit=1417%2C531&ssl=1","width":1417,"height":531,"caption":"TouchPro Europe BV"},"image":{"@id":"https:\/\/touchproeurope.eu\/#\/schema\/logo\/image\/"},"sameAs":["https:\/\/www.facebook.com\/TouchproNederland\/?locale=nl_NL\/","https:\/\/www.instagram.com\/touchpro2016\/","https:\/\/www.linkedin.com\/company\/touchpro-europe-bv\/"],"description":"TouchPro Europe Shop es la tienda de masajes de Europa. Vendemos productos de masaje de primera calidad a masajistas, pedicuras, fisioterapeutas, manicuras, centros de bienestar, cursos de formaci\u00f3n, etc. TouchPro comenz\u00f3 como una peque\u00f1a tienda en los Pa\u00edses Bajos, pero ahora se ha convertido en una tienda con clientes de toda Europa. Ofrecemos una amplia gama de productos de masaje, incluyendo camillas de masaje, aceites, cremas y accesorios de las mejores marcas como Earthlite, Stronglite e InnerStrenght, Habys, Living Earth Crafts y Continuum y otros proveedores de accesorios de masaje. Pida aqu\u00ed los mejores art\u00edculos de masaje de Europa.","email":"info@touchpro-europe.com","telephone":"0858768829","legalName":"TouchPro Europe BV","foundingDate":"2018-01-11","vatID":"NL855430151B01","numberOfEmployees":{"@type":"QuantitativeValue","minValue":"1","maxValue":"10"},"hasMerchantReturnPolicy":{"@type":"MerchantReturnPolicy","merchantReturnLink":"https:\/\/touchproeurope.eu\/es\/retourbeleid\/"}}]},"product_price_amount":"95.00","product_price_currency":"EUR","og_availability":"instock","product_availability":"instock","product_retailer_item_id":"904147","product_condition":"new"},"_links":{"self":[{"href":"https:\/\/touchproeurope.eu\/es\/wp-json\/wp\/v2\/product\/3158","targetHints":{"allow":["GET"]}}],"collection":[{"href":"https:\/\/touchproeurope.eu\/es\/wp-json\/wp\/v2\/product"}],"about":[{"href":"https:\/\/touchproeurope.eu\/es\/wp-json\/wp\/v2\/types\/product"}],"replies":[{"embeddable":true,"href":"https:\/\/touchproeurope.eu\/es\/wp-json\/wp\/v2\/comments?post=3158"}],"version-history":[{"count":4,"href":"https:\/\/touchproeurope.eu\/es\/wp-json\/wp\/v2\/product\/3158\/revisions"}],"predecessor-version":[{"id":6375,"href":"https:\/\/touchproeurope.eu\/es\/wp-json\/wp\/v2\/product\/3158\/revisions\/6375"}],"wp:featuredmedia":[{"embeddable":true,"href":"https:\/\/touchproeurope.eu\/es\/wp-json\/wp\/v2\/media\/6370"}],"wp:attachment":[{"href":"https:\/\/touchproeurope.eu\/es\/wp-json\/wp\/v2\/media?parent=3158"}],"wp:term":[{"taxonomy":"product_brand","embeddable":true,"href":"https:\/\/touchproeurope.eu\/es\/wp-json\/wp\/v2\/product_brand?post=3158"},{"taxonomy":"product_cat","embeddable":true,"href":"https:\/\/touchproeurope.eu\/es\/wp-json\/wp\/v2\/product_cat?post=3158"},{"taxonomy":"product_tag","embeddable":true,"href":"https:\/\/touchproeurope.eu\/es\/wp-json\/wp\/v2\/product_tag?post=3158"}],"curies":[{"name":"wp","href":"https:\/\/api.w.org\/{rel}","templated":true}]}}