{"id":3168,"date":"2023-11-09T16:07:17","date_gmt":"2023-11-09T16:07:17","guid":{"rendered":"https:\/\/touchproeurope.eu\/?post_type=product&#038;p=3168"},"modified":"2026-04-22T09:32:08","modified_gmt":"2026-04-22T09:32:08","slug":"mini-difusor-de-aromaterapia-usb","status":"publish","type":"product","link":"https:\/\/touchproeurope.eu\/es\/product\/mini-aromatherapie-usb-diffuser\/","title":{"rendered":"Mini difusor USB de aromaterapia"},"content":{"rendered":"<p>Experimenta el poder de la aromaterapia est\u00e9s donde est\u00e9s con nuestro vers\u00e1til Difusor USB de Aromaterapia Mini. Tanto si est\u00e1s en la oficina, trabajando en tu consulta o de viaje, este difusor plug-and-play se adapta sin esfuerzo a tu estilo de vida. Transforma tu entorno con facilidad y disfruta de sus beneficios.<\/p>\n<p>Este difusor compacto ofrece aromaterapia instant\u00e1nea en cuanto lo conectas al puerto USB. Sin complicaciones con el agua; es peque\u00f1o, inal\u00e1mbrico y encaja sin esfuerzo en todos los puertos USB de 12 V. Ya sea en su port\u00e1til, en el coche o de viaje, experimente las relajantes esencias donde quiera.<\/p>\n<p>Con la posibilidad de ajustar la profundidad del aroma, usted tiene el control de su experiencia. Basta con aplicar sus aceites esenciales favoritos en la almohadilla de fieltro y ajustar la cantidad de aceite a su gusto. Y con una entrada USB adicional en el lateral, permanecer\u00e1s conectado mientras disfrutas de la aromaterapia.<\/p>\n<p>El paquete incluye 3 almohadillas de recambio para que puedas personalizar la fragancia seg\u00fan tus necesidades. Personaliza tu entorno y siente c\u00f3mo se disipa el estr\u00e9s a medida que se expanden las deliciosas fragancias.<\/p>\n<p>Elija comodidad, elija bienestar. Transforme su espacio y su mente con nuestro mini difusor USB de aromaterapia multiusos. P\u00eddalo ahora y disfrute de los beneficios relajantes de la aromaterapia en cualquier lugar.<\/p>","protected":false},"excerpt":{"rendered":"<p>Un difusor de aromas multiuso f\u00e1cil de usar en la oficina, en la sala de consulta o sobre la marcha. Transforma r\u00e1pidamente tu entorno con este difusor plug &amp; play en combinaci\u00f3n con tus aceites esenciales favoritos o los de Earhlite. Controla la profundidad del aroma ajustando la cantidad de aceite que aplicas a la almohadilla de fieltro.<\/p>\n<p>Otros detalles:<\/p>\n<ul>\n<li>Aromaterapia instant\u00e1nea en cuanto conectas el USB al puerto USB<\/li>\n<li>Peque\u00f1o, compacto, inal\u00e1mbrico y sin agua; se adapta a todos los puertos USB de 12 V, por lo que se puede utilizar en el port\u00e1til, el coche y, por lo tanto, es f\u00e1cil de llevar de viaje.<\/li>\n<li>Dispone de una entrada USB adicional en el lateral, lo que permite utilizar tambi\u00e9n USB mientras se aplica la aromaterapia.<\/li>\n<li>El paquete contiene 3 almohadillas de recambio, para que puedas ajustar el aroma seg\u00fan necesites.<\/li>\n<li><a href=\"https:\/\/b2b.earthlite.eu\/media\/wysiwyg\/SalesSheets\/2023-Reupload\/Mini_USB_Diffuser_-_1-300-0151_-_rev_121420.pdf\">Hoja de ventas oficial<\/a><\/li>\n<\/ul>\n<p>&nbsp;<\/p>","protected":false},"featured_media":3167,"comment_status":"open","ping_status":"closed","template":"","meta":[],"product_brand":[343],"product_cat":[105],"product_tag":[127,129,126,128],"class_list":{"0":"post-3168","1":"product","2":"type-product","3":"status-publish","4":"has-post-thumbnail","6":"product_brand-earthlite","7":"product_cat-aromatherapie","8":"product_tag-aromatherapie","9":"product_tag-diffuser","10":"product_tag-mini","11":"product_tag-usb","12":"product_shipping_class-klein-pakket","14":"first","15":"instock","16":"taxable","17":"shipping-taxable","18":"purchasable","19":"product-type-simple"},"yoast_head":"<!-- This site is optimized with the Yoast SEO Premium plugin v27.4 (Yoast SEO v27.4) - https:\/\/yoast.com\/product\/yoast-seo-premium-wordpress\/ -->\n<title>Mini Aromatherapie USB Diffuser - TouchPro Europe Shop<\/title>\n<meta name=\"description\" content=\"Transformeer je ruimte en geest met onze Mini Aromatherapie USB Diffuser. Bestel nu en geniet onderweg van echte aromatherapie.\" \/>\n<meta name=\"robots\" content=\"index, follow, max-snippet:-1, max-image-preview:large, max-video-preview:-1\" \/>\n<link rel=\"canonical\" href=\"https:\/\/touchproeurope.eu\/es\/product\/mini-difusor-de-aromaterapia-usb\/\" \/>\n<meta property=\"og:locale\" content=\"es_ES\" \/>\n<meta property=\"og:type\" content=\"article\" \/>\n<meta property=\"og:title\" content=\"Mini Aromatherapie USB Diffuser\" \/>\n<meta property=\"og:description\" content=\"Transformeer je ruimte en geest met onze Mini Aromatherapie USB Diffuser. Bestel nu en geniet onderweg van echte aromatherapie.\" \/>\n<meta property=\"og:url\" content=\"https:\/\/touchproeurope.eu\/es\/product\/mini-difusor-de-aromaterapia-usb\/\" \/>\n<meta property=\"og:site_name\" content=\"TouchPro Europe Shop\" \/>\n<meta property=\"article:publisher\" content=\"https:\/\/www.facebook.com\/TouchproNederland\/?locale=nl_NL%2f\" \/>\n<meta property=\"article:modified_time\" content=\"2026-04-22T09:32:08+00:00\" \/>\n<meta property=\"og:image\" content=\"https:\/\/touchproeurope.eu\/wp-content\/uploads\/2023\/11\/3509568479.jpg\" \/>\n\t<meta property=\"og:image:width\" content=\"2000\" \/>\n\t<meta property=\"og:image:height\" content=\"2000\" \/>\n\t<meta property=\"og:image:type\" content=\"image\/jpeg\" \/>\n<meta name=\"twitter:card\" content=\"summary_large_image\" \/>\n<meta name=\"twitter:label1\" content=\"Precio\" \/>\n\t<meta name=\"twitter:data1\" content=\"&euro;&nbsp;15,00 incl. BTW\" \/>\n\t<meta name=\"twitter:label2\" content=\"Disponibilidad\" \/>\n\t<meta name=\"twitter:data2\" content=\"Disponible\" \/>\n<script type=\"application\/ld+json\" class=\"yoast-schema-graph\">{\"@context\":\"https:\\\/\\\/schema.org\",\"@graph\":[{\"@type\":\"WebPage\",\"@id\":\"https:\\\/\\\/touchproeurope.eu\\\/product\\\/mini-aromatherapie-usb-diffuser\\\/\",\"url\":\"https:\\\/\\\/touchproeurope.eu\\\/product\\\/mini-aromatherapie-usb-diffuser\\\/\",\"name\":\"Mini Aromatherapie USB Diffuser - TouchPro Europe Shop\",\"isPartOf\":{\"@id\":\"https:\\\/\\\/touchproeurope.eu\\\/#website\"},\"primaryImageOfPage\":{\"@id\":\"https:\\\/\\\/touchproeurope.eu\\\/product\\\/mini-aromatherapie-usb-diffuser\\\/#primaryimage\"},\"image\":{\"@id\":\"https:\\\/\\\/touchproeurope.eu\\\/product\\\/mini-aromatherapie-usb-diffuser\\\/#primaryimage\"},\"thumbnailUrl\":\"https:\\\/\\\/i0.wp.com\\\/touchproeurope.eu\\\/wp-content\\\/uploads\\\/2023\\\/11\\\/3509568479.jpg?fit=2000%2C2000&ssl=1\",\"datePublished\":\"2023-11-09T16:07:17+00:00\",\"dateModified\":\"2026-04-22T09:32:08+00:00\",\"description\":\"Transformeer je ruimte en geest met onze Mini Aromatherapie USB Diffuser. Bestel nu en geniet onderweg van echte aromatherapie.\",\"breadcrumb\":{\"@id\":\"https:\\\/\\\/touchproeurope.eu\\\/product\\\/mini-aromatherapie-usb-diffuser\\\/#breadcrumb\"},\"inLanguage\":\"es\",\"potentialAction\":[{\"@type\":\"ReadAction\",\"target\":[\"https:\\\/\\\/touchproeurope.eu\\\/product\\\/mini-aromatherapie-usb-diffuser\\\/\"]}]},{\"@type\":\"ImageObject\",\"inLanguage\":\"es\",\"@id\":\"https:\\\/\\\/touchproeurope.eu\\\/product\\\/mini-aromatherapie-usb-diffuser\\\/#primaryimage\",\"url\":\"https:\\\/\\\/i0.wp.com\\\/touchproeurope.eu\\\/wp-content\\\/uploads\\\/2023\\\/11\\\/3509568479.jpg?fit=2000%2C2000&ssl=1\",\"contentUrl\":\"https:\\\/\\\/i0.wp.com\\\/touchproeurope.eu\\\/wp-content\\\/uploads\\\/2023\\\/11\\\/3509568479.jpg?fit=2000%2C2000&ssl=1\",\"width\":2000,\"height\":2000,\"caption\":\"Mini Aromatherapie USB Diffuser\"},{\"@type\":\"BreadcrumbList\",\"@id\":\"https:\\\/\\\/touchproeurope.eu\\\/product\\\/mini-aromatherapie-usb-diffuser\\\/#breadcrumb\",\"itemListElement\":[{\"@type\":\"ListItem\",\"position\":1,\"name\":\"Home\",\"item\":\"https:\\\/\\\/touchproeurope.eu\\\/\"},{\"@type\":\"ListItem\",\"position\":2,\"name\":\"Winkel\",\"item\":\"https:\\\/\\\/touchproeurope.eu\\\/winkel\\\/\"},{\"@type\":\"ListItem\",\"position\":3,\"name\":\"Mini Aromatherapie USB Diffuser\"}]},{\"@type\":\"WebSite\",\"@id\":\"https:\\\/\\\/touchproeurope.eu\\\/#website\",\"url\":\"https:\\\/\\\/touchproeurope.eu\\\/\",\"name\":\"TouchPro Europe Shop\",\"description\":\"Alles voor jouw praktijk met een PROfessionele Touch!\",\"publisher\":{\"@id\":\"https:\\\/\\\/touchproeurope.eu\\\/#organization\"},\"alternateName\":\"TPE\",\"potentialAction\":[{\"@type\":\"SearchAction\",\"target\":{\"@type\":\"EntryPoint\",\"urlTemplate\":\"https:\\\/\\\/touchproeurope.eu\\\/?s={search_term_string}\"},\"query-input\":{\"@type\":\"PropertyValueSpecification\",\"valueRequired\":true,\"valueName\":\"search_term_string\"}}],\"inLanguage\":\"es\"},{\"@type\":\"Organization\",\"@id\":\"https:\\\/\\\/touchproeurope.eu\\\/#organization\",\"name\":\"TouchPro Europe BV\",\"alternateName\":\"TPE\",\"url\":\"https:\\\/\\\/touchproeurope.eu\\\/\",\"logo\":{\"@type\":\"ImageObject\",\"inLanguage\":\"es\",\"@id\":\"https:\\\/\\\/touchproeurope.eu\\\/#\\\/schema\\\/logo\\\/image\\\/\",\"url\":\"https:\\\/\\\/i0.wp.com\\\/touchproeurope.eu\\\/wp-content\\\/uploads\\\/2023\\\/10\\\/2b592c_b6944d80811246d987cc2c29accedf3f.png?fit=1417%2C531&ssl=1\",\"contentUrl\":\"https:\\\/\\\/i0.wp.com\\\/touchproeurope.eu\\\/wp-content\\\/uploads\\\/2023\\\/10\\\/2b592c_b6944d80811246d987cc2c29accedf3f.png?fit=1417%2C531&ssl=1\",\"width\":1417,\"height\":531,\"caption\":\"TouchPro Europe BV\"},\"image\":{\"@id\":\"https:\\\/\\\/touchproeurope.eu\\\/#\\\/schema\\\/logo\\\/image\\\/\"},\"sameAs\":[\"https:\\\/\\\/www.facebook.com\\\/TouchproNederland\\\/?locale=nl_NL\\\/\",\"https:\\\/\\\/www.instagram.com\\\/touchpro2016\\\/\",\"https:\\\/\\\/www.linkedin.com\\\/company\\\/touchpro-europe-bv\\\/\"],\"description\":\"TouchPro Europe Shop is de massage winkel van Europa. Wij verkopen topkwaliteit massageproducten aan masseurs, pedicures, fysiotherapeuten, manicuren, Wellness centra, opleidingen, etc. TouchPro begon als een kleine webshop in Nederland, maar is nu uitgegroeid tot een webshop met klanten uit heel Europa. Wij bieden een breed assortiment aan massageproducten, waaronder massagetafels, oli\u00ebn, cr\u00e8mes, en accessoires van topmerken, zoals Earthlite, Stronglite en InnerStrenght, Habys, Living Earth Crafts en Continuum en andere leveranciers van massage accessoires. Bestel hier de beste massagematerialen van Europa!\",\"email\":\"info@touchpro-europe.com\",\"telephone\":\"0858768829\",\"legalName\":\"TouchPro Europe BV\",\"foundingDate\":\"2018-01-11\",\"vatID\":\"NL855430151B01\",\"numberOfEmployees\":{\"@type\":\"QuantitativeValue\",\"minValue\":\"1\",\"maxValue\":\"10\"},\"hasMerchantReturnPolicy\":{\"@type\":\"MerchantReturnPolicy\",\"merchantReturnLink\":\"https:\\\/\\\/touchproeurope.eu\\\/es\\\/retourbeleid\\\/\"}}]}<\/script>\n<meta property=\"product:price:amount\" content=\"15.00\" \/>\n<meta property=\"product:price:currency\" content=\"EUR\" \/>\n<meta property=\"og:availability\" content=\"instock\" \/>\n<meta property=\"product:availability\" content=\"instock\" \/>\n<meta property=\"product:retailer_item_id\" content=\"7115102\" \/>\n<meta property=\"product:condition\" content=\"new\" \/>\n<!-- \/ Yoast SEO Premium plugin. -->","yoast_head_json":{"title":"Mini difusor USB de aromaterapia - Tienda TouchPro Europe","description":"Transforme su espacio y su mente con nuestro Mini Difusor USB de Aromaterapia. P\u00eddelo ahora y disfruta de la aut\u00e9ntica aromaterapia sobre la marcha.","robots":{"index":"index","follow":"follow","max-snippet":"max-snippet:-1","max-image-preview":"max-image-preview:large","max-video-preview":"max-video-preview:-1"},"canonical":"https:\/\/touchproeurope.eu\/es\/product\/mini-difusor-de-aromaterapia-usb\/","og_locale":"es_ES","og_type":"article","og_title":"Mini Aromatherapie USB Diffuser","og_description":"Transformeer je ruimte en geest met onze Mini Aromatherapie USB Diffuser. Bestel nu en geniet onderweg van echte aromatherapie.","og_url":"https:\/\/touchproeurope.eu\/es\/product\/mini-difusor-de-aromaterapia-usb\/","og_site_name":"TouchPro Europe Shop","article_publisher":"https:\/\/www.facebook.com\/TouchproNederland\/?locale=nl_NL%2f","article_modified_time":"2026-04-22T09:32:08+00:00","og_image":[{"width":2000,"height":2000,"url":"https:\/\/touchproeurope.eu\/wp-content\/uploads\/2023\/11\/3509568479.jpg","type":"image\/jpeg"}],"twitter_card":"summary_large_image","twitter_misc":{"Precio":"&euro;&nbsp;15,00 incl. BTW","Disponibilidad":"Disponible"},"schema":{"@context":"https:\/\/schema.org","@graph":[{"@type":"WebPage","@id":"https:\/\/touchproeurope.eu\/product\/mini-aromatherapie-usb-diffuser\/","url":"https:\/\/touchproeurope.eu\/product\/mini-aromatherapie-usb-diffuser\/","name":"Mini difusor USB de aromaterapia - Tienda TouchPro Europe","isPartOf":{"@id":"https:\/\/touchproeurope.eu\/#website"},"primaryImageOfPage":{"@id":"https:\/\/touchproeurope.eu\/product\/mini-aromatherapie-usb-diffuser\/#primaryimage"},"image":{"@id":"https:\/\/touchproeurope.eu\/product\/mini-aromatherapie-usb-diffuser\/#primaryimage"},"thumbnailUrl":"https:\/\/i0.wp.com\/touchproeurope.eu\/wp-content\/uploads\/2023\/11\/3509568479.jpg?fit=2000%2C2000&ssl=1","datePublished":"2023-11-09T16:07:17+00:00","dateModified":"2026-04-22T09:32:08+00:00","description":"Transforme su espacio y su mente con nuestro Mini Difusor USB de Aromaterapia. P\u00eddelo ahora y disfruta de la aut\u00e9ntica aromaterapia sobre la marcha.","breadcrumb":{"@id":"https:\/\/touchproeurope.eu\/product\/mini-aromatherapie-usb-diffuser\/#breadcrumb"},"inLanguage":"es","potentialAction":[{"@type":"ReadAction","target":["https:\/\/touchproeurope.eu\/product\/mini-aromatherapie-usb-diffuser\/"]}]},{"@type":"ImageObject","inLanguage":"es","@id":"https:\/\/touchproeurope.eu\/product\/mini-aromatherapie-usb-diffuser\/#primaryimage","url":"https:\/\/i0.wp.com\/touchproeurope.eu\/wp-content\/uploads\/2023\/11\/3509568479.jpg?fit=2000%2C2000&ssl=1","contentUrl":"https:\/\/i0.wp.com\/touchproeurope.eu\/wp-content\/uploads\/2023\/11\/3509568479.jpg?fit=2000%2C2000&ssl=1","width":2000,"height":2000,"caption":"Mini Aromatherapie USB Diffuser"},{"@type":"BreadcrumbList","@id":"https:\/\/touchproeurope.eu\/product\/mini-aromatherapie-usb-diffuser\/#breadcrumb","itemListElement":[{"@type":"ListItem","position":1,"name":"Home","item":"https:\/\/touchproeurope.eu\/"},{"@type":"ListItem","position":2,"name":"Winkel","item":"https:\/\/touchproeurope.eu\/winkel\/"},{"@type":"ListItem","position":3,"name":"Mini Aromatherapie USB Diffuser"}]},{"@type":"WebSite","@id":"https:\/\/touchproeurope.eu\/#website","url":"https:\/\/touchproeurope.eu\/","name":"Tienda TouchPro Europe","description":"\u00a1Todo para su consulta con un toque PROfesional!","publisher":{"@id":"https:\/\/touchproeurope.eu\/#organization"},"alternateName":"TPE","potentialAction":[{"@type":"SearchAction","target":{"@type":"EntryPoint","urlTemplate":"https:\/\/touchproeurope.eu\/?s={search_term_string}"},"query-input":{"@type":"PropertyValueSpecification","valueRequired":true,"valueName":"search_term_string"}}],"inLanguage":"es"},{"@type":"Organization","@id":"https:\/\/touchproeurope.eu\/#organization","name":"TouchPro Europe BV","alternateName":"TPE","url":"https:\/\/touchproeurope.eu\/","logo":{"@type":"ImageObject","inLanguage":"es","@id":"https:\/\/touchproeurope.eu\/#\/schema\/logo\/image\/","url":"https:\/\/i0.wp.com\/touchproeurope.eu\/wp-content\/uploads\/2023\/10\/2b592c_b6944d80811246d987cc2c29accedf3f.png?fit=1417%2C531&ssl=1","contentUrl":"https:\/\/i0.wp.com\/touchproeurope.eu\/wp-content\/uploads\/2023\/10\/2b592c_b6944d80811246d987cc2c29accedf3f.png?fit=1417%2C531&ssl=1","width":1417,"height":531,"caption":"TouchPro Europe BV"},"image":{"@id":"https:\/\/touchproeurope.eu\/#\/schema\/logo\/image\/"},"sameAs":["https:\/\/www.facebook.com\/TouchproNederland\/?locale=nl_NL\/","https:\/\/www.instagram.com\/touchpro2016\/","https:\/\/www.linkedin.com\/company\/touchpro-europe-bv\/"],"description":"TouchPro Europe Shop es la tienda de masajes de Europa. Vendemos productos de masaje de primera calidad a masajistas, pedicuras, fisioterapeutas, manicuras, centros de bienestar, cursos de formaci\u00f3n, etc. TouchPro comenz\u00f3 como una peque\u00f1a tienda en los Pa\u00edses Bajos, pero ahora se ha convertido en una tienda con clientes de toda Europa. Ofrecemos una amplia gama de productos de masaje, incluyendo camillas de masaje, aceites, cremas y accesorios de las mejores marcas como Earthlite, Stronglite e InnerStrenght, Habys, Living Earth Crafts y Continuum y otros proveedores de accesorios de masaje. Pida aqu\u00ed los mejores art\u00edculos de masaje de Europa.","email":"info@touchpro-europe.com","telephone":"0858768829","legalName":"TouchPro Europe BV","foundingDate":"2018-01-11","vatID":"NL855430151B01","numberOfEmployees":{"@type":"QuantitativeValue","minValue":"1","maxValue":"10"},"hasMerchantReturnPolicy":{"@type":"MerchantReturnPolicy","merchantReturnLink":"https:\/\/touchproeurope.eu\/es\/retourbeleid\/"}}]},"product_price_amount":"15.00","product_price_currency":"EUR","og_availability":"instock","product_availability":"instock","product_retailer_item_id":"7115102","product_condition":"new"},"_links":{"self":[{"href":"https:\/\/touchproeurope.eu\/es\/wp-json\/wp\/v2\/product\/3168","targetHints":{"allow":["GET"]}}],"collection":[{"href":"https:\/\/touchproeurope.eu\/es\/wp-json\/wp\/v2\/product"}],"about":[{"href":"https:\/\/touchproeurope.eu\/es\/wp-json\/wp\/v2\/types\/product"}],"replies":[{"embeddable":true,"href":"https:\/\/touchproeurope.eu\/es\/wp-json\/wp\/v2\/comments?post=3168"}],"version-history":[{"count":4,"href":"https:\/\/touchproeurope.eu\/es\/wp-json\/wp\/v2\/product\/3168\/revisions"}],"predecessor-version":[{"id":4781,"href":"https:\/\/touchproeurope.eu\/es\/wp-json\/wp\/v2\/product\/3168\/revisions\/4781"}],"wp:featuredmedia":[{"embeddable":true,"href":"https:\/\/touchproeurope.eu\/es\/wp-json\/wp\/v2\/media\/3167"}],"wp:attachment":[{"href":"https:\/\/touchproeurope.eu\/es\/wp-json\/wp\/v2\/media?parent=3168"}],"wp:term":[{"taxonomy":"product_brand","embeddable":true,"href":"https:\/\/touchproeurope.eu\/es\/wp-json\/wp\/v2\/product_brand?post=3168"},{"taxonomy":"product_cat","embeddable":true,"href":"https:\/\/touchproeurope.eu\/es\/wp-json\/wp\/v2\/product_cat?post=3168"},{"taxonomy":"product_tag","embeddable":true,"href":"https:\/\/touchproeurope.eu\/es\/wp-json\/wp\/v2\/product_tag?post=3168"}],"curies":[{"name":"wp","href":"https:\/\/api.w.org\/{rel}","templated":true}]}}