{"id":3178,"date":"2023-11-09T16:07:46","date_gmt":"2023-11-09T16:07:46","guid":{"rendered":"https:\/\/touchproeurope.eu\/?post_type=product&#038;p=3178"},"modified":"2026-03-04T16:55:34","modified_gmt":"2026-03-04T16:55:34","slug":"earthlite-yosemite","status":"publish","type":"product","link":"https:\/\/touchproeurope.eu\/es\/product\/earthlite-yosemite\/","title":{"rendered":"Earthlite Yosemite\u2122 30"},"content":{"rendered":"<p>Descubra la m\u00e1xima relajaci\u00f3n con la camilla de masaje Earthlite Yosemite\u2122 30, una revolucionaria pieza de confort que lleva cada tratamiento m\u00e9dico y de bienestar al siguiente nivel. Por qu\u00e9 esta camilla de masaje es diferente a todas las dem\u00e1s del mercado? Descubramos sus ventajas.<\/p>\n<p>Con una generosa anchura de 30 cent\u00edmetros y un impresionante rango de altura de 50 a 70 cent\u00edmetros, la camilla Earthlite Yosemite ofrece la m\u00e1xima versatilidad. Tanto si disfruta de un masaje tonificante como si se somete a fisioterapia o experimenta los placeres del shiatsu, esta camilla se adapta a sus necesidades.<\/p>\n<p>El paquete incluye no s\u00f3lo la camilla de masaje Yosemite, sino tambi\u00e9n un lujoso soporte facial ajustable y una almohada facial. Las patas plateadas metalizadas con pomos y pies negros destilan estilo. El sistema patentado Shimmy-Lok\u2122 garantiza una estabilidad \u00f3ptima.<\/p>\n<p>Un peso de s\u00f3lo 3.000 kg hace que esta mesa sea sorprendentemente port\u00e1til. Lo que hace que su impresionante peso m\u00e1ximo de trabajo de 360 kg sea testimonio de la durabilidad y robustez del dise\u00f1o. La tapicer\u00eda de PU Nature's Touch\u2122 100% no solo es suave al tacto, sino tambi\u00e9n duradera para un uso prolongado.<\/p>\n<p>Con patas de color plata met\u00e1lica con recubrimiento en polvo, un sistema de amortiguaci\u00f3n multicapa de gran capacidad de respuesta y un acabado aerodin\u00e1mico, Yosemite irradia clase en cualquier entorno.<\/p>\n<p>Transforme sus tratamientos con la camilla de masaje Yosemite\u2122. Descubra la m\u00e1xima comodidad, versatilidad y durabilidad que ofrece esta camilla. Invierta hoy en su bienestar y experimente el lujo de una relajaci\u00f3n sin igual. \u00a1Haga su pedido ahora!<\/p>","protected":false},"excerpt":{"rendered":"<p>Datos del producto<\/p>\n<p><strong>El Earthlite Yosemite\u2122 30<\/strong> Estas camillas de masaje no se parecen a ninguna otra camilla de masaje Shiatsu del mercado. La generosa anchura y el amplio rango de altura de la Yosemite 30 permiten una gran variedad de tratamientos m\u00e9dicos y de bienestar, desde masajes y fisioterapia hasta shiatsu. El paquete incluye:<\/p>\n<ul>\n<li>La camilla de masaje Yosemite<\/li>\n<li>Soporte facial ajustable de lujo y almohadilla facial<\/li>\n<\/ul>\n<p>Propiedades<\/p>\n<ul>\n<li>Patas con recubrimiento en polvo de color plata met\u00e1lica y pomos y pies negros<\/li>\n<li>Sistema de amortiguaci\u00f3n multicapa con gran capacidad de respuesta<\/li>\n<li>Revestimiento de PU Nature's Touch\u00e2\u2122 100% flexible a la vez que duradero.<\/li>\n<li>Perneras Shimmy-Lok\u00e2\u2122 patentadas<\/li>\n<li>Peso: 3000 kg<\/li>\n<li>Peso m\u00e1ximo de trabajo: 360 kg<\/li>\n<li>Longitud: 188 cm<\/li>\n<li>Altura: de 50 cm a 70 cm<\/li>\n<\/ul>","protected":false},"featured_media":3177,"comment_status":"open","ping_status":"closed","template":"","meta":[],"product_brand":[343],"product_cat":[95],"product_tag":[82,39,84,83],"class_list":{"0":"post-3178","1":"product","2":"type-product","3":"status-publish","4":"has-post-thumbnail","6":"product_brand-earthlite","7":"product_cat-stationaire-massagetafels","8":"product_tag-eartlite","9":"product_tag-massagetafel","10":"product_tag-wellness-en-medisch","11":"product_tag-yosemite","12":"product_shipping_class-groot-pakket","13":"pa_kleur-vanille-creme","14":"pa_merk-earthlite","16":"first","17":"instock","18":"taxable","19":"shipping-taxable","20":"purchasable","21":"product-type-simple"},"yoast_head":"<!-- This site is optimized with the Yoast SEO Premium plugin v27.3 (Yoast SEO v27.3) - https:\/\/yoast.com\/product\/yoast-seo-premium-wordpress\/ -->\n<title>Earthlite Yosemite \u2122 30 - TouchPro Europe Shop<\/title>\n<meta name=\"description\" content=\"Ervaar luxe en veelzijdigheid met de revolutionaire Earthlite Yosemite massagetafel. Optimaal comfort voor wellness en medische behandelingen. Bestel nu!\" \/>\n<meta name=\"robots\" content=\"index, follow, max-snippet:-1, max-image-preview:large, max-video-preview:-1\" \/>\n<link rel=\"canonical\" href=\"https:\/\/touchproeurope.eu\/es\/product\/earthlite-yosemite\/\" \/>\n<meta property=\"og:locale\" content=\"es_ES\" \/>\n<meta property=\"og:type\" content=\"article\" \/>\n<meta property=\"og:title\" content=\"Earthlite Yosemite \u2122 30\" \/>\n<meta property=\"og:description\" content=\"Ervaar luxe en veelzijdigheid met de revolutionaire Earthlite Yosemite massagetafel. Optimaal comfort voor wellness en medische behandelingen. Bestel nu!\" \/>\n<meta property=\"og:url\" content=\"https:\/\/touchproeurope.eu\/es\/product\/earthlite-yosemite\/\" \/>\n<meta property=\"og:site_name\" content=\"TouchPro Europe Shop\" \/>\n<meta property=\"article:publisher\" content=\"https:\/\/www.facebook.com\/TouchproNederland\/?locale=nl_NL%2f\" \/>\n<meta property=\"article:modified_time\" content=\"2026-03-04T16:55:34+00:00\" \/>\n<meta property=\"og:image\" content=\"https:\/\/touchproeurope.eu\/wp-content\/uploads\/2023\/11\/3928546224.jpg\" \/>\n\t<meta property=\"og:image:width\" content=\"2000\" \/>\n\t<meta property=\"og:image:height\" content=\"2000\" \/>\n\t<meta property=\"og:image:type\" content=\"image\/jpeg\" \/>\n<meta name=\"twitter:card\" content=\"summary_large_image\" \/>\n<meta name=\"twitter:label1\" content=\"Precio\" \/>\n\t<meta name=\"twitter:data1\" content=\"&euro;&nbsp;899,00 incl. BTW\" \/>\n\t<meta name=\"twitter:label2\" content=\"Disponibilidad\" \/>\n\t<meta name=\"twitter:data2\" content=\"Disponible\" \/>\n<script type=\"application\/ld+json\" class=\"yoast-schema-graph\">{\"@context\":\"https:\\\/\\\/schema.org\",\"@graph\":[{\"@type\":\"WebPage\",\"@id\":\"https:\\\/\\\/touchproeurope.eu\\\/product\\\/earthlite-yosemite\\\/\",\"url\":\"https:\\\/\\\/touchproeurope.eu\\\/product\\\/earthlite-yosemite\\\/\",\"name\":\"Earthlite Yosemite \u2122 30 - TouchPro Europe Shop\",\"isPartOf\":{\"@id\":\"https:\\\/\\\/touchproeurope.eu\\\/#website\"},\"primaryImageOfPage\":{\"@id\":\"https:\\\/\\\/touchproeurope.eu\\\/product\\\/earthlite-yosemite\\\/#primaryimage\"},\"image\":{\"@id\":\"https:\\\/\\\/touchproeurope.eu\\\/product\\\/earthlite-yosemite\\\/#primaryimage\"},\"thumbnailUrl\":\"https:\\\/\\\/i0.wp.com\\\/touchproeurope.eu\\\/wp-content\\\/uploads\\\/2023\\\/11\\\/3928546224.jpg?fit=2000%2C2000&ssl=1\",\"datePublished\":\"2023-11-09T16:07:46+00:00\",\"dateModified\":\"2026-03-04T16:55:34+00:00\",\"description\":\"Ervaar luxe en veelzijdigheid met de revolutionaire Earthlite Yosemite massagetafel. Optimaal comfort voor wellness en medische behandelingen. Bestel nu!\",\"breadcrumb\":{\"@id\":\"https:\\\/\\\/touchproeurope.eu\\\/product\\\/earthlite-yosemite\\\/#breadcrumb\"},\"inLanguage\":\"es\",\"potentialAction\":[{\"@type\":\"ReadAction\",\"target\":[\"https:\\\/\\\/touchproeurope.eu\\\/product\\\/earthlite-yosemite\\\/\"]}]},{\"@type\":\"ImageObject\",\"inLanguage\":\"es\",\"@id\":\"https:\\\/\\\/touchproeurope.eu\\\/product\\\/earthlite-yosemite\\\/#primaryimage\",\"url\":\"https:\\\/\\\/i0.wp.com\\\/touchproeurope.eu\\\/wp-content\\\/uploads\\\/2023\\\/11\\\/3928546224.jpg?fit=2000%2C2000&ssl=1\",\"contentUrl\":\"https:\\\/\\\/i0.wp.com\\\/touchproeurope.eu\\\/wp-content\\\/uploads\\\/2023\\\/11\\\/3928546224.jpg?fit=2000%2C2000&ssl=1\",\"width\":2000,\"height\":2000,\"caption\":\"Earthlite Yosemite\"},{\"@type\":\"BreadcrumbList\",\"@id\":\"https:\\\/\\\/touchproeurope.eu\\\/product\\\/earthlite-yosemite\\\/#breadcrumb\",\"itemListElement\":[{\"@type\":\"ListItem\",\"position\":1,\"name\":\"Home\",\"item\":\"https:\\\/\\\/touchproeurope.eu\\\/\"},{\"@type\":\"ListItem\",\"position\":2,\"name\":\"Winkel\",\"item\":\"https:\\\/\\\/touchproeurope.eu\\\/winkel\\\/\"},{\"@type\":\"ListItem\",\"position\":3,\"name\":\"Earthlite Yosemite \u2122 30\"}]},{\"@type\":\"WebSite\",\"@id\":\"https:\\\/\\\/touchproeurope.eu\\\/#website\",\"url\":\"https:\\\/\\\/touchproeurope.eu\\\/\",\"name\":\"TouchPro Europe Shop\",\"description\":\"Alles voor jouw praktijk met een PROfessionele Touch!\",\"publisher\":{\"@id\":\"https:\\\/\\\/touchproeurope.eu\\\/#organization\"},\"alternateName\":\"TPE\",\"potentialAction\":[{\"@type\":\"SearchAction\",\"target\":{\"@type\":\"EntryPoint\",\"urlTemplate\":\"https:\\\/\\\/touchproeurope.eu\\\/?s={search_term_string}\"},\"query-input\":{\"@type\":\"PropertyValueSpecification\",\"valueRequired\":true,\"valueName\":\"search_term_string\"}}],\"inLanguage\":\"es\"},{\"@type\":\"Organization\",\"@id\":\"https:\\\/\\\/touchproeurope.eu\\\/#organization\",\"name\":\"TouchPro Europe BV\",\"alternateName\":\"TPE\",\"url\":\"https:\\\/\\\/touchproeurope.eu\\\/\",\"logo\":{\"@type\":\"ImageObject\",\"inLanguage\":\"es\",\"@id\":\"https:\\\/\\\/touchproeurope.eu\\\/#\\\/schema\\\/logo\\\/image\\\/\",\"url\":\"https:\\\/\\\/i0.wp.com\\\/touchproeurope.eu\\\/wp-content\\\/uploads\\\/2023\\\/10\\\/2b592c_b6944d80811246d987cc2c29accedf3f.png?fit=1417%2C531&ssl=1\",\"contentUrl\":\"https:\\\/\\\/i0.wp.com\\\/touchproeurope.eu\\\/wp-content\\\/uploads\\\/2023\\\/10\\\/2b592c_b6944d80811246d987cc2c29accedf3f.png?fit=1417%2C531&ssl=1\",\"width\":1417,\"height\":531,\"caption\":\"TouchPro Europe BV\"},\"image\":{\"@id\":\"https:\\\/\\\/touchproeurope.eu\\\/#\\\/schema\\\/logo\\\/image\\\/\"},\"sameAs\":[\"https:\\\/\\\/www.facebook.com\\\/TouchproNederland\\\/?locale=nl_NL\\\/\",\"https:\\\/\\\/www.instagram.com\\\/touchpro2016\\\/\",\"https:\\\/\\\/www.linkedin.com\\\/company\\\/touchpro-europe-bv\\\/\"],\"description\":\"TouchPro Europe Shop is de massage winkel van Europa. Wij verkopen topkwaliteit massageproducten aan masseurs, pedicures, fysiotherapeuten, manicuren, Wellness centra, opleidingen, etc. TouchPro begon als een kleine webshop in Nederland, maar is nu uitgegroeid tot een webshop met klanten uit heel Europa. Wij bieden een breed assortiment aan massageproducten, waaronder massagetafels, oli\u00ebn, cr\u00e8mes, en accessoires van topmerken, zoals Earthlite, Stronglite en InnerStrenght, Habys, Living Earth Crafts en Continuum en andere leveranciers van massage accessoires. Bestel hier de beste massagematerialen van Europa!\",\"email\":\"info@touchpro-europe.com\",\"telephone\":\"0858768829\",\"legalName\":\"TouchPro Europe BV\",\"foundingDate\":\"2018-01-11\",\"vatID\":\"NL855430151B01\",\"numberOfEmployees\":{\"@type\":\"QuantitativeValue\",\"minValue\":\"1\",\"maxValue\":\"10\"},\"hasMerchantReturnPolicy\":{\"@type\":\"MerchantReturnPolicy\",\"merchantReturnLink\":\"https:\\\/\\\/touchproeurope.eu\\\/es\\\/retourbeleid\\\/\"}}]}<\/script>\n<meta property=\"product:brand\" content=\"Earthlite\" \/>\n<meta property=\"product:price:amount\" content=\"899.00\" \/>\n<meta property=\"product:price:currency\" content=\"EUR\" \/>\n<meta property=\"og:availability\" content=\"instock\" \/>\n<meta property=\"product:availability\" content=\"instock\" \/>\n<meta property=\"product:retailer_item_id\" content=\"8009377\" \/>\n<meta property=\"product:condition\" content=\"new\" \/>\n<!-- \/ Yoast SEO Premium plugin. -->","yoast_head_json":{"title":"Earthlite Yosemite\u2122 30 - Tienda TouchPro Europe","description":"Experimente el lujo y la versatilidad con la revolucionaria camilla de masaje Earthlite Yosemite. Confort \u00f3ptimo para tratamientos m\u00e9dicos y de bienestar. \u00a1P\u00eddala ya!","robots":{"index":"index","follow":"follow","max-snippet":"max-snippet:-1","max-image-preview":"max-image-preview:large","max-video-preview":"max-video-preview:-1"},"canonical":"https:\/\/touchproeurope.eu\/es\/product\/earthlite-yosemite\/","og_locale":"es_ES","og_type":"article","og_title":"Earthlite Yosemite \u2122 30","og_description":"Ervaar luxe en veelzijdigheid met de revolutionaire Earthlite Yosemite massagetafel. Optimaal comfort voor wellness en medische behandelingen. Bestel nu!","og_url":"https:\/\/touchproeurope.eu\/es\/product\/earthlite-yosemite\/","og_site_name":"TouchPro Europe Shop","article_publisher":"https:\/\/www.facebook.com\/TouchproNederland\/?locale=nl_NL%2f","article_modified_time":"2026-03-04T16:55:34+00:00","og_image":[{"width":2000,"height":2000,"url":"https:\/\/touchproeurope.eu\/wp-content\/uploads\/2023\/11\/3928546224.jpg","type":"image\/jpeg"}],"twitter_card":"summary_large_image","twitter_misc":{"Precio":"&euro;&nbsp;899,00 incl. BTW","Disponibilidad":"Disponible"},"schema":{"@context":"https:\/\/schema.org","@graph":[{"@type":"WebPage","@id":"https:\/\/touchproeurope.eu\/product\/earthlite-yosemite\/","url":"https:\/\/touchproeurope.eu\/product\/earthlite-yosemite\/","name":"Earthlite Yosemite\u2122 30 - Tienda TouchPro Europe","isPartOf":{"@id":"https:\/\/touchproeurope.eu\/#website"},"primaryImageOfPage":{"@id":"https:\/\/touchproeurope.eu\/product\/earthlite-yosemite\/#primaryimage"},"image":{"@id":"https:\/\/touchproeurope.eu\/product\/earthlite-yosemite\/#primaryimage"},"thumbnailUrl":"https:\/\/i0.wp.com\/touchproeurope.eu\/wp-content\/uploads\/2023\/11\/3928546224.jpg?fit=2000%2C2000&ssl=1","datePublished":"2023-11-09T16:07:46+00:00","dateModified":"2026-03-04T16:55:34+00:00","description":"Experimente el lujo y la versatilidad con la revolucionaria camilla de masaje Earthlite Yosemite. Confort \u00f3ptimo para tratamientos m\u00e9dicos y de bienestar. \u00a1P\u00eddala ya!","breadcrumb":{"@id":"https:\/\/touchproeurope.eu\/product\/earthlite-yosemite\/#breadcrumb"},"inLanguage":"es","potentialAction":[{"@type":"ReadAction","target":["https:\/\/touchproeurope.eu\/product\/earthlite-yosemite\/"]}]},{"@type":"ImageObject","inLanguage":"es","@id":"https:\/\/touchproeurope.eu\/product\/earthlite-yosemite\/#primaryimage","url":"https:\/\/i0.wp.com\/touchproeurope.eu\/wp-content\/uploads\/2023\/11\/3928546224.jpg?fit=2000%2C2000&ssl=1","contentUrl":"https:\/\/i0.wp.com\/touchproeurope.eu\/wp-content\/uploads\/2023\/11\/3928546224.jpg?fit=2000%2C2000&ssl=1","width":2000,"height":2000,"caption":"Earthlite Yosemite"},{"@type":"BreadcrumbList","@id":"https:\/\/touchproeurope.eu\/product\/earthlite-yosemite\/#breadcrumb","itemListElement":[{"@type":"ListItem","position":1,"name":"Home","item":"https:\/\/touchproeurope.eu\/"},{"@type":"ListItem","position":2,"name":"Winkel","item":"https:\/\/touchproeurope.eu\/winkel\/"},{"@type":"ListItem","position":3,"name":"Earthlite Yosemite \u2122 30"}]},{"@type":"WebSite","@id":"https:\/\/touchproeurope.eu\/#website","url":"https:\/\/touchproeurope.eu\/","name":"Tienda TouchPro Europe","description":"\u00a1Todo para su consulta con un toque PROfesional!","publisher":{"@id":"https:\/\/touchproeurope.eu\/#organization"},"alternateName":"TPE","potentialAction":[{"@type":"SearchAction","target":{"@type":"EntryPoint","urlTemplate":"https:\/\/touchproeurope.eu\/?s={search_term_string}"},"query-input":{"@type":"PropertyValueSpecification","valueRequired":true,"valueName":"search_term_string"}}],"inLanguage":"es"},{"@type":"Organization","@id":"https:\/\/touchproeurope.eu\/#organization","name":"TouchPro Europe BV","alternateName":"TPE","url":"https:\/\/touchproeurope.eu\/","logo":{"@type":"ImageObject","inLanguage":"es","@id":"https:\/\/touchproeurope.eu\/#\/schema\/logo\/image\/","url":"https:\/\/i0.wp.com\/touchproeurope.eu\/wp-content\/uploads\/2023\/10\/2b592c_b6944d80811246d987cc2c29accedf3f.png?fit=1417%2C531&ssl=1","contentUrl":"https:\/\/i0.wp.com\/touchproeurope.eu\/wp-content\/uploads\/2023\/10\/2b592c_b6944d80811246d987cc2c29accedf3f.png?fit=1417%2C531&ssl=1","width":1417,"height":531,"caption":"TouchPro Europe BV"},"image":{"@id":"https:\/\/touchproeurope.eu\/#\/schema\/logo\/image\/"},"sameAs":["https:\/\/www.facebook.com\/TouchproNederland\/?locale=nl_NL\/","https:\/\/www.instagram.com\/touchpro2016\/","https:\/\/www.linkedin.com\/company\/touchpro-europe-bv\/"],"description":"TouchPro Europe Shop es la tienda de masajes de Europa. Vendemos productos de masaje de primera calidad a masajistas, pedicuras, fisioterapeutas, manicuras, centros de bienestar, cursos de formaci\u00f3n, etc. TouchPro comenz\u00f3 como una peque\u00f1a tienda en los Pa\u00edses Bajos, pero ahora se ha convertido en una tienda con clientes de toda Europa. Ofrecemos una amplia gama de productos de masaje, incluyendo camillas de masaje, aceites, cremas y accesorios de las mejores marcas como Earthlite, Stronglite e InnerStrenght, Habys, Living Earth Crafts y Continuum y otros proveedores de accesorios de masaje. Pida aqu\u00ed los mejores art\u00edculos de masaje de Europa.","email":"info@touchpro-europe.com","telephone":"0858768829","legalName":"TouchPro Europe BV","foundingDate":"2018-01-11","vatID":"NL855430151B01","numberOfEmployees":{"@type":"QuantitativeValue","minValue":"1","maxValue":"10"},"hasMerchantReturnPolicy":{"@type":"MerchantReturnPolicy","merchantReturnLink":"https:\/\/touchproeurope.eu\/es\/retourbeleid\/"}}]},"product_brand":"Earthlite","product_price_amount":"899.00","product_price_currency":"EUR","og_availability":"instock","product_availability":"instock","product_retailer_item_id":"8009377","product_condition":"new"},"_links":{"self":[{"href":"https:\/\/touchproeurope.eu\/es\/wp-json\/wp\/v2\/product\/3178","targetHints":{"allow":["GET"]}}],"collection":[{"href":"https:\/\/touchproeurope.eu\/es\/wp-json\/wp\/v2\/product"}],"about":[{"href":"https:\/\/touchproeurope.eu\/es\/wp-json\/wp\/v2\/types\/product"}],"replies":[{"embeddable":true,"href":"https:\/\/touchproeurope.eu\/es\/wp-json\/wp\/v2\/comments?post=3178"}],"version-history":[{"count":5,"href":"https:\/\/touchproeurope.eu\/es\/wp-json\/wp\/v2\/product\/3178\/revisions"}],"predecessor-version":[{"id":3298,"href":"https:\/\/touchproeurope.eu\/es\/wp-json\/wp\/v2\/product\/3178\/revisions\/3298"}],"wp:featuredmedia":[{"embeddable":true,"href":"https:\/\/touchproeurope.eu\/es\/wp-json\/wp\/v2\/media\/3177"}],"wp:attachment":[{"href":"https:\/\/touchproeurope.eu\/es\/wp-json\/wp\/v2\/media?parent=3178"}],"wp:term":[{"taxonomy":"product_brand","embeddable":true,"href":"https:\/\/touchproeurope.eu\/es\/wp-json\/wp\/v2\/product_brand?post=3178"},{"taxonomy":"product_cat","embeddable":true,"href":"https:\/\/touchproeurope.eu\/es\/wp-json\/wp\/v2\/product_cat?post=3178"},{"taxonomy":"product_tag","embeddable":true,"href":"https:\/\/touchproeurope.eu\/es\/wp-json\/wp\/v2\/product_tag?post=3178"}],"curies":[{"name":"wp","href":"https:\/\/api.w.org\/{rel}","templated":true}]}}