{"id":3196,"date":"2023-11-09T16:08:06","date_gmt":"2023-11-09T16:08:06","guid":{"rendered":"https:\/\/touchproeurope.eu\/?post_type=product&#038;p=3196"},"modified":"2026-04-22T09:39:15","modified_gmt":"2026-04-22T09:39:15","slug":"aysun-wellness-aceite-de-masaje-deporte","status":"publish","type":"product","link":"https:\/\/touchproeurope.eu\/es\/product\/aysun-wellness-massage-oil-sport\/","title":{"rendered":"Aysun-Wellness Aceite de masaje \"Sport\""},"content":{"rendered":"<p>Descubra el poder del aceite de masaje \u201cSport\u201d de Aysun-Wellness. Una f\u00f3rmula cuidadosamente formulada que combina aceites naturales y aceites esenciales seleccionados. Espec\u00edficamente dise\u00f1ado para favorecer la recuperaci\u00f3n muscular tras la pr\u00e1ctica deportiva y estimular la circulaci\u00f3n. Esto convierte a este aceite de masaje en un valioso aceite para tratar a los entusiastas del deporte.<\/p>\n<p>Con una mezcla \u00fanica de ingredientes naturales, este aceite de masaje ofrece profundos beneficios para los deportistas. Los aceites beneficiosos trabajan juntos para calmar y revitalizar los m\u00fasculos cansados despu\u00e9s del ejercicio, dej\u00e1ndole listo para su pr\u00f3ximo desaf\u00edo.<\/p>\n<p>Adem\u00e1s, el Aceite de Masaje Aysun-Wellness \u201cSport\u201d estimula la circulaci\u00f3n sangu\u00ednea. El resultado es una sensaci\u00f3n refrescante y una recuperaci\u00f3n \u00f3ptima despu\u00e9s de cualquier entrenamiento intenso. Sienta c\u00f3mo desaparece la tensi\u00f3n post-ejercicio, mientras los ricos aceites suavizan e hidratan su piel.  Envu\u00e9lvase en un reconfortante resplandor de relajaci\u00f3n.<\/p>\n<p>Convierta cada masaje en una experiencia estimulante y proporcione a su cuerpo el cuidado que se merece. Pida ahora el aceite de masaje \u201cSport\u201d de Aysun-Wellness y descubra el complemento perfecto para su estilo de vida activo. Reg\u00e1lese lo mejor y experimente los beneficios del poder reconstituyente natural. \u00bfPreparado para una vida renovada?<\/p>","protected":false},"excerpt":{"rendered":"<p>Aysun- wellness Aceite de masaje \u201cSport\u201d est\u00e1 compuesto por una combinaci\u00f3n de aceites naturales y aceites esenciales especialmente seleccionados. Esta f\u00f3rmula \u00fanica est\u00e1 dise\u00f1ada no s\u00f3lo para promover la recuperaci\u00f3n muscular, sino tambi\u00e9n para estimular la circulaci\u00f3n.<\/p>","protected":false},"featured_media":4244,"comment_status":"open","ping_status":"closed","template":"","meta":[],"product_brand":[599],"product_cat":[115],"product_tag":[155,156,157],"class_list":{"0":"post-3196","1":"product","2":"type-product","3":"status-publish","4":"has-post-thumbnail","6":"product_brand-aysun","7":"product_cat-massageolie","8":"product_tag-asyun","9":"product_tag-massage-olie","10":"product_tag-sport","11":"product_shipping_class-klein-pakket","12":"pa_maat-500-ml","13":"pa_merk-aysun","15":"first","16":"instock","17":"taxable","18":"shipping-taxable","19":"purchasable","20":"product-type-variable"},"yoast_head":"<!-- This site is optimized with the Yoast SEO Premium plugin v27.4 (Yoast SEO v27.4) - https:\/\/yoast.com\/product\/yoast-seo-premium-wordpress\/ -->\n<title>Aysun-Wellness Massage olie &quot;Sport&quot; - TouchPro Europe Shop<\/title>\n<meta name=\"description\" content=\"Ontdek de verfrissende kracht van Aysun-wellness Massage oil &quot;Sport&quot;, een zorgvuldig samengestelde formule ontworpen voor sporters. Bestel hem hier!\" \/>\n<meta name=\"robots\" content=\"index, follow, max-snippet:-1, max-image-preview:large, max-video-preview:-1\" \/>\n<link rel=\"canonical\" href=\"https:\/\/touchproeurope.eu\/es\/product\/aysun-wellness-aceite-de-masaje-deporte\/\" \/>\n<meta property=\"og:locale\" content=\"es_ES\" \/>\n<meta property=\"og:type\" content=\"article\" \/>\n<meta property=\"og:title\" content=\"Aysun-Wellness Massage olie &quot;Sport&quot;\" \/>\n<meta property=\"og:description\" content=\"Ontdek de verfrissende kracht van Aysun-wellness Massage oil &quot;Sport&quot;, een zorgvuldig samengestelde formule ontworpen voor sporters. Bestel hem hier!\" \/>\n<meta property=\"og:url\" content=\"https:\/\/touchproeurope.eu\/es\/product\/aysun-wellness-aceite-de-masaje-deporte\/\" \/>\n<meta property=\"og:site_name\" content=\"TouchPro Europe Shop\" \/>\n<meta property=\"article:publisher\" content=\"https:\/\/www.facebook.com\/TouchproNederland\/?locale=nl_NL%2f\" \/>\n<meta property=\"article:modified_time\" content=\"2026-04-22T09:39:15+00:00\" \/>\n<meta property=\"og:image\" content=\"https:\/\/touchproeurope.eu\/wp-content\/uploads\/2023\/11\/Aysun-wellness-Massage-oil-Sport.jpg\" \/>\n\t<meta property=\"og:image:width\" content=\"800\" \/>\n\t<meta property=\"og:image:height\" content=\"800\" \/>\n\t<meta property=\"og:image:type\" content=\"image\/jpeg\" \/>\n<meta name=\"twitter:card\" content=\"summary_large_image\" \/>\n<meta name=\"twitter:label1\" content=\"Disponibilidad\" \/>\n\t<meta name=\"twitter:data1\" content=\"Disponible\" \/>\n<script type=\"application\/ld+json\" class=\"yoast-schema-graph\">{\"@context\":\"https:\\\/\\\/schema.org\",\"@graph\":[{\"@type\":\"WebPage\",\"@id\":\"https:\\\/\\\/touchproeurope.eu\\\/product\\\/aysun-wellness-massage-oil-sport\\\/\",\"url\":\"https:\\\/\\\/touchproeurope.eu\\\/product\\\/aysun-wellness-massage-oil-sport\\\/\",\"name\":\"Aysun-Wellness Massage olie \\\"Sport\\\" - TouchPro Europe Shop\",\"isPartOf\":{\"@id\":\"https:\\\/\\\/touchproeurope.eu\\\/#website\"},\"primaryImageOfPage\":{\"@id\":\"https:\\\/\\\/touchproeurope.eu\\\/product\\\/aysun-wellness-massage-oil-sport\\\/#primaryimage\"},\"image\":{\"@id\":\"https:\\\/\\\/touchproeurope.eu\\\/product\\\/aysun-wellness-massage-oil-sport\\\/#primaryimage\"},\"thumbnailUrl\":\"https:\\\/\\\/i0.wp.com\\\/touchproeurope.eu\\\/wp-content\\\/uploads\\\/2023\\\/11\\\/Aysun-wellness-Massage-oil-Sport.jpg?fit=800%2C800&ssl=1\",\"datePublished\":\"2023-11-09T16:08:06+00:00\",\"dateModified\":\"2026-04-22T09:39:15+00:00\",\"description\":\"Ontdek de verfrissende kracht van Aysun-wellness Massage oil \\\"Sport\\\", een zorgvuldig samengestelde formule ontworpen voor sporters. Bestel hem hier!\",\"breadcrumb\":{\"@id\":\"https:\\\/\\\/touchproeurope.eu\\\/product\\\/aysun-wellness-massage-oil-sport\\\/#breadcrumb\"},\"inLanguage\":\"es\",\"potentialAction\":[{\"@type\":\"ReadAction\",\"target\":[\"https:\\\/\\\/touchproeurope.eu\\\/product\\\/aysun-wellness-massage-oil-sport\\\/\"]}]},{\"@type\":\"ImageObject\",\"inLanguage\":\"es\",\"@id\":\"https:\\\/\\\/touchproeurope.eu\\\/product\\\/aysun-wellness-massage-oil-sport\\\/#primaryimage\",\"url\":\"https:\\\/\\\/i0.wp.com\\\/touchproeurope.eu\\\/wp-content\\\/uploads\\\/2023\\\/11\\\/Aysun-wellness-Massage-oil-Sport.jpg?fit=800%2C800&ssl=1\",\"contentUrl\":\"https:\\\/\\\/i0.wp.com\\\/touchproeurope.eu\\\/wp-content\\\/uploads\\\/2023\\\/11\\\/Aysun-wellness-Massage-oil-Sport.jpg?fit=800%2C800&ssl=1\",\"width\":800,\"height\":800,\"caption\":\"Aysun-wellness Massage oil Sport\"},{\"@type\":\"BreadcrumbList\",\"@id\":\"https:\\\/\\\/touchproeurope.eu\\\/product\\\/aysun-wellness-massage-oil-sport\\\/#breadcrumb\",\"itemListElement\":[{\"@type\":\"ListItem\",\"position\":1,\"name\":\"Home\",\"item\":\"https:\\\/\\\/touchproeurope.eu\\\/\"},{\"@type\":\"ListItem\",\"position\":2,\"name\":\"Winkel\",\"item\":\"https:\\\/\\\/touchproeurope.eu\\\/winkel\\\/\"},{\"@type\":\"ListItem\",\"position\":3,\"name\":\"Aysun-Wellness Massage olie &#8220;Sport&#8221;\"}]},{\"@type\":\"WebSite\",\"@id\":\"https:\\\/\\\/touchproeurope.eu\\\/#website\",\"url\":\"https:\\\/\\\/touchproeurope.eu\\\/\",\"name\":\"TouchPro Europe Shop\",\"description\":\"Alles voor jouw praktijk met een PROfessionele Touch!\",\"publisher\":{\"@id\":\"https:\\\/\\\/touchproeurope.eu\\\/#organization\"},\"alternateName\":\"TPE\",\"potentialAction\":[{\"@type\":\"SearchAction\",\"target\":{\"@type\":\"EntryPoint\",\"urlTemplate\":\"https:\\\/\\\/touchproeurope.eu\\\/?s={search_term_string}\"},\"query-input\":{\"@type\":\"PropertyValueSpecification\",\"valueRequired\":true,\"valueName\":\"search_term_string\"}}],\"inLanguage\":\"es\"},{\"@type\":\"Organization\",\"@id\":\"https:\\\/\\\/touchproeurope.eu\\\/#organization\",\"name\":\"TouchPro Europe BV\",\"alternateName\":\"TPE\",\"url\":\"https:\\\/\\\/touchproeurope.eu\\\/\",\"logo\":{\"@type\":\"ImageObject\",\"inLanguage\":\"es\",\"@id\":\"https:\\\/\\\/touchproeurope.eu\\\/#\\\/schema\\\/logo\\\/image\\\/\",\"url\":\"https:\\\/\\\/i0.wp.com\\\/touchproeurope.eu\\\/wp-content\\\/uploads\\\/2023\\\/10\\\/2b592c_b6944d80811246d987cc2c29accedf3f.png?fit=1417%2C531&ssl=1\",\"contentUrl\":\"https:\\\/\\\/i0.wp.com\\\/touchproeurope.eu\\\/wp-content\\\/uploads\\\/2023\\\/10\\\/2b592c_b6944d80811246d987cc2c29accedf3f.png?fit=1417%2C531&ssl=1\",\"width\":1417,\"height\":531,\"caption\":\"TouchPro Europe BV\"},\"image\":{\"@id\":\"https:\\\/\\\/touchproeurope.eu\\\/#\\\/schema\\\/logo\\\/image\\\/\"},\"sameAs\":[\"https:\\\/\\\/www.facebook.com\\\/TouchproNederland\\\/?locale=nl_NL\\\/\",\"https:\\\/\\\/www.instagram.com\\\/touchpro2016\\\/\",\"https:\\\/\\\/www.linkedin.com\\\/company\\\/touchpro-europe-bv\\\/\"],\"description\":\"TouchPro Europe Shop is de massage winkel van Europa. Wij verkopen topkwaliteit massageproducten aan masseurs, pedicures, fysiotherapeuten, manicuren, Wellness centra, opleidingen, etc. TouchPro begon als een kleine webshop in Nederland, maar is nu uitgegroeid tot een webshop met klanten uit heel Europa. Wij bieden een breed assortiment aan massageproducten, waaronder massagetafels, oli\u00ebn, cr\u00e8mes, en accessoires van topmerken, zoals Earthlite, Stronglite en InnerStrenght, Habys, Living Earth Crafts en Continuum en andere leveranciers van massage accessoires. Bestel hier de beste massagematerialen van Europa!\",\"email\":\"info@touchpro-europe.com\",\"telephone\":\"0858768829\",\"legalName\":\"TouchPro Europe BV\",\"foundingDate\":\"2018-01-11\",\"vatID\":\"NL855430151B01\",\"numberOfEmployees\":{\"@type\":\"QuantitativeValue\",\"minValue\":\"1\",\"maxValue\":\"10\"},\"hasMerchantReturnPolicy\":{\"@type\":\"MerchantReturnPolicy\",\"merchantReturnLink\":\"https:\\\/\\\/touchproeurope.eu\\\/es\\\/retourbeleid\\\/\"}}]}<\/script>\n<meta property=\"product:brand\" content=\"Aysun\" \/>\n<meta property=\"og:availability\" content=\"instock\" \/>\n<meta property=\"product:availability\" content=\"instock\" \/>\n<meta property=\"product:retailer_item_id\" content=\"10030\" \/>\n<meta property=\"product:condition\" content=\"new\" \/>\n<!-- \/ Yoast SEO Premium plugin. -->","yoast_head_json":{"title":"Aysun-Wellness Aceite de masaje \"Sport\" - Tienda TouchPro Europe","description":"Descubra el poder refrescante del aceite de masaje \"Sport\" de Aysun-wellness, una f\u00f3rmula cuidadosamente formulada para deportistas. \u00a1P\u00eddalo aqu\u00ed!","robots":{"index":"index","follow":"follow","max-snippet":"max-snippet:-1","max-image-preview":"max-image-preview:large","max-video-preview":"max-video-preview:-1"},"canonical":"https:\/\/touchproeurope.eu\/es\/product\/aysun-wellness-aceite-de-masaje-deporte\/","og_locale":"es_ES","og_type":"article","og_title":"Aysun-Wellness Massage olie \"Sport\"","og_description":"Ontdek de verfrissende kracht van Aysun-wellness Massage oil \"Sport\", een zorgvuldig samengestelde formule ontworpen voor sporters. Bestel hem hier!","og_url":"https:\/\/touchproeurope.eu\/es\/product\/aysun-wellness-aceite-de-masaje-deporte\/","og_site_name":"TouchPro Europe Shop","article_publisher":"https:\/\/www.facebook.com\/TouchproNederland\/?locale=nl_NL%2f","article_modified_time":"2026-04-22T09:39:15+00:00","og_image":[{"width":800,"height":800,"url":"https:\/\/touchproeurope.eu\/wp-content\/uploads\/2023\/11\/Aysun-wellness-Massage-oil-Sport.jpg","type":"image\/jpeg"}],"twitter_card":"summary_large_image","twitter_misc":{"Disponibilidad":"Disponible"},"schema":{"@context":"https:\/\/schema.org","@graph":[{"@type":"WebPage","@id":"https:\/\/touchproeurope.eu\/product\/aysun-wellness-massage-oil-sport\/","url":"https:\/\/touchproeurope.eu\/product\/aysun-wellness-massage-oil-sport\/","name":"Aysun-Wellness Aceite de masaje \"Sport\" - Tienda TouchPro Europe","isPartOf":{"@id":"https:\/\/touchproeurope.eu\/#website"},"primaryImageOfPage":{"@id":"https:\/\/touchproeurope.eu\/product\/aysun-wellness-massage-oil-sport\/#primaryimage"},"image":{"@id":"https:\/\/touchproeurope.eu\/product\/aysun-wellness-massage-oil-sport\/#primaryimage"},"thumbnailUrl":"https:\/\/i0.wp.com\/touchproeurope.eu\/wp-content\/uploads\/2023\/11\/Aysun-wellness-Massage-oil-Sport.jpg?fit=800%2C800&ssl=1","datePublished":"2023-11-09T16:08:06+00:00","dateModified":"2026-04-22T09:39:15+00:00","description":"Descubra el poder refrescante del aceite de masaje \"Sport\" de Aysun-wellness, una f\u00f3rmula cuidadosamente formulada para deportistas. \u00a1P\u00eddalo aqu\u00ed!","breadcrumb":{"@id":"https:\/\/touchproeurope.eu\/product\/aysun-wellness-massage-oil-sport\/#breadcrumb"},"inLanguage":"es","potentialAction":[{"@type":"ReadAction","target":["https:\/\/touchproeurope.eu\/product\/aysun-wellness-massage-oil-sport\/"]}]},{"@type":"ImageObject","inLanguage":"es","@id":"https:\/\/touchproeurope.eu\/product\/aysun-wellness-massage-oil-sport\/#primaryimage","url":"https:\/\/i0.wp.com\/touchproeurope.eu\/wp-content\/uploads\/2023\/11\/Aysun-wellness-Massage-oil-Sport.jpg?fit=800%2C800&ssl=1","contentUrl":"https:\/\/i0.wp.com\/touchproeurope.eu\/wp-content\/uploads\/2023\/11\/Aysun-wellness-Massage-oil-Sport.jpg?fit=800%2C800&ssl=1","width":800,"height":800,"caption":"Aysun-wellness Massage oil Sport"},{"@type":"BreadcrumbList","@id":"https:\/\/touchproeurope.eu\/product\/aysun-wellness-massage-oil-sport\/#breadcrumb","itemListElement":[{"@type":"ListItem","position":1,"name":"Home","item":"https:\/\/touchproeurope.eu\/"},{"@type":"ListItem","position":2,"name":"Winkel","item":"https:\/\/touchproeurope.eu\/winkel\/"},{"@type":"ListItem","position":3,"name":"Aysun-Wellness Massage olie &#8220;Sport&#8221;"}]},{"@type":"WebSite","@id":"https:\/\/touchproeurope.eu\/#website","url":"https:\/\/touchproeurope.eu\/","name":"Tienda TouchPro Europe","description":"\u00a1Todo para su consulta con un toque PROfesional!","publisher":{"@id":"https:\/\/touchproeurope.eu\/#organization"},"alternateName":"TPE","potentialAction":[{"@type":"SearchAction","target":{"@type":"EntryPoint","urlTemplate":"https:\/\/touchproeurope.eu\/?s={search_term_string}"},"query-input":{"@type":"PropertyValueSpecification","valueRequired":true,"valueName":"search_term_string"}}],"inLanguage":"es"},{"@type":"Organization","@id":"https:\/\/touchproeurope.eu\/#organization","name":"TouchPro Europe BV","alternateName":"TPE","url":"https:\/\/touchproeurope.eu\/","logo":{"@type":"ImageObject","inLanguage":"es","@id":"https:\/\/touchproeurope.eu\/#\/schema\/logo\/image\/","url":"https:\/\/i0.wp.com\/touchproeurope.eu\/wp-content\/uploads\/2023\/10\/2b592c_b6944d80811246d987cc2c29accedf3f.png?fit=1417%2C531&ssl=1","contentUrl":"https:\/\/i0.wp.com\/touchproeurope.eu\/wp-content\/uploads\/2023\/10\/2b592c_b6944d80811246d987cc2c29accedf3f.png?fit=1417%2C531&ssl=1","width":1417,"height":531,"caption":"TouchPro Europe BV"},"image":{"@id":"https:\/\/touchproeurope.eu\/#\/schema\/logo\/image\/"},"sameAs":["https:\/\/www.facebook.com\/TouchproNederland\/?locale=nl_NL\/","https:\/\/www.instagram.com\/touchpro2016\/","https:\/\/www.linkedin.com\/company\/touchpro-europe-bv\/"],"description":"TouchPro Europe Shop es la tienda de masajes de Europa. Vendemos productos de masaje de primera calidad a masajistas, pedicuras, fisioterapeutas, manicuras, centros de bienestar, cursos de formaci\u00f3n, etc. TouchPro comenz\u00f3 como una peque\u00f1a tienda en los Pa\u00edses Bajos, pero ahora se ha convertido en una tienda con clientes de toda Europa. Ofrecemos una amplia gama de productos de masaje, incluyendo camillas de masaje, aceites, cremas y accesorios de las mejores marcas como Earthlite, Stronglite e InnerStrenght, Habys, Living Earth Crafts y Continuum y otros proveedores de accesorios de masaje. Pida aqu\u00ed los mejores art\u00edculos de masaje de Europa.","email":"info@touchpro-europe.com","telephone":"0858768829","legalName":"TouchPro Europe BV","foundingDate":"2018-01-11","vatID":"NL855430151B01","numberOfEmployees":{"@type":"QuantitativeValue","minValue":"1","maxValue":"10"},"hasMerchantReturnPolicy":{"@type":"MerchantReturnPolicy","merchantReturnLink":"https:\/\/touchproeurope.eu\/es\/retourbeleid\/"}}]},"product_brand":"Aysun","og_availability":"instock","product_availability":"instock","product_retailer_item_id":"10030","product_condition":"new"},"_links":{"self":[{"href":"https:\/\/touchproeurope.eu\/es\/wp-json\/wp\/v2\/product\/3196","targetHints":{"allow":["GET"]}}],"collection":[{"href":"https:\/\/touchproeurope.eu\/es\/wp-json\/wp\/v2\/product"}],"about":[{"href":"https:\/\/touchproeurope.eu\/es\/wp-json\/wp\/v2\/types\/product"}],"replies":[{"embeddable":true,"href":"https:\/\/touchproeurope.eu\/es\/wp-json\/wp\/v2\/comments?post=3196"}],"version-history":[{"count":7,"href":"https:\/\/touchproeurope.eu\/es\/wp-json\/wp\/v2\/product\/3196\/revisions"}],"predecessor-version":[{"id":4698,"href":"https:\/\/touchproeurope.eu\/es\/wp-json\/wp\/v2\/product\/3196\/revisions\/4698"}],"wp:featuredmedia":[{"embeddable":true,"href":"https:\/\/touchproeurope.eu\/es\/wp-json\/wp\/v2\/media\/4244"}],"wp:attachment":[{"href":"https:\/\/touchproeurope.eu\/es\/wp-json\/wp\/v2\/media?parent=3196"}],"wp:term":[{"taxonomy":"product_brand","embeddable":true,"href":"https:\/\/touchproeurope.eu\/es\/wp-json\/wp\/v2\/product_brand?post=3196"},{"taxonomy":"product_cat","embeddable":true,"href":"https:\/\/touchproeurope.eu\/es\/wp-json\/wp\/v2\/product_cat?post=3196"},{"taxonomy":"product_tag","embeddable":true,"href":"https:\/\/touchproeurope.eu\/es\/wp-json\/wp\/v2\/product_tag?post=3196"}],"curies":[{"name":"wp","href":"https:\/\/api.w.org\/{rel}","templated":true}]}}