{"id":3214,"date":"2023-11-09T16:08:32","date_gmt":"2023-11-09T16:08:32","guid":{"rendered":"https:\/\/touchproeurope.eu\/?post_type=product&#038;p=3214"},"modified":"2026-03-04T16:55:40","modified_gmt":"2026-03-04T16:55:40","slug":"camilla-de-masaje-versalite-pro","status":"publish","type":"product","link":"https:\/\/touchproeurope.eu\/es\/product\/versalite-pro-massagetafel\/","title":{"rendered":"Camilla de Masaje Versalite PRO"},"content":{"rendered":"<p><strong>La camilla de masaje StrongLite Versalite Pro - <\/strong>descubra la comodidad de esta camilla de masaje de aluminio ligera y plegable La camilla StrongLite Versalite Pro ofrece comodidad y calidad profesional. Esto hace que esta camilla sea la elecci\u00f3n perfecta para su propia consulta, as\u00ed como para el masajista m\u00f3vil.<\/p>\n<p>Con unas dimensiones de 76 x 185 cm y una altura regulable de 54 a 84 cm, esta camilla de masaje proporciona el espacio de trabajo ideal para diversas t\u00e9cnicas de masaje. El sistema de espuma de 2 capas de 5,7 cm de grosor garantiza un confort duradero, del que pueden disfrutar plenamente tanto el masajista como el cliente.<\/p>\n<p>Gracias al lujoso tapizado de vinilo 100% PU-Satin Touch, la mesa no s\u00f3lo resulta c\u00f3moda, sino tambi\u00e9n f\u00e1cil de limpiar y mantener. Con un impresionante peso en carga de hasta 226 kg, esta mesa es duradera y resistente. Esto hace que la mesa sea adecuada para un amplio p\u00fablico.<\/p>\n<p>El paquete incluye la camilla de masaje StrongLite Versalite Pro, un reposacabezas curvado ajustable de lujo con almohada curvada y una pr\u00e1ctica bolsa de transporte con compartimento de almacenamiento adicional. La camilla est\u00e1 disponible en los elegantes colores azul real, burdeos y negro.<\/p>","protected":false},"excerpt":{"rendered":"<p>Datos del producto<\/p>\n<p><strong>D<\/strong><strong>a camilla de masaje StrongLite Versalite Pro<\/strong> - Esta camilla de masaje de alta calidad con estructura ligera de aluminio y dise\u00f1o plegable es la elecci\u00f3n perfecta para usted. Experimente la comodidad y la calidad profesional de la StrongLite Versalite Pro. Gracias a su portabilidad y f\u00e1cil plegado, esta camilla de masaje es ideal tanto para uso profesional como dom\u00e9stico.<\/p>\n<p>El paquete consta de:<\/p>\n<ul>\n<li>la camilla de masaje StrongLite Versalite Pro<\/li>\n<li>Reposacabezas curvado de lujo ajustable con almohada curvada<\/li>\n<li>Malet\u00edn de transporte a juego con compartimento de almacenamiento adicional<\/li>\n<\/ul>\n<p>Caracter\u00edsticas:<\/p>\n<ul>\n<li>Dimensiones 76 x 185 cm<\/li>\n<li>Altura regulable de 54 a 84 cm<\/li>\n<li>Peso: 14 kg<\/li>\n<li>Tapicer\u00eda de vinilo Luxury 100% PU- Satin Touch<\/li>\n<li>Sistema de espuma de 2 capas de 5,7 cm de grosor para un confort duradero<\/li>\n<li>Hasta 226 kg de peso \u00fatil de carga.<\/li>\n<li>Hoja de venta oficial: <a href=\"https:\/\/b2b.earthlite.eu\/media\/wysiwyg\/SalesSheets\/Versalite_Pro_Sales_Sheet_Rev_092220.pdf\">Versalite Pro<\/a><\/li>\n<li>Disponible en azul real, burdeos y negro.<\/li>\n<\/ul>","protected":false},"featured_media":3213,"comment_status":"open","ping_status":"closed","template":"","meta":[],"product_brand":[396],"product_cat":[94,93],"product_tag":[39,21,80,81],"class_list":{"0":"post-3214","1":"product","2":"type-product","3":"status-publish","4":"has-post-thumbnail","6":"product_brand-stronglite","7":"product_cat-draagbare-massagetafels","8":"product_cat-massagetafels","9":"product_tag-massagetafel","10":"product_tag-stronglite","11":"product_tag-versalite-pro","12":"product_tag-verstelbaar-hoofdkussen","13":"product_shipping_class-groot-pakket","14":"pa_merk-stronglite","16":"first","17":"instock","18":"featured","19":"taxable","20":"shipping-taxable","21":"purchasable","22":"product-type-variable"},"yoast_head":"<!-- This site is optimized with the Yoast SEO Premium plugin v27.3 (Yoast SEO v27.3) - https:\/\/yoast.com\/product\/yoast-seo-premium-wordpress\/ -->\n<title>Versalite PRO Massagetafel - TouchPro Europe Shop<\/title>\n<meta name=\"description\" content=\"Ervaar de ultieme ontspanning met onze Versalite PRO Massagetafel! Hoog comfort en professionele kwaliteit gegarandeerd voor een perfecte massage-ervaring.\" \/>\n<meta name=\"robots\" content=\"index, follow, max-snippet:-1, max-image-preview:large, max-video-preview:-1\" \/>\n<link rel=\"canonical\" href=\"https:\/\/touchproeurope.eu\/es\/product\/camilla-de-masaje-versalite-pro\/\" \/>\n<meta property=\"og:locale\" content=\"es_ES\" \/>\n<meta property=\"og:type\" content=\"article\" \/>\n<meta property=\"og:title\" content=\"Versalite PRO Massagetafel\" \/>\n<meta property=\"og:description\" content=\"Ervaar de ultieme ontspanning met onze Versalite PRO Massagetafel! Hoog comfort en professionele kwaliteit gegarandeerd voor een perfecte massage-ervaring.\" \/>\n<meta property=\"og:url\" content=\"https:\/\/touchproeurope.eu\/es\/product\/camilla-de-masaje-versalite-pro\/\" \/>\n<meta property=\"og:site_name\" content=\"TouchPro Europe Shop\" \/>\n<meta property=\"article:publisher\" content=\"https:\/\/www.facebook.com\/TouchproNederland\/?locale=nl_NL%2f\" \/>\n<meta property=\"article:modified_time\" content=\"2026-03-04T16:55:40+00:00\" \/>\n<meta property=\"og:image\" content=\"https:\/\/touchproeurope.eu\/wp-content\/uploads\/2023\/11\/831093078.jpg\" \/>\n\t<meta property=\"og:image:width\" content=\"360\" \/>\n\t<meta property=\"og:image:height\" content=\"360\" \/>\n\t<meta property=\"og:image:type\" content=\"image\/jpeg\" \/>\n<meta name=\"twitter:card\" content=\"summary_large_image\" \/>\n<meta name=\"twitter:label1\" content=\"Disponibilidad\" \/>\n\t<meta name=\"twitter:data1\" content=\"Disponible\" \/>\n<script type=\"application\/ld+json\" class=\"yoast-schema-graph\">{\"@context\":\"https:\\\/\\\/schema.org\",\"@graph\":[{\"@type\":\"WebPage\",\"@id\":\"https:\\\/\\\/touchproeurope.eu\\\/product\\\/versalite-pro-massagetafel\\\/\",\"url\":\"https:\\\/\\\/touchproeurope.eu\\\/product\\\/versalite-pro-massagetafel\\\/\",\"name\":\"Versalite PRO Massagetafel - TouchPro Europe Shop\",\"isPartOf\":{\"@id\":\"https:\\\/\\\/touchproeurope.eu\\\/#website\"},\"primaryImageOfPage\":{\"@id\":\"https:\\\/\\\/touchproeurope.eu\\\/product\\\/versalite-pro-massagetafel\\\/#primaryimage\"},\"image\":{\"@id\":\"https:\\\/\\\/touchproeurope.eu\\\/product\\\/versalite-pro-massagetafel\\\/#primaryimage\"},\"thumbnailUrl\":\"https:\\\/\\\/i0.wp.com\\\/touchproeurope.eu\\\/wp-content\\\/uploads\\\/2023\\\/11\\\/831093078.jpg?fit=360%2C360&ssl=1\",\"datePublished\":\"2023-11-09T16:08:32+00:00\",\"dateModified\":\"2026-03-04T16:55:40+00:00\",\"description\":\"Ervaar de ultieme ontspanning met onze Versalite PRO Massagetafel! Hoog comfort en professionele kwaliteit gegarandeerd voor een perfecte massage-ervaring.\",\"breadcrumb\":{\"@id\":\"https:\\\/\\\/touchproeurope.eu\\\/product\\\/versalite-pro-massagetafel\\\/#breadcrumb\"},\"inLanguage\":\"es\",\"potentialAction\":[{\"@type\":\"ReadAction\",\"target\":[\"https:\\\/\\\/touchproeurope.eu\\\/product\\\/versalite-pro-massagetafel\\\/\"]}]},{\"@type\":\"ImageObject\",\"inLanguage\":\"es\",\"@id\":\"https:\\\/\\\/touchproeurope.eu\\\/product\\\/versalite-pro-massagetafel\\\/#primaryimage\",\"url\":\"https:\\\/\\\/i0.wp.com\\\/touchproeurope.eu\\\/wp-content\\\/uploads\\\/2023\\\/11\\\/831093078.jpg?fit=360%2C360&ssl=1\",\"contentUrl\":\"https:\\\/\\\/i0.wp.com\\\/touchproeurope.eu\\\/wp-content\\\/uploads\\\/2023\\\/11\\\/831093078.jpg?fit=360%2C360&ssl=1\",\"width\":360,\"height\":360,\"caption\":\"Versalite PRO Massagetafel\"},{\"@type\":\"BreadcrumbList\",\"@id\":\"https:\\\/\\\/touchproeurope.eu\\\/product\\\/versalite-pro-massagetafel\\\/#breadcrumb\",\"itemListElement\":[{\"@type\":\"ListItem\",\"position\":1,\"name\":\"Home\",\"item\":\"https:\\\/\\\/touchproeurope.eu\\\/\"},{\"@type\":\"ListItem\",\"position\":2,\"name\":\"Winkel\",\"item\":\"https:\\\/\\\/touchproeurope.eu\\\/winkel\\\/\"},{\"@type\":\"ListItem\",\"position\":3,\"name\":\"Versalite PRO Massagetafel\"}]},{\"@type\":\"WebSite\",\"@id\":\"https:\\\/\\\/touchproeurope.eu\\\/#website\",\"url\":\"https:\\\/\\\/touchproeurope.eu\\\/\",\"name\":\"TouchPro Europe Shop\",\"description\":\"Alles voor jouw praktijk met een PROfessionele Touch!\",\"publisher\":{\"@id\":\"https:\\\/\\\/touchproeurope.eu\\\/#organization\"},\"alternateName\":\"TPE\",\"potentialAction\":[{\"@type\":\"SearchAction\",\"target\":{\"@type\":\"EntryPoint\",\"urlTemplate\":\"https:\\\/\\\/touchproeurope.eu\\\/?s={search_term_string}\"},\"query-input\":{\"@type\":\"PropertyValueSpecification\",\"valueRequired\":true,\"valueName\":\"search_term_string\"}}],\"inLanguage\":\"es\"},{\"@type\":\"Organization\",\"@id\":\"https:\\\/\\\/touchproeurope.eu\\\/#organization\",\"name\":\"TouchPro Europe BV\",\"alternateName\":\"TPE\",\"url\":\"https:\\\/\\\/touchproeurope.eu\\\/\",\"logo\":{\"@type\":\"ImageObject\",\"inLanguage\":\"es\",\"@id\":\"https:\\\/\\\/touchproeurope.eu\\\/#\\\/schema\\\/logo\\\/image\\\/\",\"url\":\"https:\\\/\\\/i0.wp.com\\\/touchproeurope.eu\\\/wp-content\\\/uploads\\\/2023\\\/10\\\/2b592c_b6944d80811246d987cc2c29accedf3f.png?fit=1417%2C531&ssl=1\",\"contentUrl\":\"https:\\\/\\\/i0.wp.com\\\/touchproeurope.eu\\\/wp-content\\\/uploads\\\/2023\\\/10\\\/2b592c_b6944d80811246d987cc2c29accedf3f.png?fit=1417%2C531&ssl=1\",\"width\":1417,\"height\":531,\"caption\":\"TouchPro Europe BV\"},\"image\":{\"@id\":\"https:\\\/\\\/touchproeurope.eu\\\/#\\\/schema\\\/logo\\\/image\\\/\"},\"sameAs\":[\"https:\\\/\\\/www.facebook.com\\\/TouchproNederland\\\/?locale=nl_NL\\\/\",\"https:\\\/\\\/www.instagram.com\\\/touchpro2016\\\/\",\"https:\\\/\\\/www.linkedin.com\\\/company\\\/touchpro-europe-bv\\\/\"],\"description\":\"TouchPro Europe Shop is de massage winkel van Europa. Wij verkopen topkwaliteit massageproducten aan masseurs, pedicures, fysiotherapeuten, manicuren, Wellness centra, opleidingen, etc. TouchPro begon als een kleine webshop in Nederland, maar is nu uitgegroeid tot een webshop met klanten uit heel Europa. Wij bieden een breed assortiment aan massageproducten, waaronder massagetafels, oli\u00ebn, cr\u00e8mes, en accessoires van topmerken, zoals Earthlite, Stronglite en InnerStrenght, Habys, Living Earth Crafts en Continuum en andere leveranciers van massage accessoires. Bestel hier de beste massagematerialen van Europa!\",\"email\":\"info@touchpro-europe.com\",\"telephone\":\"0858768829\",\"legalName\":\"TouchPro Europe BV\",\"foundingDate\":\"2018-01-11\",\"vatID\":\"NL855430151B01\",\"numberOfEmployees\":{\"@type\":\"QuantitativeValue\",\"minValue\":\"1\",\"maxValue\":\"10\"},\"hasMerchantReturnPolicy\":{\"@type\":\"MerchantReturnPolicy\",\"merchantReturnLink\":\"https:\\\/\\\/touchproeurope.eu\\\/es\\\/retourbeleid\\\/\"}}]}<\/script>\n<meta property=\"product:brand\" content=\"Stronglite\" \/>\n<meta property=\"og:availability\" content=\"instock\" \/>\n<meta property=\"product:availability\" content=\"instock\" \/>\n<meta property=\"product:retailer_item_id\" content=\"51875\" \/>\n<meta property=\"product:condition\" content=\"new\" \/>\n<!-- \/ Yoast SEO Premium plugin. -->","yoast_head_json":{"title":"Camilla de masaje Versalite PRO - Tienda TouchPro Europe","description":"Experimente la m\u00e1xima relajaci\u00f3n con nuestra camilla de masaje Versalite PRO. Alto confort y calidad profesional garantizados para una experiencia de masaje perfecta.","robots":{"index":"index","follow":"follow","max-snippet":"max-snippet:-1","max-image-preview":"max-image-preview:large","max-video-preview":"max-video-preview:-1"},"canonical":"https:\/\/touchproeurope.eu\/es\/product\/camilla-de-masaje-versalite-pro\/","og_locale":"es_ES","og_type":"article","og_title":"Versalite PRO Massagetafel","og_description":"Ervaar de ultieme ontspanning met onze Versalite PRO Massagetafel! Hoog comfort en professionele kwaliteit gegarandeerd voor een perfecte massage-ervaring.","og_url":"https:\/\/touchproeurope.eu\/es\/product\/camilla-de-masaje-versalite-pro\/","og_site_name":"TouchPro Europe Shop","article_publisher":"https:\/\/www.facebook.com\/TouchproNederland\/?locale=nl_NL%2f","article_modified_time":"2026-03-04T16:55:40+00:00","og_image":[{"width":360,"height":360,"url":"https:\/\/touchproeurope.eu\/wp-content\/uploads\/2023\/11\/831093078.jpg","type":"image\/jpeg"}],"twitter_card":"summary_large_image","twitter_misc":{"Disponibilidad":"Disponible"},"schema":{"@context":"https:\/\/schema.org","@graph":[{"@type":"WebPage","@id":"https:\/\/touchproeurope.eu\/product\/versalite-pro-massagetafel\/","url":"https:\/\/touchproeurope.eu\/product\/versalite-pro-massagetafel\/","name":"Camilla de masaje Versalite PRO - Tienda TouchPro Europe","isPartOf":{"@id":"https:\/\/touchproeurope.eu\/#website"},"primaryImageOfPage":{"@id":"https:\/\/touchproeurope.eu\/product\/versalite-pro-massagetafel\/#primaryimage"},"image":{"@id":"https:\/\/touchproeurope.eu\/product\/versalite-pro-massagetafel\/#primaryimage"},"thumbnailUrl":"https:\/\/i0.wp.com\/touchproeurope.eu\/wp-content\/uploads\/2023\/11\/831093078.jpg?fit=360%2C360&ssl=1","datePublished":"2023-11-09T16:08:32+00:00","dateModified":"2026-03-04T16:55:40+00:00","description":"Experimente la m\u00e1xima relajaci\u00f3n con nuestra camilla de masaje Versalite PRO. Alto confort y calidad profesional garantizados para una experiencia de masaje perfecta.","breadcrumb":{"@id":"https:\/\/touchproeurope.eu\/product\/versalite-pro-massagetafel\/#breadcrumb"},"inLanguage":"es","potentialAction":[{"@type":"ReadAction","target":["https:\/\/touchproeurope.eu\/product\/versalite-pro-massagetafel\/"]}]},{"@type":"ImageObject","inLanguage":"es","@id":"https:\/\/touchproeurope.eu\/product\/versalite-pro-massagetafel\/#primaryimage","url":"https:\/\/i0.wp.com\/touchproeurope.eu\/wp-content\/uploads\/2023\/11\/831093078.jpg?fit=360%2C360&ssl=1","contentUrl":"https:\/\/i0.wp.com\/touchproeurope.eu\/wp-content\/uploads\/2023\/11\/831093078.jpg?fit=360%2C360&ssl=1","width":360,"height":360,"caption":"Versalite PRO Massagetafel"},{"@type":"BreadcrumbList","@id":"https:\/\/touchproeurope.eu\/product\/versalite-pro-massagetafel\/#breadcrumb","itemListElement":[{"@type":"ListItem","position":1,"name":"Home","item":"https:\/\/touchproeurope.eu\/"},{"@type":"ListItem","position":2,"name":"Winkel","item":"https:\/\/touchproeurope.eu\/winkel\/"},{"@type":"ListItem","position":3,"name":"Versalite PRO Massagetafel"}]},{"@type":"WebSite","@id":"https:\/\/touchproeurope.eu\/#website","url":"https:\/\/touchproeurope.eu\/","name":"Tienda TouchPro Europe","description":"\u00a1Todo para su consulta con un toque PROfesional!","publisher":{"@id":"https:\/\/touchproeurope.eu\/#organization"},"alternateName":"TPE","potentialAction":[{"@type":"SearchAction","target":{"@type":"EntryPoint","urlTemplate":"https:\/\/touchproeurope.eu\/?s={search_term_string}"},"query-input":{"@type":"PropertyValueSpecification","valueRequired":true,"valueName":"search_term_string"}}],"inLanguage":"es"},{"@type":"Organization","@id":"https:\/\/touchproeurope.eu\/#organization","name":"TouchPro Europe BV","alternateName":"TPE","url":"https:\/\/touchproeurope.eu\/","logo":{"@type":"ImageObject","inLanguage":"es","@id":"https:\/\/touchproeurope.eu\/#\/schema\/logo\/image\/","url":"https:\/\/i0.wp.com\/touchproeurope.eu\/wp-content\/uploads\/2023\/10\/2b592c_b6944d80811246d987cc2c29accedf3f.png?fit=1417%2C531&ssl=1","contentUrl":"https:\/\/i0.wp.com\/touchproeurope.eu\/wp-content\/uploads\/2023\/10\/2b592c_b6944d80811246d987cc2c29accedf3f.png?fit=1417%2C531&ssl=1","width":1417,"height":531,"caption":"TouchPro Europe BV"},"image":{"@id":"https:\/\/touchproeurope.eu\/#\/schema\/logo\/image\/"},"sameAs":["https:\/\/www.facebook.com\/TouchproNederland\/?locale=nl_NL\/","https:\/\/www.instagram.com\/touchpro2016\/","https:\/\/www.linkedin.com\/company\/touchpro-europe-bv\/"],"description":"TouchPro Europe Shop es la tienda de masajes de Europa. Vendemos productos de masaje de primera calidad a masajistas, pedicuras, fisioterapeutas, manicuras, centros de bienestar, cursos de formaci\u00f3n, etc. TouchPro comenz\u00f3 como una peque\u00f1a tienda en los Pa\u00edses Bajos, pero ahora se ha convertido en una tienda con clientes de toda Europa. Ofrecemos una amplia gama de productos de masaje, incluyendo camillas de masaje, aceites, cremas y accesorios de las mejores marcas como Earthlite, Stronglite e InnerStrenght, Habys, Living Earth Crafts y Continuum y otros proveedores de accesorios de masaje. Pida aqu\u00ed los mejores art\u00edculos de masaje de Europa.","email":"info@touchpro-europe.com","telephone":"0858768829","legalName":"TouchPro Europe BV","foundingDate":"2018-01-11","vatID":"NL855430151B01","numberOfEmployees":{"@type":"QuantitativeValue","minValue":"1","maxValue":"10"},"hasMerchantReturnPolicy":{"@type":"MerchantReturnPolicy","merchantReturnLink":"https:\/\/touchproeurope.eu\/es\/retourbeleid\/"}}]},"product_brand":"Stronglite","og_availability":"instock","product_availability":"instock","product_retailer_item_id":"51875","product_condition":"new"},"_links":{"self":[{"href":"https:\/\/touchproeurope.eu\/es\/wp-json\/wp\/v2\/product\/3214","targetHints":{"allow":["GET"]}}],"collection":[{"href":"https:\/\/touchproeurope.eu\/es\/wp-json\/wp\/v2\/product"}],"about":[{"href":"https:\/\/touchproeurope.eu\/es\/wp-json\/wp\/v2\/types\/product"}],"replies":[{"embeddable":true,"href":"https:\/\/touchproeurope.eu\/es\/wp-json\/wp\/v2\/comments?post=3214"}],"version-history":[{"count":10,"href":"https:\/\/touchproeurope.eu\/es\/wp-json\/wp\/v2\/product\/3214\/revisions"}],"predecessor-version":[{"id":4952,"href":"https:\/\/touchproeurope.eu\/es\/wp-json\/wp\/v2\/product\/3214\/revisions\/4952"}],"wp:featuredmedia":[{"embeddable":true,"href":"https:\/\/touchproeurope.eu\/es\/wp-json\/wp\/v2\/media\/3213"}],"wp:attachment":[{"href":"https:\/\/touchproeurope.eu\/es\/wp-json\/wp\/v2\/media?parent=3214"}],"wp:term":[{"taxonomy":"product_brand","embeddable":true,"href":"https:\/\/touchproeurope.eu\/es\/wp-json\/wp\/v2\/product_brand?post=3214"},{"taxonomy":"product_cat","embeddable":true,"href":"https:\/\/touchproeurope.eu\/es\/wp-json\/wp\/v2\/product_cat?post=3214"},{"taxonomy":"product_tag","embeddable":true,"href":"https:\/\/touchproeurope.eu\/es\/wp-json\/wp\/v2\/product_tag?post=3214"}],"curies":[{"name":"wp","href":"https:\/\/api.w.org\/{rel}","templated":true}]}}