{"id":3531,"date":"2023-11-13T15:08:47","date_gmt":"2023-11-13T15:08:47","guid":{"rendered":"https:\/\/touchproeurope.eu\/?post_type=product&#038;p=3531"},"modified":"2026-05-01T13:53:40","modified_gmt":"2026-05-01T13:53:40","slug":"mochila-para-sillones-de-masaje-portatiles","status":"publish","type":"product","link":"https:\/\/touchproeurope.eu\/es\/product\/rugzak-voor-draagbare-massagestoelen\/","title":{"rendered":"Mochila para sillones de masaje port\u00e1tiles"},"content":{"rendered":"<p>Opte hoy mismo por una comodidad \u00f3ptima con esta mochila para sillones de masaje port\u00e1tiles, especialmente dise\u00f1ada por TouchPro Europe para el masajista de sill\u00f3n m\u00f3vil. Adem\u00e1s de un dise\u00f1o contempor\u00e1neo, esta mochila tambi\u00e9n ofrece una comodidad pr\u00e1ctica sin igual. Con su dise\u00f1o elegante y su espaciosa distribuci\u00f3n, siempre estar\u00e1 organizado y listo para dar sus masajes profesionales.<\/p>\n<p>Con esta vers\u00e1til y resistente mochila, su sill\u00f3n de masaje estar\u00e1 bien protegido, podr\u00e1 transportar f\u00e1cilmente todos los accesorios necesarios y ahora podr\u00e1 desplazarse f\u00e1cilmente de un lugar a otro cuidando su propio cuerpo. Como la mochila tiene bandas reflectantes, estar\u00e1 seguro en el tr\u00e1fico: a pie, en bicicleta o en transporte p\u00fablico.  Y si prefiere llevar el sill\u00f3n de masaje detr\u00e1s, tambi\u00e9n disponemos de una versi\u00f3n con el fondo abierto. Por ah\u00ed caben, por ejemplo, las ruedas del Stronglite ErgoPro2.<\/p>\n<p><strong>Otras caracter\u00edsticas de la mochila son:<\/strong><\/p>\n<ul>\n<li>fuertes asas ajustables;<\/li>\n<li>un espacioso compartimento para guardar accesorios;<\/li>\n<li>Fuertes asas en varios lados de la mochila, para que puedas llevarla f\u00e1cilmente incluso con una sola mano;<\/li>\n<li>un lazo adicional en la parte inferior para sujetar las asas de la mochila. Esto evita que se arrastren por el suelo cuando tiras de la mochila hacia atr\u00e1s.<\/li>\n<li>una variante con fondo abierto para, entre otros, el <a href=\"https:\/\/touchproeurope.eu\/es\/product\/stronglite-ergopro-2\/\">Stronglite ErgoPro2<\/a> con ruedas;<\/li>\n<li>una versi\u00f3n con base cerrada, que se adapta pr\u00e1cticamente a todos los sillones de masaje. Entre ellos se incluyen los sillones de masaje Stronglite, <a href=\"https:\/\/touchproeurope.eu\/es\/product\/sillon-de-masaje-earthlite-vortex\/\">Earthlite<\/a>, <a href=\"https:\/\/touchproeurope.eu\/es\/product\/inner-strength-e-lite-massagestoel\/\">Fuerza interior<\/a> y el ErgoPro de madera.<\/li>\n<\/ul>\n<p>Haga su pedido ahora y experimente la comodidad de esta mochila para sill\u00f3n de masaje; \u00a1un accesorio esencial para cualquier masajista de sill\u00f3n m\u00f3vil!<\/p>","protected":false},"excerpt":{"rendered":"<p>Mejore hoy mismo su comodidad con nuestra mochila especialmente dise\u00f1ada para masajistas con sill\u00f3n m\u00f3vil. Nuestra nueva mochila combina un dise\u00f1o moderno con una pr\u00e1ctica comodidad. Haga clic aqu\u00ed para pedir su mochila y estar a la moda sobre la marcha. Con esta mochila, podr\u00e1 llevar f\u00e1cilmente todo su equipo de masaje a sus clientes.<\/p>\n<p>La mochila original del sill\u00f3n de masaje viene con el logotipo de TouchPro Europe.<\/p>","protected":false},"featured_media":4887,"comment_status":"open","ping_status":"closed","template":"","meta":[],"product_brand":[],"product_cat":[102],"product_tag":[61,92,91],"class_list":{"0":"post-3531","1":"product","2":"type-product","3":"status-publish","4":"has-post-thumbnail","6":"product_cat-draagtassen-en-kussens","7":"product_tag-draagtas","8":"product_tag-rugzak","9":"product_tag-touchpro-europe","10":"product_shipping_class-middel-pakket","12":"first","13":"instock","14":"taxable","15":"shipping-taxable","16":"purchasable","17":"product-type-variable"},"yoast_head":"<!-- This site is optimized with the Yoast SEO Premium plugin v27.5 (Yoast SEO v27.5) - https:\/\/yoast.com\/product\/yoast-seo-premium-wordpress\/ -->\n<title>Rugzak voor draagbare massagestoelen - TouchPro Europe Shop<\/title>\n<meta name=\"description\" content=\"TouchPro Europe Shop - Rugzak voor draagbare massagestoelen. Ontdek ultiem comfort met deze rugzak voor draagbare massagestoelen.\" \/>\n<meta name=\"robots\" content=\"index, follow, max-snippet:-1, max-image-preview:large, max-video-preview:-1\" \/>\n<link rel=\"canonical\" href=\"https:\/\/touchproeurope.eu\/es\/product\/mochila-para-sillones-de-masaje-portatiles\/\" \/>\n<meta property=\"og:locale\" content=\"es_ES\" \/>\n<meta property=\"og:type\" content=\"article\" \/>\n<meta property=\"og:title\" content=\"Rugzak voor draagbare massagestoelen\" \/>\n<meta property=\"og:description\" content=\"TouchPro Europe Shop - Rugzak voor draagbare massagestoelen. Ontdek ultiem comfort met deze rugzak voor draagbare massagestoelen.\" \/>\n<meta property=\"og:url\" content=\"https:\/\/touchproeurope.eu\/es\/product\/mochila-para-sillones-de-masaje-portatiles\/\" \/>\n<meta property=\"og:site_name\" content=\"TouchPro Europe Shop\" \/>\n<meta property=\"article:publisher\" content=\"https:\/\/www.facebook.com\/TouchproNederland\/?locale=nl_NL%2f\" \/>\n<meta property=\"article:modified_time\" content=\"2026-05-01T13:53:40+00:00\" \/>\n<meta property=\"og:image\" content=\"https:\/\/touchproeurope.eu\/wp-content\/uploads\/2023\/11\/Producten-fotos-5.jpg\" \/>\n\t<meta property=\"og:image:width\" content=\"800\" \/>\n\t<meta property=\"og:image:height\" content=\"800\" \/>\n\t<meta property=\"og:image:type\" content=\"image\/jpeg\" \/>\n<meta name=\"twitter:card\" content=\"summary_large_image\" \/>\n<meta name=\"twitter:label1\" content=\"Disponibilidad\" \/>\n\t<meta name=\"twitter:data1\" content=\"Disponible\" \/>\n<script type=\"application\/ld+json\" class=\"yoast-schema-graph\">{\"@context\":\"https:\\\/\\\/schema.org\",\"@graph\":[{\"@type\":\"WebPage\",\"@id\":\"https:\\\/\\\/touchproeurope.eu\\\/product\\\/rugzak-voor-draagbare-massagestoelen\\\/\",\"url\":\"https:\\\/\\\/touchproeurope.eu\\\/product\\\/rugzak-voor-draagbare-massagestoelen\\\/\",\"name\":\"Rugzak voor draagbare massagestoelen - TouchPro Europe Shop\",\"isPartOf\":{\"@id\":\"https:\\\/\\\/touchproeurope.eu\\\/#website\"},\"primaryImageOfPage\":{\"@id\":\"https:\\\/\\\/touchproeurope.eu\\\/product\\\/rugzak-voor-draagbare-massagestoelen\\\/#primaryimage\"},\"image\":{\"@id\":\"https:\\\/\\\/touchproeurope.eu\\\/product\\\/rugzak-voor-draagbare-massagestoelen\\\/#primaryimage\"},\"thumbnailUrl\":\"https:\\\/\\\/i0.wp.com\\\/touchproeurope.eu\\\/wp-content\\\/uploads\\\/2023\\\/11\\\/Producten-fotos-5.jpg?fit=800%2C800&ssl=1\",\"datePublished\":\"2023-11-13T15:08:47+00:00\",\"dateModified\":\"2026-05-01T13:53:40+00:00\",\"description\":\"TouchPro Europe Shop - Rugzak voor draagbare massagestoelen. Ontdek ultiem comfort met deze rugzak voor draagbare massagestoelen.\",\"breadcrumb\":{\"@id\":\"https:\\\/\\\/touchproeurope.eu\\\/product\\\/rugzak-voor-draagbare-massagestoelen\\\/#breadcrumb\"},\"inLanguage\":\"es\",\"potentialAction\":[{\"@type\":\"ReadAction\",\"target\":[\"https:\\\/\\\/touchproeurope.eu\\\/product\\\/rugzak-voor-draagbare-massagestoelen\\\/\"]}]},{\"@type\":\"ImageObject\",\"inLanguage\":\"es\",\"@id\":\"https:\\\/\\\/touchproeurope.eu\\\/product\\\/rugzak-voor-draagbare-massagestoelen\\\/#primaryimage\",\"url\":\"https:\\\/\\\/i0.wp.com\\\/touchproeurope.eu\\\/wp-content\\\/uploads\\\/2023\\\/11\\\/Producten-fotos-5.jpg?fit=800%2C800&ssl=1\",\"contentUrl\":\"https:\\\/\\\/i0.wp.com\\\/touchproeurope.eu\\\/wp-content\\\/uploads\\\/2023\\\/11\\\/Producten-fotos-5.jpg?fit=800%2C800&ssl=1\",\"width\":800,\"height\":800,\"caption\":\"TouchPro Europe rugzak voorkant\"},{\"@type\":\"BreadcrumbList\",\"@id\":\"https:\\\/\\\/touchproeurope.eu\\\/product\\\/rugzak-voor-draagbare-massagestoelen\\\/#breadcrumb\",\"itemListElement\":[{\"@type\":\"ListItem\",\"position\":1,\"name\":\"Home\",\"item\":\"https:\\\/\\\/touchproeurope.eu\\\/\"},{\"@type\":\"ListItem\",\"position\":2,\"name\":\"Winkel\",\"item\":\"https:\\\/\\\/touchproeurope.eu\\\/winkel\\\/\"},{\"@type\":\"ListItem\",\"position\":3,\"name\":\"Rugzak voor draagbare massagestoelen\"}]},{\"@type\":\"WebSite\",\"@id\":\"https:\\\/\\\/touchproeurope.eu\\\/#website\",\"url\":\"https:\\\/\\\/touchproeurope.eu\\\/\",\"name\":\"TouchPro Europe Shop\",\"description\":\"Alles voor jouw praktijk met een PROfessionele Touch!\",\"publisher\":{\"@id\":\"https:\\\/\\\/touchproeurope.eu\\\/#organization\"},\"alternateName\":\"TPE\",\"potentialAction\":[{\"@type\":\"SearchAction\",\"target\":{\"@type\":\"EntryPoint\",\"urlTemplate\":\"https:\\\/\\\/touchproeurope.eu\\\/?s={search_term_string}\"},\"query-input\":{\"@type\":\"PropertyValueSpecification\",\"valueRequired\":true,\"valueName\":\"search_term_string\"}}],\"inLanguage\":\"es\"},{\"@type\":\"Organization\",\"@id\":\"https:\\\/\\\/touchproeurope.eu\\\/#organization\",\"name\":\"TouchPro Europe BV\",\"alternateName\":\"TPE\",\"url\":\"https:\\\/\\\/touchproeurope.eu\\\/\",\"logo\":{\"@type\":\"ImageObject\",\"inLanguage\":\"es\",\"@id\":\"https:\\\/\\\/touchproeurope.eu\\\/#\\\/schema\\\/logo\\\/image\\\/\",\"url\":\"https:\\\/\\\/i0.wp.com\\\/touchproeurope.eu\\\/wp-content\\\/uploads\\\/2023\\\/10\\\/2b592c_b6944d80811246d987cc2c29accedf3f.png?fit=1417%2C531&ssl=1\",\"contentUrl\":\"https:\\\/\\\/i0.wp.com\\\/touchproeurope.eu\\\/wp-content\\\/uploads\\\/2023\\\/10\\\/2b592c_b6944d80811246d987cc2c29accedf3f.png?fit=1417%2C531&ssl=1\",\"width\":1417,\"height\":531,\"caption\":\"TouchPro Europe BV\"},\"image\":{\"@id\":\"https:\\\/\\\/touchproeurope.eu\\\/#\\\/schema\\\/logo\\\/image\\\/\"},\"sameAs\":[\"https:\\\/\\\/www.facebook.com\\\/TouchproNederland\\\/?locale=nl_NL\\\/\",\"https:\\\/\\\/www.instagram.com\\\/touchpro2016\\\/\",\"https:\\\/\\\/www.linkedin.com\\\/company\\\/touchpro-europe-bv\\\/\"],\"description\":\"TouchPro Europe Shop is de massage winkel van Europa. Wij verkopen topkwaliteit massageproducten aan masseurs, pedicures, fysiotherapeuten, manicuren, Wellness centra, opleidingen, etc. TouchPro begon als een kleine webshop in Nederland, maar is nu uitgegroeid tot een webshop met klanten uit heel Europa. Wij bieden een breed assortiment aan massageproducten, waaronder massagetafels, oli\u00ebn, cr\u00e8mes, en accessoires van topmerken, zoals Earthlite, Stronglite en InnerStrenght, Habys, Living Earth Crafts en Continuum en andere leveranciers van massage accessoires. Bestel hier de beste massagematerialen van Europa!\",\"email\":\"info@touchpro-europe.com\",\"telephone\":\"0858768829\",\"legalName\":\"TouchPro Europe BV\",\"foundingDate\":\"2018-01-11\",\"vatID\":\"NL855430151B01\",\"numberOfEmployees\":{\"@type\":\"QuantitativeValue\",\"minValue\":\"1\",\"maxValue\":\"10\"},\"hasMerchantReturnPolicy\":{\"@type\":\"MerchantReturnPolicy\",\"merchantReturnLink\":\"https:\\\/\\\/touchproeurope.eu\\\/es\\\/retourbeleid\\\/\"}}]}<\/script>\n<meta property=\"og:availability\" content=\"instock\" \/>\n<meta property=\"product:availability\" content=\"instock\" \/>\n<meta property=\"product:retailer_item_id\" content=\"Rugzak voor draagbare massagestoelen\" \/>\n<meta property=\"product:condition\" content=\"new\" \/>\n<!-- \/ Yoast SEO Premium plugin. -->","yoast_head_json":{"title":"Mochila para sillones de masaje port\u00e1tiles - Tienda TouchPro Europe","description":"Tienda TouchPro Europe - Mochila para sillones de masaje port\u00e1tiles. Descubra la m\u00e1xima comodidad con esta mochila para sillones de masaje port\u00e1tiles.","robots":{"index":"index","follow":"follow","max-snippet":"max-snippet:-1","max-image-preview":"max-image-preview:large","max-video-preview":"max-video-preview:-1"},"canonical":"https:\/\/touchproeurope.eu\/es\/product\/mochila-para-sillones-de-masaje-portatiles\/","og_locale":"es_ES","og_type":"article","og_title":"Rugzak voor draagbare massagestoelen","og_description":"TouchPro Europe Shop - Rugzak voor draagbare massagestoelen. Ontdek ultiem comfort met deze rugzak voor draagbare massagestoelen.","og_url":"https:\/\/touchproeurope.eu\/es\/product\/mochila-para-sillones-de-masaje-portatiles\/","og_site_name":"TouchPro Europe Shop","article_publisher":"https:\/\/www.facebook.com\/TouchproNederland\/?locale=nl_NL%2f","article_modified_time":"2026-05-01T13:53:40+00:00","og_image":[{"width":800,"height":800,"url":"https:\/\/touchproeurope.eu\/wp-content\/uploads\/2023\/11\/Producten-fotos-5.jpg","type":"image\/jpeg"}],"twitter_card":"summary_large_image","twitter_misc":{"Disponibilidad":"Disponible"},"schema":{"@context":"https:\/\/schema.org","@graph":[{"@type":"WebPage","@id":"https:\/\/touchproeurope.eu\/product\/rugzak-voor-draagbare-massagestoelen\/","url":"https:\/\/touchproeurope.eu\/product\/rugzak-voor-draagbare-massagestoelen\/","name":"Mochila para sillones de masaje port\u00e1tiles - Tienda TouchPro Europe","isPartOf":{"@id":"https:\/\/touchproeurope.eu\/#website"},"primaryImageOfPage":{"@id":"https:\/\/touchproeurope.eu\/product\/rugzak-voor-draagbare-massagestoelen\/#primaryimage"},"image":{"@id":"https:\/\/touchproeurope.eu\/product\/rugzak-voor-draagbare-massagestoelen\/#primaryimage"},"thumbnailUrl":"https:\/\/i0.wp.com\/touchproeurope.eu\/wp-content\/uploads\/2023\/11\/Producten-fotos-5.jpg?fit=800%2C800&ssl=1","datePublished":"2023-11-13T15:08:47+00:00","dateModified":"2026-05-01T13:53:40+00:00","description":"Tienda TouchPro Europe - Mochila para sillones de masaje port\u00e1tiles. Descubra la m\u00e1xima comodidad con esta mochila para sillones de masaje port\u00e1tiles.","breadcrumb":{"@id":"https:\/\/touchproeurope.eu\/product\/rugzak-voor-draagbare-massagestoelen\/#breadcrumb"},"inLanguage":"es","potentialAction":[{"@type":"ReadAction","target":["https:\/\/touchproeurope.eu\/product\/rugzak-voor-draagbare-massagestoelen\/"]}]},{"@type":"ImageObject","inLanguage":"es","@id":"https:\/\/touchproeurope.eu\/product\/rugzak-voor-draagbare-massagestoelen\/#primaryimage","url":"https:\/\/i0.wp.com\/touchproeurope.eu\/wp-content\/uploads\/2023\/11\/Producten-fotos-5.jpg?fit=800%2C800&ssl=1","contentUrl":"https:\/\/i0.wp.com\/touchproeurope.eu\/wp-content\/uploads\/2023\/11\/Producten-fotos-5.jpg?fit=800%2C800&ssl=1","width":800,"height":800,"caption":"TouchPro Europe rugzak voorkant"},{"@type":"BreadcrumbList","@id":"https:\/\/touchproeurope.eu\/product\/rugzak-voor-draagbare-massagestoelen\/#breadcrumb","itemListElement":[{"@type":"ListItem","position":1,"name":"Home","item":"https:\/\/touchproeurope.eu\/"},{"@type":"ListItem","position":2,"name":"Winkel","item":"https:\/\/touchproeurope.eu\/winkel\/"},{"@type":"ListItem","position":3,"name":"Rugzak voor draagbare massagestoelen"}]},{"@type":"WebSite","@id":"https:\/\/touchproeurope.eu\/#website","url":"https:\/\/touchproeurope.eu\/","name":"Tienda TouchPro Europe","description":"\u00a1Todo para su consulta con un toque PROfesional!","publisher":{"@id":"https:\/\/touchproeurope.eu\/#organization"},"alternateName":"TPE","potentialAction":[{"@type":"SearchAction","target":{"@type":"EntryPoint","urlTemplate":"https:\/\/touchproeurope.eu\/?s={search_term_string}"},"query-input":{"@type":"PropertyValueSpecification","valueRequired":true,"valueName":"search_term_string"}}],"inLanguage":"es"},{"@type":"Organization","@id":"https:\/\/touchproeurope.eu\/#organization","name":"TouchPro Europe BV","alternateName":"TPE","url":"https:\/\/touchproeurope.eu\/","logo":{"@type":"ImageObject","inLanguage":"es","@id":"https:\/\/touchproeurope.eu\/#\/schema\/logo\/image\/","url":"https:\/\/i0.wp.com\/touchproeurope.eu\/wp-content\/uploads\/2023\/10\/2b592c_b6944d80811246d987cc2c29accedf3f.png?fit=1417%2C531&ssl=1","contentUrl":"https:\/\/i0.wp.com\/touchproeurope.eu\/wp-content\/uploads\/2023\/10\/2b592c_b6944d80811246d987cc2c29accedf3f.png?fit=1417%2C531&ssl=1","width":1417,"height":531,"caption":"TouchPro Europe BV"},"image":{"@id":"https:\/\/touchproeurope.eu\/#\/schema\/logo\/image\/"},"sameAs":["https:\/\/www.facebook.com\/TouchproNederland\/?locale=nl_NL\/","https:\/\/www.instagram.com\/touchpro2016\/","https:\/\/www.linkedin.com\/company\/touchpro-europe-bv\/"],"description":"TouchPro Europe Shop es la tienda de masajes de Europa. Vendemos productos de masaje de primera calidad a masajistas, pedicuras, fisioterapeutas, manicuras, centros de bienestar, cursos de formaci\u00f3n, etc. TouchPro comenz\u00f3 como una peque\u00f1a tienda en los Pa\u00edses Bajos, pero ahora se ha convertido en una tienda con clientes de toda Europa. Ofrecemos una amplia gama de productos de masaje, incluyendo camillas de masaje, aceites, cremas y accesorios de las mejores marcas como Earthlite, Stronglite e InnerStrenght, Habys, Living Earth Crafts y Continuum y otros proveedores de accesorios de masaje. Pida aqu\u00ed los mejores art\u00edculos de masaje de Europa.","email":"info@touchpro-europe.com","telephone":"0858768829","legalName":"TouchPro Europe BV","foundingDate":"2018-01-11","vatID":"NL855430151B01","numberOfEmployees":{"@type":"QuantitativeValue","minValue":"1","maxValue":"10"},"hasMerchantReturnPolicy":{"@type":"MerchantReturnPolicy","merchantReturnLink":"https:\/\/touchproeurope.eu\/es\/retourbeleid\/"}}]},"og_availability":"instock","product_availability":"instock","product_retailer_item_id":"Rugzak voor draagbare massagestoelen","product_condition":"new"},"_links":{"self":[{"href":"https:\/\/touchproeurope.eu\/es\/wp-json\/wp\/v2\/product\/3531","targetHints":{"allow":["GET"]}}],"collection":[{"href":"https:\/\/touchproeurope.eu\/es\/wp-json\/wp\/v2\/product"}],"about":[{"href":"https:\/\/touchproeurope.eu\/es\/wp-json\/wp\/v2\/types\/product"}],"replies":[{"embeddable":true,"href":"https:\/\/touchproeurope.eu\/es\/wp-json\/wp\/v2\/comments?post=3531"}],"version-history":[{"count":8,"href":"https:\/\/touchproeurope.eu\/es\/wp-json\/wp\/v2\/product\/3531\/revisions"}],"predecessor-version":[{"id":4515,"href":"https:\/\/touchproeurope.eu\/es\/wp-json\/wp\/v2\/product\/3531\/revisions\/4515"}],"wp:featuredmedia":[{"embeddable":true,"href":"https:\/\/touchproeurope.eu\/es\/wp-json\/wp\/v2\/media\/4887"}],"wp:attachment":[{"href":"https:\/\/touchproeurope.eu\/es\/wp-json\/wp\/v2\/media?parent=3531"}],"wp:term":[{"taxonomy":"product_brand","embeddable":true,"href":"https:\/\/touchproeurope.eu\/es\/wp-json\/wp\/v2\/product_brand?post=3531"},{"taxonomy":"product_cat","embeddable":true,"href":"https:\/\/touchproeurope.eu\/es\/wp-json\/wp\/v2\/product_cat?post=3531"},{"taxonomy":"product_tag","embeddable":true,"href":"https:\/\/touchproeurope.eu\/es\/wp-json\/wp\/v2\/product_tag?post=3531"}],"curies":[{"name":"wp","href":"https:\/\/api.w.org\/{rel}","templated":true}]}}