{"id":5066,"date":"2024-01-21T16:22:28","date_gmt":"2024-01-21T16:22:28","guid":{"rendered":"https:\/\/touchproeurope.eu\/?post_type=product&#038;p=5066"},"modified":"2026-03-04T16:56:25","modified_gmt":"2026-03-04T16:56:25","slug":"masaje-con-piedras-calientes-precision-mural","status":"publish","type":"product","link":"https:\/\/touchproeurope.eu\/es\/product\/hot-stone-massage-wand-precision\/","title":{"rendered":"Varita de masaje con piedras calientes - precisi\u00f3n"},"content":{"rendered":"<p>Varita de masaje con piedras calientes. El primer masajeador del mundo de su clase: una obra maestra de la ingenier\u00eda, fabricado a mano por profesionales. 1,5 - 3 horas de calor constante: una potente bater\u00eda de iones de litio de 6600 mAh proporciona hasta tres horas de calor con una carga completa.<\/p>\n<p>Piedra Bian - S2A est\u00e1 hecha de piedra bian natural pulida a mano, que se ha utilizado en la medicina tradicional durante miles de a\u00f1os.<\/p>\n<p>En s\u00f3lo cinco o diez minutos, la barra de masaje est\u00e1 lista para usar y puede integrarse en cualquier masaje.<\/p>\n<p>Diferencia con el masaje LavaShell Las barras de masaje se utilizan de forma diferente a las LavaShells \/ LavaHotStones. Las LavaShells permiten deslizarse sobre el cuerpo, aplicar presi\u00f3n y tratar diferentes partes del cuerpo. El masaje LavaShell no se puede comparar con el masaje con las barras de masaje Hot Stone.<\/p>\n<p>Con la barra de masaje con piedras calientes, tiene la oportunidad de integrar el calor en el masaje y utilizarlo alternativamente con las manos.<\/p>\n<p>Ventajas para el usuario<\/p>\n<ul>\n<li>Protege al terapeuta de la tensi\u00f3n en las manos<\/li>\n<li>Calor continuo, sin p\u00e9rdida de contacto con el cliente<\/li>\n<li>Cuatro niveles de calor diferentes<\/li>\n<li>Port\u00e1til y utilizable en cualquier lugar<\/li>\n<li>Se calienta r\u00e1pidamente gracias a su potente bater\u00eda recargable<\/li>\n<li>Ligero y f\u00e1cil de usar<\/li>\n<li>Ideal para terapeutas m\u00f3viles<\/li>\n<\/ul>\n<p>Ventajas para los invitados<\/p>\n<ul>\n<li>Mejora la circulaci\u00f3n sangu\u00ednea<\/li>\n<li>Los m\u00fasculos se aflojan y relajan<\/li>\n<li>Masaje continuo de calor y tacto<\/li>\n<li>Suave como la seda y calmante para la piel<\/li>\n<\/ul>\n<p>Listo para usar en pocos pasos<\/p>\n<ol>\n<li>Ajuste la temperatura deseada (de 45 a 60 grados Celsius)<\/li>\n<li>Coloque la barra de masaje en el soporte<\/li>\n<li>Despu\u00e9s de tres minutos, la varilla est\u00e1 lista para su uso<\/li>\n<li>Calentamiento completo de toda la piedra tras unos 10 minutos<\/li>\n<li>Despu\u00e9s del masaje, apague y limpie la barra de masaje<\/li>\n<\/ol>\n<p>Contenido: 1 varita plana de piedra caliente, 1 cargador, 1 soporte<\/p>\n<p>7 t\u00e9cnicas de masaje son posibles con las barras de masaje y mejorar su masaje con calor. \u00a1Deje que el hu\u00e9sped sienta sus manos y el calor!<\/p>\n<ul>\n<li>Tratamiento t\u00e9rmico<\/li>\n<li>Shiatsu<\/li>\n<li>Rodillas<\/li>\n<li>Martilleo<\/li>\n<li>En torno a<\/li>\n<li>Raspado<\/li>\n<li>Y desl\u00edzate<\/li>\n<\/ul>\n<p>Duraci\u00f3n del calor: importante La Varita de Masaje con Piedras Calientes tiene cuatro niveles de calor diferentes, de templado a caliente, adecuados para cualquier masaje. En la posici\u00f3n m\u00e1s baja, el masajeador permanece caliente hasta tres horas, siempre que no se apague entre medias. En el ajuste m\u00e1s alto, permanece caliente hasta 1,5 horas, siempre que no se apague entre medias. Si la barra de masaje se enciende y apaga con frecuencia, el tiempo de calentamiento puede acortarse y es necesario recargarla m\u00e1s r\u00e1pidamente. Tenga esto en cuenta durante sus aplicaciones de masaje.<\/p>\n<p>Limpieza - nota importante Limpie la varilla s\u00f3lo con un pa\u00f1o seco y suave y a\u00f1ada una cantidad m\u00ednima de detergente para eliminar el aceite. No utilice alcohol ni productos qu\u00edmicos. Si penetra agua o aceite en la ca\u00f1a por un uso inadecuado, puede provocar fallos de funcionamiento y anular la garant\u00eda. Incluso peque\u00f1as cantidades de l\u00edquido pueden provocar fallos el\u00e9ctricos en la varilla, por lo que s\u00f3lo debe utilizar un pa\u00f1o suave y seco con un poco de detergente. Si penetra agua o aceite en la varilla por un uso inadecuado, puede provocar fallos de funcionamiento y anular la garant\u00eda. Cada varilla se somete a un estricto control de calidad y funcionalidad durante la producci\u00f3n y tambi\u00e9n se vuelve a comprobar su funcionalidad antes del env\u00edo.<\/p>\n<p>Datos t\u00e9cnicos<\/p>\n<ul>\n<li>Modelo ELEEELS S2A<\/li>\n<li>Carga: USB Tipo-C<\/li>\n<li>Bater\u00eda: bater\u00eda recargable de iones de litio de 6600 mAh<\/li>\n<li>Tiempo de carga: unas 4 horas<\/li>\n<li>Tiempo de funcionamiento: 3 horas seguidas, seg\u00fan el uso y el nivel de calor<\/li>\n<li>Potencia nominal: 18 W N\u00famero de registro WEEE DE 55750600<\/li>\n<\/ul>\n<p>Nota importante Durante el proceso de fabricaci\u00f3n, pueden aparecer ligeros ara\u00f1azos en la piedra Bian. Tambi\u00e9n suelen aparecer l\u00edneas blancas (caracter\u00edstica natural de la piedra Bian). Esto no afecta a la calidad del producto ni al masaje. Es posible que se produzcan m\u00e1s ara\u00f1azos al trabajar con las piedras, por ejemplo, al colocarlas sobre una superficie dura. El producto es nuevo y no se ha utilizado.<\/p>","protected":false},"excerpt":{"rendered":"<div class=\"woocommerce-product-details__short-description\">\n<p>La Varita de Masaje de Piedra Caliente es un avanzado aparato de masaje dise\u00f1ado a partir de piedra bian natural pulida a mano. Ofrece una experiencia de masaje \u00fanica y funciona con una potente bater\u00eda recargable. Estas son sus principales caracter\u00edsticas:<\/p>\n<ul>\n<li><strong>Dise\u00f1o innovador<\/strong>Piedra bian pulida a mano para una experiencia de masaje \u00fanica.<\/li>\n<li><strong>Calor constante<\/strong>: Potente bater\u00eda recargable para 1,5-3 horas de calor constante.<\/li>\n<li><strong>R\u00e1pido de usar<\/strong>Listo para usar en 5-10 minutos, distintivo del masaje LavaShell.<\/li>\n<li><strong>Ventajas para los terapeutas<\/strong>: Protecci\u00f3n contra sobrecarga, calor continuo, portabilidad.<\/li>\n<li><strong>Diversas t\u00e9cnicas de masaje<\/strong>Posibilidad de 7 t\u00e9cnicas de masaje diferentes.<\/li>\n<li><strong>Funciones clave<\/strong>: 4 niveles de calor, 4 horas de carga, limpieza cuidadosa.<\/li>\n<li><strong>Modelo: ELEEELS S2<\/strong>: Carga USB Tipo-C, bater\u00eda de 6600 mAh, 3 horas de tiempo de uso.<\/li>\n<\/ul>\n<p>Las varitas de masaje con piedras calientes ofrecen un equilibrio perfecto entre la innovaci\u00f3n tecnol\u00f3gica y la terapia de masaje tradicional, por lo que son ideales tanto para terapeutas como para usuarios.<\/p>\n<\/div>","protected":false},"featured_media":5067,"comment_status":"open","ping_status":"closed","template":"","meta":[],"product_brand":[],"product_cat":[99,103],"product_tag":[235,158,215],"class_list":{"0":"post-5066","1":"product","2":"type-product","3":"status-publish","4":"has-post-thumbnail","6":"product_cat-accessoires","7":"product_cat-hotstones","8":"product_tag-eleeels","9":"product_tag-hotstone","10":"product_tag-massage","12":"first","13":"instock","14":"taxable","15":"shipping-taxable","16":"purchasable","17":"product-type-simple"},"yoast_head":"<!-- This site is optimized with the Yoast SEO Premium plugin v27.3 (Yoast SEO v27.3) - https:\/\/yoast.com\/product\/yoast-seo-premium-wordpress\/ -->\n<title>Hot Stone Massage Wand \u2013 precision - TouchPro Europe Shop<\/title>\n<meta name=\"description\" content=\"Hot Stone Massage Wand precision: Innovatieve massager van bian stone met constante warmte. Voor therapeuten en ontspanning. Ontdek de voordelen nu!\" \/>\n<meta name=\"robots\" content=\"index, follow, max-snippet:-1, max-image-preview:large, max-video-preview:-1\" \/>\n<link rel=\"canonical\" href=\"https:\/\/touchproeurope.eu\/es\/product\/masaje-con-piedras-calientes-precision-mural\/\" \/>\n<meta property=\"og:locale\" content=\"es_ES\" \/>\n<meta property=\"og:type\" content=\"article\" \/>\n<meta property=\"og:title\" content=\"Hot Stone Massage Wand \u2013 precision\" \/>\n<meta property=\"og:description\" content=\"Hot Stone Massage Wand precision: Innovatieve massager van bian stone met constante warmte. Voor therapeuten en ontspanning. Ontdek de voordelen nu!\" \/>\n<meta property=\"og:url\" content=\"https:\/\/touchproeurope.eu\/es\/product\/masaje-con-piedras-calientes-precision-mural\/\" \/>\n<meta property=\"og:site_name\" content=\"TouchPro Europe Shop\" \/>\n<meta property=\"article:publisher\" content=\"https:\/\/www.facebook.com\/TouchproNederland\/?locale=nl_NL%2f\" \/>\n<meta property=\"article:modified_time\" content=\"2026-03-04T16:56:25+00:00\" \/>\n<meta property=\"og:image\" content=\"https:\/\/touchproeurope.eu\/wp-content\/uploads\/2024\/01\/Ontwerp-zonder-titel-6.png\" \/>\n\t<meta property=\"og:image:width\" content=\"800\" \/>\n\t<meta property=\"og:image:height\" content=\"800\" \/>\n\t<meta property=\"og:image:type\" content=\"image\/png\" \/>\n<meta name=\"twitter:card\" content=\"summary_large_image\" \/>\n<meta name=\"twitter:label1\" content=\"Precio\" \/>\n\t<meta name=\"twitter:data1\" content=\"&euro;&nbsp;129,00 incl. BTW\" \/>\n\t<meta name=\"twitter:label2\" content=\"Disponibilidad\" \/>\n\t<meta name=\"twitter:data2\" content=\"Disponible\" \/>\n<script type=\"application\/ld+json\" class=\"yoast-schema-graph\">{\"@context\":\"https:\\\/\\\/schema.org\",\"@graph\":[{\"@type\":\"WebPage\",\"@id\":\"https:\\\/\\\/touchproeurope.eu\\\/product\\\/hot-stone-massage-wand-precision\\\/\",\"url\":\"https:\\\/\\\/touchproeurope.eu\\\/product\\\/hot-stone-massage-wand-precision\\\/\",\"name\":\"Hot Stone Massage Wand \u2013 precision - TouchPro Europe Shop\",\"isPartOf\":{\"@id\":\"https:\\\/\\\/touchproeurope.eu\\\/#website\"},\"primaryImageOfPage\":{\"@id\":\"https:\\\/\\\/touchproeurope.eu\\\/product\\\/hot-stone-massage-wand-precision\\\/#primaryimage\"},\"image\":{\"@id\":\"https:\\\/\\\/touchproeurope.eu\\\/product\\\/hot-stone-massage-wand-precision\\\/#primaryimage\"},\"thumbnailUrl\":\"https:\\\/\\\/i0.wp.com\\\/touchproeurope.eu\\\/wp-content\\\/uploads\\\/2024\\\/01\\\/Ontwerp-zonder-titel-6.png?fit=800%2C800&ssl=1\",\"datePublished\":\"2024-01-21T16:22:28+00:00\",\"dateModified\":\"2026-03-04T16:56:25+00:00\",\"description\":\"Hot Stone Massage Wand precision: Innovatieve massager van bian stone met constante warmte. Voor therapeuten en ontspanning. Ontdek de voordelen nu!\",\"breadcrumb\":{\"@id\":\"https:\\\/\\\/touchproeurope.eu\\\/product\\\/hot-stone-massage-wand-precision\\\/#breadcrumb\"},\"inLanguage\":\"es\",\"potentialAction\":[{\"@type\":\"ReadAction\",\"target\":[\"https:\\\/\\\/touchproeurope.eu\\\/product\\\/hot-stone-massage-wand-precision\\\/\"]}]},{\"@type\":\"ImageObject\",\"inLanguage\":\"es\",\"@id\":\"https:\\\/\\\/touchproeurope.eu\\\/product\\\/hot-stone-massage-wand-precision\\\/#primaryimage\",\"url\":\"https:\\\/\\\/i0.wp.com\\\/touchproeurope.eu\\\/wp-content\\\/uploads\\\/2024\\\/01\\\/Ontwerp-zonder-titel-6.png?fit=800%2C800&ssl=1\",\"contentUrl\":\"https:\\\/\\\/i0.wp.com\\\/touchproeurope.eu\\\/wp-content\\\/uploads\\\/2024\\\/01\\\/Ontwerp-zonder-titel-6.png?fit=800%2C800&ssl=1\",\"width\":800,\"height\":800,\"caption\":\"Hot Stone Massage Wand S2A - precision Shipping time:\"},{\"@type\":\"BreadcrumbList\",\"@id\":\"https:\\\/\\\/touchproeurope.eu\\\/product\\\/hot-stone-massage-wand-precision\\\/#breadcrumb\",\"itemListElement\":[{\"@type\":\"ListItem\",\"position\":1,\"name\":\"Home\",\"item\":\"https:\\\/\\\/touchproeurope.eu\\\/\"},{\"@type\":\"ListItem\",\"position\":2,\"name\":\"Winkel\",\"item\":\"https:\\\/\\\/touchproeurope.eu\\\/winkel\\\/\"},{\"@type\":\"ListItem\",\"position\":3,\"name\":\"Hot Stone Massage Wand \u2013 precision\"}]},{\"@type\":\"WebSite\",\"@id\":\"https:\\\/\\\/touchproeurope.eu\\\/#website\",\"url\":\"https:\\\/\\\/touchproeurope.eu\\\/\",\"name\":\"TouchPro Europe Shop\",\"description\":\"Alles voor jouw praktijk met een PROfessionele Touch!\",\"publisher\":{\"@id\":\"https:\\\/\\\/touchproeurope.eu\\\/#organization\"},\"alternateName\":\"TPE\",\"potentialAction\":[{\"@type\":\"SearchAction\",\"target\":{\"@type\":\"EntryPoint\",\"urlTemplate\":\"https:\\\/\\\/touchproeurope.eu\\\/?s={search_term_string}\"},\"query-input\":{\"@type\":\"PropertyValueSpecification\",\"valueRequired\":true,\"valueName\":\"search_term_string\"}}],\"inLanguage\":\"es\"},{\"@type\":\"Organization\",\"@id\":\"https:\\\/\\\/touchproeurope.eu\\\/#organization\",\"name\":\"TouchPro Europe BV\",\"alternateName\":\"TPE\",\"url\":\"https:\\\/\\\/touchproeurope.eu\\\/\",\"logo\":{\"@type\":\"ImageObject\",\"inLanguage\":\"es\",\"@id\":\"https:\\\/\\\/touchproeurope.eu\\\/#\\\/schema\\\/logo\\\/image\\\/\",\"url\":\"https:\\\/\\\/i0.wp.com\\\/touchproeurope.eu\\\/wp-content\\\/uploads\\\/2023\\\/10\\\/2b592c_b6944d80811246d987cc2c29accedf3f.png?fit=1417%2C531&ssl=1\",\"contentUrl\":\"https:\\\/\\\/i0.wp.com\\\/touchproeurope.eu\\\/wp-content\\\/uploads\\\/2023\\\/10\\\/2b592c_b6944d80811246d987cc2c29accedf3f.png?fit=1417%2C531&ssl=1\",\"width\":1417,\"height\":531,\"caption\":\"TouchPro Europe BV\"},\"image\":{\"@id\":\"https:\\\/\\\/touchproeurope.eu\\\/#\\\/schema\\\/logo\\\/image\\\/\"},\"sameAs\":[\"https:\\\/\\\/www.facebook.com\\\/TouchproNederland\\\/?locale=nl_NL\\\/\",\"https:\\\/\\\/www.instagram.com\\\/touchpro2016\\\/\",\"https:\\\/\\\/www.linkedin.com\\\/company\\\/touchpro-europe-bv\\\/\"],\"description\":\"TouchPro Europe Shop is de massage winkel van Europa. Wij verkopen topkwaliteit massageproducten aan masseurs, pedicures, fysiotherapeuten, manicuren, Wellness centra, opleidingen, etc. TouchPro begon als een kleine webshop in Nederland, maar is nu uitgegroeid tot een webshop met klanten uit heel Europa. Wij bieden een breed assortiment aan massageproducten, waaronder massagetafels, oli\u00ebn, cr\u00e8mes, en accessoires van topmerken, zoals Earthlite, Stronglite en InnerStrenght, Habys, Living Earth Crafts en Continuum en andere leveranciers van massage accessoires. Bestel hier de beste massagematerialen van Europa!\",\"email\":\"info@touchpro-europe.com\",\"telephone\":\"0858768829\",\"legalName\":\"TouchPro Europe BV\",\"foundingDate\":\"2018-01-11\",\"vatID\":\"NL855430151B01\",\"numberOfEmployees\":{\"@type\":\"QuantitativeValue\",\"minValue\":\"1\",\"maxValue\":\"10\"},\"hasMerchantReturnPolicy\":{\"@type\":\"MerchantReturnPolicy\",\"merchantReturnLink\":\"https:\\\/\\\/touchproeurope.eu\\\/es\\\/retourbeleid\\\/\"}}]}<\/script>\n<meta property=\"product:price:amount\" content=\"129.00\" \/>\n<meta property=\"product:price:currency\" content=\"EUR\" \/>\n<meta property=\"og:availability\" content=\"instock\" \/>\n<meta property=\"product:availability\" content=\"instock\" \/>\n<meta property=\"product:condition\" content=\"new\" \/>\n<!-- \/ Yoast SEO Premium plugin. -->","yoast_head_json":{"title":"Varita de masaje con piedras calientes - precisi\u00f3n - Tienda TouchPro Europe","description":"Hot Stone Massage Wand precision: Innovador masajeador de piedra bian con calor constante. Para terapeutas y relajaci\u00f3n. \u00a1Descubra ahora sus beneficios!","robots":{"index":"index","follow":"follow","max-snippet":"max-snippet:-1","max-image-preview":"max-image-preview:large","max-video-preview":"max-video-preview:-1"},"canonical":"https:\/\/touchproeurope.eu\/es\/product\/masaje-con-piedras-calientes-precision-mural\/","og_locale":"es_ES","og_type":"article","og_title":"Hot Stone Massage Wand \u2013 precision","og_description":"Hot Stone Massage Wand precision: Innovatieve massager van bian stone met constante warmte. Voor therapeuten en ontspanning. Ontdek de voordelen nu!","og_url":"https:\/\/touchproeurope.eu\/es\/product\/masaje-con-piedras-calientes-precision-mural\/","og_site_name":"TouchPro Europe Shop","article_publisher":"https:\/\/www.facebook.com\/TouchproNederland\/?locale=nl_NL%2f","article_modified_time":"2026-03-04T16:56:25+00:00","og_image":[{"width":800,"height":800,"url":"https:\/\/touchproeurope.eu\/wp-content\/uploads\/2024\/01\/Ontwerp-zonder-titel-6.png","type":"image\/png"}],"twitter_card":"summary_large_image","twitter_misc":{"Precio":"&euro;&nbsp;129,00 incl. BTW","Disponibilidad":"Disponible"},"schema":{"@context":"https:\/\/schema.org","@graph":[{"@type":"WebPage","@id":"https:\/\/touchproeurope.eu\/product\/hot-stone-massage-wand-precision\/","url":"https:\/\/touchproeurope.eu\/product\/hot-stone-massage-wand-precision\/","name":"Varita de masaje con piedras calientes - precisi\u00f3n - Tienda TouchPro Europe","isPartOf":{"@id":"https:\/\/touchproeurope.eu\/#website"},"primaryImageOfPage":{"@id":"https:\/\/touchproeurope.eu\/product\/hot-stone-massage-wand-precision\/#primaryimage"},"image":{"@id":"https:\/\/touchproeurope.eu\/product\/hot-stone-massage-wand-precision\/#primaryimage"},"thumbnailUrl":"https:\/\/i0.wp.com\/touchproeurope.eu\/wp-content\/uploads\/2024\/01\/Ontwerp-zonder-titel-6.png?fit=800%2C800&ssl=1","datePublished":"2024-01-21T16:22:28+00:00","dateModified":"2026-03-04T16:56:25+00:00","description":"Hot Stone Massage Wand precision: Innovador masajeador de piedra bian con calor constante. Para terapeutas y relajaci\u00f3n. \u00a1Descubra ahora sus beneficios!","breadcrumb":{"@id":"https:\/\/touchproeurope.eu\/product\/hot-stone-massage-wand-precision\/#breadcrumb"},"inLanguage":"es","potentialAction":[{"@type":"ReadAction","target":["https:\/\/touchproeurope.eu\/product\/hot-stone-massage-wand-precision\/"]}]},{"@type":"ImageObject","inLanguage":"es","@id":"https:\/\/touchproeurope.eu\/product\/hot-stone-massage-wand-precision\/#primaryimage","url":"https:\/\/i0.wp.com\/touchproeurope.eu\/wp-content\/uploads\/2024\/01\/Ontwerp-zonder-titel-6.png?fit=800%2C800&ssl=1","contentUrl":"https:\/\/i0.wp.com\/touchproeurope.eu\/wp-content\/uploads\/2024\/01\/Ontwerp-zonder-titel-6.png?fit=800%2C800&ssl=1","width":800,"height":800,"caption":"Hot Stone Massage Wand S2A - precision Shipping time:"},{"@type":"BreadcrumbList","@id":"https:\/\/touchproeurope.eu\/product\/hot-stone-massage-wand-precision\/#breadcrumb","itemListElement":[{"@type":"ListItem","position":1,"name":"Home","item":"https:\/\/touchproeurope.eu\/"},{"@type":"ListItem","position":2,"name":"Winkel","item":"https:\/\/touchproeurope.eu\/winkel\/"},{"@type":"ListItem","position":3,"name":"Hot Stone Massage Wand \u2013 precision"}]},{"@type":"WebSite","@id":"https:\/\/touchproeurope.eu\/#website","url":"https:\/\/touchproeurope.eu\/","name":"Tienda TouchPro Europe","description":"\u00a1Todo para su consulta con un toque PROfesional!","publisher":{"@id":"https:\/\/touchproeurope.eu\/#organization"},"alternateName":"TPE","potentialAction":[{"@type":"SearchAction","target":{"@type":"EntryPoint","urlTemplate":"https:\/\/touchproeurope.eu\/?s={search_term_string}"},"query-input":{"@type":"PropertyValueSpecification","valueRequired":true,"valueName":"search_term_string"}}],"inLanguage":"es"},{"@type":"Organization","@id":"https:\/\/touchproeurope.eu\/#organization","name":"TouchPro Europe BV","alternateName":"TPE","url":"https:\/\/touchproeurope.eu\/","logo":{"@type":"ImageObject","inLanguage":"es","@id":"https:\/\/touchproeurope.eu\/#\/schema\/logo\/image\/","url":"https:\/\/i0.wp.com\/touchproeurope.eu\/wp-content\/uploads\/2023\/10\/2b592c_b6944d80811246d987cc2c29accedf3f.png?fit=1417%2C531&ssl=1","contentUrl":"https:\/\/i0.wp.com\/touchproeurope.eu\/wp-content\/uploads\/2023\/10\/2b592c_b6944d80811246d987cc2c29accedf3f.png?fit=1417%2C531&ssl=1","width":1417,"height":531,"caption":"TouchPro Europe BV"},"image":{"@id":"https:\/\/touchproeurope.eu\/#\/schema\/logo\/image\/"},"sameAs":["https:\/\/www.facebook.com\/TouchproNederland\/?locale=nl_NL\/","https:\/\/www.instagram.com\/touchpro2016\/","https:\/\/www.linkedin.com\/company\/touchpro-europe-bv\/"],"description":"TouchPro Europe Shop es la tienda de masajes de Europa. Vendemos productos de masaje de primera calidad a masajistas, pedicuras, fisioterapeutas, manicuras, centros de bienestar, cursos de formaci\u00f3n, etc. TouchPro comenz\u00f3 como una peque\u00f1a tienda en los Pa\u00edses Bajos, pero ahora se ha convertido en una tienda con clientes de toda Europa. Ofrecemos una amplia gama de productos de masaje, incluyendo camillas de masaje, aceites, cremas y accesorios de las mejores marcas como Earthlite, Stronglite e InnerStrenght, Habys, Living Earth Crafts y Continuum y otros proveedores de accesorios de masaje. Pida aqu\u00ed los mejores art\u00edculos de masaje de Europa.","email":"info@touchpro-europe.com","telephone":"0858768829","legalName":"TouchPro Europe BV","foundingDate":"2018-01-11","vatID":"NL855430151B01","numberOfEmployees":{"@type":"QuantitativeValue","minValue":"1","maxValue":"10"},"hasMerchantReturnPolicy":{"@type":"MerchantReturnPolicy","merchantReturnLink":"https:\/\/touchproeurope.eu\/es\/retourbeleid\/"}}]},"product_price_amount":"129.00","product_price_currency":"EUR","og_availability":"instock","product_availability":"instock","product_condition":"new"},"_links":{"self":[{"href":"https:\/\/touchproeurope.eu\/es\/wp-json\/wp\/v2\/product\/5066","targetHints":{"allow":["GET"]}}],"collection":[{"href":"https:\/\/touchproeurope.eu\/es\/wp-json\/wp\/v2\/product"}],"about":[{"href":"https:\/\/touchproeurope.eu\/es\/wp-json\/wp\/v2\/types\/product"}],"replies":[{"embeddable":true,"href":"https:\/\/touchproeurope.eu\/es\/wp-json\/wp\/v2\/comments?post=5066"}],"version-history":[{"count":1,"href":"https:\/\/touchproeurope.eu\/es\/wp-json\/wp\/v2\/product\/5066\/revisions"}],"predecessor-version":[{"id":5068,"href":"https:\/\/touchproeurope.eu\/es\/wp-json\/wp\/v2\/product\/5066\/revisions\/5068"}],"wp:featuredmedia":[{"embeddable":true,"href":"https:\/\/touchproeurope.eu\/es\/wp-json\/wp\/v2\/media\/5067"}],"wp:attachment":[{"href":"https:\/\/touchproeurope.eu\/es\/wp-json\/wp\/v2\/media?parent=5066"}],"wp:term":[{"taxonomy":"product_brand","embeddable":true,"href":"https:\/\/touchproeurope.eu\/es\/wp-json\/wp\/v2\/product_brand?post=5066"},{"taxonomy":"product_cat","embeddable":true,"href":"https:\/\/touchproeurope.eu\/es\/wp-json\/wp\/v2\/product_cat?post=5066"},{"taxonomy":"product_tag","embeddable":true,"href":"https:\/\/touchproeurope.eu\/es\/wp-json\/wp\/v2\/product_tag?post=5066"}],"curies":[{"name":"wp","href":"https:\/\/api.w.org\/{rel}","templated":true}]}}