{"id":5335,"date":"2024-09-25T18:59:43","date_gmt":"2024-09-25T18:59:43","guid":{"rendered":"https:\/\/touchproeurope.eu\/?post_type=product&#038;p=5335"},"modified":"2026-04-16T16:02:33","modified_gmt":"2026-04-16T16:02:33","slug":"lavashell-kit-de-inicio-de-conchas-de-porcelana-con-activador","status":"publish","type":"product","link":"https:\/\/touchproeurope.eu\/es\/product\/lavashell-porseleinen-schelp-startersset-met-activator\/","title":{"rendered":"Set de iniciaci\u00f3n de conchas de porcelana LavaShell con activador"},"content":{"rendered":"<p>El kit b\u00e1sico LavaShell de conchas de porcelana para masajes con calor y fr\u00edo. En solo dos sencillos pasos, conseguir\u00e1 el mismo efecto calor\u00edfico que con un tratamiento con piedras calientes. No necesita aparatos ni electricidad, solo la concha y el activador.<\/p>\n<p>Ventajas para el usuario:<br \/>\n\u2013 Protege a los terapeutas contra la sobrecarga de las manos.<br \/>\n\u2013 Contacto y calor continuos, mantener el contacto con el cliente.<br \/>\n- Port\u00e1til y utilizable en cualquier lugar<br \/>\n- R\u00e1pido de calentar, ideal para clientes que visitan r\u00e1pidamente o para upselling<br \/>\n- Ligero y f\u00e1cil de usar, cabe perfectamente en la palma de la mano<br \/>\n\u2013 No necesita electricidad para calentarse.<br \/>\n\u2013 Su forma \u00fanica ofrece diferentes \u00e1ngulos y bordes para imitar eficazmente t\u00e9cnicas como el masaje de puntos de presi\u00f3n, el drenaje y el contorneado.<br \/>\n- Ideal para terapeutas m\u00f3viles<br \/>\n- LavaShells es la alternativa al masaje con piedras calientes<\/p>\n<p>Beneficios para los hu\u00e9spedes:<br \/>\n- Mejora de la circulaci\u00f3n sangu\u00ednea<br \/>\n- Calor mineral natural<br \/>\n- Masaje continuo de calor y tacto<br \/>\n\u2013 Suave como la seda y calmante para la piel.<\/p>\n<p>\u00a1Pida hoy mismo el kit de inicio LavaShell Porcelain Shell para disfrutar de la mejor experiencia como masajista y para el cliente!<\/p>\n<p>&nbsp;<\/p>\n<p><iframe title=\"Masaje LavaShell\" width=\"800\" height=\"450\" src=\"https:\/\/www.youtube.com\/embed\/b1D1PYYKc30?feature=oembed\" frameborder=\"0\" allow=\"accelerometer; autoplay; clipboard-write; encrypted-media; gyroscope; picture-in-picture; web-share\" referrerpolicy=\"strict-origin-when-cross-origin\" allowfullscreen><\/iframe><\/p>","protected":false},"excerpt":{"rendered":"<p>Concha LavaShell de porcelana: una soluci\u00f3n vers\u00e1til y f\u00e1cil de usar para masajes con calor y fr\u00edo sin electricidad. Protege a los terapeutas contra la sobrecarga de las manos y ofrece a los clientes una experiencia de masaje profunda. El resultado es una mejor circulaci\u00f3n sangu\u00ednea y una piel suave como la seda. F\u00e1cil de usar e ideal tanto para terapeutas como para clientes que buscan relajaci\u00f3n y alivio.<\/p>","protected":false},"featured_media":5336,"comment_status":"open","ping_status":"closed","template":"","meta":[],"product_brand":[],"product_cat":[103],"product_tag":[263,264,265,266],"class_list":{"0":"post-5335","1":"product","2":"type-product","3":"status-publish","4":"has-post-thumbnail","6":"product_cat-hotstones","7":"product_tag-lavashell","8":"product_tag-porselein","9":"product_tag-schelp","10":"product_tag-startersset","12":"first","13":"instock","14":"taxable","15":"shipping-taxable","16":"purchasable","17":"product-type-simple"},"yoast_head":"<!-- This site is optimized with the Yoast SEO Premium plugin v27.4 (Yoast SEO v27.4) - https:\/\/yoast.com\/product\/yoast-seo-premium-wordpress\/ -->\n<title>LavaShell Porseleinen Schelp Startersset met activator - TouchPro Europe Shop<\/title>\n<meta name=\"description\" content=\"Cre\u00eber een oase van ontspanning in je eigen huis met de LavaShell Porseleinen Schelp Startersset. Bestel hem bij de beste massage winkel van Europe TouchPro\" \/>\n<meta name=\"robots\" content=\"index, follow, max-snippet:-1, max-image-preview:large, max-video-preview:-1\" \/>\n<link rel=\"canonical\" href=\"https:\/\/touchproeurope.eu\/es\/product\/lavashell-kit-de-inicio-de-conchas-de-porcelana-con-activador\/\" \/>\n<meta property=\"og:locale\" content=\"es_ES\" \/>\n<meta property=\"og:type\" content=\"article\" \/>\n<meta property=\"og:title\" content=\"LavaShell Porseleinen Schelp Startersset met activator\" \/>\n<meta property=\"og:description\" content=\"Cre\u00eber een oase van ontspanning in je eigen huis met de LavaShell Porseleinen Schelp Startersset. Bestel hem bij de beste massage winkel van Europe TouchPro\" \/>\n<meta property=\"og:url\" content=\"https:\/\/touchproeurope.eu\/es\/product\/lavashell-kit-de-inicio-de-conchas-de-porcelana-con-activador\/\" \/>\n<meta property=\"og:site_name\" content=\"TouchPro Europe Shop\" \/>\n<meta property=\"article:publisher\" content=\"https:\/\/www.facebook.com\/TouchproNederland\/?locale=nl_NL%2f\" \/>\n<meta property=\"article:modified_time\" content=\"2026-04-16T16:02:33+00:00\" \/>\n<meta property=\"og:image\" content=\"https:\/\/touchproeurope.eu\/wp-content\/uploads\/2024\/03\/Producten-fotos-8.jpg\" \/>\n\t<meta property=\"og:image:width\" content=\"800\" \/>\n\t<meta property=\"og:image:height\" content=\"800\" \/>\n\t<meta property=\"og:image:type\" content=\"image\/jpeg\" \/>\n<meta name=\"twitter:card\" content=\"summary_large_image\" \/>\n<meta name=\"twitter:label1\" content=\"Precio\" \/>\n\t<meta name=\"twitter:data1\" content=\"&euro;&nbsp;119,95 incl. BTW\" \/>\n\t<meta name=\"twitter:label2\" content=\"Disponibilidad\" \/>\n\t<meta name=\"twitter:data2\" content=\"Disponible\" \/>\n<script type=\"application\/ld+json\" class=\"yoast-schema-graph\">{\"@context\":\"https:\\\/\\\/schema.org\",\"@graph\":[{\"@type\":\"WebPage\",\"@id\":\"https:\\\/\\\/touchproeurope.eu\\\/product\\\/lavashell-porseleinen-schelp-startersset-met-activator\\\/\",\"url\":\"https:\\\/\\\/touchproeurope.eu\\\/product\\\/lavashell-porseleinen-schelp-startersset-met-activator\\\/\",\"name\":\"LavaShell Porseleinen Schelp Startersset met activator - TouchPro Europe Shop\",\"isPartOf\":{\"@id\":\"https:\\\/\\\/touchproeurope.eu\\\/#website\"},\"primaryImageOfPage\":{\"@id\":\"https:\\\/\\\/touchproeurope.eu\\\/product\\\/lavashell-porseleinen-schelp-startersset-met-activator\\\/#primaryimage\"},\"image\":{\"@id\":\"https:\\\/\\\/touchproeurope.eu\\\/product\\\/lavashell-porseleinen-schelp-startersset-met-activator\\\/#primaryimage\"},\"thumbnailUrl\":\"https:\\\/\\\/i0.wp.com\\\/touchproeurope.eu\\\/wp-content\\\/uploads\\\/2024\\\/03\\\/Producten-fotos-8.jpg?fit=800%2C800&ssl=1\",\"datePublished\":\"2024-09-25T18:59:43+00:00\",\"dateModified\":\"2026-04-16T16:02:33+00:00\",\"description\":\"Cre\u00eber een oase van ontspanning in je eigen huis met de LavaShell Porseleinen Schelp Startersset. Bestel hem bij de beste massage winkel van Europe TouchPro\",\"breadcrumb\":{\"@id\":\"https:\\\/\\\/touchproeurope.eu\\\/product\\\/lavashell-porseleinen-schelp-startersset-met-activator\\\/#breadcrumb\"},\"inLanguage\":\"es\",\"potentialAction\":[{\"@type\":\"ReadAction\",\"target\":[\"https:\\\/\\\/touchproeurope.eu\\\/product\\\/lavashell-porseleinen-schelp-startersset-met-activator\\\/\"]}]},{\"@type\":\"ImageObject\",\"inLanguage\":\"es\",\"@id\":\"https:\\\/\\\/touchproeurope.eu\\\/product\\\/lavashell-porseleinen-schelp-startersset-met-activator\\\/#primaryimage\",\"url\":\"https:\\\/\\\/i0.wp.com\\\/touchproeurope.eu\\\/wp-content\\\/uploads\\\/2024\\\/03\\\/Producten-fotos-8.jpg?fit=800%2C800&ssl=1\",\"contentUrl\":\"https:\\\/\\\/i0.wp.com\\\/touchproeurope.eu\\\/wp-content\\\/uploads\\\/2024\\\/03\\\/Producten-fotos-8.jpg?fit=800%2C800&ssl=1\",\"width\":800,\"height\":800,\"caption\":\"LavaShell Porseleinen Schelp Startersset\"},{\"@type\":\"BreadcrumbList\",\"@id\":\"https:\\\/\\\/touchproeurope.eu\\\/product\\\/lavashell-porseleinen-schelp-startersset-met-activator\\\/#breadcrumb\",\"itemListElement\":[{\"@type\":\"ListItem\",\"position\":1,\"name\":\"Home\",\"item\":\"https:\\\/\\\/touchproeurope.eu\\\/\"},{\"@type\":\"ListItem\",\"position\":2,\"name\":\"Winkel\",\"item\":\"https:\\\/\\\/touchproeurope.eu\\\/winkel\\\/\"},{\"@type\":\"ListItem\",\"position\":3,\"name\":\"LavaShell Porseleinen Schelp Startersset met activator\"}]},{\"@type\":\"WebSite\",\"@id\":\"https:\\\/\\\/touchproeurope.eu\\\/#website\",\"url\":\"https:\\\/\\\/touchproeurope.eu\\\/\",\"name\":\"TouchPro Europe Shop\",\"description\":\"Alles voor jouw praktijk met een PROfessionele Touch!\",\"publisher\":{\"@id\":\"https:\\\/\\\/touchproeurope.eu\\\/#organization\"},\"alternateName\":\"TPE\",\"potentialAction\":[{\"@type\":\"SearchAction\",\"target\":{\"@type\":\"EntryPoint\",\"urlTemplate\":\"https:\\\/\\\/touchproeurope.eu\\\/?s={search_term_string}\"},\"query-input\":{\"@type\":\"PropertyValueSpecification\",\"valueRequired\":true,\"valueName\":\"search_term_string\"}}],\"inLanguage\":\"es\"},{\"@type\":\"Organization\",\"@id\":\"https:\\\/\\\/touchproeurope.eu\\\/#organization\",\"name\":\"TouchPro Europe BV\",\"alternateName\":\"TPE\",\"url\":\"https:\\\/\\\/touchproeurope.eu\\\/\",\"logo\":{\"@type\":\"ImageObject\",\"inLanguage\":\"es\",\"@id\":\"https:\\\/\\\/touchproeurope.eu\\\/#\\\/schema\\\/logo\\\/image\\\/\",\"url\":\"https:\\\/\\\/i0.wp.com\\\/touchproeurope.eu\\\/wp-content\\\/uploads\\\/2023\\\/10\\\/2b592c_b6944d80811246d987cc2c29accedf3f.png?fit=1417%2C531&ssl=1\",\"contentUrl\":\"https:\\\/\\\/i0.wp.com\\\/touchproeurope.eu\\\/wp-content\\\/uploads\\\/2023\\\/10\\\/2b592c_b6944d80811246d987cc2c29accedf3f.png?fit=1417%2C531&ssl=1\",\"width\":1417,\"height\":531,\"caption\":\"TouchPro Europe BV\"},\"image\":{\"@id\":\"https:\\\/\\\/touchproeurope.eu\\\/#\\\/schema\\\/logo\\\/image\\\/\"},\"sameAs\":[\"https:\\\/\\\/www.facebook.com\\\/TouchproNederland\\\/?locale=nl_NL\\\/\",\"https:\\\/\\\/www.instagram.com\\\/touchpro2016\\\/\",\"https:\\\/\\\/www.linkedin.com\\\/company\\\/touchpro-europe-bv\\\/\"],\"description\":\"TouchPro Europe Shop is de massage winkel van Europa. Wij verkopen topkwaliteit massageproducten aan masseurs, pedicures, fysiotherapeuten, manicuren, Wellness centra, opleidingen, etc. TouchPro begon als een kleine webshop in Nederland, maar is nu uitgegroeid tot een webshop met klanten uit heel Europa. Wij bieden een breed assortiment aan massageproducten, waaronder massagetafels, oli\u00ebn, cr\u00e8mes, en accessoires van topmerken, zoals Earthlite, Stronglite en InnerStrenght, Habys, Living Earth Crafts en Continuum en andere leveranciers van massage accessoires. Bestel hier de beste massagematerialen van Europa!\",\"email\":\"info@touchpro-europe.com\",\"telephone\":\"0858768829\",\"legalName\":\"TouchPro Europe BV\",\"foundingDate\":\"2018-01-11\",\"vatID\":\"NL855430151B01\",\"numberOfEmployees\":{\"@type\":\"QuantitativeValue\",\"minValue\":\"1\",\"maxValue\":\"10\"},\"hasMerchantReturnPolicy\":{\"@type\":\"MerchantReturnPolicy\",\"merchantReturnLink\":\"https:\\\/\\\/touchproeurope.eu\\\/es\\\/retourbeleid\\\/\"}}]}<\/script>\n<meta property=\"product:price:amount\" content=\"119.95\" \/>\n<meta property=\"product:price:currency\" content=\"EUR\" \/>\n<meta property=\"og:availability\" content=\"instock\" \/>\n<meta property=\"product:availability\" content=\"instock\" \/>\n<meta property=\"product:retailer_item_id\" content=\"TBC-STARTER\" \/>\n<meta property=\"product:condition\" content=\"new\" \/>\n<!-- \/ Yoast SEO Premium plugin. -->","yoast_head_json":{"title":"LavaShell Concha de porcelana Kit de inicio con activador - TouchPro Europe Shop","description":"Crea un oasis de relajaci\u00f3n en tu propia casa con el kit b\u00e1sico LavaShell de conchas de porcelana. P\u00eddelo en la mejor tienda de masajes de Europa, TouchPro.","robots":{"index":"index","follow":"follow","max-snippet":"max-snippet:-1","max-image-preview":"max-image-preview:large","max-video-preview":"max-video-preview:-1"},"canonical":"https:\/\/touchproeurope.eu\/es\/product\/lavashell-kit-de-inicio-de-conchas-de-porcelana-con-activador\/","og_locale":"es_ES","og_type":"article","og_title":"LavaShell Porseleinen Schelp Startersset met activator","og_description":"Cre\u00eber een oase van ontspanning in je eigen huis met de LavaShell Porseleinen Schelp Startersset. Bestel hem bij de beste massage winkel van Europe TouchPro","og_url":"https:\/\/touchproeurope.eu\/es\/product\/lavashell-kit-de-inicio-de-conchas-de-porcelana-con-activador\/","og_site_name":"TouchPro Europe Shop","article_publisher":"https:\/\/www.facebook.com\/TouchproNederland\/?locale=nl_NL%2f","article_modified_time":"2026-04-16T16:02:33+00:00","og_image":[{"width":800,"height":800,"url":"https:\/\/touchproeurope.eu\/wp-content\/uploads\/2024\/03\/Producten-fotos-8.jpg","type":"image\/jpeg"}],"twitter_card":"summary_large_image","twitter_misc":{"Precio":"&euro;&nbsp;119,95 incl. BTW","Disponibilidad":"Disponible"},"schema":{"@context":"https:\/\/schema.org","@graph":[{"@type":"WebPage","@id":"https:\/\/touchproeurope.eu\/product\/lavashell-porseleinen-schelp-startersset-met-activator\/","url":"https:\/\/touchproeurope.eu\/product\/lavashell-porseleinen-schelp-startersset-met-activator\/","name":"LavaShell Concha de porcelana Kit de inicio con activador - TouchPro Europe Shop","isPartOf":{"@id":"https:\/\/touchproeurope.eu\/#website"},"primaryImageOfPage":{"@id":"https:\/\/touchproeurope.eu\/product\/lavashell-porseleinen-schelp-startersset-met-activator\/#primaryimage"},"image":{"@id":"https:\/\/touchproeurope.eu\/product\/lavashell-porseleinen-schelp-startersset-met-activator\/#primaryimage"},"thumbnailUrl":"https:\/\/i0.wp.com\/touchproeurope.eu\/wp-content\/uploads\/2024\/03\/Producten-fotos-8.jpg?fit=800%2C800&ssl=1","datePublished":"2024-09-25T18:59:43+00:00","dateModified":"2026-04-16T16:02:33+00:00","description":"Crea un oasis de relajaci\u00f3n en tu propia casa con el kit b\u00e1sico LavaShell de conchas de porcelana. P\u00eddelo en la mejor tienda de masajes de Europa, TouchPro.","breadcrumb":{"@id":"https:\/\/touchproeurope.eu\/product\/lavashell-porseleinen-schelp-startersset-met-activator\/#breadcrumb"},"inLanguage":"es","potentialAction":[{"@type":"ReadAction","target":["https:\/\/touchproeurope.eu\/product\/lavashell-porseleinen-schelp-startersset-met-activator\/"]}]},{"@type":"ImageObject","inLanguage":"es","@id":"https:\/\/touchproeurope.eu\/product\/lavashell-porseleinen-schelp-startersset-met-activator\/#primaryimage","url":"https:\/\/i0.wp.com\/touchproeurope.eu\/wp-content\/uploads\/2024\/03\/Producten-fotos-8.jpg?fit=800%2C800&ssl=1","contentUrl":"https:\/\/i0.wp.com\/touchproeurope.eu\/wp-content\/uploads\/2024\/03\/Producten-fotos-8.jpg?fit=800%2C800&ssl=1","width":800,"height":800,"caption":"LavaShell Porseleinen Schelp Startersset"},{"@type":"BreadcrumbList","@id":"https:\/\/touchproeurope.eu\/product\/lavashell-porseleinen-schelp-startersset-met-activator\/#breadcrumb","itemListElement":[{"@type":"ListItem","position":1,"name":"Home","item":"https:\/\/touchproeurope.eu\/"},{"@type":"ListItem","position":2,"name":"Winkel","item":"https:\/\/touchproeurope.eu\/winkel\/"},{"@type":"ListItem","position":3,"name":"LavaShell Porseleinen Schelp Startersset met activator"}]},{"@type":"WebSite","@id":"https:\/\/touchproeurope.eu\/#website","url":"https:\/\/touchproeurope.eu\/","name":"Tienda TouchPro Europe","description":"\u00a1Todo para su consulta con un toque PROfesional!","publisher":{"@id":"https:\/\/touchproeurope.eu\/#organization"},"alternateName":"TPE","potentialAction":[{"@type":"SearchAction","target":{"@type":"EntryPoint","urlTemplate":"https:\/\/touchproeurope.eu\/?s={search_term_string}"},"query-input":{"@type":"PropertyValueSpecification","valueRequired":true,"valueName":"search_term_string"}}],"inLanguage":"es"},{"@type":"Organization","@id":"https:\/\/touchproeurope.eu\/#organization","name":"TouchPro Europe BV","alternateName":"TPE","url":"https:\/\/touchproeurope.eu\/","logo":{"@type":"ImageObject","inLanguage":"es","@id":"https:\/\/touchproeurope.eu\/#\/schema\/logo\/image\/","url":"https:\/\/i0.wp.com\/touchproeurope.eu\/wp-content\/uploads\/2023\/10\/2b592c_b6944d80811246d987cc2c29accedf3f.png?fit=1417%2C531&ssl=1","contentUrl":"https:\/\/i0.wp.com\/touchproeurope.eu\/wp-content\/uploads\/2023\/10\/2b592c_b6944d80811246d987cc2c29accedf3f.png?fit=1417%2C531&ssl=1","width":1417,"height":531,"caption":"TouchPro Europe BV"},"image":{"@id":"https:\/\/touchproeurope.eu\/#\/schema\/logo\/image\/"},"sameAs":["https:\/\/www.facebook.com\/TouchproNederland\/?locale=nl_NL\/","https:\/\/www.instagram.com\/touchpro2016\/","https:\/\/www.linkedin.com\/company\/touchpro-europe-bv\/"],"description":"TouchPro Europe Shop es la tienda de masajes de Europa. Vendemos productos de masaje de primera calidad a masajistas, pedicuras, fisioterapeutas, manicuras, centros de bienestar, cursos de formaci\u00f3n, etc. TouchPro comenz\u00f3 como una peque\u00f1a tienda en los Pa\u00edses Bajos, pero ahora se ha convertido en una tienda con clientes de toda Europa. Ofrecemos una amplia gama de productos de masaje, incluyendo camillas de masaje, aceites, cremas y accesorios de las mejores marcas como Earthlite, Stronglite e InnerStrenght, Habys, Living Earth Crafts y Continuum y otros proveedores de accesorios de masaje. Pida aqu\u00ed los mejores art\u00edculos de masaje de Europa.","email":"info@touchpro-europe.com","telephone":"0858768829","legalName":"TouchPro Europe BV","foundingDate":"2018-01-11","vatID":"NL855430151B01","numberOfEmployees":{"@type":"QuantitativeValue","minValue":"1","maxValue":"10"},"hasMerchantReturnPolicy":{"@type":"MerchantReturnPolicy","merchantReturnLink":"https:\/\/touchproeurope.eu\/es\/retourbeleid\/"}}]},"product_price_amount":"119.95","product_price_currency":"EUR","og_availability":"instock","product_availability":"instock","product_retailer_item_id":"TBC-STARTER","product_condition":"new"},"_links":{"self":[{"href":"https:\/\/touchproeurope.eu\/es\/wp-json\/wp\/v2\/product\/5335","targetHints":{"allow":["GET"]}}],"collection":[{"href":"https:\/\/touchproeurope.eu\/es\/wp-json\/wp\/v2\/product"}],"about":[{"href":"https:\/\/touchproeurope.eu\/es\/wp-json\/wp\/v2\/types\/product"}],"replies":[{"embeddable":true,"href":"https:\/\/touchproeurope.eu\/es\/wp-json\/wp\/v2\/comments?post=5335"}],"version-history":[{"count":3,"href":"https:\/\/touchproeurope.eu\/es\/wp-json\/wp\/v2\/product\/5335\/revisions"}],"predecessor-version":[{"id":7258,"href":"https:\/\/touchproeurope.eu\/es\/wp-json\/wp\/v2\/product\/5335\/revisions\/7258"}],"wp:featuredmedia":[{"embeddable":true,"href":"https:\/\/touchproeurope.eu\/es\/wp-json\/wp\/v2\/media\/5336"}],"wp:attachment":[{"href":"https:\/\/touchproeurope.eu\/es\/wp-json\/wp\/v2\/media?parent=5335"}],"wp:term":[{"taxonomy":"product_brand","embeddable":true,"href":"https:\/\/touchproeurope.eu\/es\/wp-json\/wp\/v2\/product_brand?post=5335"},{"taxonomy":"product_cat","embeddable":true,"href":"https:\/\/touchproeurope.eu\/es\/wp-json\/wp\/v2\/product_cat?post=5335"},{"taxonomy":"product_tag","embeddable":true,"href":"https:\/\/touchproeurope.eu\/es\/wp-json\/wp\/v2\/product_tag?post=5335"}],"curies":[{"name":"wp","href":"https:\/\/api.w.org\/{rel}","templated":true}]}}