{"id":7724,"date":"2025-02-05T14:25:01","date_gmt":"2025-02-05T14:25:01","guid":{"rendered":"https:\/\/touchproeurope.eu\/?post_type=product&#038;p=7724"},"modified":"2026-03-04T16:56:57","modified_gmt":"2026-03-04T16:56:57","slug":"le-reve-ve-sillon-de-pedicura-spa","status":"publish","type":"product","link":"https:\/\/touchproeurope.eu\/es\/product\/le-reve-ve-pedicurestoel-spa\/","title":{"rendered":"Sill\u00f3n de pedicura Le R\u00eave VE Spa"},"content":{"rendered":"<p>Sill\u00f3n de pedicura Le R\u00eave VE - Lujo, confort e innovaci\u00f3n para los salones de pedicura profesionales<\/p>\n<p>El sill\u00f3n de pedicura con spa Le R\u00eave VE de Continuum\u00ae Pedicure es la elecci\u00f3n perfecta para salones de pedicura, salones de belleza y centros de bienestar que buscan un sill\u00f3n de pedicura con spa elegante, duradero y funcional. Este modelo combina artesan\u00eda de alta calidad con tecnolog\u00edas avanzadas, lo que permite a los clientes disfrutar de una relajante experiencia de pedicura, mientras que los profesionales del sal\u00f3n se benefician de un mantenimiento sencillo y una ergonom\u00eda \u00f3ptima.<\/p>\n<h4>\u00bfPor qu\u00e9 elegir Le R\u00eave VE Pedicure Spa?<\/h4>\n<p>\u2714 Dise\u00f1o moderno y elegante - Acabado elegante con colores de lujo como el blanco (Smoke Bowl), el negro (Smoke Bowl) y el champ\u00e1n (Gold Bowl).<br \/>\n\u2714 Tecnolog\u00eda de chorro silencioso sin tuber\u00edas: circulaci\u00f3n higi\u00e9nica y silenciosa del agua para una experiencia de spa relajante.<br \/>\n\u2714 Asiento ergon\u00f3mico y ajustable el\u00e9ctricamente - Para un confort \u00f3ptimo y una experiencia de spa de primera.<br \/>\n\u2714 Reposapi\u00e9s ajustables - Soportes ajustables manualmente para un apoyo \u00f3ptimo durante el tratamiento de pedicura.<br \/>\n\u2714 Duradero bastidor de acero soldado - Extremadamente robusto y uso a largo plazo sin p\u00e9rdida de calidad.<br \/>\n\u2714 Cuchillas de manicura resistentes a la acetona con portavasos - Funcionalidad adicional para salones que combinan tratamientos de pedicura y manicura.<br \/>\n\u2714 Ducha de mano y dep\u00f3sito de agua f\u00e1cil de llenar: f\u00e1cil de usar y de mantener limpio.<br \/>\n\u2714 Sistema de ventilaci\u00f3n integrado - Evita la acumulaci\u00f3n de olores y aumenta la higiene del sal\u00f3n.<\/p>\n<h3>Perfecto para tratamientos de pedicura profesionales<\/h3>\n<p>El Sill\u00f3n de Pedicura Le R\u00eave VE est\u00e1 dise\u00f1ado para proporcionar comodidad y lujo tanto al cliente como al profesional de la pedicura. El respaldo ajustable el\u00e9ctricamente y el asiento m\u00f3vil hacia delante\/atr\u00e1s proporcionan una experiencia de asiento personalizada. Los reposapi\u00e9s dobles permiten a cada cliente disfrutar de una pedicura de m\u00e1xima calidad en la posici\u00f3n perfecta.<\/p>\n<p><iframe title=\"PEDICURA CONTINUA - Le R\u00eave Pedicure Spa\" width=\"800\" height=\"450\" src=\"https:\/\/www.youtube.com\/embed\/dIZyEyGYq2Q?feature=oembed\" frameborder=\"0\" allow=\"accelerometer; autoplay; clipboard-write; encrypted-media; gyroscope; picture-in-picture; web-share\" referrerpolicy=\"strict-origin-when-cross-origin\" allowfullscreen><\/iframe><\/p>","protected":false},"excerpt":{"rendered":"<p>El Spa de Pedicura Le R\u00eave VE de Continuum\u00ae Pedicure ofrece una lujosa experiencia de spa para cualquier sal\u00f3n de pedicura. Con un chorro silencioso sin tuber\u00edas, un sill\u00f3n ajustable el\u00e9ctricamente con masaje shiatsu y reposapi\u00e9s ajustables, este sill\u00f3n de pedicura de alta calidad garantiza la m\u00e1xima comodidad tanto para el cliente como para el profesional de la pedicura. Su dise\u00f1o moderno, sus materiales duraderos y sus funciones f\u00e1ciles de usar lo convierten en el mejor spa de pedicura para salones.<\/p>\n<p><strong>\ud83d\udca1 Nota: El precio indicado no incluye funciones adicionales ni ampliaciones.<\/strong><\/p>\n<p><strong>\u00bfEst\u00e1 interesado en pedir este sill\u00f3n de pedicura? Realice su pedido y nos pondremos en contacto con usted por tel\u00e9fono para ayudarle lo mejor posible y comentarle las opciones.<\/strong><\/p>","protected":false},"featured_media":7725,"comment_status":"open","ping_status":"closed","template":"","meta":[],"product_brand":[342],"product_cat":[332],"product_tag":[],"class_list":{"0":"post-7724","1":"product","2":"type-product","3":"status-publish","4":"has-post-thumbnail","6":"product_brand-continuum","7":"product_cat-pedicurestoelen","8":"product_shipping_class-offerte-aanvraag","9":"pa_merk-continuum","11":"first","12":"onbackorder","13":"taxable","14":"shipping-taxable","15":"purchasable","16":"product-type-simple"},"yoast_head":"<!-- This site is optimized with the Yoast SEO Premium plugin v27.4 (Yoast SEO v27.4) - https:\/\/yoast.com\/product\/yoast-seo-premium-wordpress\/ -->\n<title>Le R\u00eave VE Pedicurestoel Spa - TouchPro Europe Shop<\/title>\n<meta name=\"description\" content=\"Professionele pedicuresalons stappen over op de Le R\u00eave VE pedicurestoel. Cre\u00eber een ontspannende ervaring voor uw klanten met geavanceerde technologie\u00ebn en optimale ergonomie.\" \/>\n<meta name=\"robots\" content=\"index, follow, max-snippet:-1, max-image-preview:large, max-video-preview:-1\" \/>\n<link rel=\"canonical\" href=\"https:\/\/touchproeurope.eu\/es\/product\/le-reve-ve-sillon-de-pedicura-spa\/\" \/>\n<meta property=\"og:locale\" content=\"es_ES\" \/>\n<meta property=\"og:type\" content=\"article\" \/>\n<meta property=\"og:title\" content=\"Le R\u00eave VE Pedicurestoel Spa\" \/>\n<meta property=\"og:description\" content=\"Professionele pedicuresalons stappen over op de Le R\u00eave VE pedicurestoel. Cre\u00eber een ontspannende ervaring voor uw klanten met geavanceerde technologie\u00ebn en optimale ergonomie.\" \/>\n<meta property=\"og:url\" content=\"https:\/\/touchproeurope.eu\/es\/product\/le-reve-ve-sillon-de-pedicura-spa\/\" \/>\n<meta property=\"og:site_name\" content=\"TouchPro Europe Shop\" \/>\n<meta property=\"article:publisher\" content=\"https:\/\/www.facebook.com\/TouchproNederland\/?locale=nl_NL%2f\" \/>\n<meta property=\"article:modified_time\" content=\"2026-03-04T16:56:57+00:00\" \/>\n<meta property=\"og:image\" content=\"https:\/\/touchproeurope.eu\/wp-content\/uploads\/2025\/02\/le_reve_-_black_base_-_black_upholstery-e1738766960816.webp\" \/>\n\t<meta property=\"og:image:width\" content=\"800\" \/>\n\t<meta property=\"og:image:height\" content=\"800\" \/>\n\t<meta property=\"og:image:type\" content=\"image\/webp\" \/>\n<meta name=\"twitter:card\" content=\"summary_large_image\" \/>\n<meta name=\"twitter:label1\" content=\"Precio\" \/>\n\t<meta name=\"twitter:data1\" content=\"&euro;&nbsp;3.400,00 incl. BTW\" \/>\n\t<meta name=\"twitter:label2\" content=\"Disponibilidad\" \/>\n\t<meta name=\"twitter:data2\" content=\"Disponible para reservar\" \/>\n<script type=\"application\/ld+json\" class=\"yoast-schema-graph\">{\"@context\":\"https:\\\/\\\/schema.org\",\"@graph\":[{\"@type\":\"WebPage\",\"@id\":\"https:\\\/\\\/touchproeurope.eu\\\/product\\\/le-reve-ve-pedicurestoel-spa\\\/\",\"url\":\"https:\\\/\\\/touchproeurope.eu\\\/product\\\/le-reve-ve-pedicurestoel-spa\\\/\",\"name\":\"Le R\u00eave VE Pedicurestoel Spa - TouchPro Europe Shop\",\"isPartOf\":{\"@id\":\"https:\\\/\\\/touchproeurope.eu\\\/#website\"},\"primaryImageOfPage\":{\"@id\":\"https:\\\/\\\/touchproeurope.eu\\\/product\\\/le-reve-ve-pedicurestoel-spa\\\/#primaryimage\"},\"image\":{\"@id\":\"https:\\\/\\\/touchproeurope.eu\\\/product\\\/le-reve-ve-pedicurestoel-spa\\\/#primaryimage\"},\"thumbnailUrl\":\"https:\\\/\\\/i0.wp.com\\\/touchproeurope.eu\\\/wp-content\\\/uploads\\\/2025\\\/02\\\/le_reve_-_black_base_-_black_upholstery-e1738766960816.webp?fit=800%2C800&ssl=1\",\"datePublished\":\"2025-02-05T14:25:01+00:00\",\"dateModified\":\"2026-03-04T16:56:57+00:00\",\"description\":\"Professionele pedicuresalons stappen over op de Le R\u00eave VE pedicurestoel. Cre\u00eber een ontspannende ervaring voor uw klanten met geavanceerde technologie\u00ebn en optimale ergonomie.\",\"breadcrumb\":{\"@id\":\"https:\\\/\\\/touchproeurope.eu\\\/product\\\/le-reve-ve-pedicurestoel-spa\\\/#breadcrumb\"},\"inLanguage\":\"es\",\"potentialAction\":[{\"@type\":\"ReadAction\",\"target\":[\"https:\\\/\\\/touchproeurope.eu\\\/product\\\/le-reve-ve-pedicurestoel-spa\\\/\"]}]},{\"@type\":\"ImageObject\",\"inLanguage\":\"es\",\"@id\":\"https:\\\/\\\/touchproeurope.eu\\\/product\\\/le-reve-ve-pedicurestoel-spa\\\/#primaryimage\",\"url\":\"https:\\\/\\\/i0.wp.com\\\/touchproeurope.eu\\\/wp-content\\\/uploads\\\/2025\\\/02\\\/le_reve_-_black_base_-_black_upholstery-e1738766960816.webp?fit=800%2C800&ssl=1\",\"contentUrl\":\"https:\\\/\\\/i0.wp.com\\\/touchproeurope.eu\\\/wp-content\\\/uploads\\\/2025\\\/02\\\/le_reve_-_black_base_-_black_upholstery-e1738766960816.webp?fit=800%2C800&ssl=1\",\"width\":800,\"height\":800,\"caption\":\"Le R\u00eave VE Pedicurestoel Spa\"},{\"@type\":\"BreadcrumbList\",\"@id\":\"https:\\\/\\\/touchproeurope.eu\\\/product\\\/le-reve-ve-pedicurestoel-spa\\\/#breadcrumb\",\"itemListElement\":[{\"@type\":\"ListItem\",\"position\":1,\"name\":\"Home\",\"item\":\"https:\\\/\\\/touchproeurope.eu\\\/\"},{\"@type\":\"ListItem\",\"position\":2,\"name\":\"Winkel\",\"item\":\"https:\\\/\\\/touchproeurope.eu\\\/winkel\\\/\"},{\"@type\":\"ListItem\",\"position\":3,\"name\":\"Le R\u00eave VE Pedicurestoel Spa\"}]},{\"@type\":\"WebSite\",\"@id\":\"https:\\\/\\\/touchproeurope.eu\\\/#website\",\"url\":\"https:\\\/\\\/touchproeurope.eu\\\/\",\"name\":\"TouchPro Europe Shop\",\"description\":\"Alles voor jouw praktijk met een PROfessionele Touch!\",\"publisher\":{\"@id\":\"https:\\\/\\\/touchproeurope.eu\\\/#organization\"},\"alternateName\":\"TPE\",\"potentialAction\":[{\"@type\":\"SearchAction\",\"target\":{\"@type\":\"EntryPoint\",\"urlTemplate\":\"https:\\\/\\\/touchproeurope.eu\\\/?s={search_term_string}\"},\"query-input\":{\"@type\":\"PropertyValueSpecification\",\"valueRequired\":true,\"valueName\":\"search_term_string\"}}],\"inLanguage\":\"es\"},{\"@type\":\"Organization\",\"@id\":\"https:\\\/\\\/touchproeurope.eu\\\/#organization\",\"name\":\"TouchPro Europe BV\",\"alternateName\":\"TPE\",\"url\":\"https:\\\/\\\/touchproeurope.eu\\\/\",\"logo\":{\"@type\":\"ImageObject\",\"inLanguage\":\"es\",\"@id\":\"https:\\\/\\\/touchproeurope.eu\\\/#\\\/schema\\\/logo\\\/image\\\/\",\"url\":\"https:\\\/\\\/i0.wp.com\\\/touchproeurope.eu\\\/wp-content\\\/uploads\\\/2023\\\/10\\\/2b592c_b6944d80811246d987cc2c29accedf3f.png?fit=1417%2C531&ssl=1\",\"contentUrl\":\"https:\\\/\\\/i0.wp.com\\\/touchproeurope.eu\\\/wp-content\\\/uploads\\\/2023\\\/10\\\/2b592c_b6944d80811246d987cc2c29accedf3f.png?fit=1417%2C531&ssl=1\",\"width\":1417,\"height\":531,\"caption\":\"TouchPro Europe BV\"},\"image\":{\"@id\":\"https:\\\/\\\/touchproeurope.eu\\\/#\\\/schema\\\/logo\\\/image\\\/\"},\"sameAs\":[\"https:\\\/\\\/www.facebook.com\\\/TouchproNederland\\\/?locale=nl_NL\\\/\",\"https:\\\/\\\/www.instagram.com\\\/touchpro2016\\\/\",\"https:\\\/\\\/www.linkedin.com\\\/company\\\/touchpro-europe-bv\\\/\"],\"description\":\"TouchPro Europe Shop is de massage winkel van Europa. Wij verkopen topkwaliteit massageproducten aan masseurs, pedicures, fysiotherapeuten, manicuren, Wellness centra, opleidingen, etc. TouchPro begon als een kleine webshop in Nederland, maar is nu uitgegroeid tot een webshop met klanten uit heel Europa. Wij bieden een breed assortiment aan massageproducten, waaronder massagetafels, oli\u00ebn, cr\u00e8mes, en accessoires van topmerken, zoals Earthlite, Stronglite en InnerStrenght, Habys, Living Earth Crafts en Continuum en andere leveranciers van massage accessoires. Bestel hier de beste massagematerialen van Europa!\",\"email\":\"info@touchpro-europe.com\",\"telephone\":\"0858768829\",\"legalName\":\"TouchPro Europe BV\",\"foundingDate\":\"2018-01-11\",\"vatID\":\"NL855430151B01\",\"numberOfEmployees\":{\"@type\":\"QuantitativeValue\",\"minValue\":\"1\",\"maxValue\":\"10\"},\"hasMerchantReturnPolicy\":{\"@type\":\"MerchantReturnPolicy\",\"merchantReturnLink\":\"https:\\\/\\\/touchproeurope.eu\\\/es\\\/retourbeleid\\\/\"}}]}<\/script>\n<meta property=\"product:brand\" content=\"Continuum\u00ae\" \/>\n<meta property=\"product:price:amount\" content=\"3400.00\" \/>\n<meta property=\"product:price:currency\" content=\"EUR\" \/>\n<meta property=\"og:availability\" content=\"backorder\" \/>\n<meta property=\"product:availability\" content=\"available for order\" \/>\n<meta property=\"product:retailer_item_id\" content=\"89728-1\" \/>\n<meta property=\"product:condition\" content=\"new\" \/>\n<!-- \/ Yoast SEO Premium plugin. -->","yoast_head_json":{"title":"Sill\u00f3n de pedicura Le R\u00eave VE Spa - Tienda TouchPro Europe","description":"Los salones de pedicura profesionales se est\u00e1n pasando al sill\u00f3n de pedicura Le R\u00eave VE. Cree una experiencia relajante para sus clientes con tecnolog\u00edas avanzadas y una ergonom\u00eda \u00f3ptima.","robots":{"index":"index","follow":"follow","max-snippet":"max-snippet:-1","max-image-preview":"max-image-preview:large","max-video-preview":"max-video-preview:-1"},"canonical":"https:\/\/touchproeurope.eu\/es\/product\/le-reve-ve-sillon-de-pedicura-spa\/","og_locale":"es_ES","og_type":"article","og_title":"Le R\u00eave VE Pedicurestoel Spa","og_description":"Professionele pedicuresalons stappen over op de Le R\u00eave VE pedicurestoel. Cre\u00eber een ontspannende ervaring voor uw klanten met geavanceerde technologie\u00ebn en optimale ergonomie.","og_url":"https:\/\/touchproeurope.eu\/es\/product\/le-reve-ve-sillon-de-pedicura-spa\/","og_site_name":"TouchPro Europe Shop","article_publisher":"https:\/\/www.facebook.com\/TouchproNederland\/?locale=nl_NL%2f","article_modified_time":"2026-03-04T16:56:57+00:00","og_image":[{"width":800,"height":800,"url":"https:\/\/touchproeurope.eu\/wp-content\/uploads\/2025\/02\/le_reve_-_black_base_-_black_upholstery-e1738766960816.webp","type":"image\/webp"}],"twitter_card":"summary_large_image","twitter_misc":{"Precio":"&euro;&nbsp;3.400,00 incl. BTW","Disponibilidad":"Disponible para reservar"},"schema":{"@context":"https:\/\/schema.org","@graph":[{"@type":"WebPage","@id":"https:\/\/touchproeurope.eu\/product\/le-reve-ve-pedicurestoel-spa\/","url":"https:\/\/touchproeurope.eu\/product\/le-reve-ve-pedicurestoel-spa\/","name":"Sill\u00f3n de pedicura Le R\u00eave VE Spa - Tienda TouchPro Europe","isPartOf":{"@id":"https:\/\/touchproeurope.eu\/#website"},"primaryImageOfPage":{"@id":"https:\/\/touchproeurope.eu\/product\/le-reve-ve-pedicurestoel-spa\/#primaryimage"},"image":{"@id":"https:\/\/touchproeurope.eu\/product\/le-reve-ve-pedicurestoel-spa\/#primaryimage"},"thumbnailUrl":"https:\/\/i0.wp.com\/touchproeurope.eu\/wp-content\/uploads\/2025\/02\/le_reve_-_black_base_-_black_upholstery-e1738766960816.webp?fit=800%2C800&ssl=1","datePublished":"2025-02-05T14:25:01+00:00","dateModified":"2026-03-04T16:56:57+00:00","description":"Los salones de pedicura profesionales se est\u00e1n pasando al sill\u00f3n de pedicura Le R\u00eave VE. Cree una experiencia relajante para sus clientes con tecnolog\u00edas avanzadas y una ergonom\u00eda \u00f3ptima.","breadcrumb":{"@id":"https:\/\/touchproeurope.eu\/product\/le-reve-ve-pedicurestoel-spa\/#breadcrumb"},"inLanguage":"es","potentialAction":[{"@type":"ReadAction","target":["https:\/\/touchproeurope.eu\/product\/le-reve-ve-pedicurestoel-spa\/"]}]},{"@type":"ImageObject","inLanguage":"es","@id":"https:\/\/touchproeurope.eu\/product\/le-reve-ve-pedicurestoel-spa\/#primaryimage","url":"https:\/\/i0.wp.com\/touchproeurope.eu\/wp-content\/uploads\/2025\/02\/le_reve_-_black_base_-_black_upholstery-e1738766960816.webp?fit=800%2C800&ssl=1","contentUrl":"https:\/\/i0.wp.com\/touchproeurope.eu\/wp-content\/uploads\/2025\/02\/le_reve_-_black_base_-_black_upholstery-e1738766960816.webp?fit=800%2C800&ssl=1","width":800,"height":800,"caption":"Le R\u00eave VE Pedicurestoel Spa"},{"@type":"BreadcrumbList","@id":"https:\/\/touchproeurope.eu\/product\/le-reve-ve-pedicurestoel-spa\/#breadcrumb","itemListElement":[{"@type":"ListItem","position":1,"name":"Home","item":"https:\/\/touchproeurope.eu\/"},{"@type":"ListItem","position":2,"name":"Winkel","item":"https:\/\/touchproeurope.eu\/winkel\/"},{"@type":"ListItem","position":3,"name":"Le R\u00eave VE Pedicurestoel Spa"}]},{"@type":"WebSite","@id":"https:\/\/touchproeurope.eu\/#website","url":"https:\/\/touchproeurope.eu\/","name":"Tienda TouchPro Europe","description":"\u00a1Todo para su consulta con un toque PROfesional!","publisher":{"@id":"https:\/\/touchproeurope.eu\/#organization"},"alternateName":"TPE","potentialAction":[{"@type":"SearchAction","target":{"@type":"EntryPoint","urlTemplate":"https:\/\/touchproeurope.eu\/?s={search_term_string}"},"query-input":{"@type":"PropertyValueSpecification","valueRequired":true,"valueName":"search_term_string"}}],"inLanguage":"es"},{"@type":"Organization","@id":"https:\/\/touchproeurope.eu\/#organization","name":"TouchPro Europe BV","alternateName":"TPE","url":"https:\/\/touchproeurope.eu\/","logo":{"@type":"ImageObject","inLanguage":"es","@id":"https:\/\/touchproeurope.eu\/#\/schema\/logo\/image\/","url":"https:\/\/i0.wp.com\/touchproeurope.eu\/wp-content\/uploads\/2023\/10\/2b592c_b6944d80811246d987cc2c29accedf3f.png?fit=1417%2C531&ssl=1","contentUrl":"https:\/\/i0.wp.com\/touchproeurope.eu\/wp-content\/uploads\/2023\/10\/2b592c_b6944d80811246d987cc2c29accedf3f.png?fit=1417%2C531&ssl=1","width":1417,"height":531,"caption":"TouchPro Europe BV"},"image":{"@id":"https:\/\/touchproeurope.eu\/#\/schema\/logo\/image\/"},"sameAs":["https:\/\/www.facebook.com\/TouchproNederland\/?locale=nl_NL\/","https:\/\/www.instagram.com\/touchpro2016\/","https:\/\/www.linkedin.com\/company\/touchpro-europe-bv\/"],"description":"TouchPro Europe Shop es la tienda de masajes de Europa. Vendemos productos de masaje de primera calidad a masajistas, pedicuras, fisioterapeutas, manicuras, centros de bienestar, cursos de formaci\u00f3n, etc. TouchPro comenz\u00f3 como una peque\u00f1a tienda en los Pa\u00edses Bajos, pero ahora se ha convertido en una tienda con clientes de toda Europa. Ofrecemos una amplia gama de productos de masaje, incluyendo camillas de masaje, aceites, cremas y accesorios de las mejores marcas como Earthlite, Stronglite e InnerStrenght, Habys, Living Earth Crafts y Continuum y otros proveedores de accesorios de masaje. Pida aqu\u00ed los mejores art\u00edculos de masaje de Europa.","email":"info@touchpro-europe.com","telephone":"0858768829","legalName":"TouchPro Europe BV","foundingDate":"2018-01-11","vatID":"NL855430151B01","numberOfEmployees":{"@type":"QuantitativeValue","minValue":"1","maxValue":"10"},"hasMerchantReturnPolicy":{"@type":"MerchantReturnPolicy","merchantReturnLink":"https:\/\/touchproeurope.eu\/es\/retourbeleid\/"}}]},"product_brand":"Continuum\u00ae","product_price_amount":"3400.00","product_price_currency":"EUR","og_availability":"backorder","product_availability":"available for order","product_retailer_item_id":"89728-1","product_condition":"new"},"_links":{"self":[{"href":"https:\/\/touchproeurope.eu\/es\/wp-json\/wp\/v2\/product\/7724","targetHints":{"allow":["GET"]}}],"collection":[{"href":"https:\/\/touchproeurope.eu\/es\/wp-json\/wp\/v2\/product"}],"about":[{"href":"https:\/\/touchproeurope.eu\/es\/wp-json\/wp\/v2\/types\/product"}],"replies":[{"embeddable":true,"href":"https:\/\/touchproeurope.eu\/es\/wp-json\/wp\/v2\/comments?post=7724"}],"version-history":[{"count":5,"href":"https:\/\/touchproeurope.eu\/es\/wp-json\/wp\/v2\/product\/7724\/revisions"}],"predecessor-version":[{"id":7743,"href":"https:\/\/touchproeurope.eu\/es\/wp-json\/wp\/v2\/product\/7724\/revisions\/7743"}],"wp:featuredmedia":[{"embeddable":true,"href":"https:\/\/touchproeurope.eu\/es\/wp-json\/wp\/v2\/media\/7725"}],"wp:attachment":[{"href":"https:\/\/touchproeurope.eu\/es\/wp-json\/wp\/v2\/media?parent=7724"}],"wp:term":[{"taxonomy":"product_brand","embeddable":true,"href":"https:\/\/touchproeurope.eu\/es\/wp-json\/wp\/v2\/product_brand?post=7724"},{"taxonomy":"product_cat","embeddable":true,"href":"https:\/\/touchproeurope.eu\/es\/wp-json\/wp\/v2\/product_cat?post=7724"},{"taxonomy":"product_tag","embeddable":true,"href":"https:\/\/touchproeurope.eu\/es\/wp-json\/wp\/v2\/product_tag?post=7724"}],"curies":[{"name":"wp","href":"https:\/\/api.w.org\/{rel}","templated":true}]}}