{"id":7913,"date":"2025-03-11T11:45:59","date_gmt":"2025-03-11T11:45:59","guid":{"rendered":"https:\/\/touchproeurope.eu\/?post_type=product&#038;p=7913"},"modified":"2026-03-04T16:57:08","modified_gmt":"2026-03-04T16:57:08","slug":"camilla-de-masaje-balance-ii","status":"publish","type":"product","link":"https:\/\/touchproeurope.eu\/es\/product\/massagetafel-balance-ii\/","title":{"rendered":"Camilla de masaje BALANCE II 71 cm"},"content":{"rendered":"<h2 data-start=\"0\" data-end=\"76\"><strong data-start=\"0\" data-end=\"74\">Camilla de masaje BALANCE II 71 cm - Camilla de tratamiento estable y confortable<\/strong><\/h2>\n<p data-start=\"78\" data-end=\"376\">La camilla de masaje BALANCE II es robusta y c\u00f3moda <strong data-start=\"147\" data-end=\"184\">camilla de masaje m\u00f3vil y port\u00e1til<\/strong>ideal tanto para terapeutas profesionales como para masajistas principiantes. Esta camilla es f\u00e1cil de montar y volver a plegar, lo que la hace perfecta para un uso y transporte flexibles.<\/p>\n<h3><strong data-start=\"382\" data-end=\"396\">Incluye:<\/strong><\/h3>\n<p data-start=\"399\" data-end=\"610\">\u2714 <strong data-start=\"401\" data-end=\"434\">Camilla de masaje BALANCE II 71 cm<\/strong><br data-start=\"434\" data-end=\"437\" \/>\u2714 <strong data-start=\"439\" data-end=\"465\">Reposacabezas ajustable<\/strong><br data-start=\"465\" data-end=\"468\" \/>\u2714 <strong data-start=\"470\" data-end=\"482\">Reposabrazos<\/strong><br data-start=\"482\" data-end=\"485\" \/>\u2714 <strong data-start=\"487\" data-end=\"502\">Opci\u00f3n Reiki<\/strong> en ambos extremos para m\u00e1s espacio para las piernas<br data-start=\"544\" data-end=\"547\" \/>\u2714 <strong data-start=\"549\" data-end=\"561\">Bolsa de transporte<\/strong> (<em data-start=\"563\" data-end=\"607\">el art\u00edculo puede diferir de la bolsa de la foto<\/em>)<\/p>\n<p><strong data-start=\"616\" data-end=\"645\">Especificaciones t\u00e9cnicas:<\/strong><\/p>\n<ul data-start=\"648\" data-end=\"912\">\n<li data-start=\"648\" data-end=\"670\"><strong data-start=\"650\" data-end=\"662\">Anchura:<\/strong> 71 cm<\/li>\n<li data-start=\"671\" data-end=\"709\"><strong data-start=\"673\" data-end=\"696\">Altura regulable:<\/strong> 61 - 83 cm<\/li>\n<li data-start=\"710\" data-end=\"732\"><strong data-start=\"712\" data-end=\"723\">Longitud:<\/strong> 185 cm<\/li>\n<li data-start=\"733\" data-end=\"761\"><strong data-start=\"735\" data-end=\"747\">Peso:<\/strong> aprox. 15,5 kg<\/li>\n<li data-start=\"762\" data-end=\"798\"><strong data-start=\"764\" data-end=\"789\">Carga din\u00e1mica:<\/strong> 180 kg<\/li>\n<li data-start=\"799\" data-end=\"834\"><strong data-start=\"801\" data-end=\"825\">Carga est\u00e1tica:<\/strong> 720 kg<\/li>\n<li data-start=\"835\" data-end=\"873\"><strong data-start=\"837\" data-end=\"859\">Acolchado est\u00e1ndar:<\/strong> Espuma de 5 cm<\/li>\n<li data-start=\"874\" data-end=\"912\"><strong data-start=\"876\" data-end=\"910\">Revestimiento de PU suave y resistente<\/strong><\/li>\n<\/ul>\n<p><strong data-start=\"918\" data-end=\"951\">Mantenimiento del revestimiento de PU<\/strong><\/p>\n<p data-start=\"954\" data-end=\"1209\">La camilla de masaje m\u00f3vil est\u00e1 recubierta de <strong data-start=\"1018\" data-end=\"1039\">poliuretano (PU)<\/strong>f\u00e1cil de limpiar con agua y un poco de detergente. Para la desinfecci\u00f3n ocasional, recomendamos el <strong data-start=\"1155\" data-end=\"1202\">limpiador desinfectante sin alcohol \"Aysun spray limpiador\"<\/strong> a.<\/p>\n<p data-start=\"1211\" data-end=\"1247\">\ud83d\udca1 <strong data-start=\"1214\" data-end=\"1245\">Consejos importantes de mantenimiento:<\/strong><\/p>\n<ul data-start=\"1248\" data-end=\"1616\">\n<li data-start=\"1248\" data-end=\"1366\">Proteja siempre la camilla de masaje con un <strong data-start=\"1290\" data-end=\"1305\">cubierta limpia<\/strong> a da\u00f1os por <strong data-start=\"1321\" data-end=\"1350\">aceites para la piel y para masajes<\/strong> prevenir.<\/li>\n<li data-start=\"1367\" data-end=\"1505\">Al utilizar <strong data-start=\"1385\" data-end=\"1412\">grandes cantidades de aceite<\/strong>como en los masajes ayurv\u00e9dicos, un <strong data-start=\"1453\" data-end=\"1483\">cubierta especial de protecci\u00f3n del aceite<\/strong> a utilizar.<\/li>\n<li data-start=\"1506\" data-end=\"1616\">Evite <strong data-start=\"1516\" data-end=\"1568\">productos de limpieza agresivos o alcoh\u00f3licos<\/strong>ya que pueden da\u00f1ar el material.<\/li>\n<\/ul>\n<p><strong data-start=\"1622\" data-end=\"1676\">Informaci\u00f3n sobre la garant\u00eda (UE, Suiza y Noruega)<\/strong><\/p>\n<p data-start=\"1679\" data-end=\"1792\">En <strong data-start=\"1682\" data-end=\"1715\">Camilla de masaje BALANCE II 71 cm<\/strong> tiene un <strong data-start=\"1726\" data-end=\"1756\">periodo de garant\u00eda de 2 a\u00f1os<\/strong> sobre defectos de material y fabricaci\u00f3n.<\/p>\n<p data-start=\"1794\" data-end=\"1825\"><strong data-start=\"1794\" data-end=\"1823\">Excluido de la garant\u00eda:<\/strong><\/p>\n<ul data-start=\"1826\" data-end=\"1978\">\n<li data-start=\"1826\" data-end=\"1929\">Da\u00f1os causados por <strong data-start=\"1840\" data-end=\"1864\">manipulaci\u00f3n incorrecta<\/strong> (por ejemplo, da\u00f1os por aceite o uso inadecuado de productos de limpieza).<\/li>\n<li data-start=\"1930\" data-end=\"1978\">Normal <strong data-start=\"1940\" data-end=\"1952\">desgaste<\/strong> con el uso diario.<\/li>\n<\/ul>\n<h4>Instrucciones de seguridad:<\/h4>\n<p>Precauci\u00f3n: peligro de aplastamiento.<br \/>\nSiga las instrucciones del producto.<br \/>\n\u00dasalo como es debido.<br \/>\nInstrucciones del producto: <a href=\"https:\/\/bodynova.de\/media\/pdf\/welltouch-massage-tables-instructions.pdf\">Camillas para masajes de Welltouch (PDF)<\/a><\/p>","protected":false},"excerpt":{"rendered":"<p>Massagetafel BALANCE II 71 cm \u2013 Stabiele en Comfortabele Behandeltafel De Massagetafel BALANCE II is een robuuste en comfortabele mobiele en draagbare massagetafel, ideaal voor zowel professionele therapeuten als beginnende masseurs. Deze tafel is eenvoudig op te zetten en weer in te klappen, waardoor hij perfect is voor flexibel gebruik en transport. Inclusief: \u2714 Massagetafel [&hellip;]<\/p>\n","protected":false},"featured_media":7915,"comment_status":"open","ping_status":"closed","template":"","meta":[],"product_brand":[347],"product_cat":[94,93],"product_tag":[],"class_list":{"0":"post-7913","1":"product","2":"type-product","3":"status-publish","4":"has-post-thumbnail","6":"product_brand-welltouch","7":"product_cat-draagbare-massagetafels","8":"product_cat-massagetafels","9":"product_shipping_class-groot-pakket","10":"pa_kleur-beige","11":"pa_kleur-blauw","12":"pa_kleur-bordeaux","13":"pa_merk-welltouch","15":"first","16":"instock","17":"taxable","18":"shipping-taxable","19":"purchasable","20":"product-type-variable"},"yoast_head":"<!-- This site is optimized with the Yoast SEO Premium plugin v27.3 (Yoast SEO v27.3) - https:\/\/yoast.com\/product\/yoast-seo-premium-wordpress\/ -->\n<title>Massagetafel BALANCE II 71 cm - TouchPro Europe Shop<\/title>\n<meta name=\"description\" content=\"Maak je massage-ervaring compleet met de Massagetafel BALANCE II 71 cm. Deze multifunctionele tafel is ideaal voor elke therapeut! Te koop bij TouchPro Europe\" \/>\n<meta name=\"robots\" content=\"index, follow, max-snippet:-1, max-image-preview:large, max-video-preview:-1\" \/>\n<link rel=\"canonical\" href=\"https:\/\/touchproeurope.eu\/es\/product\/camilla-de-masaje-balance-ii\/\" \/>\n<meta property=\"og:locale\" content=\"es_ES\" \/>\n<meta property=\"og:type\" content=\"article\" \/>\n<meta property=\"og:title\" content=\"Massagetafel BALANCE II 71 cm\" \/>\n<meta property=\"og:description\" content=\"Maak je massage-ervaring compleet met de Massagetafel BALANCE II 71 cm. Deze multifunctionele tafel is ideaal voor elke therapeut! Te koop bij TouchPro Europe\" \/>\n<meta property=\"og:url\" content=\"https:\/\/touchproeurope.eu\/es\/product\/camilla-de-masaje-balance-ii\/\" \/>\n<meta property=\"og:site_name\" content=\"TouchPro Europe Shop\" \/>\n<meta property=\"article:publisher\" content=\"https:\/\/www.facebook.com\/TouchproNederland\/?locale=nl_NL%2f\" \/>\n<meta property=\"article:modified_time\" content=\"2026-03-04T16:57:08+00:00\" \/>\n<meta property=\"og:image\" content=\"https:\/\/touchproeurope.eu\/wp-content\/uploads\/2025\/03\/table-de-massage-pliante-balance-bordeau.jpeg\" \/>\n\t<meta property=\"og:image:width\" content=\"1500\" \/>\n\t<meta property=\"og:image:height\" content=\"1500\" \/>\n\t<meta property=\"og:image:type\" content=\"image\/jpeg\" \/>\n<meta name=\"twitter:card\" content=\"summary_large_image\" \/>\n<meta name=\"twitter:label1\" content=\"Disponibilidad\" \/>\n\t<meta name=\"twitter:data1\" content=\"Disponible\" \/>\n<script type=\"application\/ld+json\" class=\"yoast-schema-graph\">{\"@context\":\"https:\\\/\\\/schema.org\",\"@graph\":[{\"@type\":\"WebPage\",\"@id\":\"https:\\\/\\\/touchproeurope.eu\\\/product\\\/massagetafel-balance-ii\\\/\",\"url\":\"https:\\\/\\\/touchproeurope.eu\\\/product\\\/massagetafel-balance-ii\\\/\",\"name\":\"Massagetafel BALANCE II 71 cm - TouchPro Europe Shop\",\"isPartOf\":{\"@id\":\"https:\\\/\\\/touchproeurope.eu\\\/#website\"},\"primaryImageOfPage\":{\"@id\":\"https:\\\/\\\/touchproeurope.eu\\\/product\\\/massagetafel-balance-ii\\\/#primaryimage\"},\"image\":{\"@id\":\"https:\\\/\\\/touchproeurope.eu\\\/product\\\/massagetafel-balance-ii\\\/#primaryimage\"},\"thumbnailUrl\":\"https:\\\/\\\/i0.wp.com\\\/touchproeurope.eu\\\/wp-content\\\/uploads\\\/2025\\\/03\\\/table-de-massage-pliante-balance-bordeau.jpeg?fit=1500%2C1500&ssl=1\",\"datePublished\":\"2025-03-11T11:45:59+00:00\",\"dateModified\":\"2026-03-04T16:57:08+00:00\",\"description\":\"Maak je massage-ervaring compleet met de Massagetafel BALANCE II 71 cm. Deze multifunctionele tafel is ideaal voor elke therapeut! Te koop bij TouchPro Europe\",\"breadcrumb\":{\"@id\":\"https:\\\/\\\/touchproeurope.eu\\\/product\\\/massagetafel-balance-ii\\\/#breadcrumb\"},\"inLanguage\":\"es\",\"potentialAction\":[{\"@type\":\"ReadAction\",\"target\":[\"https:\\\/\\\/touchproeurope.eu\\\/product\\\/massagetafel-balance-ii\\\/\"]}]},{\"@type\":\"ImageObject\",\"inLanguage\":\"es\",\"@id\":\"https:\\\/\\\/touchproeurope.eu\\\/product\\\/massagetafel-balance-ii\\\/#primaryimage\",\"url\":\"https:\\\/\\\/i0.wp.com\\\/touchproeurope.eu\\\/wp-content\\\/uploads\\\/2025\\\/03\\\/table-de-massage-pliante-balance-bordeau.jpeg?fit=1500%2C1500&ssl=1\",\"contentUrl\":\"https:\\\/\\\/i0.wp.com\\\/touchproeurope.eu\\\/wp-content\\\/uploads\\\/2025\\\/03\\\/table-de-massage-pliante-balance-bordeau.jpeg?fit=1500%2C1500&ssl=1\",\"width\":1500,\"height\":1500,\"caption\":\"Massagetafel BALANCE II 71 cm\"},{\"@type\":\"BreadcrumbList\",\"@id\":\"https:\\\/\\\/touchproeurope.eu\\\/product\\\/massagetafel-balance-ii\\\/#breadcrumb\",\"itemListElement\":[{\"@type\":\"ListItem\",\"position\":1,\"name\":\"Home\",\"item\":\"https:\\\/\\\/touchproeurope.eu\\\/\"},{\"@type\":\"ListItem\",\"position\":2,\"name\":\"Winkel\",\"item\":\"https:\\\/\\\/touchproeurope.eu\\\/winkel\\\/\"},{\"@type\":\"ListItem\",\"position\":3,\"name\":\"Massagetafel BALANCE II 71 cm\"}]},{\"@type\":\"WebSite\",\"@id\":\"https:\\\/\\\/touchproeurope.eu\\\/#website\",\"url\":\"https:\\\/\\\/touchproeurope.eu\\\/\",\"name\":\"TouchPro Europe Shop\",\"description\":\"Alles voor jouw praktijk met een PROfessionele Touch!\",\"publisher\":{\"@id\":\"https:\\\/\\\/touchproeurope.eu\\\/#organization\"},\"alternateName\":\"TPE\",\"potentialAction\":[{\"@type\":\"SearchAction\",\"target\":{\"@type\":\"EntryPoint\",\"urlTemplate\":\"https:\\\/\\\/touchproeurope.eu\\\/?s={search_term_string}\"},\"query-input\":{\"@type\":\"PropertyValueSpecification\",\"valueRequired\":true,\"valueName\":\"search_term_string\"}}],\"inLanguage\":\"es\"},{\"@type\":\"Organization\",\"@id\":\"https:\\\/\\\/touchproeurope.eu\\\/#organization\",\"name\":\"TouchPro Europe BV\",\"alternateName\":\"TPE\",\"url\":\"https:\\\/\\\/touchproeurope.eu\\\/\",\"logo\":{\"@type\":\"ImageObject\",\"inLanguage\":\"es\",\"@id\":\"https:\\\/\\\/touchproeurope.eu\\\/#\\\/schema\\\/logo\\\/image\\\/\",\"url\":\"https:\\\/\\\/i0.wp.com\\\/touchproeurope.eu\\\/wp-content\\\/uploads\\\/2023\\\/10\\\/2b592c_b6944d80811246d987cc2c29accedf3f.png?fit=1417%2C531&ssl=1\",\"contentUrl\":\"https:\\\/\\\/i0.wp.com\\\/touchproeurope.eu\\\/wp-content\\\/uploads\\\/2023\\\/10\\\/2b592c_b6944d80811246d987cc2c29accedf3f.png?fit=1417%2C531&ssl=1\",\"width\":1417,\"height\":531,\"caption\":\"TouchPro Europe BV\"},\"image\":{\"@id\":\"https:\\\/\\\/touchproeurope.eu\\\/#\\\/schema\\\/logo\\\/image\\\/\"},\"sameAs\":[\"https:\\\/\\\/www.facebook.com\\\/TouchproNederland\\\/?locale=nl_NL\\\/\",\"https:\\\/\\\/www.instagram.com\\\/touchpro2016\\\/\",\"https:\\\/\\\/www.linkedin.com\\\/company\\\/touchpro-europe-bv\\\/\"],\"description\":\"TouchPro Europe Shop is de massage winkel van Europa. Wij verkopen topkwaliteit massageproducten aan masseurs, pedicures, fysiotherapeuten, manicuren, Wellness centra, opleidingen, etc. TouchPro begon als een kleine webshop in Nederland, maar is nu uitgegroeid tot een webshop met klanten uit heel Europa. Wij bieden een breed assortiment aan massageproducten, waaronder massagetafels, oli\u00ebn, cr\u00e8mes, en accessoires van topmerken, zoals Earthlite, Stronglite en InnerStrenght, Habys, Living Earth Crafts en Continuum en andere leveranciers van massage accessoires. Bestel hier de beste massagematerialen van Europa!\",\"email\":\"info@touchpro-europe.com\",\"telephone\":\"0858768829\",\"legalName\":\"TouchPro Europe BV\",\"foundingDate\":\"2018-01-11\",\"vatID\":\"NL855430151B01\",\"numberOfEmployees\":{\"@type\":\"QuantitativeValue\",\"minValue\":\"1\",\"maxValue\":\"10\"},\"hasMerchantReturnPolicy\":{\"@type\":\"MerchantReturnPolicy\",\"merchantReturnLink\":\"https:\\\/\\\/touchproeurope.eu\\\/es\\\/retourbeleid\\\/\"}}]}<\/script>\n<meta property=\"product:brand\" content=\"Welltouch\" \/>\n<meta property=\"og:availability\" content=\"instock\" \/>\n<meta property=\"product:availability\" content=\"instock\" \/>\n<meta property=\"product:retailer_item_id\" content=\"b71x\" \/>\n<meta property=\"product:condition\" content=\"new\" \/>\n<!-- \/ Yoast SEO Premium plugin. -->","yoast_head_json":{"title":"Camilla de masaje BALANCE II 71 cm - TouchPro Europe Shop","description":"Complete su experiencia de masaje con la camilla de masaje BALANCE II de 71 cm. Esta camilla multifuncional es ideal para cualquier terapeuta. A la venta en TouchPro Europe","robots":{"index":"index","follow":"follow","max-snippet":"max-snippet:-1","max-image-preview":"max-image-preview:large","max-video-preview":"max-video-preview:-1"},"canonical":"https:\/\/touchproeurope.eu\/es\/product\/camilla-de-masaje-balance-ii\/","og_locale":"es_ES","og_type":"article","og_title":"Massagetafel BALANCE II 71 cm","og_description":"Maak je massage-ervaring compleet met de Massagetafel BALANCE II 71 cm. Deze multifunctionele tafel is ideaal voor elke therapeut! Te koop bij TouchPro Europe","og_url":"https:\/\/touchproeurope.eu\/es\/product\/camilla-de-masaje-balance-ii\/","og_site_name":"TouchPro Europe Shop","article_publisher":"https:\/\/www.facebook.com\/TouchproNederland\/?locale=nl_NL%2f","article_modified_time":"2026-03-04T16:57:08+00:00","og_image":[{"width":1500,"height":1500,"url":"https:\/\/touchproeurope.eu\/wp-content\/uploads\/2025\/03\/table-de-massage-pliante-balance-bordeau.jpeg","type":"image\/jpeg"}],"twitter_card":"summary_large_image","twitter_misc":{"Disponibilidad":"Disponible"},"schema":{"@context":"https:\/\/schema.org","@graph":[{"@type":"WebPage","@id":"https:\/\/touchproeurope.eu\/product\/massagetafel-balance-ii\/","url":"https:\/\/touchproeurope.eu\/product\/massagetafel-balance-ii\/","name":"Camilla de masaje BALANCE II 71 cm - TouchPro Europe Shop","isPartOf":{"@id":"https:\/\/touchproeurope.eu\/#website"},"primaryImageOfPage":{"@id":"https:\/\/touchproeurope.eu\/product\/massagetafel-balance-ii\/#primaryimage"},"image":{"@id":"https:\/\/touchproeurope.eu\/product\/massagetafel-balance-ii\/#primaryimage"},"thumbnailUrl":"https:\/\/i0.wp.com\/touchproeurope.eu\/wp-content\/uploads\/2025\/03\/table-de-massage-pliante-balance-bordeau.jpeg?fit=1500%2C1500&ssl=1","datePublished":"2025-03-11T11:45:59+00:00","dateModified":"2026-03-04T16:57:08+00:00","description":"Complete su experiencia de masaje con la camilla de masaje BALANCE II de 71 cm. Esta camilla multifuncional es ideal para cualquier terapeuta. A la venta en TouchPro Europe","breadcrumb":{"@id":"https:\/\/touchproeurope.eu\/product\/massagetafel-balance-ii\/#breadcrumb"},"inLanguage":"es","potentialAction":[{"@type":"ReadAction","target":["https:\/\/touchproeurope.eu\/product\/massagetafel-balance-ii\/"]}]},{"@type":"ImageObject","inLanguage":"es","@id":"https:\/\/touchproeurope.eu\/product\/massagetafel-balance-ii\/#primaryimage","url":"https:\/\/i0.wp.com\/touchproeurope.eu\/wp-content\/uploads\/2025\/03\/table-de-massage-pliante-balance-bordeau.jpeg?fit=1500%2C1500&ssl=1","contentUrl":"https:\/\/i0.wp.com\/touchproeurope.eu\/wp-content\/uploads\/2025\/03\/table-de-massage-pliante-balance-bordeau.jpeg?fit=1500%2C1500&ssl=1","width":1500,"height":1500,"caption":"Massagetafel BALANCE II 71 cm"},{"@type":"BreadcrumbList","@id":"https:\/\/touchproeurope.eu\/product\/massagetafel-balance-ii\/#breadcrumb","itemListElement":[{"@type":"ListItem","position":1,"name":"Home","item":"https:\/\/touchproeurope.eu\/"},{"@type":"ListItem","position":2,"name":"Winkel","item":"https:\/\/touchproeurope.eu\/winkel\/"},{"@type":"ListItem","position":3,"name":"Massagetafel BALANCE II 71 cm"}]},{"@type":"WebSite","@id":"https:\/\/touchproeurope.eu\/#website","url":"https:\/\/touchproeurope.eu\/","name":"Tienda TouchPro Europe","description":"\u00a1Todo para su consulta con un toque PROfesional!","publisher":{"@id":"https:\/\/touchproeurope.eu\/#organization"},"alternateName":"TPE","potentialAction":[{"@type":"SearchAction","target":{"@type":"EntryPoint","urlTemplate":"https:\/\/touchproeurope.eu\/?s={search_term_string}"},"query-input":{"@type":"PropertyValueSpecification","valueRequired":true,"valueName":"search_term_string"}}],"inLanguage":"es"},{"@type":"Organization","@id":"https:\/\/touchproeurope.eu\/#organization","name":"TouchPro Europe BV","alternateName":"TPE","url":"https:\/\/touchproeurope.eu\/","logo":{"@type":"ImageObject","inLanguage":"es","@id":"https:\/\/touchproeurope.eu\/#\/schema\/logo\/image\/","url":"https:\/\/i0.wp.com\/touchproeurope.eu\/wp-content\/uploads\/2023\/10\/2b592c_b6944d80811246d987cc2c29accedf3f.png?fit=1417%2C531&ssl=1","contentUrl":"https:\/\/i0.wp.com\/touchproeurope.eu\/wp-content\/uploads\/2023\/10\/2b592c_b6944d80811246d987cc2c29accedf3f.png?fit=1417%2C531&ssl=1","width":1417,"height":531,"caption":"TouchPro Europe BV"},"image":{"@id":"https:\/\/touchproeurope.eu\/#\/schema\/logo\/image\/"},"sameAs":["https:\/\/www.facebook.com\/TouchproNederland\/?locale=nl_NL\/","https:\/\/www.instagram.com\/touchpro2016\/","https:\/\/www.linkedin.com\/company\/touchpro-europe-bv\/"],"description":"TouchPro Europe Shop es la tienda de masajes de Europa. Vendemos productos de masaje de primera calidad a masajistas, pedicuras, fisioterapeutas, manicuras, centros de bienestar, cursos de formaci\u00f3n, etc. TouchPro comenz\u00f3 como una peque\u00f1a tienda en los Pa\u00edses Bajos, pero ahora se ha convertido en una tienda con clientes de toda Europa. Ofrecemos una amplia gama de productos de masaje, incluyendo camillas de masaje, aceites, cremas y accesorios de las mejores marcas como Earthlite, Stronglite e InnerStrenght, Habys, Living Earth Crafts y Continuum y otros proveedores de accesorios de masaje. Pida aqu\u00ed los mejores art\u00edculos de masaje de Europa.","email":"info@touchpro-europe.com","telephone":"0858768829","legalName":"TouchPro Europe BV","foundingDate":"2018-01-11","vatID":"NL855430151B01","numberOfEmployees":{"@type":"QuantitativeValue","minValue":"1","maxValue":"10"},"hasMerchantReturnPolicy":{"@type":"MerchantReturnPolicy","merchantReturnLink":"https:\/\/touchproeurope.eu\/es\/retourbeleid\/"}}]},"product_brand":"Welltouch","og_availability":"instock","product_availability":"instock","product_retailer_item_id":"b71x","product_condition":"new"},"_links":{"self":[{"href":"https:\/\/touchproeurope.eu\/es\/wp-json\/wp\/v2\/product\/7913","targetHints":{"allow":["GET"]}}],"collection":[{"href":"https:\/\/touchproeurope.eu\/es\/wp-json\/wp\/v2\/product"}],"about":[{"href":"https:\/\/touchproeurope.eu\/es\/wp-json\/wp\/v2\/types\/product"}],"replies":[{"embeddable":true,"href":"https:\/\/touchproeurope.eu\/es\/wp-json\/wp\/v2\/comments?post=7913"}],"version-history":[{"count":4,"href":"https:\/\/touchproeurope.eu\/es\/wp-json\/wp\/v2\/product\/7913\/revisions"}],"predecessor-version":[{"id":7925,"href":"https:\/\/touchproeurope.eu\/es\/wp-json\/wp\/v2\/product\/7913\/revisions\/7925"}],"wp:featuredmedia":[{"embeddable":true,"href":"https:\/\/touchproeurope.eu\/es\/wp-json\/wp\/v2\/media\/7915"}],"wp:attachment":[{"href":"https:\/\/touchproeurope.eu\/es\/wp-json\/wp\/v2\/media?parent=7913"}],"wp:term":[{"taxonomy":"product_brand","embeddable":true,"href":"https:\/\/touchproeurope.eu\/es\/wp-json\/wp\/v2\/product_brand?post=7913"},{"taxonomy":"product_cat","embeddable":true,"href":"https:\/\/touchproeurope.eu\/es\/wp-json\/wp\/v2\/product_cat?post=7913"},{"taxonomy":"product_tag","embeddable":true,"href":"https:\/\/touchproeurope.eu\/es\/wp-json\/wp\/v2\/product_tag?post=7913"}],"curies":[{"name":"wp","href":"https:\/\/api.w.org\/{rel}","templated":true}]}}