{"id":7937,"date":"2025-03-16T18:47:25","date_gmt":"2025-03-16T18:47:25","guid":{"rendered":"https:\/\/touchproeurope.eu\/?post_type=product&#038;p=7937"},"modified":"2026-04-22T14:51:44","modified_gmt":"2026-04-22T14:51:44","slug":"camilla-de-masaje-balance-ii-76-cm","status":"publish","type":"product","link":"https:\/\/touchproeurope.eu\/es\/product\/massagetafel-balance-ii-76-cm\/","title":{"rendered":"Camilla de masaje BALANCE II 76 cm"},"content":{"rendered":"<p data-start=\"0\" data-end=\"173\"><strong data-start=\"0\" data-end=\"110\">La camilla de masaje BALANCE II de 76 cm con bastidor CableLock en la gama de precios econ\u00f3micos, \u00a1ahora mejorada en muchos detalles!<\/strong><br data-start=\"110\" data-end=\"113\" \/>La camilla de masaje es f\u00e1cil de montar y desmontar.<\/p>\n<h3 data-start=\"175\" data-end=\"194\">Ahora incluido:<\/h3>\n<ul data-start=\"195\" data-end=\"349\">\n<li data-start=\"195\" data-end=\"211\">Camilla de masaje BALANCE II 76 cm<\/li>\n<li data-start=\"212\" data-end=\"238\">Reposacabezas ajustable<\/li>\n<li data-start=\"239\" data-end=\"251\">Reposabrazos<\/li>\n<li data-start=\"252\" data-end=\"287\">Opci\u00f3n de reiki en ambos extremos<\/li>\n<li data-start=\"288\" data-end=\"349\">Bolsa de transporte (el art\u00edculo puede diferir de la bolsa de la foto)<\/li>\n<\/ul>\n<h3 data-start=\"351\" data-end=\"376\">Detalles de la construcci\u00f3n:<\/h3>\n<ul data-start=\"377\" data-end=\"620\">\n<li data-start=\"377\" data-end=\"417\">Anchos disponibles: 71 cm y 76 cm<\/li>\n<li data-start=\"418\" data-end=\"446\">Altura: 61 - 83 cm<\/li>\n<li data-start=\"447\" data-end=\"465\">Longitud: 185 cm<\/li>\n<li data-start=\"466\" data-end=\"490\">Peso: aprox. 16,5 kg<\/li>\n<li data-start=\"491\" data-end=\"553\">Carga din\u00e1mica: 180 kg \/ carga est\u00e1tica: 720 kg<\/li>\n<li data-start=\"554\" data-end=\"588\">Acolchado est\u00e1ndar: espuma de 5 cm<\/li>\n<li data-start=\"589\" data-end=\"620\">Suave y resistente: revestimiento de PU<\/li>\n<\/ul>\n<h3 data-start=\"622\" data-end=\"667\">Instrucciones de cuidado del poliuretano<\/h3>\n<p data-start=\"668\" data-end=\"970\">Nuestras camillas, taburetes, sillones de masaje, rodillos, etc. est\u00e1n recubiertos de poliuretano (PU) de alta calidad. Este material se limpia f\u00e1cilmente con agua y un poco de detergente. Para una desinfecci\u00f3n ocasional, recomendamos nuestro limpiador desinfectante sin alcohol. <strong data-start=\"949\" data-end=\"963\">\u201cAysun spray limpiador\u201d<\/strong> a.<\/p>\n<p data-start=\"972\" data-end=\"1275\">El spray limpiador Aysun no contiene alcohol, aldeh\u00eddos ni fenoles, por lo que es muy respetuoso con los materiales. Basta con pulverizar, dejar actuar 1 minuto y limpiar con un pa\u00f1o suave y h\u00famedo. La lej\u00eda com\u00fan, diluida 1:10 en agua, tambi\u00e9n es adecuada para limpiar tapicer\u00edas de PU.<\/p>\n<p data-start=\"1277\" data-end=\"1650\">Los aceites, incluidos los aceites naturales de la piel, pueden da\u00f1ar el material de la funda. Por lo tanto, proteja siempre la superficie reclinable con una funda limpia y aseg\u00farese de que no queden restos de aceite en el material. Cuando se utilicen grandes cantidades de aceite, como en los tratamientos ayurv\u00e9dicos, la camilla debe protegerse siempre con una funda especial resistente al aceite.<\/p>\n<p data-start=\"1652\" data-end=\"1865\">Los desinfectantes agresivos o a base de alcohol tambi\u00e9n pueden da\u00f1ar el material. Los da\u00f1os causados por el uso de productos de limpieza distintos de los mencionados anteriormente no est\u00e1n cubiertos por la garant\u00eda.<\/p>\n<h3 data-start=\"1867\" data-end=\"1892\">Informaci\u00f3n sobre la garant\u00eda<\/h3>\n<p data-start=\"1893\" data-end=\"2109\"><em data-start=\"1893\" data-end=\"1940\">(V\u00e1lido para la UE, Suiza y Noruega)<\/em><br data-start=\"1940\" data-end=\"1943\" \/>TouchPro Europe garantiza que los productos WellTouch, incluido el material de recubrimiento y los accesorios, est\u00e1n libres de defectos de materiales y mano de obra durante dos a\u00f1os.<\/p>\n<p data-start=\"2111\" data-end=\"2146\">Quedan excluidos de la garant\u00eda<\/p>\n<ul data-start=\"2147\" data-end=\"2304\">\n<li data-start=\"2147\" data-end=\"2283\">Da\u00f1os causados por un uso o manipulaci\u00f3n inadecuados (como da\u00f1os causados por el aceite o por cosm\u00e9ticos o productos de limpieza inadecuados).<\/li>\n<li data-start=\"2284\" data-end=\"2304\">Desgaste normal<\/li>\n<\/ul>\n<h4>Instrucciones de seguridad:<\/h4>\n<p>Precauci\u00f3n: peligro de aplastamiento.<br \/>\nSiga las instrucciones del producto.<br \/>\n\u00dasalo como es debido.<br \/>\nInstrucciones del producto: <a href=\"https:\/\/bodynova.de\/media\/pdf\/welltouch-massage-tables-instructions.pdf\">Camillas para masajes de Welltouch (PDF)<\/a><\/p>","protected":false},"excerpt":{"rendered":"<p data-start=\"0\" data-end=\"53\"><strong data-start=\"0\" data-end=\"51\">Camilla de masaje WellTouch BALANCE II 76 cm- Comodidad y estabilidad<\/strong><\/p>\n<p data-start=\"55\" data-end=\"426\" data-is-last-node=\"\" data-is-only-node=\"\">Nuestra camilla de masaje con robusto armaz\u00f3n CableLock, \u00a1ahora mejorada! F\u00e1cil de montar e ideal para profesionales. Incluye reposacabezas ajustable, reposabrazos y bolsa de transporte. Disponible en 71 cm y 76 cm de ancho, con un c\u00f3modo coj\u00edn de espuma de 5 cm de grosor y tapizado de PU duradero. Carga hasta 180 kg din\u00e1micamente. Perfecta para masajes, fisioterapia y bienestar.<\/p>","protected":false},"featured_media":7938,"comment_status":"open","ping_status":"closed","template":"","meta":[],"product_brand":[347],"product_cat":[94,93],"product_tag":[],"class_list":{"0":"post-7937","1":"product","2":"type-product","3":"status-publish","4":"has-post-thumbnail","6":"product_brand-welltouch","7":"product_cat-draagbare-massagetafels","8":"product_cat-massagetafels","9":"product_shipping_class-groot-pakket","10":"pa_kleur-beige","11":"pa_kleur-blauw","12":"pa_kleur-bordeaux","13":"pa_kleur-chocolade","14":"pa_merk-welltouch","16":"first","17":"instock","18":"taxable","19":"shipping-taxable","20":"purchasable","21":"product-type-variable"},"yoast_head":"<!-- This site is optimized with the Yoast SEO Premium plugin v27.4 (Yoast SEO v27.4) - https:\/\/yoast.com\/product\/yoast-seo-premium-wordpress\/ -->\n<title>Massagetafel BALANCE II 76 cm - TouchPro Europe Shop<\/title>\n<meta name=\"description\" content=\"Bestel de massagetafel BALANCE II 76 cm met een sterk CableLock-frame voor optimale veiligheid bij TouchPro Europe. Perfect voor elke massagetoepassing!\" \/>\n<meta name=\"robots\" content=\"index, follow, max-snippet:-1, max-image-preview:large, max-video-preview:-1\" \/>\n<link rel=\"canonical\" href=\"https:\/\/touchproeurope.eu\/es\/product\/camilla-de-masaje-balance-ii-76-cm\/\" \/>\n<meta property=\"og:locale\" content=\"es_ES\" \/>\n<meta property=\"og:type\" content=\"article\" \/>\n<meta property=\"og:title\" content=\"Massagetafel BALANCE II 76 cm\" \/>\n<meta property=\"og:description\" content=\"Bestel de massagetafel BALANCE II 76 cm met een sterk CableLock-frame voor optimale veiligheid bij TouchPro Europe. Perfect voor elke massagetoepassing!\" \/>\n<meta property=\"og:url\" content=\"https:\/\/touchproeurope.eu\/es\/product\/camilla-de-masaje-balance-ii-76-cm\/\" \/>\n<meta property=\"og:site_name\" content=\"TouchPro Europe Shop\" \/>\n<meta property=\"article:publisher\" content=\"https:\/\/www.facebook.com\/TouchproNederland\/?locale=nl_NL%2f\" \/>\n<meta property=\"article:modified_time\" content=\"2026-04-22T14:51:44+00:00\" \/>\n<meta property=\"og:image\" content=\"https:\/\/touchproeurope.eu\/wp-content\/uploads\/2025\/03\/b76s_massage_liege_welltouch_welness_schoko_aufgebaut_kopfstuetze-e1742150378963.jpeg\" \/>\n\t<meta property=\"og:image:width\" content=\"800\" \/>\n\t<meta property=\"og:image:height\" content=\"800\" \/>\n\t<meta property=\"og:image:type\" content=\"image\/jpeg\" \/>\n<meta name=\"twitter:card\" content=\"summary_large_image\" \/>\n<meta name=\"twitter:label1\" content=\"Disponibilidad\" \/>\n\t<meta name=\"twitter:data1\" content=\"Disponible\" \/>\n<script type=\"application\/ld+json\" class=\"yoast-schema-graph\">{\"@context\":\"https:\\\/\\\/schema.org\",\"@graph\":[{\"@type\":\"WebPage\",\"@id\":\"https:\\\/\\\/touchproeurope.eu\\\/product\\\/massagetafel-balance-ii-76-cm\\\/\",\"url\":\"https:\\\/\\\/touchproeurope.eu\\\/product\\\/massagetafel-balance-ii-76-cm\\\/\",\"name\":\"Massagetafel BALANCE II 76 cm - TouchPro Europe Shop\",\"isPartOf\":{\"@id\":\"https:\\\/\\\/touchproeurope.eu\\\/#website\"},\"primaryImageOfPage\":{\"@id\":\"https:\\\/\\\/touchproeurope.eu\\\/product\\\/massagetafel-balance-ii-76-cm\\\/#primaryimage\"},\"image\":{\"@id\":\"https:\\\/\\\/touchproeurope.eu\\\/product\\\/massagetafel-balance-ii-76-cm\\\/#primaryimage\"},\"thumbnailUrl\":\"https:\\\/\\\/i0.wp.com\\\/touchproeurope.eu\\\/wp-content\\\/uploads\\\/2025\\\/03\\\/b76s_massage_liege_welltouch_welness_schoko_aufgebaut_kopfstuetze-e1742150378963.jpeg?fit=800%2C800&ssl=1\",\"datePublished\":\"2025-03-16T18:47:25+00:00\",\"dateModified\":\"2026-04-22T14:51:44+00:00\",\"description\":\"Bestel de massagetafel BALANCE II 76 cm met een sterk CableLock-frame voor optimale veiligheid bij TouchPro Europe. Perfect voor elke massagetoepassing!\",\"breadcrumb\":{\"@id\":\"https:\\\/\\\/touchproeurope.eu\\\/product\\\/massagetafel-balance-ii-76-cm\\\/#breadcrumb\"},\"inLanguage\":\"es\",\"potentialAction\":[{\"@type\":\"ReadAction\",\"target\":[\"https:\\\/\\\/touchproeurope.eu\\\/product\\\/massagetafel-balance-ii-76-cm\\\/\"]}]},{\"@type\":\"ImageObject\",\"inLanguage\":\"es\",\"@id\":\"https:\\\/\\\/touchproeurope.eu\\\/product\\\/massagetafel-balance-ii-76-cm\\\/#primaryimage\",\"url\":\"https:\\\/\\\/i0.wp.com\\\/touchproeurope.eu\\\/wp-content\\\/uploads\\\/2025\\\/03\\\/b76s_massage_liege_welltouch_welness_schoko_aufgebaut_kopfstuetze-e1742150378963.jpeg?fit=800%2C800&ssl=1\",\"contentUrl\":\"https:\\\/\\\/i0.wp.com\\\/touchproeurope.eu\\\/wp-content\\\/uploads\\\/2025\\\/03\\\/b76s_massage_liege_welltouch_welness_schoko_aufgebaut_kopfstuetze-e1742150378963.jpeg?fit=800%2C800&ssl=1\",\"width\":800,\"height\":800,\"caption\":\"Massagetafel BALANCE II 76 cm\"},{\"@type\":\"BreadcrumbList\",\"@id\":\"https:\\\/\\\/touchproeurope.eu\\\/product\\\/massagetafel-balance-ii-76-cm\\\/#breadcrumb\",\"itemListElement\":[{\"@type\":\"ListItem\",\"position\":1,\"name\":\"Home\",\"item\":\"https:\\\/\\\/touchproeurope.eu\\\/\"},{\"@type\":\"ListItem\",\"position\":2,\"name\":\"Winkel\",\"item\":\"https:\\\/\\\/touchproeurope.eu\\\/winkel\\\/\"},{\"@type\":\"ListItem\",\"position\":3,\"name\":\"Massagetafel BALANCE II 76 cm\"}]},{\"@type\":\"WebSite\",\"@id\":\"https:\\\/\\\/touchproeurope.eu\\\/#website\",\"url\":\"https:\\\/\\\/touchproeurope.eu\\\/\",\"name\":\"TouchPro Europe Shop\",\"description\":\"Alles voor jouw praktijk met een PROfessionele Touch!\",\"publisher\":{\"@id\":\"https:\\\/\\\/touchproeurope.eu\\\/#organization\"},\"alternateName\":\"TPE\",\"potentialAction\":[{\"@type\":\"SearchAction\",\"target\":{\"@type\":\"EntryPoint\",\"urlTemplate\":\"https:\\\/\\\/touchproeurope.eu\\\/?s={search_term_string}\"},\"query-input\":{\"@type\":\"PropertyValueSpecification\",\"valueRequired\":true,\"valueName\":\"search_term_string\"}}],\"inLanguage\":\"es\"},{\"@type\":\"Organization\",\"@id\":\"https:\\\/\\\/touchproeurope.eu\\\/#organization\",\"name\":\"TouchPro Europe BV\",\"alternateName\":\"TPE\",\"url\":\"https:\\\/\\\/touchproeurope.eu\\\/\",\"logo\":{\"@type\":\"ImageObject\",\"inLanguage\":\"es\",\"@id\":\"https:\\\/\\\/touchproeurope.eu\\\/#\\\/schema\\\/logo\\\/image\\\/\",\"url\":\"https:\\\/\\\/i0.wp.com\\\/touchproeurope.eu\\\/wp-content\\\/uploads\\\/2023\\\/10\\\/2b592c_b6944d80811246d987cc2c29accedf3f.png?fit=1417%2C531&ssl=1\",\"contentUrl\":\"https:\\\/\\\/i0.wp.com\\\/touchproeurope.eu\\\/wp-content\\\/uploads\\\/2023\\\/10\\\/2b592c_b6944d80811246d987cc2c29accedf3f.png?fit=1417%2C531&ssl=1\",\"width\":1417,\"height\":531,\"caption\":\"TouchPro Europe BV\"},\"image\":{\"@id\":\"https:\\\/\\\/touchproeurope.eu\\\/#\\\/schema\\\/logo\\\/image\\\/\"},\"sameAs\":[\"https:\\\/\\\/www.facebook.com\\\/TouchproNederland\\\/?locale=nl_NL\\\/\",\"https:\\\/\\\/www.instagram.com\\\/touchpro2016\\\/\",\"https:\\\/\\\/www.linkedin.com\\\/company\\\/touchpro-europe-bv\\\/\"],\"description\":\"TouchPro Europe Shop is de massage winkel van Europa. Wij verkopen topkwaliteit massageproducten aan masseurs, pedicures, fysiotherapeuten, manicuren, Wellness centra, opleidingen, etc. TouchPro begon als een kleine webshop in Nederland, maar is nu uitgegroeid tot een webshop met klanten uit heel Europa. Wij bieden een breed assortiment aan massageproducten, waaronder massagetafels, oli\u00ebn, cr\u00e8mes, en accessoires van topmerken, zoals Earthlite, Stronglite en InnerStrenght, Habys, Living Earth Crafts en Continuum en andere leveranciers van massage accessoires. Bestel hier de beste massagematerialen van Europa!\",\"email\":\"info@touchpro-europe.com\",\"telephone\":\"0858768829\",\"legalName\":\"TouchPro Europe BV\",\"foundingDate\":\"2018-01-11\",\"vatID\":\"NL855430151B01\",\"numberOfEmployees\":{\"@type\":\"QuantitativeValue\",\"minValue\":\"1\",\"maxValue\":\"10\"},\"hasMerchantReturnPolicy\":{\"@type\":\"MerchantReturnPolicy\",\"merchantReturnLink\":\"https:\\\/\\\/touchproeurope.eu\\\/es\\\/retourbeleid\\\/\"}}]}<\/script>\n<meta property=\"product:brand\" content=\"Welltouch\" \/>\n<meta property=\"og:availability\" content=\"instock\" \/>\n<meta property=\"product:availability\" content=\"instock\" \/>\n<meta property=\"product:retailer_item_id\" content=\"b76x\" \/>\n<meta property=\"product:condition\" content=\"new\" \/>\n<!-- \/ Yoast SEO Premium plugin. -->","yoast_head_json":{"title":"Camilla de masaje BALANCE II 76 cm - TouchPro Europe Shop","description":"Pida a TouchPro Europe la camilla de masaje BALANCE II de 76 cm con un resistente armaz\u00f3n CableLock para una seguridad \u00f3ptima. \u00a1Perfecta para cualquier aplicaci\u00f3n de masaje!","robots":{"index":"index","follow":"follow","max-snippet":"max-snippet:-1","max-image-preview":"max-image-preview:large","max-video-preview":"max-video-preview:-1"},"canonical":"https:\/\/touchproeurope.eu\/es\/product\/camilla-de-masaje-balance-ii-76-cm\/","og_locale":"es_ES","og_type":"article","og_title":"Massagetafel BALANCE II 76 cm","og_description":"Bestel de massagetafel BALANCE II 76 cm met een sterk CableLock-frame voor optimale veiligheid bij TouchPro Europe. Perfect voor elke massagetoepassing!","og_url":"https:\/\/touchproeurope.eu\/es\/product\/camilla-de-masaje-balance-ii-76-cm\/","og_site_name":"TouchPro Europe Shop","article_publisher":"https:\/\/www.facebook.com\/TouchproNederland\/?locale=nl_NL%2f","article_modified_time":"2026-04-22T14:51:44+00:00","og_image":[{"width":800,"height":800,"url":"https:\/\/touchproeurope.eu\/wp-content\/uploads\/2025\/03\/b76s_massage_liege_welltouch_welness_schoko_aufgebaut_kopfstuetze-e1742150378963.jpeg","type":"image\/jpeg"}],"twitter_card":"summary_large_image","twitter_misc":{"Disponibilidad":"Disponible"},"schema":{"@context":"https:\/\/schema.org","@graph":[{"@type":"WebPage","@id":"https:\/\/touchproeurope.eu\/product\/massagetafel-balance-ii-76-cm\/","url":"https:\/\/touchproeurope.eu\/product\/massagetafel-balance-ii-76-cm\/","name":"Camilla de masaje BALANCE II 76 cm - TouchPro Europe Shop","isPartOf":{"@id":"https:\/\/touchproeurope.eu\/#website"},"primaryImageOfPage":{"@id":"https:\/\/touchproeurope.eu\/product\/massagetafel-balance-ii-76-cm\/#primaryimage"},"image":{"@id":"https:\/\/touchproeurope.eu\/product\/massagetafel-balance-ii-76-cm\/#primaryimage"},"thumbnailUrl":"https:\/\/i0.wp.com\/touchproeurope.eu\/wp-content\/uploads\/2025\/03\/b76s_massage_liege_welltouch_welness_schoko_aufgebaut_kopfstuetze-e1742150378963.jpeg?fit=800%2C800&ssl=1","datePublished":"2025-03-16T18:47:25+00:00","dateModified":"2026-04-22T14:51:44+00:00","description":"Pida a TouchPro Europe la camilla de masaje BALANCE II de 76 cm con un resistente armaz\u00f3n CableLock para una seguridad \u00f3ptima. \u00a1Perfecta para cualquier aplicaci\u00f3n de masaje!","breadcrumb":{"@id":"https:\/\/touchproeurope.eu\/product\/massagetafel-balance-ii-76-cm\/#breadcrumb"},"inLanguage":"es","potentialAction":[{"@type":"ReadAction","target":["https:\/\/touchproeurope.eu\/product\/massagetafel-balance-ii-76-cm\/"]}]},{"@type":"ImageObject","inLanguage":"es","@id":"https:\/\/touchproeurope.eu\/product\/massagetafel-balance-ii-76-cm\/#primaryimage","url":"https:\/\/i0.wp.com\/touchproeurope.eu\/wp-content\/uploads\/2025\/03\/b76s_massage_liege_welltouch_welness_schoko_aufgebaut_kopfstuetze-e1742150378963.jpeg?fit=800%2C800&ssl=1","contentUrl":"https:\/\/i0.wp.com\/touchproeurope.eu\/wp-content\/uploads\/2025\/03\/b76s_massage_liege_welltouch_welness_schoko_aufgebaut_kopfstuetze-e1742150378963.jpeg?fit=800%2C800&ssl=1","width":800,"height":800,"caption":"Massagetafel BALANCE II 76 cm"},{"@type":"BreadcrumbList","@id":"https:\/\/touchproeurope.eu\/product\/massagetafel-balance-ii-76-cm\/#breadcrumb","itemListElement":[{"@type":"ListItem","position":1,"name":"Home","item":"https:\/\/touchproeurope.eu\/"},{"@type":"ListItem","position":2,"name":"Winkel","item":"https:\/\/touchproeurope.eu\/winkel\/"},{"@type":"ListItem","position":3,"name":"Massagetafel BALANCE II 76 cm"}]},{"@type":"WebSite","@id":"https:\/\/touchproeurope.eu\/#website","url":"https:\/\/touchproeurope.eu\/","name":"Tienda TouchPro Europe","description":"\u00a1Todo para su consulta con un toque PROfesional!","publisher":{"@id":"https:\/\/touchproeurope.eu\/#organization"},"alternateName":"TPE","potentialAction":[{"@type":"SearchAction","target":{"@type":"EntryPoint","urlTemplate":"https:\/\/touchproeurope.eu\/?s={search_term_string}"},"query-input":{"@type":"PropertyValueSpecification","valueRequired":true,"valueName":"search_term_string"}}],"inLanguage":"es"},{"@type":"Organization","@id":"https:\/\/touchproeurope.eu\/#organization","name":"TouchPro Europe BV","alternateName":"TPE","url":"https:\/\/touchproeurope.eu\/","logo":{"@type":"ImageObject","inLanguage":"es","@id":"https:\/\/touchproeurope.eu\/#\/schema\/logo\/image\/","url":"https:\/\/i0.wp.com\/touchproeurope.eu\/wp-content\/uploads\/2023\/10\/2b592c_b6944d80811246d987cc2c29accedf3f.png?fit=1417%2C531&ssl=1","contentUrl":"https:\/\/i0.wp.com\/touchproeurope.eu\/wp-content\/uploads\/2023\/10\/2b592c_b6944d80811246d987cc2c29accedf3f.png?fit=1417%2C531&ssl=1","width":1417,"height":531,"caption":"TouchPro Europe BV"},"image":{"@id":"https:\/\/touchproeurope.eu\/#\/schema\/logo\/image\/"},"sameAs":["https:\/\/www.facebook.com\/TouchproNederland\/?locale=nl_NL\/","https:\/\/www.instagram.com\/touchpro2016\/","https:\/\/www.linkedin.com\/company\/touchpro-europe-bv\/"],"description":"TouchPro Europe Shop es la tienda de masajes de Europa. Vendemos productos de masaje de primera calidad a masajistas, pedicuras, fisioterapeutas, manicuras, centros de bienestar, cursos de formaci\u00f3n, etc. TouchPro comenz\u00f3 como una peque\u00f1a tienda en los Pa\u00edses Bajos, pero ahora se ha convertido en una tienda con clientes de toda Europa. Ofrecemos una amplia gama de productos de masaje, incluyendo camillas de masaje, aceites, cremas y accesorios de las mejores marcas como Earthlite, Stronglite e InnerStrenght, Habys, Living Earth Crafts y Continuum y otros proveedores de accesorios de masaje. Pida aqu\u00ed los mejores art\u00edculos de masaje de Europa.","email":"info@touchpro-europe.com","telephone":"0858768829","legalName":"TouchPro Europe BV","foundingDate":"2018-01-11","vatID":"NL855430151B01","numberOfEmployees":{"@type":"QuantitativeValue","minValue":"1","maxValue":"10"},"hasMerchantReturnPolicy":{"@type":"MerchantReturnPolicy","merchantReturnLink":"https:\/\/touchproeurope.eu\/es\/retourbeleid\/"}}]},"product_brand":"Welltouch","og_availability":"instock","product_availability":"instock","product_retailer_item_id":"b76x","product_condition":"new"},"_links":{"self":[{"href":"https:\/\/touchproeurope.eu\/es\/wp-json\/wp\/v2\/product\/7937","targetHints":{"allow":["GET"]}}],"collection":[{"href":"https:\/\/touchproeurope.eu\/es\/wp-json\/wp\/v2\/product"}],"about":[{"href":"https:\/\/touchproeurope.eu\/es\/wp-json\/wp\/v2\/types\/product"}],"replies":[{"embeddable":true,"href":"https:\/\/touchproeurope.eu\/es\/wp-json\/wp\/v2\/comments?post=7937"}],"version-history":[{"count":3,"href":"https:\/\/touchproeurope.eu\/es\/wp-json\/wp\/v2\/product\/7937\/revisions"}],"predecessor-version":[{"id":13921,"href":"https:\/\/touchproeurope.eu\/es\/wp-json\/wp\/v2\/product\/7937\/revisions\/13921"}],"wp:featuredmedia":[{"embeddable":true,"href":"https:\/\/touchproeurope.eu\/es\/wp-json\/wp\/v2\/media\/7938"}],"wp:attachment":[{"href":"https:\/\/touchproeurope.eu\/es\/wp-json\/wp\/v2\/media?parent=7937"}],"wp:term":[{"taxonomy":"product_brand","embeddable":true,"href":"https:\/\/touchproeurope.eu\/es\/wp-json\/wp\/v2\/product_brand?post=7937"},{"taxonomy":"product_cat","embeddable":true,"href":"https:\/\/touchproeurope.eu\/es\/wp-json\/wp\/v2\/product_cat?post=7937"},{"taxonomy":"product_tag","embeddable":true,"href":"https:\/\/touchproeurope.eu\/es\/wp-json\/wp\/v2\/product_tag?post=7937"}],"curies":[{"name":"wp","href":"https:\/\/api.w.org\/{rel}","templated":true}]}}