{"id":7951,"date":"2025-03-16T19:00:42","date_gmt":"2025-03-16T19:00:42","guid":{"rendered":"https:\/\/touchproeurope.eu\/?post_type=product&#038;p=7951"},"modified":"2026-04-22T14:51:01","modified_gmt":"2026-04-22T14:51:01","slug":"camilla-de-masaje-komfort-ii-singing-bowl-welltouch","status":"publish","type":"product","link":"https:\/\/touchproeurope.eu\/es\/product\/massagetafel-komfort-ii-singing-bowl-welltouch\/","title":{"rendered":"Camilla de masaje KOMFORT II (cuenco tibetano) WellTouch"},"content":{"rendered":"<h2><strong data-start=\"0\" data-end=\"69\">Camilla de masaje m\u00f3vil con superficie grande para terapia con cuencos tibetanos<\/strong><\/h2>\n<p data-start=\"73\" data-end=\"280\">Esta camilla de masaje KOMFORT II (singing bowl)  de WellTouch es extra ancha y larga, y est\u00e1 especialmente dise\u00f1ada para la terapia profesional con cuencos tibetanos. Es port\u00e1til e incluye una bolsa de transporte, lo que facilita su transporte y almacenamiento.<\/p>\n<p data-start=\"282\" data-end=\"519\">La camilla de masaje, con una anchura de 80 cm, se puede ampliar hasta alcanzar una anchura de 120 cm y una longitud de 250 cm gracias a las extensiones incluidas. De este modo, se pueden colocar cuencos tibetanos alrededor del cliente y el terapeuta puede moverse c\u00f3modamente alrededor de la camilla.<\/p>\n<p data-start=\"521\" data-end=\"663\">La camilla de masaje KOMFORT II (singing bowl) de WellTouch tiene varios puntos de fijaci\u00f3n para las extensiones de 80 cm de largo, de modo que se pueden fijar en diferentes posiciones.<\/p>\n<h3>Incluido en la entrega:<\/h3>\n<ul data-start=\"696\" data-end=\"861\">\n<li data-start=\"696\" data-end=\"723\">Mesa de masaje con cuencos tibetanos<\/li>\n<li data-start=\"724\" data-end=\"750\">Reposacabezas ajustable<\/li>\n<li data-start=\"751\" data-end=\"763\">Reposabrazos<\/li>\n<li data-start=\"764\" data-end=\"815\">1 prolongaci\u00f3n para el extremo de los pies (60 x 20 cm)<\/li>\n<li data-start=\"816\" data-end=\"848\">2 extensiones laterales (80 x 20 cm)<\/li>\n<li data-start=\"849\" data-end=\"861\">Bolsa de transporte<\/li>\n<\/ul>\n<h3>Detalles:<\/h3>\n<ul data-start=\"878\" data-end=\"1260\">\n<li data-start=\"878\" data-end=\"933\"><strong data-start=\"880\" data-end=\"898\">Ancho de la mesa:<\/strong> 80 cm, con extensiones hasta 121 cm<\/li>\n<li data-start=\"934\" data-end=\"1017\"><strong data-start=\"936\" data-end=\"953\">Longitud de la mesa:<\/strong> 202 cm, ampliable hasta 250 cm con reposacabezas y prolongador<\/li>\n<li data-start=\"1018\" data-end=\"1038\"><strong data-start=\"1020\" data-end=\"1030\">Color:<\/strong> Beige<\/li>\n<li data-start=\"1039\" data-end=\"1077\"><strong data-start=\"1041\" data-end=\"1064\">Altura regulable:<\/strong> 57 \u2013 83 cm<\/li>\n<li data-start=\"1078\" data-end=\"1106\"><strong data-start=\"1080\" data-end=\"1092\">Peso:<\/strong> aprox. 18,5 kg<\/li>\n<li data-start=\"1107\" data-end=\"1177\"><strong data-start=\"1109\" data-end=\"1134\">Carga din\u00e1mica:<\/strong> 180 kg \/ <strong data-start=\"1144\" data-end=\"1168\">carga est\u00e1tica:<\/strong> 720 kg<\/li>\n<li data-start=\"1178\" data-end=\"1217\"><strong data-start=\"1180\" data-end=\"1215\">Revestimiento de PU duradero y suave<\/strong><\/li>\n<li data-start=\"1218\" data-end=\"1260\"><strong data-start=\"1220\" data-end=\"1251\">C\u00f3modo relleno de espuma:<\/strong> 6,5 cm<\/li>\n<\/ul>\n<h3>Instrucciones de cuidado del poliuretano<\/h3>\n<p data-start=\"1308\" data-end=\"1601\">Nuestras camillas de masaje, taburetes, sillas de masaje y rodillos est\u00e1n recubiertos con poliuretano (PU) de alta calidad. Este material se limpia f\u00e1cilmente con agua y una peque\u00f1a cantidad de detergente. Para una desinfecci\u00f3n ocasional, recomendamos nuestro limpiador desinfectante sin alcohol. <strong data-start=\"1580\" data-end=\"1594\">\u201cAysun spray limpiador\u201d<\/strong> a.<\/p>\n<p data-start=\"1603\" data-end=\"1905\">El spray limpiador Aysun no contiene alcohol, aldeh\u00eddos ni fenoles, por lo que protege el material de forma \u00f3ptima. Pulverice el producto, d\u00e9jelo actuar durante 1 minuto y l\u00edmpielo con un pa\u00f1o h\u00famedo y suave. El lej\u00eda dom\u00e9stica diluida (1:10 con agua) tambi\u00e9n es adecuada para limpiar revestimientos de PU.<\/p>\n<p data-start=\"1907\" data-end=\"2273\">Los aceites, incluidos los aceites naturales para la piel, pueden da\u00f1ar el revestimiento. Por lo tanto, proteja siempre la superficie de descanso con una funda limpia y aseg\u00farese de que no queden restos de aceite en el material. Cuando se utilicen grandes cantidades de aceite, como en los tratamientos ayurv\u00e9dicos, la mesa debe protegerse siempre con una funda especial resistente al aceite.<\/p>\n<p data-start=\"2275\" data-end=\"2476\">Los desinfectantes agresivos o a base de alcohol tambi\u00e9n pueden da\u00f1ar el material. Los da\u00f1os causados por el uso de otros productos de limpieza distintos a los mencionados anteriormente no est\u00e1n cubiertos por la garant\u00eda.<\/p>\n<h3>Informaci\u00f3n sobre la garant\u00eda<\/h3>\n<p data-start=\"2504\" data-end=\"2720\"><em data-start=\"2504\" data-end=\"2551\">(V\u00e1lido para la UE, Suiza y Noruega)<\/em><br data-start=\"2551\" data-end=\"2554\" \/>TouchPro garantiza que los productos WellTouch, incluidos los materiales de revestimiento y los accesorios, est\u00e1n libres de defectos de material y fabricaci\u00f3n durante dos a\u00f1os.<\/p>\n<p data-start=\"2722\" data-end=\"2757\">Quedan excluidos de la garant\u00eda<\/p>\n<ul data-start=\"2758\" data-end=\"2903\">\n<li data-start=\"2758\" data-end=\"2882\">Da\u00f1os causados por un uso o manejo incorrectos (como da\u00f1os por aceite o da\u00f1os causados por cosm\u00e9ticos o productos de limpieza inadecuados).<\/li>\n<li data-start=\"2883\" data-end=\"2903\">Desgaste normal<\/li>\n<\/ul>\n<h3>Instrucciones de seguridad:<\/h3>\n<p>Precauci\u00f3n: peligro de aplastamiento.<br \/>\nSiga las instrucciones del producto.<br \/>\n\u00dasalo como es debido.<br \/>\nInstrucciones del producto: <a href=\"https:\/\/bodynova.de\/media\/pdf\/welltouch-massage-tables-instructions.pdf\">Camillas para masajes de Welltouch (PDF)<\/a><\/p>","protected":false},"excerpt":{"rendered":"<p data-start=\"0\" data-end=\"73\"><strong data-start=\"0\" data-end=\"71\">La camilla de masaje KOMFORT II (cuenco tibetano) de WellTouch: espacio y comodidad para la terapia.<\/strong><\/p>\n<p data-start=\"75\" data-end=\"539\" data-is-last-node=\"\" data-is-only-node=\"\">Esta camilla de masaje extra ancha y larga est\u00e1 especialmente dise\u00f1ada para la terapia con cuencos tibetanos. Gracias a las extensiones incluidas, la camilla puede alcanzar una anchura de 120 cm y una longitud de 250 cm, lo que proporciona espacio suficiente tanto para el cliente como para los cuencos tibetanos. Ligera, plegable y f\u00e1cil de transportar en la bolsa de transporte. Provista de un suave revestimiento de PU y un c\u00f3modo colch\u00f3n de espuma de 6,5 cm de grosor. \u00a1Perfecta para terapeutas que buscan flexibilidad y calidad!<\/p>","protected":false},"featured_media":7960,"comment_status":"open","ping_status":"closed","template":"","meta":[],"product_brand":[347],"product_cat":[94,93],"product_tag":[],"class_list":{"0":"post-7951","1":"product","2":"type-product","3":"status-publish","4":"has-post-thumbnail","6":"product_brand-welltouch","7":"product_cat-draagbare-massagetafels","8":"product_cat-massagetafels","9":"product_shipping_class-groot-pakket","10":"pa_kleur-beige","12":"first","13":"instock","14":"taxable","15":"shipping-taxable","16":"purchasable","17":"product-type-simple"},"yoast_head":"<!-- This site is optimized with the Yoast SEO Premium plugin v27.4 (Yoast SEO v27.4) - https:\/\/yoast.com\/product\/yoast-seo-premium-wordpress\/ -->\n<title>Massagetafel KOMFORT II (singing bowl) WellTouch - TouchPro Europe Shop<\/title>\n<meta name=\"description\" content=\"De ideale keuze voor therapeuten: de Massagetafel KOMFORT II (singing bowl) van WellTouch is makkelijk te vervoeren en aan te passen. Koop vandaag nog!\" \/>\n<meta name=\"robots\" content=\"index, follow, max-snippet:-1, max-image-preview:large, max-video-preview:-1\" \/>\n<link rel=\"canonical\" href=\"https:\/\/touchproeurope.eu\/es\/product\/camilla-de-masaje-komfort-ii-singing-bowl-welltouch\/\" \/>\n<meta property=\"og:locale\" content=\"es_ES\" \/>\n<meta property=\"og:type\" content=\"article\" \/>\n<meta property=\"og:title\" content=\"Massagetafel KOMFORT II (singing bowl) WellTouch\" \/>\n<meta property=\"og:description\" content=\"De ideale keuze voor therapeuten: de Massagetafel KOMFORT II (singing bowl) van WellTouch is makkelijk te vervoeren en aan te passen. Koop vandaag nog!\" \/>\n<meta property=\"og:url\" content=\"https:\/\/touchproeurope.eu\/es\/product\/camilla-de-masaje-komfort-ii-singing-bowl-welltouch\/\" \/>\n<meta property=\"og:site_name\" content=\"TouchPro Europe Shop\" \/>\n<meta property=\"article:publisher\" content=\"https:\/\/www.facebook.com\/TouchproNederland\/?locale=nl_NL%2f\" \/>\n<meta property=\"article:modified_time\" content=\"2026-04-22T14:51:01+00:00\" \/>\n<meta property=\"og:image\" content=\"https:\/\/touchproeurope.eu\/wp-content\/uploads\/2025\/03\/kls80_massageliege_klangschalenliege_welltouch_creme_aufgebaut_extender1.jpeg\" \/>\n\t<meta property=\"og:image:width\" content=\"1500\" \/>\n\t<meta property=\"og:image:height\" content=\"1500\" \/>\n\t<meta property=\"og:image:type\" content=\"image\/jpeg\" \/>\n<meta name=\"twitter:card\" content=\"summary_large_image\" \/>\n<meta name=\"twitter:label1\" content=\"Precio\" \/>\n\t<meta name=\"twitter:data1\" content=\"&euro;&nbsp;475,00 incl. BTW\" \/>\n\t<meta name=\"twitter:label2\" content=\"Disponibilidad\" \/>\n\t<meta name=\"twitter:data2\" content=\"Disponible\" \/>\n<script type=\"application\/ld+json\" class=\"yoast-schema-graph\">{\"@context\":\"https:\\\/\\\/schema.org\",\"@graph\":[{\"@type\":\"WebPage\",\"@id\":\"https:\\\/\\\/touchproeurope.eu\\\/product\\\/massagetafel-komfort-ii-singing-bowl-welltouch\\\/\",\"url\":\"https:\\\/\\\/touchproeurope.eu\\\/product\\\/massagetafel-komfort-ii-singing-bowl-welltouch\\\/\",\"name\":\"Massagetafel KOMFORT II (singing bowl) WellTouch - TouchPro Europe Shop\",\"isPartOf\":{\"@id\":\"https:\\\/\\\/touchproeurope.eu\\\/#website\"},\"primaryImageOfPage\":{\"@id\":\"https:\\\/\\\/touchproeurope.eu\\\/product\\\/massagetafel-komfort-ii-singing-bowl-welltouch\\\/#primaryimage\"},\"image\":{\"@id\":\"https:\\\/\\\/touchproeurope.eu\\\/product\\\/massagetafel-komfort-ii-singing-bowl-welltouch\\\/#primaryimage\"},\"thumbnailUrl\":\"https:\\\/\\\/i0.wp.com\\\/touchproeurope.eu\\\/wp-content\\\/uploads\\\/2025\\\/03\\\/kls80_massageliege_klangschalenliege_welltouch_creme_aufgebaut_extender1.jpeg?fit=1500%2C1500&ssl=1\",\"datePublished\":\"2025-03-16T19:00:42+00:00\",\"dateModified\":\"2026-04-22T14:51:01+00:00\",\"description\":\"De ideale keuze voor therapeuten: de Massagetafel KOMFORT II (singing bowl) van WellTouch is makkelijk te vervoeren en aan te passen. Koop vandaag nog!\",\"breadcrumb\":{\"@id\":\"https:\\\/\\\/touchproeurope.eu\\\/product\\\/massagetafel-komfort-ii-singing-bowl-welltouch\\\/#breadcrumb\"},\"inLanguage\":\"es\",\"potentialAction\":[{\"@type\":\"ReadAction\",\"target\":[\"https:\\\/\\\/touchproeurope.eu\\\/product\\\/massagetafel-komfort-ii-singing-bowl-welltouch\\\/\"]}]},{\"@type\":\"ImageObject\",\"inLanguage\":\"es\",\"@id\":\"https:\\\/\\\/touchproeurope.eu\\\/product\\\/massagetafel-komfort-ii-singing-bowl-welltouch\\\/#primaryimage\",\"url\":\"https:\\\/\\\/i0.wp.com\\\/touchproeurope.eu\\\/wp-content\\\/uploads\\\/2025\\\/03\\\/kls80_massageliege_klangschalenliege_welltouch_creme_aufgebaut_extender1.jpeg?fit=1500%2C1500&ssl=1\",\"contentUrl\":\"https:\\\/\\\/i0.wp.com\\\/touchproeurope.eu\\\/wp-content\\\/uploads\\\/2025\\\/03\\\/kls80_massageliege_klangschalenliege_welltouch_creme_aufgebaut_extender1.jpeg?fit=1500%2C1500&ssl=1\",\"width\":1500,\"height\":1500,\"caption\":\"Massagetafel singing bowl massage table\"},{\"@type\":\"BreadcrumbList\",\"@id\":\"https:\\\/\\\/touchproeurope.eu\\\/product\\\/massagetafel-komfort-ii-singing-bowl-welltouch\\\/#breadcrumb\",\"itemListElement\":[{\"@type\":\"ListItem\",\"position\":1,\"name\":\"Home\",\"item\":\"https:\\\/\\\/touchproeurope.eu\\\/\"},{\"@type\":\"ListItem\",\"position\":2,\"name\":\"Winkel\",\"item\":\"https:\\\/\\\/touchproeurope.eu\\\/winkel\\\/\"},{\"@type\":\"ListItem\",\"position\":3,\"name\":\"Massagetafel KOMFORT II (singing bowl) WellTouch\"}]},{\"@type\":\"WebSite\",\"@id\":\"https:\\\/\\\/touchproeurope.eu\\\/#website\",\"url\":\"https:\\\/\\\/touchproeurope.eu\\\/\",\"name\":\"TouchPro Europe Shop\",\"description\":\"Alles voor jouw praktijk met een PROfessionele Touch!\",\"publisher\":{\"@id\":\"https:\\\/\\\/touchproeurope.eu\\\/#organization\"},\"alternateName\":\"TPE\",\"potentialAction\":[{\"@type\":\"SearchAction\",\"target\":{\"@type\":\"EntryPoint\",\"urlTemplate\":\"https:\\\/\\\/touchproeurope.eu\\\/?s={search_term_string}\"},\"query-input\":{\"@type\":\"PropertyValueSpecification\",\"valueRequired\":true,\"valueName\":\"search_term_string\"}}],\"inLanguage\":\"es\"},{\"@type\":\"Organization\",\"@id\":\"https:\\\/\\\/touchproeurope.eu\\\/#organization\",\"name\":\"TouchPro Europe BV\",\"alternateName\":\"TPE\",\"url\":\"https:\\\/\\\/touchproeurope.eu\\\/\",\"logo\":{\"@type\":\"ImageObject\",\"inLanguage\":\"es\",\"@id\":\"https:\\\/\\\/touchproeurope.eu\\\/#\\\/schema\\\/logo\\\/image\\\/\",\"url\":\"https:\\\/\\\/i0.wp.com\\\/touchproeurope.eu\\\/wp-content\\\/uploads\\\/2023\\\/10\\\/2b592c_b6944d80811246d987cc2c29accedf3f.png?fit=1417%2C531&ssl=1\",\"contentUrl\":\"https:\\\/\\\/i0.wp.com\\\/touchproeurope.eu\\\/wp-content\\\/uploads\\\/2023\\\/10\\\/2b592c_b6944d80811246d987cc2c29accedf3f.png?fit=1417%2C531&ssl=1\",\"width\":1417,\"height\":531,\"caption\":\"TouchPro Europe BV\"},\"image\":{\"@id\":\"https:\\\/\\\/touchproeurope.eu\\\/#\\\/schema\\\/logo\\\/image\\\/\"},\"sameAs\":[\"https:\\\/\\\/www.facebook.com\\\/TouchproNederland\\\/?locale=nl_NL\\\/\",\"https:\\\/\\\/www.instagram.com\\\/touchpro2016\\\/\",\"https:\\\/\\\/www.linkedin.com\\\/company\\\/touchpro-europe-bv\\\/\"],\"description\":\"TouchPro Europe Shop is de massage winkel van Europa. Wij verkopen topkwaliteit massageproducten aan masseurs, pedicures, fysiotherapeuten, manicuren, Wellness centra, opleidingen, etc. TouchPro begon als een kleine webshop in Nederland, maar is nu uitgegroeid tot een webshop met klanten uit heel Europa. Wij bieden een breed assortiment aan massageproducten, waaronder massagetafels, oli\u00ebn, cr\u00e8mes, en accessoires van topmerken, zoals Earthlite, Stronglite en InnerStrenght, Habys, Living Earth Crafts en Continuum en andere leveranciers van massage accessoires. Bestel hier de beste massagematerialen van Europa!\",\"email\":\"info@touchpro-europe.com\",\"telephone\":\"0858768829\",\"legalName\":\"TouchPro Europe BV\",\"foundingDate\":\"2018-01-11\",\"vatID\":\"NL855430151B01\",\"numberOfEmployees\":{\"@type\":\"QuantitativeValue\",\"minValue\":\"1\",\"maxValue\":\"10\"},\"hasMerchantReturnPolicy\":{\"@type\":\"MerchantReturnPolicy\",\"merchantReturnLink\":\"https:\\\/\\\/touchproeurope.eu\\\/es\\\/retourbeleid\\\/\"}}]}<\/script>\n<meta property=\"product:price:amount\" content=\"475.00\" \/>\n<meta property=\"product:price:currency\" content=\"EUR\" \/>\n<meta property=\"og:availability\" content=\"instock\" \/>\n<meta property=\"product:availability\" content=\"instock\" \/>\n<meta property=\"product:retailer_item_id\" content=\"k80\" \/>\n<meta property=\"product:condition\" content=\"new\" \/>\n<!-- \/ Yoast SEO Premium plugin. -->","yoast_head_json":{"title":"Camilla de masaje KOMFORT II (taz\u00f3n cantante) WellTouch - Tienda TouchPro Europe","description":"La elecci\u00f3n ideal para los terapeutas: la camilla de masaje KOMFORT II (singing bowl) de WellTouch es f\u00e1cil de transportar y ajustar. \u00a1C\u00f3mprela hoy mismo!","robots":{"index":"index","follow":"follow","max-snippet":"max-snippet:-1","max-image-preview":"max-image-preview:large","max-video-preview":"max-video-preview:-1"},"canonical":"https:\/\/touchproeurope.eu\/es\/product\/camilla-de-masaje-komfort-ii-singing-bowl-welltouch\/","og_locale":"es_ES","og_type":"article","og_title":"Massagetafel KOMFORT II (singing bowl) WellTouch","og_description":"De ideale keuze voor therapeuten: de Massagetafel KOMFORT II (singing bowl) van WellTouch is makkelijk te vervoeren en aan te passen. Koop vandaag nog!","og_url":"https:\/\/touchproeurope.eu\/es\/product\/camilla-de-masaje-komfort-ii-singing-bowl-welltouch\/","og_site_name":"TouchPro Europe Shop","article_publisher":"https:\/\/www.facebook.com\/TouchproNederland\/?locale=nl_NL%2f","article_modified_time":"2026-04-22T14:51:01+00:00","og_image":[{"width":1500,"height":1500,"url":"https:\/\/touchproeurope.eu\/wp-content\/uploads\/2025\/03\/kls80_massageliege_klangschalenliege_welltouch_creme_aufgebaut_extender1.jpeg","type":"image\/jpeg"}],"twitter_card":"summary_large_image","twitter_misc":{"Precio":"&euro;&nbsp;475,00 incl. BTW","Disponibilidad":"Disponible"},"schema":{"@context":"https:\/\/schema.org","@graph":[{"@type":"WebPage","@id":"https:\/\/touchproeurope.eu\/product\/massagetafel-komfort-ii-singing-bowl-welltouch\/","url":"https:\/\/touchproeurope.eu\/product\/massagetafel-komfort-ii-singing-bowl-welltouch\/","name":"Camilla de masaje KOMFORT II (taz\u00f3n cantante) WellTouch - Tienda TouchPro Europe","isPartOf":{"@id":"https:\/\/touchproeurope.eu\/#website"},"primaryImageOfPage":{"@id":"https:\/\/touchproeurope.eu\/product\/massagetafel-komfort-ii-singing-bowl-welltouch\/#primaryimage"},"image":{"@id":"https:\/\/touchproeurope.eu\/product\/massagetafel-komfort-ii-singing-bowl-welltouch\/#primaryimage"},"thumbnailUrl":"https:\/\/i0.wp.com\/touchproeurope.eu\/wp-content\/uploads\/2025\/03\/kls80_massageliege_klangschalenliege_welltouch_creme_aufgebaut_extender1.jpeg?fit=1500%2C1500&ssl=1","datePublished":"2025-03-16T19:00:42+00:00","dateModified":"2026-04-22T14:51:01+00:00","description":"La elecci\u00f3n ideal para los terapeutas: la camilla de masaje KOMFORT II (singing bowl) de WellTouch es f\u00e1cil de transportar y ajustar. \u00a1C\u00f3mprela hoy mismo!","breadcrumb":{"@id":"https:\/\/touchproeurope.eu\/product\/massagetafel-komfort-ii-singing-bowl-welltouch\/#breadcrumb"},"inLanguage":"es","potentialAction":[{"@type":"ReadAction","target":["https:\/\/touchproeurope.eu\/product\/massagetafel-komfort-ii-singing-bowl-welltouch\/"]}]},{"@type":"ImageObject","inLanguage":"es","@id":"https:\/\/touchproeurope.eu\/product\/massagetafel-komfort-ii-singing-bowl-welltouch\/#primaryimage","url":"https:\/\/i0.wp.com\/touchproeurope.eu\/wp-content\/uploads\/2025\/03\/kls80_massageliege_klangschalenliege_welltouch_creme_aufgebaut_extender1.jpeg?fit=1500%2C1500&ssl=1","contentUrl":"https:\/\/i0.wp.com\/touchproeurope.eu\/wp-content\/uploads\/2025\/03\/kls80_massageliege_klangschalenliege_welltouch_creme_aufgebaut_extender1.jpeg?fit=1500%2C1500&ssl=1","width":1500,"height":1500,"caption":"Massagetafel singing bowl massage table"},{"@type":"BreadcrumbList","@id":"https:\/\/touchproeurope.eu\/product\/massagetafel-komfort-ii-singing-bowl-welltouch\/#breadcrumb","itemListElement":[{"@type":"ListItem","position":1,"name":"Home","item":"https:\/\/touchproeurope.eu\/"},{"@type":"ListItem","position":2,"name":"Winkel","item":"https:\/\/touchproeurope.eu\/winkel\/"},{"@type":"ListItem","position":3,"name":"Massagetafel KOMFORT II (singing bowl) WellTouch"}]},{"@type":"WebSite","@id":"https:\/\/touchproeurope.eu\/#website","url":"https:\/\/touchproeurope.eu\/","name":"Tienda TouchPro Europe","description":"\u00a1Todo para su consulta con un toque PROfesional!","publisher":{"@id":"https:\/\/touchproeurope.eu\/#organization"},"alternateName":"TPE","potentialAction":[{"@type":"SearchAction","target":{"@type":"EntryPoint","urlTemplate":"https:\/\/touchproeurope.eu\/?s={search_term_string}"},"query-input":{"@type":"PropertyValueSpecification","valueRequired":true,"valueName":"search_term_string"}}],"inLanguage":"es"},{"@type":"Organization","@id":"https:\/\/touchproeurope.eu\/#organization","name":"TouchPro Europe BV","alternateName":"TPE","url":"https:\/\/touchproeurope.eu\/","logo":{"@type":"ImageObject","inLanguage":"es","@id":"https:\/\/touchproeurope.eu\/#\/schema\/logo\/image\/","url":"https:\/\/i0.wp.com\/touchproeurope.eu\/wp-content\/uploads\/2023\/10\/2b592c_b6944d80811246d987cc2c29accedf3f.png?fit=1417%2C531&ssl=1","contentUrl":"https:\/\/i0.wp.com\/touchproeurope.eu\/wp-content\/uploads\/2023\/10\/2b592c_b6944d80811246d987cc2c29accedf3f.png?fit=1417%2C531&ssl=1","width":1417,"height":531,"caption":"TouchPro Europe BV"},"image":{"@id":"https:\/\/touchproeurope.eu\/#\/schema\/logo\/image\/"},"sameAs":["https:\/\/www.facebook.com\/TouchproNederland\/?locale=nl_NL\/","https:\/\/www.instagram.com\/touchpro2016\/","https:\/\/www.linkedin.com\/company\/touchpro-europe-bv\/"],"description":"TouchPro Europe Shop es la tienda de masajes de Europa. Vendemos productos de masaje de primera calidad a masajistas, pedicuras, fisioterapeutas, manicuras, centros de bienestar, cursos de formaci\u00f3n, etc. TouchPro comenz\u00f3 como una peque\u00f1a tienda en los Pa\u00edses Bajos, pero ahora se ha convertido en una tienda con clientes de toda Europa. Ofrecemos una amplia gama de productos de masaje, incluyendo camillas de masaje, aceites, cremas y accesorios de las mejores marcas como Earthlite, Stronglite e InnerStrenght, Habys, Living Earth Crafts y Continuum y otros proveedores de accesorios de masaje. Pida aqu\u00ed los mejores art\u00edculos de masaje de Europa.","email":"info@touchpro-europe.com","telephone":"0858768829","legalName":"TouchPro Europe BV","foundingDate":"2018-01-11","vatID":"NL855430151B01","numberOfEmployees":{"@type":"QuantitativeValue","minValue":"1","maxValue":"10"},"hasMerchantReturnPolicy":{"@type":"MerchantReturnPolicy","merchantReturnLink":"https:\/\/touchproeurope.eu\/es\/retourbeleid\/"}}]},"product_price_amount":"475.00","product_price_currency":"EUR","og_availability":"instock","product_availability":"instock","product_retailer_item_id":"k80","product_condition":"new"},"_links":{"self":[{"href":"https:\/\/touchproeurope.eu\/es\/wp-json\/wp\/v2\/product\/7951","targetHints":{"allow":["GET"]}}],"collection":[{"href":"https:\/\/touchproeurope.eu\/es\/wp-json\/wp\/v2\/product"}],"about":[{"href":"https:\/\/touchproeurope.eu\/es\/wp-json\/wp\/v2\/types\/product"}],"replies":[{"embeddable":true,"href":"https:\/\/touchproeurope.eu\/es\/wp-json\/wp\/v2\/comments?post=7951"}],"version-history":[{"count":3,"href":"https:\/\/touchproeurope.eu\/es\/wp-json\/wp\/v2\/product\/7951\/revisions"}],"predecessor-version":[{"id":8116,"href":"https:\/\/touchproeurope.eu\/es\/wp-json\/wp\/v2\/product\/7951\/revisions\/8116"}],"wp:featuredmedia":[{"embeddable":true,"href":"https:\/\/touchproeurope.eu\/es\/wp-json\/wp\/v2\/media\/7960"}],"wp:attachment":[{"href":"https:\/\/touchproeurope.eu\/es\/wp-json\/wp\/v2\/media?parent=7951"}],"wp:term":[{"taxonomy":"product_brand","embeddable":true,"href":"https:\/\/touchproeurope.eu\/es\/wp-json\/wp\/v2\/product_brand?post=7951"},{"taxonomy":"product_cat","embeddable":true,"href":"https:\/\/touchproeurope.eu\/es\/wp-json\/wp\/v2\/product_cat?post=7951"},{"taxonomy":"product_tag","embeddable":true,"href":"https:\/\/touchproeurope.eu\/es\/wp-json\/wp\/v2\/product_tag?post=7951"}],"curies":[{"name":"wp","href":"https:\/\/api.w.org\/{rel}","templated":true}]}}