{"id":8149,"date":"2025-05-08T12:41:06","date_gmt":"2025-05-08T12:41:06","guid":{"rendered":"https:\/\/touchproeurope.eu\/?post_type=product&#038;p=8149"},"modified":"2026-04-22T09:34:05","modified_gmt":"2026-04-22T09:34:05","slug":"esterilla-de-yoga-futon-de-yoga-bodhi-200x100cm","status":"publish","type":"product","link":"https:\/\/touchproeurope.eu\/es\/product\/yogamat-yoga-futon-bodhi-200x100cm\/","title":{"rendered":"Esterilla de yoga Fut\u00f3n de yoga Bodhi 200x100cm"},"content":{"rendered":"<h1>Suave y c\u00f3modo: el fut\u00f3n bodhi yoga de 200 x 100 cm<\/h1>\n<p>Nuestra esterilla de yoga fut\u00f3n Bodhi es una superficie suave y c\u00f3moda para yoga y ejercicios f\u00edsicos, as\u00ed como para terapias y masajes. Est\u00e1 hecha a mano en nuestra propia f\u00e1brica con el mismo estilo que las esterillas shiatsu. El fut\u00f3n de yoga bodhi consta de un n\u00facleo de vell\u00f3n de algod\u00f3n de 2 capas, que se envuelve con una tela de muselina de algod\u00f3n. El vell\u00f3n y la muselina est\u00e1n cosidos varias veces al estilo fut\u00f3n.<\/p>\n<p>El material del forro polar est\u00e1 compuesto por algod\u00f3n 70% y fibra de poli\u00e9ster 30%. El vell\u00f3n es el\u00e1stico y mantiene su forma gracias a la adici\u00f3n de fibras sint\u00e9ticas. La funda exterior de la esterilla es de sarga de algod\u00f3n, extra\u00edble y lavable. Tambi\u00e9n dispone de dos pr\u00e1cticas correas sint\u00e9ticas negras para mantener la esterilla enrollada y ahorrar espacio.<\/p>\n<ul>\n<li>Especificaci\u00f3n: tejido de malla de algod\u00f3n 100%<\/li>\n<li>Material de la funda: sarga de algod\u00f3n 100%<\/li>\n<li>Tama\u00f1o: 200 x 100 cm<\/li>\n<li>Peso: aprox. 3 kg<\/li>\n<li>Grosor: aprox. 2 cm (1 capa corresponde a aprox. 1 cm)<\/li>\n<li>Cubierta desmontable<\/li>\n<li>Nota: Tambi\u00e9n puede pedir nuestras alfombrillas con 3 capas. Para ello, p\u00f3ngase en contacto con nosotros.<\/li>\n<\/ul>","protected":false},"excerpt":{"rendered":"<p>Experimente la m\u00e1xima comodidad con el fut\u00f3n de yoga Yogamat Bodhi. Ideal para yoga, masaje o terapia. Hecho a mano, funda lavable, f\u00e1cil de enrollar. Descubra ahora este cl\u00e1sico suave y duradero de BodyNova.<\/p>","protected":false},"featured_media":8142,"comment_status":"open","ping_status":"closed","template":"","meta":[],"product_brand":[545],"product_cat":[356,368],"product_tag":[354,355,277],"class_list":{"0":"post-8149","1":"product","2":"type-product","3":"status-publish","4":"has-post-thumbnail","6":"product_brand-bodhi","7":"product_cat-yoga-meditatie","8":"product_cat-yogamat","9":"product_tag-2-lagen","10":"product_tag-groot","11":"product_tag-katoen","12":"product_shipping_class-klein-pakket","13":"pa_kleur-antraciet","14":"pa_kleur-beige","15":"pa_kleur-wijnrood","16":"pa_kleur-zwart","18":"first","19":"instock","20":"taxable","21":"shipping-taxable","22":"purchasable","23":"product-type-variable"},"yoast_head":"<!-- This site is optimized with the Yoast SEO Premium plugin v27.4 (Yoast SEO v27.4) - https:\/\/yoast.com\/product\/yoast-seo-premium-wordpress\/ -->\n<title>Yogamat Yoga futon Bodhi 200x100cm - TouchPro Europe Shop<\/title>\n<meta name=\"description\" content=\"Onze Yogamat Yoga futon Bodhi heeft een speciaal ontwerp voor ultiem comfort. Rol hem eenvoudig op met de bijgevoegde riemen. Bestel hem vandaag nog bij TouchPro Europe Shop!\" \/>\n<meta name=\"robots\" content=\"index, follow, max-snippet:-1, max-image-preview:large, max-video-preview:-1\" \/>\n<link rel=\"canonical\" href=\"https:\/\/touchproeurope.eu\/es\/product\/esterilla-de-yoga-futon-de-yoga-bodhi-200x100cm\/\" \/>\n<meta property=\"og:locale\" content=\"es_ES\" \/>\n<meta property=\"og:type\" content=\"article\" \/>\n<meta property=\"og:title\" content=\"Yogamat Yoga futon Bodhi 200x100cm\" \/>\n<meta property=\"og:description\" content=\"Onze Yogamat Yoga futon Bodhi heeft een speciaal ontwerp voor ultiem comfort. Rol hem eenvoudig op met de bijgevoegde riemen. Bestel hem vandaag nog bij TouchPro Europe Shop!\" \/>\n<meta property=\"og:url\" content=\"https:\/\/touchproeurope.eu\/es\/product\/esterilla-de-yoga-futon-de-yoga-bodhi-200x100cm\/\" \/>\n<meta property=\"og:site_name\" content=\"TouchPro Europe Shop\" \/>\n<meta property=\"article:publisher\" content=\"https:\/\/www.facebook.com\/TouchproNederland\/?locale=nl_NL%2f\" \/>\n<meta property=\"article:modified_time\" content=\"2026-04-22T09:34:05+00:00\" \/>\n<meta property=\"og:image\" content=\"https:\/\/touchproeurope.eu\/wp-content\/uploads\/2025\/05\/ymbnm_bodhi_yogafuton_natur1.jpg\" \/>\n\t<meta property=\"og:image:width\" content=\"1500\" \/>\n\t<meta property=\"og:image:height\" content=\"1500\" \/>\n\t<meta property=\"og:image:type\" content=\"image\/jpeg\" \/>\n<meta name=\"twitter:card\" content=\"summary_large_image\" \/>\n<meta name=\"twitter:label1\" content=\"Disponibilidad\" \/>\n\t<meta name=\"twitter:data1\" content=\"Disponible\" \/>\n<script type=\"application\/ld+json\" class=\"yoast-schema-graph\">{\"@context\":\"https:\\\/\\\/schema.org\",\"@graph\":[{\"@type\":\"WebPage\",\"@id\":\"https:\\\/\\\/touchproeurope.eu\\\/product\\\/yogamat-yoga-futon-bodhi-200x100cm\\\/\",\"url\":\"https:\\\/\\\/touchproeurope.eu\\\/product\\\/yogamat-yoga-futon-bodhi-200x100cm\\\/\",\"name\":\"Yogamat Yoga futon Bodhi 200x100cm - TouchPro Europe Shop\",\"isPartOf\":{\"@id\":\"https:\\\/\\\/touchproeurope.eu\\\/#website\"},\"primaryImageOfPage\":{\"@id\":\"https:\\\/\\\/touchproeurope.eu\\\/product\\\/yogamat-yoga-futon-bodhi-200x100cm\\\/#primaryimage\"},\"image\":{\"@id\":\"https:\\\/\\\/touchproeurope.eu\\\/product\\\/yogamat-yoga-futon-bodhi-200x100cm\\\/#primaryimage\"},\"thumbnailUrl\":\"https:\\\/\\\/i0.wp.com\\\/touchproeurope.eu\\\/wp-content\\\/uploads\\\/2025\\\/05\\\/ymbnm_bodhi_yogafuton_natur1.jpg?fit=1500%2C1500&ssl=1\",\"datePublished\":\"2025-05-08T12:41:06+00:00\",\"dateModified\":\"2026-04-22T09:34:05+00:00\",\"description\":\"Onze Yogamat Yoga futon Bodhi heeft een speciaal ontwerp voor ultiem comfort. Rol hem eenvoudig op met de bijgevoegde riemen. Bestel hem vandaag nog bij TouchPro Europe Shop!\",\"breadcrumb\":{\"@id\":\"https:\\\/\\\/touchproeurope.eu\\\/product\\\/yogamat-yoga-futon-bodhi-200x100cm\\\/#breadcrumb\"},\"inLanguage\":\"es\",\"potentialAction\":[{\"@type\":\"ReadAction\",\"target\":[\"https:\\\/\\\/touchproeurope.eu\\\/product\\\/yogamat-yoga-futon-bodhi-200x100cm\\\/\"]}]},{\"@type\":\"ImageObject\",\"inLanguage\":\"es\",\"@id\":\"https:\\\/\\\/touchproeurope.eu\\\/product\\\/yogamat-yoga-futon-bodhi-200x100cm\\\/#primaryimage\",\"url\":\"https:\\\/\\\/i0.wp.com\\\/touchproeurope.eu\\\/wp-content\\\/uploads\\\/2025\\\/05\\\/ymbnm_bodhi_yogafuton_natur1.jpg?fit=1500%2C1500&ssl=1\",\"contentUrl\":\"https:\\\/\\\/i0.wp.com\\\/touchproeurope.eu\\\/wp-content\\\/uploads\\\/2025\\\/05\\\/ymbnm_bodhi_yogafuton_natur1.jpg?fit=1500%2C1500&ssl=1\",\"width\":1500,\"height\":1500,\"caption\":\"Yogamat Yoga futon Bodhi 180x80cm\"},{\"@type\":\"BreadcrumbList\",\"@id\":\"https:\\\/\\\/touchproeurope.eu\\\/product\\\/yogamat-yoga-futon-bodhi-200x100cm\\\/#breadcrumb\",\"itemListElement\":[{\"@type\":\"ListItem\",\"position\":1,\"name\":\"Home\",\"item\":\"https:\\\/\\\/touchproeurope.eu\\\/\"},{\"@type\":\"ListItem\",\"position\":2,\"name\":\"Winkel\",\"item\":\"https:\\\/\\\/touchproeurope.eu\\\/winkel\\\/\"},{\"@type\":\"ListItem\",\"position\":3,\"name\":\"Yogamat Yoga futon Bodhi 200x100cm\"}]},{\"@type\":\"WebSite\",\"@id\":\"https:\\\/\\\/touchproeurope.eu\\\/#website\",\"url\":\"https:\\\/\\\/touchproeurope.eu\\\/\",\"name\":\"TouchPro Europe Shop\",\"description\":\"Alles voor jouw praktijk met een PROfessionele Touch!\",\"publisher\":{\"@id\":\"https:\\\/\\\/touchproeurope.eu\\\/#organization\"},\"alternateName\":\"TPE\",\"potentialAction\":[{\"@type\":\"SearchAction\",\"target\":{\"@type\":\"EntryPoint\",\"urlTemplate\":\"https:\\\/\\\/touchproeurope.eu\\\/?s={search_term_string}\"},\"query-input\":{\"@type\":\"PropertyValueSpecification\",\"valueRequired\":true,\"valueName\":\"search_term_string\"}}],\"inLanguage\":\"es\"},{\"@type\":\"Organization\",\"@id\":\"https:\\\/\\\/touchproeurope.eu\\\/#organization\",\"name\":\"TouchPro Europe BV\",\"alternateName\":\"TPE\",\"url\":\"https:\\\/\\\/touchproeurope.eu\\\/\",\"logo\":{\"@type\":\"ImageObject\",\"inLanguage\":\"es\",\"@id\":\"https:\\\/\\\/touchproeurope.eu\\\/#\\\/schema\\\/logo\\\/image\\\/\",\"url\":\"https:\\\/\\\/i0.wp.com\\\/touchproeurope.eu\\\/wp-content\\\/uploads\\\/2023\\\/10\\\/2b592c_b6944d80811246d987cc2c29accedf3f.png?fit=1417%2C531&ssl=1\",\"contentUrl\":\"https:\\\/\\\/i0.wp.com\\\/touchproeurope.eu\\\/wp-content\\\/uploads\\\/2023\\\/10\\\/2b592c_b6944d80811246d987cc2c29accedf3f.png?fit=1417%2C531&ssl=1\",\"width\":1417,\"height\":531,\"caption\":\"TouchPro Europe BV\"},\"image\":{\"@id\":\"https:\\\/\\\/touchproeurope.eu\\\/#\\\/schema\\\/logo\\\/image\\\/\"},\"sameAs\":[\"https:\\\/\\\/www.facebook.com\\\/TouchproNederland\\\/?locale=nl_NL\\\/\",\"https:\\\/\\\/www.instagram.com\\\/touchpro2016\\\/\",\"https:\\\/\\\/www.linkedin.com\\\/company\\\/touchpro-europe-bv\\\/\"],\"description\":\"TouchPro Europe Shop is de massage winkel van Europa. Wij verkopen topkwaliteit massageproducten aan masseurs, pedicures, fysiotherapeuten, manicuren, Wellness centra, opleidingen, etc. TouchPro begon als een kleine webshop in Nederland, maar is nu uitgegroeid tot een webshop met klanten uit heel Europa. Wij bieden een breed assortiment aan massageproducten, waaronder massagetafels, oli\u00ebn, cr\u00e8mes, en accessoires van topmerken, zoals Earthlite, Stronglite en InnerStrenght, Habys, Living Earth Crafts en Continuum en andere leveranciers van massage accessoires. Bestel hier de beste massagematerialen van Europa!\",\"email\":\"info@touchpro-europe.com\",\"telephone\":\"0858768829\",\"legalName\":\"TouchPro Europe BV\",\"foundingDate\":\"2018-01-11\",\"vatID\":\"NL855430151B01\",\"numberOfEmployees\":{\"@type\":\"QuantitativeValue\",\"minValue\":\"1\",\"maxValue\":\"10\"},\"hasMerchantReturnPolicy\":{\"@type\":\"MerchantReturnPolicy\",\"merchantReturnLink\":\"https:\\\/\\\/touchproeurope.eu\\\/es\\\/retourbeleid\\\/\"}}]}<\/script>\n<meta property=\"og:availability\" content=\"instock\" \/>\n<meta property=\"product:availability\" content=\"instock\" \/>\n<meta property=\"product:retailer_item_id\" content=\"ymb340\" \/>\n<meta property=\"product:condition\" content=\"new\" \/>\n<!-- \/ Yoast SEO Premium plugin. -->","yoast_head_json":{"title":"Fut\u00f3n de yoga Bodhi 200x100cm - Tienda TouchPro Europe","description":"Nuestra esterilla de yoga fut\u00f3n Bodhi tiene un dise\u00f1o especial para ofrecer la m\u00e1xima comodidad. Enr\u00f3llala f\u00e1cilmente con las correas incluidas. P\u00eddala hoy mismo en la tienda TouchPro Europe.","robots":{"index":"index","follow":"follow","max-snippet":"max-snippet:-1","max-image-preview":"max-image-preview:large","max-video-preview":"max-video-preview:-1"},"canonical":"https:\/\/touchproeurope.eu\/es\/product\/esterilla-de-yoga-futon-de-yoga-bodhi-200x100cm\/","og_locale":"es_ES","og_type":"article","og_title":"Yogamat Yoga futon Bodhi 200x100cm","og_description":"Onze Yogamat Yoga futon Bodhi heeft een speciaal ontwerp voor ultiem comfort. Rol hem eenvoudig op met de bijgevoegde riemen. Bestel hem vandaag nog bij TouchPro Europe Shop!","og_url":"https:\/\/touchproeurope.eu\/es\/product\/esterilla-de-yoga-futon-de-yoga-bodhi-200x100cm\/","og_site_name":"TouchPro Europe Shop","article_publisher":"https:\/\/www.facebook.com\/TouchproNederland\/?locale=nl_NL%2f","article_modified_time":"2026-04-22T09:34:05+00:00","og_image":[{"width":1500,"height":1500,"url":"https:\/\/touchproeurope.eu\/wp-content\/uploads\/2025\/05\/ymbnm_bodhi_yogafuton_natur1.jpg","type":"image\/jpeg"}],"twitter_card":"summary_large_image","twitter_misc":{"Disponibilidad":"Disponible"},"schema":{"@context":"https:\/\/schema.org","@graph":[{"@type":"WebPage","@id":"https:\/\/touchproeurope.eu\/product\/yogamat-yoga-futon-bodhi-200x100cm\/","url":"https:\/\/touchproeurope.eu\/product\/yogamat-yoga-futon-bodhi-200x100cm\/","name":"Fut\u00f3n de yoga Bodhi 200x100cm - Tienda TouchPro Europe","isPartOf":{"@id":"https:\/\/touchproeurope.eu\/#website"},"primaryImageOfPage":{"@id":"https:\/\/touchproeurope.eu\/product\/yogamat-yoga-futon-bodhi-200x100cm\/#primaryimage"},"image":{"@id":"https:\/\/touchproeurope.eu\/product\/yogamat-yoga-futon-bodhi-200x100cm\/#primaryimage"},"thumbnailUrl":"https:\/\/i0.wp.com\/touchproeurope.eu\/wp-content\/uploads\/2025\/05\/ymbnm_bodhi_yogafuton_natur1.jpg?fit=1500%2C1500&ssl=1","datePublished":"2025-05-08T12:41:06+00:00","dateModified":"2026-04-22T09:34:05+00:00","description":"Nuestra esterilla de yoga fut\u00f3n Bodhi tiene un dise\u00f1o especial para ofrecer la m\u00e1xima comodidad. Enr\u00f3llala f\u00e1cilmente con las correas incluidas. P\u00eddala hoy mismo en la tienda TouchPro Europe.","breadcrumb":{"@id":"https:\/\/touchproeurope.eu\/product\/yogamat-yoga-futon-bodhi-200x100cm\/#breadcrumb"},"inLanguage":"es","potentialAction":[{"@type":"ReadAction","target":["https:\/\/touchproeurope.eu\/product\/yogamat-yoga-futon-bodhi-200x100cm\/"]}]},{"@type":"ImageObject","inLanguage":"es","@id":"https:\/\/touchproeurope.eu\/product\/yogamat-yoga-futon-bodhi-200x100cm\/#primaryimage","url":"https:\/\/i0.wp.com\/touchproeurope.eu\/wp-content\/uploads\/2025\/05\/ymbnm_bodhi_yogafuton_natur1.jpg?fit=1500%2C1500&ssl=1","contentUrl":"https:\/\/i0.wp.com\/touchproeurope.eu\/wp-content\/uploads\/2025\/05\/ymbnm_bodhi_yogafuton_natur1.jpg?fit=1500%2C1500&ssl=1","width":1500,"height":1500,"caption":"Yogamat Yoga futon Bodhi 180x80cm"},{"@type":"BreadcrumbList","@id":"https:\/\/touchproeurope.eu\/product\/yogamat-yoga-futon-bodhi-200x100cm\/#breadcrumb","itemListElement":[{"@type":"ListItem","position":1,"name":"Home","item":"https:\/\/touchproeurope.eu\/"},{"@type":"ListItem","position":2,"name":"Winkel","item":"https:\/\/touchproeurope.eu\/winkel\/"},{"@type":"ListItem","position":3,"name":"Yogamat Yoga futon Bodhi 200x100cm"}]},{"@type":"WebSite","@id":"https:\/\/touchproeurope.eu\/#website","url":"https:\/\/touchproeurope.eu\/","name":"Tienda TouchPro Europe","description":"\u00a1Todo para su consulta con un toque PROfesional!","publisher":{"@id":"https:\/\/touchproeurope.eu\/#organization"},"alternateName":"TPE","potentialAction":[{"@type":"SearchAction","target":{"@type":"EntryPoint","urlTemplate":"https:\/\/touchproeurope.eu\/?s={search_term_string}"},"query-input":{"@type":"PropertyValueSpecification","valueRequired":true,"valueName":"search_term_string"}}],"inLanguage":"es"},{"@type":"Organization","@id":"https:\/\/touchproeurope.eu\/#organization","name":"TouchPro Europe BV","alternateName":"TPE","url":"https:\/\/touchproeurope.eu\/","logo":{"@type":"ImageObject","inLanguage":"es","@id":"https:\/\/touchproeurope.eu\/#\/schema\/logo\/image\/","url":"https:\/\/i0.wp.com\/touchproeurope.eu\/wp-content\/uploads\/2023\/10\/2b592c_b6944d80811246d987cc2c29accedf3f.png?fit=1417%2C531&ssl=1","contentUrl":"https:\/\/i0.wp.com\/touchproeurope.eu\/wp-content\/uploads\/2023\/10\/2b592c_b6944d80811246d987cc2c29accedf3f.png?fit=1417%2C531&ssl=1","width":1417,"height":531,"caption":"TouchPro Europe BV"},"image":{"@id":"https:\/\/touchproeurope.eu\/#\/schema\/logo\/image\/"},"sameAs":["https:\/\/www.facebook.com\/TouchproNederland\/?locale=nl_NL\/","https:\/\/www.instagram.com\/touchpro2016\/","https:\/\/www.linkedin.com\/company\/touchpro-europe-bv\/"],"description":"TouchPro Europe Shop es la tienda de masajes de Europa. Vendemos productos de masaje de primera calidad a masajistas, pedicuras, fisioterapeutas, manicuras, centros de bienestar, cursos de formaci\u00f3n, etc. TouchPro comenz\u00f3 como una peque\u00f1a tienda en los Pa\u00edses Bajos, pero ahora se ha convertido en una tienda con clientes de toda Europa. Ofrecemos una amplia gama de productos de masaje, incluyendo camillas de masaje, aceites, cremas y accesorios de las mejores marcas como Earthlite, Stronglite e InnerStrenght, Habys, Living Earth Crafts y Continuum y otros proveedores de accesorios de masaje. Pida aqu\u00ed los mejores art\u00edculos de masaje de Europa.","email":"info@touchpro-europe.com","telephone":"0858768829","legalName":"TouchPro Europe BV","foundingDate":"2018-01-11","vatID":"NL855430151B01","numberOfEmployees":{"@type":"QuantitativeValue","minValue":"1","maxValue":"10"},"hasMerchantReturnPolicy":{"@type":"MerchantReturnPolicy","merchantReturnLink":"https:\/\/touchproeurope.eu\/es\/retourbeleid\/"}}]},"og_availability":"instock","product_availability":"instock","product_retailer_item_id":"ymb340","product_condition":"new"},"_links":{"self":[{"href":"https:\/\/touchproeurope.eu\/es\/wp-json\/wp\/v2\/product\/8149","targetHints":{"allow":["GET"]}}],"collection":[{"href":"https:\/\/touchproeurope.eu\/es\/wp-json\/wp\/v2\/product"}],"about":[{"href":"https:\/\/touchproeurope.eu\/es\/wp-json\/wp\/v2\/types\/product"}],"replies":[{"embeddable":true,"href":"https:\/\/touchproeurope.eu\/es\/wp-json\/wp\/v2\/comments?post=8149"}],"version-history":[{"count":4,"href":"https:\/\/touchproeurope.eu\/es\/wp-json\/wp\/v2\/product\/8149\/revisions"}],"predecessor-version":[{"id":13852,"href":"https:\/\/touchproeurope.eu\/es\/wp-json\/wp\/v2\/product\/8149\/revisions\/13852"}],"wp:featuredmedia":[{"embeddable":true,"href":"https:\/\/touchproeurope.eu\/es\/wp-json\/wp\/v2\/media\/8142"}],"wp:attachment":[{"href":"https:\/\/touchproeurope.eu\/es\/wp-json\/wp\/v2\/media?parent=8149"}],"wp:term":[{"taxonomy":"product_brand","embeddable":true,"href":"https:\/\/touchproeurope.eu\/es\/wp-json\/wp\/v2\/product_brand?post=8149"},{"taxonomy":"product_cat","embeddable":true,"href":"https:\/\/touchproeurope.eu\/es\/wp-json\/wp\/v2\/product_cat?post=8149"},{"taxonomy":"product_tag","embeddable":true,"href":"https:\/\/touchproeurope.eu\/es\/wp-json\/wp\/v2\/product_tag?post=8149"}],"curies":[{"name":"wp","href":"https:\/\/api.w.org\/{rel}","templated":true}]}}