{"id":8157,"date":"2025-05-08T14:11:09","date_gmt":"2025-05-08T14:11:09","guid":{"rendered":"https:\/\/touchproeurope.eu\/?post_type=product&#038;p=8157"},"modified":"2026-04-16T16:06:15","modified_gmt":"2026-04-16T16:06:15","slug":"esterilla-shiatsu-con-funda-extraible","status":"publish","type":"product","link":"https:\/\/touchproeurope.eu\/es\/product\/shiatsu-mat-met-afneembare-hoes\/","title":{"rendered":"Esterilla Shiatsu con funda extra\u00edble"},"content":{"rendered":"<h1>Esterilla de shiatsu fabricada en Alemania con funda extra\u00edble: para shiatsu, masaje y trabajo corporal<\/h1>\n<h2>Productos a medida con muchas opciones<\/h2>\n<p>Elija libremente seg\u00fan sus deseos: tama\u00f1o, color y n\u00famero de capas.<br \/>\nTenga en cuenta que nuestras esterillas de shiatsu se fabrican especialmente para usted y, por lo tanto, no se pueden cambiar.<br \/>\nLa esterilla Shiatsu tiene una funda de sarga desmontable tratada conforme a la norma Oeko-Tex 100 y te\u00f1ida sin colorantes AZO. El material de vell\u00f3n especialmente fabricado se compone de algod\u00f3n 70% y fibra de poli\u00e9ster 30%. Las fibras sint\u00e9ticas garantizan que el vell\u00f3n se mantenga el\u00e1stico y conserve su forma.<\/p>\n<p>La esterilla est\u00e1ndar est\u00e1 rellena de cuatro capas de vell\u00f3n y acolchada varias veces con tela de tapicer\u00eda tipo fut\u00f3n. Todos los futones tienen dos correas sint\u00e9ticas negras cosidas para guardar la esterilla enrollada. Por regla general, las cuatro capas est\u00e1ndar de vell\u00f3n (unos 5 kg por metro cuadrado) son suficientes, ya que una esterilla demasiado blanda puede hacer que el colch\u00f3n se hunda demasiado. Sin embargo, tambi\u00e9n ofrecemos esterillas Shiatsu con cinco capas para quienes necesiten m\u00e1s volumen.<\/p>\n<h3>Esterilla Shiatsu con funda extra\u00edble<\/h3>\n<ul>\n<li>Capa para shiatsu, masaje y trabajo corporal<\/li>\n<li>Cubierta: 100 sarga %<\/li>\n<li>Relleno: 70 % algod\u00f3n, 30 % fibra de poli\u00e9ster<\/li>\n<li>Fabricado en Alemania<\/li>\n<li>Con tapa extra\u00edble<\/li>\n<li>Norma Oeko-Tex 100 (certificado n\u00ba A06-0488)<\/li>\n<li>Coloreado conforme a la normativa alemana (sin colorantes AZO)<\/li>\n<\/ul>\n<p>Consejo: Nuestra esterilla de shiatsu Made in Germany tambi\u00e9n est\u00e1 disponible con funda fija (no extra\u00edble). Tambi\u00e9n encontrar\u00e1 esta versi\u00f3n en la categor\u00eda de esterillas Shiatsu. Las esterillas de shiatsu sin funda extra\u00edble tienen la tela de color de la funda cosida directamente sobre el material de vell\u00f3n.<\/p>\n<h4>Altura de las esterillas Shiatsu:<\/h4>\n<ul>\n<li>4 capas aprox. 5 - 6 cm<\/li>\n<li>5 capas aprox. 6 - 7 cm<\/li>\n<li>6 capas aprox. 7 - 8 cm<\/li>\n<\/ul>\n<h5>Tenga en cuenta que nuestras dimensiones son aproximadas y pueden variar ligeramente. Adem\u00e1s, las alfombrillas pueden comprimirse ligeramente durante el env\u00edo y, por tanto, parecer m\u00e1s peque\u00f1as que cuando se cortan. Coloque las alfombrillas en posici\u00f3n horizontal y est\u00edrelas un poco.<\/h5>","protected":false},"excerpt":{"rendered":"<p>La esterilla Shiatsu Bodhi es perfecta para masajes, yoga y trabajo corporal. Fabricada en Alemania, con funda extra\u00edble y se puede montar como desee. \u00a1Descubra su fut\u00f3n de yoga personalizado Bodhi ideal!<\/p>","protected":false},"featured_media":8171,"comment_status":"open","ping_status":"closed","template":"","meta":[],"product_brand":[363],"product_cat":[367,356],"product_tag":[],"class_list":{"0":"post-8157","1":"product","2":"type-product","3":"status-publish","4":"has-post-thumbnail","6":"product_brand-bodynova","7":"product_cat-shiatsu-mat","8":"product_cat-yoga-meditatie","9":"product_shipping_class-klein-pakket","10":"pa_kleur-groen","11":"pa_kleur-honing-geel","12":"pa_kleur-light-taupe","13":"pa_kleur-mineraal-blauw","14":"pa_kleur-stoffig-paars","16":"first","17":"instock","18":"taxable","19":"shipping-taxable","20":"purchasable","21":"product-type-variable","22":"has-default-attributes"},"yoast_head":"<!-- This site is optimized with the Yoast SEO Premium plugin v27.4 (Yoast SEO v27.4) - https:\/\/yoast.com\/product\/yoast-seo-premium-wordpress\/ -->\n<title>Shiatsu-mat met afneembare hoes - TouchPro Europe Shop<\/title>\n<meta name=\"description\" content=\"Verwen jezelf met de unieke Shiatsu-mat met afneembare hoes. Cre\u00eber de ideale mat voor jouw persoonlijke ontspanningservaring!\" \/>\n<meta name=\"robots\" content=\"index, follow, max-snippet:-1, max-image-preview:large, max-video-preview:-1\" \/>\n<link rel=\"canonical\" href=\"https:\/\/touchproeurope.eu\/es\/product\/esterilla-shiatsu-con-funda-extraible\/\" \/>\n<meta property=\"og:locale\" content=\"es_ES\" \/>\n<meta property=\"og:type\" content=\"article\" \/>\n<meta property=\"og:title\" content=\"Shiatsu-mat met afneembare hoes\" \/>\n<meta property=\"og:description\" content=\"Verwen jezelf met de unieke Shiatsu-mat met afneembare hoes. Cre\u00eber de ideale mat voor jouw persoonlijke ontspanningservaring!\" \/>\n<meta property=\"og:url\" content=\"https:\/\/touchproeurope.eu\/es\/product\/esterilla-shiatsu-con-funda-extraible\/\" \/>\n<meta property=\"og:site_name\" content=\"TouchPro Europe Shop\" \/>\n<meta property=\"article:publisher\" content=\"https:\/\/www.facebook.com\/TouchproNederland\/?locale=nl_NL%2f\" \/>\n<meta property=\"article:modified_time\" content=\"2026-04-16T16:06:15+00:00\" \/>\n<meta property=\"og:image\" content=\"https:\/\/touchproeurope.eu\/wp-content\/uploads\/2025\/05\/smx_shiatsumatte_eco_bodhi_dusty_purple_halb_gerollt.jpg\" \/>\n\t<meta property=\"og:image:width\" content=\"1500\" \/>\n\t<meta property=\"og:image:height\" content=\"1500\" \/>\n\t<meta property=\"og:image:type\" content=\"image\/jpeg\" \/>\n<meta name=\"twitter:card\" content=\"summary_large_image\" \/>\n<meta name=\"twitter:label1\" content=\"Disponibilidad\" \/>\n\t<meta name=\"twitter:data1\" content=\"Disponible\" \/>\n<script type=\"application\/ld+json\" class=\"yoast-schema-graph\">{\"@context\":\"https:\\\/\\\/schema.org\",\"@graph\":[{\"@type\":\"WebPage\",\"@id\":\"https:\\\/\\\/touchproeurope.eu\\\/product\\\/shiatsu-mat-met-afneembare-hoes\\\/\",\"url\":\"https:\\\/\\\/touchproeurope.eu\\\/product\\\/shiatsu-mat-met-afneembare-hoes\\\/\",\"name\":\"Shiatsu-mat met afneembare hoes - TouchPro Europe Shop\",\"isPartOf\":{\"@id\":\"https:\\\/\\\/touchproeurope.eu\\\/#website\"},\"primaryImageOfPage\":{\"@id\":\"https:\\\/\\\/touchproeurope.eu\\\/product\\\/shiatsu-mat-met-afneembare-hoes\\\/#primaryimage\"},\"image\":{\"@id\":\"https:\\\/\\\/touchproeurope.eu\\\/product\\\/shiatsu-mat-met-afneembare-hoes\\\/#primaryimage\"},\"thumbnailUrl\":\"https:\\\/\\\/i0.wp.com\\\/touchproeurope.eu\\\/wp-content\\\/uploads\\\/2025\\\/05\\\/smx_shiatsumatte_eco_bodhi_dusty_purple_halb_gerollt.jpg?fit=1500%2C1500&ssl=1\",\"datePublished\":\"2025-05-08T14:11:09+00:00\",\"dateModified\":\"2026-04-16T16:06:15+00:00\",\"description\":\"Verwen jezelf met de unieke Shiatsu-mat met afneembare hoes. Cre\u00eber de ideale mat voor jouw persoonlijke ontspanningservaring!\",\"breadcrumb\":{\"@id\":\"https:\\\/\\\/touchproeurope.eu\\\/product\\\/shiatsu-mat-met-afneembare-hoes\\\/#breadcrumb\"},\"inLanguage\":\"es\",\"potentialAction\":[{\"@type\":\"ReadAction\",\"target\":[\"https:\\\/\\\/touchproeurope.eu\\\/product\\\/shiatsu-mat-met-afneembare-hoes\\\/\"]}]},{\"@type\":\"ImageObject\",\"inLanguage\":\"es\",\"@id\":\"https:\\\/\\\/touchproeurope.eu\\\/product\\\/shiatsu-mat-met-afneembare-hoes\\\/#primaryimage\",\"url\":\"https:\\\/\\\/i0.wp.com\\\/touchproeurope.eu\\\/wp-content\\\/uploads\\\/2025\\\/05\\\/smx_shiatsumatte_eco_bodhi_dusty_purple_halb_gerollt.jpg?fit=1500%2C1500&ssl=1\",\"contentUrl\":\"https:\\\/\\\/i0.wp.com\\\/touchproeurope.eu\\\/wp-content\\\/uploads\\\/2025\\\/05\\\/smx_shiatsumatte_eco_bodhi_dusty_purple_halb_gerollt.jpg?fit=1500%2C1500&ssl=1\",\"width\":1500,\"height\":1500,\"caption\":\"Shiatsu-mat met afneembare hoes yogamat Stoffig paars\"},{\"@type\":\"BreadcrumbList\",\"@id\":\"https:\\\/\\\/touchproeurope.eu\\\/product\\\/shiatsu-mat-met-afneembare-hoes\\\/#breadcrumb\",\"itemListElement\":[{\"@type\":\"ListItem\",\"position\":1,\"name\":\"Home\",\"item\":\"https:\\\/\\\/touchproeurope.eu\\\/\"},{\"@type\":\"ListItem\",\"position\":2,\"name\":\"Winkel\",\"item\":\"https:\\\/\\\/touchproeurope.eu\\\/winkel\\\/\"},{\"@type\":\"ListItem\",\"position\":3,\"name\":\"Shiatsu-mat met afneembare hoes\"}]},{\"@type\":\"WebSite\",\"@id\":\"https:\\\/\\\/touchproeurope.eu\\\/#website\",\"url\":\"https:\\\/\\\/touchproeurope.eu\\\/\",\"name\":\"TouchPro Europe Shop\",\"description\":\"Alles voor jouw praktijk met een PROfessionele Touch!\",\"publisher\":{\"@id\":\"https:\\\/\\\/touchproeurope.eu\\\/#organization\"},\"alternateName\":\"TPE\",\"potentialAction\":[{\"@type\":\"SearchAction\",\"target\":{\"@type\":\"EntryPoint\",\"urlTemplate\":\"https:\\\/\\\/touchproeurope.eu\\\/?s={search_term_string}\"},\"query-input\":{\"@type\":\"PropertyValueSpecification\",\"valueRequired\":true,\"valueName\":\"search_term_string\"}}],\"inLanguage\":\"es\"},{\"@type\":\"Organization\",\"@id\":\"https:\\\/\\\/touchproeurope.eu\\\/#organization\",\"name\":\"TouchPro Europe BV\",\"alternateName\":\"TPE\",\"url\":\"https:\\\/\\\/touchproeurope.eu\\\/\",\"logo\":{\"@type\":\"ImageObject\",\"inLanguage\":\"es\",\"@id\":\"https:\\\/\\\/touchproeurope.eu\\\/#\\\/schema\\\/logo\\\/image\\\/\",\"url\":\"https:\\\/\\\/i0.wp.com\\\/touchproeurope.eu\\\/wp-content\\\/uploads\\\/2023\\\/10\\\/2b592c_b6944d80811246d987cc2c29accedf3f.png?fit=1417%2C531&ssl=1\",\"contentUrl\":\"https:\\\/\\\/i0.wp.com\\\/touchproeurope.eu\\\/wp-content\\\/uploads\\\/2023\\\/10\\\/2b592c_b6944d80811246d987cc2c29accedf3f.png?fit=1417%2C531&ssl=1\",\"width\":1417,\"height\":531,\"caption\":\"TouchPro Europe BV\"},\"image\":{\"@id\":\"https:\\\/\\\/touchproeurope.eu\\\/#\\\/schema\\\/logo\\\/image\\\/\"},\"sameAs\":[\"https:\\\/\\\/www.facebook.com\\\/TouchproNederland\\\/?locale=nl_NL\\\/\",\"https:\\\/\\\/www.instagram.com\\\/touchpro2016\\\/\",\"https:\\\/\\\/www.linkedin.com\\\/company\\\/touchpro-europe-bv\\\/\"],\"description\":\"TouchPro Europe Shop is de massage winkel van Europa. Wij verkopen topkwaliteit massageproducten aan masseurs, pedicures, fysiotherapeuten, manicuren, Wellness centra, opleidingen, etc. TouchPro begon als een kleine webshop in Nederland, maar is nu uitgegroeid tot een webshop met klanten uit heel Europa. Wij bieden een breed assortiment aan massageproducten, waaronder massagetafels, oli\u00ebn, cr\u00e8mes, en accessoires van topmerken, zoals Earthlite, Stronglite en InnerStrenght, Habys, Living Earth Crafts en Continuum en andere leveranciers van massage accessoires. Bestel hier de beste massagematerialen van Europa!\",\"email\":\"info@touchpro-europe.com\",\"telephone\":\"0858768829\",\"legalName\":\"TouchPro Europe BV\",\"foundingDate\":\"2018-01-11\",\"vatID\":\"NL855430151B01\",\"numberOfEmployees\":{\"@type\":\"QuantitativeValue\",\"minValue\":\"1\",\"maxValue\":\"10\"},\"hasMerchantReturnPolicy\":{\"@type\":\"MerchantReturnPolicy\",\"merchantReturnLink\":\"https:\\\/\\\/touchproeurope.eu\\\/es\\\/retourbeleid\\\/\"}}]}<\/script>\n<meta property=\"og:availability\" content=\"instock\" \/>\n<meta property=\"product:availability\" content=\"instock\" \/>\n<meta property=\"product:condition\" content=\"new\" \/>\n<!-- \/ Yoast SEO Premium plugin. -->","yoast_head_json":{"title":"Colchoneta Shiatsu con funda extra\u00edble - Tienda TouchPro Europe","description":"M\u00edmese con la exclusiva esterilla Shiatsu con funda extra\u00edble. Cree la esterilla ideal para su experiencia de relajaci\u00f3n personal.","robots":{"index":"index","follow":"follow","max-snippet":"max-snippet:-1","max-image-preview":"max-image-preview:large","max-video-preview":"max-video-preview:-1"},"canonical":"https:\/\/touchproeurope.eu\/es\/product\/esterilla-shiatsu-con-funda-extraible\/","og_locale":"es_ES","og_type":"article","og_title":"Shiatsu-mat met afneembare hoes","og_description":"Verwen jezelf met de unieke Shiatsu-mat met afneembare hoes. Cre\u00eber de ideale mat voor jouw persoonlijke ontspanningservaring!","og_url":"https:\/\/touchproeurope.eu\/es\/product\/esterilla-shiatsu-con-funda-extraible\/","og_site_name":"TouchPro Europe Shop","article_publisher":"https:\/\/www.facebook.com\/TouchproNederland\/?locale=nl_NL%2f","article_modified_time":"2026-04-16T16:06:15+00:00","og_image":[{"width":1500,"height":1500,"url":"https:\/\/touchproeurope.eu\/wp-content\/uploads\/2025\/05\/smx_shiatsumatte_eco_bodhi_dusty_purple_halb_gerollt.jpg","type":"image\/jpeg"}],"twitter_card":"summary_large_image","twitter_misc":{"Disponibilidad":"Disponible"},"schema":{"@context":"https:\/\/schema.org","@graph":[{"@type":"WebPage","@id":"https:\/\/touchproeurope.eu\/product\/shiatsu-mat-met-afneembare-hoes\/","url":"https:\/\/touchproeurope.eu\/product\/shiatsu-mat-met-afneembare-hoes\/","name":"Colchoneta Shiatsu con funda extra\u00edble - Tienda TouchPro Europe","isPartOf":{"@id":"https:\/\/touchproeurope.eu\/#website"},"primaryImageOfPage":{"@id":"https:\/\/touchproeurope.eu\/product\/shiatsu-mat-met-afneembare-hoes\/#primaryimage"},"image":{"@id":"https:\/\/touchproeurope.eu\/product\/shiatsu-mat-met-afneembare-hoes\/#primaryimage"},"thumbnailUrl":"https:\/\/i0.wp.com\/touchproeurope.eu\/wp-content\/uploads\/2025\/05\/smx_shiatsumatte_eco_bodhi_dusty_purple_halb_gerollt.jpg?fit=1500%2C1500&ssl=1","datePublished":"2025-05-08T14:11:09+00:00","dateModified":"2026-04-16T16:06:15+00:00","description":"M\u00edmese con la exclusiva esterilla Shiatsu con funda extra\u00edble. Cree la esterilla ideal para su experiencia de relajaci\u00f3n personal.","breadcrumb":{"@id":"https:\/\/touchproeurope.eu\/product\/shiatsu-mat-met-afneembare-hoes\/#breadcrumb"},"inLanguage":"es","potentialAction":[{"@type":"ReadAction","target":["https:\/\/touchproeurope.eu\/product\/shiatsu-mat-met-afneembare-hoes\/"]}]},{"@type":"ImageObject","inLanguage":"es","@id":"https:\/\/touchproeurope.eu\/product\/shiatsu-mat-met-afneembare-hoes\/#primaryimage","url":"https:\/\/i0.wp.com\/touchproeurope.eu\/wp-content\/uploads\/2025\/05\/smx_shiatsumatte_eco_bodhi_dusty_purple_halb_gerollt.jpg?fit=1500%2C1500&ssl=1","contentUrl":"https:\/\/i0.wp.com\/touchproeurope.eu\/wp-content\/uploads\/2025\/05\/smx_shiatsumatte_eco_bodhi_dusty_purple_halb_gerollt.jpg?fit=1500%2C1500&ssl=1","width":1500,"height":1500,"caption":"Shiatsu-mat met afneembare hoes yogamat Stoffig paars"},{"@type":"BreadcrumbList","@id":"https:\/\/touchproeurope.eu\/product\/shiatsu-mat-met-afneembare-hoes\/#breadcrumb","itemListElement":[{"@type":"ListItem","position":1,"name":"Home","item":"https:\/\/touchproeurope.eu\/"},{"@type":"ListItem","position":2,"name":"Winkel","item":"https:\/\/touchproeurope.eu\/winkel\/"},{"@type":"ListItem","position":3,"name":"Shiatsu-mat met afneembare hoes"}]},{"@type":"WebSite","@id":"https:\/\/touchproeurope.eu\/#website","url":"https:\/\/touchproeurope.eu\/","name":"Tienda TouchPro Europe","description":"\u00a1Todo para su consulta con un toque PROfesional!","publisher":{"@id":"https:\/\/touchproeurope.eu\/#organization"},"alternateName":"TPE","potentialAction":[{"@type":"SearchAction","target":{"@type":"EntryPoint","urlTemplate":"https:\/\/touchproeurope.eu\/?s={search_term_string}"},"query-input":{"@type":"PropertyValueSpecification","valueRequired":true,"valueName":"search_term_string"}}],"inLanguage":"es"},{"@type":"Organization","@id":"https:\/\/touchproeurope.eu\/#organization","name":"TouchPro Europe BV","alternateName":"TPE","url":"https:\/\/touchproeurope.eu\/","logo":{"@type":"ImageObject","inLanguage":"es","@id":"https:\/\/touchproeurope.eu\/#\/schema\/logo\/image\/","url":"https:\/\/i0.wp.com\/touchproeurope.eu\/wp-content\/uploads\/2023\/10\/2b592c_b6944d80811246d987cc2c29accedf3f.png?fit=1417%2C531&ssl=1","contentUrl":"https:\/\/i0.wp.com\/touchproeurope.eu\/wp-content\/uploads\/2023\/10\/2b592c_b6944d80811246d987cc2c29accedf3f.png?fit=1417%2C531&ssl=1","width":1417,"height":531,"caption":"TouchPro Europe BV"},"image":{"@id":"https:\/\/touchproeurope.eu\/#\/schema\/logo\/image\/"},"sameAs":["https:\/\/www.facebook.com\/TouchproNederland\/?locale=nl_NL\/","https:\/\/www.instagram.com\/touchpro2016\/","https:\/\/www.linkedin.com\/company\/touchpro-europe-bv\/"],"description":"TouchPro Europe Shop es la tienda de masajes de Europa. Vendemos productos de masaje de primera calidad a masajistas, pedicuras, fisioterapeutas, manicuras, centros de bienestar, cursos de formaci\u00f3n, etc. TouchPro comenz\u00f3 como una peque\u00f1a tienda en los Pa\u00edses Bajos, pero ahora se ha convertido en una tienda con clientes de toda Europa. Ofrecemos una amplia gama de productos de masaje, incluyendo camillas de masaje, aceites, cremas y accesorios de las mejores marcas como Earthlite, Stronglite e InnerStrenght, Habys, Living Earth Crafts y Continuum y otros proveedores de accesorios de masaje. Pida aqu\u00ed los mejores art\u00edculos de masaje de Europa.","email":"info@touchpro-europe.com","telephone":"0858768829","legalName":"TouchPro Europe BV","foundingDate":"2018-01-11","vatID":"NL855430151B01","numberOfEmployees":{"@type":"QuantitativeValue","minValue":"1","maxValue":"10"},"hasMerchantReturnPolicy":{"@type":"MerchantReturnPolicy","merchantReturnLink":"https:\/\/touchproeurope.eu\/es\/retourbeleid\/"}}]},"og_availability":"instock","product_availability":"instock","product_condition":"new"},"_links":{"self":[{"href":"https:\/\/touchproeurope.eu\/es\/wp-json\/wp\/v2\/product\/8157","targetHints":{"allow":["GET"]}}],"collection":[{"href":"https:\/\/touchproeurope.eu\/es\/wp-json\/wp\/v2\/product"}],"about":[{"href":"https:\/\/touchproeurope.eu\/es\/wp-json\/wp\/v2\/types\/product"}],"replies":[{"embeddable":true,"href":"https:\/\/touchproeurope.eu\/es\/wp-json\/wp\/v2\/comments?post=8157"}],"version-history":[{"count":2,"href":"https:\/\/touchproeurope.eu\/es\/wp-json\/wp\/v2\/product\/8157\/revisions"}],"predecessor-version":[{"id":12256,"href":"https:\/\/touchproeurope.eu\/es\/wp-json\/wp\/v2\/product\/8157\/revisions\/12256"}],"wp:featuredmedia":[{"embeddable":true,"href":"https:\/\/touchproeurope.eu\/es\/wp-json\/wp\/v2\/media\/8171"}],"wp:attachment":[{"href":"https:\/\/touchproeurope.eu\/es\/wp-json\/wp\/v2\/media?parent=8157"}],"wp:term":[{"taxonomy":"product_brand","embeddable":true,"href":"https:\/\/touchproeurope.eu\/es\/wp-json\/wp\/v2\/product_brand?post=8157"},{"taxonomy":"product_cat","embeddable":true,"href":"https:\/\/touchproeurope.eu\/es\/wp-json\/wp\/v2\/product_cat?post=8157"},{"taxonomy":"product_tag","embeddable":true,"href":"https:\/\/touchproeurope.eu\/es\/wp-json\/wp\/v2\/product_tag?post=8157"}],"curies":[{"name":"wp","href":"https:\/\/api.w.org\/{rel}","templated":true}]}}