{"id":85,"date":"2023-10-30T14:41:06","date_gmt":"2023-10-30T14:41:06","guid":{"rendered":"https:\/\/touchproeurope.eu\/?post_type=product&#038;p=85"},"modified":"2026-04-16T16:02:02","modified_gmt":"2026-04-16T16:02:02","slug":"sillon-de-masaje-inner-strenght-e-lite","status":"publish","type":"product","link":"https:\/\/touchproeurope.eu\/es\/product\/inner-strenght-e-lite-massagestoel\/","title":{"rendered":"Sill\u00f3n de masaje port\u00e1til Inner Strenght E-Lite"},"content":{"rendered":"<p>Descubra lo \u00faltimo en movilidad y comodidad para los masajistas que se desplazan con el sill\u00f3n de masaje Inner Strenght E-Lite, un sill\u00f3n de masaje port\u00e1til ligero y de gran calidad. Dise\u00f1ado pensando en su comodidad y en la satisfacci\u00f3n del cliente, este sill\u00f3n es un complemento perfecto para cualquier consulta.<\/p>\n<p>El sill\u00f3n de masaje Inner Strength E-Lite est\u00e1 fabricado con aluminio T6 de calidad aeron\u00e1utica ultraligero y resistente, por lo que no s\u00f3lo es duradero, sino tambi\u00e9n f\u00e1cil de transportar. El resistente tejido no solo es resistente al agua y a los productos qu\u00edmicos, sino tambi\u00e9n a los cortes, por lo que el sill\u00f3n es duradero y fiable.<\/p>\n<p>Esta silla port\u00e1til no s\u00f3lo es ligera, sino tambi\u00e9n totalmente ajustable. Ajuste el sill\u00f3n para conseguir una postura excelente y la m\u00e1xima comodidad para su cliente, est\u00e9 donde est\u00e9. El paquete, que incluye el sill\u00f3n port\u00e1til, el reposacabezas ajustable, la almohada y un pr\u00e1ctico malet\u00edn de transporte, le ofrece todo lo que necesita para disfrutar de un masaje profesional.<\/p>\n<p>Actualice su consulta con el Inner Strenght E-Lite. P\u00eddalo ahora y ofrezca a sus clientes el lujo de masajes de alta calidad en cualquier lugar. \u00a1Haga de la movilidad y la comodidad su nuevo est\u00e1ndar!<\/p>","protected":false},"excerpt":{"rendered":"<div class=\"product-details-module__title ec-header-h6\"><strong>La fuerza interior E-Lite:<\/strong> Este ligero sill\u00f3n de masaje port\u00e1til est\u00e1 dise\u00f1ado para el masajista que se desplaza. El sill\u00f3n E-Lite est\u00e1 fabricado con aluminio T6 de calidad aeron\u00e1utica ultraligero y resistente. Fabricado con tejido de alta resistencia, el sill\u00f3n de masaje es resistente al agua, a los productos qu\u00edmicos y a los cortes. El sill\u00f3n es muy ajustable para ofrecer una postura excelente y comodidad al cliente.<\/div>\n<div><\/div>\n<div class=\"product-details-module__content\">\n<div id=\"productDescription\" class=\"product-details__product-description\">\n<div>El paquete consta de:<\/div>\n<ul>\n<li>Silla port\u00e1til<\/li>\n<li>Reposacabezas ajustable<\/li>\n<li>Almohada<\/li>\n<li>Bolsa de transporte<\/li>\n<\/ul>\n<p>Caracter\u00edsticas:<\/p>\n<ul>\n<li>7,5 kg<\/li>\n<li>136 kg de peso \u00fatil<\/li>\n<li>Bastidor de aluminio T6<\/li>\n<li>Plegado compacto para facilitar su transporte y almacenamiento<\/li>\n<li>Hoja de ventas oficial:\u00a0<a href=\"\/es\/Users\/Nicole\/AppData\/Local\/Microsoft\/Windows\/INetCache\/Content.Outlook\/8W7W19U0\/E-Lite%20by%20Inner%20Strength%20EU%20-%201-300-0173%20-%20Rev_062121.pdf\/\" target=\"_blank\" rel=\"noopener\">E-Lite<\/a><\/li>\n<\/ul>\n<\/div>\n<\/div>","protected":false},"featured_media":87,"comment_status":"open","ping_status":"closed","template":"","meta":[],"product_brand":[400],"product_cat":[98],"product_tag":[138,20,19],"class_list":{"0":"post-85","1":"product","2":"type-product","3":"status-publish","4":"has-post-thumbnail","6":"product_brand-inner-strenght","7":"product_cat-massagestoelen","8":"product_tag-e-lite","9":"product_tag-inner-strenght","10":"product_tag-massagestoel","11":"product_shipping_class-klein-pakket","12":"pa_kleur-blauw","13":"pa_kleur-zwart","14":"pa_merk-inner-strenght","16":"first","17":"instock","18":"taxable","19":"shipping-taxable","20":"purchasable","21":"product-type-variable"},"yoast_head":"<!-- This site is optimized with the Yoast SEO Premium plugin v27.4 (Yoast SEO v27.4) - https:\/\/yoast.com\/product\/yoast-seo-premium-wordpress\/ -->\n<title>Inner Strenght E-Lite draagbare massagestoel - TouchPro Europe Shop<\/title>\n<meta name=\"description\" content=\"Inner Strenght E-Lite: Draagbare luxe massagestoel. Lichtgewicht, en volledig instelbaar voor optimaal comfort. Bestel nu om moeiteloos masseren onderweg!\" \/>\n<meta name=\"robots\" content=\"index, follow, max-snippet:-1, max-image-preview:large, max-video-preview:-1\" \/>\n<link rel=\"canonical\" href=\"https:\/\/touchproeurope.eu\/es\/product\/sillon-de-masaje-inner-strenght-e-lite\/\" \/>\n<meta property=\"og:locale\" content=\"es_ES\" \/>\n<meta property=\"og:type\" content=\"article\" \/>\n<meta property=\"og:title\" content=\"Inner Strenght E-Lite draagbare massagestoel\" \/>\n<meta property=\"og:description\" content=\"Inner Strenght E-Lite: Draagbare luxe massagestoel. Lichtgewicht, en volledig instelbaar voor optimaal comfort. Bestel nu om moeiteloos masseren onderweg!\" \/>\n<meta property=\"og:url\" content=\"https:\/\/touchproeurope.eu\/es\/product\/sillon-de-masaje-inner-strenght-e-lite\/\" \/>\n<meta property=\"og:site_name\" content=\"TouchPro Europe Shop\" \/>\n<meta property=\"article:publisher\" content=\"https:\/\/www.facebook.com\/TouchproNederland\/?locale=nl_NL%2f\" \/>\n<meta property=\"article:modified_time\" content=\"2026-04-16T16:02:02+00:00\" \/>\n<meta property=\"og:image\" content=\"https:\/\/touchproeurope.eu\/wp-content\/uploads\/2023\/10\/Inner-Strength-E-Lite-massagestoel.jpg\" \/>\n\t<meta property=\"og:image:width\" content=\"2000\" \/>\n\t<meta property=\"og:image:height\" content=\"2000\" \/>\n\t<meta property=\"og:image:type\" content=\"image\/jpeg\" \/>\n<meta name=\"twitter:card\" content=\"summary_large_image\" \/>\n<meta name=\"twitter:label1\" content=\"Disponibilidad\" \/>\n\t<meta name=\"twitter:data1\" content=\"Disponible\" \/>\n<script type=\"application\/ld+json\" class=\"yoast-schema-graph\">{\"@context\":\"https:\\\/\\\/schema.org\",\"@graph\":[{\"@type\":\"WebPage\",\"@id\":\"https:\\\/\\\/touchproeurope.eu\\\/product\\\/inner-strenght-e-lite-massagestoel\\\/\",\"url\":\"https:\\\/\\\/touchproeurope.eu\\\/product\\\/inner-strenght-e-lite-massagestoel\\\/\",\"name\":\"Inner Strenght E-Lite draagbare massagestoel - TouchPro Europe Shop\",\"isPartOf\":{\"@id\":\"https:\\\/\\\/touchproeurope.eu\\\/#website\"},\"primaryImageOfPage\":{\"@id\":\"https:\\\/\\\/touchproeurope.eu\\\/product\\\/inner-strenght-e-lite-massagestoel\\\/#primaryimage\"},\"image\":{\"@id\":\"https:\\\/\\\/touchproeurope.eu\\\/product\\\/inner-strenght-e-lite-massagestoel\\\/#primaryimage\"},\"thumbnailUrl\":\"https:\\\/\\\/i0.wp.com\\\/touchproeurope.eu\\\/wp-content\\\/uploads\\\/2023\\\/10\\\/Inner-Strength-E-Lite-massagestoel.jpg?fit=2000%2C2000&ssl=1\",\"datePublished\":\"2023-10-30T14:41:06+00:00\",\"dateModified\":\"2026-04-16T16:02:02+00:00\",\"description\":\"Inner Strenght E-Lite: Draagbare luxe massagestoel. Lichtgewicht, en volledig instelbaar voor optimaal comfort. Bestel nu om moeiteloos masseren onderweg!\",\"breadcrumb\":{\"@id\":\"https:\\\/\\\/touchproeurope.eu\\\/product\\\/inner-strenght-e-lite-massagestoel\\\/#breadcrumb\"},\"inLanguage\":\"es\",\"potentialAction\":[{\"@type\":\"ReadAction\",\"target\":[\"https:\\\/\\\/touchproeurope.eu\\\/product\\\/inner-strenght-e-lite-massagestoel\\\/\"]}]},{\"@type\":\"ImageObject\",\"inLanguage\":\"es\",\"@id\":\"https:\\\/\\\/touchproeurope.eu\\\/product\\\/inner-strenght-e-lite-massagestoel\\\/#primaryimage\",\"url\":\"https:\\\/\\\/i0.wp.com\\\/touchproeurope.eu\\\/wp-content\\\/uploads\\\/2023\\\/10\\\/Inner-Strength-E-Lite-massagestoel.jpg?fit=2000%2C2000&ssl=1\",\"contentUrl\":\"https:\\\/\\\/i0.wp.com\\\/touchproeurope.eu\\\/wp-content\\\/uploads\\\/2023\\\/10\\\/Inner-Strength-E-Lite-massagestoel.jpg?fit=2000%2C2000&ssl=1\",\"width\":2000,\"height\":2000,\"caption\":\"Inner Strength E-Lite massagestoel\"},{\"@type\":\"BreadcrumbList\",\"@id\":\"https:\\\/\\\/touchproeurope.eu\\\/product\\\/inner-strenght-e-lite-massagestoel\\\/#breadcrumb\",\"itemListElement\":[{\"@type\":\"ListItem\",\"position\":1,\"name\":\"Home\",\"item\":\"https:\\\/\\\/touchproeurope.eu\\\/\"},{\"@type\":\"ListItem\",\"position\":2,\"name\":\"Winkel\",\"item\":\"https:\\\/\\\/touchproeurope.eu\\\/winkel\\\/\"},{\"@type\":\"ListItem\",\"position\":3,\"name\":\"Inner Strenght E-Lite draagbare massagestoel\"}]},{\"@type\":\"WebSite\",\"@id\":\"https:\\\/\\\/touchproeurope.eu\\\/#website\",\"url\":\"https:\\\/\\\/touchproeurope.eu\\\/\",\"name\":\"TouchPro Europe Shop\",\"description\":\"Alles voor jouw praktijk met een PROfessionele Touch!\",\"publisher\":{\"@id\":\"https:\\\/\\\/touchproeurope.eu\\\/#organization\"},\"alternateName\":\"TPE\",\"potentialAction\":[{\"@type\":\"SearchAction\",\"target\":{\"@type\":\"EntryPoint\",\"urlTemplate\":\"https:\\\/\\\/touchproeurope.eu\\\/?s={search_term_string}\"},\"query-input\":{\"@type\":\"PropertyValueSpecification\",\"valueRequired\":true,\"valueName\":\"search_term_string\"}}],\"inLanguage\":\"es\"},{\"@type\":\"Organization\",\"@id\":\"https:\\\/\\\/touchproeurope.eu\\\/#organization\",\"name\":\"TouchPro Europe BV\",\"alternateName\":\"TPE\",\"url\":\"https:\\\/\\\/touchproeurope.eu\\\/\",\"logo\":{\"@type\":\"ImageObject\",\"inLanguage\":\"es\",\"@id\":\"https:\\\/\\\/touchproeurope.eu\\\/#\\\/schema\\\/logo\\\/image\\\/\",\"url\":\"https:\\\/\\\/i0.wp.com\\\/touchproeurope.eu\\\/wp-content\\\/uploads\\\/2023\\\/10\\\/2b592c_b6944d80811246d987cc2c29accedf3f.png?fit=1417%2C531&ssl=1\",\"contentUrl\":\"https:\\\/\\\/i0.wp.com\\\/touchproeurope.eu\\\/wp-content\\\/uploads\\\/2023\\\/10\\\/2b592c_b6944d80811246d987cc2c29accedf3f.png?fit=1417%2C531&ssl=1\",\"width\":1417,\"height\":531,\"caption\":\"TouchPro Europe BV\"},\"image\":{\"@id\":\"https:\\\/\\\/touchproeurope.eu\\\/#\\\/schema\\\/logo\\\/image\\\/\"},\"sameAs\":[\"https:\\\/\\\/www.facebook.com\\\/TouchproNederland\\\/?locale=nl_NL\\\/\",\"https:\\\/\\\/www.instagram.com\\\/touchpro2016\\\/\",\"https:\\\/\\\/www.linkedin.com\\\/company\\\/touchpro-europe-bv\\\/\"],\"description\":\"TouchPro Europe Shop is de massage winkel van Europa. Wij verkopen topkwaliteit massageproducten aan masseurs, pedicures, fysiotherapeuten, manicuren, Wellness centra, opleidingen, etc. TouchPro begon als een kleine webshop in Nederland, maar is nu uitgegroeid tot een webshop met klanten uit heel Europa. Wij bieden een breed assortiment aan massageproducten, waaronder massagetafels, oli\u00ebn, cr\u00e8mes, en accessoires van topmerken, zoals Earthlite, Stronglite en InnerStrenght, Habys, Living Earth Crafts en Continuum en andere leveranciers van massage accessoires. Bestel hier de beste massagematerialen van Europa!\",\"email\":\"info@touchpro-europe.com\",\"telephone\":\"0858768829\",\"legalName\":\"TouchPro Europe BV\",\"foundingDate\":\"2018-01-11\",\"vatID\":\"NL855430151B01\",\"numberOfEmployees\":{\"@type\":\"QuantitativeValue\",\"minValue\":\"1\",\"maxValue\":\"10\"},\"hasMerchantReturnPolicy\":{\"@type\":\"MerchantReturnPolicy\",\"merchantReturnLink\":\"https:\\\/\\\/touchproeurope.eu\\\/es\\\/retourbeleid\\\/\"}}]}<\/script>\n<meta property=\"product:brand\" content=\"Inner Strenght\" \/>\n<meta property=\"og:availability\" content=\"instock\" \/>\n<meta property=\"product:availability\" content=\"instock\" \/>\n<meta property=\"product:retailer_item_id\" content=\"21560\" \/>\n<meta property=\"product:condition\" content=\"new\" \/>\n<!-- \/ Yoast SEO Premium plugin. -->","yoast_head_json":{"title":"Sill\u00f3n de masaje port\u00e1til Inner Strenght E-Lite - Tienda TouchPro Europe","description":"Inner Strenght E-Lite: Sill\u00f3n de masaje port\u00e1til de lujo. Ligero y totalmente ajustable para un confort \u00f3ptimo. \u00a1P\u00eddalo ahora para masajear sin esfuerzo sobre la marcha!","robots":{"index":"index","follow":"follow","max-snippet":"max-snippet:-1","max-image-preview":"max-image-preview:large","max-video-preview":"max-video-preview:-1"},"canonical":"https:\/\/touchproeurope.eu\/es\/product\/sillon-de-masaje-inner-strenght-e-lite\/","og_locale":"es_ES","og_type":"article","og_title":"Inner Strenght E-Lite draagbare massagestoel","og_description":"Inner Strenght E-Lite: Draagbare luxe massagestoel. Lichtgewicht, en volledig instelbaar voor optimaal comfort. Bestel nu om moeiteloos masseren onderweg!","og_url":"https:\/\/touchproeurope.eu\/es\/product\/sillon-de-masaje-inner-strenght-e-lite\/","og_site_name":"TouchPro Europe Shop","article_publisher":"https:\/\/www.facebook.com\/TouchproNederland\/?locale=nl_NL%2f","article_modified_time":"2026-04-16T16:02:02+00:00","og_image":[{"width":2000,"height":2000,"url":"https:\/\/touchproeurope.eu\/wp-content\/uploads\/2023\/10\/Inner-Strength-E-Lite-massagestoel.jpg","type":"image\/jpeg"}],"twitter_card":"summary_large_image","twitter_misc":{"Disponibilidad":"Disponible"},"schema":{"@context":"https:\/\/schema.org","@graph":[{"@type":"WebPage","@id":"https:\/\/touchproeurope.eu\/product\/inner-strenght-e-lite-massagestoel\/","url":"https:\/\/touchproeurope.eu\/product\/inner-strenght-e-lite-massagestoel\/","name":"Sill\u00f3n de masaje port\u00e1til Inner Strenght E-Lite - Tienda TouchPro Europe","isPartOf":{"@id":"https:\/\/touchproeurope.eu\/#website"},"primaryImageOfPage":{"@id":"https:\/\/touchproeurope.eu\/product\/inner-strenght-e-lite-massagestoel\/#primaryimage"},"image":{"@id":"https:\/\/touchproeurope.eu\/product\/inner-strenght-e-lite-massagestoel\/#primaryimage"},"thumbnailUrl":"https:\/\/i0.wp.com\/touchproeurope.eu\/wp-content\/uploads\/2023\/10\/Inner-Strength-E-Lite-massagestoel.jpg?fit=2000%2C2000&ssl=1","datePublished":"2023-10-30T14:41:06+00:00","dateModified":"2026-04-16T16:02:02+00:00","description":"Inner Strenght E-Lite: Sill\u00f3n de masaje port\u00e1til de lujo. Ligero y totalmente ajustable para un confort \u00f3ptimo. \u00a1P\u00eddalo ahora para masajear sin esfuerzo sobre la marcha!","breadcrumb":{"@id":"https:\/\/touchproeurope.eu\/product\/inner-strenght-e-lite-massagestoel\/#breadcrumb"},"inLanguage":"es","potentialAction":[{"@type":"ReadAction","target":["https:\/\/touchproeurope.eu\/product\/inner-strenght-e-lite-massagestoel\/"]}]},{"@type":"ImageObject","inLanguage":"es","@id":"https:\/\/touchproeurope.eu\/product\/inner-strenght-e-lite-massagestoel\/#primaryimage","url":"https:\/\/i0.wp.com\/touchproeurope.eu\/wp-content\/uploads\/2023\/10\/Inner-Strength-E-Lite-massagestoel.jpg?fit=2000%2C2000&ssl=1","contentUrl":"https:\/\/i0.wp.com\/touchproeurope.eu\/wp-content\/uploads\/2023\/10\/Inner-Strength-E-Lite-massagestoel.jpg?fit=2000%2C2000&ssl=1","width":2000,"height":2000,"caption":"Inner Strength E-Lite massagestoel"},{"@type":"BreadcrumbList","@id":"https:\/\/touchproeurope.eu\/product\/inner-strenght-e-lite-massagestoel\/#breadcrumb","itemListElement":[{"@type":"ListItem","position":1,"name":"Home","item":"https:\/\/touchproeurope.eu\/"},{"@type":"ListItem","position":2,"name":"Winkel","item":"https:\/\/touchproeurope.eu\/winkel\/"},{"@type":"ListItem","position":3,"name":"Inner Strenght E-Lite draagbare massagestoel"}]},{"@type":"WebSite","@id":"https:\/\/touchproeurope.eu\/#website","url":"https:\/\/touchproeurope.eu\/","name":"Tienda TouchPro Europe","description":"\u00a1Todo para su consulta con un toque PROfesional!","publisher":{"@id":"https:\/\/touchproeurope.eu\/#organization"},"alternateName":"TPE","potentialAction":[{"@type":"SearchAction","target":{"@type":"EntryPoint","urlTemplate":"https:\/\/touchproeurope.eu\/?s={search_term_string}"},"query-input":{"@type":"PropertyValueSpecification","valueRequired":true,"valueName":"search_term_string"}}],"inLanguage":"es"},{"@type":"Organization","@id":"https:\/\/touchproeurope.eu\/#organization","name":"TouchPro Europe BV","alternateName":"TPE","url":"https:\/\/touchproeurope.eu\/","logo":{"@type":"ImageObject","inLanguage":"es","@id":"https:\/\/touchproeurope.eu\/#\/schema\/logo\/image\/","url":"https:\/\/i0.wp.com\/touchproeurope.eu\/wp-content\/uploads\/2023\/10\/2b592c_b6944d80811246d987cc2c29accedf3f.png?fit=1417%2C531&ssl=1","contentUrl":"https:\/\/i0.wp.com\/touchproeurope.eu\/wp-content\/uploads\/2023\/10\/2b592c_b6944d80811246d987cc2c29accedf3f.png?fit=1417%2C531&ssl=1","width":1417,"height":531,"caption":"TouchPro Europe BV"},"image":{"@id":"https:\/\/touchproeurope.eu\/#\/schema\/logo\/image\/"},"sameAs":["https:\/\/www.facebook.com\/TouchproNederland\/?locale=nl_NL\/","https:\/\/www.instagram.com\/touchpro2016\/","https:\/\/www.linkedin.com\/company\/touchpro-europe-bv\/"],"description":"TouchPro Europe Shop es la tienda de masajes de Europa. Vendemos productos de masaje de primera calidad a masajistas, pedicuras, fisioterapeutas, manicuras, centros de bienestar, cursos de formaci\u00f3n, etc. TouchPro comenz\u00f3 como una peque\u00f1a tienda en los Pa\u00edses Bajos, pero ahora se ha convertido en una tienda con clientes de toda Europa. Ofrecemos una amplia gama de productos de masaje, incluyendo camillas de masaje, aceites, cremas y accesorios de las mejores marcas como Earthlite, Stronglite e InnerStrenght, Habys, Living Earth Crafts y Continuum y otros proveedores de accesorios de masaje. Pida aqu\u00ed los mejores art\u00edculos de masaje de Europa.","email":"info@touchpro-europe.com","telephone":"0858768829","legalName":"TouchPro Europe BV","foundingDate":"2018-01-11","vatID":"NL855430151B01","numberOfEmployees":{"@type":"QuantitativeValue","minValue":"1","maxValue":"10"},"hasMerchantReturnPolicy":{"@type":"MerchantReturnPolicy","merchantReturnLink":"https:\/\/touchproeurope.eu\/es\/retourbeleid\/"}}]},"product_brand":"Inner Strenght","og_availability":"instock","product_availability":"instock","product_retailer_item_id":"21560","product_condition":"new"},"_links":{"self":[{"href":"https:\/\/touchproeurope.eu\/es\/wp-json\/wp\/v2\/product\/85","targetHints":{"allow":["GET"]}}],"collection":[{"href":"https:\/\/touchproeurope.eu\/es\/wp-json\/wp\/v2\/product"}],"about":[{"href":"https:\/\/touchproeurope.eu\/es\/wp-json\/wp\/v2\/types\/product"}],"replies":[{"embeddable":true,"href":"https:\/\/touchproeurope.eu\/es\/wp-json\/wp\/v2\/comments?post=85"}],"version-history":[{"count":15,"href":"https:\/\/touchproeurope.eu\/es\/wp-json\/wp\/v2\/product\/85\/revisions"}],"predecessor-version":[{"id":6738,"href":"https:\/\/touchproeurope.eu\/es\/wp-json\/wp\/v2\/product\/85\/revisions\/6738"}],"wp:featuredmedia":[{"embeddable":true,"href":"https:\/\/touchproeurope.eu\/es\/wp-json\/wp\/v2\/media\/87"}],"wp:attachment":[{"href":"https:\/\/touchproeurope.eu\/es\/wp-json\/wp\/v2\/media?parent=85"}],"wp:term":[{"taxonomy":"product_brand","embeddable":true,"href":"https:\/\/touchproeurope.eu\/es\/wp-json\/wp\/v2\/product_brand?post=85"},{"taxonomy":"product_cat","embeddable":true,"href":"https:\/\/touchproeurope.eu\/es\/wp-json\/wp\/v2\/product_cat?post=85"},{"taxonomy":"product_tag","embeddable":true,"href":"https:\/\/touchproeurope.eu\/es\/wp-json\/wp\/v2\/product_tag?post=85"}],"curies":[{"name":"wp","href":"https:\/\/api.w.org\/{rel}","templated":true}]}}