{"id":9445,"date":"2025-05-21T16:10:11","date_gmt":"2025-05-21T16:10:11","guid":{"rendered":"https:\/\/touchproeurope.eu\/?post_type=product&#038;p=9445"},"modified":"2026-04-22T09:41:46","modified_gmt":"2026-04-22T09:41:46","slug":"esterilla-de-shiatsu-extragrande-con-funda-fija","status":"publish","type":"product","link":"https:\/\/touchproeurope.eu\/es\/product\/shiatsu-mat-extra-groot-met-vaste-hoes\/","title":{"rendered":"Esterilla Shiatsu (EXTRA GRANDE) con funda fija"},"content":{"rendered":"<h1>Esterilla Shiatsu (EXTRA GRANDE) con funda fija de Bodynova:<\/h1>\n<h2>Para shiatsu, masajes y trabajo corporal<\/h2>\n<p>Nuestra esterilla de shiatsu extragrande \u201cMade in Germany\u201d est\u00e1 hecha a mano con sumo cuidado en nuestra propia f\u00e1brica. Es ideal para shiatsu, masaje tailand\u00e9s y cualquier otra forma de trabajo corporal que se practique en el suelo.<\/p>\n<h3>Productos a medida con muchas opciones<\/h3>\n<p>Elija libremente seg\u00fan sus deseos: tama\u00f1o, color y n\u00famero de capas.<br \/>\nTenga en cuenta que nuestras esterillas Shiatsu se fabrican especialmente para usted y, por lo tanto, no se pueden cambiar.<br \/>\nLa esterilla Shiatsu tiene una funda de sarga firme, acolchada directamente al material de vell\u00f3n. La funda cumple la norma Oeko-Tex Standard 100 y est\u00e1 te\u00f1ida conforme a la normativa alemana sin utilizar tintes AZO. El material de vell\u00f3n especialmente fabricado est\u00e1 compuesto por algod\u00f3n 70% y fibra de poli\u00e9ster 30%. Las fibras sint\u00e9ticas garantizan la elasticidad y la estabilidad dimensional del forro polar.<\/p>\n<p>El shiatmat est\u00e1ndar est\u00e1 relleno de cuatro capas de vell\u00f3n y est\u00e1 cosido a la tela de la funda seg\u00fan la t\u00e9cnica de fabricaci\u00f3n de futones. Todos los futones tienen dos bandas sint\u00e9ticas negras cosidas que permiten guardar la esterilla enrollada. Por regla general, las cuatro capas de vell\u00f3n est\u00e1ndar (aproximadamente 5 kg por metro cuadrado) son suficientes, ya que una esterilla demasiado blanda puede hacer que el colch\u00f3n se hunda demasiado. Tambi\u00e9n ofrecemos esterillas shiatsu de cinco capas para quienes necesitan m\u00e1s volumen.<\/p>\n<h3>Shiatsumat extragrande con funda resistente<\/h3>\n<ul>\n<li>Esterilla extragrande para shiatsu, masajes y trabajo corporal<\/li>\n<li>Cubierta: 100% sarga<\/li>\n<li>Relleno: algod\u00f3n 70%, fibra de poli\u00e9ster 30%<\/li>\n<li>Fabricado en Alemania<\/li>\n<li>Funda no extra\u00edble (cosida directamente al forro polar)<\/li>\n<li>Oeko-Tex Standard 100 (certificado n.\u00ba A06-0488)<\/li>\n<li>Te\u00f1ido seg\u00fan las normas alemanas (sin colorantes AZO).<\/li>\n<\/ul>\n<p>Consejo: Nuestra esterilla de shiatsu Made in Germany tambi\u00e9n est\u00e1 disponible con funda extra\u00edble. Encontrar\u00e1 esta variante en la categor\u00eda Colchonetas shiatsu.<\/p>\n<h3>Esterilla Shiatsu (EXTRA GRANDE) con funda fija Altura:<\/h3>\n<ul>\n<li>4 capas aprox. 5 - 6 cm<\/li>\n<li>5 capas aprox. 6 - 7 cm<\/li>\n<li>6 capas, aprox. 7-8 cm<\/li>\n<\/ul>\n<p><strong>Tenga en cuenta que nuestras dimensiones son aproximadas y pueden variar ligeramente. Adem\u00e1s, las esterillas shiatsu pueden comprimirse ligeramente durante el env\u00edo y, por tanto, parecer m\u00e1s peque\u00f1as que cuando se cortan. Coloque las esterillas en posici\u00f3n horizontal y est\u00edrelas un poco.<\/strong><\/p>","protected":false},"excerpt":{"rendered":"<p>La esterilla Shiatsu (EXTRA GRANDE) con funda fija es perfecta para masajes, yoga y trabajo corporal. Fabricada en Alemania, con funda extra\u00edble y personalizable a tu gusto. \u00a1Descubre tu esterilla de yoga ideal, el fut\u00f3n de yoga Bodhi a medida!<\/p>","protected":false},"featured_media":8162,"comment_status":"open","ping_status":"closed","template":"","meta":[],"product_brand":[363],"product_cat":[367,356],"product_tag":[],"class_list":{"0":"post-9445","1":"product","2":"type-product","3":"status-publish","4":"has-post-thumbnail","6":"product_brand-bodynova","7":"product_cat-shiatsu-mat","8":"product_cat-yoga-meditatie","9":"product_shipping_class-klein-pakket","10":"pa_kleur-aubergine","11":"pa_kleur-bordeaux","12":"pa_kleur-donker-blauw","13":"pa_kleur-groen","14":"pa_kleur-honing-geel","15":"pa_kleur-licht-beige","16":"pa_kleur-mineraal-blauw","17":"pa_kleur-stoffig-paars","18":"pa_kleur-zwart","20":"first","21":"instock","22":"taxable","23":"shipping-taxable","24":"purchasable","25":"product-type-variable","26":"has-default-attributes"},"yoast_head":"<!-- This site is optimized with the Yoast SEO Premium plugin v27.5 (Yoast SEO v27.5) - https:\/\/yoast.com\/product\/yoast-seo-premium-wordpress\/ -->\n<title>Shiatsu-mat (EXTRA GROOT) met vaste hoes - TouchPro Europe Shop<\/title>\n<meta name=\"description\" content=\"Verwen jezelf met de unieke Shiatsu-mat (EXTRA GROOT) met vaste hoes. Cre\u00eber de ideale mat voor jouw persoonlijke ontspanningservaring!\" \/>\n<meta name=\"robots\" content=\"index, follow, max-snippet:-1, max-image-preview:large, max-video-preview:-1\" \/>\n<link rel=\"canonical\" href=\"https:\/\/touchproeurope.eu\/es\/product\/esterilla-de-shiatsu-extragrande-con-funda-fija\/\" \/>\n<meta property=\"og:locale\" content=\"es_ES\" \/>\n<meta property=\"og:type\" content=\"article\" \/>\n<meta property=\"og:title\" content=\"Shiatsu-mat (EXTRA GROOT) met vaste hoes\" \/>\n<meta property=\"og:description\" content=\"Verwen jezelf met de unieke Shiatsu-mat (EXTRA GROOT) met vaste hoes. Cre\u00eber de ideale mat voor jouw persoonlijke ontspanningservaring!\" \/>\n<meta property=\"og:url\" content=\"https:\/\/touchproeurope.eu\/es\/product\/esterilla-de-shiatsu-extragrande-con-funda-fija\/\" \/>\n<meta property=\"og:site_name\" content=\"TouchPro Europe Shop\" \/>\n<meta property=\"article:publisher\" content=\"https:\/\/www.facebook.com\/TouchproNederland\/?locale=nl_NL%2f\" \/>\n<meta property=\"article:modified_time\" content=\"2026-04-22T09:41:46+00:00\" \/>\n<meta property=\"og:image\" content=\"https:\/\/touchproeurope.eu\/wp-content\/uploads\/2025\/05\/smx_shiatsumatte_eco_bodhi_honiggelb_halb_gerollt.jpg\" \/>\n\t<meta property=\"og:image:width\" content=\"1500\" \/>\n\t<meta property=\"og:image:height\" content=\"1500\" \/>\n\t<meta property=\"og:image:type\" content=\"image\/jpeg\" \/>\n<meta name=\"twitter:card\" content=\"summary_large_image\" \/>\n<meta name=\"twitter:label1\" content=\"Disponibilidad\" \/>\n\t<meta name=\"twitter:data1\" content=\"Disponible\" \/>\n<script type=\"application\/ld+json\" class=\"yoast-schema-graph\">{\"@context\":\"https:\\\/\\\/schema.org\",\"@graph\":[{\"@type\":\"WebPage\",\"@id\":\"https:\\\/\\\/touchproeurope.eu\\\/product\\\/shiatsu-mat-extra-groot-met-vaste-hoes\\\/\",\"url\":\"https:\\\/\\\/touchproeurope.eu\\\/product\\\/shiatsu-mat-extra-groot-met-vaste-hoes\\\/\",\"name\":\"Shiatsu-mat (EXTRA GROOT) met vaste hoes - TouchPro Europe Shop\",\"isPartOf\":{\"@id\":\"https:\\\/\\\/touchproeurope.eu\\\/#website\"},\"primaryImageOfPage\":{\"@id\":\"https:\\\/\\\/touchproeurope.eu\\\/product\\\/shiatsu-mat-extra-groot-met-vaste-hoes\\\/#primaryimage\"},\"image\":{\"@id\":\"https:\\\/\\\/touchproeurope.eu\\\/product\\\/shiatsu-mat-extra-groot-met-vaste-hoes\\\/#primaryimage\"},\"thumbnailUrl\":\"https:\\\/\\\/i0.wp.com\\\/touchproeurope.eu\\\/wp-content\\\/uploads\\\/2025\\\/05\\\/smx_shiatsumatte_eco_bodhi_honiggelb_halb_gerollt.jpg?fit=1500%2C1500&ssl=1\",\"datePublished\":\"2025-05-21T16:10:11+00:00\",\"dateModified\":\"2026-04-22T09:41:46+00:00\",\"description\":\"Verwen jezelf met de unieke Shiatsu-mat (EXTRA GROOT) met vaste hoes. Cre\u00eber de ideale mat voor jouw persoonlijke ontspanningservaring!\",\"breadcrumb\":{\"@id\":\"https:\\\/\\\/touchproeurope.eu\\\/product\\\/shiatsu-mat-extra-groot-met-vaste-hoes\\\/#breadcrumb\"},\"inLanguage\":\"es\",\"potentialAction\":[{\"@type\":\"ReadAction\",\"target\":[\"https:\\\/\\\/touchproeurope.eu\\\/product\\\/shiatsu-mat-extra-groot-met-vaste-hoes\\\/\"]}]},{\"@type\":\"ImageObject\",\"inLanguage\":\"es\",\"@id\":\"https:\\\/\\\/touchproeurope.eu\\\/product\\\/shiatsu-mat-extra-groot-met-vaste-hoes\\\/#primaryimage\",\"url\":\"https:\\\/\\\/i0.wp.com\\\/touchproeurope.eu\\\/wp-content\\\/uploads\\\/2025\\\/05\\\/smx_shiatsumatte_eco_bodhi_honiggelb_halb_gerollt.jpg?fit=1500%2C1500&ssl=1\",\"contentUrl\":\"https:\\\/\\\/i0.wp.com\\\/touchproeurope.eu\\\/wp-content\\\/uploads\\\/2025\\\/05\\\/smx_shiatsumatte_eco_bodhi_honiggelb_halb_gerollt.jpg?fit=1500%2C1500&ssl=1\",\"width\":1500,\"height\":1500,\"caption\":\"Shiatsu-mat met afneembare hoes yogamat honing geel\"},{\"@type\":\"BreadcrumbList\",\"@id\":\"https:\\\/\\\/touchproeurope.eu\\\/product\\\/shiatsu-mat-extra-groot-met-vaste-hoes\\\/#breadcrumb\",\"itemListElement\":[{\"@type\":\"ListItem\",\"position\":1,\"name\":\"Home\",\"item\":\"https:\\\/\\\/touchproeurope.eu\\\/\"},{\"@type\":\"ListItem\",\"position\":2,\"name\":\"Winkel\",\"item\":\"https:\\\/\\\/touchproeurope.eu\\\/winkel\\\/\"},{\"@type\":\"ListItem\",\"position\":3,\"name\":\"Shiatsu-mat (EXTRA GROOT) met vaste hoes\"}]},{\"@type\":\"WebSite\",\"@id\":\"https:\\\/\\\/touchproeurope.eu\\\/#website\",\"url\":\"https:\\\/\\\/touchproeurope.eu\\\/\",\"name\":\"TouchPro Europe Shop\",\"description\":\"Alles voor jouw praktijk met een PROfessionele Touch!\",\"publisher\":{\"@id\":\"https:\\\/\\\/touchproeurope.eu\\\/#organization\"},\"alternateName\":\"TPE\",\"potentialAction\":[{\"@type\":\"SearchAction\",\"target\":{\"@type\":\"EntryPoint\",\"urlTemplate\":\"https:\\\/\\\/touchproeurope.eu\\\/?s={search_term_string}\"},\"query-input\":{\"@type\":\"PropertyValueSpecification\",\"valueRequired\":true,\"valueName\":\"search_term_string\"}}],\"inLanguage\":\"es\"},{\"@type\":\"Organization\",\"@id\":\"https:\\\/\\\/touchproeurope.eu\\\/#organization\",\"name\":\"TouchPro Europe BV\",\"alternateName\":\"TPE\",\"url\":\"https:\\\/\\\/touchproeurope.eu\\\/\",\"logo\":{\"@type\":\"ImageObject\",\"inLanguage\":\"es\",\"@id\":\"https:\\\/\\\/touchproeurope.eu\\\/#\\\/schema\\\/logo\\\/image\\\/\",\"url\":\"https:\\\/\\\/i0.wp.com\\\/touchproeurope.eu\\\/wp-content\\\/uploads\\\/2023\\\/10\\\/2b592c_b6944d80811246d987cc2c29accedf3f.png?fit=1417%2C531&ssl=1\",\"contentUrl\":\"https:\\\/\\\/i0.wp.com\\\/touchproeurope.eu\\\/wp-content\\\/uploads\\\/2023\\\/10\\\/2b592c_b6944d80811246d987cc2c29accedf3f.png?fit=1417%2C531&ssl=1\",\"width\":1417,\"height\":531,\"caption\":\"TouchPro Europe BV\"},\"image\":{\"@id\":\"https:\\\/\\\/touchproeurope.eu\\\/#\\\/schema\\\/logo\\\/image\\\/\"},\"sameAs\":[\"https:\\\/\\\/www.facebook.com\\\/TouchproNederland\\\/?locale=nl_NL\\\/\",\"https:\\\/\\\/www.instagram.com\\\/touchpro2016\\\/\",\"https:\\\/\\\/www.linkedin.com\\\/company\\\/touchpro-europe-bv\\\/\"],\"description\":\"TouchPro Europe Shop is de massage winkel van Europa. Wij verkopen topkwaliteit massageproducten aan masseurs, pedicures, fysiotherapeuten, manicuren, Wellness centra, opleidingen, etc. TouchPro begon als een kleine webshop in Nederland, maar is nu uitgegroeid tot een webshop met klanten uit heel Europa. Wij bieden een breed assortiment aan massageproducten, waaronder massagetafels, oli\u00ebn, cr\u00e8mes, en accessoires van topmerken, zoals Earthlite, Stronglite en InnerStrenght, Habys, Living Earth Crafts en Continuum en andere leveranciers van massage accessoires. Bestel hier de beste massagematerialen van Europa!\",\"email\":\"info@touchpro-europe.com\",\"telephone\":\"0858768829\",\"legalName\":\"TouchPro Europe BV\",\"foundingDate\":\"2018-01-11\",\"vatID\":\"NL855430151B01\",\"numberOfEmployees\":{\"@type\":\"QuantitativeValue\",\"minValue\":\"1\",\"maxValue\":\"10\"},\"hasMerchantReturnPolicy\":{\"@type\":\"MerchantReturnPolicy\",\"merchantReturnLink\":\"https:\\\/\\\/touchproeurope.eu\\\/es\\\/retourbeleid\\\/\"}}]}<\/script>\n<meta property=\"og:availability\" content=\"instock\" \/>\n<meta property=\"product:availability\" content=\"instock\" \/>\n<meta property=\"product:retailer_item_id\" content=\"Shiatsu-mat (EXTRA GROOT) met vaste hoes\" \/>\n<meta property=\"product:condition\" content=\"new\" \/>\n<!-- \/ Yoast SEO Premium plugin. -->","yoast_head_json":{"title":"Esterilla Shiatsu (EXTRA GRANDE) con funda fija - TouchPro Europe Shop","description":"Dese un capricho con la exclusiva esterilla Shiatsu (EXTRA GRANDE) con funda fija. \u00a1Cree la esterilla ideal para su experiencia de relajaci\u00f3n personal!","robots":{"index":"index","follow":"follow","max-snippet":"max-snippet:-1","max-image-preview":"max-image-preview:large","max-video-preview":"max-video-preview:-1"},"canonical":"https:\/\/touchproeurope.eu\/es\/product\/esterilla-de-shiatsu-extragrande-con-funda-fija\/","og_locale":"es_ES","og_type":"article","og_title":"Shiatsu-mat (EXTRA GROOT) met vaste hoes","og_description":"Verwen jezelf met de unieke Shiatsu-mat (EXTRA GROOT) met vaste hoes. Cre\u00eber de ideale mat voor jouw persoonlijke ontspanningservaring!","og_url":"https:\/\/touchproeurope.eu\/es\/product\/esterilla-de-shiatsu-extragrande-con-funda-fija\/","og_site_name":"TouchPro Europe Shop","article_publisher":"https:\/\/www.facebook.com\/TouchproNederland\/?locale=nl_NL%2f","article_modified_time":"2026-04-22T09:41:46+00:00","og_image":[{"width":1500,"height":1500,"url":"https:\/\/touchproeurope.eu\/wp-content\/uploads\/2025\/05\/smx_shiatsumatte_eco_bodhi_honiggelb_halb_gerollt.jpg","type":"image\/jpeg"}],"twitter_card":"summary_large_image","twitter_misc":{"Disponibilidad":"Disponible"},"schema":{"@context":"https:\/\/schema.org","@graph":[{"@type":"WebPage","@id":"https:\/\/touchproeurope.eu\/product\/shiatsu-mat-extra-groot-met-vaste-hoes\/","url":"https:\/\/touchproeurope.eu\/product\/shiatsu-mat-extra-groot-met-vaste-hoes\/","name":"Esterilla Shiatsu (EXTRA GRANDE) con funda fija - TouchPro Europe Shop","isPartOf":{"@id":"https:\/\/touchproeurope.eu\/#website"},"primaryImageOfPage":{"@id":"https:\/\/touchproeurope.eu\/product\/shiatsu-mat-extra-groot-met-vaste-hoes\/#primaryimage"},"image":{"@id":"https:\/\/touchproeurope.eu\/product\/shiatsu-mat-extra-groot-met-vaste-hoes\/#primaryimage"},"thumbnailUrl":"https:\/\/i0.wp.com\/touchproeurope.eu\/wp-content\/uploads\/2025\/05\/smx_shiatsumatte_eco_bodhi_honiggelb_halb_gerollt.jpg?fit=1500%2C1500&ssl=1","datePublished":"2025-05-21T16:10:11+00:00","dateModified":"2026-04-22T09:41:46+00:00","description":"Dese un capricho con la exclusiva esterilla Shiatsu (EXTRA GRANDE) con funda fija. \u00a1Cree la esterilla ideal para su experiencia de relajaci\u00f3n personal!","breadcrumb":{"@id":"https:\/\/touchproeurope.eu\/product\/shiatsu-mat-extra-groot-met-vaste-hoes\/#breadcrumb"},"inLanguage":"es","potentialAction":[{"@type":"ReadAction","target":["https:\/\/touchproeurope.eu\/product\/shiatsu-mat-extra-groot-met-vaste-hoes\/"]}]},{"@type":"ImageObject","inLanguage":"es","@id":"https:\/\/touchproeurope.eu\/product\/shiatsu-mat-extra-groot-met-vaste-hoes\/#primaryimage","url":"https:\/\/i0.wp.com\/touchproeurope.eu\/wp-content\/uploads\/2025\/05\/smx_shiatsumatte_eco_bodhi_honiggelb_halb_gerollt.jpg?fit=1500%2C1500&ssl=1","contentUrl":"https:\/\/i0.wp.com\/touchproeurope.eu\/wp-content\/uploads\/2025\/05\/smx_shiatsumatte_eco_bodhi_honiggelb_halb_gerollt.jpg?fit=1500%2C1500&ssl=1","width":1500,"height":1500,"caption":"Shiatsu-mat met afneembare hoes yogamat honing geel"},{"@type":"BreadcrumbList","@id":"https:\/\/touchproeurope.eu\/product\/shiatsu-mat-extra-groot-met-vaste-hoes\/#breadcrumb","itemListElement":[{"@type":"ListItem","position":1,"name":"Home","item":"https:\/\/touchproeurope.eu\/"},{"@type":"ListItem","position":2,"name":"Winkel","item":"https:\/\/touchproeurope.eu\/winkel\/"},{"@type":"ListItem","position":3,"name":"Shiatsu-mat (EXTRA GROOT) met vaste hoes"}]},{"@type":"WebSite","@id":"https:\/\/touchproeurope.eu\/#website","url":"https:\/\/touchproeurope.eu\/","name":"Tienda TouchPro Europe","description":"\u00a1Todo para su consulta con un toque PROfesional!","publisher":{"@id":"https:\/\/touchproeurope.eu\/#organization"},"alternateName":"TPE","potentialAction":[{"@type":"SearchAction","target":{"@type":"EntryPoint","urlTemplate":"https:\/\/touchproeurope.eu\/?s={search_term_string}"},"query-input":{"@type":"PropertyValueSpecification","valueRequired":true,"valueName":"search_term_string"}}],"inLanguage":"es"},{"@type":"Organization","@id":"https:\/\/touchproeurope.eu\/#organization","name":"TouchPro Europe BV","alternateName":"TPE","url":"https:\/\/touchproeurope.eu\/","logo":{"@type":"ImageObject","inLanguage":"es","@id":"https:\/\/touchproeurope.eu\/#\/schema\/logo\/image\/","url":"https:\/\/i0.wp.com\/touchproeurope.eu\/wp-content\/uploads\/2023\/10\/2b592c_b6944d80811246d987cc2c29accedf3f.png?fit=1417%2C531&ssl=1","contentUrl":"https:\/\/i0.wp.com\/touchproeurope.eu\/wp-content\/uploads\/2023\/10\/2b592c_b6944d80811246d987cc2c29accedf3f.png?fit=1417%2C531&ssl=1","width":1417,"height":531,"caption":"TouchPro Europe BV"},"image":{"@id":"https:\/\/touchproeurope.eu\/#\/schema\/logo\/image\/"},"sameAs":["https:\/\/www.facebook.com\/TouchproNederland\/?locale=nl_NL\/","https:\/\/www.instagram.com\/touchpro2016\/","https:\/\/www.linkedin.com\/company\/touchpro-europe-bv\/"],"description":"TouchPro Europe Shop es la tienda de masajes de Europa. Vendemos productos de masaje de primera calidad a masajistas, pedicuras, fisioterapeutas, manicuras, centros de bienestar, cursos de formaci\u00f3n, etc. TouchPro comenz\u00f3 como una peque\u00f1a tienda en los Pa\u00edses Bajos, pero ahora se ha convertido en una tienda con clientes de toda Europa. Ofrecemos una amplia gama de productos de masaje, incluyendo camillas de masaje, aceites, cremas y accesorios de las mejores marcas como Earthlite, Stronglite e InnerStrenght, Habys, Living Earth Crafts y Continuum y otros proveedores de accesorios de masaje. Pida aqu\u00ed los mejores art\u00edculos de masaje de Europa.","email":"info@touchpro-europe.com","telephone":"0858768829","legalName":"TouchPro Europe BV","foundingDate":"2018-01-11","vatID":"NL855430151B01","numberOfEmployees":{"@type":"QuantitativeValue","minValue":"1","maxValue":"10"},"hasMerchantReturnPolicy":{"@type":"MerchantReturnPolicy","merchantReturnLink":"https:\/\/touchproeurope.eu\/es\/retourbeleid\/"}}]},"og_availability":"instock","product_availability":"instock","product_retailer_item_id":"Shiatsu-mat (EXTRA GROOT) met vaste hoes","product_condition":"new"},"_links":{"self":[{"href":"https:\/\/touchproeurope.eu\/es\/wp-json\/wp\/v2\/product\/9445","targetHints":{"allow":["GET"]}}],"collection":[{"href":"https:\/\/touchproeurope.eu\/es\/wp-json\/wp\/v2\/product"}],"about":[{"href":"https:\/\/touchproeurope.eu\/es\/wp-json\/wp\/v2\/types\/product"}],"replies":[{"embeddable":true,"href":"https:\/\/touchproeurope.eu\/es\/wp-json\/wp\/v2\/comments?post=9445"}],"version-history":[{"count":3,"href":"https:\/\/touchproeurope.eu\/es\/wp-json\/wp\/v2\/product\/9445\/revisions"}],"predecessor-version":[{"id":16288,"href":"https:\/\/touchproeurope.eu\/es\/wp-json\/wp\/v2\/product\/9445\/revisions\/16288"}],"wp:featuredmedia":[{"embeddable":true,"href":"https:\/\/touchproeurope.eu\/es\/wp-json\/wp\/v2\/media\/8162"}],"wp:attachment":[{"href":"https:\/\/touchproeurope.eu\/es\/wp-json\/wp\/v2\/media?parent=9445"}],"wp:term":[{"taxonomy":"product_brand","embeddable":true,"href":"https:\/\/touchproeurope.eu\/es\/wp-json\/wp\/v2\/product_brand?post=9445"},{"taxonomy":"product_cat","embeddable":true,"href":"https:\/\/touchproeurope.eu\/es\/wp-json\/wp\/v2\/product_cat?post=9445"},{"taxonomy":"product_tag","embeddable":true,"href":"https:\/\/touchproeurope.eu\/es\/wp-json\/wp\/v2\/product_tag?post=9445"}],"curies":[{"name":"wp","href":"https:\/\/api.w.org\/{rel}","templated":true}]}}