{"id":1485,"date":"2021-04-09T15:21:35","date_gmt":"2021-04-09T15:21:35","guid":{"rendered":"https:\/\/demo.creativethemes.com\/blocksy\/homi\/?page_id=23"},"modified":"2025-08-06T17:34:42","modified_gmt":"2025-08-06T17:34:42","slug":"panier-dachat","status":"publish","type":"page","link":"https:\/\/touchproeurope.eu\/fr\/winkelwagen\/","title":{"rendered":"Mon panier"},"content":{"rendered":"<div data-elementor-type=\"wp-page\" data-elementor-id=\"1485\" class=\"elementor elementor-1485\" data-elementor-post-type=\"page\">\n\t\t\t\t<div class=\"elementor-element elementor-element-9f217ae e-flex e-con-boxed e-con e-parent\" data-id=\"9f217ae\" data-element_type=\"container\" data-e-type=\"container\">\n\t\t\t\t\t<div class=\"e-con-inner\">\n\t\t\t\t\t<\/div>\n\t\t\t\t<\/div>\n\t\t\t\t<\/div>","protected":false},"excerpt":{"rendered":"<p>Artikel verwijderen Thumbnail afbeelding Product Prijs Aantal Subtotaal &times; EarthLite Spirit Massagetafel Kleur: Vanille Creme &euro;&nbsp;725,00 EarthLite Spirit Massagetafel &#8211; Vanille Creme, 76 cm aantal &euro;&nbsp;725,00 &times; Massagetafel BALANCE II 71 cm Kleur: Blauw &euro;&nbsp;330,00 Massagetafel BALANCE II 71 cm &#8211; Blauw aantal &euro;&nbsp;330,00 Waardebon toepassen Totalen winkelwagen Subtotaal &euro;&nbsp;1.055,00 Verzending Gratis verzending Vast tarief: [&hellip;]<\/p>\n","protected":false},"author":2,"featured_media":0,"parent":0,"menu_order":0,"comment_status":"closed","ping_status":"closed","template":"","meta":{"footnotes":""},"class_list":["post-1485","page","type-page","status-publish","hentry"],"yoast_head":"<!-- This site is optimized with the Yoast SEO Premium plugin v27.4 (Yoast SEO v27.4) - https:\/\/yoast.com\/product\/yoast-seo-premium-wordpress\/ -->\n<title>Mijn Winkelwagen - TouchPro Europe Shop<\/title>\n<meta name=\"description\" content=\"TouchPro Europe Shop - Mijn Winkelwagen\" \/>\n<meta name=\"robots\" content=\"index, follow, max-snippet:-1, max-image-preview:large, max-video-preview:-1\" \/>\n<link rel=\"canonical\" href=\"https:\/\/touchproeurope.eu\/fr\/panier-dachat\/\" \/>\n<meta property=\"og:locale\" content=\"fr_FR\" \/>\n<meta property=\"og:type\" content=\"article\" \/>\n<meta property=\"og:title\" content=\"Mijn Winkelwagen\" \/>\n<meta property=\"og:description\" content=\"TouchPro Europe Shop - Mijn Winkelwagen\" \/>\n<meta property=\"og:url\" content=\"https:\/\/touchproeurope.eu\/fr\/panier-dachat\/\" \/>\n<meta property=\"og:site_name\" content=\"TouchPro Europe Shop\" \/>\n<meta property=\"article:publisher\" content=\"https:\/\/www.facebook.com\/TouchproNederland\/?locale=nl_NL%2f\" \/>\n<meta property=\"article:modified_time\" content=\"2025-08-06T17:34:42+00:00\" \/>\n<meta property=\"og:image\" content=\"https:\/\/touchproeurope.eu\/wp-content\/uploads\/2023\/11\/EarthLite-Spirit-Massagetafel-Vanille-Creme-600x600.webp\" \/>\n<meta name=\"twitter:card\" content=\"summary_large_image\" \/>\n<meta name=\"twitter:label1\" content=\"Dur\u00e9e de lecture estim\u00e9e\" \/>\n\t<meta name=\"twitter:data1\" content=\"3 minutes\" \/>\n<script type=\"application\/ld+json\" class=\"yoast-schema-graph\">{\"@context\":\"https:\\\/\\\/schema.org\",\"@graph\":[{\"@type\":\"WebPage\",\"@id\":\"https:\\\/\\\/touchproeurope.eu\\\/winkelwagen\\\/\",\"url\":\"https:\\\/\\\/touchproeurope.eu\\\/winkelwagen\\\/\",\"name\":\"Mijn Winkelwagen - TouchPro Europe Shop\",\"isPartOf\":{\"@id\":\"https:\\\/\\\/touchproeurope.eu\\\/#website\"},\"primaryImageOfPage\":{\"@id\":\"https:\\\/\\\/touchproeurope.eu\\\/winkelwagen\\\/#primaryimage\"},\"image\":{\"@id\":\"https:\\\/\\\/touchproeurope.eu\\\/winkelwagen\\\/#primaryimage\"},\"thumbnailUrl\":\"https:\\\/\\\/touchproeurope.eu\\\/wp-content\\\/uploads\\\/2023\\\/11\\\/EarthLite-Spirit-Massagetafel-Vanille-Creme-600x600.webp\",\"datePublished\":\"2021-04-09T15:21:35+00:00\",\"dateModified\":\"2025-08-06T17:34:42+00:00\",\"description\":\"TouchPro Europe Shop - Mijn Winkelwagen\",\"breadcrumb\":{\"@id\":\"https:\\\/\\\/touchproeurope.eu\\\/winkelwagen\\\/#breadcrumb\"},\"inLanguage\":\"fr-FR\",\"potentialAction\":[{\"@type\":\"ReadAction\",\"target\":[\"https:\\\/\\\/touchproeurope.eu\\\/winkelwagen\\\/\"]}]},{\"@type\":\"ImageObject\",\"inLanguage\":\"fr-FR\",\"@id\":\"https:\\\/\\\/touchproeurope.eu\\\/winkelwagen\\\/#primaryimage\",\"url\":\"https:\\\/\\\/touchproeurope.eu\\\/wp-content\\\/uploads\\\/2023\\\/11\\\/EarthLite-Spirit-Massagetafel-Vanille-Creme-600x600.webp\",\"contentUrl\":\"https:\\\/\\\/touchproeurope.eu\\\/wp-content\\\/uploads\\\/2023\\\/11\\\/EarthLite-Spirit-Massagetafel-Vanille-Creme-600x600.webp\"},{\"@type\":\"BreadcrumbList\",\"@id\":\"https:\\\/\\\/touchproeurope.eu\\\/winkelwagen\\\/#breadcrumb\",\"itemListElement\":[{\"@type\":\"ListItem\",\"position\":1,\"name\":\"Home\",\"item\":\"https:\\\/\\\/touchproeurope.eu\\\/\"},{\"@type\":\"ListItem\",\"position\":2,\"name\":\"Mijn Winkelwagen\"}]},{\"@type\":\"WebSite\",\"@id\":\"https:\\\/\\\/touchproeurope.eu\\\/#website\",\"url\":\"https:\\\/\\\/touchproeurope.eu\\\/\",\"name\":\"TouchPro Europe Shop\",\"description\":\"Alles voor jouw praktijk met een PROfessionele Touch!\",\"publisher\":{\"@id\":\"https:\\\/\\\/touchproeurope.eu\\\/#organization\"},\"alternateName\":\"TPE\",\"potentialAction\":[{\"@type\":\"SearchAction\",\"target\":{\"@type\":\"EntryPoint\",\"urlTemplate\":\"https:\\\/\\\/touchproeurope.eu\\\/?s={search_term_string}\"},\"query-input\":{\"@type\":\"PropertyValueSpecification\",\"valueRequired\":true,\"valueName\":\"search_term_string\"}}],\"inLanguage\":\"fr-FR\"},{\"@type\":\"Organization\",\"@id\":\"https:\\\/\\\/touchproeurope.eu\\\/#organization\",\"name\":\"TouchPro Europe BV\",\"alternateName\":\"TPE\",\"url\":\"https:\\\/\\\/touchproeurope.eu\\\/\",\"logo\":{\"@type\":\"ImageObject\",\"inLanguage\":\"fr-FR\",\"@id\":\"https:\\\/\\\/touchproeurope.eu\\\/#\\\/schema\\\/logo\\\/image\\\/\",\"url\":\"https:\\\/\\\/i0.wp.com\\\/touchproeurope.eu\\\/wp-content\\\/uploads\\\/2023\\\/10\\\/2b592c_b6944d80811246d987cc2c29accedf3f.png?fit=1417%2C531&ssl=1\",\"contentUrl\":\"https:\\\/\\\/i0.wp.com\\\/touchproeurope.eu\\\/wp-content\\\/uploads\\\/2023\\\/10\\\/2b592c_b6944d80811246d987cc2c29accedf3f.png?fit=1417%2C531&ssl=1\",\"width\":1417,\"height\":531,\"caption\":\"TouchPro Europe BV\"},\"image\":{\"@id\":\"https:\\\/\\\/touchproeurope.eu\\\/#\\\/schema\\\/logo\\\/image\\\/\"},\"sameAs\":[\"https:\\\/\\\/www.facebook.com\\\/TouchproNederland\\\/?locale=nl_NL\\\/\",\"https:\\\/\\\/www.instagram.com\\\/touchpro2016\\\/\",\"https:\\\/\\\/www.linkedin.com\\\/company\\\/touchpro-europe-bv\\\/\"],\"description\":\"TouchPro Europe Shop is de massage winkel van Europa. Wij verkopen topkwaliteit massageproducten aan masseurs, pedicures, fysiotherapeuten, manicuren, Wellness centra, opleidingen, etc. TouchPro begon als een kleine webshop in Nederland, maar is nu uitgegroeid tot een webshop met klanten uit heel Europa. Wij bieden een breed assortiment aan massageproducten, waaronder massagetafels, oli\u00ebn, cr\u00e8mes, en accessoires van topmerken, zoals Earthlite, Stronglite en InnerStrenght, Habys, Living Earth Crafts en Continuum en andere leveranciers van massage accessoires. Bestel hier de beste massagematerialen van Europa!\",\"email\":\"info@touchpro-europe.com\",\"telephone\":\"0858768829\",\"legalName\":\"TouchPro Europe BV\",\"foundingDate\":\"2018-01-11\",\"vatID\":\"NL855430151B01\",\"numberOfEmployees\":{\"@type\":\"QuantitativeValue\",\"minValue\":\"1\",\"maxValue\":\"10\"},\"hasMerchantReturnPolicy\":{\"@type\":\"MerchantReturnPolicy\",\"merchantReturnLink\":\"https:\\\/\\\/touchproeurope.eu\\\/fr\\\/retourbeleid\\\/\"}}]}<\/script>\n<!-- \/ Yoast SEO Premium plugin. -->","yoast_head_json":{"title":"Mon panier - TouchPro Europe Shop","description":"TouchPro Europe Shop - Mon panier","robots":{"index":"index","follow":"follow","max-snippet":"max-snippet:-1","max-image-preview":"max-image-preview:large","max-video-preview":"max-video-preview:-1"},"canonical":"https:\/\/touchproeurope.eu\/fr\/panier-dachat\/","og_locale":"fr_FR","og_type":"article","og_title":"Mijn Winkelwagen","og_description":"TouchPro Europe Shop - Mijn Winkelwagen","og_url":"https:\/\/touchproeurope.eu\/fr\/panier-dachat\/","og_site_name":"TouchPro Europe Shop","article_publisher":"https:\/\/www.facebook.com\/TouchproNederland\/?locale=nl_NL%2f","article_modified_time":"2025-08-06T17:34:42+00:00","og_image":[{"url":"https:\/\/touchproeurope.eu\/wp-content\/uploads\/2023\/11\/EarthLite-Spirit-Massagetafel-Vanille-Creme-600x600.webp","type":"","width":"","height":""}],"twitter_card":"summary_large_image","twitter_misc":{"Dur\u00e9e de lecture estim\u00e9e":"3 minutes"},"schema":{"@context":"https:\/\/schema.org","@graph":[{"@type":"WebPage","@id":"https:\/\/touchproeurope.eu\/winkelwagen\/","url":"https:\/\/touchproeurope.eu\/winkelwagen\/","name":"Mon panier - TouchPro Europe Shop","isPartOf":{"@id":"https:\/\/touchproeurope.eu\/#website"},"primaryImageOfPage":{"@id":"https:\/\/touchproeurope.eu\/winkelwagen\/#primaryimage"},"image":{"@id":"https:\/\/touchproeurope.eu\/winkelwagen\/#primaryimage"},"thumbnailUrl":"https:\/\/touchproeurope.eu\/wp-content\/uploads\/2023\/11\/EarthLite-Spirit-Massagetafel-Vanille-Creme-600x600.webp","datePublished":"2021-04-09T15:21:35+00:00","dateModified":"2025-08-06T17:34:42+00:00","description":"TouchPro Europe Shop - Mon panier","breadcrumb":{"@id":"https:\/\/touchproeurope.eu\/winkelwagen\/#breadcrumb"},"inLanguage":"fr-FR","potentialAction":[{"@type":"ReadAction","target":["https:\/\/touchproeurope.eu\/winkelwagen\/"]}]},{"@type":"ImageObject","inLanguage":"fr-FR","@id":"https:\/\/touchproeurope.eu\/winkelwagen\/#primaryimage","url":"https:\/\/touchproeurope.eu\/wp-content\/uploads\/2023\/11\/EarthLite-Spirit-Massagetafel-Vanille-Creme-600x600.webp","contentUrl":"https:\/\/touchproeurope.eu\/wp-content\/uploads\/2023\/11\/EarthLite-Spirit-Massagetafel-Vanille-Creme-600x600.webp"},{"@type":"BreadcrumbList","@id":"https:\/\/touchproeurope.eu\/winkelwagen\/#breadcrumb","itemListElement":[{"@type":"ListItem","position":1,"name":"Home","item":"https:\/\/touchproeurope.eu\/"},{"@type":"ListItem","position":2,"name":"Mijn Winkelwagen"}]},{"@type":"WebSite","@id":"https:\/\/touchproeurope.eu\/#website","url":"https:\/\/touchproeurope.eu\/","name":"TouchPro Europe Shop","description":"Tout pour votre pratique avec une touche PROfessionnelle !","publisher":{"@id":"https:\/\/touchproeurope.eu\/#organization"},"alternateName":"TPE","potentialAction":[{"@type":"SearchAction","target":{"@type":"EntryPoint","urlTemplate":"https:\/\/touchproeurope.eu\/?s={search_term_string}"},"query-input":{"@type":"PropertyValueSpecification","valueRequired":true,"valueName":"search_term_string"}}],"inLanguage":"fr-FR"},{"@type":"Organization","@id":"https:\/\/touchproeurope.eu\/#organization","name":"TouchPro Europe BV","alternateName":"TPE","url":"https:\/\/touchproeurope.eu\/","logo":{"@type":"ImageObject","inLanguage":"fr-FR","@id":"https:\/\/touchproeurope.eu\/#\/schema\/logo\/image\/","url":"https:\/\/i0.wp.com\/touchproeurope.eu\/wp-content\/uploads\/2023\/10\/2b592c_b6944d80811246d987cc2c29accedf3f.png?fit=1417%2C531&ssl=1","contentUrl":"https:\/\/i0.wp.com\/touchproeurope.eu\/wp-content\/uploads\/2023\/10\/2b592c_b6944d80811246d987cc2c29accedf3f.png?fit=1417%2C531&ssl=1","width":1417,"height":531,"caption":"TouchPro Europe BV"},"image":{"@id":"https:\/\/touchproeurope.eu\/#\/schema\/logo\/image\/"},"sameAs":["https:\/\/www.facebook.com\/TouchproNederland\/?locale=nl_NL\/","https:\/\/www.instagram.com\/touchpro2016\/","https:\/\/www.linkedin.com\/company\/touchpro-europe-bv\/"],"description":"TouchPro Europe Shop est le magasin de massage de l'Europe. Nous vendons des produits de massage de qualit\u00e9 sup\u00e9rieure aux masseurs, p\u00e9dicures, physioth\u00e9rapeutes, manucures, centres de bien-\u00eatre, cours de formation, etc. TouchPro a commenc\u00e9 comme un petit magasin aux Pays-Bas, mais s'est maintenant d\u00e9velopp\u00e9 pour devenir un magasin avec des clients de toute l'Europe. Nous proposons une large gamme de produits de massage, notamment des tables de massage, des huiles, des cr\u00e8mes et des accessoires de grandes marques telles que Earthlite, Stronglite et InnerStrenght, Habys, Living Earth Crafts et Continuum, ainsi que d'autres fournisseurs d'accessoires de massage. Commandez ici les meilleurs produits de massage d'Europe !","email":"info@touchpro-europe.com","telephone":"0858768829","legalName":"TouchPro Europe BV","foundingDate":"2018-01-11","vatID":"NL855430151B01","numberOfEmployees":{"@type":"QuantitativeValue","minValue":"1","maxValue":"10"},"hasMerchantReturnPolicy":{"@type":"MerchantReturnPolicy","merchantReturnLink":"https:\/\/touchproeurope.eu\/fr\/retourbeleid\/"}}]}},"_links":{"self":[{"href":"https:\/\/touchproeurope.eu\/fr\/wp-json\/wp\/v2\/pages\/1485","targetHints":{"allow":["GET"]}}],"collection":[{"href":"https:\/\/touchproeurope.eu\/fr\/wp-json\/wp\/v2\/pages"}],"about":[{"href":"https:\/\/touchproeurope.eu\/fr\/wp-json\/wp\/v2\/types\/page"}],"author":[{"embeddable":true,"href":"https:\/\/touchproeurope.eu\/fr\/wp-json\/wp\/v2\/users\/2"}],"replies":[{"embeddable":true,"href":"https:\/\/touchproeurope.eu\/fr\/wp-json\/wp\/v2\/comments?post=1485"}],"version-history":[{"count":5,"href":"https:\/\/touchproeurope.eu\/fr\/wp-json\/wp\/v2\/pages\/1485\/revisions"}],"predecessor-version":[{"id":13537,"href":"https:\/\/touchproeurope.eu\/fr\/wp-json\/wp\/v2\/pages\/1485\/revisions\/13537"}],"wp:attachment":[{"href":"https:\/\/touchproeurope.eu\/fr\/wp-json\/wp\/v2\/media?parent=1485"}],"curies":[{"name":"wp","href":"https:\/\/api.w.org\/{rel}","templated":true}]}}