{"id":12199,"date":"2025-06-05T13:15:17","date_gmt":"2025-06-05T13:15:17","guid":{"rendered":"https:\/\/touchproeurope.eu\/?post_type=product&#038;p=12199"},"modified":"2026-05-01T13:56:35","modified_gmt":"2026-05-01T13:56:35","slug":"bol-chantant-tibetain-de-13-cm","status":"publish","type":"product","link":"https:\/\/touchproeurope.eu\/fr\/product\/tibetaanse-klankschaal-van-13-cm\/","title":{"rendered":"Bol chantant tib\u00e9tain de 13 cm"},"content":{"rendered":"<p  data-start=\"156\" data-end=\"495\">D\u00e9couvrez une relaxation profonde et une paix int\u00e9rieure gr\u00e2ce \u00e0 ce bol chantant tib\u00e9tain de 13 cm, fabriqu\u00e9 \u00e0 la main en Inde. Cet authentique <em data-start=\"286\" data-end=\"300\">bol chantant<\/em> est fabriqu\u00e9 avec beaucoup de soin et de savoir-faire selon des m\u00e9thodes traditionnelles : le m\u00e9tal est forg\u00e9 \u00e0 la main jusqu'\u00e0 obtenir la forme parfaite et ajust\u00e9 pour produire un son chaud, riche et durable.<\/p>\n<p  data-start=\"497\" data-end=\"852\">Ce bol chantant est parfait pour la m\u00e9ditation, le yoga, la th\u00e9rapie par le son ou le massage sonore. Gr\u00e2ce \u00e0 son format compact de 13 cm, ce bol chantant est id\u00e9al pour un usage personnel, \u00e0 la maison comme en studio. Sa r\u00e9sonance naturelle aide \u00e0 rel\u00e2cher les tensions, \u00e0 concentrer l'esprit et \u00e0 favoriser une relaxation profonde.<\/p>\n<p  data-start=\"854\" data-end=\"1211\">Chaque bol chantant est unique : martel\u00e9 \u00e0 la main, il pr\u00e9sente de subtiles diff\u00e9rences de poids et de forme. Ce bol chantant tib\u00e9tain de 13 cm est livr\u00e9 avec un coussin assorti et un maillet en bois recouvert de cuir \u2013 tout ce dont vous avez besoin pour commencer imm\u00e9diatement. Un outil indispensable pour tous ceux qui recherchent l'\u00e9quilibre, la paix int\u00e9rieure et des vibrations apaisantes.<\/p>","protected":false},"excerpt":{"rendered":"<p class=\"ai-optimize-24 ai-optimize-introduction\" data-start=\"1275\" data-end=\"1405\">Bol chantant tib\u00e9tain fait main de 13 cm en bois de bodhi, id\u00e9al pour la m\u00e9ditation, le yoga ou la relaxation. Coussin et maillet inclus.<\/p>","protected":false},"featured_media":12202,"comment_status":"open","ping_status":"closed","template":"","meta":[],"product_brand":[363],"product_cat":[366],"product_tag":[],"class_list":{"0":"post-12199","1":"product","2":"type-product","3":"status-publish","4":"has-post-thumbnail","6":"product_brand-bodynova","7":"product_cat-klankschalen","8":"product_shipping_class-klein-pakket","10":"first","11":"instock","12":"taxable","13":"shipping-taxable","14":"purchasable","15":"product-type-simple"},"yoast_head":"<!-- This site is optimized with the Yoast SEO Premium plugin v27.5 (Yoast SEO v27.5) - https:\/\/yoast.com\/product\/yoast-seo-premium-wordpress\/ -->\n<title>Tibetaanse klankschaal van 13 cm voor Meditatie - TouchPro Europe Shop<\/title>\n<meta name=\"description\" content=\"Ontdek de Tibetaanse klankschaal (13 cm) van bodhi. Handgemaakt in India, met volle klank. Inclusief klopper &amp; onderlegger. Perfect voor meditatie &amp; yoga.\" \/>\n<meta name=\"robots\" content=\"index, follow, max-snippet:-1, max-image-preview:large, max-video-preview:-1\" \/>\n<link rel=\"canonical\" href=\"https:\/\/touchproeurope.eu\/fr\/product\/bol-chantant-tibetain-de-13-cm\/\" \/>\n<meta property=\"og:locale\" content=\"fr_FR\" \/>\n<meta property=\"og:type\" content=\"article\" \/>\n<meta property=\"og:title\" content=\"Tibetaanse klankschaal van 13 cm\" \/>\n<meta property=\"og:description\" content=\"Ontdek de Tibetaanse klankschaal (13 cm) van bodhi. Handgemaakt in India, met volle klank. Inclusief klopper &amp; onderlegger. Perfect voor meditatie &amp; yoga.\" \/>\n<meta property=\"og:url\" content=\"https:\/\/touchproeurope.eu\/fr\/product\/bol-chantant-tibetain-de-13-cm\/\" \/>\n<meta property=\"og:site_name\" content=\"TouchPro Europe Shop\" \/>\n<meta property=\"article:publisher\" content=\"https:\/\/www.facebook.com\/TouchproNederland\/?locale=nl_NL%2f\" \/>\n<meta property=\"article:modified_time\" content=\"2026-05-01T13:56:35+00:00\" \/>\n<meta property=\"og:image\" content=\"https:\/\/touchproeurope.eu\/wp-content\/uploads\/2025\/06\/ks13_klangschale_bodhi_meditation_2-e1749127019492.jpg\" \/>\n\t<meta property=\"og:image:width\" content=\"800\" \/>\n\t<meta property=\"og:image:height\" content=\"800\" \/>\n\t<meta property=\"og:image:type\" content=\"image\/jpeg\" \/>\n<meta name=\"twitter:card\" content=\"summary_large_image\" \/>\n<meta name=\"twitter:label1\" content=\"Prix\" \/>\n\t<meta name=\"twitter:data1\" content=\"&euro;&nbsp;39,00 incl. BTW\" \/>\n\t<meta name=\"twitter:label2\" content=\"Disponibilit\u00e9\" \/>\n\t<meta name=\"twitter:data2\" content=\"En stock\" \/>\n<script type=\"application\/ld+json\" class=\"yoast-schema-graph\">{\"@context\":\"https:\\\/\\\/schema.org\",\"@graph\":[{\"@type\":\"WebPage\",\"@id\":\"https:\\\/\\\/touchproeurope.eu\\\/product\\\/tibetaanse-klankschaal-van-13-cm\\\/\",\"url\":\"https:\\\/\\\/touchproeurope.eu\\\/product\\\/tibetaanse-klankschaal-van-13-cm\\\/\",\"name\":\"Tibetaanse klankschaal van 13 cm voor Meditatie - TouchPro Europe Shop\",\"isPartOf\":{\"@id\":\"https:\\\/\\\/touchproeurope.eu\\\/#website\"},\"primaryImageOfPage\":{\"@id\":\"https:\\\/\\\/touchproeurope.eu\\\/product\\\/tibetaanse-klankschaal-van-13-cm\\\/#primaryimage\"},\"image\":{\"@id\":\"https:\\\/\\\/touchproeurope.eu\\\/product\\\/tibetaanse-klankschaal-van-13-cm\\\/#primaryimage\"},\"thumbnailUrl\":\"https:\\\/\\\/i0.wp.com\\\/touchproeurope.eu\\\/wp-content\\\/uploads\\\/2025\\\/06\\\/ks13_klangschale_bodhi_meditation_2-e1749127019492.jpg?fit=800%2C800&ssl=1\",\"datePublished\":\"2025-06-05T13:15:17+00:00\",\"dateModified\":\"2026-05-01T13:56:35+00:00\",\"description\":\"Ontdek de Tibetaanse klankschaal (13 cm) van bodhi. Handgemaakt in India, met volle klank. Inclusief klopper & onderlegger. Perfect voor meditatie & yoga.\",\"breadcrumb\":{\"@id\":\"https:\\\/\\\/touchproeurope.eu\\\/product\\\/tibetaanse-klankschaal-van-13-cm\\\/#breadcrumb\"},\"inLanguage\":\"fr-FR\",\"potentialAction\":[{\"@type\":\"ReadAction\",\"target\":[\"https:\\\/\\\/touchproeurope.eu\\\/product\\\/tibetaanse-klankschaal-van-13-cm\\\/\"]}]},{\"@type\":\"ImageObject\",\"inLanguage\":\"fr-FR\",\"@id\":\"https:\\\/\\\/touchproeurope.eu\\\/product\\\/tibetaanse-klankschaal-van-13-cm\\\/#primaryimage\",\"url\":\"https:\\\/\\\/i0.wp.com\\\/touchproeurope.eu\\\/wp-content\\\/uploads\\\/2025\\\/06\\\/ks13_klangschale_bodhi_meditation_2-e1749127019492.jpg?fit=800%2C800&ssl=1\",\"contentUrl\":\"https:\\\/\\\/i0.wp.com\\\/touchproeurope.eu\\\/wp-content\\\/uploads\\\/2025\\\/06\\\/ks13_klangschale_bodhi_meditation_2-e1749127019492.jpg?fit=800%2C800&ssl=1\",\"width\":800,\"height\":800,\"caption\":\"Bovenaanzicht Tibetaanse klankschaal 13 cm met decoratief kussen\"},{\"@type\":\"BreadcrumbList\",\"@id\":\"https:\\\/\\\/touchproeurope.eu\\\/product\\\/tibetaanse-klankschaal-van-13-cm\\\/#breadcrumb\",\"itemListElement\":[{\"@type\":\"ListItem\",\"position\":1,\"name\":\"Home\",\"item\":\"https:\\\/\\\/touchproeurope.eu\\\/\"},{\"@type\":\"ListItem\",\"position\":2,\"name\":\"Winkel\",\"item\":\"https:\\\/\\\/touchproeurope.eu\\\/winkel\\\/\"},{\"@type\":\"ListItem\",\"position\":3,\"name\":\"Tibetaanse klankschaal van 13 cm\"}]},{\"@type\":\"WebSite\",\"@id\":\"https:\\\/\\\/touchproeurope.eu\\\/#website\",\"url\":\"https:\\\/\\\/touchproeurope.eu\\\/\",\"name\":\"TouchPro Europe Shop\",\"description\":\"Alles voor jouw praktijk met een PROfessionele Touch!\",\"publisher\":{\"@id\":\"https:\\\/\\\/touchproeurope.eu\\\/#organization\"},\"alternateName\":\"TPE\",\"potentialAction\":[{\"@type\":\"SearchAction\",\"target\":{\"@type\":\"EntryPoint\",\"urlTemplate\":\"https:\\\/\\\/touchproeurope.eu\\\/?s={search_term_string}\"},\"query-input\":{\"@type\":\"PropertyValueSpecification\",\"valueRequired\":true,\"valueName\":\"search_term_string\"}}],\"inLanguage\":\"fr-FR\"},{\"@type\":\"Organization\",\"@id\":\"https:\\\/\\\/touchproeurope.eu\\\/#organization\",\"name\":\"TouchPro Europe BV\",\"alternateName\":\"TPE\",\"url\":\"https:\\\/\\\/touchproeurope.eu\\\/\",\"logo\":{\"@type\":\"ImageObject\",\"inLanguage\":\"fr-FR\",\"@id\":\"https:\\\/\\\/touchproeurope.eu\\\/#\\\/schema\\\/logo\\\/image\\\/\",\"url\":\"https:\\\/\\\/i0.wp.com\\\/touchproeurope.eu\\\/wp-content\\\/uploads\\\/2023\\\/10\\\/2b592c_b6944d80811246d987cc2c29accedf3f.png?fit=1417%2C531&ssl=1\",\"contentUrl\":\"https:\\\/\\\/i0.wp.com\\\/touchproeurope.eu\\\/wp-content\\\/uploads\\\/2023\\\/10\\\/2b592c_b6944d80811246d987cc2c29accedf3f.png?fit=1417%2C531&ssl=1\",\"width\":1417,\"height\":531,\"caption\":\"TouchPro Europe BV\"},\"image\":{\"@id\":\"https:\\\/\\\/touchproeurope.eu\\\/#\\\/schema\\\/logo\\\/image\\\/\"},\"sameAs\":[\"https:\\\/\\\/www.facebook.com\\\/TouchproNederland\\\/?locale=nl_NL\\\/\",\"https:\\\/\\\/www.instagram.com\\\/touchpro2016\\\/\",\"https:\\\/\\\/www.linkedin.com\\\/company\\\/touchpro-europe-bv\\\/\"],\"description\":\"TouchPro Europe Shop is de massage winkel van Europa. Wij verkopen topkwaliteit massageproducten aan masseurs, pedicures, fysiotherapeuten, manicuren, Wellness centra, opleidingen, etc. TouchPro begon als een kleine webshop in Nederland, maar is nu uitgegroeid tot een webshop met klanten uit heel Europa. Wij bieden een breed assortiment aan massageproducten, waaronder massagetafels, oli\u00ebn, cr\u00e8mes, en accessoires van topmerken, zoals Earthlite, Stronglite en InnerStrenght, Habys, Living Earth Crafts en Continuum en andere leveranciers van massage accessoires. Bestel hier de beste massagematerialen van Europa!\",\"email\":\"info@touchpro-europe.com\",\"telephone\":\"0858768829\",\"legalName\":\"TouchPro Europe BV\",\"foundingDate\":\"2018-01-11\",\"vatID\":\"NL855430151B01\",\"numberOfEmployees\":{\"@type\":\"QuantitativeValue\",\"minValue\":\"1\",\"maxValue\":\"10\"},\"hasMerchantReturnPolicy\":{\"@type\":\"MerchantReturnPolicy\",\"merchantReturnLink\":\"https:\\\/\\\/touchproeurope.eu\\\/fr\\\/retourbeleid\\\/\"}}]}<\/script>\n<meta property=\"product:price:amount\" content=\"39.00\" \/>\n<meta property=\"product:price:currency\" content=\"EUR\" \/>\n<meta property=\"og:availability\" content=\"instock\" \/>\n<meta property=\"product:availability\" content=\"instock\" \/>\n<meta property=\"product:retailer_item_id\" content=\"ks13\" \/>\n<meta property=\"product:condition\" content=\"new\" \/>\n<!-- \/ Yoast SEO Premium plugin. -->","yoast_head_json":{"title":"Bol chantant tib\u00e9tain de 13 cm pour la m\u00e9ditation - TouchPro Europe Shop","description":"D\u00e9couvrez le bol chantant tib\u00e9tain (13 cm) de Bodhi. Fabriqu\u00e9 \u00e0 la main en Inde, avec un son riche. Avec maillet et support inclus. Parfait pour la m\u00e9ditation et le yoga.","robots":{"index":"index","follow":"follow","max-snippet":"max-snippet:-1","max-image-preview":"max-image-preview:large","max-video-preview":"max-video-preview:-1"},"canonical":"https:\/\/touchproeurope.eu\/fr\/product\/bol-chantant-tibetain-de-13-cm\/","og_locale":"fr_FR","og_type":"article","og_title":"Tibetaanse klankschaal van 13 cm","og_description":"Ontdek de Tibetaanse klankschaal (13 cm) van bodhi. Handgemaakt in India, met volle klank. Inclusief klopper & onderlegger. Perfect voor meditatie & yoga.","og_url":"https:\/\/touchproeurope.eu\/fr\/product\/bol-chantant-tibetain-de-13-cm\/","og_site_name":"TouchPro Europe Shop","article_publisher":"https:\/\/www.facebook.com\/TouchproNederland\/?locale=nl_NL%2f","article_modified_time":"2026-05-01T13:56:35+00:00","og_image":[{"width":800,"height":800,"url":"https:\/\/touchproeurope.eu\/wp-content\/uploads\/2025\/06\/ks13_klangschale_bodhi_meditation_2-e1749127019492.jpg","type":"image\/jpeg"}],"twitter_card":"summary_large_image","twitter_misc":{"Prix":"&euro;&nbsp;39,00 incl. BTW","Disponibilit\u00e9":"En stock"},"schema":{"@context":"https:\/\/schema.org","@graph":[{"@type":"WebPage","@id":"https:\/\/touchproeurope.eu\/product\/tibetaanse-klankschaal-van-13-cm\/","url":"https:\/\/touchproeurope.eu\/product\/tibetaanse-klankschaal-van-13-cm\/","name":"Bol chantant tib\u00e9tain de 13 cm pour la m\u00e9ditation - TouchPro Europe Shop","isPartOf":{"@id":"https:\/\/touchproeurope.eu\/#website"},"primaryImageOfPage":{"@id":"https:\/\/touchproeurope.eu\/product\/tibetaanse-klankschaal-van-13-cm\/#primaryimage"},"image":{"@id":"https:\/\/touchproeurope.eu\/product\/tibetaanse-klankschaal-van-13-cm\/#primaryimage"},"thumbnailUrl":"https:\/\/i0.wp.com\/touchproeurope.eu\/wp-content\/uploads\/2025\/06\/ks13_klangschale_bodhi_meditation_2-e1749127019492.jpg?fit=800%2C800&ssl=1","datePublished":"2025-06-05T13:15:17+00:00","dateModified":"2026-05-01T13:56:35+00:00","description":"D\u00e9couvrez le bol chantant tib\u00e9tain (13 cm) de Bodhi. Fabriqu\u00e9 \u00e0 la main en Inde, avec un son riche. Avec maillet et support inclus. Parfait pour la m\u00e9ditation et le yoga.","breadcrumb":{"@id":"https:\/\/touchproeurope.eu\/product\/tibetaanse-klankschaal-van-13-cm\/#breadcrumb"},"inLanguage":"fr-FR","potentialAction":[{"@type":"ReadAction","target":["https:\/\/touchproeurope.eu\/product\/tibetaanse-klankschaal-van-13-cm\/"]}]},{"@type":"ImageObject","inLanguage":"fr-FR","@id":"https:\/\/touchproeurope.eu\/product\/tibetaanse-klankschaal-van-13-cm\/#primaryimage","url":"https:\/\/i0.wp.com\/touchproeurope.eu\/wp-content\/uploads\/2025\/06\/ks13_klangschale_bodhi_meditation_2-e1749127019492.jpg?fit=800%2C800&ssl=1","contentUrl":"https:\/\/i0.wp.com\/touchproeurope.eu\/wp-content\/uploads\/2025\/06\/ks13_klangschale_bodhi_meditation_2-e1749127019492.jpg?fit=800%2C800&ssl=1","width":800,"height":800,"caption":"Bovenaanzicht Tibetaanse klankschaal 13 cm met decoratief kussen"},{"@type":"BreadcrumbList","@id":"https:\/\/touchproeurope.eu\/product\/tibetaanse-klankschaal-van-13-cm\/#breadcrumb","itemListElement":[{"@type":"ListItem","position":1,"name":"Home","item":"https:\/\/touchproeurope.eu\/"},{"@type":"ListItem","position":2,"name":"Winkel","item":"https:\/\/touchproeurope.eu\/winkel\/"},{"@type":"ListItem","position":3,"name":"Tibetaanse klankschaal van 13 cm"}]},{"@type":"WebSite","@id":"https:\/\/touchproeurope.eu\/#website","url":"https:\/\/touchproeurope.eu\/","name":"TouchPro Europe Shop","description":"Tout pour votre pratique avec une touche PROfessionnelle !","publisher":{"@id":"https:\/\/touchproeurope.eu\/#organization"},"alternateName":"TPE","potentialAction":[{"@type":"SearchAction","target":{"@type":"EntryPoint","urlTemplate":"https:\/\/touchproeurope.eu\/?s={search_term_string}"},"query-input":{"@type":"PropertyValueSpecification","valueRequired":true,"valueName":"search_term_string"}}],"inLanguage":"fr-FR"},{"@type":"Organization","@id":"https:\/\/touchproeurope.eu\/#organization","name":"TouchPro Europe BV","alternateName":"TPE","url":"https:\/\/touchproeurope.eu\/","logo":{"@type":"ImageObject","inLanguage":"fr-FR","@id":"https:\/\/touchproeurope.eu\/#\/schema\/logo\/image\/","url":"https:\/\/i0.wp.com\/touchproeurope.eu\/wp-content\/uploads\/2023\/10\/2b592c_b6944d80811246d987cc2c29accedf3f.png?fit=1417%2C531&ssl=1","contentUrl":"https:\/\/i0.wp.com\/touchproeurope.eu\/wp-content\/uploads\/2023\/10\/2b592c_b6944d80811246d987cc2c29accedf3f.png?fit=1417%2C531&ssl=1","width":1417,"height":531,"caption":"TouchPro Europe BV"},"image":{"@id":"https:\/\/touchproeurope.eu\/#\/schema\/logo\/image\/"},"sameAs":["https:\/\/www.facebook.com\/TouchproNederland\/?locale=nl_NL\/","https:\/\/www.instagram.com\/touchpro2016\/","https:\/\/www.linkedin.com\/company\/touchpro-europe-bv\/"],"description":"TouchPro Europe Shop est le magasin de massage de l'Europe. Nous vendons des produits de massage de qualit\u00e9 sup\u00e9rieure aux masseurs, p\u00e9dicures, physioth\u00e9rapeutes, manucures, centres de bien-\u00eatre, cours de formation, etc. TouchPro a commenc\u00e9 comme un petit magasin aux Pays-Bas, mais s'est maintenant d\u00e9velopp\u00e9 pour devenir un magasin avec des clients de toute l'Europe. Nous proposons une large gamme de produits de massage, notamment des tables de massage, des huiles, des cr\u00e8mes et des accessoires de grandes marques telles que Earthlite, Stronglite et InnerStrenght, Habys, Living Earth Crafts et Continuum, ainsi que d'autres fournisseurs d'accessoires de massage. Commandez ici les meilleurs produits de massage d'Europe !","email":"info@touchpro-europe.com","telephone":"0858768829","legalName":"TouchPro Europe BV","foundingDate":"2018-01-11","vatID":"NL855430151B01","numberOfEmployees":{"@type":"QuantitativeValue","minValue":"1","maxValue":"10"},"hasMerchantReturnPolicy":{"@type":"MerchantReturnPolicy","merchantReturnLink":"https:\/\/touchproeurope.eu\/fr\/retourbeleid\/"}}]},"product_price_amount":"39.00","product_price_currency":"EUR","og_availability":"instock","product_availability":"instock","product_retailer_item_id":"ks13","product_condition":"new"},"_links":{"self":[{"href":"https:\/\/touchproeurope.eu\/fr\/wp-json\/wp\/v2\/product\/12199","targetHints":{"allow":["GET"]}}],"collection":[{"href":"https:\/\/touchproeurope.eu\/fr\/wp-json\/wp\/v2\/product"}],"about":[{"href":"https:\/\/touchproeurope.eu\/fr\/wp-json\/wp\/v2\/types\/product"}],"replies":[{"embeddable":true,"href":"https:\/\/touchproeurope.eu\/fr\/wp-json\/wp\/v2\/comments?post=12199"}],"version-history":[{"count":2,"href":"https:\/\/touchproeurope.eu\/fr\/wp-json\/wp\/v2\/product\/12199\/revisions"}],"predecessor-version":[{"id":12204,"href":"https:\/\/touchproeurope.eu\/fr\/wp-json\/wp\/v2\/product\/12199\/revisions\/12204"}],"wp:featuredmedia":[{"embeddable":true,"href":"https:\/\/touchproeurope.eu\/fr\/wp-json\/wp\/v2\/media\/12202"}],"wp:attachment":[{"href":"https:\/\/touchproeurope.eu\/fr\/wp-json\/wp\/v2\/media?parent=12199"}],"wp:term":[{"taxonomy":"product_brand","embeddable":true,"href":"https:\/\/touchproeurope.eu\/fr\/wp-json\/wp\/v2\/product_brand?post=12199"},{"taxonomy":"product_cat","embeddable":true,"href":"https:\/\/touchproeurope.eu\/fr\/wp-json\/wp\/v2\/product_cat?post=12199"},{"taxonomy":"product_tag","embeddable":true,"href":"https:\/\/touchproeurope.eu\/fr\/wp-json\/wp\/v2\/product_tag?post=12199"}],"curies":[{"name":"wp","href":"https:\/\/api.w.org\/{rel}","templated":true}]}}