{"id":12206,"date":"2025-06-05T13:15:16","date_gmt":"2025-06-05T13:15:16","guid":{"rendered":"https:\/\/touchproeurope.eu\/?post_type=product&#038;p=12206"},"modified":"2026-04-22T09:36:51","modified_gmt":"2026-04-22T09:36:51","slug":"set-de-3-bols-chantants","status":"publish","type":"product","link":"https:\/\/touchproeurope.eu\/fr\/product\/klankschaal-set-met-3-schalen\/","title":{"rendered":"Ensemble de 3 bols chantants"},"content":{"rendered":"<p>Apportez de l'harmonie au corps et \u00e0 l'esprit avec ce set de bols chantants compos\u00e9 de trois bols chantants fabriqu\u00e9s \u00e0 la main en Inde. Le set comprend des bols d'un diam\u00e8tre d'environ 11 cm, 15 cm et 19 cm, chacun \u00e9tant soigneusement fabriqu\u00e9 selon des techniques traditionnelles. Gr\u00e2ce \u00e0 leur son chaud, plein et durable, ce set de bols chantants est id\u00e9al pour la th\u00e9rapie sonore, les s\u00e9ances de m\u00e9ditation, le yoga ou les massages sonores.<\/p>\n<p>Chaque bol chantant de ce set est unique et contribue \u00e0 une relaxation plus profonde et \u00e0 un \u00e9quilibre int\u00e9rieur. Le plus petit bol est parfait pour les accents subtils et la concentration, tandis que les bols moyens et grands offrent des vibrations et des sons plus puissants. Ainsi, le set de bols chantants n'est pas seulement polyvalent dans son utilisation, mais il est \u00e9galement adapt\u00e9 \u00e0 diff\u00e9rents objectifs dans le cadre d'un travail sur le son.<\/p>\n<p>L'ensemble est livr\u00e9 avec trois batteurs en bois, trois coussins d\u00e9coratifs et un maillet en feutre. Tout ce dont vous avez besoin pour commencer imm\u00e9diatement des m\u00e9ditations sonores, des sessions de groupe ou des rituels personnels. En raison de leur fabrication manuelle, le poids, la couleur et la finition peuvent varier l\u00e9g\u00e8rement, ce qui rend chaque set unique.<\/p>","protected":false},"excerpt":{"rendered":"<p data-start=\"1275\" data-end=\"1405\">Set complet de bols chantants comprenant 3 bols chantants faits main (\u00d8 11, 15, 19 cm), y compris les coussins, les batteurs en bois et le maillet en feutre. Ces bols chantants bodhi sont id\u00e9aux pour la m\u00e9ditation, le yoga ou la relaxation. Coussin et batteur inclus.<\/p>","protected":false},"featured_media":12207,"comment_status":"open","ping_status":"closed","template":"","meta":[],"product_brand":[363],"product_cat":[366],"product_tag":[],"class_list":{"0":"post-12206","1":"product","2":"type-product","3":"status-publish","4":"has-post-thumbnail","6":"product_brand-bodynova","7":"product_cat-klankschalen","8":"product_shipping_class-klein-pakket","10":"first","11":"instock","12":"taxable","13":"shipping-taxable","14":"purchasable","15":"product-type-simple"},"yoast_head":"<!-- This site is optimized with the Yoast SEO Premium plugin v27.4 (Yoast SEO v27.4) - https:\/\/yoast.com\/product\/yoast-seo-premium-wordpress\/ -->\n<title>Handgemaakte klankschaal set met 3 schalen - TouchPro Europe Shop<\/title>\n<meta name=\"description\" content=\"Koop deze complete klankschaal set met 3 handgemaakte schalen (11\u201319 cm), incl. kloppers, kussens &amp; vilten mallet. Perfect voor meditatie &amp; klanktherapie.\" \/>\n<meta name=\"robots\" content=\"index, follow, max-snippet:-1, max-image-preview:large, max-video-preview:-1\" \/>\n<link rel=\"canonical\" href=\"https:\/\/touchproeurope.eu\/fr\/product\/set-de-3-bols-chantants\/\" \/>\n<meta property=\"og:locale\" content=\"fr_FR\" \/>\n<meta property=\"og:type\" content=\"article\" \/>\n<meta property=\"og:title\" content=\"Klankschaal Set met 3 Schalen\" \/>\n<meta property=\"og:description\" content=\"Koop deze complete klankschaal set met 3 handgemaakte schalen (11\u201319 cm), incl. kloppers, kussens &amp; vilten mallet. Perfect voor meditatie &amp; klanktherapie.\" \/>\n<meta property=\"og:url\" content=\"https:\/\/touchproeurope.eu\/fr\/product\/set-de-3-bols-chantants\/\" \/>\n<meta property=\"og:site_name\" content=\"TouchPro Europe Shop\" \/>\n<meta property=\"article:publisher\" content=\"https:\/\/www.facebook.com\/TouchproNederland\/?locale=nl_NL%2f\" \/>\n<meta property=\"article:modified_time\" content=\"2026-04-22T09:36:51+00:00\" \/>\n<meta property=\"og:image\" content=\"https:\/\/touchproeurope.eu\/wp-content\/uploads\/2025\/06\/ksset3_klangschalen_set_bodhi_meditation.jpg\" \/>\n\t<meta property=\"og:image:width\" content=\"1500\" \/>\n\t<meta property=\"og:image:height\" content=\"1500\" \/>\n\t<meta property=\"og:image:type\" content=\"image\/jpeg\" \/>\n<meta name=\"twitter:card\" content=\"summary_large_image\" \/>\n<meta name=\"twitter:label1\" content=\"Prix\" \/>\n\t<meta name=\"twitter:data1\" content=\"&euro;&nbsp;142,00 incl. BTW\" \/>\n\t<meta name=\"twitter:label2\" content=\"Disponibilit\u00e9\" \/>\n\t<meta name=\"twitter:data2\" content=\"En stock\" \/>\n<script type=\"application\/ld+json\" class=\"yoast-schema-graph\">{\"@context\":\"https:\\\/\\\/schema.org\",\"@graph\":[{\"@type\":\"WebPage\",\"@id\":\"https:\\\/\\\/touchproeurope.eu\\\/product\\\/klankschaal-set-met-3-schalen\\\/\",\"url\":\"https:\\\/\\\/touchproeurope.eu\\\/product\\\/klankschaal-set-met-3-schalen\\\/\",\"name\":\"Handgemaakte klankschaal set met 3 schalen - TouchPro Europe Shop\",\"isPartOf\":{\"@id\":\"https:\\\/\\\/touchproeurope.eu\\\/#website\"},\"primaryImageOfPage\":{\"@id\":\"https:\\\/\\\/touchproeurope.eu\\\/product\\\/klankschaal-set-met-3-schalen\\\/#primaryimage\"},\"image\":{\"@id\":\"https:\\\/\\\/touchproeurope.eu\\\/product\\\/klankschaal-set-met-3-schalen\\\/#primaryimage\"},\"thumbnailUrl\":\"https:\\\/\\\/i0.wp.com\\\/touchproeurope.eu\\\/wp-content\\\/uploads\\\/2025\\\/06\\\/ksset3_klangschalen_set_bodhi_meditation.jpg?fit=1500%2C1500&ssl=1\",\"datePublished\":\"2025-06-05T13:15:16+00:00\",\"dateModified\":\"2026-04-22T09:36:51+00:00\",\"description\":\"Koop deze complete klankschaal set met 3 handgemaakte schalen (11\u201319 cm), incl. kloppers, kussens & vilten mallet. Perfect voor meditatie & klanktherapie.\",\"breadcrumb\":{\"@id\":\"https:\\\/\\\/touchproeurope.eu\\\/product\\\/klankschaal-set-met-3-schalen\\\/#breadcrumb\"},\"inLanguage\":\"fr-FR\",\"potentialAction\":[{\"@type\":\"ReadAction\",\"target\":[\"https:\\\/\\\/touchproeurope.eu\\\/product\\\/klankschaal-set-met-3-schalen\\\/\"]}]},{\"@type\":\"ImageObject\",\"inLanguage\":\"fr-FR\",\"@id\":\"https:\\\/\\\/touchproeurope.eu\\\/product\\\/klankschaal-set-met-3-schalen\\\/#primaryimage\",\"url\":\"https:\\\/\\\/i0.wp.com\\\/touchproeurope.eu\\\/wp-content\\\/uploads\\\/2025\\\/06\\\/ksset3_klangschalen_set_bodhi_meditation.jpg?fit=1500%2C1500&ssl=1\",\"contentUrl\":\"https:\\\/\\\/i0.wp.com\\\/touchproeurope.eu\\\/wp-content\\\/uploads\\\/2025\\\/06\\\/ksset3_klangschalen_set_bodhi_meditation.jpg?fit=1500%2C1500&ssl=1\",\"width\":1500,\"height\":1500,\"caption\":\"Klankschaal set met drie schalen, kloppers en kussens\"},{\"@type\":\"BreadcrumbList\",\"@id\":\"https:\\\/\\\/touchproeurope.eu\\\/product\\\/klankschaal-set-met-3-schalen\\\/#breadcrumb\",\"itemListElement\":[{\"@type\":\"ListItem\",\"position\":1,\"name\":\"Home\",\"item\":\"https:\\\/\\\/touchproeurope.eu\\\/\"},{\"@type\":\"ListItem\",\"position\":2,\"name\":\"Winkel\",\"item\":\"https:\\\/\\\/touchproeurope.eu\\\/winkel\\\/\"},{\"@type\":\"ListItem\",\"position\":3,\"name\":\"Klankschaal Set met 3 Schalen\"}]},{\"@type\":\"WebSite\",\"@id\":\"https:\\\/\\\/touchproeurope.eu\\\/#website\",\"url\":\"https:\\\/\\\/touchproeurope.eu\\\/\",\"name\":\"TouchPro Europe Shop\",\"description\":\"Alles voor jouw praktijk met een PROfessionele Touch!\",\"publisher\":{\"@id\":\"https:\\\/\\\/touchproeurope.eu\\\/#organization\"},\"alternateName\":\"TPE\",\"potentialAction\":[{\"@type\":\"SearchAction\",\"target\":{\"@type\":\"EntryPoint\",\"urlTemplate\":\"https:\\\/\\\/touchproeurope.eu\\\/?s={search_term_string}\"},\"query-input\":{\"@type\":\"PropertyValueSpecification\",\"valueRequired\":true,\"valueName\":\"search_term_string\"}}],\"inLanguage\":\"fr-FR\"},{\"@type\":\"Organization\",\"@id\":\"https:\\\/\\\/touchproeurope.eu\\\/#organization\",\"name\":\"TouchPro Europe BV\",\"alternateName\":\"TPE\",\"url\":\"https:\\\/\\\/touchproeurope.eu\\\/\",\"logo\":{\"@type\":\"ImageObject\",\"inLanguage\":\"fr-FR\",\"@id\":\"https:\\\/\\\/touchproeurope.eu\\\/#\\\/schema\\\/logo\\\/image\\\/\",\"url\":\"https:\\\/\\\/i0.wp.com\\\/touchproeurope.eu\\\/wp-content\\\/uploads\\\/2023\\\/10\\\/2b592c_b6944d80811246d987cc2c29accedf3f.png?fit=1417%2C531&ssl=1\",\"contentUrl\":\"https:\\\/\\\/i0.wp.com\\\/touchproeurope.eu\\\/wp-content\\\/uploads\\\/2023\\\/10\\\/2b592c_b6944d80811246d987cc2c29accedf3f.png?fit=1417%2C531&ssl=1\",\"width\":1417,\"height\":531,\"caption\":\"TouchPro Europe BV\"},\"image\":{\"@id\":\"https:\\\/\\\/touchproeurope.eu\\\/#\\\/schema\\\/logo\\\/image\\\/\"},\"sameAs\":[\"https:\\\/\\\/www.facebook.com\\\/TouchproNederland\\\/?locale=nl_NL\\\/\",\"https:\\\/\\\/www.instagram.com\\\/touchpro2016\\\/\",\"https:\\\/\\\/www.linkedin.com\\\/company\\\/touchpro-europe-bv\\\/\"],\"description\":\"TouchPro Europe Shop is de massage winkel van Europa. Wij verkopen topkwaliteit massageproducten aan masseurs, pedicures, fysiotherapeuten, manicuren, Wellness centra, opleidingen, etc. TouchPro begon als een kleine webshop in Nederland, maar is nu uitgegroeid tot een webshop met klanten uit heel Europa. Wij bieden een breed assortiment aan massageproducten, waaronder massagetafels, oli\u00ebn, cr\u00e8mes, en accessoires van topmerken, zoals Earthlite, Stronglite en InnerStrenght, Habys, Living Earth Crafts en Continuum en andere leveranciers van massage accessoires. Bestel hier de beste massagematerialen van Europa!\",\"email\":\"info@touchpro-europe.com\",\"telephone\":\"0858768829\",\"legalName\":\"TouchPro Europe BV\",\"foundingDate\":\"2018-01-11\",\"vatID\":\"NL855430151B01\",\"numberOfEmployees\":{\"@type\":\"QuantitativeValue\",\"minValue\":\"1\",\"maxValue\":\"10\"},\"hasMerchantReturnPolicy\":{\"@type\":\"MerchantReturnPolicy\",\"merchantReturnLink\":\"https:\\\/\\\/touchproeurope.eu\\\/fr\\\/retourbeleid\\\/\"}}]}<\/script>\n<meta property=\"product:price:amount\" content=\"142.00\" \/>\n<meta property=\"product:price:currency\" content=\"EUR\" \/>\n<meta property=\"og:availability\" content=\"instock\" \/>\n<meta property=\"product:availability\" content=\"instock\" \/>\n<meta property=\"product:retailer_item_id\" content=\"ksset3\" \/>\n<meta property=\"product:condition\" content=\"new\" \/>\n<!-- \/ Yoast SEO Premium plugin. -->","yoast_head_json":{"title":"Set de 3 bols chantants faits \u00e0 la main - TouchPro Europe Shop","description":"Achetez cet ensemble complet de bols chantants comprenant 3 bols faits \u00e0 la main (11-19 cm), y compris les batteurs, les coussins et le maillet en feutre. Parfait pour la m\u00e9ditation et la th\u00e9rapie sonore.","robots":{"index":"index","follow":"follow","max-snippet":"max-snippet:-1","max-image-preview":"max-image-preview:large","max-video-preview":"max-video-preview:-1"},"canonical":"https:\/\/touchproeurope.eu\/fr\/product\/set-de-3-bols-chantants\/","og_locale":"fr_FR","og_type":"article","og_title":"Klankschaal Set met 3 Schalen","og_description":"Koop deze complete klankschaal set met 3 handgemaakte schalen (11\u201319 cm), incl. kloppers, kussens & vilten mallet. Perfect voor meditatie & klanktherapie.","og_url":"https:\/\/touchproeurope.eu\/fr\/product\/set-de-3-bols-chantants\/","og_site_name":"TouchPro Europe Shop","article_publisher":"https:\/\/www.facebook.com\/TouchproNederland\/?locale=nl_NL%2f","article_modified_time":"2026-04-22T09:36:51+00:00","og_image":[{"width":1500,"height":1500,"url":"https:\/\/touchproeurope.eu\/wp-content\/uploads\/2025\/06\/ksset3_klangschalen_set_bodhi_meditation.jpg","type":"image\/jpeg"}],"twitter_card":"summary_large_image","twitter_misc":{"Prix":"&euro;&nbsp;142,00 incl. BTW","Disponibilit\u00e9":"En stock"},"schema":{"@context":"https:\/\/schema.org","@graph":[{"@type":"WebPage","@id":"https:\/\/touchproeurope.eu\/product\/klankschaal-set-met-3-schalen\/","url":"https:\/\/touchproeurope.eu\/product\/klankschaal-set-met-3-schalen\/","name":"Set de 3 bols chantants faits \u00e0 la main - TouchPro Europe Shop","isPartOf":{"@id":"https:\/\/touchproeurope.eu\/#website"},"primaryImageOfPage":{"@id":"https:\/\/touchproeurope.eu\/product\/klankschaal-set-met-3-schalen\/#primaryimage"},"image":{"@id":"https:\/\/touchproeurope.eu\/product\/klankschaal-set-met-3-schalen\/#primaryimage"},"thumbnailUrl":"https:\/\/i0.wp.com\/touchproeurope.eu\/wp-content\/uploads\/2025\/06\/ksset3_klangschalen_set_bodhi_meditation.jpg?fit=1500%2C1500&ssl=1","datePublished":"2025-06-05T13:15:16+00:00","dateModified":"2026-04-22T09:36:51+00:00","description":"Achetez cet ensemble complet de bols chantants comprenant 3 bols faits \u00e0 la main (11-19 cm), y compris les batteurs, les coussins et le maillet en feutre. Parfait pour la m\u00e9ditation et la th\u00e9rapie sonore.","breadcrumb":{"@id":"https:\/\/touchproeurope.eu\/product\/klankschaal-set-met-3-schalen\/#breadcrumb"},"inLanguage":"fr-FR","potentialAction":[{"@type":"ReadAction","target":["https:\/\/touchproeurope.eu\/product\/klankschaal-set-met-3-schalen\/"]}]},{"@type":"ImageObject","inLanguage":"fr-FR","@id":"https:\/\/touchproeurope.eu\/product\/klankschaal-set-met-3-schalen\/#primaryimage","url":"https:\/\/i0.wp.com\/touchproeurope.eu\/wp-content\/uploads\/2025\/06\/ksset3_klangschalen_set_bodhi_meditation.jpg?fit=1500%2C1500&ssl=1","contentUrl":"https:\/\/i0.wp.com\/touchproeurope.eu\/wp-content\/uploads\/2025\/06\/ksset3_klangschalen_set_bodhi_meditation.jpg?fit=1500%2C1500&ssl=1","width":1500,"height":1500,"caption":"Klankschaal set met drie schalen, kloppers en kussens"},{"@type":"BreadcrumbList","@id":"https:\/\/touchproeurope.eu\/product\/klankschaal-set-met-3-schalen\/#breadcrumb","itemListElement":[{"@type":"ListItem","position":1,"name":"Home","item":"https:\/\/touchproeurope.eu\/"},{"@type":"ListItem","position":2,"name":"Winkel","item":"https:\/\/touchproeurope.eu\/winkel\/"},{"@type":"ListItem","position":3,"name":"Klankschaal Set met 3 Schalen"}]},{"@type":"WebSite","@id":"https:\/\/touchproeurope.eu\/#website","url":"https:\/\/touchproeurope.eu\/","name":"TouchPro Europe Shop","description":"Tout pour votre pratique avec une touche PROfessionnelle !","publisher":{"@id":"https:\/\/touchproeurope.eu\/#organization"},"alternateName":"TPE","potentialAction":[{"@type":"SearchAction","target":{"@type":"EntryPoint","urlTemplate":"https:\/\/touchproeurope.eu\/?s={search_term_string}"},"query-input":{"@type":"PropertyValueSpecification","valueRequired":true,"valueName":"search_term_string"}}],"inLanguage":"fr-FR"},{"@type":"Organization","@id":"https:\/\/touchproeurope.eu\/#organization","name":"TouchPro Europe BV","alternateName":"TPE","url":"https:\/\/touchproeurope.eu\/","logo":{"@type":"ImageObject","inLanguage":"fr-FR","@id":"https:\/\/touchproeurope.eu\/#\/schema\/logo\/image\/","url":"https:\/\/i0.wp.com\/touchproeurope.eu\/wp-content\/uploads\/2023\/10\/2b592c_b6944d80811246d987cc2c29accedf3f.png?fit=1417%2C531&ssl=1","contentUrl":"https:\/\/i0.wp.com\/touchproeurope.eu\/wp-content\/uploads\/2023\/10\/2b592c_b6944d80811246d987cc2c29accedf3f.png?fit=1417%2C531&ssl=1","width":1417,"height":531,"caption":"TouchPro Europe BV"},"image":{"@id":"https:\/\/touchproeurope.eu\/#\/schema\/logo\/image\/"},"sameAs":["https:\/\/www.facebook.com\/TouchproNederland\/?locale=nl_NL\/","https:\/\/www.instagram.com\/touchpro2016\/","https:\/\/www.linkedin.com\/company\/touchpro-europe-bv\/"],"description":"TouchPro Europe Shop est le magasin de massage de l'Europe. Nous vendons des produits de massage de qualit\u00e9 sup\u00e9rieure aux masseurs, p\u00e9dicures, physioth\u00e9rapeutes, manucures, centres de bien-\u00eatre, cours de formation, etc. TouchPro a commenc\u00e9 comme un petit magasin aux Pays-Bas, mais s'est maintenant d\u00e9velopp\u00e9 pour devenir un magasin avec des clients de toute l'Europe. Nous proposons une large gamme de produits de massage, notamment des tables de massage, des huiles, des cr\u00e8mes et des accessoires de grandes marques telles que Earthlite, Stronglite et InnerStrenght, Habys, Living Earth Crafts et Continuum, ainsi que d'autres fournisseurs d'accessoires de massage. Commandez ici les meilleurs produits de massage d'Europe !","email":"info@touchpro-europe.com","telephone":"0858768829","legalName":"TouchPro Europe BV","foundingDate":"2018-01-11","vatID":"NL855430151B01","numberOfEmployees":{"@type":"QuantitativeValue","minValue":"1","maxValue":"10"},"hasMerchantReturnPolicy":{"@type":"MerchantReturnPolicy","merchantReturnLink":"https:\/\/touchproeurope.eu\/fr\/retourbeleid\/"}}]},"product_price_amount":"142.00","product_price_currency":"EUR","og_availability":"instock","product_availability":"instock","product_retailer_item_id":"ksset3","product_condition":"new"},"_links":{"self":[{"href":"https:\/\/touchproeurope.eu\/fr\/wp-json\/wp\/v2\/product\/12206","targetHints":{"allow":["GET"]}}],"collection":[{"href":"https:\/\/touchproeurope.eu\/fr\/wp-json\/wp\/v2\/product"}],"about":[{"href":"https:\/\/touchproeurope.eu\/fr\/wp-json\/wp\/v2\/types\/product"}],"replies":[{"embeddable":true,"href":"https:\/\/touchproeurope.eu\/fr\/wp-json\/wp\/v2\/comments?post=12206"}],"version-history":[{"count":3,"href":"https:\/\/touchproeurope.eu\/fr\/wp-json\/wp\/v2\/product\/12206\/revisions"}],"predecessor-version":[{"id":16079,"href":"https:\/\/touchproeurope.eu\/fr\/wp-json\/wp\/v2\/product\/12206\/revisions\/16079"}],"wp:featuredmedia":[{"embeddable":true,"href":"https:\/\/touchproeurope.eu\/fr\/wp-json\/wp\/v2\/media\/12207"}],"wp:attachment":[{"href":"https:\/\/touchproeurope.eu\/fr\/wp-json\/wp\/v2\/media?parent=12206"}],"wp:term":[{"taxonomy":"product_brand","embeddable":true,"href":"https:\/\/touchproeurope.eu\/fr\/wp-json\/wp\/v2\/product_brand?post=12206"},{"taxonomy":"product_cat","embeddable":true,"href":"https:\/\/touchproeurope.eu\/fr\/wp-json\/wp\/v2\/product_cat?post=12206"},{"taxonomy":"product_tag","embeddable":true,"href":"https:\/\/touchproeurope.eu\/fr\/wp-json\/wp\/v2\/product_tag?post=12206"}],"curies":[{"name":"wp","href":"https:\/\/api.w.org\/{rel}","templated":true}]}}