{"id":12605,"date":"2025-07-15T12:00:02","date_gmt":"2025-07-15T12:00:02","guid":{"rendered":"https:\/\/touchproeurope.eu\/?post_type=product&#038;p=12605"},"modified":"2026-04-22T09:37:32","modified_gmt":"2026-04-22T09:37:32","slug":"ensemble-complet-de-coussinets-avila-ii","status":"publish","type":"product","link":"https:\/\/touchproeurope.eu\/fr\/product\/complete-pad-set-avila-ii\/","title":{"rendered":"Jeu complet de tampons Avila II\u2122"},"content":{"rendered":"<p>Donnez une nouvelle vie \u00e0 votre Avila II\u2122 avec cet ensemble complet de coussinets ! Fini les tracas li\u00e9s aux coussinets us\u00e9s ou aux fauteuils d\u00e9mod\u00e9s. Gr\u00e2ce \u00e0 cet ensemble, vous transformerez sans effort votre fauteuil en une oasis de d\u00e9tente confortable.<\/p>\n<p>Pour les propri\u00e9taires du mod\u00e8le le plus r\u00e9cent, le jeu complet de coussinets Avila II\u2122 est la solution parfaite. Remplacez simplement vos coussinets actuels et profitez \u00e0 nouveau de plusieurs ann\u00e9es d'assise confortable. Pas d'adieu forc\u00e9 \u00e0 votre fauteuil pr\u00e9f\u00e9r\u00e9, juste du plaisir \u00e0 l'\u00e9tat pur.<\/p>\n<p>Que contient cet ensemble complet ? Tout ce dont vous avez besoin pour une exp\u00e9rience d'assise optimale :<\/p>\n<ul>\n<li>Un oreiller standard pour les s\u00e9ances de relaxation<\/li>\n<li>Un coussin thoracique pour plus de confort et de soutien<\/li>\n<li>Un coussin d'assise pour un confort durable<\/li>\n<li>Un accoudoir pour des heures de confort<\/li>\n<li>Coussinets pour les deux genouill\u00e8res pour un soutien optimal<\/li>\n<\/ul>\n<p>N'attendez plus. Transformez votre fauteuil d\u00e8s aujourd'hui et profitez \u00e0 nouveau d'un confort in\u00e9gal\u00e9. Commandez d\u00e8s maintenant !<\/p>","protected":false},"excerpt":{"rendered":"<div class=\"react-scroll-to-bottom--css-tnwdc-1n7m0yu\">\n<div class=\"flex flex-col text-sm pb-9\">\n<div class=\"w-full text-token-text-primary sm:AIPRM__conversation__response\" data-testid=\"conversation-turn-7\">\n<div class=\"px-4 py-2 justify-center text-base md:gap-6 m-auto\">\n<div class=\"flex flex-1 text-base mx-auto gap-3 md:px-5 lg:px-1 xl:px-5 md:max-w-3xl lg:max-w-[40rem] xl:max-w-[48rem] group final-completion\">\n<div class=\"relative flex w-full flex-col agent-turn\">\n<div class=\"flex-col gap-1 md:gap-3\">\n<div class=\"flex flex-grow flex-col max-w-full\">\n<div class=\"min-h-[20px] text-message flex flex-col items-start gap-3 whitespace-pre-wrap break-words [.text-message+&amp;]:mt-5 overflow-x-auto\" data-message-author-role=\"assistant\" data-message-id=\"f49cb0bb-6cf5-460c-9601-02f879281e13\">\n<div class=\"markdown prose w-full break-words dark:prose-invert light\">\n<p>Geef je Avila II\u2122 een upgrade met deze complete pad set! Vervang moeiteloos versleten pads en maak je stoel weer als nieuw. De set bevat alles wat je nodig hebt voor een comfortabele zitervaring:<\/p>\n<ul>\n<li>Standaard gezichtskussen<\/li>\n<li>Borstpad<\/li>\n<li>Zitkussen<\/li>\n<li>Armleuningpad<\/li>\n<li>Pads voor beide kniesteunen<\/li>\n<\/ul>\n<p>Voor zowel nieuwere als oudere modellen geschikt. Bestel nu en geniet weer van maximaal comfort!<\/p>\n<\/div>\n<\/div>\n<\/div>\n<\/div>\n<\/div>\n<\/div>\n<\/div>\n<\/div>\n<\/div>\n<\/div>\n<p>LET OP: De Sternumpad, zoals zichtbaar op de foto is alleen in zwart en Mystic Blue na te bestellen, maar zit niet standaard in de complete pad set.<\/p>\n","protected":false},"featured_media":5391,"comment_status":"open","ping_status":"closed","template":"","meta":[],"product_brand":[343],"product_cat":[98],"product_tag":[19,272,21,385],"class_list":{"0":"post-12605","1":"product","2":"type-product","3":"status-publish","4":"has-post-thumbnail","6":"product_brand-earthlite","7":"product_cat-massagestoelen","8":"product_tag-massagestoel","9":"product_tag-pads","10":"product_tag-stronglite","11":"product_tag-vervang-pad","12":"product_shipping_class-klein-pakket","13":"pa_kleur-zwart","14":"pa_merk-earthlite","16":"first","17":"instock","18":"taxable","19":"shipping-taxable","20":"purchasable","21":"product-type-variable"},"yoast_head":"<!-- This site is optimized with the Yoast SEO Premium plugin v27.4 (Yoast SEO v27.4) - https:\/\/yoast.com\/product\/yoast-seo-premium-wordpress\/ -->\n<title>Complete pad set Avila II\u2122 - TouchPro Europe Shop<\/title>\n<meta name=\"description\" content=\"Geef je Avila II\u2122 een upgrade met onze complete pad set! Vervang moeiteloos versleten pads en geniet weer van maximaal comfort. Bestel nu!\" \/>\n<meta name=\"robots\" content=\"index, follow, max-snippet:-1, max-image-preview:large, max-video-preview:-1\" \/>\n<link rel=\"canonical\" href=\"https:\/\/touchproeurope.eu\/fr\/product\/ensemble-complet-de-coussinets-avila-ii\/\" \/>\n<meta property=\"og:locale\" content=\"fr_FR\" \/>\n<meta property=\"og:type\" content=\"article\" \/>\n<meta property=\"og:title\" content=\"Complete pad set Avila II\u2122\" \/>\n<meta property=\"og:description\" content=\"Geef je Avila II\u2122 een upgrade met onze complete pad set! Vervang moeiteloos versleten pads en geniet weer van maximaal comfort. Bestel nu!\" \/>\n<meta property=\"og:url\" content=\"https:\/\/touchproeurope.eu\/fr\/product\/ensemble-complet-de-coussinets-avila-ii\/\" \/>\n<meta property=\"og:site_name\" content=\"TouchPro Europe Shop\" \/>\n<meta property=\"article:publisher\" content=\"https:\/\/www.facebook.com\/TouchproNederland\/?locale=nl_NL%2f\" \/>\n<meta property=\"article:modified_time\" content=\"2026-04-22T09:37:32+00:00\" \/>\n<meta property=\"og:image\" content=\"https:\/\/touchproeurope.eu\/wp-content\/uploads\/2023\/11\/Ontwerp-zonder-titel-15.png\" \/>\n\t<meta property=\"og:image:width\" content=\"800\" \/>\n\t<meta property=\"og:image:height\" content=\"800\" \/>\n\t<meta property=\"og:image:type\" content=\"image\/png\" \/>\n<meta name=\"twitter:card\" content=\"summary_large_image\" \/>\n<meta name=\"twitter:label1\" content=\"Disponibilit\u00e9\" \/>\n\t<meta name=\"twitter:data1\" content=\"En stock\" \/>\n<script type=\"application\/ld+json\" class=\"yoast-schema-graph\">{\"@context\":\"https:\\\/\\\/schema.org\",\"@graph\":[{\"@type\":\"WebPage\",\"@id\":\"https:\\\/\\\/touchproeurope.eu\\\/product\\\/complete-pad-set-avila-ii\\\/\",\"url\":\"https:\\\/\\\/touchproeurope.eu\\\/product\\\/complete-pad-set-avila-ii\\\/\",\"name\":\"Complete pad set Avila II\u2122 - TouchPro Europe Shop\",\"isPartOf\":{\"@id\":\"https:\\\/\\\/touchproeurope.eu\\\/#website\"},\"primaryImageOfPage\":{\"@id\":\"https:\\\/\\\/touchproeurope.eu\\\/product\\\/complete-pad-set-avila-ii\\\/#primaryimage\"},\"image\":{\"@id\":\"https:\\\/\\\/touchproeurope.eu\\\/product\\\/complete-pad-set-avila-ii\\\/#primaryimage\"},\"thumbnailUrl\":\"https:\\\/\\\/i0.wp.com\\\/touchproeurope.eu\\\/wp-content\\\/uploads\\\/2023\\\/11\\\/Ontwerp-zonder-titel-15.png?fit=800%2C800&ssl=1\",\"datePublished\":\"2025-07-15T12:00:02+00:00\",\"dateModified\":\"2026-04-22T09:37:32+00:00\",\"description\":\"Geef je Avila II\u2122 een upgrade met onze complete pad set! Vervang moeiteloos versleten pads en geniet weer van maximaal comfort. Bestel nu!\",\"breadcrumb\":{\"@id\":\"https:\\\/\\\/touchproeurope.eu\\\/product\\\/complete-pad-set-avila-ii\\\/#breadcrumb\"},\"inLanguage\":\"fr-FR\",\"potentialAction\":[{\"@type\":\"ReadAction\",\"target\":[\"https:\\\/\\\/touchproeurope.eu\\\/product\\\/complete-pad-set-avila-ii\\\/\"]}]},{\"@type\":\"ImageObject\",\"inLanguage\":\"fr-FR\",\"@id\":\"https:\\\/\\\/touchproeurope.eu\\\/product\\\/complete-pad-set-avila-ii\\\/#primaryimage\",\"url\":\"https:\\\/\\\/i0.wp.com\\\/touchproeurope.eu\\\/wp-content\\\/uploads\\\/2023\\\/11\\\/Ontwerp-zonder-titel-15.png?fit=800%2C800&ssl=1\",\"contentUrl\":\"https:\\\/\\\/i0.wp.com\\\/touchproeurope.eu\\\/wp-content\\\/uploads\\\/2023\\\/11\\\/Ontwerp-zonder-titel-15.png?fit=800%2C800&ssl=1\",\"width\":800,\"height\":800,\"caption\":\"Complete pad set Stronglite ErgoPro 2\"},{\"@type\":\"BreadcrumbList\",\"@id\":\"https:\\\/\\\/touchproeurope.eu\\\/product\\\/complete-pad-set-avila-ii\\\/#breadcrumb\",\"itemListElement\":[{\"@type\":\"ListItem\",\"position\":1,\"name\":\"Home\",\"item\":\"https:\\\/\\\/touchproeurope.eu\\\/\"},{\"@type\":\"ListItem\",\"position\":2,\"name\":\"Winkel\",\"item\":\"https:\\\/\\\/touchproeurope.eu\\\/winkel\\\/\"},{\"@type\":\"ListItem\",\"position\":3,\"name\":\"Complete pad set Avila II\u2122\"}]},{\"@type\":\"WebSite\",\"@id\":\"https:\\\/\\\/touchproeurope.eu\\\/#website\",\"url\":\"https:\\\/\\\/touchproeurope.eu\\\/\",\"name\":\"TouchPro Europe Shop\",\"description\":\"Alles voor jouw praktijk met een PROfessionele Touch!\",\"publisher\":{\"@id\":\"https:\\\/\\\/touchproeurope.eu\\\/#organization\"},\"alternateName\":\"TPE\",\"potentialAction\":[{\"@type\":\"SearchAction\",\"target\":{\"@type\":\"EntryPoint\",\"urlTemplate\":\"https:\\\/\\\/touchproeurope.eu\\\/?s={search_term_string}\"},\"query-input\":{\"@type\":\"PropertyValueSpecification\",\"valueRequired\":true,\"valueName\":\"search_term_string\"}}],\"inLanguage\":\"fr-FR\"},{\"@type\":\"Organization\",\"@id\":\"https:\\\/\\\/touchproeurope.eu\\\/#organization\",\"name\":\"TouchPro Europe BV\",\"alternateName\":\"TPE\",\"url\":\"https:\\\/\\\/touchproeurope.eu\\\/\",\"logo\":{\"@type\":\"ImageObject\",\"inLanguage\":\"fr-FR\",\"@id\":\"https:\\\/\\\/touchproeurope.eu\\\/#\\\/schema\\\/logo\\\/image\\\/\",\"url\":\"https:\\\/\\\/i0.wp.com\\\/touchproeurope.eu\\\/wp-content\\\/uploads\\\/2023\\\/10\\\/2b592c_b6944d80811246d987cc2c29accedf3f.png?fit=1417%2C531&ssl=1\",\"contentUrl\":\"https:\\\/\\\/i0.wp.com\\\/touchproeurope.eu\\\/wp-content\\\/uploads\\\/2023\\\/10\\\/2b592c_b6944d80811246d987cc2c29accedf3f.png?fit=1417%2C531&ssl=1\",\"width\":1417,\"height\":531,\"caption\":\"TouchPro Europe BV\"},\"image\":{\"@id\":\"https:\\\/\\\/touchproeurope.eu\\\/#\\\/schema\\\/logo\\\/image\\\/\"},\"sameAs\":[\"https:\\\/\\\/www.facebook.com\\\/TouchproNederland\\\/?locale=nl_NL\\\/\",\"https:\\\/\\\/www.instagram.com\\\/touchpro2016\\\/\",\"https:\\\/\\\/www.linkedin.com\\\/company\\\/touchpro-europe-bv\\\/\"],\"description\":\"TouchPro Europe Shop is de massage winkel van Europa. Wij verkopen topkwaliteit massageproducten aan masseurs, pedicures, fysiotherapeuten, manicuren, Wellness centra, opleidingen, etc. TouchPro begon als een kleine webshop in Nederland, maar is nu uitgegroeid tot een webshop met klanten uit heel Europa. Wij bieden een breed assortiment aan massageproducten, waaronder massagetafels, oli\u00ebn, cr\u00e8mes, en accessoires van topmerken, zoals Earthlite, Stronglite en InnerStrenght, Habys, Living Earth Crafts en Continuum en andere leveranciers van massage accessoires. Bestel hier de beste massagematerialen van Europa!\",\"email\":\"info@touchpro-europe.com\",\"telephone\":\"0858768829\",\"legalName\":\"TouchPro Europe BV\",\"foundingDate\":\"2018-01-11\",\"vatID\":\"NL855430151B01\",\"numberOfEmployees\":{\"@type\":\"QuantitativeValue\",\"minValue\":\"1\",\"maxValue\":\"10\"},\"hasMerchantReturnPolicy\":{\"@type\":\"MerchantReturnPolicy\",\"merchantReturnLink\":\"https:\\\/\\\/touchproeurope.eu\\\/fr\\\/retourbeleid\\\/\"}}]}<\/script>\n<meta property=\"product:brand\" content=\"Earthlite\" \/>\n<meta property=\"og:availability\" content=\"instock\" \/>\n<meta property=\"product:availability\" content=\"instock\" \/>\n<meta property=\"product:retailer_item_id\" content=\"51720-1\" \/>\n<meta property=\"product:condition\" content=\"new\" \/>\n<!-- \/ Yoast SEO Premium plugin. -->","yoast_head_json":{"title":"Jeu de tampons complet Avila II\u2122 - TouchPro Europe Shop","description":"Offrez \u00e0 votre Avila II\u2122 une mise \u00e0 niveau avec notre ensemble complet de coussinets ! Remplacez sans effort les coussinets us\u00e9s et profitez \u00e0 nouveau d'un confort maximal. Commandez maintenant !","robots":{"index":"index","follow":"follow","max-snippet":"max-snippet:-1","max-image-preview":"max-image-preview:large","max-video-preview":"max-video-preview:-1"},"canonical":"https:\/\/touchproeurope.eu\/fr\/product\/ensemble-complet-de-coussinets-avila-ii\/","og_locale":"fr_FR","og_type":"article","og_title":"Complete pad set Avila II\u2122","og_description":"Geef je Avila II\u2122 een upgrade met onze complete pad set! Vervang moeiteloos versleten pads en geniet weer van maximaal comfort. Bestel nu!","og_url":"https:\/\/touchproeurope.eu\/fr\/product\/ensemble-complet-de-coussinets-avila-ii\/","og_site_name":"TouchPro Europe Shop","article_publisher":"https:\/\/www.facebook.com\/TouchproNederland\/?locale=nl_NL%2f","article_modified_time":"2026-04-22T09:37:32+00:00","og_image":[{"width":800,"height":800,"url":"https:\/\/touchproeurope.eu\/wp-content\/uploads\/2023\/11\/Ontwerp-zonder-titel-15.png","type":"image\/png"}],"twitter_card":"summary_large_image","twitter_misc":{"Disponibilit\u00e9":"En stock"},"schema":{"@context":"https:\/\/schema.org","@graph":[{"@type":"WebPage","@id":"https:\/\/touchproeurope.eu\/product\/complete-pad-set-avila-ii\/","url":"https:\/\/touchproeurope.eu\/product\/complete-pad-set-avila-ii\/","name":"Jeu de tampons complet Avila II\u2122 - TouchPro Europe Shop","isPartOf":{"@id":"https:\/\/touchproeurope.eu\/#website"},"primaryImageOfPage":{"@id":"https:\/\/touchproeurope.eu\/product\/complete-pad-set-avila-ii\/#primaryimage"},"image":{"@id":"https:\/\/touchproeurope.eu\/product\/complete-pad-set-avila-ii\/#primaryimage"},"thumbnailUrl":"https:\/\/i0.wp.com\/touchproeurope.eu\/wp-content\/uploads\/2023\/11\/Ontwerp-zonder-titel-15.png?fit=800%2C800&ssl=1","datePublished":"2025-07-15T12:00:02+00:00","dateModified":"2026-04-22T09:37:32+00:00","description":"Offrez \u00e0 votre Avila II\u2122 une mise \u00e0 niveau avec notre ensemble complet de coussinets ! Remplacez sans effort les coussinets us\u00e9s et profitez \u00e0 nouveau d'un confort maximal. Commandez maintenant !","breadcrumb":{"@id":"https:\/\/touchproeurope.eu\/product\/complete-pad-set-avila-ii\/#breadcrumb"},"inLanguage":"fr-FR","potentialAction":[{"@type":"ReadAction","target":["https:\/\/touchproeurope.eu\/product\/complete-pad-set-avila-ii\/"]}]},{"@type":"ImageObject","inLanguage":"fr-FR","@id":"https:\/\/touchproeurope.eu\/product\/complete-pad-set-avila-ii\/#primaryimage","url":"https:\/\/i0.wp.com\/touchproeurope.eu\/wp-content\/uploads\/2023\/11\/Ontwerp-zonder-titel-15.png?fit=800%2C800&ssl=1","contentUrl":"https:\/\/i0.wp.com\/touchproeurope.eu\/wp-content\/uploads\/2023\/11\/Ontwerp-zonder-titel-15.png?fit=800%2C800&ssl=1","width":800,"height":800,"caption":"Complete pad set Stronglite ErgoPro 2"},{"@type":"BreadcrumbList","@id":"https:\/\/touchproeurope.eu\/product\/complete-pad-set-avila-ii\/#breadcrumb","itemListElement":[{"@type":"ListItem","position":1,"name":"Home","item":"https:\/\/touchproeurope.eu\/"},{"@type":"ListItem","position":2,"name":"Winkel","item":"https:\/\/touchproeurope.eu\/winkel\/"},{"@type":"ListItem","position":3,"name":"Complete pad set Avila II\u2122"}]},{"@type":"WebSite","@id":"https:\/\/touchproeurope.eu\/#website","url":"https:\/\/touchproeurope.eu\/","name":"TouchPro Europe Shop","description":"Tout pour votre pratique avec une touche PROfessionnelle !","publisher":{"@id":"https:\/\/touchproeurope.eu\/#organization"},"alternateName":"TPE","potentialAction":[{"@type":"SearchAction","target":{"@type":"EntryPoint","urlTemplate":"https:\/\/touchproeurope.eu\/?s={search_term_string}"},"query-input":{"@type":"PropertyValueSpecification","valueRequired":true,"valueName":"search_term_string"}}],"inLanguage":"fr-FR"},{"@type":"Organization","@id":"https:\/\/touchproeurope.eu\/#organization","name":"TouchPro Europe BV","alternateName":"TPE","url":"https:\/\/touchproeurope.eu\/","logo":{"@type":"ImageObject","inLanguage":"fr-FR","@id":"https:\/\/touchproeurope.eu\/#\/schema\/logo\/image\/","url":"https:\/\/i0.wp.com\/touchproeurope.eu\/wp-content\/uploads\/2023\/10\/2b592c_b6944d80811246d987cc2c29accedf3f.png?fit=1417%2C531&ssl=1","contentUrl":"https:\/\/i0.wp.com\/touchproeurope.eu\/wp-content\/uploads\/2023\/10\/2b592c_b6944d80811246d987cc2c29accedf3f.png?fit=1417%2C531&ssl=1","width":1417,"height":531,"caption":"TouchPro Europe BV"},"image":{"@id":"https:\/\/touchproeurope.eu\/#\/schema\/logo\/image\/"},"sameAs":["https:\/\/www.facebook.com\/TouchproNederland\/?locale=nl_NL\/","https:\/\/www.instagram.com\/touchpro2016\/","https:\/\/www.linkedin.com\/company\/touchpro-europe-bv\/"],"description":"TouchPro Europe Shop est le magasin de massage de l'Europe. Nous vendons des produits de massage de qualit\u00e9 sup\u00e9rieure aux masseurs, p\u00e9dicures, physioth\u00e9rapeutes, manucures, centres de bien-\u00eatre, cours de formation, etc. TouchPro a commenc\u00e9 comme un petit magasin aux Pays-Bas, mais s'est maintenant d\u00e9velopp\u00e9 pour devenir un magasin avec des clients de toute l'Europe. Nous proposons une large gamme de produits de massage, notamment des tables de massage, des huiles, des cr\u00e8mes et des accessoires de grandes marques telles que Earthlite, Stronglite et InnerStrenght, Habys, Living Earth Crafts et Continuum, ainsi que d'autres fournisseurs d'accessoires de massage. Commandez ici les meilleurs produits de massage d'Europe !","email":"info@touchpro-europe.com","telephone":"0858768829","legalName":"TouchPro Europe BV","foundingDate":"2018-01-11","vatID":"NL855430151B01","numberOfEmployees":{"@type":"QuantitativeValue","minValue":"1","maxValue":"10"},"hasMerchantReturnPolicy":{"@type":"MerchantReturnPolicy","merchantReturnLink":"https:\/\/touchproeurope.eu\/fr\/retourbeleid\/"}}]},"product_brand":"Earthlite","og_availability":"instock","product_availability":"instock","product_retailer_item_id":"51720-1","product_condition":"new"},"_links":{"self":[{"href":"https:\/\/touchproeurope.eu\/fr\/wp-json\/wp\/v2\/product\/12605","targetHints":{"allow":["GET"]}}],"collection":[{"href":"https:\/\/touchproeurope.eu\/fr\/wp-json\/wp\/v2\/product"}],"about":[{"href":"https:\/\/touchproeurope.eu\/fr\/wp-json\/wp\/v2\/types\/product"}],"replies":[{"embeddable":true,"href":"https:\/\/touchproeurope.eu\/fr\/wp-json\/wp\/v2\/comments?post=12605"}],"version-history":[{"count":2,"href":"https:\/\/touchproeurope.eu\/fr\/wp-json\/wp\/v2\/product\/12605\/revisions"}],"predecessor-version":[{"id":15890,"href":"https:\/\/touchproeurope.eu\/fr\/wp-json\/wp\/v2\/product\/12605\/revisions\/15890"}],"wp:featuredmedia":[{"embeddable":true,"href":"https:\/\/touchproeurope.eu\/fr\/wp-json\/wp\/v2\/media\/5391"}],"wp:attachment":[{"href":"https:\/\/touchproeurope.eu\/fr\/wp-json\/wp\/v2\/media?parent=12605"}],"wp:term":[{"taxonomy":"product_brand","embeddable":true,"href":"https:\/\/touchproeurope.eu\/fr\/wp-json\/wp\/v2\/product_brand?post=12605"},{"taxonomy":"product_cat","embeddable":true,"href":"https:\/\/touchproeurope.eu\/fr\/wp-json\/wp\/v2\/product_cat?post=12605"},{"taxonomy":"product_tag","embeddable":true,"href":"https:\/\/touchproeurope.eu\/fr\/wp-json\/wp\/v2\/product_tag?post=12605"}],"curies":[{"name":"wp","href":"https:\/\/api.w.org\/{rel}","templated":true}]}}