{"id":14095,"date":"2025-09-24T08:15:35","date_gmt":"2025-09-24T08:15:35","guid":{"rendered":"https:\/\/touchproeurope.eu\/?post_type=product&#038;p=14095"},"modified":"2026-05-12T09:29:42","modified_gmt":"2026-05-12T09:29:42","slug":"lingettes-jetables-de-base-avec-elastique","status":"publish","type":"product","link":"https:\/\/touchproeurope.eu\/fr\/product\/basic-wegwerpdoekjes-met-elastiek\/","title":{"rendered":"Lingettes jetables de base avec \u00e9lastique"},"content":{"rendered":"<p>Con\u00e7ues pour les masseurs professionnels, nos housses jetables Basic avec \u00e9lastique offrent une solution hygi\u00e9nique pour les appuis-t\u00eate des fauteuils et tables de massage. Ces housses jetables avec \u00e9lastique sont id\u00e9ales pour les personnes qui se d\u00e9placent beaucoup. Elles conviennent \u00e9galement aux cabinets de massage, aux centres de bien-\u00eatre, aux centres de spa et aux cabinets de physioth\u00e9rapie. Elles assurent un changement confortable, propre et rapide de la surface sur laquelle le client est allong\u00e9.<\/p>\n<h3>Caract\u00e9ristiques et avantages<\/h3>\n<ul>\n<li>Conception \u00e9lastique qui s'ajuste \u00e9troitement<br \/>\nGr\u00e2ce \u00e0 leur bord \u00e9lastique, les lingettes s'adaptent automatiquement \u00e0 l'appui-t\u00eate d'un fauteuil ou d'une table de massage. Elles restent ainsi en place pendant le traitement et ne glissent pas.<\/li>\n<li>Jetable et hygi\u00e9nique<br \/>\nApr\u00e8s utilisation, il suffit de jeter le chiffon, ce qui minimise le risque de contamination crois\u00e9e. Il n'est pas n\u00e9cessaire de laver ou de st\u00e9riliser les housses.<\/li>\n<li>Forte absorption de l'humidit\u00e9 et construction robuste<br \/>\nLes lingettes sont fabriqu\u00e9es dans un mat\u00e9riau non tiss\u00e9 de haute qualit\u00e9 qui absorbe rapidement l'humidit\u00e9 et r\u00e9siste aux d\u00e9chirures et \u00e0 l'effilochage, m\u00eame en cas d'utilisation intensive.<\/li>\n<li>Format adapt\u00e9<br \/>\nLes dimensions s'adaptent parfaitement aux appuis-t\u00eate des fauteuils et tables de massage. Ils ne sont pas trop grands et se ferment donc proprement, tout en offrant une couverture compl\u00e8te.<\/li>\n<li>Polyvalent<br \/>\nId\u00e9al pour les praticiens de l'industrie du massage, les physioth\u00e9rapeutes, les salons de beaut\u00e9 ou les centres de bien-\u00eatre. Convient \u00e9galement aux masseurs mobiles travaillant sur place.<\/li>\n<li>Gagner du temps dans la pratique<br \/>\nGr\u00e2ce au changement rapide des housses, vous gagnez de l'espace, du temps et du travail de blanchisserie, ce qui vous permet de vous concentrer sur le traitement lui-m\u00eame.<\/li>\n<\/ul>\n<h3>Application dans la pratique<\/h3>\n<p>Que vous fassiez des massages sur chaise lors de salons, d'\u00e9v\u00e9nements, dans des entreprises ou dans votre propre cabinet, ces housses jetables facilitent le processus. Lors d'une s\u00e9ance de massage, vous retirez le tissu usag\u00e9 et placez imm\u00e9diatement une nouvelle housse hygi\u00e9nique. Vous augmentez ainsi le confort de votre client. Cela garantit \u00e9galement une apparence professionnelle. Dans un environnement de bien-\u00eatre ou de spa, vous pouvez utiliser les m\u00eames housses sur les appuis-t\u00eate des tables de massage. Cela permet de rationaliser le stock et la logistique.<\/p>","protected":false},"excerpt":{"rendered":"<p>Ces housses jetables avec \u00e9lastique sont optimis\u00e9es pour une utilisation sur les appuie-t\u00eate des fauteuils et tables de massage. Id\u00e9ales pour les masseurs, les kin\u00e9sith\u00e9rapeutes et les centres de bien-\u00eatre qui souhaitent allier hygi\u00e8ne, efficacit\u00e9 et confort. Le bord \u00e9lastique assure un ajustement parfait, tandis que la conception jetable \u00e9vite la contamination crois\u00e9e et permet de gagner du temps. Parfaites pour les traitements professionnels avec changement rapide.<\/p>","protected":false},"featured_media":14104,"comment_status":"open","ping_status":"closed","template":"","meta":[],"product_brand":[],"product_cat":[480,107],"product_tag":[209,207],"class_list":{"0":"post-14095","1":"product","2":"type-product","3":"status-publish","4":"has-post-thumbnail","6":"product_cat-tafellinnen-covers","7":"product_cat-wegwerp-covers","8":"product_tag-basic","9":"product_tag-wegwerpdoekjes","10":"product_shipping_class-normaal-pakket","11":"pa_kleur-wit","12":"pa_merk-touchpro","14":"first","15":"instock","16":"taxable","17":"shipping-taxable","18":"purchasable","19":"product-type-variable"},"yoast_head":"<!-- This site is optimized with the Yoast SEO Premium plugin v27.6 (Yoast SEO v27.6) - https:\/\/yoast.com\/product\/yoast-seo-premium-wordpress\/ -->\n<title>Basic wegwerpdoekjes met elastiek - TouchPro Europe Shop<\/title>\n<meta name=\"description\" content=\"Maak elke massagebehandeling comfortabeler met Basic wegwerpdoekjes ,et elastiek. Ontdek de voordelen voor jouw wellness-, fysio- of massagepraktijk vandaag!\" \/>\n<meta name=\"robots\" content=\"index, follow, max-snippet:-1, max-image-preview:large, max-video-preview:-1\" \/>\n<link rel=\"canonical\" href=\"https:\/\/touchproeurope.eu\/fr\/product\/lingettes-jetables-de-base-avec-elastique\/\" \/>\n<meta property=\"og:locale\" content=\"fr_FR\" \/>\n<meta property=\"og:type\" content=\"article\" \/>\n<meta property=\"og:title\" content=\"Basic wegwerpdoekjes met elastiek\" \/>\n<meta property=\"og:description\" content=\"Maak elke massagebehandeling comfortabeler met Basic wegwerpdoekjes ,et elastiek. Ontdek de voordelen voor jouw wellness-, fysio- of massagepraktijk vandaag!\" \/>\n<meta property=\"og:url\" content=\"https:\/\/touchproeurope.eu\/fr\/product\/lingettes-jetables-de-base-avec-elastique\/\" \/>\n<meta property=\"og:site_name\" content=\"TouchPro Europe Shop\" \/>\n<meta property=\"article:publisher\" content=\"https:\/\/www.facebook.com\/TouchproNederland\/?locale=nl_NL%2f\" \/>\n<meta property=\"article:modified_time\" content=\"2026-05-12T09:29:42+00:00\" \/>\n<meta property=\"og:image\" content=\"https:\/\/touchproeurope.eu\/wp-content\/uploads\/2025\/09\/46.jpg\" \/>\n\t<meta property=\"og:image:width\" content=\"800\" \/>\n\t<meta property=\"og:image:height\" content=\"800\" \/>\n\t<meta property=\"og:image:type\" content=\"image\/jpeg\" \/>\n<meta name=\"twitter:card\" content=\"summary_large_image\" \/>\n<meta name=\"twitter:label1\" content=\"Disponibilit\u00e9\" \/>\n\t<meta name=\"twitter:data1\" content=\"En stock\" \/>\n<script type=\"application\/ld+json\" class=\"yoast-schema-graph\">{\"@context\":\"https:\\\/\\\/schema.org\",\"@graph\":[{\"@type\":\"WebPage\",\"@id\":\"https:\\\/\\\/touchproeurope.eu\\\/product\\\/basic-wegwerpdoekjes-met-elastiek\\\/\",\"url\":\"https:\\\/\\\/touchproeurope.eu\\\/product\\\/basic-wegwerpdoekjes-met-elastiek\\\/\",\"name\":\"Basic wegwerpdoekjes met elastiek - TouchPro Europe Shop\",\"isPartOf\":{\"@id\":\"https:\\\/\\\/touchproeurope.eu\\\/#website\"},\"primaryImageOfPage\":{\"@id\":\"https:\\\/\\\/touchproeurope.eu\\\/product\\\/basic-wegwerpdoekjes-met-elastiek\\\/#primaryimage\"},\"image\":{\"@id\":\"https:\\\/\\\/touchproeurope.eu\\\/product\\\/basic-wegwerpdoekjes-met-elastiek\\\/#primaryimage\"},\"thumbnailUrl\":\"https:\\\/\\\/i0.wp.com\\\/touchproeurope.eu\\\/wp-content\\\/uploads\\\/2025\\\/09\\\/46.jpg?fit=800%2C800&ssl=1\",\"datePublished\":\"2025-09-24T08:15:35+00:00\",\"dateModified\":\"2026-05-12T09:29:42+00:00\",\"description\":\"Maak elke massagebehandeling comfortabeler met Basic wegwerpdoekjes ,et elastiek. Ontdek de voordelen voor jouw wellness-, fysio- of massagepraktijk vandaag!\",\"breadcrumb\":{\"@id\":\"https:\\\/\\\/touchproeurope.eu\\\/product\\\/basic-wegwerpdoekjes-met-elastiek\\\/#breadcrumb\"},\"inLanguage\":\"fr-FR\",\"potentialAction\":[{\"@type\":\"ReadAction\",\"target\":[\"https:\\\/\\\/touchproeurope.eu\\\/product\\\/basic-wegwerpdoekjes-met-elastiek\\\/\"]}]},{\"@type\":\"ImageObject\",\"inLanguage\":\"fr-FR\",\"@id\":\"https:\\\/\\\/touchproeurope.eu\\\/product\\\/basic-wegwerpdoekjes-met-elastiek\\\/#primaryimage\",\"url\":\"https:\\\/\\\/i0.wp.com\\\/touchproeurope.eu\\\/wp-content\\\/uploads\\\/2025\\\/09\\\/46.jpg?fit=800%2C800&ssl=1\",\"contentUrl\":\"https:\\\/\\\/i0.wp.com\\\/touchproeurope.eu\\\/wp-content\\\/uploads\\\/2025\\\/09\\\/46.jpg?fit=800%2C800&ssl=1\",\"width\":800,\"height\":800,\"caption\":\"Basic wegwerpdoekjes met elastiek\"},{\"@type\":\"BreadcrumbList\",\"@id\":\"https:\\\/\\\/touchproeurope.eu\\\/product\\\/basic-wegwerpdoekjes-met-elastiek\\\/#breadcrumb\",\"itemListElement\":[{\"@type\":\"ListItem\",\"position\":1,\"name\":\"Home\",\"item\":\"https:\\\/\\\/touchproeurope.eu\\\/\"},{\"@type\":\"ListItem\",\"position\":2,\"name\":\"Winkel\",\"item\":\"https:\\\/\\\/touchproeurope.eu\\\/winkel\\\/\"},{\"@type\":\"ListItem\",\"position\":3,\"name\":\"Basic wegwerpdoekjes met elastiek\"}]},{\"@type\":\"WebSite\",\"@id\":\"https:\\\/\\\/touchproeurope.eu\\\/#website\",\"url\":\"https:\\\/\\\/touchproeurope.eu\\\/\",\"name\":\"TouchPro Europe Shop\",\"description\":\"Alles voor jouw praktijk met een PROfessionele Touch!\",\"publisher\":{\"@id\":\"https:\\\/\\\/touchproeurope.eu\\\/#organization\"},\"alternateName\":\"TPE\",\"potentialAction\":[{\"@type\":\"SearchAction\",\"target\":{\"@type\":\"EntryPoint\",\"urlTemplate\":\"https:\\\/\\\/touchproeurope.eu\\\/?s={search_term_string}\"},\"query-input\":{\"@type\":\"PropertyValueSpecification\",\"valueRequired\":true,\"valueName\":\"search_term_string\"}}],\"inLanguage\":\"fr-FR\"},{\"@type\":\"Organization\",\"@id\":\"https:\\\/\\\/touchproeurope.eu\\\/#organization\",\"name\":\"TouchPro Europe BV\",\"alternateName\":\"TPE\",\"url\":\"https:\\\/\\\/touchproeurope.eu\\\/\",\"logo\":{\"@type\":\"ImageObject\",\"inLanguage\":\"fr-FR\",\"@id\":\"https:\\\/\\\/touchproeurope.eu\\\/#\\\/schema\\\/logo\\\/image\\\/\",\"url\":\"https:\\\/\\\/i0.wp.com\\\/touchproeurope.eu\\\/wp-content\\\/uploads\\\/2023\\\/10\\\/2b592c_b6944d80811246d987cc2c29accedf3f.png?fit=1417%2C531&ssl=1\",\"contentUrl\":\"https:\\\/\\\/i0.wp.com\\\/touchproeurope.eu\\\/wp-content\\\/uploads\\\/2023\\\/10\\\/2b592c_b6944d80811246d987cc2c29accedf3f.png?fit=1417%2C531&ssl=1\",\"width\":1417,\"height\":531,\"caption\":\"TouchPro Europe BV\"},\"image\":{\"@id\":\"https:\\\/\\\/touchproeurope.eu\\\/#\\\/schema\\\/logo\\\/image\\\/\"},\"sameAs\":[\"https:\\\/\\\/www.facebook.com\\\/TouchproNederland\\\/?locale=nl_NL\\\/\",\"https:\\\/\\\/www.instagram.com\\\/touchpro2016\\\/\",\"https:\\\/\\\/www.linkedin.com\\\/company\\\/touchpro-europe-bv\\\/\"],\"description\":\"TouchPro Europe Shop is de massage winkel van Europa. Wij verkopen topkwaliteit massageproducten aan masseurs, pedicures, fysiotherapeuten, manicuren, Wellness centra, opleidingen, etc. TouchPro begon als een kleine webshop in Nederland, maar is nu uitgegroeid tot een webshop met klanten uit heel Europa. Wij bieden een breed assortiment aan massageproducten, waaronder massagetafels, oli\u00ebn, cr\u00e8mes, en accessoires van topmerken, zoals Earthlite, Stronglite en InnerStrenght, Habys, Living Earth Crafts en Continuum en andere leveranciers van massage accessoires. Bestel hier de beste massagematerialen van Europa!\",\"email\":\"info@touchpro-europe.com\",\"telephone\":\"0858768829\",\"legalName\":\"TouchPro Europe BV\",\"foundingDate\":\"2018-01-11\",\"vatID\":\"NL855430151B01\",\"numberOfEmployees\":{\"@type\":\"QuantitativeValue\",\"minValue\":\"1\",\"maxValue\":\"10\"},\"hasMerchantReturnPolicy\":{\"@type\":\"MerchantReturnPolicy\",\"merchantReturnLink\":\"https:\\\/\\\/touchproeurope.eu\\\/fr\\\/retourbeleid\\\/\"}}]}<\/script>\n<meta property=\"product:brand\" content=\"TouchPro\" \/>\n<meta property=\"og:availability\" content=\"instock\" \/>\n<meta property=\"product:availability\" content=\"instock\" \/>\n<meta property=\"product:retailer_item_id\" content=\"Basic wegwerpdoekjes met elastiek\" \/>\n<meta property=\"product:condition\" content=\"new\" \/>\n<!-- \/ Yoast SEO Premium plugin. -->","yoast_head_json":{"title":"Lingettes jetables basiques avec \u00e9lastique - TouchPro Europe Shop","description":"Rendez chaque massage plus confortable gr\u00e2ce aux lingettes jetables Basic et \u00e0 leur \u00e9lastique. D\u00e9couvrez d\u00e8s aujourd'hui les avantages pour votre cabinet de bien-\u00eatre, de kin\u00e9sith\u00e9rapie ou de massage !","robots":{"index":"index","follow":"follow","max-snippet":"max-snippet:-1","max-image-preview":"max-image-preview:large","max-video-preview":"max-video-preview:-1"},"canonical":"https:\/\/touchproeurope.eu\/fr\/product\/lingettes-jetables-de-base-avec-elastique\/","og_locale":"fr_FR","og_type":"article","og_title":"Basic wegwerpdoekjes met elastiek","og_description":"Maak elke massagebehandeling comfortabeler met Basic wegwerpdoekjes ,et elastiek. Ontdek de voordelen voor jouw wellness-, fysio- of massagepraktijk vandaag!","og_url":"https:\/\/touchproeurope.eu\/fr\/product\/lingettes-jetables-de-base-avec-elastique\/","og_site_name":"TouchPro Europe Shop","article_publisher":"https:\/\/www.facebook.com\/TouchproNederland\/?locale=nl_NL%2f","article_modified_time":"2026-05-12T09:29:42+00:00","og_image":[{"width":800,"height":800,"url":"https:\/\/touchproeurope.eu\/wp-content\/uploads\/2025\/09\/46.jpg","type":"image\/jpeg"}],"twitter_card":"summary_large_image","twitter_misc":{"Disponibilit\u00e9":"En stock"},"schema":{"@context":"https:\/\/schema.org","@graph":[{"@type":"WebPage","@id":"https:\/\/touchproeurope.eu\/product\/basic-wegwerpdoekjes-met-elastiek\/","url":"https:\/\/touchproeurope.eu\/product\/basic-wegwerpdoekjes-met-elastiek\/","name":"Lingettes jetables basiques avec \u00e9lastique - TouchPro Europe Shop","isPartOf":{"@id":"https:\/\/touchproeurope.eu\/#website"},"primaryImageOfPage":{"@id":"https:\/\/touchproeurope.eu\/product\/basic-wegwerpdoekjes-met-elastiek\/#primaryimage"},"image":{"@id":"https:\/\/touchproeurope.eu\/product\/basic-wegwerpdoekjes-met-elastiek\/#primaryimage"},"thumbnailUrl":"https:\/\/i0.wp.com\/touchproeurope.eu\/wp-content\/uploads\/2025\/09\/46.jpg?fit=800%2C800&ssl=1","datePublished":"2025-09-24T08:15:35+00:00","dateModified":"2026-05-12T09:29:42+00:00","description":"Rendez chaque massage plus confortable gr\u00e2ce aux lingettes jetables Basic et \u00e0 leur \u00e9lastique. D\u00e9couvrez d\u00e8s aujourd'hui les avantages pour votre cabinet de bien-\u00eatre, de kin\u00e9sith\u00e9rapie ou de massage !","breadcrumb":{"@id":"https:\/\/touchproeurope.eu\/product\/basic-wegwerpdoekjes-met-elastiek\/#breadcrumb"},"inLanguage":"fr-FR","potentialAction":[{"@type":"ReadAction","target":["https:\/\/touchproeurope.eu\/product\/basic-wegwerpdoekjes-met-elastiek\/"]}]},{"@type":"ImageObject","inLanguage":"fr-FR","@id":"https:\/\/touchproeurope.eu\/product\/basic-wegwerpdoekjes-met-elastiek\/#primaryimage","url":"https:\/\/i0.wp.com\/touchproeurope.eu\/wp-content\/uploads\/2025\/09\/46.jpg?fit=800%2C800&ssl=1","contentUrl":"https:\/\/i0.wp.com\/touchproeurope.eu\/wp-content\/uploads\/2025\/09\/46.jpg?fit=800%2C800&ssl=1","width":800,"height":800,"caption":"Basic wegwerpdoekjes met elastiek"},{"@type":"BreadcrumbList","@id":"https:\/\/touchproeurope.eu\/product\/basic-wegwerpdoekjes-met-elastiek\/#breadcrumb","itemListElement":[{"@type":"ListItem","position":1,"name":"Home","item":"https:\/\/touchproeurope.eu\/"},{"@type":"ListItem","position":2,"name":"Winkel","item":"https:\/\/touchproeurope.eu\/winkel\/"},{"@type":"ListItem","position":3,"name":"Basic wegwerpdoekjes met elastiek"}]},{"@type":"WebSite","@id":"https:\/\/touchproeurope.eu\/#website","url":"https:\/\/touchproeurope.eu\/","name":"TouchPro Europe Shop","description":"Tout pour votre pratique avec une touche PROfessionnelle !","publisher":{"@id":"https:\/\/touchproeurope.eu\/#organization"},"alternateName":"TPE","potentialAction":[{"@type":"SearchAction","target":{"@type":"EntryPoint","urlTemplate":"https:\/\/touchproeurope.eu\/?s={search_term_string}"},"query-input":{"@type":"PropertyValueSpecification","valueRequired":true,"valueName":"search_term_string"}}],"inLanguage":"fr-FR"},{"@type":"Organization","@id":"https:\/\/touchproeurope.eu\/#organization","name":"TouchPro Europe BV","alternateName":"TPE","url":"https:\/\/touchproeurope.eu\/","logo":{"@type":"ImageObject","inLanguage":"fr-FR","@id":"https:\/\/touchproeurope.eu\/#\/schema\/logo\/image\/","url":"https:\/\/i0.wp.com\/touchproeurope.eu\/wp-content\/uploads\/2023\/10\/2b592c_b6944d80811246d987cc2c29accedf3f.png?fit=1417%2C531&ssl=1","contentUrl":"https:\/\/i0.wp.com\/touchproeurope.eu\/wp-content\/uploads\/2023\/10\/2b592c_b6944d80811246d987cc2c29accedf3f.png?fit=1417%2C531&ssl=1","width":1417,"height":531,"caption":"TouchPro Europe BV"},"image":{"@id":"https:\/\/touchproeurope.eu\/#\/schema\/logo\/image\/"},"sameAs":["https:\/\/www.facebook.com\/TouchproNederland\/?locale=nl_NL\/","https:\/\/www.instagram.com\/touchpro2016\/","https:\/\/www.linkedin.com\/company\/touchpro-europe-bv\/"],"description":"TouchPro Europe Shop est le magasin de massage de l'Europe. Nous vendons des produits de massage de qualit\u00e9 sup\u00e9rieure aux masseurs, p\u00e9dicures, physioth\u00e9rapeutes, manucures, centres de bien-\u00eatre, cours de formation, etc. TouchPro a commenc\u00e9 comme un petit magasin aux Pays-Bas, mais s'est maintenant d\u00e9velopp\u00e9 pour devenir un magasin avec des clients de toute l'Europe. Nous proposons une large gamme de produits de massage, notamment des tables de massage, des huiles, des cr\u00e8mes et des accessoires de grandes marques telles que Earthlite, Stronglite et InnerStrenght, Habys, Living Earth Crafts et Continuum, ainsi que d'autres fournisseurs d'accessoires de massage. Commandez ici les meilleurs produits de massage d'Europe !","email":"info@touchpro-europe.com","telephone":"0858768829","legalName":"TouchPro Europe BV","foundingDate":"2018-01-11","vatID":"NL855430151B01","numberOfEmployees":{"@type":"QuantitativeValue","minValue":"1","maxValue":"10"},"hasMerchantReturnPolicy":{"@type":"MerchantReturnPolicy","merchantReturnLink":"https:\/\/touchproeurope.eu\/fr\/retourbeleid\/"}}]},"product_brand":"TouchPro","og_availability":"instock","product_availability":"instock","product_retailer_item_id":"Basic wegwerpdoekjes met elastiek","product_condition":"new"},"_links":{"self":[{"href":"https:\/\/touchproeurope.eu\/fr\/wp-json\/wp\/v2\/product\/14095","targetHints":{"allow":["GET"]}}],"collection":[{"href":"https:\/\/touchproeurope.eu\/fr\/wp-json\/wp\/v2\/product"}],"about":[{"href":"https:\/\/touchproeurope.eu\/fr\/wp-json\/wp\/v2\/types\/product"}],"replies":[{"embeddable":true,"href":"https:\/\/touchproeurope.eu\/fr\/wp-json\/wp\/v2\/comments?post=14095"}],"version-history":[{"count":3,"href":"https:\/\/touchproeurope.eu\/fr\/wp-json\/wp\/v2\/product\/14095\/revisions"}],"predecessor-version":[{"id":14108,"href":"https:\/\/touchproeurope.eu\/fr\/wp-json\/wp\/v2\/product\/14095\/revisions\/14108"}],"wp:featuredmedia":[{"embeddable":true,"href":"https:\/\/touchproeurope.eu\/fr\/wp-json\/wp\/v2\/media\/14104"}],"wp:attachment":[{"href":"https:\/\/touchproeurope.eu\/fr\/wp-json\/wp\/v2\/media?parent=14095"}],"wp:term":[{"taxonomy":"product_brand","embeddable":true,"href":"https:\/\/touchproeurope.eu\/fr\/wp-json\/wp\/v2\/product_brand?post=14095"},{"taxonomy":"product_cat","embeddable":true,"href":"https:\/\/touchproeurope.eu\/fr\/wp-json\/wp\/v2\/product_cat?post=14095"},{"taxonomy":"product_tag","embeddable":true,"href":"https:\/\/touchproeurope.eu\/fr\/wp-json\/wp\/v2\/product_tag?post=14095"}],"curies":[{"name":"wp","href":"https:\/\/api.w.org\/{rel}","templated":true}]}}