{"id":14224,"date":"2025-10-07T21:09:24","date_gmt":"2025-10-07T21:09:24","guid":{"rendered":"https:\/\/touchproeurope.eu\/?post_type=product&#038;p=14224"},"modified":"2026-04-22T09:40:05","modified_gmt":"2026-04-22T09:40:05","slug":"holistic-alchemy-oreiller-therapeutique-pour-les-yeux-2","status":"publish","type":"product","link":"https:\/\/touchproeurope.eu\/fr\/product\/holistic-alchemy-therapeutisch-oogkussen-hoes\/","title":{"rendered":"Housse d'oreiller th\u00e9rapeutique pour les yeux Holistic Alchemy"},"content":{"rendered":"<p data-start=\"319\" data-end=\"695\">Le <strong data-start=\"322\" data-end=\"372\">Holistic Alchemy\u2122 Couvre-oreiller th\u00e9rapeutique pour les yeux<\/strong> est le compl\u00e9ment parfait de la <a href=\"https:\/\/touchproeurope.eu\/fr\/product\/holistic-alchemy-oreiller-therapeutique-pour-les-yeux\/\">Coussinets pour les yeux Holistic Alchemy<\/a>. Elle a \u00e9t\u00e9 con\u00e7ue dans un souci d'hygi\u00e8ne, de confort et de r\u00e9utilisation. Fabriqu\u00e9e en soie pure 100 %, cette housse en soie offre une protection suppl\u00e9mentaire \u00e0 votre oreiller. En m\u00eame temps, sa texture luxueusement douce a un effet rafra\u00eechissant et apaisant sur les yeux fatigu\u00e9s.<\/p>\n<p data-start=\"697\" data-end=\"1063\">La soie est connue pour ses propri\u00e9t\u00e9s respectueuses de la peau et respirantes. Cette housse convient donc parfaitement \u00e0 la relaxation, au yoga, \u00e0 la m\u00e9ditation ou \u00e0 un moment de repos. La housse est facile \u00e0 retirer et \u00e0 remettre en place gr\u00e2ce \u00e0 sa conception ouverte sans fermeture \u00e9clair. Elle est id\u00e9ale pour un remplacement rapide pendant les traitements ou pour une utilisation quotidienne \u00e0 la maison.<\/p>\n<p data-start=\"1065\" data-end=\"1381\">Gr\u00e2ce \u00e0 sa taille universelle, cette housse s'adapte \u00e0 la plupart des coussinets oculaires standard (environ 23 \u00d7 10 \u00d7 3 cm). La housse peut \u00eatre lav\u00e9e \u00e0 la main ou en mode d\u00e9licat. Cela vous aidera \u00e0 garder le coussin frais entre les s\u00e9ances, en particulier dans les environnements professionnels tels que les salons de massage, les centres de bien-\u00eatre ou les studios de yoga.<\/p>\n<p data-start=\"1383\" data-end=\"1633\">Les professionnels et les consommateurs avertis choisissent cette housse en soie pour prolonger la dur\u00e9e de vie de leurs coussinets oculaires tout en optimisant le confort de la peau. \u00c9l\u00e9gante, pratique et durable, elle est indispensable \u00e0 toute routine de relaxation.<\/p>","protected":false},"excerpt":{"rendered":"<p>Housse soyeuse et lavable pour les coussinets oculaires Holistic Alchemy. Fabriqu\u00e9e en pure soie 100 %, elle procure une sensation de fra\u00eecheur et d'apaisement. Convient aux coussinets oculaires standard et est facile \u00e0 changer gr\u00e2ce \u00e0 sa conception ouverte sans fermeture \u00e9clair.<\/p>","protected":false},"featured_media":14228,"comment_status":"open","ping_status":"closed","template":"","meta":[],"product_brand":[343],"product_cat":[105],"product_tag":[455,454,452,456,453],"class_list":{"0":"post-14224","1":"product","2":"type-product","3":"status-publish","4":"has-post-thumbnail","6":"product_brand-earthlite","7":"product_cat-aromatherapie","8":"product_tag-herbruikbare","9":"product_tag-luxe-oogkussen-hoes","10":"product_tag-oogkussen-hoes","11":"product_tag-spa","12":"product_tag-zijden-yoga-accessoire","13":"product_shipping_class-klein-pakket","14":"pa_kleur-grijs","15":"pa_kleur-teal-blauw","16":"pa_kleur-zwart","17":"pa_merk-earthlite","19":"first","20":"instock","21":"taxable","22":"shipping-taxable","23":"purchasable","24":"product-type-variable"},"yoast_head":"<!-- This site is optimized with the Yoast SEO Premium plugin v27.4 (Yoast SEO v27.4) - https:\/\/yoast.com\/product\/yoast-seo-premium-wordpress\/ -->\n<title>Holistic Alchemy therapeutisch oogkussen hoes - TouchPro Europe Shop<\/title>\n<meta name=\"description\" content=\"Voeg een extra laag comfort toe aan je oogkussen met de Holistic Alchemy hoes! Ervaar de verkoelende werking van pure zijde voor je ogen.\" \/>\n<meta name=\"robots\" content=\"index, follow, max-snippet:-1, max-image-preview:large, max-video-preview:-1\" \/>\n<link rel=\"canonical\" href=\"https:\/\/touchproeurope.eu\/fr\/product\/holistic-alchemy-oreiller-therapeutique-pour-les-yeux-2\/\" \/>\n<meta property=\"og:locale\" content=\"fr_FR\" \/>\n<meta property=\"og:type\" content=\"article\" \/>\n<meta property=\"og:title\" content=\"Holistic Alchemy therapeutisch oogkussen hoes\" \/>\n<meta property=\"og:description\" content=\"Voeg een extra laag comfort toe aan je oogkussen met de Holistic Alchemy hoes! Ervaar de verkoelende werking van pure zijde voor je ogen.\" \/>\n<meta property=\"og:url\" content=\"https:\/\/touchproeurope.eu\/fr\/product\/holistic-alchemy-oreiller-therapeutique-pour-les-yeux-2\/\" \/>\n<meta property=\"og:site_name\" content=\"TouchPro Europe Shop\" \/>\n<meta property=\"article:publisher\" content=\"https:\/\/www.facebook.com\/TouchproNederland\/?locale=nl_NL%2f\" \/>\n<meta property=\"article:modified_time\" content=\"2026-04-22T09:40:05+00:00\" \/>\n<meta property=\"og:image\" content=\"https:\/\/touchproeurope.eu\/wp-content\/uploads\/2025\/10\/Pillow_Case_-_Group_3_colors.jpg\" \/>\n\t<meta property=\"og:image:width\" content=\"800\" \/>\n\t<meta property=\"og:image:height\" content=\"800\" \/>\n\t<meta property=\"og:image:type\" content=\"image\/jpeg\" \/>\n<meta name=\"twitter:card\" content=\"summary_large_image\" \/>\n<meta name=\"twitter:label1\" content=\"Disponibilit\u00e9\" \/>\n\t<meta name=\"twitter:data1\" content=\"En stock\" \/>\n<script type=\"application\/ld+json\" class=\"yoast-schema-graph\">{\"@context\":\"https:\\\/\\\/schema.org\",\"@graph\":[{\"@type\":\"WebPage\",\"@id\":\"https:\\\/\\\/touchproeurope.eu\\\/product\\\/holistic-alchemy-therapeutisch-oogkussen-hoes\\\/\",\"url\":\"https:\\\/\\\/touchproeurope.eu\\\/product\\\/holistic-alchemy-therapeutisch-oogkussen-hoes\\\/\",\"name\":\"Holistic Alchemy therapeutisch oogkussen hoes - TouchPro Europe Shop\",\"isPartOf\":{\"@id\":\"https:\\\/\\\/touchproeurope.eu\\\/#website\"},\"primaryImageOfPage\":{\"@id\":\"https:\\\/\\\/touchproeurope.eu\\\/product\\\/holistic-alchemy-therapeutisch-oogkussen-hoes\\\/#primaryimage\"},\"image\":{\"@id\":\"https:\\\/\\\/touchproeurope.eu\\\/product\\\/holistic-alchemy-therapeutisch-oogkussen-hoes\\\/#primaryimage\"},\"thumbnailUrl\":\"https:\\\/\\\/i0.wp.com\\\/touchproeurope.eu\\\/wp-content\\\/uploads\\\/2025\\\/10\\\/Pillow_Case_-_Group_3_colors.jpg?fit=800%2C800&ssl=1\",\"datePublished\":\"2025-10-07T21:09:24+00:00\",\"dateModified\":\"2026-04-22T09:40:05+00:00\",\"description\":\"Voeg een extra laag comfort toe aan je oogkussen met de Holistic Alchemy hoes! Ervaar de verkoelende werking van pure zijde voor je ogen.\",\"breadcrumb\":{\"@id\":\"https:\\\/\\\/touchproeurope.eu\\\/product\\\/holistic-alchemy-therapeutisch-oogkussen-hoes\\\/#breadcrumb\"},\"inLanguage\":\"fr-FR\",\"potentialAction\":[{\"@type\":\"ReadAction\",\"target\":[\"https:\\\/\\\/touchproeurope.eu\\\/product\\\/holistic-alchemy-therapeutisch-oogkussen-hoes\\\/\"]}]},{\"@type\":\"ImageObject\",\"inLanguage\":\"fr-FR\",\"@id\":\"https:\\\/\\\/touchproeurope.eu\\\/product\\\/holistic-alchemy-therapeutisch-oogkussen-hoes\\\/#primaryimage\",\"url\":\"https:\\\/\\\/i0.wp.com\\\/touchproeurope.eu\\\/wp-content\\\/uploads\\\/2025\\\/10\\\/Pillow_Case_-_Group_3_colors.jpg?fit=800%2C800&ssl=1\",\"contentUrl\":\"https:\\\/\\\/i0.wp.com\\\/touchproeurope.eu\\\/wp-content\\\/uploads\\\/2025\\\/10\\\/Pillow_Case_-_Group_3_colors.jpg?fit=800%2C800&ssl=1\",\"width\":800,\"height\":800,\"caption\":\"Holistic Alchemy therapeutisch oogkussen hoes in alle kleuren van Earthlite\"},{\"@type\":\"BreadcrumbList\",\"@id\":\"https:\\\/\\\/touchproeurope.eu\\\/product\\\/holistic-alchemy-therapeutisch-oogkussen-hoes\\\/#breadcrumb\",\"itemListElement\":[{\"@type\":\"ListItem\",\"position\":1,\"name\":\"Home\",\"item\":\"https:\\\/\\\/touchproeurope.eu\\\/\"},{\"@type\":\"ListItem\",\"position\":2,\"name\":\"Winkel\",\"item\":\"https:\\\/\\\/touchproeurope.eu\\\/winkel\\\/\"},{\"@type\":\"ListItem\",\"position\":3,\"name\":\"Holistic Alchemy therapeutisch oogkussen hoes\"}]},{\"@type\":\"WebSite\",\"@id\":\"https:\\\/\\\/touchproeurope.eu\\\/#website\",\"url\":\"https:\\\/\\\/touchproeurope.eu\\\/\",\"name\":\"TouchPro Europe Shop\",\"description\":\"Alles voor jouw praktijk met een PROfessionele Touch!\",\"publisher\":{\"@id\":\"https:\\\/\\\/touchproeurope.eu\\\/#organization\"},\"alternateName\":\"TPE\",\"potentialAction\":[{\"@type\":\"SearchAction\",\"target\":{\"@type\":\"EntryPoint\",\"urlTemplate\":\"https:\\\/\\\/touchproeurope.eu\\\/?s={search_term_string}\"},\"query-input\":{\"@type\":\"PropertyValueSpecification\",\"valueRequired\":true,\"valueName\":\"search_term_string\"}}],\"inLanguage\":\"fr-FR\"},{\"@type\":\"Organization\",\"@id\":\"https:\\\/\\\/touchproeurope.eu\\\/#organization\",\"name\":\"TouchPro Europe BV\",\"alternateName\":\"TPE\",\"url\":\"https:\\\/\\\/touchproeurope.eu\\\/\",\"logo\":{\"@type\":\"ImageObject\",\"inLanguage\":\"fr-FR\",\"@id\":\"https:\\\/\\\/touchproeurope.eu\\\/#\\\/schema\\\/logo\\\/image\\\/\",\"url\":\"https:\\\/\\\/i0.wp.com\\\/touchproeurope.eu\\\/wp-content\\\/uploads\\\/2023\\\/10\\\/2b592c_b6944d80811246d987cc2c29accedf3f.png?fit=1417%2C531&ssl=1\",\"contentUrl\":\"https:\\\/\\\/i0.wp.com\\\/touchproeurope.eu\\\/wp-content\\\/uploads\\\/2023\\\/10\\\/2b592c_b6944d80811246d987cc2c29accedf3f.png?fit=1417%2C531&ssl=1\",\"width\":1417,\"height\":531,\"caption\":\"TouchPro Europe BV\"},\"image\":{\"@id\":\"https:\\\/\\\/touchproeurope.eu\\\/#\\\/schema\\\/logo\\\/image\\\/\"},\"sameAs\":[\"https:\\\/\\\/www.facebook.com\\\/TouchproNederland\\\/?locale=nl_NL\\\/\",\"https:\\\/\\\/www.instagram.com\\\/touchpro2016\\\/\",\"https:\\\/\\\/www.linkedin.com\\\/company\\\/touchpro-europe-bv\\\/\"],\"description\":\"TouchPro Europe Shop is de massage winkel van Europa. Wij verkopen topkwaliteit massageproducten aan masseurs, pedicures, fysiotherapeuten, manicuren, Wellness centra, opleidingen, etc. TouchPro begon als een kleine webshop in Nederland, maar is nu uitgegroeid tot een webshop met klanten uit heel Europa. Wij bieden een breed assortiment aan massageproducten, waaronder massagetafels, oli\u00ebn, cr\u00e8mes, en accessoires van topmerken, zoals Earthlite, Stronglite en InnerStrenght, Habys, Living Earth Crafts en Continuum en andere leveranciers van massage accessoires. Bestel hier de beste massagematerialen van Europa!\",\"email\":\"info@touchpro-europe.com\",\"telephone\":\"0858768829\",\"legalName\":\"TouchPro Europe BV\",\"foundingDate\":\"2018-01-11\",\"vatID\":\"NL855430151B01\",\"numberOfEmployees\":{\"@type\":\"QuantitativeValue\",\"minValue\":\"1\",\"maxValue\":\"10\"},\"hasMerchantReturnPolicy\":{\"@type\":\"MerchantReturnPolicy\",\"merchantReturnLink\":\"https:\\\/\\\/touchproeurope.eu\\\/fr\\\/retourbeleid\\\/\"}}]}<\/script>\n<meta property=\"product:brand\" content=\"Earthlite\" \/>\n<meta property=\"og:availability\" content=\"instock\" \/>\n<meta property=\"product:availability\" content=\"instock\" \/>\n<meta property=\"product:retailer_item_id\" content=\"Holistic Alchemy therapeutisch oogkussen hoes\" \/>\n<meta property=\"product:condition\" content=\"new\" \/>\n<!-- \/ Yoast SEO Premium plugin. -->","yoast_head_json":{"title":"Housse d'oreiller th\u00e9rapeutique pour les yeux Holistic Alchemy - TouchPro Europe Shop","description":"Ajoutez une couche suppl\u00e9mentaire de confort \u00e0 votre oreiller pour les yeux avec la housse Holistic Alchemy ! D\u00e9couvrez l'effet rafra\u00eechissant de la soie pure pour vos yeux.","robots":{"index":"index","follow":"follow","max-snippet":"max-snippet:-1","max-image-preview":"max-image-preview:large","max-video-preview":"max-video-preview:-1"},"canonical":"https:\/\/touchproeurope.eu\/fr\/product\/holistic-alchemy-oreiller-therapeutique-pour-les-yeux-2\/","og_locale":"fr_FR","og_type":"article","og_title":"Holistic Alchemy therapeutisch oogkussen hoes","og_description":"Voeg een extra laag comfort toe aan je oogkussen met de Holistic Alchemy hoes! Ervaar de verkoelende werking van pure zijde voor je ogen.","og_url":"https:\/\/touchproeurope.eu\/fr\/product\/holistic-alchemy-oreiller-therapeutique-pour-les-yeux-2\/","og_site_name":"TouchPro Europe Shop","article_publisher":"https:\/\/www.facebook.com\/TouchproNederland\/?locale=nl_NL%2f","article_modified_time":"2026-04-22T09:40:05+00:00","og_image":[{"width":800,"height":800,"url":"https:\/\/touchproeurope.eu\/wp-content\/uploads\/2025\/10\/Pillow_Case_-_Group_3_colors.jpg","type":"image\/jpeg"}],"twitter_card":"summary_large_image","twitter_misc":{"Disponibilit\u00e9":"En stock"},"schema":{"@context":"https:\/\/schema.org","@graph":[{"@type":"WebPage","@id":"https:\/\/touchproeurope.eu\/product\/holistic-alchemy-therapeutisch-oogkussen-hoes\/","url":"https:\/\/touchproeurope.eu\/product\/holistic-alchemy-therapeutisch-oogkussen-hoes\/","name":"Housse d'oreiller th\u00e9rapeutique pour les yeux Holistic Alchemy - TouchPro Europe Shop","isPartOf":{"@id":"https:\/\/touchproeurope.eu\/#website"},"primaryImageOfPage":{"@id":"https:\/\/touchproeurope.eu\/product\/holistic-alchemy-therapeutisch-oogkussen-hoes\/#primaryimage"},"image":{"@id":"https:\/\/touchproeurope.eu\/product\/holistic-alchemy-therapeutisch-oogkussen-hoes\/#primaryimage"},"thumbnailUrl":"https:\/\/i0.wp.com\/touchproeurope.eu\/wp-content\/uploads\/2025\/10\/Pillow_Case_-_Group_3_colors.jpg?fit=800%2C800&ssl=1","datePublished":"2025-10-07T21:09:24+00:00","dateModified":"2026-04-22T09:40:05+00:00","description":"Ajoutez une couche suppl\u00e9mentaire de confort \u00e0 votre oreiller pour les yeux avec la housse Holistic Alchemy ! D\u00e9couvrez l'effet rafra\u00eechissant de la soie pure pour vos yeux.","breadcrumb":{"@id":"https:\/\/touchproeurope.eu\/product\/holistic-alchemy-therapeutisch-oogkussen-hoes\/#breadcrumb"},"inLanguage":"fr-FR","potentialAction":[{"@type":"ReadAction","target":["https:\/\/touchproeurope.eu\/product\/holistic-alchemy-therapeutisch-oogkussen-hoes\/"]}]},{"@type":"ImageObject","inLanguage":"fr-FR","@id":"https:\/\/touchproeurope.eu\/product\/holistic-alchemy-therapeutisch-oogkussen-hoes\/#primaryimage","url":"https:\/\/i0.wp.com\/touchproeurope.eu\/wp-content\/uploads\/2025\/10\/Pillow_Case_-_Group_3_colors.jpg?fit=800%2C800&ssl=1","contentUrl":"https:\/\/i0.wp.com\/touchproeurope.eu\/wp-content\/uploads\/2025\/10\/Pillow_Case_-_Group_3_colors.jpg?fit=800%2C800&ssl=1","width":800,"height":800,"caption":"Holistic Alchemy therapeutisch oogkussen hoes in alle kleuren van Earthlite"},{"@type":"BreadcrumbList","@id":"https:\/\/touchproeurope.eu\/product\/holistic-alchemy-therapeutisch-oogkussen-hoes\/#breadcrumb","itemListElement":[{"@type":"ListItem","position":1,"name":"Home","item":"https:\/\/touchproeurope.eu\/"},{"@type":"ListItem","position":2,"name":"Winkel","item":"https:\/\/touchproeurope.eu\/winkel\/"},{"@type":"ListItem","position":3,"name":"Holistic Alchemy therapeutisch oogkussen hoes"}]},{"@type":"WebSite","@id":"https:\/\/touchproeurope.eu\/#website","url":"https:\/\/touchproeurope.eu\/","name":"TouchPro Europe Shop","description":"Tout pour votre pratique avec une touche PROfessionnelle !","publisher":{"@id":"https:\/\/touchproeurope.eu\/#organization"},"alternateName":"TPE","potentialAction":[{"@type":"SearchAction","target":{"@type":"EntryPoint","urlTemplate":"https:\/\/touchproeurope.eu\/?s={search_term_string}"},"query-input":{"@type":"PropertyValueSpecification","valueRequired":true,"valueName":"search_term_string"}}],"inLanguage":"fr-FR"},{"@type":"Organization","@id":"https:\/\/touchproeurope.eu\/#organization","name":"TouchPro Europe BV","alternateName":"TPE","url":"https:\/\/touchproeurope.eu\/","logo":{"@type":"ImageObject","inLanguage":"fr-FR","@id":"https:\/\/touchproeurope.eu\/#\/schema\/logo\/image\/","url":"https:\/\/i0.wp.com\/touchproeurope.eu\/wp-content\/uploads\/2023\/10\/2b592c_b6944d80811246d987cc2c29accedf3f.png?fit=1417%2C531&ssl=1","contentUrl":"https:\/\/i0.wp.com\/touchproeurope.eu\/wp-content\/uploads\/2023\/10\/2b592c_b6944d80811246d987cc2c29accedf3f.png?fit=1417%2C531&ssl=1","width":1417,"height":531,"caption":"TouchPro Europe BV"},"image":{"@id":"https:\/\/touchproeurope.eu\/#\/schema\/logo\/image\/"},"sameAs":["https:\/\/www.facebook.com\/TouchproNederland\/?locale=nl_NL\/","https:\/\/www.instagram.com\/touchpro2016\/","https:\/\/www.linkedin.com\/company\/touchpro-europe-bv\/"],"description":"TouchPro Europe Shop est le magasin de massage de l'Europe. Nous vendons des produits de massage de qualit\u00e9 sup\u00e9rieure aux masseurs, p\u00e9dicures, physioth\u00e9rapeutes, manucures, centres de bien-\u00eatre, cours de formation, etc. TouchPro a commenc\u00e9 comme un petit magasin aux Pays-Bas, mais s'est maintenant d\u00e9velopp\u00e9 pour devenir un magasin avec des clients de toute l'Europe. Nous proposons une large gamme de produits de massage, notamment des tables de massage, des huiles, des cr\u00e8mes et des accessoires de grandes marques telles que Earthlite, Stronglite et InnerStrenght, Habys, Living Earth Crafts et Continuum, ainsi que d'autres fournisseurs d'accessoires de massage. Commandez ici les meilleurs produits de massage d'Europe !","email":"info@touchpro-europe.com","telephone":"0858768829","legalName":"TouchPro Europe BV","foundingDate":"2018-01-11","vatID":"NL855430151B01","numberOfEmployees":{"@type":"QuantitativeValue","minValue":"1","maxValue":"10"},"hasMerchantReturnPolicy":{"@type":"MerchantReturnPolicy","merchantReturnLink":"https:\/\/touchproeurope.eu\/fr\/retourbeleid\/"}}]},"product_brand":"Earthlite","og_availability":"instock","product_availability":"instock","product_retailer_item_id":"Holistic Alchemy therapeutisch oogkussen hoes","product_condition":"new"},"_links":{"self":[{"href":"https:\/\/touchproeurope.eu\/fr\/wp-json\/wp\/v2\/product\/14224","targetHints":{"allow":["GET"]}}],"collection":[{"href":"https:\/\/touchproeurope.eu\/fr\/wp-json\/wp\/v2\/product"}],"about":[{"href":"https:\/\/touchproeurope.eu\/fr\/wp-json\/wp\/v2\/types\/product"}],"replies":[{"embeddable":true,"href":"https:\/\/touchproeurope.eu\/fr\/wp-json\/wp\/v2\/comments?post=14224"}],"version-history":[{"count":1,"href":"https:\/\/touchproeurope.eu\/fr\/wp-json\/wp\/v2\/product\/14224\/revisions"}],"predecessor-version":[{"id":14233,"href":"https:\/\/touchproeurope.eu\/fr\/wp-json\/wp\/v2\/product\/14224\/revisions\/14233"}],"wp:featuredmedia":[{"embeddable":true,"href":"https:\/\/touchproeurope.eu\/fr\/wp-json\/wp\/v2\/media\/14228"}],"wp:attachment":[{"href":"https:\/\/touchproeurope.eu\/fr\/wp-json\/wp\/v2\/media?parent=14224"}],"wp:term":[{"taxonomy":"product_brand","embeddable":true,"href":"https:\/\/touchproeurope.eu\/fr\/wp-json\/wp\/v2\/product_brand?post=14224"},{"taxonomy":"product_cat","embeddable":true,"href":"https:\/\/touchproeurope.eu\/fr\/wp-json\/wp\/v2\/product_cat?post=14224"},{"taxonomy":"product_tag","embeddable":true,"href":"https:\/\/touchproeurope.eu\/fr\/wp-json\/wp\/v2\/product_tag?post=14224"}],"curies":[{"name":"wp","href":"https:\/\/api.w.org\/{rel}","templated":true}]}}