{"id":15227,"date":"2025-11-30T11:16:37","date_gmt":"2025-11-30T11:16:37","guid":{"rendered":"https:\/\/touchproeurope.eu\/?post_type=product&#038;p=15227"},"modified":"2026-04-22T09:41:05","modified_gmt":"2026-04-22T09:41:05","slug":"housses-de-traversin-en-flanelle-de-coton-de-luxe-dura-luxe","status":"publish","type":"product","link":"https:\/\/touchproeurope.eu\/fr\/product\/dura-luxe-luxury-cotton-flannel-bolster-covers\/","title":{"rendered":"Housses de traversin en flanelle de coton de luxe DURA-LUXE\u2122"},"content":{"rendered":"<p data-start=\"433\" data-end=\"892\">Les housses de traversin en flanelle de coton de luxe DURA-LUXE\u2122, couleur Naturel, sont con\u00e7ues pour les professionnels qui ne veulent utiliser que les meilleurs textiles dans leur cabinet de bien-\u00eatre ou de massage. Ces housses de traversin de luxe constituent une classe \u00e0 part gr\u00e2ce \u00e0 leur \u00e9paisseur et leur chaleur exceptionnelles. Mais aussi gr\u00e2ce \u00e0 leur durabilit\u00e9. Le coton flanelle 165 GSM de haute qualit\u00e9 de cette housse est doublement gratt\u00e9 (double napped) pour une texture extra douce et velout\u00e9e. Cela offre une chaleur et un confort imm\u00e9diats.<\/p>\n<p data-start=\"894\" data-end=\"1287\">Le tissu DURA-LUXE\u2122 Luxury Cotton Flannel Bolster Covers est pr\u00e9lav\u00e9, ce qui r\u00e9duit le risque de r\u00e9tr\u00e9cissement ou de d\u00e9coloration. D\u00e8s la premi\u00e8re utilisation, il est agr\u00e9ablement souple et confortable. L'ourlet enti\u00e8rement \u00e9lastique garantit que la housse reste parfaitement en place autour du traversin, sans glisser pendant le traitement. Cela les rend id\u00e9ales pour un usage commercial intensif dans les salons de massage, les spas, les centres de vill\u00e9giature et les centres de bien-\u00eatre.<\/p>\n<p data-start=\"1289\" data-end=\"1658\">Gr\u00e2ce \u00e0 leurs coutures doubles et \u00e0 leur finition \u00e9lastique r\u00e9sistante, ces housses supportent de nombreux lavages. Les housses de traversin en flanelle de coton de luxe DURA-LUXE\u2122 peuvent r\u00e9sister \u00e0 une utilisation intensive. Le tissu reste doux, chaud et en parfait \u00e9tat, m\u00eame apr\u00e8s de nombreux lavages. Gr\u00e2ce aux diff\u00e9rentes tailles disponibles, il existe une housse parfaitement adapt\u00e9e \u00e0 presque tous les types de traversins, des traversins cervicaux aux mod\u00e8les jumbo et demi-ronds.<\/p>\n<p data-start=\"1660\" data-end=\"1946\">La couleur naturelle \u201c Natural \u201d conf\u00e8re une apparence chaleureuse et apaisante. Ces housses de traversin s'int\u00e8grent facilement dans presque toutes les salles de soins. Ces housses de traversin haut de gamme am\u00e9liorent l'exp\u00e9rience de vos clients. Elles offrent \u00e9galement une durabilit\u00e9 professionnelle pour un usage quotidien.<\/p>","protected":false},"excerpt":{"rendered":"<p>Housse de traversin luxueuse DURA-LUXE\u2122 en flanelle \u00e9paisse, doublement gratt\u00e9e, 165 g\/m\u00b2. Extra douce, chaude et r\u00e9sistante, avec ourlet enti\u00e8rement \u00e9lastique et pr\u00e9lav\u00e9e pour r\u00e9duire le r\u00e9tr\u00e9cissement et la d\u00e9coloration. Disponible en plusieurs tailles.<\/p>","protected":false},"featured_media":15254,"comment_status":"open","ping_status":"closed","template":"","meta":[],"product_brand":[343],"product_cat":[100,109,480],"product_tag":[475,85,476,477,478],"class_list":{"0":"post-15227","1":"product","2":"type-product","3":"status-publish","4":"has-post-thumbnail","6":"product_brand-earthlite","7":"product_cat-bolsters","8":"product_cat-katoenen-covers-tafellinnen","9":"product_cat-tafellinnen-covers","10":"product_tag-dura-luxe-bolsterhoes","11":"product_tag-earthlite","12":"product_tag-flanellen-bolsterhoes","13":"product_tag-massage-accessoire","14":"product_tag-premium-wellness-textiel","15":"product_shipping_class-klein-pakket","16":"pa_kleur-natural","17":"pa_merk-earthlite","19":"first","20":"instock","21":"taxable","22":"shipping-taxable","23":"purchasable","24":"product-type-variable"},"yoast_head":"<!-- This site is optimized with the Yoast SEO Premium plugin v27.4 (Yoast SEO v27.4) - https:\/\/yoast.com\/product\/yoast-seo-premium-wordpress\/ -->\n<title>DURA-LUXE\u2122 Luxury Cotton Flannel Bolster Covers - TouchPro Europe Shop<\/title>\n<meta name=\"description\" content=\"Gun uw clienten het beste met de DURA-LUXE\u2122 Luxury Cotton Flannel Bolster Covers. De ideale oplossing voor warmte en luxe in uw praktijk.\" \/>\n<meta name=\"robots\" content=\"index, follow, max-snippet:-1, max-image-preview:large, max-video-preview:-1\" \/>\n<link rel=\"canonical\" href=\"https:\/\/touchproeurope.eu\/fr\/product\/housses-de-traversin-en-flanelle-de-coton-de-luxe-dura-luxe\/\" \/>\n<meta property=\"og:locale\" content=\"fr_FR\" \/>\n<meta property=\"og:type\" content=\"article\" \/>\n<meta property=\"og:title\" content=\"DURA-LUXE\u2122 Luxury Cotton Flannel Bolster Covers\" \/>\n<meta property=\"og:description\" content=\"Gun uw clienten het beste met de DURA-LUXE\u2122 Luxury Cotton Flannel Bolster Covers. De ideale oplossing voor warmte en luxe in uw praktijk.\" \/>\n<meta property=\"og:url\" content=\"https:\/\/touchproeurope.eu\/fr\/product\/housses-de-traversin-en-flanelle-de-coton-de-luxe-dura-luxe\/\" \/>\n<meta property=\"og:site_name\" content=\"TouchPro Europe Shop\" \/>\n<meta property=\"article:publisher\" content=\"https:\/\/www.facebook.com\/TouchproNederland\/?locale=nl_NL%2f\" \/>\n<meta property=\"article:modified_time\" content=\"2026-04-22T09:41:05+00:00\" \/>\n<meta property=\"og:image\" content=\"https:\/\/touchproeurope.eu\/wp-content\/uploads\/2025\/11\/Dura-Luxe_Flannel_Bolster_Covers_-_Group-800.png\" \/>\n\t<meta property=\"og:image:width\" content=\"800\" \/>\n\t<meta property=\"og:image:height\" content=\"800\" \/>\n\t<meta property=\"og:image:type\" content=\"image\/png\" \/>\n<meta name=\"twitter:card\" content=\"summary_large_image\" \/>\n<meta name=\"twitter:label1\" content=\"Disponibilit\u00e9\" \/>\n\t<meta name=\"twitter:data1\" content=\"En stock\" \/>\n<script type=\"application\/ld+json\" class=\"yoast-schema-graph\">{\"@context\":\"https:\\\/\\\/schema.org\",\"@graph\":[{\"@type\":\"WebPage\",\"@id\":\"https:\\\/\\\/touchproeurope.eu\\\/product\\\/dura-luxe-luxury-cotton-flannel-bolster-covers\\\/\",\"url\":\"https:\\\/\\\/touchproeurope.eu\\\/product\\\/dura-luxe-luxury-cotton-flannel-bolster-covers\\\/\",\"name\":\"DURA-LUXE\u2122 Luxury Cotton Flannel Bolster Covers - TouchPro Europe Shop\",\"isPartOf\":{\"@id\":\"https:\\\/\\\/touchproeurope.eu\\\/#website\"},\"primaryImageOfPage\":{\"@id\":\"https:\\\/\\\/touchproeurope.eu\\\/product\\\/dura-luxe-luxury-cotton-flannel-bolster-covers\\\/#primaryimage\"},\"image\":{\"@id\":\"https:\\\/\\\/touchproeurope.eu\\\/product\\\/dura-luxe-luxury-cotton-flannel-bolster-covers\\\/#primaryimage\"},\"thumbnailUrl\":\"https:\\\/\\\/i0.wp.com\\\/touchproeurope.eu\\\/wp-content\\\/uploads\\\/2025\\\/11\\\/Dura-Luxe_Flannel_Bolster_Covers_-_Group-800.png?fit=800%2C800&ssl=1\",\"datePublished\":\"2025-11-30T11:16:37+00:00\",\"dateModified\":\"2026-04-22T09:41:05+00:00\",\"description\":\"Gun uw clienten het beste met de DURA-LUXE\u2122 Luxury Cotton Flannel Bolster Covers. De ideale oplossing voor warmte en luxe in uw praktijk.\",\"breadcrumb\":{\"@id\":\"https:\\\/\\\/touchproeurope.eu\\\/product\\\/dura-luxe-luxury-cotton-flannel-bolster-covers\\\/#breadcrumb\"},\"inLanguage\":\"fr-FR\",\"potentialAction\":[{\"@type\":\"ReadAction\",\"target\":[\"https:\\\/\\\/touchproeurope.eu\\\/product\\\/dura-luxe-luxury-cotton-flannel-bolster-covers\\\/\"]}]},{\"@type\":\"ImageObject\",\"inLanguage\":\"fr-FR\",\"@id\":\"https:\\\/\\\/touchproeurope.eu\\\/product\\\/dura-luxe-luxury-cotton-flannel-bolster-covers\\\/#primaryimage\",\"url\":\"https:\\\/\\\/i0.wp.com\\\/touchproeurope.eu\\\/wp-content\\\/uploads\\\/2025\\\/11\\\/Dura-Luxe_Flannel_Bolster_Covers_-_Group-800.png?fit=800%2C800&ssl=1\",\"contentUrl\":\"https:\\\/\\\/i0.wp.com\\\/touchproeurope.eu\\\/wp-content\\\/uploads\\\/2025\\\/11\\\/Dura-Luxe_Flannel_Bolster_Covers_-_Group-800.png?fit=800%2C800&ssl=1\",\"width\":800,\"height\":800,\"caption\":\"Dura-Luxe_Flannel_Bolster_Covers_-_Group-800\"},{\"@type\":\"BreadcrumbList\",\"@id\":\"https:\\\/\\\/touchproeurope.eu\\\/product\\\/dura-luxe-luxury-cotton-flannel-bolster-covers\\\/#breadcrumb\",\"itemListElement\":[{\"@type\":\"ListItem\",\"position\":1,\"name\":\"Home\",\"item\":\"https:\\\/\\\/touchproeurope.eu\\\/\"},{\"@type\":\"ListItem\",\"position\":2,\"name\":\"Winkel\",\"item\":\"https:\\\/\\\/touchproeurope.eu\\\/winkel\\\/\"},{\"@type\":\"ListItem\",\"position\":3,\"name\":\"DURA-LUXE\u2122 Luxury Cotton Flannel Bolster Covers\"}]},{\"@type\":\"WebSite\",\"@id\":\"https:\\\/\\\/touchproeurope.eu\\\/#website\",\"url\":\"https:\\\/\\\/touchproeurope.eu\\\/\",\"name\":\"TouchPro Europe Shop\",\"description\":\"Alles voor jouw praktijk met een PROfessionele Touch!\",\"publisher\":{\"@id\":\"https:\\\/\\\/touchproeurope.eu\\\/#organization\"},\"alternateName\":\"TPE\",\"potentialAction\":[{\"@type\":\"SearchAction\",\"target\":{\"@type\":\"EntryPoint\",\"urlTemplate\":\"https:\\\/\\\/touchproeurope.eu\\\/?s={search_term_string}\"},\"query-input\":{\"@type\":\"PropertyValueSpecification\",\"valueRequired\":true,\"valueName\":\"search_term_string\"}}],\"inLanguage\":\"fr-FR\"},{\"@type\":\"Organization\",\"@id\":\"https:\\\/\\\/touchproeurope.eu\\\/#organization\",\"name\":\"TouchPro Europe BV\",\"alternateName\":\"TPE\",\"url\":\"https:\\\/\\\/touchproeurope.eu\\\/\",\"logo\":{\"@type\":\"ImageObject\",\"inLanguage\":\"fr-FR\",\"@id\":\"https:\\\/\\\/touchproeurope.eu\\\/#\\\/schema\\\/logo\\\/image\\\/\",\"url\":\"https:\\\/\\\/i0.wp.com\\\/touchproeurope.eu\\\/wp-content\\\/uploads\\\/2023\\\/10\\\/2b592c_b6944d80811246d987cc2c29accedf3f.png?fit=1417%2C531&ssl=1\",\"contentUrl\":\"https:\\\/\\\/i0.wp.com\\\/touchproeurope.eu\\\/wp-content\\\/uploads\\\/2023\\\/10\\\/2b592c_b6944d80811246d987cc2c29accedf3f.png?fit=1417%2C531&ssl=1\",\"width\":1417,\"height\":531,\"caption\":\"TouchPro Europe BV\"},\"image\":{\"@id\":\"https:\\\/\\\/touchproeurope.eu\\\/#\\\/schema\\\/logo\\\/image\\\/\"},\"sameAs\":[\"https:\\\/\\\/www.facebook.com\\\/TouchproNederland\\\/?locale=nl_NL\\\/\",\"https:\\\/\\\/www.instagram.com\\\/touchpro2016\\\/\",\"https:\\\/\\\/www.linkedin.com\\\/company\\\/touchpro-europe-bv\\\/\"],\"description\":\"TouchPro Europe Shop is de massage winkel van Europa. Wij verkopen topkwaliteit massageproducten aan masseurs, pedicures, fysiotherapeuten, manicuren, Wellness centra, opleidingen, etc. TouchPro begon als een kleine webshop in Nederland, maar is nu uitgegroeid tot een webshop met klanten uit heel Europa. Wij bieden een breed assortiment aan massageproducten, waaronder massagetafels, oli\u00ebn, cr\u00e8mes, en accessoires van topmerken, zoals Earthlite, Stronglite en InnerStrenght, Habys, Living Earth Crafts en Continuum en andere leveranciers van massage accessoires. Bestel hier de beste massagematerialen van Europa!\",\"email\":\"info@touchpro-europe.com\",\"telephone\":\"0858768829\",\"legalName\":\"TouchPro Europe BV\",\"foundingDate\":\"2018-01-11\",\"vatID\":\"NL855430151B01\",\"numberOfEmployees\":{\"@type\":\"QuantitativeValue\",\"minValue\":\"1\",\"maxValue\":\"10\"},\"hasMerchantReturnPolicy\":{\"@type\":\"MerchantReturnPolicy\",\"merchantReturnLink\":\"https:\\\/\\\/touchproeurope.eu\\\/fr\\\/retourbeleid\\\/\"}}]}<\/script>\n<meta property=\"product:brand\" content=\"Earthlite\" \/>\n<meta property=\"og:availability\" content=\"instock\" \/>\n<meta property=\"product:availability\" content=\"instock\" \/>\n<meta property=\"product:retailer_item_id\" content=\"DURA-LUXE\u2122 Luxury Cotton Flannel Bolster Covers\" \/>\n<meta property=\"product:condition\" content=\"new\" \/>\n<!-- \/ Yoast SEO Premium plugin. -->","yoast_head_json":{"title":"Housses de traversin en flanelle de coton de luxe DURA-LUXE\u2122 - Boutique TouchPro Europe","description":"Offrez le meilleur \u00e0 vos clients avec les housses de traversin en flanelle de coton de luxe DURA-LUXE\u2122. La solution id\u00e9ale pour apporter chaleur et luxe \u00e0 votre cabinet.","robots":{"index":"index","follow":"follow","max-snippet":"max-snippet:-1","max-image-preview":"max-image-preview:large","max-video-preview":"max-video-preview:-1"},"canonical":"https:\/\/touchproeurope.eu\/fr\/product\/housses-de-traversin-en-flanelle-de-coton-de-luxe-dura-luxe\/","og_locale":"fr_FR","og_type":"article","og_title":"DURA-LUXE\u2122 Luxury Cotton Flannel Bolster Covers","og_description":"Gun uw clienten het beste met de DURA-LUXE\u2122 Luxury Cotton Flannel Bolster Covers. De ideale oplossing voor warmte en luxe in uw praktijk.","og_url":"https:\/\/touchproeurope.eu\/fr\/product\/housses-de-traversin-en-flanelle-de-coton-de-luxe-dura-luxe\/","og_site_name":"TouchPro Europe Shop","article_publisher":"https:\/\/www.facebook.com\/TouchproNederland\/?locale=nl_NL%2f","article_modified_time":"2026-04-22T09:41:05+00:00","og_image":[{"width":800,"height":800,"url":"https:\/\/touchproeurope.eu\/wp-content\/uploads\/2025\/11\/Dura-Luxe_Flannel_Bolster_Covers_-_Group-800.png","type":"image\/png"}],"twitter_card":"summary_large_image","twitter_misc":{"Disponibilit\u00e9":"En stock"},"schema":{"@context":"https:\/\/schema.org","@graph":[{"@type":"WebPage","@id":"https:\/\/touchproeurope.eu\/product\/dura-luxe-luxury-cotton-flannel-bolster-covers\/","url":"https:\/\/touchproeurope.eu\/product\/dura-luxe-luxury-cotton-flannel-bolster-covers\/","name":"Housses de traversin en flanelle de coton de luxe DURA-LUXE\u2122 - Boutique TouchPro Europe","isPartOf":{"@id":"https:\/\/touchproeurope.eu\/#website"},"primaryImageOfPage":{"@id":"https:\/\/touchproeurope.eu\/product\/dura-luxe-luxury-cotton-flannel-bolster-covers\/#primaryimage"},"image":{"@id":"https:\/\/touchproeurope.eu\/product\/dura-luxe-luxury-cotton-flannel-bolster-covers\/#primaryimage"},"thumbnailUrl":"https:\/\/i0.wp.com\/touchproeurope.eu\/wp-content\/uploads\/2025\/11\/Dura-Luxe_Flannel_Bolster_Covers_-_Group-800.png?fit=800%2C800&ssl=1","datePublished":"2025-11-30T11:16:37+00:00","dateModified":"2026-04-22T09:41:05+00:00","description":"Offrez le meilleur \u00e0 vos clients avec les housses de traversin en flanelle de coton de luxe DURA-LUXE\u2122. La solution id\u00e9ale pour apporter chaleur et luxe \u00e0 votre cabinet.","breadcrumb":{"@id":"https:\/\/touchproeurope.eu\/product\/dura-luxe-luxury-cotton-flannel-bolster-covers\/#breadcrumb"},"inLanguage":"fr-FR","potentialAction":[{"@type":"ReadAction","target":["https:\/\/touchproeurope.eu\/product\/dura-luxe-luxury-cotton-flannel-bolster-covers\/"]}]},{"@type":"ImageObject","inLanguage":"fr-FR","@id":"https:\/\/touchproeurope.eu\/product\/dura-luxe-luxury-cotton-flannel-bolster-covers\/#primaryimage","url":"https:\/\/i0.wp.com\/touchproeurope.eu\/wp-content\/uploads\/2025\/11\/Dura-Luxe_Flannel_Bolster_Covers_-_Group-800.png?fit=800%2C800&ssl=1","contentUrl":"https:\/\/i0.wp.com\/touchproeurope.eu\/wp-content\/uploads\/2025\/11\/Dura-Luxe_Flannel_Bolster_Covers_-_Group-800.png?fit=800%2C800&ssl=1","width":800,"height":800,"caption":"Dura-Luxe_Flannel_Bolster_Covers_-_Group-800"},{"@type":"BreadcrumbList","@id":"https:\/\/touchproeurope.eu\/product\/dura-luxe-luxury-cotton-flannel-bolster-covers\/#breadcrumb","itemListElement":[{"@type":"ListItem","position":1,"name":"Home","item":"https:\/\/touchproeurope.eu\/"},{"@type":"ListItem","position":2,"name":"Winkel","item":"https:\/\/touchproeurope.eu\/winkel\/"},{"@type":"ListItem","position":3,"name":"DURA-LUXE\u2122 Luxury Cotton Flannel Bolster Covers"}]},{"@type":"WebSite","@id":"https:\/\/touchproeurope.eu\/#website","url":"https:\/\/touchproeurope.eu\/","name":"TouchPro Europe Shop","description":"Tout pour votre pratique avec une touche PROfessionnelle !","publisher":{"@id":"https:\/\/touchproeurope.eu\/#organization"},"alternateName":"TPE","potentialAction":[{"@type":"SearchAction","target":{"@type":"EntryPoint","urlTemplate":"https:\/\/touchproeurope.eu\/?s={search_term_string}"},"query-input":{"@type":"PropertyValueSpecification","valueRequired":true,"valueName":"search_term_string"}}],"inLanguage":"fr-FR"},{"@type":"Organization","@id":"https:\/\/touchproeurope.eu\/#organization","name":"TouchPro Europe BV","alternateName":"TPE","url":"https:\/\/touchproeurope.eu\/","logo":{"@type":"ImageObject","inLanguage":"fr-FR","@id":"https:\/\/touchproeurope.eu\/#\/schema\/logo\/image\/","url":"https:\/\/i0.wp.com\/touchproeurope.eu\/wp-content\/uploads\/2023\/10\/2b592c_b6944d80811246d987cc2c29accedf3f.png?fit=1417%2C531&ssl=1","contentUrl":"https:\/\/i0.wp.com\/touchproeurope.eu\/wp-content\/uploads\/2023\/10\/2b592c_b6944d80811246d987cc2c29accedf3f.png?fit=1417%2C531&ssl=1","width":1417,"height":531,"caption":"TouchPro Europe BV"},"image":{"@id":"https:\/\/touchproeurope.eu\/#\/schema\/logo\/image\/"},"sameAs":["https:\/\/www.facebook.com\/TouchproNederland\/?locale=nl_NL\/","https:\/\/www.instagram.com\/touchpro2016\/","https:\/\/www.linkedin.com\/company\/touchpro-europe-bv\/"],"description":"TouchPro Europe Shop est le magasin de massage de l'Europe. Nous vendons des produits de massage de qualit\u00e9 sup\u00e9rieure aux masseurs, p\u00e9dicures, physioth\u00e9rapeutes, manucures, centres de bien-\u00eatre, cours de formation, etc. TouchPro a commenc\u00e9 comme un petit magasin aux Pays-Bas, mais s'est maintenant d\u00e9velopp\u00e9 pour devenir un magasin avec des clients de toute l'Europe. Nous proposons une large gamme de produits de massage, notamment des tables de massage, des huiles, des cr\u00e8mes et des accessoires de grandes marques telles que Earthlite, Stronglite et InnerStrenght, Habys, Living Earth Crafts et Continuum, ainsi que d'autres fournisseurs d'accessoires de massage. Commandez ici les meilleurs produits de massage d'Europe !","email":"info@touchpro-europe.com","telephone":"0858768829","legalName":"TouchPro Europe BV","foundingDate":"2018-01-11","vatID":"NL855430151B01","numberOfEmployees":{"@type":"QuantitativeValue","minValue":"1","maxValue":"10"},"hasMerchantReturnPolicy":{"@type":"MerchantReturnPolicy","merchantReturnLink":"https:\/\/touchproeurope.eu\/fr\/retourbeleid\/"}}]},"product_brand":"Earthlite","og_availability":"instock","product_availability":"instock","product_retailer_item_id":"DURA-LUXE\u2122 Luxury Cotton Flannel Bolster Covers","product_condition":"new"},"_links":{"self":[{"href":"https:\/\/touchproeurope.eu\/fr\/wp-json\/wp\/v2\/product\/15227","targetHints":{"allow":["GET"]}}],"collection":[{"href":"https:\/\/touchproeurope.eu\/fr\/wp-json\/wp\/v2\/product"}],"about":[{"href":"https:\/\/touchproeurope.eu\/fr\/wp-json\/wp\/v2\/types\/product"}],"replies":[{"embeddable":true,"href":"https:\/\/touchproeurope.eu\/fr\/wp-json\/wp\/v2\/comments?post=15227"}],"version-history":[{"count":2,"href":"https:\/\/touchproeurope.eu\/fr\/wp-json\/wp\/v2\/product\/15227\/revisions"}],"predecessor-version":[{"id":15262,"href":"https:\/\/touchproeurope.eu\/fr\/wp-json\/wp\/v2\/product\/15227\/revisions\/15262"}],"wp:featuredmedia":[{"embeddable":true,"href":"https:\/\/touchproeurope.eu\/fr\/wp-json\/wp\/v2\/media\/15254"}],"wp:attachment":[{"href":"https:\/\/touchproeurope.eu\/fr\/wp-json\/wp\/v2\/media?parent=15227"}],"wp:term":[{"taxonomy":"product_brand","embeddable":true,"href":"https:\/\/touchproeurope.eu\/fr\/wp-json\/wp\/v2\/product_brand?post=15227"},{"taxonomy":"product_cat","embeddable":true,"href":"https:\/\/touchproeurope.eu\/fr\/wp-json\/wp\/v2\/product_cat?post=15227"},{"taxonomy":"product_tag","embeddable":true,"href":"https:\/\/touchproeurope.eu\/fr\/wp-json\/wp\/v2\/product_tag?post=15227"}],"curies":[{"name":"wp","href":"https:\/\/api.w.org\/{rel}","templated":true}]}}