{"id":15372,"date":"2025-12-10T14:03:19","date_gmt":"2025-12-10T14:03:19","guid":{"rendered":"https:\/\/touchproeurope.eu\/?post_type=product&#038;p=15372"},"modified":"2026-03-04T17:04:37","modified_gmt":"2026-03-04T17:04:37","slug":"table-de-massage-mobile","status":"publish","type":"product","link":"https:\/\/touchproeurope.eu\/fr\/product\/mobiele-massagetafel\/","title":{"rendered":"Table de massage mobile, pliable, AYURVEDA"},"content":{"rendered":"<p data-start=\"413\" data-end=\"833\">La table de massage mobile et pliable AYURVEDA a \u00e9t\u00e9 sp\u00e9cialement con\u00e7ue pour les traitements n\u00e9cessitant de grandes quantit\u00e9s d'huile de massage, tels que les massages ayurv\u00e9diques traditionnels. Gr\u00e2ce \u00e0 son rev\u00eatement en PU enti\u00e8rement r\u00e9sistant \u00e0 l'huile et \u00e0 ses bords sur\u00e9lev\u00e9s en PU, l'huile est efficacement recueillie. Elle reste ainsi dans la zone de couchage, ce qui permet de garder votre salle de traitement propre et s\u00fbre pendant toute la dur\u00e9e de la s\u00e9ance.<\/p>\n<p data-start=\"835\" data-end=\"1270\">La table est \u00e9quip\u00e9e du m\u00e9canisme brevet\u00e9 CableLock\u2122. Cela vous permet de monter ou de plier la table en quelques secondes. Ce mod\u00e8le est donc id\u00e9al pour les th\u00e9rapeutes mobiles, les cabinets disposant d'un espace limit\u00e9 et les praticiens qui ont besoin de flexibilit\u00e9. Malgr\u00e9 sa mobilit\u00e9, cette table de massage offre une stabilit\u00e9 impressionnante avec une charge dynamique de 200 kg et une charge statique allant jusqu'\u00e0 800 kg.<\/p>\n<p data-start=\"1272\" data-end=\"1645\">La table est livr\u00e9e sous forme de kit complet. Elle comprend un repose-t\u00eate ayurv\u00e9dique, un repose-t\u00eate en forme de U et un drap en PU avec coins cousus (ajustement parfait). Un sac de transport est \u00e9galement fourni (le mod\u00e8le peut diff\u00e9rer de la photo). La couche de mousse PU souple de 5 cm offre un confort de couchage optimal, tandis que la construction robuste garantit une utilisation professionnelle durable.<\/p>\n<p data-start=\"1647\" data-end=\"1961\">Le rev\u00eatement en PU se nettoie facilement \u00e0 l'eau et avec un d\u00e9tergent doux. Pour la d\u00e9sinfection, utilisez un produit sans alcool tel que <em data-start=\"1775\" data-end=\"1785\">Novadest<\/em> recommand\u00e9. Les produits nettoyants agressifs ou contenant de l'alcool doivent \u00eatre \u00e9vit\u00e9s car ils peuvent endommager le PU. Les dommages caus\u00e9s par un entretien incorrect ne sont pas couverts par la garantie.<\/p>\n<p data-start=\"1963\" data-end=\"2247\">Gr\u00e2ce \u00e0 son faible poids d'environ 17,5 kg et \u00e0 sa conception compacte et pliable, cette table de massage est id\u00e9ale pour les th\u00e9rapeutes ayurv\u00e9diques, les salons de massage et les professionnels du bien-\u00eatre mobiles. Ils souhaitent allier la facilit\u00e9 de transport \u00e0 une fonctionnalit\u00e9 et une fiabilit\u00e9 maximales.<\/p>","protected":false},"excerpt":{"rendered":"<p>Sp\u00e9cialement con\u00e7u pour les traitements \u00e0 base d'huile tels que l'Ayurveda. Rev\u00eatement PU r\u00e9sistant \u00e0 l'huile avec bords sur\u00e9lev\u00e9s, conception pliable avec m\u00e9canisme CableLock\u2122 et livr\u00e9 complet avec pi\u00e8ces faciales, drap PU et sac de transport. L\u00e9ger, stable et facile \u00e0 nettoyer.<\/p>\n<p><a href=\"https:\/\/touchproeurope.eu\/wp-content\/uploads\/2025\/12\/welltouch-massage-tables-instructions.pdf\">Manuel<\/a><\/p>\n<p><strong>Attention : le d\u00e9lai de livraison des articles Bodynova est de 4 \u00e0 5 jours minimum.<\/strong><\/p>","protected":false},"featured_media":15377,"comment_status":"open","ping_status":"closed","template":"","meta":[],"product_brand":[347],"product_cat":[94,93],"product_tag":[487,488,489],"class_list":{"0":"post-15372","1":"product","2":"type-product","3":"status-publish","4":"has-post-thumbnail","6":"product_brand-welltouch","7":"product_cat-draagbare-massagetafels","8":"product_cat-massagetafels","9":"product_tag-ayurveda-massagetafel","10":"product_tag-opvouwbare-massagetafel","11":"product_tag-pu","12":"product_shipping_class-groot-pakket","13":"pa_kleur-beige","14":"pa_merk-welltouch","16":"first","17":"instock","18":"taxable","19":"shipping-taxable","20":"purchasable","21":"product-type-simple"},"yoast_head":"<!-- This site is optimized with the Yoast SEO Premium plugin v27.3 (Yoast SEO v27.3) - https:\/\/yoast.com\/product\/yoast-seo-premium-wordpress\/ -->\n<title>Mobiele massagetafel, opvouwbaar, AYURVEDA - Oliebestendig - TouchPro Europe Shop<\/title>\n<meta name=\"description\" content=\"Professionele opvouwbare Ayurvedische massagetafel met olie-bestendige PU-bekleding en verhoogde randen. Licht, stabiel en compleet geleverd. Perfect voor oliemassages.\" \/>\n<meta name=\"robots\" content=\"index, follow, max-snippet:-1, max-image-preview:large, max-video-preview:-1\" \/>\n<link rel=\"canonical\" href=\"https:\/\/touchproeurope.eu\/fr\/product\/table-de-massage-mobile\/\" \/>\n<meta property=\"og:locale\" content=\"fr_FR\" \/>\n<meta property=\"og:type\" content=\"article\" \/>\n<meta property=\"og:title\" content=\"Mobiele massagetafel, opvouwbaar, AYURVEDA\" \/>\n<meta property=\"og:description\" content=\"Professionele opvouwbare Ayurvedische massagetafel met olie-bestendige PU-bekleding en verhoogde randen. Licht, stabiel en compleet geleverd. Perfect voor oliemassages.\" \/>\n<meta property=\"og:url\" content=\"https:\/\/touchproeurope.eu\/fr\/product\/table-de-massage-mobile\/\" \/>\n<meta property=\"og:site_name\" content=\"TouchPro Europe Shop\" \/>\n<meta property=\"article:publisher\" content=\"https:\/\/www.facebook.com\/TouchproNederland\/?locale=nl_NL%2f\" \/>\n<meta property=\"article:modified_time\" content=\"2026-03-04T17:04:37+00:00\" \/>\n<meta property=\"og:image\" content=\"https:\/\/touchproeurope.eu\/wp-content\/uploads\/2025\/12\/a80c_massageliege_paxisbedarf_welltouch_creme_aufgebaut_rund1-e1765377844771.jpg\" \/>\n\t<meta property=\"og:image:width\" content=\"800\" \/>\n\t<meta property=\"og:image:height\" content=\"800\" \/>\n\t<meta property=\"og:image:type\" content=\"image\/jpeg\" \/>\n<meta name=\"twitter:card\" content=\"summary_large_image\" \/>\n<meta name=\"twitter:label1\" content=\"Prix\" \/>\n\t<meta name=\"twitter:data1\" content=\"&euro;&nbsp;392,00 incl. BTW\" \/>\n\t<meta name=\"twitter:label2\" content=\"Disponibilit\u00e9\" \/>\n\t<meta name=\"twitter:data2\" content=\"En stock\" \/>\n<script type=\"application\/ld+json\" class=\"yoast-schema-graph\">{\"@context\":\"https:\\\/\\\/schema.org\",\"@graph\":[{\"@type\":\"WebPage\",\"@id\":\"https:\\\/\\\/touchproeurope.eu\\\/product\\\/mobiele-massagetafel\\\/\",\"url\":\"https:\\\/\\\/touchproeurope.eu\\\/product\\\/mobiele-massagetafel\\\/\",\"name\":\"Mobiele massagetafel, opvouwbaar, AYURVEDA - Oliebestendig - TouchPro Europe Shop\",\"isPartOf\":{\"@id\":\"https:\\\/\\\/touchproeurope.eu\\\/#website\"},\"primaryImageOfPage\":{\"@id\":\"https:\\\/\\\/touchproeurope.eu\\\/product\\\/mobiele-massagetafel\\\/#primaryimage\"},\"image\":{\"@id\":\"https:\\\/\\\/touchproeurope.eu\\\/product\\\/mobiele-massagetafel\\\/#primaryimage\"},\"thumbnailUrl\":\"https:\\\/\\\/i0.wp.com\\\/touchproeurope.eu\\\/wp-content\\\/uploads\\\/2025\\\/12\\\/a80c_massageliege_paxisbedarf_welltouch_creme_aufgebaut_rund1-e1765377844771.jpg?fit=800%2C800&ssl=1\",\"datePublished\":\"2025-12-10T14:03:19+00:00\",\"dateModified\":\"2026-03-04T17:04:37+00:00\",\"description\":\"Professionele opvouwbare Ayurvedische massagetafel met olie-bestendige PU-bekleding en verhoogde randen. Licht, stabiel en compleet geleverd. Perfect voor oliemassages.\",\"breadcrumb\":{\"@id\":\"https:\\\/\\\/touchproeurope.eu\\\/product\\\/mobiele-massagetafel\\\/#breadcrumb\"},\"inLanguage\":\"fr-FR\",\"potentialAction\":[{\"@type\":\"ReadAction\",\"target\":[\"https:\\\/\\\/touchproeurope.eu\\\/product\\\/mobiele-massagetafel\\\/\"]}]},{\"@type\":\"ImageObject\",\"inLanguage\":\"fr-FR\",\"@id\":\"https:\\\/\\\/touchproeurope.eu\\\/product\\\/mobiele-massagetafel\\\/#primaryimage\",\"url\":\"https:\\\/\\\/i0.wp.com\\\/touchproeurope.eu\\\/wp-content\\\/uploads\\\/2025\\\/12\\\/a80c_massageliege_paxisbedarf_welltouch_creme_aufgebaut_rund1-e1765377844771.jpg?fit=800%2C800&ssl=1\",\"contentUrl\":\"https:\\\/\\\/i0.wp.com\\\/touchproeurope.eu\\\/wp-content\\\/uploads\\\/2025\\\/12\\\/a80c_massageliege_paxisbedarf_welltouch_creme_aufgebaut_rund1-e1765377844771.jpg?fit=800%2C800&ssl=1\",\"width\":800,\"height\":800,\"caption\":\"Mobiele massagetafel, opvouwbaar, AYURVEDA\"},{\"@type\":\"BreadcrumbList\",\"@id\":\"https:\\\/\\\/touchproeurope.eu\\\/product\\\/mobiele-massagetafel\\\/#breadcrumb\",\"itemListElement\":[{\"@type\":\"ListItem\",\"position\":1,\"name\":\"Home\",\"item\":\"https:\\\/\\\/touchproeurope.eu\\\/\"},{\"@type\":\"ListItem\",\"position\":2,\"name\":\"Winkel\",\"item\":\"https:\\\/\\\/touchproeurope.eu\\\/winkel\\\/\"},{\"@type\":\"ListItem\",\"position\":3,\"name\":\"Mobiele massagetafel, opvouwbaar, AYURVEDA\"}]},{\"@type\":\"WebSite\",\"@id\":\"https:\\\/\\\/touchproeurope.eu\\\/#website\",\"url\":\"https:\\\/\\\/touchproeurope.eu\\\/\",\"name\":\"TouchPro Europe Shop\",\"description\":\"Alles voor jouw praktijk met een PROfessionele Touch!\",\"publisher\":{\"@id\":\"https:\\\/\\\/touchproeurope.eu\\\/#organization\"},\"alternateName\":\"TPE\",\"potentialAction\":[{\"@type\":\"SearchAction\",\"target\":{\"@type\":\"EntryPoint\",\"urlTemplate\":\"https:\\\/\\\/touchproeurope.eu\\\/?s={search_term_string}\"},\"query-input\":{\"@type\":\"PropertyValueSpecification\",\"valueRequired\":true,\"valueName\":\"search_term_string\"}}],\"inLanguage\":\"fr-FR\"},{\"@type\":\"Organization\",\"@id\":\"https:\\\/\\\/touchproeurope.eu\\\/#organization\",\"name\":\"TouchPro Europe BV\",\"alternateName\":\"TPE\",\"url\":\"https:\\\/\\\/touchproeurope.eu\\\/\",\"logo\":{\"@type\":\"ImageObject\",\"inLanguage\":\"fr-FR\",\"@id\":\"https:\\\/\\\/touchproeurope.eu\\\/#\\\/schema\\\/logo\\\/image\\\/\",\"url\":\"https:\\\/\\\/i0.wp.com\\\/touchproeurope.eu\\\/wp-content\\\/uploads\\\/2023\\\/10\\\/2b592c_b6944d80811246d987cc2c29accedf3f.png?fit=1417%2C531&ssl=1\",\"contentUrl\":\"https:\\\/\\\/i0.wp.com\\\/touchproeurope.eu\\\/wp-content\\\/uploads\\\/2023\\\/10\\\/2b592c_b6944d80811246d987cc2c29accedf3f.png?fit=1417%2C531&ssl=1\",\"width\":1417,\"height\":531,\"caption\":\"TouchPro Europe BV\"},\"image\":{\"@id\":\"https:\\\/\\\/touchproeurope.eu\\\/#\\\/schema\\\/logo\\\/image\\\/\"},\"sameAs\":[\"https:\\\/\\\/www.facebook.com\\\/TouchproNederland\\\/?locale=nl_NL\\\/\",\"https:\\\/\\\/www.instagram.com\\\/touchpro2016\\\/\",\"https:\\\/\\\/www.linkedin.com\\\/company\\\/touchpro-europe-bv\\\/\"],\"description\":\"TouchPro Europe Shop is de massage winkel van Europa. Wij verkopen topkwaliteit massageproducten aan masseurs, pedicures, fysiotherapeuten, manicuren, Wellness centra, opleidingen, etc. TouchPro begon als een kleine webshop in Nederland, maar is nu uitgegroeid tot een webshop met klanten uit heel Europa. Wij bieden een breed assortiment aan massageproducten, waaronder massagetafels, oli\u00ebn, cr\u00e8mes, en accessoires van topmerken, zoals Earthlite, Stronglite en InnerStrenght, Habys, Living Earth Crafts en Continuum en andere leveranciers van massage accessoires. Bestel hier de beste massagematerialen van Europa!\",\"email\":\"info@touchpro-europe.com\",\"telephone\":\"0858768829\",\"legalName\":\"TouchPro Europe BV\",\"foundingDate\":\"2018-01-11\",\"vatID\":\"NL855430151B01\",\"numberOfEmployees\":{\"@type\":\"QuantitativeValue\",\"minValue\":\"1\",\"maxValue\":\"10\"},\"hasMerchantReturnPolicy\":{\"@type\":\"MerchantReturnPolicy\",\"merchantReturnLink\":\"https:\\\/\\\/touchproeurope.eu\\\/fr\\\/retourbeleid\\\/\"}}]}<\/script>\n<meta property=\"product:brand\" content=\"Welltouch\" \/>\n<meta property=\"product:price:amount\" content=\"392.00\" \/>\n<meta property=\"product:price:currency\" content=\"EUR\" \/>\n<meta property=\"og:availability\" content=\"instock\" \/>\n<meta property=\"product:availability\" content=\"instock\" \/>\n<meta property=\"product:retailer_item_id\" content=\"a80c\" \/>\n<meta property=\"product:condition\" content=\"new\" \/>\n<!-- \/ Yoast SEO Premium plugin. -->","yoast_head_json":{"title":"Table de massage mobile, pliable, AYURVEDA - R\u00e9sistante \u00e0 l'huile - TouchPro Europe Shop","description":"Table de massage ayurv\u00e9dique professionnelle pliable avec rev\u00eatement PU r\u00e9sistant \u00e0 l'huile et bords sur\u00e9lev\u00e9s. L\u00e9g\u00e8re, stable et livr\u00e9e compl\u00e8te. Parfaite pour les massages \u00e0 l'huile.","robots":{"index":"index","follow":"follow","max-snippet":"max-snippet:-1","max-image-preview":"max-image-preview:large","max-video-preview":"max-video-preview:-1"},"canonical":"https:\/\/touchproeurope.eu\/fr\/product\/table-de-massage-mobile\/","og_locale":"fr_FR","og_type":"article","og_title":"Mobiele massagetafel, opvouwbaar, AYURVEDA","og_description":"Professionele opvouwbare Ayurvedische massagetafel met olie-bestendige PU-bekleding en verhoogde randen. Licht, stabiel en compleet geleverd. Perfect voor oliemassages.","og_url":"https:\/\/touchproeurope.eu\/fr\/product\/table-de-massage-mobile\/","og_site_name":"TouchPro Europe Shop","article_publisher":"https:\/\/www.facebook.com\/TouchproNederland\/?locale=nl_NL%2f","article_modified_time":"2026-03-04T17:04:37+00:00","og_image":[{"width":800,"height":800,"url":"https:\/\/touchproeurope.eu\/wp-content\/uploads\/2025\/12\/a80c_massageliege_paxisbedarf_welltouch_creme_aufgebaut_rund1-e1765377844771.jpg","type":"image\/jpeg"}],"twitter_card":"summary_large_image","twitter_misc":{"Prix":"&euro;&nbsp;392,00 incl. BTW","Disponibilit\u00e9":"En stock"},"schema":{"@context":"https:\/\/schema.org","@graph":[{"@type":"WebPage","@id":"https:\/\/touchproeurope.eu\/product\/mobiele-massagetafel\/","url":"https:\/\/touchproeurope.eu\/product\/mobiele-massagetafel\/","name":"Table de massage mobile, pliable, AYURVEDA - R\u00e9sistante \u00e0 l'huile - TouchPro Europe Shop","isPartOf":{"@id":"https:\/\/touchproeurope.eu\/#website"},"primaryImageOfPage":{"@id":"https:\/\/touchproeurope.eu\/product\/mobiele-massagetafel\/#primaryimage"},"image":{"@id":"https:\/\/touchproeurope.eu\/product\/mobiele-massagetafel\/#primaryimage"},"thumbnailUrl":"https:\/\/i0.wp.com\/touchproeurope.eu\/wp-content\/uploads\/2025\/12\/a80c_massageliege_paxisbedarf_welltouch_creme_aufgebaut_rund1-e1765377844771.jpg?fit=800%2C800&ssl=1","datePublished":"2025-12-10T14:03:19+00:00","dateModified":"2026-03-04T17:04:37+00:00","description":"Table de massage ayurv\u00e9dique professionnelle pliable avec rev\u00eatement PU r\u00e9sistant \u00e0 l'huile et bords sur\u00e9lev\u00e9s. L\u00e9g\u00e8re, stable et livr\u00e9e compl\u00e8te. Parfaite pour les massages \u00e0 l'huile.","breadcrumb":{"@id":"https:\/\/touchproeurope.eu\/product\/mobiele-massagetafel\/#breadcrumb"},"inLanguage":"fr-FR","potentialAction":[{"@type":"ReadAction","target":["https:\/\/touchproeurope.eu\/product\/mobiele-massagetafel\/"]}]},{"@type":"ImageObject","inLanguage":"fr-FR","@id":"https:\/\/touchproeurope.eu\/product\/mobiele-massagetafel\/#primaryimage","url":"https:\/\/i0.wp.com\/touchproeurope.eu\/wp-content\/uploads\/2025\/12\/a80c_massageliege_paxisbedarf_welltouch_creme_aufgebaut_rund1-e1765377844771.jpg?fit=800%2C800&ssl=1","contentUrl":"https:\/\/i0.wp.com\/touchproeurope.eu\/wp-content\/uploads\/2025\/12\/a80c_massageliege_paxisbedarf_welltouch_creme_aufgebaut_rund1-e1765377844771.jpg?fit=800%2C800&ssl=1","width":800,"height":800,"caption":"Mobiele massagetafel, opvouwbaar, AYURVEDA"},{"@type":"BreadcrumbList","@id":"https:\/\/touchproeurope.eu\/product\/mobiele-massagetafel\/#breadcrumb","itemListElement":[{"@type":"ListItem","position":1,"name":"Home","item":"https:\/\/touchproeurope.eu\/"},{"@type":"ListItem","position":2,"name":"Winkel","item":"https:\/\/touchproeurope.eu\/winkel\/"},{"@type":"ListItem","position":3,"name":"Mobiele massagetafel, opvouwbaar, AYURVEDA"}]},{"@type":"WebSite","@id":"https:\/\/touchproeurope.eu\/#website","url":"https:\/\/touchproeurope.eu\/","name":"TouchPro Europe Shop","description":"Tout pour votre pratique avec une touche PROfessionnelle !","publisher":{"@id":"https:\/\/touchproeurope.eu\/#organization"},"alternateName":"TPE","potentialAction":[{"@type":"SearchAction","target":{"@type":"EntryPoint","urlTemplate":"https:\/\/touchproeurope.eu\/?s={search_term_string}"},"query-input":{"@type":"PropertyValueSpecification","valueRequired":true,"valueName":"search_term_string"}}],"inLanguage":"fr-FR"},{"@type":"Organization","@id":"https:\/\/touchproeurope.eu\/#organization","name":"TouchPro Europe BV","alternateName":"TPE","url":"https:\/\/touchproeurope.eu\/","logo":{"@type":"ImageObject","inLanguage":"fr-FR","@id":"https:\/\/touchproeurope.eu\/#\/schema\/logo\/image\/","url":"https:\/\/i0.wp.com\/touchproeurope.eu\/wp-content\/uploads\/2023\/10\/2b592c_b6944d80811246d987cc2c29accedf3f.png?fit=1417%2C531&ssl=1","contentUrl":"https:\/\/i0.wp.com\/touchproeurope.eu\/wp-content\/uploads\/2023\/10\/2b592c_b6944d80811246d987cc2c29accedf3f.png?fit=1417%2C531&ssl=1","width":1417,"height":531,"caption":"TouchPro Europe BV"},"image":{"@id":"https:\/\/touchproeurope.eu\/#\/schema\/logo\/image\/"},"sameAs":["https:\/\/www.facebook.com\/TouchproNederland\/?locale=nl_NL\/","https:\/\/www.instagram.com\/touchpro2016\/","https:\/\/www.linkedin.com\/company\/touchpro-europe-bv\/"],"description":"TouchPro Europe Shop est le magasin de massage de l'Europe. Nous vendons des produits de massage de qualit\u00e9 sup\u00e9rieure aux masseurs, p\u00e9dicures, physioth\u00e9rapeutes, manucures, centres de bien-\u00eatre, cours de formation, etc. TouchPro a commenc\u00e9 comme un petit magasin aux Pays-Bas, mais s'est maintenant d\u00e9velopp\u00e9 pour devenir un magasin avec des clients de toute l'Europe. Nous proposons une large gamme de produits de massage, notamment des tables de massage, des huiles, des cr\u00e8mes et des accessoires de grandes marques telles que Earthlite, Stronglite et InnerStrenght, Habys, Living Earth Crafts et Continuum, ainsi que d'autres fournisseurs d'accessoires de massage. Commandez ici les meilleurs produits de massage d'Europe !","email":"info@touchpro-europe.com","telephone":"0858768829","legalName":"TouchPro Europe BV","foundingDate":"2018-01-11","vatID":"NL855430151B01","numberOfEmployees":{"@type":"QuantitativeValue","minValue":"1","maxValue":"10"},"hasMerchantReturnPolicy":{"@type":"MerchantReturnPolicy","merchantReturnLink":"https:\/\/touchproeurope.eu\/fr\/retourbeleid\/"}}]},"product_brand":"Welltouch","product_price_amount":"392.00","product_price_currency":"EUR","og_availability":"instock","product_availability":"instock","product_retailer_item_id":"a80c","product_condition":"new"},"_links":{"self":[{"href":"https:\/\/touchproeurope.eu\/fr\/wp-json\/wp\/v2\/product\/15372","targetHints":{"allow":["GET"]}}],"collection":[{"href":"https:\/\/touchproeurope.eu\/fr\/wp-json\/wp\/v2\/product"}],"about":[{"href":"https:\/\/touchproeurope.eu\/fr\/wp-json\/wp\/v2\/types\/product"}],"replies":[{"embeddable":true,"href":"https:\/\/touchproeurope.eu\/fr\/wp-json\/wp\/v2\/comments?post=15372"}],"version-history":[{"count":2,"href":"https:\/\/touchproeurope.eu\/fr\/wp-json\/wp\/v2\/product\/15372\/revisions"}],"predecessor-version":[{"id":15385,"href":"https:\/\/touchproeurope.eu\/fr\/wp-json\/wp\/v2\/product\/15372\/revisions\/15385"}],"wp:featuredmedia":[{"embeddable":true,"href":"https:\/\/touchproeurope.eu\/fr\/wp-json\/wp\/v2\/media\/15377"}],"wp:attachment":[{"href":"https:\/\/touchproeurope.eu\/fr\/wp-json\/wp\/v2\/media?parent=15372"}],"wp:term":[{"taxonomy":"product_brand","embeddable":true,"href":"https:\/\/touchproeurope.eu\/fr\/wp-json\/wp\/v2\/product_brand?post=15372"},{"taxonomy":"product_cat","embeddable":true,"href":"https:\/\/touchproeurope.eu\/fr\/wp-json\/wp\/v2\/product_cat?post=15372"},{"taxonomy":"product_tag","embeddable":true,"href":"https:\/\/touchproeurope.eu\/fr\/wp-json\/wp\/v2\/product_tag?post=15372"}],"curies":[{"name":"wp","href":"https:\/\/api.w.org\/{rel}","templated":true}]}}