{"id":15515,"date":"2026-01-07T09:06:33","date_gmt":"2026-01-07T09:06:33","guid":{"rendered":"https:\/\/touchproeurope.eu\/?post_type=product&#038;p=15515"},"modified":"2026-04-22T09:41:14","modified_gmt":"2026-04-22T09:41:14","slug":"coussin-vital-pour-matelas-a-ongles","status":"publish","type":"product","link":"https:\/\/touchproeurope.eu\/fr\/product\/vital-spijkermat-kussen\/","title":{"rendered":"Vital Tapis de clouage"},"content":{"rendered":"<p data-start=\"266\" data-end=\"723\">Le coussin VITAL Nail Mat est un coussin d'acupression ergonomique sp\u00e9cialement con\u00e7u pour soulager les tensions dans le cou et les \u00e9paules. Ce coussin est id\u00e9al pour toute personne souffrant de raideur de la nuque, de maux de t\u00eate dus \u00e0 la tension ou de fatigue caus\u00e9e par une position assise prolong\u00e9e, le stress ou un mode de vie intensif. Gr\u00e2ce \u00e0 ses points d'acupression cibl\u00e9s, le coussin aide \u00e0 stimuler la circulation et \u00e0 amener le corps \u00e0 une relaxation profonde. Tout cela rend l'oreiller Vital Nail Mat indispensable.<\/p>\n<p data-start=\"725\" data-end=\"1231\">L'oreiller comporte pas moins de 1 452 points d'acupression. Ces points exercent une pression subtile sur des zones sp\u00e9cifiques du cou et des \u00e9paules. Cette stimulation peut aider \u00e0 r\u00e9duire les maux de cou et de t\u00eate et \u00e0 rel\u00e2cher les tensions musculaires. Elle r\u00e9duit \u00e9galement le stress et am\u00e9liore la qualit\u00e9 du sommeil en cas d'utilisation r\u00e9guli\u00e8re. La forme ergonomique soutient de mani\u00e8re optimale la zone sensible situ\u00e9e juste sous la t\u00eate. Le coussin reste ainsi confortable, m\u00eame pendant les longs moments de d\u00e9tente. Le tapis Vital Nails combin\u00e9 au coussin est exceptionnellement efficace.<\/p>\n<p data-start=\"1233\" data-end=\"1619\">Le coussin d'acupression VITAL stimule les points d'acupression du corps et favorise la circulation de l'\u00e9nergie. Cela a un effet revigorant et \u00e9quilibrant. La face inf\u00e9rieure du coussin est munie d'une fermeture velcro qui permet de le fixer facilement sur les tapis \u00e0 ongles VITAL. Le coussin reste ainsi stable en place pendant l'utilisation, ce qui rend le coussin Vital Nail Mat pratique et efficace.<\/p>\n<p data-start=\"1621\" data-end=\"1895\">Pour de meilleurs r\u00e9sultats, il est recommand\u00e9 de se d\u00e9tendre avec le coussin pendant 10 \u00e0 20 minutes par jour. Il peut \u00eatre utilis\u00e9 s\u00e9par\u00e9ment ou en combinaison avec un tapis \u00e0 ongles VITAL. Le coussin convient \u00e0 l'usage domestique, aux salles de yoga et de relaxation. Il peut \u00e9galement servir de compl\u00e9ment \u00e0 une routine de soins personnels consciente. Le coussin Vital Nail Mat est un bon choix pour tous ceux qui cherchent \u00e0 se d\u00e9tendre.<\/p>\n<p data-start=\"1621\" data-end=\"1895\"><a href=\"https:\/\/touchproeurope.eu\/wp-content\/uploads\/2026\/01\/akupressur_flyer_2023_de_en_fr.pdf\">Instructions relatives au produit<\/a><\/p>","protected":false},"excerpt":{"rendered":"<p>Coussin d'acupression ergonomique pour le cou et les \u00e9paules, avec 1 452 points de pression. Stimule la circulation, r\u00e9duit la tension et le stress et favorise la relaxation. Avec housse en coton amovible et fermeture velcro.<\/p>\n<p><strong>Attention : le d\u00e9lai de livraison des articles Bodynova est de 4 \u00e0 5 jours minimum.<\/strong><\/p>","protected":false},"featured_media":15524,"comment_status":"open","ping_status":"closed","template":"","meta":[],"product_brand":[363,506],"product_cat":[367,356],"product_tag":[516,518,519,517,515],"class_list":{"0":"post-15515","1":"product","2":"type-product","3":"status-publish","4":"has-post-thumbnail","6":"product_brand-bodynova","7":"product_brand-vital","8":"product_cat-shiatsu-mat","9":"product_cat-yoga-meditatie","10":"product_tag-acupressuurkussen","11":"product_tag-nek-acupressuur","12":"product_tag-schouder-ontspanning","13":"product_tag-spijkermat-kussen","14":"product_tag-stressvermindering","15":"product_shipping_class-klein-pakket","16":"pa_kleur-aubergine","17":"pa_kleur-blauw","18":"pa_kleur-grijs","19":"pa_kleur-groen","20":"pa_kleur-petrol","21":"pa_merk-vital","23":"first","24":"instock","25":"taxable","26":"shipping-taxable","27":"purchasable","28":"product-type-variable"},"yoast_head":"<!-- This site is optimized with the Yoast SEO Premium plugin v27.4 (Yoast SEO v27.4) - https:\/\/yoast.com\/product\/yoast-seo-premium-wordpress\/ -->\n<title>Vital Spijkermat kussen: Verlicht Nek- en Schouderpijn - TouchPro Europe Shop -<\/title>\n<meta name=\"description\" content=\"Belevingen van spanning in de nek verhelpen met het Vital Spijkermat kussen! Dit ergonomische kussen zorgt voor diepere ontspanning. Bestel nu!\" \/>\n<meta name=\"robots\" content=\"index, follow, max-snippet:-1, max-image-preview:large, max-video-preview:-1\" \/>\n<link rel=\"canonical\" href=\"https:\/\/touchproeurope.eu\/fr\/product\/coussin-vital-pour-matelas-a-ongles\/\" \/>\n<meta property=\"og:locale\" content=\"fr_FR\" \/>\n<meta property=\"og:type\" content=\"article\" \/>\n<meta property=\"og:title\" content=\"Vital Spijkermat kussen\" \/>\n<meta property=\"og:description\" content=\"Belevingen van spanning in de nek verhelpen met het Vital Spijkermat kussen! Dit ergonomische kussen zorgt voor diepere ontspanning. Bestel nu!\" \/>\n<meta property=\"og:url\" content=\"https:\/\/touchproeurope.eu\/fr\/product\/coussin-vital-pour-matelas-a-ongles\/\" \/>\n<meta property=\"og:site_name\" content=\"TouchPro Europe Shop\" \/>\n<meta property=\"article:publisher\" content=\"https:\/\/www.facebook.com\/TouchproNederland\/?locale=nl_NL%2f\" \/>\n<meta property=\"article:modified_time\" content=\"2026-04-22T09:41:14+00:00\" \/>\n<meta property=\"og:image\" content=\"https:\/\/touchproeurope.eu\/wp-content\/uploads\/2026\/01\/534x_vaterbild_akupressur_kissen_bodhi3-e1767776204114.jpg\" \/>\n\t<meta property=\"og:image:width\" content=\"800\" \/>\n\t<meta property=\"og:image:height\" content=\"800\" \/>\n\t<meta property=\"og:image:type\" content=\"image\/jpeg\" \/>\n<meta name=\"twitter:card\" content=\"summary_large_image\" \/>\n<meta name=\"twitter:label1\" content=\"Disponibilit\u00e9\" \/>\n\t<meta name=\"twitter:data1\" content=\"En stock\" \/>\n<script type=\"application\/ld+json\" class=\"yoast-schema-graph\">{\"@context\":\"https:\\\/\\\/schema.org\",\"@graph\":[{\"@type\":\"WebPage\",\"@id\":\"https:\\\/\\\/touchproeurope.eu\\\/product\\\/vital-spijkermat-kussen\\\/\",\"url\":\"https:\\\/\\\/touchproeurope.eu\\\/product\\\/vital-spijkermat-kussen\\\/\",\"name\":\"Vital Spijkermat kussen: Verlicht Nek- en Schouderpijn - TouchPro Europe Shop -\",\"isPartOf\":{\"@id\":\"https:\\\/\\\/touchproeurope.eu\\\/#website\"},\"primaryImageOfPage\":{\"@id\":\"https:\\\/\\\/touchproeurope.eu\\\/product\\\/vital-spijkermat-kussen\\\/#primaryimage\"},\"image\":{\"@id\":\"https:\\\/\\\/touchproeurope.eu\\\/product\\\/vital-spijkermat-kussen\\\/#primaryimage\"},\"thumbnailUrl\":\"https:\\\/\\\/i0.wp.com\\\/touchproeurope.eu\\\/wp-content\\\/uploads\\\/2026\\\/01\\\/534x_vaterbild_akupressur_kissen_bodhi3-e1767776204114.jpg?fit=800%2C800&ssl=1\",\"datePublished\":\"2026-01-07T09:06:33+00:00\",\"dateModified\":\"2026-04-22T09:41:14+00:00\",\"description\":\"Belevingen van spanning in de nek verhelpen met het Vital Spijkermat kussen! Dit ergonomische kussen zorgt voor diepere ontspanning. Bestel nu!\",\"breadcrumb\":{\"@id\":\"https:\\\/\\\/touchproeurope.eu\\\/product\\\/vital-spijkermat-kussen\\\/#breadcrumb\"},\"inLanguage\":\"fr-FR\",\"potentialAction\":[{\"@type\":\"ReadAction\",\"target\":[\"https:\\\/\\\/touchproeurope.eu\\\/product\\\/vital-spijkermat-kussen\\\/\"]}]},{\"@type\":\"ImageObject\",\"inLanguage\":\"fr-FR\",\"@id\":\"https:\\\/\\\/touchproeurope.eu\\\/product\\\/vital-spijkermat-kussen\\\/#primaryimage\",\"url\":\"https:\\\/\\\/i0.wp.com\\\/touchproeurope.eu\\\/wp-content\\\/uploads\\\/2026\\\/01\\\/534x_vaterbild_akupressur_kissen_bodhi3-e1767776204114.jpg?fit=800%2C800&ssl=1\",\"contentUrl\":\"https:\\\/\\\/i0.wp.com\\\/touchproeurope.eu\\\/wp-content\\\/uploads\\\/2026\\\/01\\\/534x_vaterbild_akupressur_kissen_bodhi3-e1767776204114.jpg?fit=800%2C800&ssl=1\",\"width\":800,\"height\":800,\"caption\":\"Vital Spijkermat kussen Grijs\"},{\"@type\":\"BreadcrumbList\",\"@id\":\"https:\\\/\\\/touchproeurope.eu\\\/product\\\/vital-spijkermat-kussen\\\/#breadcrumb\",\"itemListElement\":[{\"@type\":\"ListItem\",\"position\":1,\"name\":\"Home\",\"item\":\"https:\\\/\\\/touchproeurope.eu\\\/\"},{\"@type\":\"ListItem\",\"position\":2,\"name\":\"Winkel\",\"item\":\"https:\\\/\\\/touchproeurope.eu\\\/winkel\\\/\"},{\"@type\":\"ListItem\",\"position\":3,\"name\":\"Vital Spijkermat kussen\"}]},{\"@type\":\"WebSite\",\"@id\":\"https:\\\/\\\/touchproeurope.eu\\\/#website\",\"url\":\"https:\\\/\\\/touchproeurope.eu\\\/\",\"name\":\"TouchPro Europe Shop\",\"description\":\"Alles voor jouw praktijk met een PROfessionele Touch!\",\"publisher\":{\"@id\":\"https:\\\/\\\/touchproeurope.eu\\\/#organization\"},\"alternateName\":\"TPE\",\"potentialAction\":[{\"@type\":\"SearchAction\",\"target\":{\"@type\":\"EntryPoint\",\"urlTemplate\":\"https:\\\/\\\/touchproeurope.eu\\\/?s={search_term_string}\"},\"query-input\":{\"@type\":\"PropertyValueSpecification\",\"valueRequired\":true,\"valueName\":\"search_term_string\"}}],\"inLanguage\":\"fr-FR\"},{\"@type\":\"Organization\",\"@id\":\"https:\\\/\\\/touchproeurope.eu\\\/#organization\",\"name\":\"TouchPro Europe BV\",\"alternateName\":\"TPE\",\"url\":\"https:\\\/\\\/touchproeurope.eu\\\/\",\"logo\":{\"@type\":\"ImageObject\",\"inLanguage\":\"fr-FR\",\"@id\":\"https:\\\/\\\/touchproeurope.eu\\\/#\\\/schema\\\/logo\\\/image\\\/\",\"url\":\"https:\\\/\\\/i0.wp.com\\\/touchproeurope.eu\\\/wp-content\\\/uploads\\\/2023\\\/10\\\/2b592c_b6944d80811246d987cc2c29accedf3f.png?fit=1417%2C531&ssl=1\",\"contentUrl\":\"https:\\\/\\\/i0.wp.com\\\/touchproeurope.eu\\\/wp-content\\\/uploads\\\/2023\\\/10\\\/2b592c_b6944d80811246d987cc2c29accedf3f.png?fit=1417%2C531&ssl=1\",\"width\":1417,\"height\":531,\"caption\":\"TouchPro Europe BV\"},\"image\":{\"@id\":\"https:\\\/\\\/touchproeurope.eu\\\/#\\\/schema\\\/logo\\\/image\\\/\"},\"sameAs\":[\"https:\\\/\\\/www.facebook.com\\\/TouchproNederland\\\/?locale=nl_NL\\\/\",\"https:\\\/\\\/www.instagram.com\\\/touchpro2016\\\/\",\"https:\\\/\\\/www.linkedin.com\\\/company\\\/touchpro-europe-bv\\\/\"],\"description\":\"TouchPro Europe Shop is de massage winkel van Europa. Wij verkopen topkwaliteit massageproducten aan masseurs, pedicures, fysiotherapeuten, manicuren, Wellness centra, opleidingen, etc. TouchPro begon als een kleine webshop in Nederland, maar is nu uitgegroeid tot een webshop met klanten uit heel Europa. Wij bieden een breed assortiment aan massageproducten, waaronder massagetafels, oli\u00ebn, cr\u00e8mes, en accessoires van topmerken, zoals Earthlite, Stronglite en InnerStrenght, Habys, Living Earth Crafts en Continuum en andere leveranciers van massage accessoires. Bestel hier de beste massagematerialen van Europa!\",\"email\":\"info@touchpro-europe.com\",\"telephone\":\"0858768829\",\"legalName\":\"TouchPro Europe BV\",\"foundingDate\":\"2018-01-11\",\"vatID\":\"NL855430151B01\",\"numberOfEmployees\":{\"@type\":\"QuantitativeValue\",\"minValue\":\"1\",\"maxValue\":\"10\"},\"hasMerchantReturnPolicy\":{\"@type\":\"MerchantReturnPolicy\",\"merchantReturnLink\":\"https:\\\/\\\/touchproeurope.eu\\\/fr\\\/retourbeleid\\\/\"}}]}<\/script>\n<meta property=\"product:brand\" content=\"VITAL\" \/>\n<meta property=\"og:availability\" content=\"instock\" \/>\n<meta property=\"product:availability\" content=\"instock\" \/>\n<meta property=\"product:retailer_item_id\" content=\"534x\" \/>\n<meta property=\"product:condition\" content=\"new\" \/>\n<!-- \/ Yoast SEO Premium plugin. -->","yoast_head_json":{"title":"Coussin Vital Nail Mat : Soulage les douleurs au cou et aux \u00e9paules - TouchPro Europe Shop -","description":"Soulagez les sensations de tension dans la nuque avec l'oreiller matelas Vital Nerve ! Cet oreiller ergonomique permet une relaxation plus profonde. Commandez d\u00e8s maintenant !","robots":{"index":"index","follow":"follow","max-snippet":"max-snippet:-1","max-image-preview":"max-image-preview:large","max-video-preview":"max-video-preview:-1"},"canonical":"https:\/\/touchproeurope.eu\/fr\/product\/coussin-vital-pour-matelas-a-ongles\/","og_locale":"fr_FR","og_type":"article","og_title":"Vital Spijkermat kussen","og_description":"Belevingen van spanning in de nek verhelpen met het Vital Spijkermat kussen! Dit ergonomische kussen zorgt voor diepere ontspanning. Bestel nu!","og_url":"https:\/\/touchproeurope.eu\/fr\/product\/coussin-vital-pour-matelas-a-ongles\/","og_site_name":"TouchPro Europe Shop","article_publisher":"https:\/\/www.facebook.com\/TouchproNederland\/?locale=nl_NL%2f","article_modified_time":"2026-04-22T09:41:14+00:00","og_image":[{"width":800,"height":800,"url":"https:\/\/touchproeurope.eu\/wp-content\/uploads\/2026\/01\/534x_vaterbild_akupressur_kissen_bodhi3-e1767776204114.jpg","type":"image\/jpeg"}],"twitter_card":"summary_large_image","twitter_misc":{"Disponibilit\u00e9":"En stock"},"schema":{"@context":"https:\/\/schema.org","@graph":[{"@type":"WebPage","@id":"https:\/\/touchproeurope.eu\/product\/vital-spijkermat-kussen\/","url":"https:\/\/touchproeurope.eu\/product\/vital-spijkermat-kussen\/","name":"Coussin Vital Nail Mat : Soulage les douleurs au cou et aux \u00e9paules - TouchPro Europe Shop -","isPartOf":{"@id":"https:\/\/touchproeurope.eu\/#website"},"primaryImageOfPage":{"@id":"https:\/\/touchproeurope.eu\/product\/vital-spijkermat-kussen\/#primaryimage"},"image":{"@id":"https:\/\/touchproeurope.eu\/product\/vital-spijkermat-kussen\/#primaryimage"},"thumbnailUrl":"https:\/\/i0.wp.com\/touchproeurope.eu\/wp-content\/uploads\/2026\/01\/534x_vaterbild_akupressur_kissen_bodhi3-e1767776204114.jpg?fit=800%2C800&ssl=1","datePublished":"2026-01-07T09:06:33+00:00","dateModified":"2026-04-22T09:41:14+00:00","description":"Soulagez les sensations de tension dans la nuque avec l'oreiller matelas Vital Nerve ! Cet oreiller ergonomique permet une relaxation plus profonde. Commandez d\u00e8s maintenant !","breadcrumb":{"@id":"https:\/\/touchproeurope.eu\/product\/vital-spijkermat-kussen\/#breadcrumb"},"inLanguage":"fr-FR","potentialAction":[{"@type":"ReadAction","target":["https:\/\/touchproeurope.eu\/product\/vital-spijkermat-kussen\/"]}]},{"@type":"ImageObject","inLanguage":"fr-FR","@id":"https:\/\/touchproeurope.eu\/product\/vital-spijkermat-kussen\/#primaryimage","url":"https:\/\/i0.wp.com\/touchproeurope.eu\/wp-content\/uploads\/2026\/01\/534x_vaterbild_akupressur_kissen_bodhi3-e1767776204114.jpg?fit=800%2C800&ssl=1","contentUrl":"https:\/\/i0.wp.com\/touchproeurope.eu\/wp-content\/uploads\/2026\/01\/534x_vaterbild_akupressur_kissen_bodhi3-e1767776204114.jpg?fit=800%2C800&ssl=1","width":800,"height":800,"caption":"Vital Spijkermat kussen Grijs"},{"@type":"BreadcrumbList","@id":"https:\/\/touchproeurope.eu\/product\/vital-spijkermat-kussen\/#breadcrumb","itemListElement":[{"@type":"ListItem","position":1,"name":"Home","item":"https:\/\/touchproeurope.eu\/"},{"@type":"ListItem","position":2,"name":"Winkel","item":"https:\/\/touchproeurope.eu\/winkel\/"},{"@type":"ListItem","position":3,"name":"Vital Spijkermat kussen"}]},{"@type":"WebSite","@id":"https:\/\/touchproeurope.eu\/#website","url":"https:\/\/touchproeurope.eu\/","name":"TouchPro Europe Shop","description":"Tout pour votre pratique avec une touche PROfessionnelle !","publisher":{"@id":"https:\/\/touchproeurope.eu\/#organization"},"alternateName":"TPE","potentialAction":[{"@type":"SearchAction","target":{"@type":"EntryPoint","urlTemplate":"https:\/\/touchproeurope.eu\/?s={search_term_string}"},"query-input":{"@type":"PropertyValueSpecification","valueRequired":true,"valueName":"search_term_string"}}],"inLanguage":"fr-FR"},{"@type":"Organization","@id":"https:\/\/touchproeurope.eu\/#organization","name":"TouchPro Europe BV","alternateName":"TPE","url":"https:\/\/touchproeurope.eu\/","logo":{"@type":"ImageObject","inLanguage":"fr-FR","@id":"https:\/\/touchproeurope.eu\/#\/schema\/logo\/image\/","url":"https:\/\/i0.wp.com\/touchproeurope.eu\/wp-content\/uploads\/2023\/10\/2b592c_b6944d80811246d987cc2c29accedf3f.png?fit=1417%2C531&ssl=1","contentUrl":"https:\/\/i0.wp.com\/touchproeurope.eu\/wp-content\/uploads\/2023\/10\/2b592c_b6944d80811246d987cc2c29accedf3f.png?fit=1417%2C531&ssl=1","width":1417,"height":531,"caption":"TouchPro Europe BV"},"image":{"@id":"https:\/\/touchproeurope.eu\/#\/schema\/logo\/image\/"},"sameAs":["https:\/\/www.facebook.com\/TouchproNederland\/?locale=nl_NL\/","https:\/\/www.instagram.com\/touchpro2016\/","https:\/\/www.linkedin.com\/company\/touchpro-europe-bv\/"],"description":"TouchPro Europe Shop est le magasin de massage de l'Europe. Nous vendons des produits de massage de qualit\u00e9 sup\u00e9rieure aux masseurs, p\u00e9dicures, physioth\u00e9rapeutes, manucures, centres de bien-\u00eatre, cours de formation, etc. TouchPro a commenc\u00e9 comme un petit magasin aux Pays-Bas, mais s'est maintenant d\u00e9velopp\u00e9 pour devenir un magasin avec des clients de toute l'Europe. Nous proposons une large gamme de produits de massage, notamment des tables de massage, des huiles, des cr\u00e8mes et des accessoires de grandes marques telles que Earthlite, Stronglite et InnerStrenght, Habys, Living Earth Crafts et Continuum, ainsi que d'autres fournisseurs d'accessoires de massage. Commandez ici les meilleurs produits de massage d'Europe !","email":"info@touchpro-europe.com","telephone":"0858768829","legalName":"TouchPro Europe BV","foundingDate":"2018-01-11","vatID":"NL855430151B01","numberOfEmployees":{"@type":"QuantitativeValue","minValue":"1","maxValue":"10"},"hasMerchantReturnPolicy":{"@type":"MerchantReturnPolicy","merchantReturnLink":"https:\/\/touchproeurope.eu\/fr\/retourbeleid\/"}}]},"product_brand":"VITAL","og_availability":"instock","product_availability":"instock","product_retailer_item_id":"534x","product_condition":"new"},"_links":{"self":[{"href":"https:\/\/touchproeurope.eu\/fr\/wp-json\/wp\/v2\/product\/15515","targetHints":{"allow":["GET"]}}],"collection":[{"href":"https:\/\/touchproeurope.eu\/fr\/wp-json\/wp\/v2\/product"}],"about":[{"href":"https:\/\/touchproeurope.eu\/fr\/wp-json\/wp\/v2\/types\/product"}],"replies":[{"embeddable":true,"href":"https:\/\/touchproeurope.eu\/fr\/wp-json\/wp\/v2\/comments?post=15515"}],"version-history":[{"count":3,"href":"https:\/\/touchproeurope.eu\/fr\/wp-json\/wp\/v2\/product\/15515\/revisions"}],"predecessor-version":[{"id":15554,"href":"https:\/\/touchproeurope.eu\/fr\/wp-json\/wp\/v2\/product\/15515\/revisions\/15554"}],"wp:featuredmedia":[{"embeddable":true,"href":"https:\/\/touchproeurope.eu\/fr\/wp-json\/wp\/v2\/media\/15524"}],"wp:attachment":[{"href":"https:\/\/touchproeurope.eu\/fr\/wp-json\/wp\/v2\/media?parent=15515"}],"wp:term":[{"taxonomy":"product_brand","embeddable":true,"href":"https:\/\/touchproeurope.eu\/fr\/wp-json\/wp\/v2\/product_brand?post=15515"},{"taxonomy":"product_cat","embeddable":true,"href":"https:\/\/touchproeurope.eu\/fr\/wp-json\/wp\/v2\/product_cat?post=15515"},{"taxonomy":"product_tag","embeddable":true,"href":"https:\/\/touchproeurope.eu\/fr\/wp-json\/wp\/v2\/product_tag?post=15515"}],"curies":[{"name":"wp","href":"https:\/\/api.w.org\/{rel}","templated":true}]}}