{"id":15674,"date":"2026-01-26T13:03:43","date_gmt":"2026-01-26T13:03:43","guid":{"rendered":"https:\/\/touchproeurope.eu\/?post_type=product&#038;p=15674"},"modified":"2026-04-22T09:41:25","modified_gmt":"2026-04-22T09:41:25","slug":"tapis-de-yoga-rishikesh-rouleau-de-tapis-de-yoga-de-voyage","status":"publish","type":"product","link":"https:\/\/touchproeurope.eu\/fr\/product\/yogamat-rishikesh-travel-yogamatrol\/","title":{"rendered":"Tapis de yoga RISHIKESH TRAVEL Tapis de yoga en rouleau (30 m)"},"content":{"rendered":"<p data-start=\"265\" data-end=\"656\">Le tapis de yoga en rouleau RISHIKESH TRAVEL (30m) est la solution id\u00e9ale pour les professeurs de yoga, les salles de sport et les utilisateurs en gros. Ces utilisateurs recherchent un tapis de yoga l\u00e9ger, fin et durable pour une utilisation en d\u00e9placement ou personnalis\u00e9e.<\/p>\n<p data-start=\"265\" data-end=\"656\">Le rouleau de tapis de yoga RISHIKESH TRAVEL est sp\u00e9cialement con\u00e7u pour ceux qui appr\u00e9cient la flexibilit\u00e9 et la qualit\u00e9 en d\u00e9placement. Cette variante de voyage est la version la plus fine et la plus l\u00e9g\u00e8re de la populaire ligne Rishikesh. Elle conserve cependant la m\u00eame qualit\u00e9 robuste que les tapis de yoga plus \u00e9pais de qualit\u00e9 sup\u00e9rieure.<\/p>\n<p data-start=\"658\" data-end=\"1062\">Avec seulement 2 mm d'\u00e9paisseur, le tapis de yoga Rishikesh Travel est extr\u00eamement compact et facile \u00e0 plier. Il est donc parfait pour les voyages, le yoga en plein air, les ateliers et les retraites. Le tapis est r\u00e9sistant, facile \u00e0 nettoyer et peut \u00eatre utilis\u00e9 sur diff\u00e9rentes surfaces. Gr\u00e2ce au mat\u00e9riau PVC, le tapis est durable et facile \u00e0 entretenir. Il est donc id\u00e9al pour un usage intensif. RISHIKESH TRAVEL Rouleau de tapis de yoga.<\/p>\n<p data-start=\"1064\" data-end=\"1303\">Le rouleau de tapis de yoga de 30 m\u00e8tres constitue une solution \u00e9conomique pour les \u00e9coles de yoga, les instructeurs de fitness et les centres de formation. En fonction de la longueur souhait\u00e9e, 15 \u00e0 17 tapis de yoga peuvent \u00eatre coup\u00e9s \u00e0 partir d'un rouleau, par exemple :<\/p>\n<ul data-start=\"1304\" data-end=\"1378\">\n<li data-start=\"1304\" data-end=\"1328\">\n<p data-start=\"1306\" data-end=\"1328\">17 tapis de 175 cm<\/p>\n<\/li>\n<li data-start=\"1329\" data-end=\"1353\">\n<p data-start=\"1331\" data-end=\"1353\">16 tapis de 183 cm<\/p>\n<\/li>\n<li data-start=\"1354\" data-end=\"1378\">\n<p data-start=\"1356\" data-end=\"1378\">15 tapis de 200 cm<\/p>\n<\/li>\n<\/ul>\n<p data-start=\"1380\" data-end=\"1479\">Ce rouleau est donc parfait pour ceux qui souhaitent proposer des tapis de yoga adapt\u00e9s aux \u00e9tudiants ou aux participants. De plus, le rouleau de tapis de yoga RISHIKESH TRAVEL est un choix durable gr\u00e2ce \u00e0 sa haute qualit\u00e9 et \u00e0 sa polyvalence, quel que soit le type d'utilisateur.<\/p>\n<p data-start=\"1481\" data-end=\"1756\">Les tapis de yoga Rishikesh Travel sont lavables en machine jusqu'\u00e0 30\u00b0C (cycle de lavage \u00e0 la main). Ne pas utiliser de d\u00e9tergent, d'essoreuse ou de s\u00e8che-linge pour \u00e9viter tout dommage. Veuillez noter que les tapis de yoga en PVC ne sont pas absorbants. En cas de transpiration ou d'humidit\u00e9, l'adh\u00e9rence peut diminuer temporairement. Le tapis de yoga en rouleau RISHIKESH TRAVEL est donc \u00e9galement pratique \u00e0 entretenir.<\/p>\n<p data-start=\"1758\" data-end=\"1911\">Le tapis est certifi\u00e9 Oeko-Tex Standard 100, exempt de phtalates et d'autres substances nocives, ce qui en fait un choix s\u00fbr pour un usage quotidien.<\/p>","protected":false},"excerpt":{"rendered":"<p>Rouleau de tapis de yoga extra l\u00e9ger et fin de 30 m\u00e8tres, id\u00e9al pour les voyages, le yoga en plein air et l'utilisation en vrac. Seulement 2 mm d'\u00e9paisseur, r\u00e9sistant, certifi\u00e9 Oeko-Tex et adapt\u00e9 \u00e0 la d\u00e9coupe de 15 \u00e0 17 tapis de yoga.<\/p>\n<p><strong>Attention : le d\u00e9lai de livraison des articles Bodynova est de 4 \u00e0 5 jours minimum.<\/strong><\/p>","protected":false},"featured_media":15685,"comment_status":"open","ping_status":"closed","template":"","meta":[],"product_brand":[545],"product_cat":[356,368],"product_tag":[542,543,540,541],"class_list":{"0":"post-15674","1":"product","2":"type-product","3":"status-publish","4":"has-post-thumbnail","6":"product_brand-bodhi","7":"product_cat-yoga-meditatie","8":"product_cat-yogamat","9":"product_tag-lichte-yogamat","10":"product_tag-pvc-yogamat","11":"product_tag-rishikesh-travel-yogamat","12":"product_tag-yogamat-op-rol","13":"product_shipping_class-middel-pakket","14":"pa_kleur-blauw","15":"pa_kleur-bordeaux","16":"pa_kleur-taupe","17":"pa_merk-bodynova","19":"first","20":"instock","21":"taxable","22":"shipping-taxable","23":"purchasable","24":"product-type-variable"},"yoast_head":"<!-- This site is optimized with the Yoast SEO Premium plugin v27.4 (Yoast SEO v27.4) - https:\/\/yoast.com\/product\/yoast-seo-premium-wordpress\/ -->\n<title>Yogamat RISHIKESH TRAVEL Yogamatrol (30 m) - TouchPro Europe Shop<\/title>\n<meta name=\"description\" content=\"Ontdek de ultralichte Yogamat RISHIKESH TRAVEL Yogamatrol, perfect voor yogadocenten en sportscholen. Maak vandaag nog een slimme keuze!\" \/>\n<meta name=\"robots\" content=\"index, follow, max-snippet:-1, max-image-preview:large, max-video-preview:-1\" \/>\n<link rel=\"canonical\" href=\"https:\/\/touchproeurope.eu\/fr\/product\/tapis-de-yoga-rishikesh-rouleau-de-tapis-de-yoga-de-voyage\/\" \/>\n<meta property=\"og:locale\" content=\"fr_FR\" \/>\n<meta property=\"og:type\" content=\"article\" \/>\n<meta property=\"og:title\" content=\"Yogamat RISHIKESH TRAVEL Yogamatrol (30 m)\" \/>\n<meta property=\"og:description\" content=\"Ontdek de ultralichte Yogamat RISHIKESH TRAVEL Yogamatrol, perfect voor yogadocenten en sportscholen. Maak vandaag nog een slimme keuze!\" \/>\n<meta property=\"og:url\" content=\"https:\/\/touchproeurope.eu\/fr\/product\/tapis-de-yoga-rishikesh-rouleau-de-tapis-de-yoga-de-voyage\/\" \/>\n<meta property=\"og:site_name\" content=\"TouchPro Europe Shop\" \/>\n<meta property=\"article:publisher\" content=\"https:\/\/www.facebook.com\/TouchproNederland\/?locale=nl_NL%2f\" \/>\n<meta property=\"article:modified_time\" content=\"2026-04-22T09:41:25+00:00\" \/>\n<meta property=\"og:image\" content=\"https:\/\/touchproeurope.eu\/wp-content\/uploads\/2026\/01\/732x_yoga_yogamatte_kailash_premium_travel_mat_2023-e1769432359822.jpg\" \/>\n\t<meta property=\"og:image:width\" content=\"800\" \/>\n\t<meta property=\"og:image:height\" content=\"800\" \/>\n\t<meta property=\"og:image:type\" content=\"image\/jpeg\" \/>\n<meta name=\"twitter:card\" content=\"summary_large_image\" \/>\n<meta name=\"twitter:label1\" content=\"Disponibilit\u00e9\" \/>\n\t<meta name=\"twitter:data1\" content=\"En stock\" \/>\n<script type=\"application\/ld+json\" class=\"yoast-schema-graph\">{\"@context\":\"https:\\\/\\\/schema.org\",\"@graph\":[{\"@type\":\"WebPage\",\"@id\":\"https:\\\/\\\/touchproeurope.eu\\\/product\\\/yogamat-rishikesh-travel-yogamatrol\\\/\",\"url\":\"https:\\\/\\\/touchproeurope.eu\\\/product\\\/yogamat-rishikesh-travel-yogamatrol\\\/\",\"name\":\"Yogamat RISHIKESH TRAVEL Yogamatrol (30 m) - TouchPro Europe Shop\",\"isPartOf\":{\"@id\":\"https:\\\/\\\/touchproeurope.eu\\\/#website\"},\"primaryImageOfPage\":{\"@id\":\"https:\\\/\\\/touchproeurope.eu\\\/product\\\/yogamat-rishikesh-travel-yogamatrol\\\/#primaryimage\"},\"image\":{\"@id\":\"https:\\\/\\\/touchproeurope.eu\\\/product\\\/yogamat-rishikesh-travel-yogamatrol\\\/#primaryimage\"},\"thumbnailUrl\":\"https:\\\/\\\/i0.wp.com\\\/touchproeurope.eu\\\/wp-content\\\/uploads\\\/2026\\\/01\\\/732x_yoga_yogamatte_kailash_premium_travel_mat_2023-e1769432359822.jpg?fit=800%2C800&ssl=1\",\"datePublished\":\"2026-01-26T13:03:43+00:00\",\"dateModified\":\"2026-04-22T09:41:25+00:00\",\"description\":\"Ontdek de ultralichte Yogamat RISHIKESH TRAVEL Yogamatrol, perfect voor yogadocenten en sportscholen. Maak vandaag nog een slimme keuze!\",\"breadcrumb\":{\"@id\":\"https:\\\/\\\/touchproeurope.eu\\\/product\\\/yogamat-rishikesh-travel-yogamatrol\\\/#breadcrumb\"},\"inLanguage\":\"fr-FR\",\"potentialAction\":[{\"@type\":\"ReadAction\",\"target\":[\"https:\\\/\\\/touchproeurope.eu\\\/product\\\/yogamat-rishikesh-travel-yogamatrol\\\/\"]}]},{\"@type\":\"ImageObject\",\"inLanguage\":\"fr-FR\",\"@id\":\"https:\\\/\\\/touchproeurope.eu\\\/product\\\/yogamat-rishikesh-travel-yogamatrol\\\/#primaryimage\",\"url\":\"https:\\\/\\\/i0.wp.com\\\/touchproeurope.eu\\\/wp-content\\\/uploads\\\/2026\\\/01\\\/732x_yoga_yogamatte_kailash_premium_travel_mat_2023-e1769432359822.jpg?fit=800%2C800&ssl=1\",\"contentUrl\":\"https:\\\/\\\/i0.wp.com\\\/touchproeurope.eu\\\/wp-content\\\/uploads\\\/2026\\\/01\\\/732x_yoga_yogamatte_kailash_premium_travel_mat_2023-e1769432359822.jpg?fit=800%2C800&ssl=1\",\"width\":800,\"height\":800,\"caption\":\"Yogamat RISHIKESH TRAVEL Yogamatrol (30 m)\"},{\"@type\":\"BreadcrumbList\",\"@id\":\"https:\\\/\\\/touchproeurope.eu\\\/product\\\/yogamat-rishikesh-travel-yogamatrol\\\/#breadcrumb\",\"itemListElement\":[{\"@type\":\"ListItem\",\"position\":1,\"name\":\"Home\",\"item\":\"https:\\\/\\\/touchproeurope.eu\\\/\"},{\"@type\":\"ListItem\",\"position\":2,\"name\":\"Winkel\",\"item\":\"https:\\\/\\\/touchproeurope.eu\\\/winkel\\\/\"},{\"@type\":\"ListItem\",\"position\":3,\"name\":\"Yogamat RISHIKESH TRAVEL Yogamatrol (30 m)\"}]},{\"@type\":\"WebSite\",\"@id\":\"https:\\\/\\\/touchproeurope.eu\\\/#website\",\"url\":\"https:\\\/\\\/touchproeurope.eu\\\/\",\"name\":\"TouchPro Europe Shop\",\"description\":\"Alles voor jouw praktijk met een PROfessionele Touch!\",\"publisher\":{\"@id\":\"https:\\\/\\\/touchproeurope.eu\\\/#organization\"},\"alternateName\":\"TPE\",\"potentialAction\":[{\"@type\":\"SearchAction\",\"target\":{\"@type\":\"EntryPoint\",\"urlTemplate\":\"https:\\\/\\\/touchproeurope.eu\\\/?s={search_term_string}\"},\"query-input\":{\"@type\":\"PropertyValueSpecification\",\"valueRequired\":true,\"valueName\":\"search_term_string\"}}],\"inLanguage\":\"fr-FR\"},{\"@type\":\"Organization\",\"@id\":\"https:\\\/\\\/touchproeurope.eu\\\/#organization\",\"name\":\"TouchPro Europe BV\",\"alternateName\":\"TPE\",\"url\":\"https:\\\/\\\/touchproeurope.eu\\\/\",\"logo\":{\"@type\":\"ImageObject\",\"inLanguage\":\"fr-FR\",\"@id\":\"https:\\\/\\\/touchproeurope.eu\\\/#\\\/schema\\\/logo\\\/image\\\/\",\"url\":\"https:\\\/\\\/i0.wp.com\\\/touchproeurope.eu\\\/wp-content\\\/uploads\\\/2023\\\/10\\\/2b592c_b6944d80811246d987cc2c29accedf3f.png?fit=1417%2C531&ssl=1\",\"contentUrl\":\"https:\\\/\\\/i0.wp.com\\\/touchproeurope.eu\\\/wp-content\\\/uploads\\\/2023\\\/10\\\/2b592c_b6944d80811246d987cc2c29accedf3f.png?fit=1417%2C531&ssl=1\",\"width\":1417,\"height\":531,\"caption\":\"TouchPro Europe BV\"},\"image\":{\"@id\":\"https:\\\/\\\/touchproeurope.eu\\\/#\\\/schema\\\/logo\\\/image\\\/\"},\"sameAs\":[\"https:\\\/\\\/www.facebook.com\\\/TouchproNederland\\\/?locale=nl_NL\\\/\",\"https:\\\/\\\/www.instagram.com\\\/touchpro2016\\\/\",\"https:\\\/\\\/www.linkedin.com\\\/company\\\/touchpro-europe-bv\\\/\"],\"description\":\"TouchPro Europe Shop is de massage winkel van Europa. Wij verkopen topkwaliteit massageproducten aan masseurs, pedicures, fysiotherapeuten, manicuren, Wellness centra, opleidingen, etc. TouchPro begon als een kleine webshop in Nederland, maar is nu uitgegroeid tot een webshop met klanten uit heel Europa. Wij bieden een breed assortiment aan massageproducten, waaronder massagetafels, oli\u00ebn, cr\u00e8mes, en accessoires van topmerken, zoals Earthlite, Stronglite en InnerStrenght, Habys, Living Earth Crafts en Continuum en andere leveranciers van massage accessoires. Bestel hier de beste massagematerialen van Europa!\",\"email\":\"info@touchpro-europe.com\",\"telephone\":\"0858768829\",\"legalName\":\"TouchPro Europe BV\",\"foundingDate\":\"2018-01-11\",\"vatID\":\"NL855430151B01\",\"numberOfEmployees\":{\"@type\":\"QuantitativeValue\",\"minValue\":\"1\",\"maxValue\":\"10\"},\"hasMerchantReturnPolicy\":{\"@type\":\"MerchantReturnPolicy\",\"merchantReturnLink\":\"https:\\\/\\\/touchproeurope.eu\\\/fr\\\/retourbeleid\\\/\"}}]}<\/script>\n<meta property=\"product:brand\" content=\"Bodynova\" \/>\n<meta property=\"og:availability\" content=\"instock\" \/>\n<meta property=\"product:availability\" content=\"instock\" \/>\n<meta property=\"product:retailer_item_id\" content=\"732x\" \/>\n<meta property=\"product:condition\" content=\"new\" \/>\n<!-- \/ Yoast SEO Premium plugin. -->","yoast_head_json":{"title":"Tapis de yoga RISHIKESH TRAVEL Tapis de yoga en rouleau (30 m) - TouchPro Europe Shop","description":"D\u00e9couvrez le tapis de yoga ultra-l\u00e9ger RISHIKESH TRAVEL Yoga Mat Roll, parfait pour les professeurs de yoga et les salles de sport. Faites un choix intelligent d\u00e8s aujourd'hui !","robots":{"index":"index","follow":"follow","max-snippet":"max-snippet:-1","max-image-preview":"max-image-preview:large","max-video-preview":"max-video-preview:-1"},"canonical":"https:\/\/touchproeurope.eu\/fr\/product\/tapis-de-yoga-rishikesh-rouleau-de-tapis-de-yoga-de-voyage\/","og_locale":"fr_FR","og_type":"article","og_title":"Yogamat RISHIKESH TRAVEL Yogamatrol (30 m)","og_description":"Ontdek de ultralichte Yogamat RISHIKESH TRAVEL Yogamatrol, perfect voor yogadocenten en sportscholen. Maak vandaag nog een slimme keuze!","og_url":"https:\/\/touchproeurope.eu\/fr\/product\/tapis-de-yoga-rishikesh-rouleau-de-tapis-de-yoga-de-voyage\/","og_site_name":"TouchPro Europe Shop","article_publisher":"https:\/\/www.facebook.com\/TouchproNederland\/?locale=nl_NL%2f","article_modified_time":"2026-04-22T09:41:25+00:00","og_image":[{"width":800,"height":800,"url":"https:\/\/touchproeurope.eu\/wp-content\/uploads\/2026\/01\/732x_yoga_yogamatte_kailash_premium_travel_mat_2023-e1769432359822.jpg","type":"image\/jpeg"}],"twitter_card":"summary_large_image","twitter_misc":{"Disponibilit\u00e9":"En stock"},"schema":{"@context":"https:\/\/schema.org","@graph":[{"@type":"WebPage","@id":"https:\/\/touchproeurope.eu\/product\/yogamat-rishikesh-travel-yogamatrol\/","url":"https:\/\/touchproeurope.eu\/product\/yogamat-rishikesh-travel-yogamatrol\/","name":"Tapis de yoga RISHIKESH TRAVEL Tapis de yoga en rouleau (30 m) - TouchPro Europe Shop","isPartOf":{"@id":"https:\/\/touchproeurope.eu\/#website"},"primaryImageOfPage":{"@id":"https:\/\/touchproeurope.eu\/product\/yogamat-rishikesh-travel-yogamatrol\/#primaryimage"},"image":{"@id":"https:\/\/touchproeurope.eu\/product\/yogamat-rishikesh-travel-yogamatrol\/#primaryimage"},"thumbnailUrl":"https:\/\/i0.wp.com\/touchproeurope.eu\/wp-content\/uploads\/2026\/01\/732x_yoga_yogamatte_kailash_premium_travel_mat_2023-e1769432359822.jpg?fit=800%2C800&ssl=1","datePublished":"2026-01-26T13:03:43+00:00","dateModified":"2026-04-22T09:41:25+00:00","description":"D\u00e9couvrez le tapis de yoga ultra-l\u00e9ger RISHIKESH TRAVEL Yoga Mat Roll, parfait pour les professeurs de yoga et les salles de sport. Faites un choix intelligent d\u00e8s aujourd'hui !","breadcrumb":{"@id":"https:\/\/touchproeurope.eu\/product\/yogamat-rishikesh-travel-yogamatrol\/#breadcrumb"},"inLanguage":"fr-FR","potentialAction":[{"@type":"ReadAction","target":["https:\/\/touchproeurope.eu\/product\/yogamat-rishikesh-travel-yogamatrol\/"]}]},{"@type":"ImageObject","inLanguage":"fr-FR","@id":"https:\/\/touchproeurope.eu\/product\/yogamat-rishikesh-travel-yogamatrol\/#primaryimage","url":"https:\/\/i0.wp.com\/touchproeurope.eu\/wp-content\/uploads\/2026\/01\/732x_yoga_yogamatte_kailash_premium_travel_mat_2023-e1769432359822.jpg?fit=800%2C800&ssl=1","contentUrl":"https:\/\/i0.wp.com\/touchproeurope.eu\/wp-content\/uploads\/2026\/01\/732x_yoga_yogamatte_kailash_premium_travel_mat_2023-e1769432359822.jpg?fit=800%2C800&ssl=1","width":800,"height":800,"caption":"Yogamat RISHIKESH TRAVEL Yogamatrol (30 m)"},{"@type":"BreadcrumbList","@id":"https:\/\/touchproeurope.eu\/product\/yogamat-rishikesh-travel-yogamatrol\/#breadcrumb","itemListElement":[{"@type":"ListItem","position":1,"name":"Home","item":"https:\/\/touchproeurope.eu\/"},{"@type":"ListItem","position":2,"name":"Winkel","item":"https:\/\/touchproeurope.eu\/winkel\/"},{"@type":"ListItem","position":3,"name":"Yogamat RISHIKESH TRAVEL Yogamatrol (30 m)"}]},{"@type":"WebSite","@id":"https:\/\/touchproeurope.eu\/#website","url":"https:\/\/touchproeurope.eu\/","name":"TouchPro Europe Shop","description":"Tout pour votre pratique avec une touche PROfessionnelle !","publisher":{"@id":"https:\/\/touchproeurope.eu\/#organization"},"alternateName":"TPE","potentialAction":[{"@type":"SearchAction","target":{"@type":"EntryPoint","urlTemplate":"https:\/\/touchproeurope.eu\/?s={search_term_string}"},"query-input":{"@type":"PropertyValueSpecification","valueRequired":true,"valueName":"search_term_string"}}],"inLanguage":"fr-FR"},{"@type":"Organization","@id":"https:\/\/touchproeurope.eu\/#organization","name":"TouchPro Europe BV","alternateName":"TPE","url":"https:\/\/touchproeurope.eu\/","logo":{"@type":"ImageObject","inLanguage":"fr-FR","@id":"https:\/\/touchproeurope.eu\/#\/schema\/logo\/image\/","url":"https:\/\/i0.wp.com\/touchproeurope.eu\/wp-content\/uploads\/2023\/10\/2b592c_b6944d80811246d987cc2c29accedf3f.png?fit=1417%2C531&ssl=1","contentUrl":"https:\/\/i0.wp.com\/touchproeurope.eu\/wp-content\/uploads\/2023\/10\/2b592c_b6944d80811246d987cc2c29accedf3f.png?fit=1417%2C531&ssl=1","width":1417,"height":531,"caption":"TouchPro Europe BV"},"image":{"@id":"https:\/\/touchproeurope.eu\/#\/schema\/logo\/image\/"},"sameAs":["https:\/\/www.facebook.com\/TouchproNederland\/?locale=nl_NL\/","https:\/\/www.instagram.com\/touchpro2016\/","https:\/\/www.linkedin.com\/company\/touchpro-europe-bv\/"],"description":"TouchPro Europe Shop est le magasin de massage de l'Europe. Nous vendons des produits de massage de qualit\u00e9 sup\u00e9rieure aux masseurs, p\u00e9dicures, physioth\u00e9rapeutes, manucures, centres de bien-\u00eatre, cours de formation, etc. TouchPro a commenc\u00e9 comme un petit magasin aux Pays-Bas, mais s'est maintenant d\u00e9velopp\u00e9 pour devenir un magasin avec des clients de toute l'Europe. Nous proposons une large gamme de produits de massage, notamment des tables de massage, des huiles, des cr\u00e8mes et des accessoires de grandes marques telles que Earthlite, Stronglite et InnerStrenght, Habys, Living Earth Crafts et Continuum, ainsi que d'autres fournisseurs d'accessoires de massage. Commandez ici les meilleurs produits de massage d'Europe !","email":"info@touchpro-europe.com","telephone":"0858768829","legalName":"TouchPro Europe BV","foundingDate":"2018-01-11","vatID":"NL855430151B01","numberOfEmployees":{"@type":"QuantitativeValue","minValue":"1","maxValue":"10"},"hasMerchantReturnPolicy":{"@type":"MerchantReturnPolicy","merchantReturnLink":"https:\/\/touchproeurope.eu\/fr\/retourbeleid\/"}}]},"product_brand":"Bodynova","og_availability":"instock","product_availability":"instock","product_retailer_item_id":"732x","product_condition":"new"},"_links":{"self":[{"href":"https:\/\/touchproeurope.eu\/fr\/wp-json\/wp\/v2\/product\/15674","targetHints":{"allow":["GET"]}}],"collection":[{"href":"https:\/\/touchproeurope.eu\/fr\/wp-json\/wp\/v2\/product"}],"about":[{"href":"https:\/\/touchproeurope.eu\/fr\/wp-json\/wp\/v2\/types\/product"}],"replies":[{"embeddable":true,"href":"https:\/\/touchproeurope.eu\/fr\/wp-json\/wp\/v2\/comments?post=15674"}],"version-history":[{"count":1,"href":"https:\/\/touchproeurope.eu\/fr\/wp-json\/wp\/v2\/product\/15674\/revisions"}],"predecessor-version":[{"id":15686,"href":"https:\/\/touchproeurope.eu\/fr\/wp-json\/wp\/v2\/product\/15674\/revisions\/15686"}],"wp:featuredmedia":[{"embeddable":true,"href":"https:\/\/touchproeurope.eu\/fr\/wp-json\/wp\/v2\/media\/15685"}],"wp:attachment":[{"href":"https:\/\/touchproeurope.eu\/fr\/wp-json\/wp\/v2\/media?parent=15674"}],"wp:term":[{"taxonomy":"product_brand","embeddable":true,"href":"https:\/\/touchproeurope.eu\/fr\/wp-json\/wp\/v2\/product_brand?post=15674"},{"taxonomy":"product_cat","embeddable":true,"href":"https:\/\/touchproeurope.eu\/fr\/wp-json\/wp\/v2\/product_cat?post=15674"},{"taxonomy":"product_tag","embeddable":true,"href":"https:\/\/touchproeurope.eu\/fr\/wp-json\/wp\/v2\/product_tag?post=15674"}],"curies":[{"name":"wp","href":"https:\/\/api.w.org\/{rel}","templated":true}]}}