{"id":15687,"date":"2026-01-26T13:23:01","date_gmt":"2026-01-26T13:23:01","guid":{"rendered":"https:\/\/touchproeurope.eu\/?post_type=product&#038;p=15687"},"modified":"2026-04-22T09:41:25","modified_gmt":"2026-04-22T09:41:25","slug":"tapis-de-yoga-rishikesh-voyage-60","status":"publish","type":"product","link":"https:\/\/touchproeurope.eu\/fr\/product\/yogamat-rishikesh-travel-60\/","title":{"rendered":"Tapis de yoga RISHIKESH TRAVEL 60"},"content":{"rendered":"<p data-start=\"252\" data-end=\"579\">Le tapis de yoga RISHIKESH TRAVEL 60 est le choix id\u00e9al pour les yogis qui sont souvent en d\u00e9placement et qui ne veulent pas faire de compromis sur la qualit\u00e9. De plus, avec le tapis de yoga RISHIKESH TRAVEL 60, vous choisissez un tapis qui n'est pas seulement pratique, mais aussi durable. Cette version Travel est la variante la plus fine et la plus l\u00e9g\u00e8re de la c\u00e9l\u00e8bre ligne Rishikesh. En outre, le tapis combine une mobilit\u00e9 maximale avec la durabilit\u00e9 robuste pour laquelle ce best-seller est connu.<\/p>\n<p data-start=\"581\" data-end=\"985\">Avec une \u00e9paisseur de seulement 2 mm et un poids de 900 grammes, le tapis de yoga se plie facilement et se glisse sans effort dans un sac \u00e0 dos, une valise ou un sac de voyage. Le Rishikesh Travel 60 est donc parfait pour les voyages, les retraites de yoga, le yoga en plein air, les ateliers et les vacances. Malgr\u00e9 son design fin, le tapis de yoga RISHIKESH TRAVEL 60 offre une stabilit\u00e9 suffisante. De plus, le tapis poss\u00e8de une surface fiable pour la pratique quotidienne du yoga.<\/p>\n<p data-start=\"987\" data-end=\"1326\">Le tapis de yoga est fabriqu\u00e9 en PVC de haute qualit\u00e9, produit en Allemagne et certifi\u00e9 OEKO-TEX\u00ae Standard 100. Cela signifie que le tapis est exempt de phtalates et d'autres substances nocives. Il est donc s\u00fbr pour une utilisation intensive et \u00e0 long terme. Le mat\u00e9riau est r\u00e9sistant, facile \u00e0 entretenir et \u00e0 nettoyer. Naturellement, le tapis de yoga RISHIKESH TRAVEL 60 r\u00e9pond aux normes de qualit\u00e9 les plus \u00e9lev\u00e9es et convient \u00e0 tous les types de yogis.<\/p>\n<p data-start=\"1328\" data-end=\"1631\">Le Rishikesh Travel 60 est lavable en machine jusqu'\u00e0 30\u00b0C sur un cycle d\u00e9licat. Pour \u00e9viter tout dommage, ne pas utiliser de d\u00e9tergent ou d'assouplissant et ne pas essorer. Veuillez noter que les tapis de yoga en PVC ne sont pas absorbants ; en cas de transpiration ou d'humidit\u00e9, l'adh\u00e9rence peut diminuer temporairement.<\/p>\n<p data-start=\"1633\" data-end=\"1776\">Un tapis de yoga fiable, l\u00e9ger et pratique pour tous ceux qui recherchent la flexibilit\u00e9, l'hygi\u00e8ne et la qualit\u00e9, quel que soit l'endroit o\u00f9 ils pratiquent le yoga. En bref, avec le tapis de yoga RISHIKESH TRAVEL 60, vous avez toujours la garantie du confort et de la commodit\u00e9. Et ce, o\u00f9 que vous soyez dans le monde.<\/p>","protected":false},"excerpt":{"rendered":"<p>Tapis de yoga de voyage extra l\u00e9ger et fin, d'une \u00e9paisseur de seulement 2 mm. Pliable, durable et certifi\u00e9 OEKO-TEX\u00ae. Id\u00e9al pour le yoga en d\u00e9placement, en voyage et en plein air.<\/p>\n<p><strong>Attention : le d\u00e9lai de livraison des articles Bodynova est de 4 \u00e0 5 jours minimum.<\/strong><\/p>","protected":false},"featured_media":15704,"comment_status":"open","ping_status":"closed","template":"","meta":[],"product_brand":[545],"product_cat":[356,368],"product_tag":[],"class_list":{"0":"post-15687","1":"product","2":"type-product","3":"status-publish","4":"has-post-thumbnail","6":"product_brand-bodhi","7":"product_cat-yoga-meditatie","8":"product_cat-yogamat","9":"product_shipping_class-klein-pakket","10":"pa_kleur-blauw","11":"pa_kleur-bordeaux","12":"pa_kleur-paars","13":"pa_kleur-taupe","14":"pa_merk-bodhi","16":"first","17":"instock","18":"taxable","19":"shipping-taxable","20":"purchasable","21":"product-type-variable"},"yoast_head":"<!-- This site is optimized with the Yoast SEO Premium plugin v27.4 (Yoast SEO v27.4) - https:\/\/yoast.com\/product\/yoast-seo-premium-wordpress\/ -->\n<title>Yogamat RISHIKESH TRAVEL 60 - TouchPro Europe Shop<\/title>\n<meta name=\"description\" content=\"Geniet van yoga waar je ook gaat met de Yogamat RISHIKESH TRAVEL 60. Deze dunne en lichte mat is de ideale begeleider voor jouw reizen!\" \/>\n<meta name=\"robots\" content=\"index, follow, max-snippet:-1, max-image-preview:large, max-video-preview:-1\" \/>\n<link rel=\"canonical\" href=\"https:\/\/touchproeurope.eu\/fr\/product\/tapis-de-yoga-rishikesh-voyage-60\/\" \/>\n<meta property=\"og:locale\" content=\"fr_FR\" \/>\n<meta property=\"og:type\" content=\"article\" \/>\n<meta property=\"og:title\" content=\"Yogamat RISHIKESH TRAVEL 60\" \/>\n<meta property=\"og:description\" content=\"Geniet van yoga waar je ook gaat met de Yogamat RISHIKESH TRAVEL 60. Deze dunne en lichte mat is de ideale begeleider voor jouw reizen!\" \/>\n<meta property=\"og:url\" content=\"https:\/\/touchproeurope.eu\/fr\/product\/tapis-de-yoga-rishikesh-voyage-60\/\" \/>\n<meta property=\"og:site_name\" content=\"TouchPro Europe Shop\" \/>\n<meta property=\"article:publisher\" content=\"https:\/\/www.facebook.com\/TouchproNederland\/?locale=nl_NL%2f\" \/>\n<meta property=\"article:modified_time\" content=\"2026-04-22T09:41:25+00:00\" \/>\n<meta property=\"og:image\" content=\"https:\/\/touchproeurope.eu\/wp-content\/uploads\/2026\/01\/470x_rishikesh_bodhi_reiseyogamatte_vaterbild-e1769433538602.jpg\" \/>\n\t<meta property=\"og:image:width\" content=\"800\" \/>\n\t<meta property=\"og:image:height\" content=\"800\" \/>\n\t<meta property=\"og:image:type\" content=\"image\/jpeg\" \/>\n<meta name=\"twitter:card\" content=\"summary_large_image\" \/>\n<meta name=\"twitter:label1\" content=\"Disponibilit\u00e9\" \/>\n\t<meta name=\"twitter:data1\" content=\"En stock\" \/>\n<script type=\"application\/ld+json\" class=\"yoast-schema-graph\">{\"@context\":\"https:\\\/\\\/schema.org\",\"@graph\":[{\"@type\":\"WebPage\",\"@id\":\"https:\\\/\\\/touchproeurope.eu\\\/product\\\/yogamat-rishikesh-travel-60\\\/\",\"url\":\"https:\\\/\\\/touchproeurope.eu\\\/product\\\/yogamat-rishikesh-travel-60\\\/\",\"name\":\"Yogamat RISHIKESH TRAVEL 60 - TouchPro Europe Shop\",\"isPartOf\":{\"@id\":\"https:\\\/\\\/touchproeurope.eu\\\/#website\"},\"primaryImageOfPage\":{\"@id\":\"https:\\\/\\\/touchproeurope.eu\\\/product\\\/yogamat-rishikesh-travel-60\\\/#primaryimage\"},\"image\":{\"@id\":\"https:\\\/\\\/touchproeurope.eu\\\/product\\\/yogamat-rishikesh-travel-60\\\/#primaryimage\"},\"thumbnailUrl\":\"https:\\\/\\\/i0.wp.com\\\/touchproeurope.eu\\\/wp-content\\\/uploads\\\/2026\\\/01\\\/470x_rishikesh_bodhi_reiseyogamatte_vaterbild-e1769433538602.jpg?fit=800%2C800&ssl=1\",\"datePublished\":\"2026-01-26T13:23:01+00:00\",\"dateModified\":\"2026-04-22T09:41:25+00:00\",\"description\":\"Geniet van yoga waar je ook gaat met de Yogamat RISHIKESH TRAVEL 60. Deze dunne en lichte mat is de ideale begeleider voor jouw reizen!\",\"breadcrumb\":{\"@id\":\"https:\\\/\\\/touchproeurope.eu\\\/product\\\/yogamat-rishikesh-travel-60\\\/#breadcrumb\"},\"inLanguage\":\"fr-FR\",\"potentialAction\":[{\"@type\":\"ReadAction\",\"target\":[\"https:\\\/\\\/touchproeurope.eu\\\/product\\\/yogamat-rishikesh-travel-60\\\/\"]}]},{\"@type\":\"ImageObject\",\"inLanguage\":\"fr-FR\",\"@id\":\"https:\\\/\\\/touchproeurope.eu\\\/product\\\/yogamat-rishikesh-travel-60\\\/#primaryimage\",\"url\":\"https:\\\/\\\/i0.wp.com\\\/touchproeurope.eu\\\/wp-content\\\/uploads\\\/2026\\\/01\\\/470x_rishikesh_bodhi_reiseyogamatte_vaterbild-e1769433538602.jpg?fit=800%2C800&ssl=1\",\"contentUrl\":\"https:\\\/\\\/i0.wp.com\\\/touchproeurope.eu\\\/wp-content\\\/uploads\\\/2026\\\/01\\\/470x_rishikesh_bodhi_reiseyogamatte_vaterbild-e1769433538602.jpg?fit=800%2C800&ssl=1\",\"width\":800,\"height\":800,\"caption\":\"Yogamat RISHIKESH TRAVEL 60 Blauw\"},{\"@type\":\"BreadcrumbList\",\"@id\":\"https:\\\/\\\/touchproeurope.eu\\\/product\\\/yogamat-rishikesh-travel-60\\\/#breadcrumb\",\"itemListElement\":[{\"@type\":\"ListItem\",\"position\":1,\"name\":\"Home\",\"item\":\"https:\\\/\\\/touchproeurope.eu\\\/\"},{\"@type\":\"ListItem\",\"position\":2,\"name\":\"Winkel\",\"item\":\"https:\\\/\\\/touchproeurope.eu\\\/winkel\\\/\"},{\"@type\":\"ListItem\",\"position\":3,\"name\":\"Yogamat RISHIKESH TRAVEL 60\"}]},{\"@type\":\"WebSite\",\"@id\":\"https:\\\/\\\/touchproeurope.eu\\\/#website\",\"url\":\"https:\\\/\\\/touchproeurope.eu\\\/\",\"name\":\"TouchPro Europe Shop\",\"description\":\"Alles voor jouw praktijk met een PROfessionele Touch!\",\"publisher\":{\"@id\":\"https:\\\/\\\/touchproeurope.eu\\\/#organization\"},\"alternateName\":\"TPE\",\"potentialAction\":[{\"@type\":\"SearchAction\",\"target\":{\"@type\":\"EntryPoint\",\"urlTemplate\":\"https:\\\/\\\/touchproeurope.eu\\\/?s={search_term_string}\"},\"query-input\":{\"@type\":\"PropertyValueSpecification\",\"valueRequired\":true,\"valueName\":\"search_term_string\"}}],\"inLanguage\":\"fr-FR\"},{\"@type\":\"Organization\",\"@id\":\"https:\\\/\\\/touchproeurope.eu\\\/#organization\",\"name\":\"TouchPro Europe BV\",\"alternateName\":\"TPE\",\"url\":\"https:\\\/\\\/touchproeurope.eu\\\/\",\"logo\":{\"@type\":\"ImageObject\",\"inLanguage\":\"fr-FR\",\"@id\":\"https:\\\/\\\/touchproeurope.eu\\\/#\\\/schema\\\/logo\\\/image\\\/\",\"url\":\"https:\\\/\\\/i0.wp.com\\\/touchproeurope.eu\\\/wp-content\\\/uploads\\\/2023\\\/10\\\/2b592c_b6944d80811246d987cc2c29accedf3f.png?fit=1417%2C531&ssl=1\",\"contentUrl\":\"https:\\\/\\\/i0.wp.com\\\/touchproeurope.eu\\\/wp-content\\\/uploads\\\/2023\\\/10\\\/2b592c_b6944d80811246d987cc2c29accedf3f.png?fit=1417%2C531&ssl=1\",\"width\":1417,\"height\":531,\"caption\":\"TouchPro Europe BV\"},\"image\":{\"@id\":\"https:\\\/\\\/touchproeurope.eu\\\/#\\\/schema\\\/logo\\\/image\\\/\"},\"sameAs\":[\"https:\\\/\\\/www.facebook.com\\\/TouchproNederland\\\/?locale=nl_NL\\\/\",\"https:\\\/\\\/www.instagram.com\\\/touchpro2016\\\/\",\"https:\\\/\\\/www.linkedin.com\\\/company\\\/touchpro-europe-bv\\\/\"],\"description\":\"TouchPro Europe Shop is de massage winkel van Europa. Wij verkopen topkwaliteit massageproducten aan masseurs, pedicures, fysiotherapeuten, manicuren, Wellness centra, opleidingen, etc. TouchPro begon als een kleine webshop in Nederland, maar is nu uitgegroeid tot een webshop met klanten uit heel Europa. Wij bieden een breed assortiment aan massageproducten, waaronder massagetafels, oli\u00ebn, cr\u00e8mes, en accessoires van topmerken, zoals Earthlite, Stronglite en InnerStrenght, Habys, Living Earth Crafts en Continuum en andere leveranciers van massage accessoires. Bestel hier de beste massagematerialen van Europa!\",\"email\":\"info@touchpro-europe.com\",\"telephone\":\"0858768829\",\"legalName\":\"TouchPro Europe BV\",\"foundingDate\":\"2018-01-11\",\"vatID\":\"NL855430151B01\",\"numberOfEmployees\":{\"@type\":\"QuantitativeValue\",\"minValue\":\"1\",\"maxValue\":\"10\"},\"hasMerchantReturnPolicy\":{\"@type\":\"MerchantReturnPolicy\",\"merchantReturnLink\":\"https:\\\/\\\/touchproeurope.eu\\\/fr\\\/retourbeleid\\\/\"}}]}<\/script>\n<meta property=\"product:brand\" content=\"Bodhi\" \/>\n<meta property=\"og:availability\" content=\"instock\" \/>\n<meta property=\"product:availability\" content=\"instock\" \/>\n<meta property=\"product:retailer_item_id\" content=\"470x\" \/>\n<meta property=\"product:condition\" content=\"new\" \/>\n<!-- \/ Yoast SEO Premium plugin. -->","yoast_head_json":{"title":"Tapis de yoga RISHIKESH TRAVEL 60 - TouchPro Europe Shop","description":"Profitez du yoga o\u00f9 que vous alliez avec le tapis de yoga RISHIKESH TRAVEL 60. Ce tapis fin et l\u00e9ger est le compagnon id\u00e9al de vos voyages !","robots":{"index":"index","follow":"follow","max-snippet":"max-snippet:-1","max-image-preview":"max-image-preview:large","max-video-preview":"max-video-preview:-1"},"canonical":"https:\/\/touchproeurope.eu\/fr\/product\/tapis-de-yoga-rishikesh-voyage-60\/","og_locale":"fr_FR","og_type":"article","og_title":"Yogamat RISHIKESH TRAVEL 60","og_description":"Geniet van yoga waar je ook gaat met de Yogamat RISHIKESH TRAVEL 60. Deze dunne en lichte mat is de ideale begeleider voor jouw reizen!","og_url":"https:\/\/touchproeurope.eu\/fr\/product\/tapis-de-yoga-rishikesh-voyage-60\/","og_site_name":"TouchPro Europe Shop","article_publisher":"https:\/\/www.facebook.com\/TouchproNederland\/?locale=nl_NL%2f","article_modified_time":"2026-04-22T09:41:25+00:00","og_image":[{"width":800,"height":800,"url":"https:\/\/touchproeurope.eu\/wp-content\/uploads\/2026\/01\/470x_rishikesh_bodhi_reiseyogamatte_vaterbild-e1769433538602.jpg","type":"image\/jpeg"}],"twitter_card":"summary_large_image","twitter_misc":{"Disponibilit\u00e9":"En stock"},"schema":{"@context":"https:\/\/schema.org","@graph":[{"@type":"WebPage","@id":"https:\/\/touchproeurope.eu\/product\/yogamat-rishikesh-travel-60\/","url":"https:\/\/touchproeurope.eu\/product\/yogamat-rishikesh-travel-60\/","name":"Tapis de yoga RISHIKESH TRAVEL 60 - TouchPro Europe Shop","isPartOf":{"@id":"https:\/\/touchproeurope.eu\/#website"},"primaryImageOfPage":{"@id":"https:\/\/touchproeurope.eu\/product\/yogamat-rishikesh-travel-60\/#primaryimage"},"image":{"@id":"https:\/\/touchproeurope.eu\/product\/yogamat-rishikesh-travel-60\/#primaryimage"},"thumbnailUrl":"https:\/\/i0.wp.com\/touchproeurope.eu\/wp-content\/uploads\/2026\/01\/470x_rishikesh_bodhi_reiseyogamatte_vaterbild-e1769433538602.jpg?fit=800%2C800&ssl=1","datePublished":"2026-01-26T13:23:01+00:00","dateModified":"2026-04-22T09:41:25+00:00","description":"Profitez du yoga o\u00f9 que vous alliez avec le tapis de yoga RISHIKESH TRAVEL 60. Ce tapis fin et l\u00e9ger est le compagnon id\u00e9al de vos voyages !","breadcrumb":{"@id":"https:\/\/touchproeurope.eu\/product\/yogamat-rishikesh-travel-60\/#breadcrumb"},"inLanguage":"fr-FR","potentialAction":[{"@type":"ReadAction","target":["https:\/\/touchproeurope.eu\/product\/yogamat-rishikesh-travel-60\/"]}]},{"@type":"ImageObject","inLanguage":"fr-FR","@id":"https:\/\/touchproeurope.eu\/product\/yogamat-rishikesh-travel-60\/#primaryimage","url":"https:\/\/i0.wp.com\/touchproeurope.eu\/wp-content\/uploads\/2026\/01\/470x_rishikesh_bodhi_reiseyogamatte_vaterbild-e1769433538602.jpg?fit=800%2C800&ssl=1","contentUrl":"https:\/\/i0.wp.com\/touchproeurope.eu\/wp-content\/uploads\/2026\/01\/470x_rishikesh_bodhi_reiseyogamatte_vaterbild-e1769433538602.jpg?fit=800%2C800&ssl=1","width":800,"height":800,"caption":"Yogamat RISHIKESH TRAVEL 60 Blauw"},{"@type":"BreadcrumbList","@id":"https:\/\/touchproeurope.eu\/product\/yogamat-rishikesh-travel-60\/#breadcrumb","itemListElement":[{"@type":"ListItem","position":1,"name":"Home","item":"https:\/\/touchproeurope.eu\/"},{"@type":"ListItem","position":2,"name":"Winkel","item":"https:\/\/touchproeurope.eu\/winkel\/"},{"@type":"ListItem","position":3,"name":"Yogamat RISHIKESH TRAVEL 60"}]},{"@type":"WebSite","@id":"https:\/\/touchproeurope.eu\/#website","url":"https:\/\/touchproeurope.eu\/","name":"TouchPro Europe Shop","description":"Tout pour votre pratique avec une touche PROfessionnelle !","publisher":{"@id":"https:\/\/touchproeurope.eu\/#organization"},"alternateName":"TPE","potentialAction":[{"@type":"SearchAction","target":{"@type":"EntryPoint","urlTemplate":"https:\/\/touchproeurope.eu\/?s={search_term_string}"},"query-input":{"@type":"PropertyValueSpecification","valueRequired":true,"valueName":"search_term_string"}}],"inLanguage":"fr-FR"},{"@type":"Organization","@id":"https:\/\/touchproeurope.eu\/#organization","name":"TouchPro Europe BV","alternateName":"TPE","url":"https:\/\/touchproeurope.eu\/","logo":{"@type":"ImageObject","inLanguage":"fr-FR","@id":"https:\/\/touchproeurope.eu\/#\/schema\/logo\/image\/","url":"https:\/\/i0.wp.com\/touchproeurope.eu\/wp-content\/uploads\/2023\/10\/2b592c_b6944d80811246d987cc2c29accedf3f.png?fit=1417%2C531&ssl=1","contentUrl":"https:\/\/i0.wp.com\/touchproeurope.eu\/wp-content\/uploads\/2023\/10\/2b592c_b6944d80811246d987cc2c29accedf3f.png?fit=1417%2C531&ssl=1","width":1417,"height":531,"caption":"TouchPro Europe BV"},"image":{"@id":"https:\/\/touchproeurope.eu\/#\/schema\/logo\/image\/"},"sameAs":["https:\/\/www.facebook.com\/TouchproNederland\/?locale=nl_NL\/","https:\/\/www.instagram.com\/touchpro2016\/","https:\/\/www.linkedin.com\/company\/touchpro-europe-bv\/"],"description":"TouchPro Europe Shop est le magasin de massage de l'Europe. Nous vendons des produits de massage de qualit\u00e9 sup\u00e9rieure aux masseurs, p\u00e9dicures, physioth\u00e9rapeutes, manucures, centres de bien-\u00eatre, cours de formation, etc. TouchPro a commenc\u00e9 comme un petit magasin aux Pays-Bas, mais s'est maintenant d\u00e9velopp\u00e9 pour devenir un magasin avec des clients de toute l'Europe. Nous proposons une large gamme de produits de massage, notamment des tables de massage, des huiles, des cr\u00e8mes et des accessoires de grandes marques telles que Earthlite, Stronglite et InnerStrenght, Habys, Living Earth Crafts et Continuum, ainsi que d'autres fournisseurs d'accessoires de massage. Commandez ici les meilleurs produits de massage d'Europe !","email":"info@touchpro-europe.com","telephone":"0858768829","legalName":"TouchPro Europe BV","foundingDate":"2018-01-11","vatID":"NL855430151B01","numberOfEmployees":{"@type":"QuantitativeValue","minValue":"1","maxValue":"10"},"hasMerchantReturnPolicy":{"@type":"MerchantReturnPolicy","merchantReturnLink":"https:\/\/touchproeurope.eu\/fr\/retourbeleid\/"}}]},"product_brand":"Bodhi","og_availability":"instock","product_availability":"instock","product_retailer_item_id":"470x","product_condition":"new"},"_links":{"self":[{"href":"https:\/\/touchproeurope.eu\/fr\/wp-json\/wp\/v2\/product\/15687","targetHints":{"allow":["GET"]}}],"collection":[{"href":"https:\/\/touchproeurope.eu\/fr\/wp-json\/wp\/v2\/product"}],"about":[{"href":"https:\/\/touchproeurope.eu\/fr\/wp-json\/wp\/v2\/types\/product"}],"replies":[{"embeddable":true,"href":"https:\/\/touchproeurope.eu\/fr\/wp-json\/wp\/v2\/comments?post=15687"}],"version-history":[{"count":1,"href":"https:\/\/touchproeurope.eu\/fr\/wp-json\/wp\/v2\/product\/15687\/revisions"}],"predecessor-version":[{"id":15711,"href":"https:\/\/touchproeurope.eu\/fr\/wp-json\/wp\/v2\/product\/15687\/revisions\/15711"}],"wp:featuredmedia":[{"embeddable":true,"href":"https:\/\/touchproeurope.eu\/fr\/wp-json\/wp\/v2\/media\/15704"}],"wp:attachment":[{"href":"https:\/\/touchproeurope.eu\/fr\/wp-json\/wp\/v2\/media?parent=15687"}],"wp:term":[{"taxonomy":"product_brand","embeddable":true,"href":"https:\/\/touchproeurope.eu\/fr\/wp-json\/wp\/v2\/product_brand?post=15687"},{"taxonomy":"product_cat","embeddable":true,"href":"https:\/\/touchproeurope.eu\/fr\/wp-json\/wp\/v2\/product_cat?post=15687"},{"taxonomy":"product_tag","embeddable":true,"href":"https:\/\/touchproeurope.eu\/fr\/wp-json\/wp\/v2\/product_tag?post=15687"}],"curies":[{"name":"wp","href":"https:\/\/api.w.org\/{rel}","templated":true}]}}