{"id":15747,"date":"2026-01-26T14:17:53","date_gmt":"2026-01-26T14:17:53","guid":{"rendered":"https:\/\/touchproeurope.eu\/?post_type=product&#038;p=15747"},"modified":"2026-04-22T09:41:25","modified_gmt":"2026-04-22T09:41:25","slug":"sac-pour-matelas-de-yoga-sac-facile","status":"publish","type":"product","link":"https:\/\/touchproeurope.eu\/fr\/product\/yogamat-tas-easy-bag\/","title":{"rendered":"Sac pour tapis de yoga EASY BAG"},"content":{"rendered":"<p>Le sac pour tapis de yoga EASY BAG est un sac l\u00e9ger, pratique et abordable pour tous ceux qui souhaitent transporter et prot\u00e9ger facilement leur tapis de yoga. Ce sac de yoga allie minimalisme et fonctionnalit\u00e9. Gr\u00e2ce \u00e0 son design minimaliste et \u00e0 ses motifs joyeux de yoga et d'OM, ce sac n'est pas seulement fonctionnel, il est aussi \u00e9l\u00e9gant et reconnaissable.<\/p>\n<p>Le sac pour tapis de yoga est fabriqu\u00e9 en polyester 100% et r\u00e9siste \u00e0 l'eau et \u00e0 la salet\u00e9. Il prot\u00e8ge votre tapis de yoga de l'humidit\u00e9, de la poussi\u00e8re et des rayures pendant le transport ou le stockage. Le sac EASY BAG est id\u00e9al pour une utilisation quotidienne au studio de yoga, \u00e0 la salle de sport ou pour le yoga en plein air. De plus, le sac pour tapis de yoga EASY BAG est un choix populaire parmi les amateurs de yoga.<\/p>\n<p>Le sac convient aux tapis de yoga d'une largeur maximale de 70 cm et d'un poids maximal de 2 kg. Il convient donc parfaitement \u00e0 la plupart des tapis de yoga standard en PVC et de fitness. Veuillez noter que le sac EASY BAG ne convient pas aux tapis de yoga extra-larges ou lourds, tels que les tapis en peau de mouton ou le tapis de yoga EcoPro DIAMOND. Le sac pour tapis de yoga EASY BAG offre donc principalement une solution pour les tapis de yoga ordinaires.<\/p>\n<p>Gr\u00e2ce \u00e0 son poids l\u00e9ger et \u00e0 son design simple, l'EASY BAG convient \u00e9galement tr\u00e8s bien comme emballage cadeau pour un tapis de yoga. Une solution fonctionnelle et attrayante pour les d\u00e9butants, les yogis amateurs et comme sac pour tapis de yoga d'entr\u00e9e de gamme. En bref, avec le sac pour tapis de yoga EASY BAG, vous choisissez la commodit\u00e9 et la qualit\u00e9.<\/p>","protected":false},"excerpt":{"rendered":"<p>Sac pour tapis de yoga en polyester, l\u00e9ger et hydrofuge, avec des motifs de yoga et d'OM. Convient aux tapis de yoga d'une largeur maximale de 70 cm et d'un poids d'environ 2 kg. Pratique, \u00e9l\u00e9gant et id\u00e9al pour un usage quotidien.<\/p>\n<p><strong>Attention : le d\u00e9lai de livraison des articles Bodynova est de 4 \u00e0 5 jours minimum.<\/strong><\/p>","protected":false},"featured_media":15765,"comment_status":"open","ping_status":"closed","template":"","meta":[],"product_brand":[545],"product_cat":[356,368],"product_tag":[],"class_list":{"0":"post-15747","1":"product","2":"type-product","3":"status-publish","4":"has-post-thumbnail","6":"product_brand-bodhi","7":"product_cat-yoga-meditatie","8":"product_cat-yogamat","9":"product_shipping_class-klein-pakket","10":"pa_kleur-aubergine","11":"pa_kleur-donker-blauw","12":"pa_kleur-donker-rood","13":"pa_kleur-licht-blauw","14":"pa_kleur-taupe","15":"pa_merk-bodhi","17":"first","18":"instock","19":"taxable","20":"shipping-taxable","21":"purchasable","22":"product-type-variable"},"yoast_head":"<!-- This site is optimized with the Yoast SEO Premium plugin v27.4 (Yoast SEO v27.4) - https:\/\/yoast.com\/product\/yoast-seo-premium-wordpress\/ -->\n<title>Yogamat tas EASY BAG - TouchPro Europe Shop<\/title>\n<meta name=\"description\" content=\"Neem je yogamat gemakkelijk mee met de Yogamat tas EASY BAG! Deze praktische en stijlvolle tas beschermt je mat tegen vocht en vuil.\" \/>\n<meta name=\"robots\" content=\"index, follow, max-snippet:-1, max-image-preview:large, max-video-preview:-1\" \/>\n<link rel=\"canonical\" href=\"https:\/\/touchproeurope.eu\/fr\/product\/sac-pour-matelas-de-yoga-sac-facile\/\" \/>\n<meta property=\"og:locale\" content=\"fr_FR\" \/>\n<meta property=\"og:type\" content=\"article\" \/>\n<meta property=\"og:title\" content=\"Yogamat tas EASY BAG\" \/>\n<meta property=\"og:description\" content=\"Neem je yogamat gemakkelijk mee met de Yogamat tas EASY BAG! Deze praktische en stijlvolle tas beschermt je mat tegen vocht en vuil.\" \/>\n<meta property=\"og:url\" content=\"https:\/\/touchproeurope.eu\/fr\/product\/sac-pour-matelas-de-yoga-sac-facile\/\" \/>\n<meta property=\"og:site_name\" content=\"TouchPro Europe Shop\" \/>\n<meta property=\"article:publisher\" content=\"https:\/\/www.facebook.com\/TouchproNederland\/?locale=nl_NL%2f\" \/>\n<meta property=\"article:modified_time\" content=\"2026-04-22T09:41:25+00:00\" \/>\n<meta property=\"og:image\" content=\"https:\/\/touchproeurope.eu\/wp-content\/uploads\/2026\/01\/919x-vaterbild-bodhi-easybag-e1769438268641.jpg\" \/>\n\t<meta property=\"og:image:width\" content=\"800\" \/>\n\t<meta property=\"og:image:height\" content=\"800\" \/>\n\t<meta property=\"og:image:type\" content=\"image\/jpeg\" \/>\n<meta name=\"twitter:card\" content=\"summary_large_image\" \/>\n<meta name=\"twitter:label1\" content=\"Disponibilit\u00e9\" \/>\n\t<meta name=\"twitter:data1\" content=\"En stock\" \/>\n<script type=\"application\/ld+json\" class=\"yoast-schema-graph\">{\"@context\":\"https:\\\/\\\/schema.org\",\"@graph\":[{\"@type\":\"WebPage\",\"@id\":\"https:\\\/\\\/touchproeurope.eu\\\/product\\\/yogamat-tas-easy-bag\\\/\",\"url\":\"https:\\\/\\\/touchproeurope.eu\\\/product\\\/yogamat-tas-easy-bag\\\/\",\"name\":\"Yogamat tas EASY BAG - TouchPro Europe Shop\",\"isPartOf\":{\"@id\":\"https:\\\/\\\/touchproeurope.eu\\\/#website\"},\"primaryImageOfPage\":{\"@id\":\"https:\\\/\\\/touchproeurope.eu\\\/product\\\/yogamat-tas-easy-bag\\\/#primaryimage\"},\"image\":{\"@id\":\"https:\\\/\\\/touchproeurope.eu\\\/product\\\/yogamat-tas-easy-bag\\\/#primaryimage\"},\"thumbnailUrl\":\"https:\\\/\\\/i0.wp.com\\\/touchproeurope.eu\\\/wp-content\\\/uploads\\\/2026\\\/01\\\/919x-vaterbild-bodhi-easybag-e1769438268641.jpg?fit=800%2C800&ssl=1\",\"datePublished\":\"2026-01-26T14:17:53+00:00\",\"dateModified\":\"2026-04-22T09:41:25+00:00\",\"description\":\"Neem je yogamat gemakkelijk mee met de Yogamat tas EASY BAG! Deze praktische en stijlvolle tas beschermt je mat tegen vocht en vuil.\",\"breadcrumb\":{\"@id\":\"https:\\\/\\\/touchproeurope.eu\\\/product\\\/yogamat-tas-easy-bag\\\/#breadcrumb\"},\"inLanguage\":\"fr-FR\",\"potentialAction\":[{\"@type\":\"ReadAction\",\"target\":[\"https:\\\/\\\/touchproeurope.eu\\\/product\\\/yogamat-tas-easy-bag\\\/\"]}]},{\"@type\":\"ImageObject\",\"inLanguage\":\"fr-FR\",\"@id\":\"https:\\\/\\\/touchproeurope.eu\\\/product\\\/yogamat-tas-easy-bag\\\/#primaryimage\",\"url\":\"https:\\\/\\\/i0.wp.com\\\/touchproeurope.eu\\\/wp-content\\\/uploads\\\/2026\\\/01\\\/919x-vaterbild-bodhi-easybag-e1769438268641.jpg?fit=800%2C800&ssl=1\",\"contentUrl\":\"https:\\\/\\\/i0.wp.com\\\/touchproeurope.eu\\\/wp-content\\\/uploads\\\/2026\\\/01\\\/919x-vaterbild-bodhi-easybag-e1769438268641.jpg?fit=800%2C800&ssl=1\",\"width\":800,\"height\":800,\"caption\":\"Yogamat tas EASY BAG\"},{\"@type\":\"BreadcrumbList\",\"@id\":\"https:\\\/\\\/touchproeurope.eu\\\/product\\\/yogamat-tas-easy-bag\\\/#breadcrumb\",\"itemListElement\":[{\"@type\":\"ListItem\",\"position\":1,\"name\":\"Home\",\"item\":\"https:\\\/\\\/touchproeurope.eu\\\/\"},{\"@type\":\"ListItem\",\"position\":2,\"name\":\"Winkel\",\"item\":\"https:\\\/\\\/touchproeurope.eu\\\/winkel\\\/\"},{\"@type\":\"ListItem\",\"position\":3,\"name\":\"Yogamat tas EASY BAG\"}]},{\"@type\":\"WebSite\",\"@id\":\"https:\\\/\\\/touchproeurope.eu\\\/#website\",\"url\":\"https:\\\/\\\/touchproeurope.eu\\\/\",\"name\":\"TouchPro Europe Shop\",\"description\":\"Alles voor jouw praktijk met een PROfessionele Touch!\",\"publisher\":{\"@id\":\"https:\\\/\\\/touchproeurope.eu\\\/#organization\"},\"alternateName\":\"TPE\",\"potentialAction\":[{\"@type\":\"SearchAction\",\"target\":{\"@type\":\"EntryPoint\",\"urlTemplate\":\"https:\\\/\\\/touchproeurope.eu\\\/?s={search_term_string}\"},\"query-input\":{\"@type\":\"PropertyValueSpecification\",\"valueRequired\":true,\"valueName\":\"search_term_string\"}}],\"inLanguage\":\"fr-FR\"},{\"@type\":\"Organization\",\"@id\":\"https:\\\/\\\/touchproeurope.eu\\\/#organization\",\"name\":\"TouchPro Europe BV\",\"alternateName\":\"TPE\",\"url\":\"https:\\\/\\\/touchproeurope.eu\\\/\",\"logo\":{\"@type\":\"ImageObject\",\"inLanguage\":\"fr-FR\",\"@id\":\"https:\\\/\\\/touchproeurope.eu\\\/#\\\/schema\\\/logo\\\/image\\\/\",\"url\":\"https:\\\/\\\/i0.wp.com\\\/touchproeurope.eu\\\/wp-content\\\/uploads\\\/2023\\\/10\\\/2b592c_b6944d80811246d987cc2c29accedf3f.png?fit=1417%2C531&ssl=1\",\"contentUrl\":\"https:\\\/\\\/i0.wp.com\\\/touchproeurope.eu\\\/wp-content\\\/uploads\\\/2023\\\/10\\\/2b592c_b6944d80811246d987cc2c29accedf3f.png?fit=1417%2C531&ssl=1\",\"width\":1417,\"height\":531,\"caption\":\"TouchPro Europe BV\"},\"image\":{\"@id\":\"https:\\\/\\\/touchproeurope.eu\\\/#\\\/schema\\\/logo\\\/image\\\/\"},\"sameAs\":[\"https:\\\/\\\/www.facebook.com\\\/TouchproNederland\\\/?locale=nl_NL\\\/\",\"https:\\\/\\\/www.instagram.com\\\/touchpro2016\\\/\",\"https:\\\/\\\/www.linkedin.com\\\/company\\\/touchpro-europe-bv\\\/\"],\"description\":\"TouchPro Europe Shop is de massage winkel van Europa. Wij verkopen topkwaliteit massageproducten aan masseurs, pedicures, fysiotherapeuten, manicuren, Wellness centra, opleidingen, etc. TouchPro begon als een kleine webshop in Nederland, maar is nu uitgegroeid tot een webshop met klanten uit heel Europa. Wij bieden een breed assortiment aan massageproducten, waaronder massagetafels, oli\u00ebn, cr\u00e8mes, en accessoires van topmerken, zoals Earthlite, Stronglite en InnerStrenght, Habys, Living Earth Crafts en Continuum en andere leveranciers van massage accessoires. Bestel hier de beste massagematerialen van Europa!\",\"email\":\"info@touchpro-europe.com\",\"telephone\":\"0858768829\",\"legalName\":\"TouchPro Europe BV\",\"foundingDate\":\"2018-01-11\",\"vatID\":\"NL855430151B01\",\"numberOfEmployees\":{\"@type\":\"QuantitativeValue\",\"minValue\":\"1\",\"maxValue\":\"10\"},\"hasMerchantReturnPolicy\":{\"@type\":\"MerchantReturnPolicy\",\"merchantReturnLink\":\"https:\\\/\\\/touchproeurope.eu\\\/fr\\\/retourbeleid\\\/\"}}]}<\/script>\n<meta property=\"product:brand\" content=\"Bodhi\" \/>\n<meta property=\"og:availability\" content=\"instock\" \/>\n<meta property=\"product:availability\" content=\"instock\" \/>\n<meta property=\"product:retailer_item_id\" content=\"919p\" \/>\n<meta property=\"product:condition\" content=\"new\" \/>\n<!-- \/ Yoast SEO Premium plugin. -->","yoast_head_json":{"title":"Sac pour tapis de yoga EASY BAG - TouchPro Europe Shop","description":"Emportez facilement votre tapis de yoga avec vous gr\u00e2ce au sac pour tapis de yoga EASY BAG ! Ce sac pratique et \u00e9l\u00e9gant prot\u00e8ge votre tapis de l'humidit\u00e9 et de la salet\u00e9.","robots":{"index":"index","follow":"follow","max-snippet":"max-snippet:-1","max-image-preview":"max-image-preview:large","max-video-preview":"max-video-preview:-1"},"canonical":"https:\/\/touchproeurope.eu\/fr\/product\/sac-pour-matelas-de-yoga-sac-facile\/","og_locale":"fr_FR","og_type":"article","og_title":"Yogamat tas EASY BAG","og_description":"Neem je yogamat gemakkelijk mee met de Yogamat tas EASY BAG! Deze praktische en stijlvolle tas beschermt je mat tegen vocht en vuil.","og_url":"https:\/\/touchproeurope.eu\/fr\/product\/sac-pour-matelas-de-yoga-sac-facile\/","og_site_name":"TouchPro Europe Shop","article_publisher":"https:\/\/www.facebook.com\/TouchproNederland\/?locale=nl_NL%2f","article_modified_time":"2026-04-22T09:41:25+00:00","og_image":[{"width":800,"height":800,"url":"https:\/\/touchproeurope.eu\/wp-content\/uploads\/2026\/01\/919x-vaterbild-bodhi-easybag-e1769438268641.jpg","type":"image\/jpeg"}],"twitter_card":"summary_large_image","twitter_misc":{"Disponibilit\u00e9":"En stock"},"schema":{"@context":"https:\/\/schema.org","@graph":[{"@type":"WebPage","@id":"https:\/\/touchproeurope.eu\/product\/yogamat-tas-easy-bag\/","url":"https:\/\/touchproeurope.eu\/product\/yogamat-tas-easy-bag\/","name":"Sac pour tapis de yoga EASY BAG - TouchPro Europe Shop","isPartOf":{"@id":"https:\/\/touchproeurope.eu\/#website"},"primaryImageOfPage":{"@id":"https:\/\/touchproeurope.eu\/product\/yogamat-tas-easy-bag\/#primaryimage"},"image":{"@id":"https:\/\/touchproeurope.eu\/product\/yogamat-tas-easy-bag\/#primaryimage"},"thumbnailUrl":"https:\/\/i0.wp.com\/touchproeurope.eu\/wp-content\/uploads\/2026\/01\/919x-vaterbild-bodhi-easybag-e1769438268641.jpg?fit=800%2C800&ssl=1","datePublished":"2026-01-26T14:17:53+00:00","dateModified":"2026-04-22T09:41:25+00:00","description":"Emportez facilement votre tapis de yoga avec vous gr\u00e2ce au sac pour tapis de yoga EASY BAG ! Ce sac pratique et \u00e9l\u00e9gant prot\u00e8ge votre tapis de l'humidit\u00e9 et de la salet\u00e9.","breadcrumb":{"@id":"https:\/\/touchproeurope.eu\/product\/yogamat-tas-easy-bag\/#breadcrumb"},"inLanguage":"fr-FR","potentialAction":[{"@type":"ReadAction","target":["https:\/\/touchproeurope.eu\/product\/yogamat-tas-easy-bag\/"]}]},{"@type":"ImageObject","inLanguage":"fr-FR","@id":"https:\/\/touchproeurope.eu\/product\/yogamat-tas-easy-bag\/#primaryimage","url":"https:\/\/i0.wp.com\/touchproeurope.eu\/wp-content\/uploads\/2026\/01\/919x-vaterbild-bodhi-easybag-e1769438268641.jpg?fit=800%2C800&ssl=1","contentUrl":"https:\/\/i0.wp.com\/touchproeurope.eu\/wp-content\/uploads\/2026\/01\/919x-vaterbild-bodhi-easybag-e1769438268641.jpg?fit=800%2C800&ssl=1","width":800,"height":800,"caption":"Yogamat tas EASY BAG"},{"@type":"BreadcrumbList","@id":"https:\/\/touchproeurope.eu\/product\/yogamat-tas-easy-bag\/#breadcrumb","itemListElement":[{"@type":"ListItem","position":1,"name":"Home","item":"https:\/\/touchproeurope.eu\/"},{"@type":"ListItem","position":2,"name":"Winkel","item":"https:\/\/touchproeurope.eu\/winkel\/"},{"@type":"ListItem","position":3,"name":"Yogamat tas EASY BAG"}]},{"@type":"WebSite","@id":"https:\/\/touchproeurope.eu\/#website","url":"https:\/\/touchproeurope.eu\/","name":"TouchPro Europe Shop","description":"Tout pour votre pratique avec une touche PROfessionnelle !","publisher":{"@id":"https:\/\/touchproeurope.eu\/#organization"},"alternateName":"TPE","potentialAction":[{"@type":"SearchAction","target":{"@type":"EntryPoint","urlTemplate":"https:\/\/touchproeurope.eu\/?s={search_term_string}"},"query-input":{"@type":"PropertyValueSpecification","valueRequired":true,"valueName":"search_term_string"}}],"inLanguage":"fr-FR"},{"@type":"Organization","@id":"https:\/\/touchproeurope.eu\/#organization","name":"TouchPro Europe BV","alternateName":"TPE","url":"https:\/\/touchproeurope.eu\/","logo":{"@type":"ImageObject","inLanguage":"fr-FR","@id":"https:\/\/touchproeurope.eu\/#\/schema\/logo\/image\/","url":"https:\/\/i0.wp.com\/touchproeurope.eu\/wp-content\/uploads\/2023\/10\/2b592c_b6944d80811246d987cc2c29accedf3f.png?fit=1417%2C531&ssl=1","contentUrl":"https:\/\/i0.wp.com\/touchproeurope.eu\/wp-content\/uploads\/2023\/10\/2b592c_b6944d80811246d987cc2c29accedf3f.png?fit=1417%2C531&ssl=1","width":1417,"height":531,"caption":"TouchPro Europe BV"},"image":{"@id":"https:\/\/touchproeurope.eu\/#\/schema\/logo\/image\/"},"sameAs":["https:\/\/www.facebook.com\/TouchproNederland\/?locale=nl_NL\/","https:\/\/www.instagram.com\/touchpro2016\/","https:\/\/www.linkedin.com\/company\/touchpro-europe-bv\/"],"description":"TouchPro Europe Shop est le magasin de massage de l'Europe. Nous vendons des produits de massage de qualit\u00e9 sup\u00e9rieure aux masseurs, p\u00e9dicures, physioth\u00e9rapeutes, manucures, centres de bien-\u00eatre, cours de formation, etc. TouchPro a commenc\u00e9 comme un petit magasin aux Pays-Bas, mais s'est maintenant d\u00e9velopp\u00e9 pour devenir un magasin avec des clients de toute l'Europe. Nous proposons une large gamme de produits de massage, notamment des tables de massage, des huiles, des cr\u00e8mes et des accessoires de grandes marques telles que Earthlite, Stronglite et InnerStrenght, Habys, Living Earth Crafts et Continuum, ainsi que d'autres fournisseurs d'accessoires de massage. Commandez ici les meilleurs produits de massage d'Europe !","email":"info@touchpro-europe.com","telephone":"0858768829","legalName":"TouchPro Europe BV","foundingDate":"2018-01-11","vatID":"NL855430151B01","numberOfEmployees":{"@type":"QuantitativeValue","minValue":"1","maxValue":"10"},"hasMerchantReturnPolicy":{"@type":"MerchantReturnPolicy","merchantReturnLink":"https:\/\/touchproeurope.eu\/fr\/retourbeleid\/"}}]},"product_brand":"Bodhi","og_availability":"instock","product_availability":"instock","product_retailer_item_id":"919p","product_condition":"new"},"_links":{"self":[{"href":"https:\/\/touchproeurope.eu\/fr\/wp-json\/wp\/v2\/product\/15747","targetHints":{"allow":["GET"]}}],"collection":[{"href":"https:\/\/touchproeurope.eu\/fr\/wp-json\/wp\/v2\/product"}],"about":[{"href":"https:\/\/touchproeurope.eu\/fr\/wp-json\/wp\/v2\/types\/product"}],"replies":[{"embeddable":true,"href":"https:\/\/touchproeurope.eu\/fr\/wp-json\/wp\/v2\/comments?post=15747"}],"version-history":[{"count":1,"href":"https:\/\/touchproeurope.eu\/fr\/wp-json\/wp\/v2\/product\/15747\/revisions"}],"predecessor-version":[{"id":15766,"href":"https:\/\/touchproeurope.eu\/fr\/wp-json\/wp\/v2\/product\/15747\/revisions\/15766"}],"wp:featuredmedia":[{"embeddable":true,"href":"https:\/\/touchproeurope.eu\/fr\/wp-json\/wp\/v2\/media\/15765"}],"wp:attachment":[{"href":"https:\/\/touchproeurope.eu\/fr\/wp-json\/wp\/v2\/media?parent=15747"}],"wp:term":[{"taxonomy":"product_brand","embeddable":true,"href":"https:\/\/touchproeurope.eu\/fr\/wp-json\/wp\/v2\/product_brand?post=15747"},{"taxonomy":"product_cat","embeddable":true,"href":"https:\/\/touchproeurope.eu\/fr\/wp-json\/wp\/v2\/product_cat?post=15747"},{"taxonomy":"product_tag","embeddable":true,"href":"https:\/\/touchproeurope.eu\/fr\/wp-json\/wp\/v2\/product_tag?post=15747"}],"curies":[{"name":"wp","href":"https:\/\/api.w.org\/{rel}","templated":true}]}}