{"id":1629,"date":"2023-11-07T21:01:24","date_gmt":"2023-11-07T21:01:24","guid":{"rendered":"https:\/\/touchproeurope.eu\/?post_type=product&#038;p=1629"},"modified":"2026-03-25T12:06:59","modified_gmt":"2026-03-25T12:06:59","slug":"earthlite-harmony-reiki-dx-table-de-massage","status":"publish","type":"product","link":"https:\/\/touchproeurope.eu\/fr\/product\/earthlite-harmony-reiki-dx-massagetafel\/","title":{"rendered":"Table de massage EarthLite Harmony Reiki DX"},"content":{"rendered":"<p>La table de massage EarthLite Harmony Reiki DX offre une relaxation parfaite. Le choix ultime pour les masseurs qui s'efforcent d'obtenir une qualit\u00e9 sup\u00e9rieure \u00e0 un prix abordable. Cette table de massage professionnelle best-seller offre une combinaison id\u00e9ale de l\u00e9g\u00e8ret\u00e9 et de portabilit\u00e9, de durabilit\u00e9 et d'excellent rembourrage, ce qui en fait un must absolu pour tout masseur professionnel.<\/p>\n<p>Mesurant 76 x 185 cm et r\u00e9glable en hauteur de 58 \u00e0 84 cm, cette table offre un espace de travail id\u00e9al pour un large \u00e9ventail de traitements. Le cadre en bois d'\u00e9rable dur garantit la stabilit\u00e9 et la fiabilit\u00e9 de la table. Le coussin robuste de 6,5 cm d'\u00e9paisseur est dot\u00e9 d'un syst\u00e8me de rembourrage multidensit\u00e9 avanc\u00e9 pour le plus grand confort de vos clients.<\/p>\n<p>L'ensemble est livr\u00e9 avec un appui-t\u00eate r\u00e9glable de luxe, un oreiller standard et un sac de transport pratique dot\u00e9 d'un compartiment de rangement suppl\u00e9mentaire. Vous pouvez ainsi transporter tous vos objets essentiels sans effort. La table de massage EarthLite Harmony Reiki DX est con\u00e7ue avec une capacit\u00e9 de charge dynamique de 270 kg, ce qui la rend parfaite pour les massages fermes et diverses techniques de traitement. En outre, la fonction Shiatsu Release en option offre une flexibilit\u00e9 suppl\u00e9mentaire pour les massages sp\u00e9cialis\u00e9s.<\/p>\n<p>La table est recouverte d'un mat\u00e9riau Nature Touch luxueux, durable et respectueux de l'environnement, qui profite non seulement \u00e0 vos clients mais aussi \u00e0 notre plan\u00e8te. La structure est garantie \u00e0 vie et le coussin et le vinyle sont garantis 3 ans. Vous pouvez ainsi investir en toute confiance dans l'avenir de votre cabinet.<\/p>\n<p>N'attendez plus ! Choisissez la table de massage Earthlite Harmony DX et offrez \u00e0 vos clients une exp\u00e9rience de massage inoubliable.<\/p>","protected":false},"excerpt":{"rendered":"<div class=\"product-details-module__title ec-header-h6\"><strong>La table de massage Earthlite Harmony DX<\/strong>\u00a0- Une table de massage professionnelle tr\u00e8s solide et largement vendue. Avec son poids relativement l\u00e9ger, son plateau solide bien rembourr\u00e9 et sa bonne capacit\u00e9 de charge, c'est un must pour le masseur qui recherche une bonne qualit\u00e9 \u00e0 un bon prix. L'ensemble comprend :<\/div>\n<div class=\"product-details-module__content\">\n<div id=\"productDescription\" class=\"product-details__product-description\">\n<ul>\n<li>Table de massage EarthLite Harmony Reiki DX<\/li>\n<li>Appui-t\u00eate r\u00e9glable de luxe avec oreiller standard<\/li>\n<li>Sac de transport avec compartiment de rangement suppl\u00e9mentaire<\/li>\n<\/ul>\n<p>Caract\u00e9ristiques :<\/p>\n<ul>\n<li>Taille 76 x 185 cm<\/li>\n<li>Poids 15 kg<\/li>\n<li>Hauteur r\u00e9glable de 58 \u00e0 84 cm<\/li>\n<li>Cadre en bois d'\u00e9rable dur de qualit\u00e9<\/li>\n<li>Coussin ferme de 6,5 cm d'\u00e9paisseur avec syst\u00e8me d'amortissement multidensit\u00e9<\/li>\n<li>Capacit\u00e9 de charge dynamique de 270 kg<\/li>\n<li>Option de lib\u00e9ration shiatsu<\/li>\n<li>Sellerie Nature Touch luxueuse, durable et respectueuse de l'environnement<\/li>\n<li>Garantie limit\u00e9e \u00e0 vie sur le cadre et 3 ans sur le coussin et le vinyle<\/li>\n<li>Feuille de calcul officielle :\u00a0<a href=\"https:\/\/b2b.earthlite.eu\/media\/wysiwyg\/SalesSheets\/Harmony_DX_-_1-300-0080_-_Rev_040119.pdf\" target=\"_blank\" rel=\"noopener\">Harmony DX<\/a><\/li>\n<\/ul>\n<\/div>\n<\/div>","protected":false},"featured_media":1641,"comment_status":"open","ping_status":"closed","template":"","meta":[],"product_brand":[343],"product_cat":[94,93],"product_tag":[61,59,50,55,60],"class_list":{"0":"post-1629","1":"product","2":"type-product","3":"status-publish","4":"has-post-thumbnail","6":"product_brand-earthlite","7":"product_cat-draagbare-massagetafels","8":"product_cat-massagetafels","9":"product_tag-draagtas","10":"product_tag-earthlite-harmony-dx","11":"product_tag-massagetafels","12":"product_tag-professional","13":"product_tag-topkwalliteit","14":"product_shipping_class-groot-pakket","15":"pa_kleur-agate-mystic-blue","16":"pa_kleur-bordeaux","17":"pa_kleur-vanille-creme","18":"pa_kleur-zwart","19":"pa_merk-earthlite","21":"first","22":"instock","23":"taxable","24":"shipping-taxable","25":"purchasable","26":"product-type-variable"},"yoast_head":"<!-- This site is optimized with the Yoast SEO Premium plugin v27.3 (Yoast SEO v27.3) - https:\/\/yoast.com\/product\/yoast-seo-premium-wordpress\/ -->\n<title>EarthLite Harmony Reiki DX Massagetafel - TouchPro Europe Shop<\/title>\n<meta name=\"description\" content=\"Ontdek ontspanning met de EarthLite Harmony Reiki DX Massagetafel. De ultieme keuze voor professionele masseurs die een betaalbare topkwaliteit zoeken.\" \/>\n<meta name=\"robots\" content=\"index, follow, max-snippet:-1, max-image-preview:large, max-video-preview:-1\" \/>\n<link rel=\"canonical\" href=\"https:\/\/touchproeurope.eu\/fr\/product\/earthlite-harmony-reiki-dx-table-de-massage\/\" \/>\n<meta property=\"og:locale\" content=\"fr_FR\" \/>\n<meta property=\"og:type\" content=\"article\" \/>\n<meta property=\"og:title\" content=\"EarthLite Harmony Reiki DX Massagetafel\" \/>\n<meta property=\"og:description\" content=\"Ontdek ontspanning met de EarthLite Harmony Reiki DX Massagetafel. De ultieme keuze voor professionele masseurs die een betaalbare topkwaliteit zoeken.\" \/>\n<meta property=\"og:url\" content=\"https:\/\/touchproeurope.eu\/fr\/product\/earthlite-harmony-reiki-dx-table-de-massage\/\" \/>\n<meta property=\"og:site_name\" content=\"TouchPro Europe Shop\" \/>\n<meta property=\"article:publisher\" content=\"https:\/\/www.facebook.com\/TouchproNederland\/?locale=nl_NL%2f\" \/>\n<meta property=\"article:modified_time\" content=\"2026-03-25T12:06:59+00:00\" \/>\n<meta property=\"og:image\" content=\"https:\/\/touchproeurope.eu\/wp-content\/uploads\/2023\/11\/EarthLite-Harmony-Reiki-DX-Massagetafel-Agate-en-Draagtas.jpg\" \/>\n\t<meta property=\"og:image:width\" content=\"2000\" \/>\n\t<meta property=\"og:image:height\" content=\"2000\" \/>\n\t<meta property=\"og:image:type\" content=\"image\/jpeg\" \/>\n<meta name=\"twitter:card\" content=\"summary_large_image\" \/>\n<meta name=\"twitter:label1\" content=\"Disponibilit\u00e9\" \/>\n\t<meta name=\"twitter:data1\" content=\"En stock\" \/>\n<script type=\"application\/ld+json\" class=\"yoast-schema-graph\">{\"@context\":\"https:\\\/\\\/schema.org\",\"@graph\":[{\"@type\":\"WebPage\",\"@id\":\"https:\\\/\\\/touchproeurope.eu\\\/product\\\/earthlite-harmony-reiki-dx-massagetafel\\\/\",\"url\":\"https:\\\/\\\/touchproeurope.eu\\\/product\\\/earthlite-harmony-reiki-dx-massagetafel\\\/\",\"name\":\"EarthLite Harmony Reiki DX Massagetafel - TouchPro Europe Shop\",\"isPartOf\":{\"@id\":\"https:\\\/\\\/touchproeurope.eu\\\/#website\"},\"primaryImageOfPage\":{\"@id\":\"https:\\\/\\\/touchproeurope.eu\\\/product\\\/earthlite-harmony-reiki-dx-massagetafel\\\/#primaryimage\"},\"image\":{\"@id\":\"https:\\\/\\\/touchproeurope.eu\\\/product\\\/earthlite-harmony-reiki-dx-massagetafel\\\/#primaryimage\"},\"thumbnailUrl\":\"https:\\\/\\\/i0.wp.com\\\/touchproeurope.eu\\\/wp-content\\\/uploads\\\/2023\\\/11\\\/EarthLite-Harmony-Reiki-DX-Massagetafel-Agate-en-Draagtas.jpg?fit=2000%2C2000&ssl=1\",\"datePublished\":\"2023-11-07T21:01:24+00:00\",\"dateModified\":\"2026-03-25T12:06:59+00:00\",\"description\":\"Ontdek ontspanning met de EarthLite Harmony Reiki DX Massagetafel. De ultieme keuze voor professionele masseurs die een betaalbare topkwaliteit zoeken.\",\"breadcrumb\":{\"@id\":\"https:\\\/\\\/touchproeurope.eu\\\/product\\\/earthlite-harmony-reiki-dx-massagetafel\\\/#breadcrumb\"},\"inLanguage\":\"fr-FR\",\"potentialAction\":[{\"@type\":\"ReadAction\",\"target\":[\"https:\\\/\\\/touchproeurope.eu\\\/product\\\/earthlite-harmony-reiki-dx-massagetafel\\\/\"]}]},{\"@type\":\"ImageObject\",\"inLanguage\":\"fr-FR\",\"@id\":\"https:\\\/\\\/touchproeurope.eu\\\/product\\\/earthlite-harmony-reiki-dx-massagetafel\\\/#primaryimage\",\"url\":\"https:\\\/\\\/i0.wp.com\\\/touchproeurope.eu\\\/wp-content\\\/uploads\\\/2023\\\/11\\\/EarthLite-Harmony-Reiki-DX-Massagetafel-Agate-en-Draagtas.jpg?fit=2000%2C2000&ssl=1\",\"contentUrl\":\"https:\\\/\\\/i0.wp.com\\\/touchproeurope.eu\\\/wp-content\\\/uploads\\\/2023\\\/11\\\/EarthLite-Harmony-Reiki-DX-Massagetafel-Agate-en-Draagtas.jpg?fit=2000%2C2000&ssl=1\",\"width\":2000,\"height\":2000,\"caption\":\"EarthLite Harmony Reiki DX Massagetafel Agate en Draagtas\"},{\"@type\":\"BreadcrumbList\",\"@id\":\"https:\\\/\\\/touchproeurope.eu\\\/product\\\/earthlite-harmony-reiki-dx-massagetafel\\\/#breadcrumb\",\"itemListElement\":[{\"@type\":\"ListItem\",\"position\":1,\"name\":\"Home\",\"item\":\"https:\\\/\\\/touchproeurope.eu\\\/\"},{\"@type\":\"ListItem\",\"position\":2,\"name\":\"Winkel\",\"item\":\"https:\\\/\\\/touchproeurope.eu\\\/winkel\\\/\"},{\"@type\":\"ListItem\",\"position\":3,\"name\":\"EarthLite Harmony Reiki DX Massagetafel\"}]},{\"@type\":\"WebSite\",\"@id\":\"https:\\\/\\\/touchproeurope.eu\\\/#website\",\"url\":\"https:\\\/\\\/touchproeurope.eu\\\/\",\"name\":\"TouchPro Europe Shop\",\"description\":\"Alles voor jouw praktijk met een PROfessionele Touch!\",\"publisher\":{\"@id\":\"https:\\\/\\\/touchproeurope.eu\\\/#organization\"},\"alternateName\":\"TPE\",\"potentialAction\":[{\"@type\":\"SearchAction\",\"target\":{\"@type\":\"EntryPoint\",\"urlTemplate\":\"https:\\\/\\\/touchproeurope.eu\\\/?s={search_term_string}\"},\"query-input\":{\"@type\":\"PropertyValueSpecification\",\"valueRequired\":true,\"valueName\":\"search_term_string\"}}],\"inLanguage\":\"fr-FR\"},{\"@type\":\"Organization\",\"@id\":\"https:\\\/\\\/touchproeurope.eu\\\/#organization\",\"name\":\"TouchPro Europe BV\",\"alternateName\":\"TPE\",\"url\":\"https:\\\/\\\/touchproeurope.eu\\\/\",\"logo\":{\"@type\":\"ImageObject\",\"inLanguage\":\"fr-FR\",\"@id\":\"https:\\\/\\\/touchproeurope.eu\\\/#\\\/schema\\\/logo\\\/image\\\/\",\"url\":\"https:\\\/\\\/i0.wp.com\\\/touchproeurope.eu\\\/wp-content\\\/uploads\\\/2023\\\/10\\\/2b592c_b6944d80811246d987cc2c29accedf3f.png?fit=1417%2C531&ssl=1\",\"contentUrl\":\"https:\\\/\\\/i0.wp.com\\\/touchproeurope.eu\\\/wp-content\\\/uploads\\\/2023\\\/10\\\/2b592c_b6944d80811246d987cc2c29accedf3f.png?fit=1417%2C531&ssl=1\",\"width\":1417,\"height\":531,\"caption\":\"TouchPro Europe BV\"},\"image\":{\"@id\":\"https:\\\/\\\/touchproeurope.eu\\\/#\\\/schema\\\/logo\\\/image\\\/\"},\"sameAs\":[\"https:\\\/\\\/www.facebook.com\\\/TouchproNederland\\\/?locale=nl_NL\\\/\",\"https:\\\/\\\/www.instagram.com\\\/touchpro2016\\\/\",\"https:\\\/\\\/www.linkedin.com\\\/company\\\/touchpro-europe-bv\\\/\"],\"description\":\"TouchPro Europe Shop is de massage winkel van Europa. Wij verkopen topkwaliteit massageproducten aan masseurs, pedicures, fysiotherapeuten, manicuren, Wellness centra, opleidingen, etc. TouchPro begon als een kleine webshop in Nederland, maar is nu uitgegroeid tot een webshop met klanten uit heel Europa. Wij bieden een breed assortiment aan massageproducten, waaronder massagetafels, oli\u00ebn, cr\u00e8mes, en accessoires van topmerken, zoals Earthlite, Stronglite en InnerStrenght, Habys, Living Earth Crafts en Continuum en andere leveranciers van massage accessoires. Bestel hier de beste massagematerialen van Europa!\",\"email\":\"info@touchpro-europe.com\",\"telephone\":\"0858768829\",\"legalName\":\"TouchPro Europe BV\",\"foundingDate\":\"2018-01-11\",\"vatID\":\"NL855430151B01\",\"numberOfEmployees\":{\"@type\":\"QuantitativeValue\",\"minValue\":\"1\",\"maxValue\":\"10\"},\"hasMerchantReturnPolicy\":{\"@type\":\"MerchantReturnPolicy\",\"merchantReturnLink\":\"https:\\\/\\\/touchproeurope.eu\\\/fr\\\/retourbeleid\\\/\"}}]}<\/script>\n<meta property=\"product:brand\" content=\"Earthlite\" \/>\n<meta property=\"og:availability\" content=\"instock\" \/>\n<meta property=\"product:availability\" content=\"instock\" \/>\n<meta property=\"product:condition\" content=\"new\" \/>\n<!-- \/ Yoast SEO Premium plugin. -->","yoast_head_json":{"title":"EarthLite Harmony Reiki DX Table de massage - TouchPro Europe Shop","description":"D\u00e9couvrez la relaxation avec la table de massage EarthLite Harmony Reiki DX. Le choix ultime pour les masseurs professionnels \u00e0 la recherche d'une qualit\u00e9 sup\u00e9rieure \u00e0 un prix abordable.","robots":{"index":"index","follow":"follow","max-snippet":"max-snippet:-1","max-image-preview":"max-image-preview:large","max-video-preview":"max-video-preview:-1"},"canonical":"https:\/\/touchproeurope.eu\/fr\/product\/earthlite-harmony-reiki-dx-table-de-massage\/","og_locale":"fr_FR","og_type":"article","og_title":"EarthLite Harmony Reiki DX Massagetafel","og_description":"Ontdek ontspanning met de EarthLite Harmony Reiki DX Massagetafel. De ultieme keuze voor professionele masseurs die een betaalbare topkwaliteit zoeken.","og_url":"https:\/\/touchproeurope.eu\/fr\/product\/earthlite-harmony-reiki-dx-table-de-massage\/","og_site_name":"TouchPro Europe Shop","article_publisher":"https:\/\/www.facebook.com\/TouchproNederland\/?locale=nl_NL%2f","article_modified_time":"2026-03-25T12:06:59+00:00","og_image":[{"width":2000,"height":2000,"url":"https:\/\/touchproeurope.eu\/wp-content\/uploads\/2023\/11\/EarthLite-Harmony-Reiki-DX-Massagetafel-Agate-en-Draagtas.jpg","type":"image\/jpeg"}],"twitter_card":"summary_large_image","twitter_misc":{"Disponibilit\u00e9":"En stock"},"schema":{"@context":"https:\/\/schema.org","@graph":[{"@type":"WebPage","@id":"https:\/\/touchproeurope.eu\/product\/earthlite-harmony-reiki-dx-massagetafel\/","url":"https:\/\/touchproeurope.eu\/product\/earthlite-harmony-reiki-dx-massagetafel\/","name":"EarthLite Harmony Reiki DX Table de massage - TouchPro Europe Shop","isPartOf":{"@id":"https:\/\/touchproeurope.eu\/#website"},"primaryImageOfPage":{"@id":"https:\/\/touchproeurope.eu\/product\/earthlite-harmony-reiki-dx-massagetafel\/#primaryimage"},"image":{"@id":"https:\/\/touchproeurope.eu\/product\/earthlite-harmony-reiki-dx-massagetafel\/#primaryimage"},"thumbnailUrl":"https:\/\/i0.wp.com\/touchproeurope.eu\/wp-content\/uploads\/2023\/11\/EarthLite-Harmony-Reiki-DX-Massagetafel-Agate-en-Draagtas.jpg?fit=2000%2C2000&ssl=1","datePublished":"2023-11-07T21:01:24+00:00","dateModified":"2026-03-25T12:06:59+00:00","description":"D\u00e9couvrez la relaxation avec la table de massage EarthLite Harmony Reiki DX. Le choix ultime pour les masseurs professionnels \u00e0 la recherche d'une qualit\u00e9 sup\u00e9rieure \u00e0 un prix abordable.","breadcrumb":{"@id":"https:\/\/touchproeurope.eu\/product\/earthlite-harmony-reiki-dx-massagetafel\/#breadcrumb"},"inLanguage":"fr-FR","potentialAction":[{"@type":"ReadAction","target":["https:\/\/touchproeurope.eu\/product\/earthlite-harmony-reiki-dx-massagetafel\/"]}]},{"@type":"ImageObject","inLanguage":"fr-FR","@id":"https:\/\/touchproeurope.eu\/product\/earthlite-harmony-reiki-dx-massagetafel\/#primaryimage","url":"https:\/\/i0.wp.com\/touchproeurope.eu\/wp-content\/uploads\/2023\/11\/EarthLite-Harmony-Reiki-DX-Massagetafel-Agate-en-Draagtas.jpg?fit=2000%2C2000&ssl=1","contentUrl":"https:\/\/i0.wp.com\/touchproeurope.eu\/wp-content\/uploads\/2023\/11\/EarthLite-Harmony-Reiki-DX-Massagetafel-Agate-en-Draagtas.jpg?fit=2000%2C2000&ssl=1","width":2000,"height":2000,"caption":"EarthLite Harmony Reiki DX Massagetafel Agate en Draagtas"},{"@type":"BreadcrumbList","@id":"https:\/\/touchproeurope.eu\/product\/earthlite-harmony-reiki-dx-massagetafel\/#breadcrumb","itemListElement":[{"@type":"ListItem","position":1,"name":"Home","item":"https:\/\/touchproeurope.eu\/"},{"@type":"ListItem","position":2,"name":"Winkel","item":"https:\/\/touchproeurope.eu\/winkel\/"},{"@type":"ListItem","position":3,"name":"EarthLite Harmony Reiki DX Massagetafel"}]},{"@type":"WebSite","@id":"https:\/\/touchproeurope.eu\/#website","url":"https:\/\/touchproeurope.eu\/","name":"TouchPro Europe Shop","description":"Tout pour votre pratique avec une touche PROfessionnelle !","publisher":{"@id":"https:\/\/touchproeurope.eu\/#organization"},"alternateName":"TPE","potentialAction":[{"@type":"SearchAction","target":{"@type":"EntryPoint","urlTemplate":"https:\/\/touchproeurope.eu\/?s={search_term_string}"},"query-input":{"@type":"PropertyValueSpecification","valueRequired":true,"valueName":"search_term_string"}}],"inLanguage":"fr-FR"},{"@type":"Organization","@id":"https:\/\/touchproeurope.eu\/#organization","name":"TouchPro Europe BV","alternateName":"TPE","url":"https:\/\/touchproeurope.eu\/","logo":{"@type":"ImageObject","inLanguage":"fr-FR","@id":"https:\/\/touchproeurope.eu\/#\/schema\/logo\/image\/","url":"https:\/\/i0.wp.com\/touchproeurope.eu\/wp-content\/uploads\/2023\/10\/2b592c_b6944d80811246d987cc2c29accedf3f.png?fit=1417%2C531&ssl=1","contentUrl":"https:\/\/i0.wp.com\/touchproeurope.eu\/wp-content\/uploads\/2023\/10\/2b592c_b6944d80811246d987cc2c29accedf3f.png?fit=1417%2C531&ssl=1","width":1417,"height":531,"caption":"TouchPro Europe BV"},"image":{"@id":"https:\/\/touchproeurope.eu\/#\/schema\/logo\/image\/"},"sameAs":["https:\/\/www.facebook.com\/TouchproNederland\/?locale=nl_NL\/","https:\/\/www.instagram.com\/touchpro2016\/","https:\/\/www.linkedin.com\/company\/touchpro-europe-bv\/"],"description":"TouchPro Europe Shop est le magasin de massage de l'Europe. Nous vendons des produits de massage de qualit\u00e9 sup\u00e9rieure aux masseurs, p\u00e9dicures, physioth\u00e9rapeutes, manucures, centres de bien-\u00eatre, cours de formation, etc. TouchPro a commenc\u00e9 comme un petit magasin aux Pays-Bas, mais s'est maintenant d\u00e9velopp\u00e9 pour devenir un magasin avec des clients de toute l'Europe. Nous proposons une large gamme de produits de massage, notamment des tables de massage, des huiles, des cr\u00e8mes et des accessoires de grandes marques telles que Earthlite, Stronglite et InnerStrenght, Habys, Living Earth Crafts et Continuum, ainsi que d'autres fournisseurs d'accessoires de massage. Commandez ici les meilleurs produits de massage d'Europe !","email":"info@touchpro-europe.com","telephone":"0858768829","legalName":"TouchPro Europe BV","foundingDate":"2018-01-11","vatID":"NL855430151B01","numberOfEmployees":{"@type":"QuantitativeValue","minValue":"1","maxValue":"10"},"hasMerchantReturnPolicy":{"@type":"MerchantReturnPolicy","merchantReturnLink":"https:\/\/touchproeurope.eu\/fr\/retourbeleid\/"}}]},"product_brand":"Earthlite","og_availability":"instock","product_availability":"instock","product_condition":"new"},"_links":{"self":[{"href":"https:\/\/touchproeurope.eu\/fr\/wp-json\/wp\/v2\/product\/1629","targetHints":{"allow":["GET"]}}],"collection":[{"href":"https:\/\/touchproeurope.eu\/fr\/wp-json\/wp\/v2\/product"}],"about":[{"href":"https:\/\/touchproeurope.eu\/fr\/wp-json\/wp\/v2\/types\/product"}],"replies":[{"embeddable":true,"href":"https:\/\/touchproeurope.eu\/fr\/wp-json\/wp\/v2\/comments?post=1629"}],"version-history":[{"count":6,"href":"https:\/\/touchproeurope.eu\/fr\/wp-json\/wp\/v2\/product\/1629\/revisions"}],"predecessor-version":[{"id":1758,"href":"https:\/\/touchproeurope.eu\/fr\/wp-json\/wp\/v2\/product\/1629\/revisions\/1758"}],"wp:featuredmedia":[{"embeddable":true,"href":"https:\/\/touchproeurope.eu\/fr\/wp-json\/wp\/v2\/media\/1641"}],"wp:attachment":[{"href":"https:\/\/touchproeurope.eu\/fr\/wp-json\/wp\/v2\/media?parent=1629"}],"wp:term":[{"taxonomy":"product_brand","embeddable":true,"href":"https:\/\/touchproeurope.eu\/fr\/wp-json\/wp\/v2\/product_brand?post=1629"},{"taxonomy":"product_cat","embeddable":true,"href":"https:\/\/touchproeurope.eu\/fr\/wp-json\/wp\/v2\/product_cat?post=1629"},{"taxonomy":"product_tag","embeddable":true,"href":"https:\/\/touchproeurope.eu\/fr\/wp-json\/wp\/v2\/product_tag?post=1629"}],"curies":[{"name":"wp","href":"https:\/\/api.w.org\/{rel}","templated":true}]}}