{"id":16412,"date":"2026-05-04T08:29:20","date_gmt":"2026-05-04T08:29:20","guid":{"rendered":"https:\/\/touchproeurope.eu\/?post_type=product&#038;p=16412"},"modified":"2026-05-12T09:31:01","modified_gmt":"2026-05-12T09:31:01","slug":"masseur-de-bois-dur-birdy","status":"publish","type":"product","link":"https:\/\/touchproeurope.eu\/fr\/product\/massageapparaat-van-hardhout-birdy\/","title":{"rendered":"Masseur de bois dur BIRDY"},"content":{"rendered":"<p data-start=\"229\" data-end=\"558\">Le masseur en bois dur BIRDY est un outil de massage compact et ergonomique pour des traitements cibl\u00e9s et profonds des zones musculaires sensibles et des points de d\u00e9clenchement. Gr\u00e2ce \u00e0 sa forme incurv\u00e9e, l'outil tient confortablement dans la main et permet d'exercer une pression contr\u00f4l\u00e9e sans solliciter inutilement les pouces, les doigts ou les poignets.<\/p>\n<p data-start=\"560\" data-end=\"965\">Le BIRDY est particuli\u00e8rement adapt\u00e9 \u00e0 la d\u00e9tection et au traitement des points sensibles dans les bras, les jambes et le dos. Les points de d\u00e9clenchement ressemblent souvent \u00e0 de petits n\u0153uds, \u00e0 des bandes dures ou \u00e0 des points sensibles dans le muscle. En augmentant lentement la pression avec l'outil de massage et en la maintenant pendant environ 30 secondes, la tension peut \u00eatre cibl\u00e9e. Apr\u00e8s une courte pause, le traitement peut \u00eatre r\u00e9p\u00e9t\u00e9 si n\u00e9cessaire.<\/p>\n<p data-start=\"967\" data-end=\"1299\">Gr\u00e2ce \u00e0 ses dimensions pratiques de 10 x 5 cm, cet outil de massage en bois dur est facile \u00e0 utiliser lors de traitements professionnels, de massages sportifs, de th\u00e9rapies des points de d\u00e9clenchement ou d'automassages. Sa forme permet diff\u00e9rents angles de pression, ce qui permet de travailler avec pr\u00e9cision et en profondeur sur les points de tension locaux.<\/p>\n<p data-start=\"1301\" data-end=\"1790\">L'appareil de massage BIRDY est fabriqu\u00e9 en bois dur et constitue une base solide et durable pour une utilisation intensive. Il convient aux th\u00e9rapeutes, aux masseurs, aux entra\u00eeneurs sportifs et aux utilisateurs priv\u00e9s qui souhaitent travailler sur la relaxation, la r\u00e9cup\u00e9ration musculaire et la mobilit\u00e9 d'une mani\u00e8re simple mais efficace. Le BIRDY est \u00e9galement d\u00e9crit en ligne comme un outil en bois de 10 x 5 cm pour le traitement pr\u00e9cis et profond des zones douloureuses.<\/p>","protected":false},"excerpt":{"rendered":"<p>Appareil de massage compact en bois dur pour le traitement en profondeur des points de d\u00e9clenchement. Sa forme incurv\u00e9e tient confortablement dans la main et permet d'exercer une pression cibl\u00e9e sur les zones sensibles des bras, des jambes et du dos.<\/p>\n<p><strong>Attention : le d\u00e9lai de livraison des articles Bodynova est de 4 \u00e0 5 jours minimum.<\/strong><\/p>","protected":false},"featured_media":16414,"comment_status":"open","ping_status":"closed","template":"","meta":[],"product_brand":[363],"product_cat":[99,607],"product_tag":[622,624,621,623],"class_list":{"0":"post-16412","1":"product","2":"type-product","3":"status-publish","4":"has-post-thumbnail","6":"product_brand-bodynova","7":"product_cat-accessoires","8":"product_cat-houten-accessoires","9":"product_tag-hardhouten-massagetool","10":"product_tag-massage-accessoires","11":"product_tag-massageapparaat-birdy","12":"product_tag-spierknopen-behandelen","13":"product_shipping_class-normaal-pakket","14":"pa_kleur-naturel-hout","15":"pa_merk-bodynova","17":"first","18":"instock","19":"taxable","20":"shipping-taxable","21":"purchasable","22":"product-type-simple"},"yoast_head":"<!-- This site is optimized with the Yoast SEO Premium plugin v27.6 (Yoast SEO v27.6) - https:\/\/yoast.com\/product\/yoast-seo-premium-wordpress\/ -->\n<title>Massageapparaat van hardhout BIRDY - TouchPro Europe Shop<\/title>\n<meta name=\"description\" content=\"Geniet van pijnverlichting met het ergonomische Massageapparaat van hardhout BIRDY. Ontworpen voor comfort en controle, koop nu!\" \/>\n<meta name=\"robots\" content=\"index, follow, max-snippet:-1, max-image-preview:large, max-video-preview:-1\" \/>\n<link rel=\"canonical\" href=\"https:\/\/touchproeurope.eu\/fr\/product\/masseur-de-bois-dur-birdy\/\" \/>\n<meta property=\"og:locale\" content=\"fr_FR\" \/>\n<meta property=\"og:type\" content=\"article\" \/>\n<meta property=\"og:title\" content=\"Massageapparaat van hardhout BIRDY\" \/>\n<meta property=\"og:description\" content=\"Geniet van pijnverlichting met het ergonomische Massageapparaat van hardhout BIRDY. Ontworpen voor comfort en controle, koop nu!\" \/>\n<meta property=\"og:url\" content=\"https:\/\/touchproeurope.eu\/fr\/product\/masseur-de-bois-dur-birdy\/\" \/>\n<meta property=\"og:site_name\" content=\"TouchPro Europe Shop\" \/>\n<meta property=\"article:publisher\" content=\"https:\/\/www.facebook.com\/TouchproNederland\/?locale=nl_NL%2f\" \/>\n<meta property=\"article:modified_time\" content=\"2026-05-12T09:31:01+00:00\" \/>\n<meta property=\"og:image\" content=\"https:\/\/touchproeurope.eu\/wp-content\/uploads\/2026\/05\/333b_spa_wellness_birdy_massagehilfe_aus_holz-e1777883808848.jpg\" \/>\n\t<meta property=\"og:image:width\" content=\"800\" \/>\n\t<meta property=\"og:image:height\" content=\"800\" \/>\n\t<meta property=\"og:image:type\" content=\"image\/jpeg\" \/>\n<meta name=\"twitter:card\" content=\"summary_large_image\" \/>\n<meta name=\"twitter:label1\" content=\"Prix\" \/>\n\t<meta name=\"twitter:data1\" content=\"&euro;&nbsp;13,00 incl. BTW\" \/>\n\t<meta name=\"twitter:label2\" content=\"Disponibilit\u00e9\" \/>\n\t<meta name=\"twitter:data2\" content=\"En stock\" \/>\n<script type=\"application\/ld+json\" class=\"yoast-schema-graph\">{\"@context\":\"https:\\\/\\\/schema.org\",\"@graph\":[{\"@type\":\"WebPage\",\"@id\":\"https:\\\/\\\/touchproeurope.eu\\\/product\\\/massageapparaat-van-hardhout-birdy\\\/\",\"url\":\"https:\\\/\\\/touchproeurope.eu\\\/product\\\/massageapparaat-van-hardhout-birdy\\\/\",\"name\":\"Massageapparaat van hardhout BIRDY - TouchPro Europe Shop\",\"isPartOf\":{\"@id\":\"https:\\\/\\\/touchproeurope.eu\\\/#website\"},\"primaryImageOfPage\":{\"@id\":\"https:\\\/\\\/touchproeurope.eu\\\/product\\\/massageapparaat-van-hardhout-birdy\\\/#primaryimage\"},\"image\":{\"@id\":\"https:\\\/\\\/touchproeurope.eu\\\/product\\\/massageapparaat-van-hardhout-birdy\\\/#primaryimage\"},\"thumbnailUrl\":\"https:\\\/\\\/i0.wp.com\\\/touchproeurope.eu\\\/wp-content\\\/uploads\\\/2026\\\/05\\\/333b_spa_wellness_birdy_massagehilfe_aus_holz-e1777883808848.jpg?fit=800%2C800&ssl=1\",\"datePublished\":\"2026-05-04T08:29:20+00:00\",\"dateModified\":\"2026-05-12T09:31:01+00:00\",\"description\":\"Geniet van pijnverlichting met het ergonomische Massageapparaat van hardhout BIRDY. Ontworpen voor comfort en controle, koop nu!\",\"breadcrumb\":{\"@id\":\"https:\\\/\\\/touchproeurope.eu\\\/product\\\/massageapparaat-van-hardhout-birdy\\\/#breadcrumb\"},\"inLanguage\":\"fr-FR\",\"potentialAction\":[{\"@type\":\"ReadAction\",\"target\":[\"https:\\\/\\\/touchproeurope.eu\\\/product\\\/massageapparaat-van-hardhout-birdy\\\/\"]}]},{\"@type\":\"ImageObject\",\"inLanguage\":\"fr-FR\",\"@id\":\"https:\\\/\\\/touchproeurope.eu\\\/product\\\/massageapparaat-van-hardhout-birdy\\\/#primaryimage\",\"url\":\"https:\\\/\\\/i0.wp.com\\\/touchproeurope.eu\\\/wp-content\\\/uploads\\\/2026\\\/05\\\/333b_spa_wellness_birdy_massagehilfe_aus_holz-e1777883808848.jpg?fit=800%2C800&ssl=1\",\"contentUrl\":\"https:\\\/\\\/i0.wp.com\\\/touchproeurope.eu\\\/wp-content\\\/uploads\\\/2026\\\/05\\\/333b_spa_wellness_birdy_massagehilfe_aus_holz-e1777883808848.jpg?fit=800%2C800&ssl=1\",\"width\":800,\"height\":800,\"caption\":\"Massageapparaat van hardhout BIRDY\"},{\"@type\":\"BreadcrumbList\",\"@id\":\"https:\\\/\\\/touchproeurope.eu\\\/product\\\/massageapparaat-van-hardhout-birdy\\\/#breadcrumb\",\"itemListElement\":[{\"@type\":\"ListItem\",\"position\":1,\"name\":\"Home\",\"item\":\"https:\\\/\\\/touchproeurope.eu\\\/\"},{\"@type\":\"ListItem\",\"position\":2,\"name\":\"Winkel\",\"item\":\"https:\\\/\\\/touchproeurope.eu\\\/winkel\\\/\"},{\"@type\":\"ListItem\",\"position\":3,\"name\":\"Massageapparaat van hardhout BIRDY\"}]},{\"@type\":\"WebSite\",\"@id\":\"https:\\\/\\\/touchproeurope.eu\\\/#website\",\"url\":\"https:\\\/\\\/touchproeurope.eu\\\/\",\"name\":\"TouchPro Europe Shop\",\"description\":\"Alles voor jouw praktijk met een PROfessionele Touch!\",\"publisher\":{\"@id\":\"https:\\\/\\\/touchproeurope.eu\\\/#organization\"},\"alternateName\":\"TPE\",\"potentialAction\":[{\"@type\":\"SearchAction\",\"target\":{\"@type\":\"EntryPoint\",\"urlTemplate\":\"https:\\\/\\\/touchproeurope.eu\\\/?s={search_term_string}\"},\"query-input\":{\"@type\":\"PropertyValueSpecification\",\"valueRequired\":true,\"valueName\":\"search_term_string\"}}],\"inLanguage\":\"fr-FR\"},{\"@type\":\"Organization\",\"@id\":\"https:\\\/\\\/touchproeurope.eu\\\/#organization\",\"name\":\"TouchPro Europe BV\",\"alternateName\":\"TPE\",\"url\":\"https:\\\/\\\/touchproeurope.eu\\\/\",\"logo\":{\"@type\":\"ImageObject\",\"inLanguage\":\"fr-FR\",\"@id\":\"https:\\\/\\\/touchproeurope.eu\\\/#\\\/schema\\\/logo\\\/image\\\/\",\"url\":\"https:\\\/\\\/i0.wp.com\\\/touchproeurope.eu\\\/wp-content\\\/uploads\\\/2023\\\/10\\\/2b592c_b6944d80811246d987cc2c29accedf3f.png?fit=1417%2C531&ssl=1\",\"contentUrl\":\"https:\\\/\\\/i0.wp.com\\\/touchproeurope.eu\\\/wp-content\\\/uploads\\\/2023\\\/10\\\/2b592c_b6944d80811246d987cc2c29accedf3f.png?fit=1417%2C531&ssl=1\",\"width\":1417,\"height\":531,\"caption\":\"TouchPro Europe BV\"},\"image\":{\"@id\":\"https:\\\/\\\/touchproeurope.eu\\\/#\\\/schema\\\/logo\\\/image\\\/\"},\"sameAs\":[\"https:\\\/\\\/www.facebook.com\\\/TouchproNederland\\\/?locale=nl_NL\\\/\",\"https:\\\/\\\/www.instagram.com\\\/touchpro2016\\\/\",\"https:\\\/\\\/www.linkedin.com\\\/company\\\/touchpro-europe-bv\\\/\"],\"description\":\"TouchPro Europe Shop is de massage winkel van Europa. Wij verkopen topkwaliteit massageproducten aan masseurs, pedicures, fysiotherapeuten, manicuren, Wellness centra, opleidingen, etc. TouchPro begon als een kleine webshop in Nederland, maar is nu uitgegroeid tot een webshop met klanten uit heel Europa. Wij bieden een breed assortiment aan massageproducten, waaronder massagetafels, oli\u00ebn, cr\u00e8mes, en accessoires van topmerken, zoals Earthlite, Stronglite en InnerStrenght, Habys, Living Earth Crafts en Continuum en andere leveranciers van massage accessoires. Bestel hier de beste massagematerialen van Europa!\",\"email\":\"info@touchpro-europe.com\",\"telephone\":\"0858768829\",\"legalName\":\"TouchPro Europe BV\",\"foundingDate\":\"2018-01-11\",\"vatID\":\"NL855430151B01\",\"numberOfEmployees\":{\"@type\":\"QuantitativeValue\",\"minValue\":\"1\",\"maxValue\":\"10\"},\"hasMerchantReturnPolicy\":{\"@type\":\"MerchantReturnPolicy\",\"merchantReturnLink\":\"https:\\\/\\\/touchproeurope.eu\\\/fr\\\/retourbeleid\\\/\"}}]}<\/script>\n<meta property=\"product:brand\" content=\"Bodynova\" \/>\n<meta property=\"product:price:amount\" content=\"13.00\" \/>\n<meta property=\"product:price:currency\" content=\"EUR\" \/>\n<meta property=\"og:availability\" content=\"instock\" \/>\n<meta property=\"product:availability\" content=\"instock\" \/>\n<meta property=\"product:retailer_item_id\" content=\"333B\" \/>\n<meta property=\"product:condition\" content=\"new\" \/>\n<!-- \/ Yoast SEO Premium plugin. -->","yoast_head_json":{"title":"Appareil de massage en bois dur BIRDY - TouchPro Europe Shop","description":"Soulagez la douleur gr\u00e2ce au masseur ergonomique en bois dur BIRDY. Con\u00e7u pour le confort et le contr\u00f4le, achetez-le maintenant !","robots":{"index":"index","follow":"follow","max-snippet":"max-snippet:-1","max-image-preview":"max-image-preview:large","max-video-preview":"max-video-preview:-1"},"canonical":"https:\/\/touchproeurope.eu\/fr\/product\/masseur-de-bois-dur-birdy\/","og_locale":"fr_FR","og_type":"article","og_title":"Massageapparaat van hardhout BIRDY","og_description":"Geniet van pijnverlichting met het ergonomische Massageapparaat van hardhout BIRDY. Ontworpen voor comfort en controle, koop nu!","og_url":"https:\/\/touchproeurope.eu\/fr\/product\/masseur-de-bois-dur-birdy\/","og_site_name":"TouchPro Europe Shop","article_publisher":"https:\/\/www.facebook.com\/TouchproNederland\/?locale=nl_NL%2f","article_modified_time":"2026-05-12T09:31:01+00:00","og_image":[{"width":800,"height":800,"url":"https:\/\/touchproeurope.eu\/wp-content\/uploads\/2026\/05\/333b_spa_wellness_birdy_massagehilfe_aus_holz-e1777883808848.jpg","type":"image\/jpeg"}],"twitter_card":"summary_large_image","twitter_misc":{"Prix":"&euro;&nbsp;13,00 incl. BTW","Disponibilit\u00e9":"En stock"},"schema":{"@context":"https:\/\/schema.org","@graph":[{"@type":"WebPage","@id":"https:\/\/touchproeurope.eu\/product\/massageapparaat-van-hardhout-birdy\/","url":"https:\/\/touchproeurope.eu\/product\/massageapparaat-van-hardhout-birdy\/","name":"Appareil de massage en bois dur BIRDY - TouchPro Europe Shop","isPartOf":{"@id":"https:\/\/touchproeurope.eu\/#website"},"primaryImageOfPage":{"@id":"https:\/\/touchproeurope.eu\/product\/massageapparaat-van-hardhout-birdy\/#primaryimage"},"image":{"@id":"https:\/\/touchproeurope.eu\/product\/massageapparaat-van-hardhout-birdy\/#primaryimage"},"thumbnailUrl":"https:\/\/i0.wp.com\/touchproeurope.eu\/wp-content\/uploads\/2026\/05\/333b_spa_wellness_birdy_massagehilfe_aus_holz-e1777883808848.jpg?fit=800%2C800&ssl=1","datePublished":"2026-05-04T08:29:20+00:00","dateModified":"2026-05-12T09:31:01+00:00","description":"Soulagez la douleur gr\u00e2ce au masseur ergonomique en bois dur BIRDY. Con\u00e7u pour le confort et le contr\u00f4le, achetez-le maintenant !","breadcrumb":{"@id":"https:\/\/touchproeurope.eu\/product\/massageapparaat-van-hardhout-birdy\/#breadcrumb"},"inLanguage":"fr-FR","potentialAction":[{"@type":"ReadAction","target":["https:\/\/touchproeurope.eu\/product\/massageapparaat-van-hardhout-birdy\/"]}]},{"@type":"ImageObject","inLanguage":"fr-FR","@id":"https:\/\/touchproeurope.eu\/product\/massageapparaat-van-hardhout-birdy\/#primaryimage","url":"https:\/\/i0.wp.com\/touchproeurope.eu\/wp-content\/uploads\/2026\/05\/333b_spa_wellness_birdy_massagehilfe_aus_holz-e1777883808848.jpg?fit=800%2C800&ssl=1","contentUrl":"https:\/\/i0.wp.com\/touchproeurope.eu\/wp-content\/uploads\/2026\/05\/333b_spa_wellness_birdy_massagehilfe_aus_holz-e1777883808848.jpg?fit=800%2C800&ssl=1","width":800,"height":800,"caption":"Massageapparaat van hardhout BIRDY"},{"@type":"BreadcrumbList","@id":"https:\/\/touchproeurope.eu\/product\/massageapparaat-van-hardhout-birdy\/#breadcrumb","itemListElement":[{"@type":"ListItem","position":1,"name":"Home","item":"https:\/\/touchproeurope.eu\/"},{"@type":"ListItem","position":2,"name":"Winkel","item":"https:\/\/touchproeurope.eu\/winkel\/"},{"@type":"ListItem","position":3,"name":"Massageapparaat van hardhout BIRDY"}]},{"@type":"WebSite","@id":"https:\/\/touchproeurope.eu\/#website","url":"https:\/\/touchproeurope.eu\/","name":"TouchPro Europe Shop","description":"Tout pour votre pratique avec une touche PROfessionnelle !","publisher":{"@id":"https:\/\/touchproeurope.eu\/#organization"},"alternateName":"TPE","potentialAction":[{"@type":"SearchAction","target":{"@type":"EntryPoint","urlTemplate":"https:\/\/touchproeurope.eu\/?s={search_term_string}"},"query-input":{"@type":"PropertyValueSpecification","valueRequired":true,"valueName":"search_term_string"}}],"inLanguage":"fr-FR"},{"@type":"Organization","@id":"https:\/\/touchproeurope.eu\/#organization","name":"TouchPro Europe BV","alternateName":"TPE","url":"https:\/\/touchproeurope.eu\/","logo":{"@type":"ImageObject","inLanguage":"fr-FR","@id":"https:\/\/touchproeurope.eu\/#\/schema\/logo\/image\/","url":"https:\/\/i0.wp.com\/touchproeurope.eu\/wp-content\/uploads\/2023\/10\/2b592c_b6944d80811246d987cc2c29accedf3f.png?fit=1417%2C531&ssl=1","contentUrl":"https:\/\/i0.wp.com\/touchproeurope.eu\/wp-content\/uploads\/2023\/10\/2b592c_b6944d80811246d987cc2c29accedf3f.png?fit=1417%2C531&ssl=1","width":1417,"height":531,"caption":"TouchPro Europe BV"},"image":{"@id":"https:\/\/touchproeurope.eu\/#\/schema\/logo\/image\/"},"sameAs":["https:\/\/www.facebook.com\/TouchproNederland\/?locale=nl_NL\/","https:\/\/www.instagram.com\/touchpro2016\/","https:\/\/www.linkedin.com\/company\/touchpro-europe-bv\/"],"description":"TouchPro Europe Shop est le magasin de massage de l'Europe. Nous vendons des produits de massage de qualit\u00e9 sup\u00e9rieure aux masseurs, p\u00e9dicures, physioth\u00e9rapeutes, manucures, centres de bien-\u00eatre, cours de formation, etc. TouchPro a commenc\u00e9 comme un petit magasin aux Pays-Bas, mais s'est maintenant d\u00e9velopp\u00e9 pour devenir un magasin avec des clients de toute l'Europe. Nous proposons une large gamme de produits de massage, notamment des tables de massage, des huiles, des cr\u00e8mes et des accessoires de grandes marques telles que Earthlite, Stronglite et InnerStrenght, Habys, Living Earth Crafts et Continuum, ainsi que d'autres fournisseurs d'accessoires de massage. Commandez ici les meilleurs produits de massage d'Europe !","email":"info@touchpro-europe.com","telephone":"0858768829","legalName":"TouchPro Europe BV","foundingDate":"2018-01-11","vatID":"NL855430151B01","numberOfEmployees":{"@type":"QuantitativeValue","minValue":"1","maxValue":"10"},"hasMerchantReturnPolicy":{"@type":"MerchantReturnPolicy","merchantReturnLink":"https:\/\/touchproeurope.eu\/fr\/retourbeleid\/"}}]},"product_brand":"Bodynova","product_price_amount":"13.00","product_price_currency":"EUR","og_availability":"instock","product_availability":"instock","product_retailer_item_id":"333B","product_condition":"new"},"_links":{"self":[{"href":"https:\/\/touchproeurope.eu\/fr\/wp-json\/wp\/v2\/product\/16412","targetHints":{"allow":["GET"]}}],"collection":[{"href":"https:\/\/touchproeurope.eu\/fr\/wp-json\/wp\/v2\/product"}],"about":[{"href":"https:\/\/touchproeurope.eu\/fr\/wp-json\/wp\/v2\/types\/product"}],"replies":[{"embeddable":true,"href":"https:\/\/touchproeurope.eu\/fr\/wp-json\/wp\/v2\/comments?post=16412"}],"version-history":[{"count":1,"href":"https:\/\/touchproeurope.eu\/fr\/wp-json\/wp\/v2\/product\/16412\/revisions"}],"predecessor-version":[{"id":16415,"href":"https:\/\/touchproeurope.eu\/fr\/wp-json\/wp\/v2\/product\/16412\/revisions\/16415"}],"wp:featuredmedia":[{"embeddable":true,"href":"https:\/\/touchproeurope.eu\/fr\/wp-json\/wp\/v2\/media\/16414"}],"wp:attachment":[{"href":"https:\/\/touchproeurope.eu\/fr\/wp-json\/wp\/v2\/media?parent=16412"}],"wp:term":[{"taxonomy":"product_brand","embeddable":true,"href":"https:\/\/touchproeurope.eu\/fr\/wp-json\/wp\/v2\/product_brand?post=16412"},{"taxonomy":"product_cat","embeddable":true,"href":"https:\/\/touchproeurope.eu\/fr\/wp-json\/wp\/v2\/product_cat?post=16412"},{"taxonomy":"product_tag","embeddable":true,"href":"https:\/\/touchproeurope.eu\/fr\/wp-json\/wp\/v2\/product_tag?post=16412"}],"curies":[{"name":"wp","href":"https:\/\/api.w.org\/{rel}","templated":true}]}}