{"id":2913,"date":"2023-11-09T15:58:06","date_gmt":"2023-11-09T15:58:06","guid":{"rendered":"https:\/\/touchproeurope.eu\/?post_type=product&#038;p=2913"},"modified":"2026-04-22T09:32:29","modified_gmt":"2026-04-22T09:32:29","slug":"huile-de-massage-aysun-wellness-sans-noix","status":"publish","type":"product","link":"https:\/\/touchproeurope.eu\/fr\/product\/aysun-wellness-massageolie-nutfree\/","title":{"rendered":"Aysun-wellness Huile de massage Nutfree"},"content":{"rendered":"<p>L'huile de massage \"Nutfree\" d'Aysun-wellness offre une relaxation parfaite sans se soucier des allergies aux noix. Cette huile de massage de haute qualit\u00e9 est hypoallerg\u00e9nique, test\u00e9e dermatologiquement et sp\u00e9cialement formul\u00e9e sans noix, ce qui la rend adapt\u00e9e aux types de peau les plus sensibles.<\/p>\n<p>La texture soyeuse de l'huile de massage la rend id\u00e9ale pour diverses techniques de massage. Son parfum neutre n'est pas trop fort, ce qui la rend id\u00e9ale pour \u00eatre associ\u00e9e \u00e0 vos huiles d'aromath\u00e9rapie pr\u00e9f\u00e9r\u00e9es. Qu'il s'agisse d'un massage relaxant ou d'une r\u00e9duction de la tension musculaire. En outre, cette huile constitue la base parfaite pour une exp\u00e9rience apaisante et revitalisante.<\/p>\n<p>Conditionn\u00e9e dans un flacon pratique avec pompe de distribution, l'huile est facile \u00e0 utiliser. Vous pouvez ainsi doser la bonne quantit\u00e9 \u00e0 chaque fois. D\u00e9couvrez les bienfaits de l'huile par vous-m\u00eame et faites l'exp\u00e9rience d'une relaxation et d'un soin ultimes lors de vos massages. Commandez d\u00e8s aujourd'hui et profitez du bien-\u00eatre gr\u00e2ce \u00e0 cette huile de massage sp\u00e9ciale. Offrez-vous la d\u00e9tente sans souci que vous m\u00e9ritez avec l'huile de massage Aysun-wellness Nutfree.<\/p>","protected":false},"excerpt":{"rendered":"<p>L'huile de massage Aysun-wellness Nutfree est le choix id\u00e9al pour un massage relaxant sans se soucier des allergies aux noix. Cette huile de massage de haute qualit\u00e9 est hypoallerg\u00e9nique, test\u00e9e dermatologiquement et formul\u00e9e sans noix. Elle convient donc aux peaux sensibles.<\/p>\n<p>Cette huile de massage a une texture soyeuse qui glisse facilement sur la peau. Elle est donc id\u00e9ale pour diverses techniques de massage. L'huile a un parfum neutre et non dominant, ce qui la rend parfaite pour \u00eatre combin\u00e9e avec les huiles essentielles de votre choix. Que vous souhaitiez un massage relaxant ou r\u00e9duire la tension musculaire, l'huile de massage Aysun Wellness Nutfree constitue la base parfaite pour une exp\u00e9rience apaisante et revitalisante.<\/p>","protected":false},"featured_media":4415,"comment_status":"open","ping_status":"closed","template":"","meta":[],"product_brand":[599],"product_cat":[115],"product_tag":[123,125,180],"class_list":{"0":"post-2913","1":"product","2":"type-product","3":"status-publish","4":"has-post-thumbnail","6":"product_brand-aysun","7":"product_cat-massageolie","8":"product_tag-aysun","9":"product_tag-massageolie","10":"product_tag-nutfree","11":"product_shipping_class-klein-pakket","12":"pa_maat-1000-ml","13":"pa_maat-250-ml","14":"pa_maat-2500-ml","15":"pa_maat-500-ml","16":"pa_merk-aysun","18":"first","19":"instock","20":"taxable","21":"shipping-taxable","22":"purchasable","23":"product-type-variable"},"yoast_head":"<!-- This site is optimized with the Yoast SEO Premium plugin v27.4 (Yoast SEO v27.4) - https:\/\/yoast.com\/product\/yoast-seo-premium-wordpress\/ -->\n<title>Aysun-wellness Massageolie Nutfree - TouchPro Europe Shop<\/title>\n<meta name=\"description\" content=\"Geniet van zorgeloze ontspanning met Aysun-wellness Massageolie &quot;Nutfree.&quot; Bestel nu voor een zijdezachte ervaring zonder notenallergiezorgen.\" \/>\n<meta name=\"robots\" content=\"index, follow, max-snippet:-1, max-image-preview:large, max-video-preview:-1\" \/>\n<link rel=\"canonical\" href=\"https:\/\/touchproeurope.eu\/fr\/product\/huile-de-massage-aysun-wellness-sans-noix\/\" \/>\n<meta property=\"og:locale\" content=\"fr_FR\" \/>\n<meta property=\"og:type\" content=\"article\" \/>\n<meta property=\"og:title\" content=\"Aysun-wellness Massageolie Nutfree\" \/>\n<meta property=\"og:description\" content=\"Geniet van zorgeloze ontspanning met Aysun-wellness Massageolie &quot;Nutfree.&quot; Bestel nu voor een zijdezachte ervaring zonder notenallergiezorgen.\" \/>\n<meta property=\"og:url\" content=\"https:\/\/touchproeurope.eu\/fr\/product\/huile-de-massage-aysun-wellness-sans-noix\/\" \/>\n<meta property=\"og:site_name\" content=\"TouchPro Europe Shop\" \/>\n<meta property=\"article:publisher\" content=\"https:\/\/www.facebook.com\/TouchproNederland\/?locale=nl_NL%2f\" \/>\n<meta property=\"article:modified_time\" content=\"2026-04-22T09:32:29+00:00\" \/>\n<meta property=\"og:image\" content=\"https:\/\/touchproeurope.eu\/wp-content\/uploads\/2023\/11\/Aysun-Wellness-Massageolie-Nutfree.jpg\" \/>\n\t<meta property=\"og:image:width\" content=\"800\" \/>\n\t<meta property=\"og:image:height\" content=\"800\" \/>\n\t<meta property=\"og:image:type\" content=\"image\/jpeg\" \/>\n<meta name=\"twitter:card\" content=\"summary_large_image\" \/>\n<meta name=\"twitter:label1\" content=\"Disponibilit\u00e9\" \/>\n\t<meta name=\"twitter:data1\" content=\"En stock\" \/>\n<script type=\"application\/ld+json\" class=\"yoast-schema-graph\">{\"@context\":\"https:\\\/\\\/schema.org\",\"@graph\":[{\"@type\":\"WebPage\",\"@id\":\"https:\\\/\\\/touchproeurope.eu\\\/product\\\/aysun-wellness-massageolie-nutfree\\\/\",\"url\":\"https:\\\/\\\/touchproeurope.eu\\\/product\\\/aysun-wellness-massageolie-nutfree\\\/\",\"name\":\"Aysun-wellness Massageolie Nutfree - TouchPro Europe Shop\",\"isPartOf\":{\"@id\":\"https:\\\/\\\/touchproeurope.eu\\\/#website\"},\"primaryImageOfPage\":{\"@id\":\"https:\\\/\\\/touchproeurope.eu\\\/product\\\/aysun-wellness-massageolie-nutfree\\\/#primaryimage\"},\"image\":{\"@id\":\"https:\\\/\\\/touchproeurope.eu\\\/product\\\/aysun-wellness-massageolie-nutfree\\\/#primaryimage\"},\"thumbnailUrl\":\"https:\\\/\\\/i0.wp.com\\\/touchproeurope.eu\\\/wp-content\\\/uploads\\\/2023\\\/11\\\/Aysun-Wellness-Massageolie-Nutfree.jpg?fit=800%2C800&ssl=1\",\"datePublished\":\"2023-11-09T15:58:06+00:00\",\"dateModified\":\"2026-04-22T09:32:29+00:00\",\"description\":\"Geniet van zorgeloze ontspanning met Aysun-wellness Massageolie \\\"Nutfree.\\\" Bestel nu voor een zijdezachte ervaring zonder notenallergiezorgen.\",\"breadcrumb\":{\"@id\":\"https:\\\/\\\/touchproeurope.eu\\\/product\\\/aysun-wellness-massageolie-nutfree\\\/#breadcrumb\"},\"inLanguage\":\"fr-FR\",\"potentialAction\":[{\"@type\":\"ReadAction\",\"target\":[\"https:\\\/\\\/touchproeurope.eu\\\/product\\\/aysun-wellness-massageolie-nutfree\\\/\"]}]},{\"@type\":\"ImageObject\",\"inLanguage\":\"fr-FR\",\"@id\":\"https:\\\/\\\/touchproeurope.eu\\\/product\\\/aysun-wellness-massageolie-nutfree\\\/#primaryimage\",\"url\":\"https:\\\/\\\/i0.wp.com\\\/touchproeurope.eu\\\/wp-content\\\/uploads\\\/2023\\\/11\\\/Aysun-Wellness-Massageolie-Nutfree.jpg?fit=800%2C800&ssl=1\",\"contentUrl\":\"https:\\\/\\\/i0.wp.com\\\/touchproeurope.eu\\\/wp-content\\\/uploads\\\/2023\\\/11\\\/Aysun-Wellness-Massageolie-Nutfree.jpg?fit=800%2C800&ssl=1\",\"width\":800,\"height\":800,\"caption\":\"Aysun Wellness Massageolie Nutfree\"},{\"@type\":\"BreadcrumbList\",\"@id\":\"https:\\\/\\\/touchproeurope.eu\\\/product\\\/aysun-wellness-massageolie-nutfree\\\/#breadcrumb\",\"itemListElement\":[{\"@type\":\"ListItem\",\"position\":1,\"name\":\"Home\",\"item\":\"https:\\\/\\\/touchproeurope.eu\\\/\"},{\"@type\":\"ListItem\",\"position\":2,\"name\":\"Winkel\",\"item\":\"https:\\\/\\\/touchproeurope.eu\\\/winkel\\\/\"},{\"@type\":\"ListItem\",\"position\":3,\"name\":\"Aysun-wellness Massageolie Nutfree\"}]},{\"@type\":\"WebSite\",\"@id\":\"https:\\\/\\\/touchproeurope.eu\\\/#website\",\"url\":\"https:\\\/\\\/touchproeurope.eu\\\/\",\"name\":\"TouchPro Europe Shop\",\"description\":\"Alles voor jouw praktijk met een PROfessionele Touch!\",\"publisher\":{\"@id\":\"https:\\\/\\\/touchproeurope.eu\\\/#organization\"},\"alternateName\":\"TPE\",\"potentialAction\":[{\"@type\":\"SearchAction\",\"target\":{\"@type\":\"EntryPoint\",\"urlTemplate\":\"https:\\\/\\\/touchproeurope.eu\\\/?s={search_term_string}\"},\"query-input\":{\"@type\":\"PropertyValueSpecification\",\"valueRequired\":true,\"valueName\":\"search_term_string\"}}],\"inLanguage\":\"fr-FR\"},{\"@type\":\"Organization\",\"@id\":\"https:\\\/\\\/touchproeurope.eu\\\/#organization\",\"name\":\"TouchPro Europe BV\",\"alternateName\":\"TPE\",\"url\":\"https:\\\/\\\/touchproeurope.eu\\\/\",\"logo\":{\"@type\":\"ImageObject\",\"inLanguage\":\"fr-FR\",\"@id\":\"https:\\\/\\\/touchproeurope.eu\\\/#\\\/schema\\\/logo\\\/image\\\/\",\"url\":\"https:\\\/\\\/i0.wp.com\\\/touchproeurope.eu\\\/wp-content\\\/uploads\\\/2023\\\/10\\\/2b592c_b6944d80811246d987cc2c29accedf3f.png?fit=1417%2C531&ssl=1\",\"contentUrl\":\"https:\\\/\\\/i0.wp.com\\\/touchproeurope.eu\\\/wp-content\\\/uploads\\\/2023\\\/10\\\/2b592c_b6944d80811246d987cc2c29accedf3f.png?fit=1417%2C531&ssl=1\",\"width\":1417,\"height\":531,\"caption\":\"TouchPro Europe BV\"},\"image\":{\"@id\":\"https:\\\/\\\/touchproeurope.eu\\\/#\\\/schema\\\/logo\\\/image\\\/\"},\"sameAs\":[\"https:\\\/\\\/www.facebook.com\\\/TouchproNederland\\\/?locale=nl_NL\\\/\",\"https:\\\/\\\/www.instagram.com\\\/touchpro2016\\\/\",\"https:\\\/\\\/www.linkedin.com\\\/company\\\/touchpro-europe-bv\\\/\"],\"description\":\"TouchPro Europe Shop is de massage winkel van Europa. Wij verkopen topkwaliteit massageproducten aan masseurs, pedicures, fysiotherapeuten, manicuren, Wellness centra, opleidingen, etc. TouchPro begon als een kleine webshop in Nederland, maar is nu uitgegroeid tot een webshop met klanten uit heel Europa. Wij bieden een breed assortiment aan massageproducten, waaronder massagetafels, oli\u00ebn, cr\u00e8mes, en accessoires van topmerken, zoals Earthlite, Stronglite en InnerStrenght, Habys, Living Earth Crafts en Continuum en andere leveranciers van massage accessoires. Bestel hier de beste massagematerialen van Europa!\",\"email\":\"info@touchpro-europe.com\",\"telephone\":\"0858768829\",\"legalName\":\"TouchPro Europe BV\",\"foundingDate\":\"2018-01-11\",\"vatID\":\"NL855430151B01\",\"numberOfEmployees\":{\"@type\":\"QuantitativeValue\",\"minValue\":\"1\",\"maxValue\":\"10\"},\"hasMerchantReturnPolicy\":{\"@type\":\"MerchantReturnPolicy\",\"merchantReturnLink\":\"https:\\\/\\\/touchproeurope.eu\\\/fr\\\/retourbeleid\\\/\"}}]}<\/script>\n<meta property=\"product:brand\" content=\"Aysun\" \/>\n<meta property=\"og:availability\" content=\"instock\" \/>\n<meta property=\"product:availability\" content=\"instock\" \/>\n<meta property=\"product:retailer_item_id\" content=\"2\" \/>\n<meta property=\"product:condition\" content=\"new\" \/>\n<!-- \/ Yoast SEO Premium plugin. -->","yoast_head_json":{"title":"Huile de massage Aysun-wellness Nutfree - TouchPro Europe Shop","description":"D\u00e9tendez-vous sans souci avec l'huile de massage Aysun-wellness \"Nutfree\". Commandez d\u00e8s maintenant pour une exp\u00e9rience douce et soyeuse sans vous soucier des allergies aux noix.","robots":{"index":"index","follow":"follow","max-snippet":"max-snippet:-1","max-image-preview":"max-image-preview:large","max-video-preview":"max-video-preview:-1"},"canonical":"https:\/\/touchproeurope.eu\/fr\/product\/huile-de-massage-aysun-wellness-sans-noix\/","og_locale":"fr_FR","og_type":"article","og_title":"Aysun-wellness Massageolie Nutfree","og_description":"Geniet van zorgeloze ontspanning met Aysun-wellness Massageolie \"Nutfree.\" Bestel nu voor een zijdezachte ervaring zonder notenallergiezorgen.","og_url":"https:\/\/touchproeurope.eu\/fr\/product\/huile-de-massage-aysun-wellness-sans-noix\/","og_site_name":"TouchPro Europe Shop","article_publisher":"https:\/\/www.facebook.com\/TouchproNederland\/?locale=nl_NL%2f","article_modified_time":"2026-04-22T09:32:29+00:00","og_image":[{"width":800,"height":800,"url":"https:\/\/touchproeurope.eu\/wp-content\/uploads\/2023\/11\/Aysun-Wellness-Massageolie-Nutfree.jpg","type":"image\/jpeg"}],"twitter_card":"summary_large_image","twitter_misc":{"Disponibilit\u00e9":"En stock"},"schema":{"@context":"https:\/\/schema.org","@graph":[{"@type":"WebPage","@id":"https:\/\/touchproeurope.eu\/product\/aysun-wellness-massageolie-nutfree\/","url":"https:\/\/touchproeurope.eu\/product\/aysun-wellness-massageolie-nutfree\/","name":"Huile de massage Aysun-wellness Nutfree - TouchPro Europe Shop","isPartOf":{"@id":"https:\/\/touchproeurope.eu\/#website"},"primaryImageOfPage":{"@id":"https:\/\/touchproeurope.eu\/product\/aysun-wellness-massageolie-nutfree\/#primaryimage"},"image":{"@id":"https:\/\/touchproeurope.eu\/product\/aysun-wellness-massageolie-nutfree\/#primaryimage"},"thumbnailUrl":"https:\/\/i0.wp.com\/touchproeurope.eu\/wp-content\/uploads\/2023\/11\/Aysun-Wellness-Massageolie-Nutfree.jpg?fit=800%2C800&ssl=1","datePublished":"2023-11-09T15:58:06+00:00","dateModified":"2026-04-22T09:32:29+00:00","description":"D\u00e9tendez-vous sans souci avec l'huile de massage Aysun-wellness \"Nutfree\". Commandez d\u00e8s maintenant pour une exp\u00e9rience douce et soyeuse sans vous soucier des allergies aux noix.","breadcrumb":{"@id":"https:\/\/touchproeurope.eu\/product\/aysun-wellness-massageolie-nutfree\/#breadcrumb"},"inLanguage":"fr-FR","potentialAction":[{"@type":"ReadAction","target":["https:\/\/touchproeurope.eu\/product\/aysun-wellness-massageolie-nutfree\/"]}]},{"@type":"ImageObject","inLanguage":"fr-FR","@id":"https:\/\/touchproeurope.eu\/product\/aysun-wellness-massageolie-nutfree\/#primaryimage","url":"https:\/\/i0.wp.com\/touchproeurope.eu\/wp-content\/uploads\/2023\/11\/Aysun-Wellness-Massageolie-Nutfree.jpg?fit=800%2C800&ssl=1","contentUrl":"https:\/\/i0.wp.com\/touchproeurope.eu\/wp-content\/uploads\/2023\/11\/Aysun-Wellness-Massageolie-Nutfree.jpg?fit=800%2C800&ssl=1","width":800,"height":800,"caption":"Aysun Wellness Massageolie Nutfree"},{"@type":"BreadcrumbList","@id":"https:\/\/touchproeurope.eu\/product\/aysun-wellness-massageolie-nutfree\/#breadcrumb","itemListElement":[{"@type":"ListItem","position":1,"name":"Home","item":"https:\/\/touchproeurope.eu\/"},{"@type":"ListItem","position":2,"name":"Winkel","item":"https:\/\/touchproeurope.eu\/winkel\/"},{"@type":"ListItem","position":3,"name":"Aysun-wellness Massageolie Nutfree"}]},{"@type":"WebSite","@id":"https:\/\/touchproeurope.eu\/#website","url":"https:\/\/touchproeurope.eu\/","name":"TouchPro Europe Shop","description":"Tout pour votre pratique avec une touche PROfessionnelle !","publisher":{"@id":"https:\/\/touchproeurope.eu\/#organization"},"alternateName":"TPE","potentialAction":[{"@type":"SearchAction","target":{"@type":"EntryPoint","urlTemplate":"https:\/\/touchproeurope.eu\/?s={search_term_string}"},"query-input":{"@type":"PropertyValueSpecification","valueRequired":true,"valueName":"search_term_string"}}],"inLanguage":"fr-FR"},{"@type":"Organization","@id":"https:\/\/touchproeurope.eu\/#organization","name":"TouchPro Europe BV","alternateName":"TPE","url":"https:\/\/touchproeurope.eu\/","logo":{"@type":"ImageObject","inLanguage":"fr-FR","@id":"https:\/\/touchproeurope.eu\/#\/schema\/logo\/image\/","url":"https:\/\/i0.wp.com\/touchproeurope.eu\/wp-content\/uploads\/2023\/10\/2b592c_b6944d80811246d987cc2c29accedf3f.png?fit=1417%2C531&ssl=1","contentUrl":"https:\/\/i0.wp.com\/touchproeurope.eu\/wp-content\/uploads\/2023\/10\/2b592c_b6944d80811246d987cc2c29accedf3f.png?fit=1417%2C531&ssl=1","width":1417,"height":531,"caption":"TouchPro Europe BV"},"image":{"@id":"https:\/\/touchproeurope.eu\/#\/schema\/logo\/image\/"},"sameAs":["https:\/\/www.facebook.com\/TouchproNederland\/?locale=nl_NL\/","https:\/\/www.instagram.com\/touchpro2016\/","https:\/\/www.linkedin.com\/company\/touchpro-europe-bv\/"],"description":"TouchPro Europe Shop est le magasin de massage de l'Europe. Nous vendons des produits de massage de qualit\u00e9 sup\u00e9rieure aux masseurs, p\u00e9dicures, physioth\u00e9rapeutes, manucures, centres de bien-\u00eatre, cours de formation, etc. TouchPro a commenc\u00e9 comme un petit magasin aux Pays-Bas, mais s'est maintenant d\u00e9velopp\u00e9 pour devenir un magasin avec des clients de toute l'Europe. Nous proposons une large gamme de produits de massage, notamment des tables de massage, des huiles, des cr\u00e8mes et des accessoires de grandes marques telles que Earthlite, Stronglite et InnerStrenght, Habys, Living Earth Crafts et Continuum, ainsi que d'autres fournisseurs d'accessoires de massage. Commandez ici les meilleurs produits de massage d'Europe !","email":"info@touchpro-europe.com","telephone":"0858768829","legalName":"TouchPro Europe BV","foundingDate":"2018-01-11","vatID":"NL855430151B01","numberOfEmployees":{"@type":"QuantitativeValue","minValue":"1","maxValue":"10"},"hasMerchantReturnPolicy":{"@type":"MerchantReturnPolicy","merchantReturnLink":"https:\/\/touchproeurope.eu\/fr\/retourbeleid\/"}}]},"product_brand":"Aysun","og_availability":"instock","product_availability":"instock","product_retailer_item_id":"2","product_condition":"new"},"_links":{"self":[{"href":"https:\/\/touchproeurope.eu\/fr\/wp-json\/wp\/v2\/product\/2913","targetHints":{"allow":["GET"]}}],"collection":[{"href":"https:\/\/touchproeurope.eu\/fr\/wp-json\/wp\/v2\/product"}],"about":[{"href":"https:\/\/touchproeurope.eu\/fr\/wp-json\/wp\/v2\/types\/product"}],"replies":[{"embeddable":true,"href":"https:\/\/touchproeurope.eu\/fr\/wp-json\/wp\/v2\/comments?post=2913"}],"version-history":[{"count":6,"href":"https:\/\/touchproeurope.eu\/fr\/wp-json\/wp\/v2\/product\/2913\/revisions"}],"predecessor-version":[{"id":4418,"href":"https:\/\/touchproeurope.eu\/fr\/wp-json\/wp\/v2\/product\/2913\/revisions\/4418"}],"wp:featuredmedia":[{"embeddable":true,"href":"https:\/\/touchproeurope.eu\/fr\/wp-json\/wp\/v2\/media\/4415"}],"wp:attachment":[{"href":"https:\/\/touchproeurope.eu\/fr\/wp-json\/wp\/v2\/media?parent=2913"}],"wp:term":[{"taxonomy":"product_brand","embeddable":true,"href":"https:\/\/touchproeurope.eu\/fr\/wp-json\/wp\/v2\/product_brand?post=2913"},{"taxonomy":"product_cat","embeddable":true,"href":"https:\/\/touchproeurope.eu\/fr\/wp-json\/wp\/v2\/product_cat?post=2913"},{"taxonomy":"product_tag","embeddable":true,"href":"https:\/\/touchproeurope.eu\/fr\/wp-json\/wp\/v2\/product_tag?post=2913"}],"curies":[{"name":"wp","href":"https:\/\/api.w.org\/{rel}","templated":true}]}}