{"id":2924,"date":"2023-11-09T15:58:30","date_gmt":"2023-11-09T15:58:30","guid":{"rendered":"https:\/\/touchproeurope.eu\/?post_type=product&#038;p=2924"},"modified":"2026-04-16T16:01:08","modified_gmt":"2026-04-16T16:01:08","slug":"liquide-de-nettoyage-des-instruments-aysun","status":"publish","type":"product","link":"https:\/\/touchproeurope.eu\/fr\/product\/aysun-instrumenten-reinigingsvloeistof\/","title":{"rendered":"Liquide de nettoyage pour instruments Aysun"},"content":{"rendered":"<p>Veillez \u00e0 l'hygi\u00e8ne de votre cabinet et de votre mat\u00e9riel avec Aysun Instrument Cleaning Fluid - le nettoyant d\u00e9sinfectant professionnel sp\u00e9cialement con\u00e7u pour le nettoyage des tables de massage, des fauteuils et des instruments dans les cabinets. Ce produit innovant permet non seulement de nettoyer mais aussi de d\u00e9sinfecter.<\/p>\n<p>Ce nettoyant d\u00e9sinfectant ne contient pas d'alcool, ce qui le rend doux pour les tissus d'ameublement des chaises et des tables. Vous pouvez d\u00e9sormais b\u00e9n\u00e9ficier d'un nettoyage puissant sans compromettre la durabilit\u00e9 de votre mat\u00e9riel. Le liquide de nettoyage d'instruments Aysun est le choix optimal pour maintenir la qualit\u00e9 de votre \u00e9quipement de pratique.<\/p>\n<p>Cette formule est pr\u00eate \u00e0 l'emploi, ce qui vous fait gagner un temps pr\u00e9cieux et facilite le maintien d'un environnement hygi\u00e9nique. Le liquide de nettoyage pour instruments Aysun est \u00e0 la fois un produit de nettoyage et un d\u00e9sinfectant.<\/p>\n<p>Pour assurer votre s\u00e9curit\u00e9, vous pouvez \u00e9galement utiliser la fonction <a href=\"https:\/\/touchproeurope.eu\/wp-content\/uploads\/2025\/05\/75.544_Instrumenten-reinigingsvloeistof_vs2.1_NL.pdf\">N\u00e9erlandais<\/a> et <a href=\"https:\/\/touchproeurope.eu\/wp-content\/uploads\/2025\/05\/75.544_Instrumenten-reinigingsvloeistof_vs2.1_DE.pdf\">Allemand<\/a> trouver les consignes de s\u00e9curit\u00e9.<\/p>\n<p>Commandez d\u00e8s maintenant et faites l'exp\u00e9rience du nettoyage et de la protection professionnels offerts par le liquide de nettoyage d'Aysun Instruments. Cr\u00e9ez un environnement de pratique qui brille par sa propret\u00e9 et son hygi\u00e8ne, tant pour vos clients que pour vous-m\u00eame.<\/p>","protected":false},"excerpt":{"rendered":"<p class=\"ai-optimize-19\">Nettoyant d\u00e9sinfectant professionnel pour le nettoyage des tables de massage, des chaises et des instruments en pratique. Ne contient pas d'alcool et est donc meilleur pour le rev\u00eatement des chaises et des tables.<\/p>\n<p class=\"ai-optimize-20\">\u00c9galement disponible sous forme concentr\u00e9e, o\u00f9 le produit doit \u00eatre dilu\u00e9 avec de l'eau (1:10). Voir le produit <a href=\"https:\/\/touchproeurope.eu\/fr\/product\/aysun-wellness-micro-pure-50\/\">Micro Pure 50<\/a><\/p>","protected":false},"featured_media":15664,"comment_status":"open","ping_status":"closed","template":"","meta":[],"product_brand":[],"product_cat":[111],"product_tag":[191,123,190],"class_list":{"0":"post-2924","1":"product","2":"type-product","3":"status-publish","4":"has-post-thumbnail","6":"product_cat-hygiene-producten","7":"product_tag-1000ml","8":"product_tag-aysun","9":"product_tag-cleaner","10":"product_shipping_class-klein-pakket","12":"first","13":"instock","14":"taxable","15":"shipping-taxable","16":"purchasable","17":"product-type-simple"},"yoast_head":"<!-- This site is optimized with the Yoast SEO Premium plugin v27.4 (Yoast SEO v27.4) - https:\/\/yoast.com\/product\/yoast-seo-premium-wordpress\/ -->\n<title>Aysun Instrumenten reinigingsvloeistof - TouchPro Europe Shop<\/title>\n<meta name=\"description\" content=\"De Aysun Instrumenten reinigingsvloeistof is de perfecte reiniging voor praktijken, massagestoelen en massagetafels effectief en zonder alcohol ontdek het nu! Bestel hem hier bij TouchPro Europe Shop\" \/>\n<meta name=\"robots\" content=\"index, follow, max-snippet:-1, max-image-preview:large, max-video-preview:-1\" \/>\n<link rel=\"canonical\" href=\"https:\/\/touchproeurope.eu\/fr\/product\/liquide-de-nettoyage-des-instruments-aysun\/\" \/>\n<meta property=\"og:locale\" content=\"fr_FR\" \/>\n<meta property=\"og:type\" content=\"article\" \/>\n<meta property=\"og:title\" content=\"Aysun Instrumenten reinigingsvloeistof\" \/>\n<meta property=\"og:description\" content=\"De Aysun Instrumenten reinigingsvloeistof is de perfecte reiniging voor praktijken, massagestoelen en massagetafels effectief en zonder alcohol ontdek het nu! Bestel hem hier bij TouchPro Europe Shop\" \/>\n<meta property=\"og:url\" content=\"https:\/\/touchproeurope.eu\/fr\/product\/liquide-de-nettoyage-des-instruments-aysun\/\" \/>\n<meta property=\"og:site_name\" content=\"TouchPro Europe Shop\" \/>\n<meta property=\"article:publisher\" content=\"https:\/\/www.facebook.com\/TouchproNederland\/?locale=nl_NL%2f\" \/>\n<meta property=\"article:modified_time\" content=\"2026-04-16T16:01:08+00:00\" \/>\n<meta property=\"og:image\" content=\"https:\/\/touchproeurope.eu\/wp-content\/uploads\/2023\/11\/Product-afbeelding-1.jpg\" \/>\n\t<meta property=\"og:image:width\" content=\"800\" \/>\n\t<meta property=\"og:image:height\" content=\"800\" \/>\n\t<meta property=\"og:image:type\" content=\"image\/jpeg\" \/>\n<meta name=\"twitter:card\" content=\"summary_large_image\" \/>\n<meta name=\"twitter:label1\" content=\"Prix\" \/>\n\t<meta name=\"twitter:data1\" content=\"&euro;&nbsp;12,50 incl. BTW\" \/>\n\t<meta name=\"twitter:label2\" content=\"Disponibilit\u00e9\" \/>\n\t<meta name=\"twitter:data2\" content=\"En stock\" \/>\n<script type=\"application\/ld+json\" class=\"yoast-schema-graph\">{\"@context\":\"https:\\\/\\\/schema.org\",\"@graph\":[{\"@type\":\"WebPage\",\"@id\":\"https:\\\/\\\/touchproeurope.eu\\\/product\\\/aysun-instrumenten-reinigingsvloeistof\\\/\",\"url\":\"https:\\\/\\\/touchproeurope.eu\\\/product\\\/aysun-instrumenten-reinigingsvloeistof\\\/\",\"name\":\"Aysun Instrumenten reinigingsvloeistof - TouchPro Europe Shop\",\"isPartOf\":{\"@id\":\"https:\\\/\\\/touchproeurope.eu\\\/#website\"},\"primaryImageOfPage\":{\"@id\":\"https:\\\/\\\/touchproeurope.eu\\\/product\\\/aysun-instrumenten-reinigingsvloeistof\\\/#primaryimage\"},\"image\":{\"@id\":\"https:\\\/\\\/touchproeurope.eu\\\/product\\\/aysun-instrumenten-reinigingsvloeistof\\\/#primaryimage\"},\"thumbnailUrl\":\"https:\\\/\\\/i0.wp.com\\\/touchproeurope.eu\\\/wp-content\\\/uploads\\\/2023\\\/11\\\/Product-afbeelding-1.jpg?fit=800%2C800&ssl=1\",\"datePublished\":\"2023-11-09T15:58:30+00:00\",\"dateModified\":\"2026-04-16T16:01:08+00:00\",\"description\":\"De Aysun Instrumenten reinigingsvloeistof is de perfecte reiniging voor praktijken, massagestoelen en massagetafels effectief en zonder alcohol ontdek het nu! Bestel hem hier bij TouchPro Europe Shop\",\"breadcrumb\":{\"@id\":\"https:\\\/\\\/touchproeurope.eu\\\/product\\\/aysun-instrumenten-reinigingsvloeistof\\\/#breadcrumb\"},\"inLanguage\":\"fr-FR\",\"potentialAction\":[{\"@type\":\"ReadAction\",\"target\":[\"https:\\\/\\\/touchproeurope.eu\\\/product\\\/aysun-instrumenten-reinigingsvloeistof\\\/\"]}]},{\"@type\":\"ImageObject\",\"inLanguage\":\"fr-FR\",\"@id\":\"https:\\\/\\\/touchproeurope.eu\\\/product\\\/aysun-instrumenten-reinigingsvloeistof\\\/#primaryimage\",\"url\":\"https:\\\/\\\/i0.wp.com\\\/touchproeurope.eu\\\/wp-content\\\/uploads\\\/2023\\\/11\\\/Product-afbeelding-1.jpg?fit=800%2C800&ssl=1\",\"contentUrl\":\"https:\\\/\\\/i0.wp.com\\\/touchproeurope.eu\\\/wp-content\\\/uploads\\\/2023\\\/11\\\/Product-afbeelding-1.jpg?fit=800%2C800&ssl=1\",\"width\":800,\"height\":800,\"caption\":\"Instrumenten reinigingsvloeistof\"},{\"@type\":\"BreadcrumbList\",\"@id\":\"https:\\\/\\\/touchproeurope.eu\\\/product\\\/aysun-instrumenten-reinigingsvloeistof\\\/#breadcrumb\",\"itemListElement\":[{\"@type\":\"ListItem\",\"position\":1,\"name\":\"Home\",\"item\":\"https:\\\/\\\/touchproeurope.eu\\\/\"},{\"@type\":\"ListItem\",\"position\":2,\"name\":\"Winkel\",\"item\":\"https:\\\/\\\/touchproeurope.eu\\\/winkel\\\/\"},{\"@type\":\"ListItem\",\"position\":3,\"name\":\"Aysun Instrumenten reinigingsvloeistof\"}]},{\"@type\":\"WebSite\",\"@id\":\"https:\\\/\\\/touchproeurope.eu\\\/#website\",\"url\":\"https:\\\/\\\/touchproeurope.eu\\\/\",\"name\":\"TouchPro Europe Shop\",\"description\":\"Alles voor jouw praktijk met een PROfessionele Touch!\",\"publisher\":{\"@id\":\"https:\\\/\\\/touchproeurope.eu\\\/#organization\"},\"alternateName\":\"TPE\",\"potentialAction\":[{\"@type\":\"SearchAction\",\"target\":{\"@type\":\"EntryPoint\",\"urlTemplate\":\"https:\\\/\\\/touchproeurope.eu\\\/?s={search_term_string}\"},\"query-input\":{\"@type\":\"PropertyValueSpecification\",\"valueRequired\":true,\"valueName\":\"search_term_string\"}}],\"inLanguage\":\"fr-FR\"},{\"@type\":\"Organization\",\"@id\":\"https:\\\/\\\/touchproeurope.eu\\\/#organization\",\"name\":\"TouchPro Europe BV\",\"alternateName\":\"TPE\",\"url\":\"https:\\\/\\\/touchproeurope.eu\\\/\",\"logo\":{\"@type\":\"ImageObject\",\"inLanguage\":\"fr-FR\",\"@id\":\"https:\\\/\\\/touchproeurope.eu\\\/#\\\/schema\\\/logo\\\/image\\\/\",\"url\":\"https:\\\/\\\/i0.wp.com\\\/touchproeurope.eu\\\/wp-content\\\/uploads\\\/2023\\\/10\\\/2b592c_b6944d80811246d987cc2c29accedf3f.png?fit=1417%2C531&ssl=1\",\"contentUrl\":\"https:\\\/\\\/i0.wp.com\\\/touchproeurope.eu\\\/wp-content\\\/uploads\\\/2023\\\/10\\\/2b592c_b6944d80811246d987cc2c29accedf3f.png?fit=1417%2C531&ssl=1\",\"width\":1417,\"height\":531,\"caption\":\"TouchPro Europe BV\"},\"image\":{\"@id\":\"https:\\\/\\\/touchproeurope.eu\\\/#\\\/schema\\\/logo\\\/image\\\/\"},\"sameAs\":[\"https:\\\/\\\/www.facebook.com\\\/TouchproNederland\\\/?locale=nl_NL\\\/\",\"https:\\\/\\\/www.instagram.com\\\/touchpro2016\\\/\",\"https:\\\/\\\/www.linkedin.com\\\/company\\\/touchpro-europe-bv\\\/\"],\"description\":\"TouchPro Europe Shop is de massage winkel van Europa. Wij verkopen topkwaliteit massageproducten aan masseurs, pedicures, fysiotherapeuten, manicuren, Wellness centra, opleidingen, etc. TouchPro begon als een kleine webshop in Nederland, maar is nu uitgegroeid tot een webshop met klanten uit heel Europa. Wij bieden een breed assortiment aan massageproducten, waaronder massagetafels, oli\u00ebn, cr\u00e8mes, en accessoires van topmerken, zoals Earthlite, Stronglite en InnerStrenght, Habys, Living Earth Crafts en Continuum en andere leveranciers van massage accessoires. Bestel hier de beste massagematerialen van Europa!\",\"email\":\"info@touchpro-europe.com\",\"telephone\":\"0858768829\",\"legalName\":\"TouchPro Europe BV\",\"foundingDate\":\"2018-01-11\",\"vatID\":\"NL855430151B01\",\"numberOfEmployees\":{\"@type\":\"QuantitativeValue\",\"minValue\":\"1\",\"maxValue\":\"10\"},\"hasMerchantReturnPolicy\":{\"@type\":\"MerchantReturnPolicy\",\"merchantReturnLink\":\"https:\\\/\\\/touchproeurope.eu\\\/fr\\\/retourbeleid\\\/\"}}]}<\/script>\n<meta property=\"product:price:amount\" content=\"12.50\" \/>\n<meta property=\"product:price:currency\" content=\"EUR\" \/>\n<meta property=\"og:availability\" content=\"instock\" \/>\n<meta property=\"product:availability\" content=\"instock\" \/>\n<meta property=\"product:retailer_item_id\" content=\"50014\" \/>\n<meta property=\"product:condition\" content=\"new\" \/>\n<!-- \/ Yoast SEO Premium plugin. -->","yoast_head_json":{"title":"Liquide de nettoyage pour instruments Aysun - TouchPro Europe Shop","description":"Le liquide de nettoyage d'instruments Aysun est le produit id\u00e9al pour nettoyer efficacement et sans alcool les cabinets, les fauteuils et les tables de massage. D\u00e9couvrez-le maintenant ! Commandez le ici \u00e0 TouchPro Europe Shop","robots":{"index":"index","follow":"follow","max-snippet":"max-snippet:-1","max-image-preview":"max-image-preview:large","max-video-preview":"max-video-preview:-1"},"canonical":"https:\/\/touchproeurope.eu\/fr\/product\/liquide-de-nettoyage-des-instruments-aysun\/","og_locale":"fr_FR","og_type":"article","og_title":"Aysun Instrumenten reinigingsvloeistof","og_description":"De Aysun Instrumenten reinigingsvloeistof is de perfecte reiniging voor praktijken, massagestoelen en massagetafels effectief en zonder alcohol ontdek het nu! Bestel hem hier bij TouchPro Europe Shop","og_url":"https:\/\/touchproeurope.eu\/fr\/product\/liquide-de-nettoyage-des-instruments-aysun\/","og_site_name":"TouchPro Europe Shop","article_publisher":"https:\/\/www.facebook.com\/TouchproNederland\/?locale=nl_NL%2f","article_modified_time":"2026-04-16T16:01:08+00:00","og_image":[{"width":800,"height":800,"url":"https:\/\/touchproeurope.eu\/wp-content\/uploads\/2023\/11\/Product-afbeelding-1.jpg","type":"image\/jpeg"}],"twitter_card":"summary_large_image","twitter_misc":{"Prix":"&euro;&nbsp;12,50 incl. BTW","Disponibilit\u00e9":"En stock"},"schema":{"@context":"https:\/\/schema.org","@graph":[{"@type":"WebPage","@id":"https:\/\/touchproeurope.eu\/product\/aysun-instrumenten-reinigingsvloeistof\/","url":"https:\/\/touchproeurope.eu\/product\/aysun-instrumenten-reinigingsvloeistof\/","name":"Liquide de nettoyage pour instruments Aysun - TouchPro Europe Shop","isPartOf":{"@id":"https:\/\/touchproeurope.eu\/#website"},"primaryImageOfPage":{"@id":"https:\/\/touchproeurope.eu\/product\/aysun-instrumenten-reinigingsvloeistof\/#primaryimage"},"image":{"@id":"https:\/\/touchproeurope.eu\/product\/aysun-instrumenten-reinigingsvloeistof\/#primaryimage"},"thumbnailUrl":"https:\/\/i0.wp.com\/touchproeurope.eu\/wp-content\/uploads\/2023\/11\/Product-afbeelding-1.jpg?fit=800%2C800&ssl=1","datePublished":"2023-11-09T15:58:30+00:00","dateModified":"2026-04-16T16:01:08+00:00","description":"Le liquide de nettoyage d'instruments Aysun est le produit id\u00e9al pour nettoyer efficacement et sans alcool les cabinets, les fauteuils et les tables de massage. D\u00e9couvrez-le maintenant ! Commandez le ici \u00e0 TouchPro Europe Shop","breadcrumb":{"@id":"https:\/\/touchproeurope.eu\/product\/aysun-instrumenten-reinigingsvloeistof\/#breadcrumb"},"inLanguage":"fr-FR","potentialAction":[{"@type":"ReadAction","target":["https:\/\/touchproeurope.eu\/product\/aysun-instrumenten-reinigingsvloeistof\/"]}]},{"@type":"ImageObject","inLanguage":"fr-FR","@id":"https:\/\/touchproeurope.eu\/product\/aysun-instrumenten-reinigingsvloeistof\/#primaryimage","url":"https:\/\/i0.wp.com\/touchproeurope.eu\/wp-content\/uploads\/2023\/11\/Product-afbeelding-1.jpg?fit=800%2C800&ssl=1","contentUrl":"https:\/\/i0.wp.com\/touchproeurope.eu\/wp-content\/uploads\/2023\/11\/Product-afbeelding-1.jpg?fit=800%2C800&ssl=1","width":800,"height":800,"caption":"Instrumenten reinigingsvloeistof"},{"@type":"BreadcrumbList","@id":"https:\/\/touchproeurope.eu\/product\/aysun-instrumenten-reinigingsvloeistof\/#breadcrumb","itemListElement":[{"@type":"ListItem","position":1,"name":"Home","item":"https:\/\/touchproeurope.eu\/"},{"@type":"ListItem","position":2,"name":"Winkel","item":"https:\/\/touchproeurope.eu\/winkel\/"},{"@type":"ListItem","position":3,"name":"Aysun Instrumenten reinigingsvloeistof"}]},{"@type":"WebSite","@id":"https:\/\/touchproeurope.eu\/#website","url":"https:\/\/touchproeurope.eu\/","name":"TouchPro Europe Shop","description":"Tout pour votre pratique avec une touche PROfessionnelle !","publisher":{"@id":"https:\/\/touchproeurope.eu\/#organization"},"alternateName":"TPE","potentialAction":[{"@type":"SearchAction","target":{"@type":"EntryPoint","urlTemplate":"https:\/\/touchproeurope.eu\/?s={search_term_string}"},"query-input":{"@type":"PropertyValueSpecification","valueRequired":true,"valueName":"search_term_string"}}],"inLanguage":"fr-FR"},{"@type":"Organization","@id":"https:\/\/touchproeurope.eu\/#organization","name":"TouchPro Europe BV","alternateName":"TPE","url":"https:\/\/touchproeurope.eu\/","logo":{"@type":"ImageObject","inLanguage":"fr-FR","@id":"https:\/\/touchproeurope.eu\/#\/schema\/logo\/image\/","url":"https:\/\/i0.wp.com\/touchproeurope.eu\/wp-content\/uploads\/2023\/10\/2b592c_b6944d80811246d987cc2c29accedf3f.png?fit=1417%2C531&ssl=1","contentUrl":"https:\/\/i0.wp.com\/touchproeurope.eu\/wp-content\/uploads\/2023\/10\/2b592c_b6944d80811246d987cc2c29accedf3f.png?fit=1417%2C531&ssl=1","width":1417,"height":531,"caption":"TouchPro Europe BV"},"image":{"@id":"https:\/\/touchproeurope.eu\/#\/schema\/logo\/image\/"},"sameAs":["https:\/\/www.facebook.com\/TouchproNederland\/?locale=nl_NL\/","https:\/\/www.instagram.com\/touchpro2016\/","https:\/\/www.linkedin.com\/company\/touchpro-europe-bv\/"],"description":"TouchPro Europe Shop est le magasin de massage de l'Europe. Nous vendons des produits de massage de qualit\u00e9 sup\u00e9rieure aux masseurs, p\u00e9dicures, physioth\u00e9rapeutes, manucures, centres de bien-\u00eatre, cours de formation, etc. TouchPro a commenc\u00e9 comme un petit magasin aux Pays-Bas, mais s'est maintenant d\u00e9velopp\u00e9 pour devenir un magasin avec des clients de toute l'Europe. Nous proposons une large gamme de produits de massage, notamment des tables de massage, des huiles, des cr\u00e8mes et des accessoires de grandes marques telles que Earthlite, Stronglite et InnerStrenght, Habys, Living Earth Crafts et Continuum, ainsi que d'autres fournisseurs d'accessoires de massage. Commandez ici les meilleurs produits de massage d'Europe !","email":"info@touchpro-europe.com","telephone":"0858768829","legalName":"TouchPro Europe BV","foundingDate":"2018-01-11","vatID":"NL855430151B01","numberOfEmployees":{"@type":"QuantitativeValue","minValue":"1","maxValue":"10"},"hasMerchantReturnPolicy":{"@type":"MerchantReturnPolicy","merchantReturnLink":"https:\/\/touchproeurope.eu\/fr\/retourbeleid\/"}}]},"product_price_amount":"12.50","product_price_currency":"EUR","og_availability":"instock","product_availability":"instock","product_retailer_item_id":"50014","product_condition":"new"},"_links":{"self":[{"href":"https:\/\/touchproeurope.eu\/fr\/wp-json\/wp\/v2\/product\/2924","targetHints":{"allow":["GET"]}}],"collection":[{"href":"https:\/\/touchproeurope.eu\/fr\/wp-json\/wp\/v2\/product"}],"about":[{"href":"https:\/\/touchproeurope.eu\/fr\/wp-json\/wp\/v2\/types\/product"}],"replies":[{"embeddable":true,"href":"https:\/\/touchproeurope.eu\/fr\/wp-json\/wp\/v2\/comments?post=2924"}],"version-history":[{"count":8,"href":"https:\/\/touchproeurope.eu\/fr\/wp-json\/wp\/v2\/product\/2924\/revisions"}],"predecessor-version":[{"id":15666,"href":"https:\/\/touchproeurope.eu\/fr\/wp-json\/wp\/v2\/product\/2924\/revisions\/15666"}],"wp:featuredmedia":[{"embeddable":true,"href":"https:\/\/touchproeurope.eu\/fr\/wp-json\/wp\/v2\/media\/15664"}],"wp:attachment":[{"href":"https:\/\/touchproeurope.eu\/fr\/wp-json\/wp\/v2\/media?parent=2924"}],"wp:term":[{"taxonomy":"product_brand","embeddable":true,"href":"https:\/\/touchproeurope.eu\/fr\/wp-json\/wp\/v2\/product_brand?post=2924"},{"taxonomy":"product_cat","embeddable":true,"href":"https:\/\/touchproeurope.eu\/fr\/wp-json\/wp\/v2\/product_cat?post=2924"},{"taxonomy":"product_tag","embeddable":true,"href":"https:\/\/touchproeurope.eu\/fr\/wp-json\/wp\/v2\/product_tag?post=2924"}],"curies":[{"name":"wp","href":"https:\/\/api.w.org\/{rel}","templated":true}]}}