{"id":2934,"date":"2023-11-09T15:58:55","date_gmt":"2023-11-09T15:58:55","guid":{"rendered":"https:\/\/touchproeurope.eu\/?post_type=product&#038;p=2934"},"modified":"2026-05-12T09:24:34","modified_gmt":"2026-05-12T09:24:34","slug":"table-de-massage-de-grossesse-earthlite-spirit","status":"publish","type":"product","link":"https:\/\/touchproeurope.eu\/fr\/product\/earthlite-spirit-pregnancy-massagetafel\/","title":{"rendered":"Table de massage pour femmes enceintes Earthlite Spirit"},"content":{"rendered":"<p>D\u00e9couvrez le summum du confort et du soutien avec la table de massage Earthlite Spirit Pregnancy. Sp\u00e9cialement con\u00e7ue pour les massages de grossesse, cette table de traitement pliable offre une exp\u00e9rience in\u00e9gal\u00e9e aux futures mamans. Mais ce n'est pas tout. La polyvalence de cette table la rend \u00e9galement parfaite pour les traitements r\u00e9guliers.<\/p>\n<p>Gr\u00e2ce \u00e0 l'oreiller thoracique amovible, profitez d'une relaxation sans pression en position couch\u00e9e, tandis que la large bande \u00e9lastique offre un soutien optimal \u00e0 votre ventre. Sentez la qualit\u00e9 et la fonctionnalit\u00e9 du Earthlite Spirit, qui en fait un outil indispensable pour les massages de grossesse.<\/p>\n<p>L'ensemble comprend non seulement la table de massage Earthlite Spirit Pregnancy, mais aussi un appui-t\u00eate Flexrest avec oreiller en mousse \u00e0 m\u00e9moire de forme LEC Strata et un sac de transport professionnel avec compartiment de rangement pratique.<\/p>\n<p>Avec un poids de seulement 15,5 \u00e0 17 kg (en fonction de la largeur) et une hauteur r\u00e9glable de 58 \u00e0 84 cm, cette table est non seulement fonctionnelle, mais aussi facile \u00e0 manipuler. La cavit\u00e9 pour la poitrine et l'abdomen, la largeur de 76 ou 81 cm et la charge de travail totale admissible de 360 kg font de cette table un outil id\u00e9al pour divers traitements.<\/p>\n<p>Profitez de caract\u00e9ristiques suppl\u00e9mentaires telles que l'option Shiatsu Release, le coussin ProPlush Deluxe \u00e0 3 couches et les plaques d'extr\u00e9mit\u00e9 Reiki compl\u00e8tes. Le Earthlite Spirit est rembourr\u00e9 selon la m\u00e9thode \"Stitched Fit\", ce qui garantit sa durabilit\u00e9 et son style.<\/p>\n<p>D\u00e9couvrez la combinaison parfaite de confort, de commodit\u00e9 et de polyvalence avec la table de massage Earthlite Spirit Pregnancy - votre partenaire en mati\u00e8re de bien-\u00eatre. Commandez d\u00e8s maintenant et offrez \u00e0 vos clients le traitement qu'ils m\u00e9ritent !<\/p>","protected":false},"excerpt":{"rendered":"<p><strong>La table de massage Earthlite Spirit Pregnancy<\/strong> - Une table de traitement pliante sp\u00e9cialement con\u00e7ue pour offrir un confort et un soutien optimaux pendant les massages de grossesse. En m\u00eame temps, cette table de massage convient parfaitement aux traitements r\u00e9guliers. Le coussin amovible pour les seins permet de ne pas exercer de pression sur les seins, m\u00eame en position couch\u00e9e. La large bande \u00e9lastique tress\u00e9e soutient bien le ventre pendant le massage. D\u00e9couvrez la qualit\u00e9 et la fonctionnalit\u00e9 de la table de massage Earthlite Spirit Pregnancy, id\u00e9ale pour les massages de grossesse.<\/p>\n<p>Le paquet comprend<\/p>\n<ul>\n<li>L'esprit Earthlite Grossesse massagetafe<\/li>\n<li>Appui-t\u00eate Flexrest avec oreiller en mousse \u00e0 m\u00e9moire de forme LEC Strata<\/li>\n<li>Mallette de transport professionnelle assortie avec compartiment de rangement<\/li>\n<\/ul>\n<p>Caract\u00e9ristiques du produit :<\/p>\n<ul>\n<li>Poids 15,5 ou 17 kg ; en fonction de la taille de la largeur<\/li>\n<li>D\u00e9coupe de la poitrine et de l'abdomen pour les femmes enceintes<\/li>\n<li>Largeur : 76 ou 81 cm<\/li>\n<li>Longueur : 185 cm<\/li>\n<li>hauteur r\u00e9glable de 58 \u00e0 84 cm<\/li>\n<li>Poids total autoris\u00e9 en ordre de marche 360 kg<\/li>\n<li>Option de lib\u00e9ration shiatsu<\/li>\n<li>Oreiller ProPlush Deluxe \u00e0 3 couches<\/li>\n<li>\u00c9quip\u00e9 de plaques terminales Reiki compl\u00e8tes<\/li>\n<li>Doubl\u00e9 selon la m\u00e9thode Stitched Fit<\/li>\n<li>Feuille de calcul officielle : <a href=\"https:\/\/b2b.earthlite.eu\/media\/wysiwyg\/SalesSheets\/Spirit_1-300-0069_-_Rev_092220.pdf\" target=\"_blank\" rel=\"noopener\">Nouvel Esprit Reiki<\/a><\/li>\n<\/ul>","protected":false},"featured_media":2933,"comment_status":"open","ping_status":"closed","template":"","meta":[],"product_brand":[343],"product_cat":[94,93],"product_tag":[85,39,116,90],"class_list":{"0":"post-2934","1":"product","2":"type-product","3":"status-publish","4":"has-post-thumbnail","6":"product_brand-earthlite","7":"product_cat-draagbare-massagetafels","8":"product_cat-massagetafels","9":"product_tag-earthlite","10":"product_tag-massagetafel","11":"product_tag-pregnancy","12":"product_tag-spirit","13":"product_shipping_class-groot-pakket","14":"pa_kleur-zwart","15":"pa_merk-earthlite","17":"first","18":"onbackorder","19":"taxable","20":"shipping-taxable","21":"purchasable","22":"product-type-variable"},"yoast_head":"<!-- This site is optimized with the Yoast SEO Premium plugin v27.6 (Yoast SEO v27.6) - https:\/\/yoast.com\/product\/yoast-seo-premium-wordpress\/ -->\n<title>Earthlite Spirit Pregnancy Massagetafel - TouchPro Europe Shop<\/title>\n<meta name=\"description\" content=\"Ontdek het ultieme comfort en ondersteuning met de Earthlite Spirit Pregnancy massagetafel. Speciaal ontworpen voor zwangerschapsmassages.\" \/>\n<meta name=\"robots\" content=\"index, follow, max-snippet:-1, max-image-preview:large, max-video-preview:-1\" \/>\n<link rel=\"canonical\" href=\"https:\/\/touchproeurope.eu\/fr\/product\/table-de-massage-de-grossesse-earthlite-spirit\/\" \/>\n<meta property=\"og:locale\" content=\"fr_FR\" \/>\n<meta property=\"og:type\" content=\"article\" \/>\n<meta property=\"og:title\" content=\"Earthlite Spirit Pregnancy Massagetafel\" \/>\n<meta property=\"og:description\" content=\"Ontdek het ultieme comfort en ondersteuning met de Earthlite Spirit Pregnancy massagetafel. Speciaal ontworpen voor zwangerschapsmassages.\" \/>\n<meta property=\"og:url\" content=\"https:\/\/touchproeurope.eu\/fr\/product\/table-de-massage-de-grossesse-earthlite-spirit\/\" \/>\n<meta property=\"og:site_name\" content=\"TouchPro Europe Shop\" \/>\n<meta property=\"article:publisher\" content=\"https:\/\/www.facebook.com\/TouchproNederland\/?locale=nl_NL%2f\" \/>\n<meta property=\"article:modified_time\" content=\"2026-05-12T09:24:34+00:00\" \/>\n<meta property=\"og:image\" content=\"https:\/\/touchproeurope.eu\/wp-content\/uploads\/2023\/11\/3099762767.jpg\" \/>\n\t<meta property=\"og:image:width\" content=\"2000\" \/>\n\t<meta property=\"og:image:height\" content=\"2000\" \/>\n\t<meta property=\"og:image:type\" content=\"image\/jpeg\" \/>\n<meta name=\"twitter:card\" content=\"summary_large_image\" \/>\n<meta name=\"twitter:label1\" content=\"Disponibilit\u00e9\" \/>\n\t<meta name=\"twitter:data1\" content=\"En r\u00e9assort\" \/>\n<script type=\"application\/ld+json\" class=\"yoast-schema-graph\">{\"@context\":\"https:\\\/\\\/schema.org\",\"@graph\":[{\"@type\":\"WebPage\",\"@id\":\"https:\\\/\\\/touchproeurope.eu\\\/product\\\/earthlite-spirit-pregnancy-massagetafel\\\/\",\"url\":\"https:\\\/\\\/touchproeurope.eu\\\/product\\\/earthlite-spirit-pregnancy-massagetafel\\\/\",\"name\":\"Earthlite Spirit Pregnancy Massagetafel - TouchPro Europe Shop\",\"isPartOf\":{\"@id\":\"https:\\\/\\\/touchproeurope.eu\\\/#website\"},\"primaryImageOfPage\":{\"@id\":\"https:\\\/\\\/touchproeurope.eu\\\/product\\\/earthlite-spirit-pregnancy-massagetafel\\\/#primaryimage\"},\"image\":{\"@id\":\"https:\\\/\\\/touchproeurope.eu\\\/product\\\/earthlite-spirit-pregnancy-massagetafel\\\/#primaryimage\"},\"thumbnailUrl\":\"https:\\\/\\\/i0.wp.com\\\/touchproeurope.eu\\\/wp-content\\\/uploads\\\/2023\\\/11\\\/3099762767.jpg?fit=2000%2C2000&ssl=1\",\"datePublished\":\"2023-11-09T15:58:55+00:00\",\"dateModified\":\"2026-05-12T09:24:34+00:00\",\"description\":\"Ontdek het ultieme comfort en ondersteuning met de Earthlite Spirit Pregnancy massagetafel. Speciaal ontworpen voor zwangerschapsmassages.\",\"breadcrumb\":{\"@id\":\"https:\\\/\\\/touchproeurope.eu\\\/product\\\/earthlite-spirit-pregnancy-massagetafel\\\/#breadcrumb\"},\"inLanguage\":\"fr-FR\",\"potentialAction\":[{\"@type\":\"ReadAction\",\"target\":[\"https:\\\/\\\/touchproeurope.eu\\\/product\\\/earthlite-spirit-pregnancy-massagetafel\\\/\"]}]},{\"@type\":\"ImageObject\",\"inLanguage\":\"fr-FR\",\"@id\":\"https:\\\/\\\/touchproeurope.eu\\\/product\\\/earthlite-spirit-pregnancy-massagetafel\\\/#primaryimage\",\"url\":\"https:\\\/\\\/i0.wp.com\\\/touchproeurope.eu\\\/wp-content\\\/uploads\\\/2023\\\/11\\\/3099762767.jpg?fit=2000%2C2000&ssl=1\",\"contentUrl\":\"https:\\\/\\\/i0.wp.com\\\/touchproeurope.eu\\\/wp-content\\\/uploads\\\/2023\\\/11\\\/3099762767.jpg?fit=2000%2C2000&ssl=1\",\"width\":2000,\"height\":2000,\"caption\":\"Earthlite Spirit Pregnancy Massagetafel\"},{\"@type\":\"BreadcrumbList\",\"@id\":\"https:\\\/\\\/touchproeurope.eu\\\/product\\\/earthlite-spirit-pregnancy-massagetafel\\\/#breadcrumb\",\"itemListElement\":[{\"@type\":\"ListItem\",\"position\":1,\"name\":\"Home\",\"item\":\"https:\\\/\\\/touchproeurope.eu\\\/\"},{\"@type\":\"ListItem\",\"position\":2,\"name\":\"Winkel\",\"item\":\"https:\\\/\\\/touchproeurope.eu\\\/winkel\\\/\"},{\"@type\":\"ListItem\",\"position\":3,\"name\":\"Earthlite Spirit Pregnancy Massagetafel\"}]},{\"@type\":\"WebSite\",\"@id\":\"https:\\\/\\\/touchproeurope.eu\\\/#website\",\"url\":\"https:\\\/\\\/touchproeurope.eu\\\/\",\"name\":\"TouchPro Europe Shop\",\"description\":\"Alles voor jouw praktijk met een PROfessionele Touch!\",\"publisher\":{\"@id\":\"https:\\\/\\\/touchproeurope.eu\\\/#organization\"},\"alternateName\":\"TPE\",\"potentialAction\":[{\"@type\":\"SearchAction\",\"target\":{\"@type\":\"EntryPoint\",\"urlTemplate\":\"https:\\\/\\\/touchproeurope.eu\\\/?s={search_term_string}\"},\"query-input\":{\"@type\":\"PropertyValueSpecification\",\"valueRequired\":true,\"valueName\":\"search_term_string\"}}],\"inLanguage\":\"fr-FR\"},{\"@type\":\"Organization\",\"@id\":\"https:\\\/\\\/touchproeurope.eu\\\/#organization\",\"name\":\"TouchPro Europe BV\",\"alternateName\":\"TPE\",\"url\":\"https:\\\/\\\/touchproeurope.eu\\\/\",\"logo\":{\"@type\":\"ImageObject\",\"inLanguage\":\"fr-FR\",\"@id\":\"https:\\\/\\\/touchproeurope.eu\\\/#\\\/schema\\\/logo\\\/image\\\/\",\"url\":\"https:\\\/\\\/i0.wp.com\\\/touchproeurope.eu\\\/wp-content\\\/uploads\\\/2023\\\/10\\\/2b592c_b6944d80811246d987cc2c29accedf3f.png?fit=1417%2C531&ssl=1\",\"contentUrl\":\"https:\\\/\\\/i0.wp.com\\\/touchproeurope.eu\\\/wp-content\\\/uploads\\\/2023\\\/10\\\/2b592c_b6944d80811246d987cc2c29accedf3f.png?fit=1417%2C531&ssl=1\",\"width\":1417,\"height\":531,\"caption\":\"TouchPro Europe BV\"},\"image\":{\"@id\":\"https:\\\/\\\/touchproeurope.eu\\\/#\\\/schema\\\/logo\\\/image\\\/\"},\"sameAs\":[\"https:\\\/\\\/www.facebook.com\\\/TouchproNederland\\\/?locale=nl_NL\\\/\",\"https:\\\/\\\/www.instagram.com\\\/touchpro2016\\\/\",\"https:\\\/\\\/www.linkedin.com\\\/company\\\/touchpro-europe-bv\\\/\"],\"description\":\"TouchPro Europe Shop is de massage winkel van Europa. Wij verkopen topkwaliteit massageproducten aan masseurs, pedicures, fysiotherapeuten, manicuren, Wellness centra, opleidingen, etc. TouchPro begon als een kleine webshop in Nederland, maar is nu uitgegroeid tot een webshop met klanten uit heel Europa. Wij bieden een breed assortiment aan massageproducten, waaronder massagetafels, oli\u00ebn, cr\u00e8mes, en accessoires van topmerken, zoals Earthlite, Stronglite en InnerStrenght, Habys, Living Earth Crafts en Continuum en andere leveranciers van massage accessoires. Bestel hier de beste massagematerialen van Europa!\",\"email\":\"info@touchpro-europe.com\",\"telephone\":\"0858768829\",\"legalName\":\"TouchPro Europe BV\",\"foundingDate\":\"2018-01-11\",\"vatID\":\"NL855430151B01\",\"numberOfEmployees\":{\"@type\":\"QuantitativeValue\",\"minValue\":\"1\",\"maxValue\":\"10\"},\"hasMerchantReturnPolicy\":{\"@type\":\"MerchantReturnPolicy\",\"merchantReturnLink\":\"https:\\\/\\\/touchproeurope.eu\\\/fr\\\/retourbeleid\\\/\"}}]}<\/script>\n<meta property=\"product:brand\" content=\"Earthlite\" \/>\n<meta property=\"og:availability\" content=\"backorder\" \/>\n<meta property=\"product:availability\" content=\"available for order\" \/>\n<meta property=\"product:retailer_item_id\" content=\"10100\" \/>\n<meta property=\"product:condition\" content=\"new\" \/>\n<!-- \/ Yoast SEO Premium plugin. -->","yoast_head_json":{"title":"Earthlite Spirit Table de massage pour femmes enceintes - TouchPro Europe Shop","description":"D\u00e9couvrez le summum du confort et du soutien avec la table de massage Earthlite Spirit Pregnancy. Sp\u00e9cialement con\u00e7ue pour les massages de grossesse.","robots":{"index":"index","follow":"follow","max-snippet":"max-snippet:-1","max-image-preview":"max-image-preview:large","max-video-preview":"max-video-preview:-1"},"canonical":"https:\/\/touchproeurope.eu\/fr\/product\/table-de-massage-de-grossesse-earthlite-spirit\/","og_locale":"fr_FR","og_type":"article","og_title":"Earthlite Spirit Pregnancy Massagetafel","og_description":"Ontdek het ultieme comfort en ondersteuning met de Earthlite Spirit Pregnancy massagetafel. Speciaal ontworpen voor zwangerschapsmassages.","og_url":"https:\/\/touchproeurope.eu\/fr\/product\/table-de-massage-de-grossesse-earthlite-spirit\/","og_site_name":"TouchPro Europe Shop","article_publisher":"https:\/\/www.facebook.com\/TouchproNederland\/?locale=nl_NL%2f","article_modified_time":"2026-05-12T09:24:34+00:00","og_image":[{"width":2000,"height":2000,"url":"https:\/\/touchproeurope.eu\/wp-content\/uploads\/2023\/11\/3099762767.jpg","type":"image\/jpeg"}],"twitter_card":"summary_large_image","twitter_misc":{"Disponibilit\u00e9":"En r\u00e9assort"},"schema":{"@context":"https:\/\/schema.org","@graph":[{"@type":"WebPage","@id":"https:\/\/touchproeurope.eu\/product\/earthlite-spirit-pregnancy-massagetafel\/","url":"https:\/\/touchproeurope.eu\/product\/earthlite-spirit-pregnancy-massagetafel\/","name":"Earthlite Spirit Table de massage pour femmes enceintes - TouchPro Europe Shop","isPartOf":{"@id":"https:\/\/touchproeurope.eu\/#website"},"primaryImageOfPage":{"@id":"https:\/\/touchproeurope.eu\/product\/earthlite-spirit-pregnancy-massagetafel\/#primaryimage"},"image":{"@id":"https:\/\/touchproeurope.eu\/product\/earthlite-spirit-pregnancy-massagetafel\/#primaryimage"},"thumbnailUrl":"https:\/\/i0.wp.com\/touchproeurope.eu\/wp-content\/uploads\/2023\/11\/3099762767.jpg?fit=2000%2C2000&ssl=1","datePublished":"2023-11-09T15:58:55+00:00","dateModified":"2026-05-12T09:24:34+00:00","description":"D\u00e9couvrez le summum du confort et du soutien avec la table de massage Earthlite Spirit Pregnancy. Sp\u00e9cialement con\u00e7ue pour les massages de grossesse.","breadcrumb":{"@id":"https:\/\/touchproeurope.eu\/product\/earthlite-spirit-pregnancy-massagetafel\/#breadcrumb"},"inLanguage":"fr-FR","potentialAction":[{"@type":"ReadAction","target":["https:\/\/touchproeurope.eu\/product\/earthlite-spirit-pregnancy-massagetafel\/"]}]},{"@type":"ImageObject","inLanguage":"fr-FR","@id":"https:\/\/touchproeurope.eu\/product\/earthlite-spirit-pregnancy-massagetafel\/#primaryimage","url":"https:\/\/i0.wp.com\/touchproeurope.eu\/wp-content\/uploads\/2023\/11\/3099762767.jpg?fit=2000%2C2000&ssl=1","contentUrl":"https:\/\/i0.wp.com\/touchproeurope.eu\/wp-content\/uploads\/2023\/11\/3099762767.jpg?fit=2000%2C2000&ssl=1","width":2000,"height":2000,"caption":"Earthlite Spirit Pregnancy Massagetafel"},{"@type":"BreadcrumbList","@id":"https:\/\/touchproeurope.eu\/product\/earthlite-spirit-pregnancy-massagetafel\/#breadcrumb","itemListElement":[{"@type":"ListItem","position":1,"name":"Home","item":"https:\/\/touchproeurope.eu\/"},{"@type":"ListItem","position":2,"name":"Winkel","item":"https:\/\/touchproeurope.eu\/winkel\/"},{"@type":"ListItem","position":3,"name":"Earthlite Spirit Pregnancy Massagetafel"}]},{"@type":"WebSite","@id":"https:\/\/touchproeurope.eu\/#website","url":"https:\/\/touchproeurope.eu\/","name":"TouchPro Europe Shop","description":"Tout pour votre pratique avec une touche PROfessionnelle !","publisher":{"@id":"https:\/\/touchproeurope.eu\/#organization"},"alternateName":"TPE","potentialAction":[{"@type":"SearchAction","target":{"@type":"EntryPoint","urlTemplate":"https:\/\/touchproeurope.eu\/?s={search_term_string}"},"query-input":{"@type":"PropertyValueSpecification","valueRequired":true,"valueName":"search_term_string"}}],"inLanguage":"fr-FR"},{"@type":"Organization","@id":"https:\/\/touchproeurope.eu\/#organization","name":"TouchPro Europe BV","alternateName":"TPE","url":"https:\/\/touchproeurope.eu\/","logo":{"@type":"ImageObject","inLanguage":"fr-FR","@id":"https:\/\/touchproeurope.eu\/#\/schema\/logo\/image\/","url":"https:\/\/i0.wp.com\/touchproeurope.eu\/wp-content\/uploads\/2023\/10\/2b592c_b6944d80811246d987cc2c29accedf3f.png?fit=1417%2C531&ssl=1","contentUrl":"https:\/\/i0.wp.com\/touchproeurope.eu\/wp-content\/uploads\/2023\/10\/2b592c_b6944d80811246d987cc2c29accedf3f.png?fit=1417%2C531&ssl=1","width":1417,"height":531,"caption":"TouchPro Europe BV"},"image":{"@id":"https:\/\/touchproeurope.eu\/#\/schema\/logo\/image\/"},"sameAs":["https:\/\/www.facebook.com\/TouchproNederland\/?locale=nl_NL\/","https:\/\/www.instagram.com\/touchpro2016\/","https:\/\/www.linkedin.com\/company\/touchpro-europe-bv\/"],"description":"TouchPro Europe Shop est le magasin de massage de l'Europe. Nous vendons des produits de massage de qualit\u00e9 sup\u00e9rieure aux masseurs, p\u00e9dicures, physioth\u00e9rapeutes, manucures, centres de bien-\u00eatre, cours de formation, etc. TouchPro a commenc\u00e9 comme un petit magasin aux Pays-Bas, mais s'est maintenant d\u00e9velopp\u00e9 pour devenir un magasin avec des clients de toute l'Europe. Nous proposons une large gamme de produits de massage, notamment des tables de massage, des huiles, des cr\u00e8mes et des accessoires de grandes marques telles que Earthlite, Stronglite et InnerStrenght, Habys, Living Earth Crafts et Continuum, ainsi que d'autres fournisseurs d'accessoires de massage. Commandez ici les meilleurs produits de massage d'Europe !","email":"info@touchpro-europe.com","telephone":"0858768829","legalName":"TouchPro Europe BV","foundingDate":"2018-01-11","vatID":"NL855430151B01","numberOfEmployees":{"@type":"QuantitativeValue","minValue":"1","maxValue":"10"},"hasMerchantReturnPolicy":{"@type":"MerchantReturnPolicy","merchantReturnLink":"https:\/\/touchproeurope.eu\/fr\/retourbeleid\/"}}]},"product_brand":"Earthlite","og_availability":"backorder","product_availability":"available for order","product_retailer_item_id":"10100","product_condition":"new"},"_links":{"self":[{"href":"https:\/\/touchproeurope.eu\/fr\/wp-json\/wp\/v2\/product\/2934","targetHints":{"allow":["GET"]}}],"collection":[{"href":"https:\/\/touchproeurope.eu\/fr\/wp-json\/wp\/v2\/product"}],"about":[{"href":"https:\/\/touchproeurope.eu\/fr\/wp-json\/wp\/v2\/types\/product"}],"replies":[{"embeddable":true,"href":"https:\/\/touchproeurope.eu\/fr\/wp-json\/wp\/v2\/comments?post=2934"}],"version-history":[{"count":3,"href":"https:\/\/touchproeurope.eu\/fr\/wp-json\/wp\/v2\/product\/2934\/revisions"}],"predecessor-version":[{"id":7795,"href":"https:\/\/touchproeurope.eu\/fr\/wp-json\/wp\/v2\/product\/2934\/revisions\/7795"}],"wp:featuredmedia":[{"embeddable":true,"href":"https:\/\/touchproeurope.eu\/fr\/wp-json\/wp\/v2\/media\/2933"}],"wp:attachment":[{"href":"https:\/\/touchproeurope.eu\/fr\/wp-json\/wp\/v2\/media?parent=2934"}],"wp:term":[{"taxonomy":"product_brand","embeddable":true,"href":"https:\/\/touchproeurope.eu\/fr\/wp-json\/wp\/v2\/product_brand?post=2934"},{"taxonomy":"product_cat","embeddable":true,"href":"https:\/\/touchproeurope.eu\/fr\/wp-json\/wp\/v2\/product_cat?post=2934"},{"taxonomy":"product_tag","embeddable":true,"href":"https:\/\/touchproeurope.eu\/fr\/wp-json\/wp\/v2\/product_tag?post=2934"}],"curies":[{"name":"wp","href":"https:\/\/api.w.org\/{rel}","templated":true}]}}