{"id":2936,"date":"2023-11-09T15:59:04","date_gmt":"2023-11-09T15:59:04","guid":{"rendered":"https:\/\/touchproeurope.eu\/?post_type=product&#038;p=2936"},"modified":"2026-05-01T13:53:20","modified_gmt":"2026-05-01T13:53:20","slug":"earthlite-avila-ii-fauteuil-de-massage","status":"publish","type":"product","link":"https:\/\/touchproeurope.eu\/fr\/product\/earthlite-avila-ii-massagestoel\/","title":{"rendered":"Fauteuil de massage Earthlite Avila II"},"content":{"rendered":"<p>Faites l'exp\u00e9rience du luxe ultime avec le fauteuil de massage Earthlite Avila II. Ce fauteuil de massage ne se contente pas d'\u00eatre \u00e9l\u00e9gant, il est \u00e9galement con\u00e7u pour offrir un confort in\u00e9gal\u00e9, tant pour le masseur que pour le client. Avec ses possibilit\u00e9s de r\u00e9glage infinies et son design ergonomique, l'Avila II offre un m\u00e9lange parfait de style et de fonctionnalit\u00e9.<\/p>\n<p>L'ensemble comprend le fauteuil de massage Avila II, une mallette de transport \u00e0 roulettes pour un transport sans effort, un appui-t\u00eate r\u00e9glable de luxe avec un oreiller standard et un DVD informatif avec les sp\u00e9cifications du produit et les instructions d'utilisation. Ce fauteuil est donc le choix ultime pour ceux qui recherchent une mobilit\u00e9 de haute qualit\u00e9 et une facilit\u00e9 d'utilisation.<\/p>\n<p>Con\u00e7u pour une r\u00e9partition optimale du poids, le Earthlite Avila II offre une exp\u00e9rience qui d\u00e9passe les attentes. Gr\u00e2ce au coussin de sternum suppl\u00e9mentaire et aux coussins Soft Support amovibles, vous b\u00e9n\u00e9ficierez d'un confort suppl\u00e9mentaire \u00e0 chaque massage.<\/p>\n<p>Avec un poids de 11,5 kg et un poids de travail impressionnant de 158 kg, cette chaise est non seulement l\u00e9g\u00e8re, mais aussi extr\u00eamement puissante. La fiche de vente officielle de l'Avila II confirme la haute qualit\u00e9 et le savoir-faire de ce produit.<\/p>\n<p>Transformez votre pratique du massage avec le fauteuil de massage Earthlite Avila II. Commandez maintenant et profitez d'une exp\u00e9rience de massage in\u00e9gal\u00e9e dans n'importe quel endroit. Choisissez le luxe, choisissez le confort - choisissez le fauteuil de massage Avila II. Laissez ce fauteuil vous guider vers une relaxation totale !<\/p>","protected":false},"excerpt":{"rendered":"<p><strong>Le Earthlite Avila II :<\/strong> Ce fauteuil de massage \u00e0 l'allure luxueuse est r\u00e9glable \u00e0 l'infini et con\u00e7u de mani\u00e8re ergonomique pour un confort ultime du masseur et du client. Ce fauteuil de massage est \u00e9galement con\u00e7u pour une r\u00e9partition optimale du poids. Gr\u00e2ce au chariot qui l'accompagne, le fauteuil est tr\u00e8s facile \u00e0 d\u00e9placer.<\/p>\n<p>Le paquet comprend<\/p>\n<ul>\n<li>Le fauteuil de massage Avila II.<\/li>\n<li>Mallette de transport \u00e0 roulettes.<\/li>\n<li>Appui-t\u00eate r\u00e9glable de luxe avec oreiller standard.<\/li>\n<li>DVD contenant les sp\u00e9cifications du produit et les instructions d'utilisation.<\/li>\n<\/ul>\n<p>Caract\u00e9ristiques :<\/p>\n<ul>\n<li>\u00c9quip\u00e9 d'un coussin de sternum suppl\u00e9mentaire.<\/li>\n<li>Poids : 11,5 kg.<\/li>\n<li>poids de travail : 158 kg.<\/li>\n<li>Coussins amovibles Soft Support.<\/li>\n<li>Feuille de calcul officielle : <a href=\"https:\/\/www.earthlite.com\/media\/wysiwyg\/SalesSheets\/2023-Reupload\/Avila_II_Chair_1-300-0066_-_Rev_092920.pdf\">Avila II<\/a><\/li>\n<\/ul>","protected":false},"featured_media":3845,"comment_status":"open","ping_status":"closed","template":"","meta":[],"product_brand":[343],"product_cat":[98],"product_tag":[142,85,19],"class_list":{"0":"post-2936","1":"product","2":"type-product","3":"status-publish","4":"has-post-thumbnail","6":"product_brand-earthlite","7":"product_cat-massagestoelen","8":"product_tag-avila","9":"product_tag-earthlite","10":"product_tag-massagestoel","11":"product_shipping_class-middel-pakket","12":"pa_kleur-blauw","13":"pa_kleur-bordeaux","14":"pa_kleur-vanille-creme","15":"pa_kleur-zwart","16":"pa_merk-earthlite","18":"first","19":"instock","20":"taxable","21":"shipping-taxable","22":"purchasable","23":"product-type-variable"},"yoast_head":"<!-- This site is optimized with the Yoast SEO Premium plugin v27.5 (Yoast SEO v27.5) - https:\/\/yoast.com\/product\/yoast-seo-premium-wordpress\/ -->\n<title>Earthlite Avila II Massagestoel - TouchPro Europe Shop<\/title>\n<meta name=\"description\" content=\"Ervaar de ultieme luxe met de Earthlite Avila II massagestoel. Deze massagestoel is ontworpen voor onge\u00ebvenaard comfort voor zowel masseur als klant\" \/>\n<meta name=\"robots\" content=\"index, follow, max-snippet:-1, max-image-preview:large, max-video-preview:-1\" \/>\n<link rel=\"canonical\" href=\"https:\/\/touchproeurope.eu\/fr\/product\/earthlite-avila-ii-fauteuil-de-massage\/\" \/>\n<meta property=\"og:locale\" content=\"fr_FR\" \/>\n<meta property=\"og:type\" content=\"article\" \/>\n<meta property=\"og:title\" content=\"Earthlite Avila II Massagestoel\" \/>\n<meta property=\"og:description\" content=\"Ervaar de ultieme luxe met de Earthlite Avila II massagestoel. Deze massagestoel is ontworpen voor onge\u00ebvenaard comfort voor zowel masseur als klant\" \/>\n<meta property=\"og:url\" content=\"https:\/\/touchproeurope.eu\/fr\/product\/earthlite-avila-ii-fauteuil-de-massage\/\" \/>\n<meta property=\"og:site_name\" content=\"TouchPro Europe Shop\" \/>\n<meta property=\"article:publisher\" content=\"https:\/\/www.facebook.com\/TouchproNederland\/?locale=nl_NL%2f\" \/>\n<meta property=\"article:modified_time\" content=\"2026-05-01T13:53:20+00:00\" \/>\n<meta property=\"og:image\" content=\"https:\/\/touchproeurope.eu\/wp-content\/uploads\/2023\/11\/Earthlite-Avila-II-Massagestoel-Zwart.webp\" \/>\n\t<meta property=\"og:image:width\" content=\"1200\" \/>\n\t<meta property=\"og:image:height\" content=\"1200\" \/>\n\t<meta property=\"og:image:type\" content=\"image\/webp\" \/>\n<meta name=\"twitter:card\" content=\"summary_large_image\" \/>\n<meta name=\"twitter:label1\" content=\"Disponibilit\u00e9\" \/>\n\t<meta name=\"twitter:data1\" content=\"En stock\" \/>\n<script type=\"application\/ld+json\" class=\"yoast-schema-graph\">{\"@context\":\"https:\\\/\\\/schema.org\",\"@graph\":[{\"@type\":\"WebPage\",\"@id\":\"https:\\\/\\\/touchproeurope.eu\\\/product\\\/earthlite-avila-ii-massagestoel\\\/\",\"url\":\"https:\\\/\\\/touchproeurope.eu\\\/product\\\/earthlite-avila-ii-massagestoel\\\/\",\"name\":\"Earthlite Avila II Massagestoel - TouchPro Europe Shop\",\"isPartOf\":{\"@id\":\"https:\\\/\\\/touchproeurope.eu\\\/#website\"},\"primaryImageOfPage\":{\"@id\":\"https:\\\/\\\/touchproeurope.eu\\\/product\\\/earthlite-avila-ii-massagestoel\\\/#primaryimage\"},\"image\":{\"@id\":\"https:\\\/\\\/touchproeurope.eu\\\/product\\\/earthlite-avila-ii-massagestoel\\\/#primaryimage\"},\"thumbnailUrl\":\"https:\\\/\\\/i0.wp.com\\\/touchproeurope.eu\\\/wp-content\\\/uploads\\\/2023\\\/11\\\/Earthlite-Avila-II-Massagestoel-Zwart.webp?fit=1200%2C1200&ssl=1\",\"datePublished\":\"2023-11-09T15:59:04+00:00\",\"dateModified\":\"2026-05-01T13:53:20+00:00\",\"description\":\"Ervaar de ultieme luxe met de Earthlite Avila II massagestoel. Deze massagestoel is ontworpen voor onge\u00ebvenaard comfort voor zowel masseur als klant\",\"breadcrumb\":{\"@id\":\"https:\\\/\\\/touchproeurope.eu\\\/product\\\/earthlite-avila-ii-massagestoel\\\/#breadcrumb\"},\"inLanguage\":\"fr-FR\",\"potentialAction\":[{\"@type\":\"ReadAction\",\"target\":[\"https:\\\/\\\/touchproeurope.eu\\\/product\\\/earthlite-avila-ii-massagestoel\\\/\"]}]},{\"@type\":\"ImageObject\",\"inLanguage\":\"fr-FR\",\"@id\":\"https:\\\/\\\/touchproeurope.eu\\\/product\\\/earthlite-avila-ii-massagestoel\\\/#primaryimage\",\"url\":\"https:\\\/\\\/i0.wp.com\\\/touchproeurope.eu\\\/wp-content\\\/uploads\\\/2023\\\/11\\\/Earthlite-Avila-II-Massagestoel-Zwart.webp?fit=1200%2C1200&ssl=1\",\"contentUrl\":\"https:\\\/\\\/i0.wp.com\\\/touchproeurope.eu\\\/wp-content\\\/uploads\\\/2023\\\/11\\\/Earthlite-Avila-II-Massagestoel-Zwart.webp?fit=1200%2C1200&ssl=1\",\"width\":1200,\"height\":1200,\"caption\":\"Earthlite Avila II Massagestoel Zwart\"},{\"@type\":\"BreadcrumbList\",\"@id\":\"https:\\\/\\\/touchproeurope.eu\\\/product\\\/earthlite-avila-ii-massagestoel\\\/#breadcrumb\",\"itemListElement\":[{\"@type\":\"ListItem\",\"position\":1,\"name\":\"Home\",\"item\":\"https:\\\/\\\/touchproeurope.eu\\\/\"},{\"@type\":\"ListItem\",\"position\":2,\"name\":\"Winkel\",\"item\":\"https:\\\/\\\/touchproeurope.eu\\\/winkel\\\/\"},{\"@type\":\"ListItem\",\"position\":3,\"name\":\"Earthlite Avila II Massagestoel\"}]},{\"@type\":\"WebSite\",\"@id\":\"https:\\\/\\\/touchproeurope.eu\\\/#website\",\"url\":\"https:\\\/\\\/touchproeurope.eu\\\/\",\"name\":\"TouchPro Europe Shop\",\"description\":\"Alles voor jouw praktijk met een PROfessionele Touch!\",\"publisher\":{\"@id\":\"https:\\\/\\\/touchproeurope.eu\\\/#organization\"},\"alternateName\":\"TPE\",\"potentialAction\":[{\"@type\":\"SearchAction\",\"target\":{\"@type\":\"EntryPoint\",\"urlTemplate\":\"https:\\\/\\\/touchproeurope.eu\\\/?s={search_term_string}\"},\"query-input\":{\"@type\":\"PropertyValueSpecification\",\"valueRequired\":true,\"valueName\":\"search_term_string\"}}],\"inLanguage\":\"fr-FR\"},{\"@type\":\"Organization\",\"@id\":\"https:\\\/\\\/touchproeurope.eu\\\/#organization\",\"name\":\"TouchPro Europe BV\",\"alternateName\":\"TPE\",\"url\":\"https:\\\/\\\/touchproeurope.eu\\\/\",\"logo\":{\"@type\":\"ImageObject\",\"inLanguage\":\"fr-FR\",\"@id\":\"https:\\\/\\\/touchproeurope.eu\\\/#\\\/schema\\\/logo\\\/image\\\/\",\"url\":\"https:\\\/\\\/i0.wp.com\\\/touchproeurope.eu\\\/wp-content\\\/uploads\\\/2023\\\/10\\\/2b592c_b6944d80811246d987cc2c29accedf3f.png?fit=1417%2C531&ssl=1\",\"contentUrl\":\"https:\\\/\\\/i0.wp.com\\\/touchproeurope.eu\\\/wp-content\\\/uploads\\\/2023\\\/10\\\/2b592c_b6944d80811246d987cc2c29accedf3f.png?fit=1417%2C531&ssl=1\",\"width\":1417,\"height\":531,\"caption\":\"TouchPro Europe BV\"},\"image\":{\"@id\":\"https:\\\/\\\/touchproeurope.eu\\\/#\\\/schema\\\/logo\\\/image\\\/\"},\"sameAs\":[\"https:\\\/\\\/www.facebook.com\\\/TouchproNederland\\\/?locale=nl_NL\\\/\",\"https:\\\/\\\/www.instagram.com\\\/touchpro2016\\\/\",\"https:\\\/\\\/www.linkedin.com\\\/company\\\/touchpro-europe-bv\\\/\"],\"description\":\"TouchPro Europe Shop is de massage winkel van Europa. Wij verkopen topkwaliteit massageproducten aan masseurs, pedicures, fysiotherapeuten, manicuren, Wellness centra, opleidingen, etc. TouchPro begon als een kleine webshop in Nederland, maar is nu uitgegroeid tot een webshop met klanten uit heel Europa. Wij bieden een breed assortiment aan massageproducten, waaronder massagetafels, oli\u00ebn, cr\u00e8mes, en accessoires van topmerken, zoals Earthlite, Stronglite en InnerStrenght, Habys, Living Earth Crafts en Continuum en andere leveranciers van massage accessoires. Bestel hier de beste massagematerialen van Europa!\",\"email\":\"info@touchpro-europe.com\",\"telephone\":\"0858768829\",\"legalName\":\"TouchPro Europe BV\",\"foundingDate\":\"2018-01-11\",\"vatID\":\"NL855430151B01\",\"numberOfEmployees\":{\"@type\":\"QuantitativeValue\",\"minValue\":\"1\",\"maxValue\":\"10\"},\"hasMerchantReturnPolicy\":{\"@type\":\"MerchantReturnPolicy\",\"merchantReturnLink\":\"https:\\\/\\\/touchproeurope.eu\\\/fr\\\/retourbeleid\\\/\"}}]}<\/script>\n<meta property=\"product:brand\" content=\"Earthlite\" \/>\n<meta property=\"og:availability\" content=\"instock\" \/>\n<meta property=\"product:availability\" content=\"instock\" \/>\n<meta property=\"product:retailer_item_id\" content=\"10600\" \/>\n<meta property=\"product:condition\" content=\"new\" \/>\n<!-- \/ Yoast SEO Premium plugin. -->","yoast_head_json":{"title":"Fauteuil de massage Earthlite Avila II - TouchPro Europe Shop","description":"D\u00e9couvrez le luxe ultime avec le fauteuil de massage Earthlite Avila II. Ce fauteuil de massage est con\u00e7u pour offrir un confort in\u00e9gal\u00e9 au masseur et au client.","robots":{"index":"index","follow":"follow","max-snippet":"max-snippet:-1","max-image-preview":"max-image-preview:large","max-video-preview":"max-video-preview:-1"},"canonical":"https:\/\/touchproeurope.eu\/fr\/product\/earthlite-avila-ii-fauteuil-de-massage\/","og_locale":"fr_FR","og_type":"article","og_title":"Earthlite Avila II Massagestoel","og_description":"Ervaar de ultieme luxe met de Earthlite Avila II massagestoel. Deze massagestoel is ontworpen voor onge\u00ebvenaard comfort voor zowel masseur als klant","og_url":"https:\/\/touchproeurope.eu\/fr\/product\/earthlite-avila-ii-fauteuil-de-massage\/","og_site_name":"TouchPro Europe Shop","article_publisher":"https:\/\/www.facebook.com\/TouchproNederland\/?locale=nl_NL%2f","article_modified_time":"2026-05-01T13:53:20+00:00","og_image":[{"width":1200,"height":1200,"url":"https:\/\/touchproeurope.eu\/wp-content\/uploads\/2023\/11\/Earthlite-Avila-II-Massagestoel-Zwart.webp","type":"image\/webp"}],"twitter_card":"summary_large_image","twitter_misc":{"Disponibilit\u00e9":"En stock"},"schema":{"@context":"https:\/\/schema.org","@graph":[{"@type":"WebPage","@id":"https:\/\/touchproeurope.eu\/product\/earthlite-avila-ii-massagestoel\/","url":"https:\/\/touchproeurope.eu\/product\/earthlite-avila-ii-massagestoel\/","name":"Fauteuil de massage Earthlite Avila II - TouchPro Europe Shop","isPartOf":{"@id":"https:\/\/touchproeurope.eu\/#website"},"primaryImageOfPage":{"@id":"https:\/\/touchproeurope.eu\/product\/earthlite-avila-ii-massagestoel\/#primaryimage"},"image":{"@id":"https:\/\/touchproeurope.eu\/product\/earthlite-avila-ii-massagestoel\/#primaryimage"},"thumbnailUrl":"https:\/\/i0.wp.com\/touchproeurope.eu\/wp-content\/uploads\/2023\/11\/Earthlite-Avila-II-Massagestoel-Zwart.webp?fit=1200%2C1200&ssl=1","datePublished":"2023-11-09T15:59:04+00:00","dateModified":"2026-05-01T13:53:20+00:00","description":"D\u00e9couvrez le luxe ultime avec le fauteuil de massage Earthlite Avila II. Ce fauteuil de massage est con\u00e7u pour offrir un confort in\u00e9gal\u00e9 au masseur et au client.","breadcrumb":{"@id":"https:\/\/touchproeurope.eu\/product\/earthlite-avila-ii-massagestoel\/#breadcrumb"},"inLanguage":"fr-FR","potentialAction":[{"@type":"ReadAction","target":["https:\/\/touchproeurope.eu\/product\/earthlite-avila-ii-massagestoel\/"]}]},{"@type":"ImageObject","inLanguage":"fr-FR","@id":"https:\/\/touchproeurope.eu\/product\/earthlite-avila-ii-massagestoel\/#primaryimage","url":"https:\/\/i0.wp.com\/touchproeurope.eu\/wp-content\/uploads\/2023\/11\/Earthlite-Avila-II-Massagestoel-Zwart.webp?fit=1200%2C1200&ssl=1","contentUrl":"https:\/\/i0.wp.com\/touchproeurope.eu\/wp-content\/uploads\/2023\/11\/Earthlite-Avila-II-Massagestoel-Zwart.webp?fit=1200%2C1200&ssl=1","width":1200,"height":1200,"caption":"Earthlite Avila II Massagestoel Zwart"},{"@type":"BreadcrumbList","@id":"https:\/\/touchproeurope.eu\/product\/earthlite-avila-ii-massagestoel\/#breadcrumb","itemListElement":[{"@type":"ListItem","position":1,"name":"Home","item":"https:\/\/touchproeurope.eu\/"},{"@type":"ListItem","position":2,"name":"Winkel","item":"https:\/\/touchproeurope.eu\/winkel\/"},{"@type":"ListItem","position":3,"name":"Earthlite Avila II Massagestoel"}]},{"@type":"WebSite","@id":"https:\/\/touchproeurope.eu\/#website","url":"https:\/\/touchproeurope.eu\/","name":"TouchPro Europe Shop","description":"Tout pour votre pratique avec une touche PROfessionnelle !","publisher":{"@id":"https:\/\/touchproeurope.eu\/#organization"},"alternateName":"TPE","potentialAction":[{"@type":"SearchAction","target":{"@type":"EntryPoint","urlTemplate":"https:\/\/touchproeurope.eu\/?s={search_term_string}"},"query-input":{"@type":"PropertyValueSpecification","valueRequired":true,"valueName":"search_term_string"}}],"inLanguage":"fr-FR"},{"@type":"Organization","@id":"https:\/\/touchproeurope.eu\/#organization","name":"TouchPro Europe BV","alternateName":"TPE","url":"https:\/\/touchproeurope.eu\/","logo":{"@type":"ImageObject","inLanguage":"fr-FR","@id":"https:\/\/touchproeurope.eu\/#\/schema\/logo\/image\/","url":"https:\/\/i0.wp.com\/touchproeurope.eu\/wp-content\/uploads\/2023\/10\/2b592c_b6944d80811246d987cc2c29accedf3f.png?fit=1417%2C531&ssl=1","contentUrl":"https:\/\/i0.wp.com\/touchproeurope.eu\/wp-content\/uploads\/2023\/10\/2b592c_b6944d80811246d987cc2c29accedf3f.png?fit=1417%2C531&ssl=1","width":1417,"height":531,"caption":"TouchPro Europe BV"},"image":{"@id":"https:\/\/touchproeurope.eu\/#\/schema\/logo\/image\/"},"sameAs":["https:\/\/www.facebook.com\/TouchproNederland\/?locale=nl_NL\/","https:\/\/www.instagram.com\/touchpro2016\/","https:\/\/www.linkedin.com\/company\/touchpro-europe-bv\/"],"description":"TouchPro Europe Shop est le magasin de massage de l'Europe. Nous vendons des produits de massage de qualit\u00e9 sup\u00e9rieure aux masseurs, p\u00e9dicures, physioth\u00e9rapeutes, manucures, centres de bien-\u00eatre, cours de formation, etc. TouchPro a commenc\u00e9 comme un petit magasin aux Pays-Bas, mais s'est maintenant d\u00e9velopp\u00e9 pour devenir un magasin avec des clients de toute l'Europe. Nous proposons une large gamme de produits de massage, notamment des tables de massage, des huiles, des cr\u00e8mes et des accessoires de grandes marques telles que Earthlite, Stronglite et InnerStrenght, Habys, Living Earth Crafts et Continuum, ainsi que d'autres fournisseurs d'accessoires de massage. Commandez ici les meilleurs produits de massage d'Europe !","email":"info@touchpro-europe.com","telephone":"0858768829","legalName":"TouchPro Europe BV","foundingDate":"2018-01-11","vatID":"NL855430151B01","numberOfEmployees":{"@type":"QuantitativeValue","minValue":"1","maxValue":"10"},"hasMerchantReturnPolicy":{"@type":"MerchantReturnPolicy","merchantReturnLink":"https:\/\/touchproeurope.eu\/fr\/retourbeleid\/"}}]},"product_brand":"Earthlite","og_availability":"instock","product_availability":"instock","product_retailer_item_id":"10600","product_condition":"new"},"_links":{"self":[{"href":"https:\/\/touchproeurope.eu\/fr\/wp-json\/wp\/v2\/product\/2936","targetHints":{"allow":["GET"]}}],"collection":[{"href":"https:\/\/touchproeurope.eu\/fr\/wp-json\/wp\/v2\/product"}],"about":[{"href":"https:\/\/touchproeurope.eu\/fr\/wp-json\/wp\/v2\/types\/product"}],"replies":[{"embeddable":true,"href":"https:\/\/touchproeurope.eu\/fr\/wp-json\/wp\/v2\/comments?post=2936"}],"version-history":[{"count":4,"href":"https:\/\/touchproeurope.eu\/fr\/wp-json\/wp\/v2\/product\/2936\/revisions"}],"predecessor-version":[{"id":8359,"href":"https:\/\/touchproeurope.eu\/fr\/wp-json\/wp\/v2\/product\/2936\/revisions\/8359"}],"wp:featuredmedia":[{"embeddable":true,"href":"https:\/\/touchproeurope.eu\/fr\/wp-json\/wp\/v2\/media\/3845"}],"wp:attachment":[{"href":"https:\/\/touchproeurope.eu\/fr\/wp-json\/wp\/v2\/media?parent=2936"}],"wp:term":[{"taxonomy":"product_brand","embeddable":true,"href":"https:\/\/touchproeurope.eu\/fr\/wp-json\/wp\/v2\/product_brand?post=2936"},{"taxonomy":"product_cat","embeddable":true,"href":"https:\/\/touchproeurope.eu\/fr\/wp-json\/wp\/v2\/product_cat?post=2936"},{"taxonomy":"product_tag","embeddable":true,"href":"https:\/\/touchproeurope.eu\/fr\/wp-json\/wp\/v2\/product_tag?post=2936"}],"curies":[{"name":"wp","href":"https:\/\/api.w.org\/{rel}","templated":true}]}}