{"id":2938,"date":"2023-11-09T15:59:05","date_gmt":"2023-11-09T15:59:05","guid":{"rendered":"https:\/\/touchproeurope.eu\/?post_type=product&#038;p=2938"},"modified":"2026-04-22T09:33:46","modified_gmt":"2026-04-22T09:33:46","slug":"fauteuil-de-massage-earthlite-vortex","status":"publish","type":"product","link":"https:\/\/touchproeurope.eu\/fr\/product\/earthlite-vortex-massagestoel\/","title":{"rendered":"Fauteuil de massage Earthlite Vortex"},"content":{"rendered":"<p>D\u00e9couvrez l'ultime exp\u00e9rience de massage portable avec le fauteuil de massage Earthlite Vortex. Ce fauteuil, avec son design compact et pliable, est le compagnon id\u00e9al pour la relaxation en d\u00e9placement. Id\u00e9al pour les masseurs sur chaise qui recherchent la qualit\u00e9 et la mobilit\u00e9.<\/p>\n<p>Avec son design de tube ovale, le Earthlite Vortex respire l'\u00e9l\u00e9gance, tout en restant robuste et solide. L'ensemble comprend non seulement le fauteuil de massage, mais aussi une mallette de transport pratique et un coussin de sternum suppl\u00e9mentaire, pour que vous soyez toujours pr\u00eat \u00e0 vivre une exp\u00e9rience de massage inoubliable, o\u00f9 que vous soyez.<\/p>\n<p>Appr\u00e9ciez le luxe de l'appui-t\u00eate r\u00e9glable avec oreiller standard, pour que chaque massage soit un plaisir personnalis\u00e9. Avec un poids de seulement 7 kg et un poids de travail impressionnant de 138 kg, ce fauteuil n'est pas seulement portable, il est aussi puissant.<\/p>\n<p>Le Earthlite Vortex offre une polyvalence ultime gr\u00e2ce aux multiples r\u00e9glages du visage, des bras et de la chaise, permettant \u00e0 tout utilisateur de trouver la position parfaite. Les coussins Pro-Lite de haute qualit\u00e9, avec deux couches de soutien, offrent une exp\u00e9rience confortable et luxueuse.<\/p>\n<p>Vous souhaitez investir dans le fauteuil de massage ultime ? La fiche de vente officielle d'Earthlite Vortex confirme la qualit\u00e9 et le savoir-faire exceptionnels de ce produit. Optez pour le confort, le style et la mobilit\u00e9 - choisissez le fauteuil de massage Earthlite Vortex. Transformez n'importe quel endroit en oasis de d\u00e9tente et commandez le v\u00f4tre d\u00e8s aujourd'hui !<\/p>\n<p>Laissez le Earthlite Vortex guider votre voyage vers le bien-\u00eatre. Commandez maintenant et profitez d'un massage revigorant o\u00f9 que vous soyez !<\/p>","protected":false},"excerpt":{"rendered":"<p><strong>Le vortex Earthlite :<\/strong> Un fauteuil de massage solide, que vous pouvez facilement emporter partout gr\u00e2ce \u00e0 sa pliabilit\u00e9 compacte, ce qui rend ce fauteuil id\u00e9al pour le masseur sur chaise. Il s'agit d'un fauteuil de massage \u00e9l\u00e9gant, dot\u00e9 d'un tube ovale.<\/p>\n<p>Le paquet comprend<\/p>\n<ul>\n<li>Le fauteuil de massage Earthlite Vortex.<\/li>\n<li>Mallette de transport assortie.<\/li>\n<li>coussin de sternum suppl\u00e9mentaire.<\/li>\n<\/ul>\n<p>Caract\u00e9ristiques :<\/p>\n<ul>\n<li>Appui-t\u00eate r\u00e9glable de luxe avec oreiller standard.<\/li>\n<li>Poids : 7 kg.<\/li>\n<li>Poids en ordre de marche : 138 kg.<\/li>\n<li>multiples r\u00e9glages du visage, des bras et du fauteuil.<\/li>\n<li>des coussins Pro-Lite de haute qualit\u00e9 (deux couches de coussins de soutien).<\/li>\n<li>Fiche de vente officielle : <a href=\"https:\/\/www.earthlite.com\/media\/wysiwyg\/SalesSheets\/2023-Reupload\/Vortex_Chair_1-300-0067_-_Rev_012323.pdf\">Earthlite Vortex<\/a>.<\/li>\n<\/ul>\n<p>&nbsp;<\/p>","protected":false},"featured_media":3829,"comment_status":"open","ping_status":"closed","template":"","meta":[],"product_brand":[343],"product_cat":[98],"product_tag":[85,19,152],"class_list":{"0":"post-2938","1":"product","2":"type-product","3":"status-publish","4":"has-post-thumbnail","6":"product_brand-earthlite","7":"product_cat-massagestoelen","8":"product_tag-earthlite","9":"product_tag-massagestoel","10":"product_tag-vortex","11":"product_shipping_class-klein-pakket","12":"pa_kleur-blauw","13":"pa_kleur-bordeaux","14":"pa_kleur-paars","15":"pa_kleur-vanille-creme","16":"pa_kleur-zwart","17":"pa_merk-earthlite","19":"first","20":"onbackorder","21":"taxable","22":"shipping-taxable","23":"purchasable","24":"product-type-variable"},"yoast_head":"<!-- This site is optimized with the Yoast SEO Premium plugin v27.4 (Yoast SEO v27.4) - https:\/\/yoast.com\/product\/yoast-seo-premium-wordpress\/ -->\n<title>Earthlite Vortex Massagestoel - TouchPro Europe Shop<\/title>\n<meta name=\"description\" content=\"Ontdek de ultieme draagbare massage-ervaring met de Earthlite Vortex massagestoel. Speciaal voor masseurs die veel onderweg zijn. Bestel hem hier!\" \/>\n<meta name=\"robots\" content=\"index, follow, max-snippet:-1, max-image-preview:large, max-video-preview:-1\" \/>\n<link rel=\"canonical\" href=\"https:\/\/touchproeurope.eu\/fr\/product\/fauteuil-de-massage-earthlite-vortex\/\" \/>\n<meta property=\"og:locale\" content=\"fr_FR\" \/>\n<meta property=\"og:type\" content=\"article\" \/>\n<meta property=\"og:title\" content=\"Earthlite Vortex Massagestoel\" \/>\n<meta property=\"og:description\" content=\"Ontdek de ultieme draagbare massage-ervaring met de Earthlite Vortex massagestoel. Speciaal voor masseurs die veel onderweg zijn. Bestel hem hier!\" \/>\n<meta property=\"og:url\" content=\"https:\/\/touchproeurope.eu\/fr\/product\/fauteuil-de-massage-earthlite-vortex\/\" \/>\n<meta property=\"og:site_name\" content=\"TouchPro Europe Shop\" \/>\n<meta property=\"article:publisher\" content=\"https:\/\/www.facebook.com\/TouchproNederland\/?locale=nl_NL%2f\" \/>\n<meta property=\"article:modified_time\" content=\"2026-04-22T09:33:46+00:00\" \/>\n<meta property=\"og:image\" content=\"https:\/\/touchproeurope.eu\/wp-content\/uploads\/2023\/11\/Earthlite-Vortex-Massagestoel-Paars.jpg\" \/>\n\t<meta property=\"og:image:width\" content=\"2000\" \/>\n\t<meta property=\"og:image:height\" content=\"2000\" \/>\n\t<meta property=\"og:image:type\" content=\"image\/jpeg\" \/>\n<meta name=\"twitter:card\" content=\"summary_large_image\" \/>\n<meta name=\"twitter:label1\" content=\"Disponibilit\u00e9\" \/>\n\t<meta name=\"twitter:data1\" content=\"En r\u00e9assort\" \/>\n<script type=\"application\/ld+json\" class=\"yoast-schema-graph\">{\"@context\":\"https:\\\/\\\/schema.org\",\"@graph\":[{\"@type\":\"WebPage\",\"@id\":\"https:\\\/\\\/touchproeurope.eu\\\/product\\\/earthlite-vortex-massagestoel\\\/\",\"url\":\"https:\\\/\\\/touchproeurope.eu\\\/product\\\/earthlite-vortex-massagestoel\\\/\",\"name\":\"Earthlite Vortex Massagestoel - TouchPro Europe Shop\",\"isPartOf\":{\"@id\":\"https:\\\/\\\/touchproeurope.eu\\\/#website\"},\"primaryImageOfPage\":{\"@id\":\"https:\\\/\\\/touchproeurope.eu\\\/product\\\/earthlite-vortex-massagestoel\\\/#primaryimage\"},\"image\":{\"@id\":\"https:\\\/\\\/touchproeurope.eu\\\/product\\\/earthlite-vortex-massagestoel\\\/#primaryimage\"},\"thumbnailUrl\":\"https:\\\/\\\/i0.wp.com\\\/touchproeurope.eu\\\/wp-content\\\/uploads\\\/2023\\\/11\\\/Earthlite-Vortex-Massagestoel-Paars.jpg?fit=2000%2C2000&ssl=1\",\"datePublished\":\"2023-11-09T15:59:05+00:00\",\"dateModified\":\"2026-04-22T09:33:46+00:00\",\"description\":\"Ontdek de ultieme draagbare massage-ervaring met de Earthlite Vortex massagestoel. Speciaal voor masseurs die veel onderweg zijn. Bestel hem hier!\",\"breadcrumb\":{\"@id\":\"https:\\\/\\\/touchproeurope.eu\\\/product\\\/earthlite-vortex-massagestoel\\\/#breadcrumb\"},\"inLanguage\":\"fr-FR\",\"potentialAction\":[{\"@type\":\"ReadAction\",\"target\":[\"https:\\\/\\\/touchproeurope.eu\\\/product\\\/earthlite-vortex-massagestoel\\\/\"]}]},{\"@type\":\"ImageObject\",\"inLanguage\":\"fr-FR\",\"@id\":\"https:\\\/\\\/touchproeurope.eu\\\/product\\\/earthlite-vortex-massagestoel\\\/#primaryimage\",\"url\":\"https:\\\/\\\/i0.wp.com\\\/touchproeurope.eu\\\/wp-content\\\/uploads\\\/2023\\\/11\\\/Earthlite-Vortex-Massagestoel-Paars.jpg?fit=2000%2C2000&ssl=1\",\"contentUrl\":\"https:\\\/\\\/i0.wp.com\\\/touchproeurope.eu\\\/wp-content\\\/uploads\\\/2023\\\/11\\\/Earthlite-Vortex-Massagestoel-Paars.jpg?fit=2000%2C2000&ssl=1\",\"width\":2000,\"height\":2000,\"caption\":\"Earthlite Vortex Massagestoel Paars\"},{\"@type\":\"BreadcrumbList\",\"@id\":\"https:\\\/\\\/touchproeurope.eu\\\/product\\\/earthlite-vortex-massagestoel\\\/#breadcrumb\",\"itemListElement\":[{\"@type\":\"ListItem\",\"position\":1,\"name\":\"Home\",\"item\":\"https:\\\/\\\/touchproeurope.eu\\\/\"},{\"@type\":\"ListItem\",\"position\":2,\"name\":\"Winkel\",\"item\":\"https:\\\/\\\/touchproeurope.eu\\\/winkel\\\/\"},{\"@type\":\"ListItem\",\"position\":3,\"name\":\"Earthlite Vortex Massagestoel\"}]},{\"@type\":\"WebSite\",\"@id\":\"https:\\\/\\\/touchproeurope.eu\\\/#website\",\"url\":\"https:\\\/\\\/touchproeurope.eu\\\/\",\"name\":\"TouchPro Europe Shop\",\"description\":\"Alles voor jouw praktijk met een PROfessionele Touch!\",\"publisher\":{\"@id\":\"https:\\\/\\\/touchproeurope.eu\\\/#organization\"},\"alternateName\":\"TPE\",\"potentialAction\":[{\"@type\":\"SearchAction\",\"target\":{\"@type\":\"EntryPoint\",\"urlTemplate\":\"https:\\\/\\\/touchproeurope.eu\\\/?s={search_term_string}\"},\"query-input\":{\"@type\":\"PropertyValueSpecification\",\"valueRequired\":true,\"valueName\":\"search_term_string\"}}],\"inLanguage\":\"fr-FR\"},{\"@type\":\"Organization\",\"@id\":\"https:\\\/\\\/touchproeurope.eu\\\/#organization\",\"name\":\"TouchPro Europe BV\",\"alternateName\":\"TPE\",\"url\":\"https:\\\/\\\/touchproeurope.eu\\\/\",\"logo\":{\"@type\":\"ImageObject\",\"inLanguage\":\"fr-FR\",\"@id\":\"https:\\\/\\\/touchproeurope.eu\\\/#\\\/schema\\\/logo\\\/image\\\/\",\"url\":\"https:\\\/\\\/i0.wp.com\\\/touchproeurope.eu\\\/wp-content\\\/uploads\\\/2023\\\/10\\\/2b592c_b6944d80811246d987cc2c29accedf3f.png?fit=1417%2C531&ssl=1\",\"contentUrl\":\"https:\\\/\\\/i0.wp.com\\\/touchproeurope.eu\\\/wp-content\\\/uploads\\\/2023\\\/10\\\/2b592c_b6944d80811246d987cc2c29accedf3f.png?fit=1417%2C531&ssl=1\",\"width\":1417,\"height\":531,\"caption\":\"TouchPro Europe BV\"},\"image\":{\"@id\":\"https:\\\/\\\/touchproeurope.eu\\\/#\\\/schema\\\/logo\\\/image\\\/\"},\"sameAs\":[\"https:\\\/\\\/www.facebook.com\\\/TouchproNederland\\\/?locale=nl_NL\\\/\",\"https:\\\/\\\/www.instagram.com\\\/touchpro2016\\\/\",\"https:\\\/\\\/www.linkedin.com\\\/company\\\/touchpro-europe-bv\\\/\"],\"description\":\"TouchPro Europe Shop is de massage winkel van Europa. Wij verkopen topkwaliteit massageproducten aan masseurs, pedicures, fysiotherapeuten, manicuren, Wellness centra, opleidingen, etc. TouchPro begon als een kleine webshop in Nederland, maar is nu uitgegroeid tot een webshop met klanten uit heel Europa. Wij bieden een breed assortiment aan massageproducten, waaronder massagetafels, oli\u00ebn, cr\u00e8mes, en accessoires van topmerken, zoals Earthlite, Stronglite en InnerStrenght, Habys, Living Earth Crafts en Continuum en andere leveranciers van massage accessoires. Bestel hier de beste massagematerialen van Europa!\",\"email\":\"info@touchpro-europe.com\",\"telephone\":\"0858768829\",\"legalName\":\"TouchPro Europe BV\",\"foundingDate\":\"2018-01-11\",\"vatID\":\"NL855430151B01\",\"numberOfEmployees\":{\"@type\":\"QuantitativeValue\",\"minValue\":\"1\",\"maxValue\":\"10\"},\"hasMerchantReturnPolicy\":{\"@type\":\"MerchantReturnPolicy\",\"merchantReturnLink\":\"https:\\\/\\\/touchproeurope.eu\\\/fr\\\/retourbeleid\\\/\"}}]}<\/script>\n<meta property=\"product:brand\" content=\"Earthlite\" \/>\n<meta property=\"og:availability\" content=\"backorder\" \/>\n<meta property=\"product:availability\" content=\"available for order\" \/>\n<meta property=\"product:retailer_item_id\" content=\"10800\" \/>\n<meta property=\"product:condition\" content=\"new\" \/>\n<!-- \/ Yoast SEO Premium plugin. -->","yoast_head_json":{"title":"Fauteuil de massage Earthlite Vortex - TouchPro Europe Shop","description":"D\u00e9couvrez l'ultime exp\u00e9rience de massage portable avec le fauteuil de massage Earthlite Vortex. Sp\u00e9cialement pour les masseurs qui se d\u00e9placent souvent. Commandez-la ici !","robots":{"index":"index","follow":"follow","max-snippet":"max-snippet:-1","max-image-preview":"max-image-preview:large","max-video-preview":"max-video-preview:-1"},"canonical":"https:\/\/touchproeurope.eu\/fr\/product\/fauteuil-de-massage-earthlite-vortex\/","og_locale":"fr_FR","og_type":"article","og_title":"Earthlite Vortex Massagestoel","og_description":"Ontdek de ultieme draagbare massage-ervaring met de Earthlite Vortex massagestoel. Speciaal voor masseurs die veel onderweg zijn. Bestel hem hier!","og_url":"https:\/\/touchproeurope.eu\/fr\/product\/fauteuil-de-massage-earthlite-vortex\/","og_site_name":"TouchPro Europe Shop","article_publisher":"https:\/\/www.facebook.com\/TouchproNederland\/?locale=nl_NL%2f","article_modified_time":"2026-04-22T09:33:46+00:00","og_image":[{"width":2000,"height":2000,"url":"https:\/\/touchproeurope.eu\/wp-content\/uploads\/2023\/11\/Earthlite-Vortex-Massagestoel-Paars.jpg","type":"image\/jpeg"}],"twitter_card":"summary_large_image","twitter_misc":{"Disponibilit\u00e9":"En r\u00e9assort"},"schema":{"@context":"https:\/\/schema.org","@graph":[{"@type":"WebPage","@id":"https:\/\/touchproeurope.eu\/product\/earthlite-vortex-massagestoel\/","url":"https:\/\/touchproeurope.eu\/product\/earthlite-vortex-massagestoel\/","name":"Fauteuil de massage Earthlite Vortex - TouchPro Europe Shop","isPartOf":{"@id":"https:\/\/touchproeurope.eu\/#website"},"primaryImageOfPage":{"@id":"https:\/\/touchproeurope.eu\/product\/earthlite-vortex-massagestoel\/#primaryimage"},"image":{"@id":"https:\/\/touchproeurope.eu\/product\/earthlite-vortex-massagestoel\/#primaryimage"},"thumbnailUrl":"https:\/\/i0.wp.com\/touchproeurope.eu\/wp-content\/uploads\/2023\/11\/Earthlite-Vortex-Massagestoel-Paars.jpg?fit=2000%2C2000&ssl=1","datePublished":"2023-11-09T15:59:05+00:00","dateModified":"2026-04-22T09:33:46+00:00","description":"D\u00e9couvrez l'ultime exp\u00e9rience de massage portable avec le fauteuil de massage Earthlite Vortex. Sp\u00e9cialement pour les masseurs qui se d\u00e9placent souvent. Commandez-la ici !","breadcrumb":{"@id":"https:\/\/touchproeurope.eu\/product\/earthlite-vortex-massagestoel\/#breadcrumb"},"inLanguage":"fr-FR","potentialAction":[{"@type":"ReadAction","target":["https:\/\/touchproeurope.eu\/product\/earthlite-vortex-massagestoel\/"]}]},{"@type":"ImageObject","inLanguage":"fr-FR","@id":"https:\/\/touchproeurope.eu\/product\/earthlite-vortex-massagestoel\/#primaryimage","url":"https:\/\/i0.wp.com\/touchproeurope.eu\/wp-content\/uploads\/2023\/11\/Earthlite-Vortex-Massagestoel-Paars.jpg?fit=2000%2C2000&ssl=1","contentUrl":"https:\/\/i0.wp.com\/touchproeurope.eu\/wp-content\/uploads\/2023\/11\/Earthlite-Vortex-Massagestoel-Paars.jpg?fit=2000%2C2000&ssl=1","width":2000,"height":2000,"caption":"Earthlite Vortex Massagestoel Paars"},{"@type":"BreadcrumbList","@id":"https:\/\/touchproeurope.eu\/product\/earthlite-vortex-massagestoel\/#breadcrumb","itemListElement":[{"@type":"ListItem","position":1,"name":"Home","item":"https:\/\/touchproeurope.eu\/"},{"@type":"ListItem","position":2,"name":"Winkel","item":"https:\/\/touchproeurope.eu\/winkel\/"},{"@type":"ListItem","position":3,"name":"Earthlite Vortex Massagestoel"}]},{"@type":"WebSite","@id":"https:\/\/touchproeurope.eu\/#website","url":"https:\/\/touchproeurope.eu\/","name":"TouchPro Europe Shop","description":"Tout pour votre pratique avec une touche PROfessionnelle !","publisher":{"@id":"https:\/\/touchproeurope.eu\/#organization"},"alternateName":"TPE","potentialAction":[{"@type":"SearchAction","target":{"@type":"EntryPoint","urlTemplate":"https:\/\/touchproeurope.eu\/?s={search_term_string}"},"query-input":{"@type":"PropertyValueSpecification","valueRequired":true,"valueName":"search_term_string"}}],"inLanguage":"fr-FR"},{"@type":"Organization","@id":"https:\/\/touchproeurope.eu\/#organization","name":"TouchPro Europe BV","alternateName":"TPE","url":"https:\/\/touchproeurope.eu\/","logo":{"@type":"ImageObject","inLanguage":"fr-FR","@id":"https:\/\/touchproeurope.eu\/#\/schema\/logo\/image\/","url":"https:\/\/i0.wp.com\/touchproeurope.eu\/wp-content\/uploads\/2023\/10\/2b592c_b6944d80811246d987cc2c29accedf3f.png?fit=1417%2C531&ssl=1","contentUrl":"https:\/\/i0.wp.com\/touchproeurope.eu\/wp-content\/uploads\/2023\/10\/2b592c_b6944d80811246d987cc2c29accedf3f.png?fit=1417%2C531&ssl=1","width":1417,"height":531,"caption":"TouchPro Europe BV"},"image":{"@id":"https:\/\/touchproeurope.eu\/#\/schema\/logo\/image\/"},"sameAs":["https:\/\/www.facebook.com\/TouchproNederland\/?locale=nl_NL\/","https:\/\/www.instagram.com\/touchpro2016\/","https:\/\/www.linkedin.com\/company\/touchpro-europe-bv\/"],"description":"TouchPro Europe Shop est le magasin de massage de l'Europe. Nous vendons des produits de massage de qualit\u00e9 sup\u00e9rieure aux masseurs, p\u00e9dicures, physioth\u00e9rapeutes, manucures, centres de bien-\u00eatre, cours de formation, etc. TouchPro a commenc\u00e9 comme un petit magasin aux Pays-Bas, mais s'est maintenant d\u00e9velopp\u00e9 pour devenir un magasin avec des clients de toute l'Europe. Nous proposons une large gamme de produits de massage, notamment des tables de massage, des huiles, des cr\u00e8mes et des accessoires de grandes marques telles que Earthlite, Stronglite et InnerStrenght, Habys, Living Earth Crafts et Continuum, ainsi que d'autres fournisseurs d'accessoires de massage. Commandez ici les meilleurs produits de massage d'Europe !","email":"info@touchpro-europe.com","telephone":"0858768829","legalName":"TouchPro Europe BV","foundingDate":"2018-01-11","vatID":"NL855430151B01","numberOfEmployees":{"@type":"QuantitativeValue","minValue":"1","maxValue":"10"},"hasMerchantReturnPolicy":{"@type":"MerchantReturnPolicy","merchantReturnLink":"https:\/\/touchproeurope.eu\/fr\/retourbeleid\/"}}]},"product_brand":"Earthlite","og_availability":"backorder","product_availability":"available for order","product_retailer_item_id":"10800","product_condition":"new"},"_links":{"self":[{"href":"https:\/\/touchproeurope.eu\/fr\/wp-json\/wp\/v2\/product\/2938","targetHints":{"allow":["GET"]}}],"collection":[{"href":"https:\/\/touchproeurope.eu\/fr\/wp-json\/wp\/v2\/product"}],"about":[{"href":"https:\/\/touchproeurope.eu\/fr\/wp-json\/wp\/v2\/types\/product"}],"replies":[{"embeddable":true,"href":"https:\/\/touchproeurope.eu\/fr\/wp-json\/wp\/v2\/comments?post=2938"}],"version-history":[{"count":3,"href":"https:\/\/touchproeurope.eu\/fr\/wp-json\/wp\/v2\/product\/2938\/revisions"}],"predecessor-version":[{"id":8360,"href":"https:\/\/touchproeurope.eu\/fr\/wp-json\/wp\/v2\/product\/2938\/revisions\/8360"}],"wp:featuredmedia":[{"embeddable":true,"href":"https:\/\/touchproeurope.eu\/fr\/wp-json\/wp\/v2\/media\/3829"}],"wp:attachment":[{"href":"https:\/\/touchproeurope.eu\/fr\/wp-json\/wp\/v2\/media?parent=2938"}],"wp:term":[{"taxonomy":"product_brand","embeddable":true,"href":"https:\/\/touchproeurope.eu\/fr\/wp-json\/wp\/v2\/product_brand?post=2938"},{"taxonomy":"product_cat","embeddable":true,"href":"https:\/\/touchproeurope.eu\/fr\/wp-json\/wp\/v2\/product_cat?post=2938"},{"taxonomy":"product_tag","embeddable":true,"href":"https:\/\/touchproeurope.eu\/fr\/wp-json\/wp\/v2\/product_tag?post=2938"}],"curies":[{"name":"wp","href":"https:\/\/api.w.org\/{rel}","templated":true}]}}