{"id":2995,"date":"2023-11-09T16:00:55","date_gmt":"2023-11-09T16:00:55","guid":{"rendered":"https:\/\/touchproeurope.eu\/?post_type=product&#038;p=2995"},"modified":"2026-04-22T09:33:55","modified_gmt":"2026-04-22T09:33:55","slug":"mitre-earthlite-entierement-ronde","status":"publish","type":"product","link":"https:\/\/touchproeurope.eu\/fr\/product\/earthlite-bolster-volledig-rond\/","title":{"rendered":"Traversin Earthlite enti\u00e8rement rond"},"content":{"rendered":"<p>D\u00e9couvrez le confort ultime avec le traversin rond Earthlite - un must pour tout praticien s\u00e9rieux de massage et de relaxation. Ce traversin rempli de mousse, \u00e9quip\u00e9 d'une fermeture \u00e9clair pratique et d'une solide poign\u00e9e de ceinture, vous permettra d'atteindre de nouveaux sommets en mati\u00e8re de massage.<\/p>\n<p>Avec un diam\u00e8tre impressionnant de 15,2 cm et une largeur g\u00e9n\u00e9reuse de 66 cm, ce traversin offre un soutien in\u00e9gal\u00e9. Parfaitement con\u00e7u pour soutenir les genoux et les chevilles de vos clients, le traversin Earthlite Full Round Bolster cr\u00e9e une position ergonomique id\u00e9ale pour un massage plus profond et plus relaxant.<\/p>\n<p>Gr\u00e2ce \u00e0 son rembourrage en mousse de haute qualit\u00e9, ce traversin conserve sa forme, garantissant \u00e0 vos clients un soutien constant lors de chaque s\u00e9ance. La fermeture \u00e9clair ajout\u00e9e permet de retirer et de laver facilement la housse, garantissant ainsi hygi\u00e8ne et fra\u00eecheur.<\/p>\n<p>Ajoutez une touche de luxe \u00e0 vos s\u00e9ances de massage et distinguez vous en tant que professionnel avec ce Bolster. Augmentez le confort de vos clients, r\u00e9duisez le stress sur les articulations et les muscles, et donnez \u00e0 votre cabinet un avantage concurrentiel.<\/p>\n<p>Commandez d\u00e8s aujourd'hui et d\u00e9couvrez pourquoi ce traversin est le favori des masseurs et th\u00e9rapeutes exp\u00e9riment\u00e9s. Am\u00e9liorez votre exp\u00e9rience de massage et offrez \u00e0 vos clients le confort qu'ils m\u00e9ritent. Procurez-vous le traversin Earthlite Full Round et faites passer votre pratique au niveau sup\u00e9rieur !<\/p>\n<p>N'attendez plus - offrez \u00e0 vos clients le traitement de luxe qu'ils recherchent. Commandez d\u00e8s maintenant !<\/p>","protected":false},"excerpt":{"rendered":"<p>Faites l'exp\u00e9rience d'un confort in\u00e9gal\u00e9 avec le traversin rond Earthlite. Dot\u00e9 d'une fermeture \u00e0 glissi\u00e8re pratique et d'une poign\u00e9e de ceinture, ce traversin rempli de mousse offre un soutien optimal \u00e0 votre client, en particulier sous les genoux et les chevilles. Avec un diam\u00e8tre impressionnant de 15,2 cm et une largeur g\u00e9n\u00e9reuse de 66 cm, ce traversin garantit une exp\u00e9rience de massage ergonomique. Cr\u00e9ez une atmosph\u00e8re luxueuse dans votre cabinet et augmentez le confort de vos clients. Commandez le traversin Earthlite Full Round d\u00e8s aujourd'hui et faites passer vos massages \u00e0 la vitesse sup\u00e9rieure.<\/p>\n<ul>\n<li><a href=\"https:\/\/b2b.earthlite.eu\/media\/wysiwyg\/SalesSheets\/Bolsters_1-300-0041_Rev_092420.pdf\"><strong>Traversins Earthlite - fiche de vente officielle<\/strong><\/a><\/li>\n<\/ul>\n<p>&nbsp;<\/p>","protected":false},"featured_media":8002,"comment_status":"open","ping_status":"closed","template":"","meta":[],"product_brand":[343],"product_cat":[99,100],"product_tag":[],"class_list":{"0":"post-2995","1":"product","2":"type-product","3":"status-publish","4":"has-post-thumbnail","6":"product_brand-earthlite","7":"product_cat-accessoires","8":"product_cat-bolsters","9":"product_shipping_class-klein-pakket","11":"first","12":"instock","13":"taxable","14":"shipping-taxable","15":"purchasable","16":"product-type-variable"},"yoast_head":"<!-- This site is optimized with the Yoast SEO Premium plugin v27.4 (Yoast SEO v27.4) - https:\/\/yoast.com\/product\/yoast-seo-premium-wordpress\/ -->\n<title>Earthlite Bolster volledig rond - TouchPro Europe Shop<\/title>\n<meta name=\"description\" content=\"Optimaal comfort met Earthlite Volledige Ronde Bolster: 15,2 cm diameter, 66 cm breed. Bestel nu voor een onge\u00ebvenaarde massage-ervaring!\" \/>\n<meta name=\"robots\" content=\"index, follow, max-snippet:-1, max-image-preview:large, max-video-preview:-1\" \/>\n<link rel=\"canonical\" href=\"https:\/\/touchproeurope.eu\/fr\/product\/mitre-earthlite-entierement-ronde\/\" \/>\n<meta property=\"og:locale\" content=\"fr_FR\" \/>\n<meta property=\"og:type\" content=\"article\" \/>\n<meta property=\"og:title\" content=\"Earthlite Bolster volledig rond\" \/>\n<meta property=\"og:description\" content=\"Optimaal comfort met Earthlite Volledige Ronde Bolster: 15,2 cm diameter, 66 cm breed. Bestel nu voor een onge\u00ebvenaarde massage-ervaring!\" \/>\n<meta property=\"og:url\" content=\"https:\/\/touchproeurope.eu\/fr\/product\/mitre-earthlite-entierement-ronde\/\" \/>\n<meta property=\"og:site_name\" content=\"TouchPro Europe Shop\" \/>\n<meta property=\"article:publisher\" content=\"https:\/\/www.facebook.com\/TouchproNederland\/?locale=nl_NL%2f\" \/>\n<meta property=\"article:modified_time\" content=\"2026-04-22T09:33:55+00:00\" \/>\n<meta property=\"og:image\" content=\"https:\/\/touchproeurope.eu\/wp-content\/uploads\/2023\/12\/8051227084_5025c9cff6_c.jpg\" \/>\n\t<meta property=\"og:image:width\" content=\"800\" \/>\n\t<meta property=\"og:image:height\" content=\"800\" \/>\n\t<meta property=\"og:image:type\" content=\"image\/jpeg\" \/>\n<meta name=\"twitter:card\" content=\"summary_large_image\" \/>\n<meta name=\"twitter:label1\" content=\"Disponibilit\u00e9\" \/>\n\t<meta name=\"twitter:data1\" content=\"En stock\" \/>\n<script type=\"application\/ld+json\" class=\"yoast-schema-graph\">{\"@context\":\"https:\\\/\\\/schema.org\",\"@graph\":[{\"@type\":\"WebPage\",\"@id\":\"https:\\\/\\\/touchproeurope.eu\\\/product\\\/earthlite-bolster-volledig-rond\\\/\",\"url\":\"https:\\\/\\\/touchproeurope.eu\\\/product\\\/earthlite-bolster-volledig-rond\\\/\",\"name\":\"Earthlite Bolster volledig rond - TouchPro Europe Shop\",\"isPartOf\":{\"@id\":\"https:\\\/\\\/touchproeurope.eu\\\/#website\"},\"primaryImageOfPage\":{\"@id\":\"https:\\\/\\\/touchproeurope.eu\\\/product\\\/earthlite-bolster-volledig-rond\\\/#primaryimage\"},\"image\":{\"@id\":\"https:\\\/\\\/touchproeurope.eu\\\/product\\\/earthlite-bolster-volledig-rond\\\/#primaryimage\"},\"thumbnailUrl\":\"https:\\\/\\\/i0.wp.com\\\/touchproeurope.eu\\\/wp-content\\\/uploads\\\/2023\\\/12\\\/8051227084_5025c9cff6_c.jpg?fit=800%2C800&ssl=1\",\"datePublished\":\"2023-11-09T16:00:55+00:00\",\"dateModified\":\"2026-04-22T09:33:55+00:00\",\"description\":\"Optimaal comfort met Earthlite Volledige Ronde Bolster: 15,2 cm diameter, 66 cm breed. Bestel nu voor een onge\u00ebvenaarde massage-ervaring!\",\"breadcrumb\":{\"@id\":\"https:\\\/\\\/touchproeurope.eu\\\/product\\\/earthlite-bolster-volledig-rond\\\/#breadcrumb\"},\"inLanguage\":\"fr-FR\",\"potentialAction\":[{\"@type\":\"ReadAction\",\"target\":[\"https:\\\/\\\/touchproeurope.eu\\\/product\\\/earthlite-bolster-volledig-rond\\\/\"]}]},{\"@type\":\"ImageObject\",\"inLanguage\":\"fr-FR\",\"@id\":\"https:\\\/\\\/touchproeurope.eu\\\/product\\\/earthlite-bolster-volledig-rond\\\/#primaryimage\",\"url\":\"https:\\\/\\\/i0.wp.com\\\/touchproeurope.eu\\\/wp-content\\\/uploads\\\/2023\\\/12\\\/8051227084_5025c9cff6_c.jpg?fit=800%2C800&ssl=1\",\"contentUrl\":\"https:\\\/\\\/i0.wp.com\\\/touchproeurope.eu\\\/wp-content\\\/uploads\\\/2023\\\/12\\\/8051227084_5025c9cff6_c.jpg?fit=800%2C800&ssl=1\",\"width\":800,\"height\":800,\"caption\":\"Earthlite Bolster volledig rond\"},{\"@type\":\"BreadcrumbList\",\"@id\":\"https:\\\/\\\/touchproeurope.eu\\\/product\\\/earthlite-bolster-volledig-rond\\\/#breadcrumb\",\"itemListElement\":[{\"@type\":\"ListItem\",\"position\":1,\"name\":\"Home\",\"item\":\"https:\\\/\\\/touchproeurope.eu\\\/\"},{\"@type\":\"ListItem\",\"position\":2,\"name\":\"Winkel\",\"item\":\"https:\\\/\\\/touchproeurope.eu\\\/winkel\\\/\"},{\"@type\":\"ListItem\",\"position\":3,\"name\":\"Earthlite Bolster volledig rond\"}]},{\"@type\":\"WebSite\",\"@id\":\"https:\\\/\\\/touchproeurope.eu\\\/#website\",\"url\":\"https:\\\/\\\/touchproeurope.eu\\\/\",\"name\":\"TouchPro Europe Shop\",\"description\":\"Alles voor jouw praktijk met een PROfessionele Touch!\",\"publisher\":{\"@id\":\"https:\\\/\\\/touchproeurope.eu\\\/#organization\"},\"alternateName\":\"TPE\",\"potentialAction\":[{\"@type\":\"SearchAction\",\"target\":{\"@type\":\"EntryPoint\",\"urlTemplate\":\"https:\\\/\\\/touchproeurope.eu\\\/?s={search_term_string}\"},\"query-input\":{\"@type\":\"PropertyValueSpecification\",\"valueRequired\":true,\"valueName\":\"search_term_string\"}}],\"inLanguage\":\"fr-FR\"},{\"@type\":\"Organization\",\"@id\":\"https:\\\/\\\/touchproeurope.eu\\\/#organization\",\"name\":\"TouchPro Europe BV\",\"alternateName\":\"TPE\",\"url\":\"https:\\\/\\\/touchproeurope.eu\\\/\",\"logo\":{\"@type\":\"ImageObject\",\"inLanguage\":\"fr-FR\",\"@id\":\"https:\\\/\\\/touchproeurope.eu\\\/#\\\/schema\\\/logo\\\/image\\\/\",\"url\":\"https:\\\/\\\/i0.wp.com\\\/touchproeurope.eu\\\/wp-content\\\/uploads\\\/2023\\\/10\\\/2b592c_b6944d80811246d987cc2c29accedf3f.png?fit=1417%2C531&ssl=1\",\"contentUrl\":\"https:\\\/\\\/i0.wp.com\\\/touchproeurope.eu\\\/wp-content\\\/uploads\\\/2023\\\/10\\\/2b592c_b6944d80811246d987cc2c29accedf3f.png?fit=1417%2C531&ssl=1\",\"width\":1417,\"height\":531,\"caption\":\"TouchPro Europe BV\"},\"image\":{\"@id\":\"https:\\\/\\\/touchproeurope.eu\\\/#\\\/schema\\\/logo\\\/image\\\/\"},\"sameAs\":[\"https:\\\/\\\/www.facebook.com\\\/TouchproNederland\\\/?locale=nl_NL\\\/\",\"https:\\\/\\\/www.instagram.com\\\/touchpro2016\\\/\",\"https:\\\/\\\/www.linkedin.com\\\/company\\\/touchpro-europe-bv\\\/\"],\"description\":\"TouchPro Europe Shop is de massage winkel van Europa. Wij verkopen topkwaliteit massageproducten aan masseurs, pedicures, fysiotherapeuten, manicuren, Wellness centra, opleidingen, etc. TouchPro begon als een kleine webshop in Nederland, maar is nu uitgegroeid tot een webshop met klanten uit heel Europa. Wij bieden een breed assortiment aan massageproducten, waaronder massagetafels, oli\u00ebn, cr\u00e8mes, en accessoires van topmerken, zoals Earthlite, Stronglite en InnerStrenght, Habys, Living Earth Crafts en Continuum en andere leveranciers van massage accessoires. Bestel hier de beste massagematerialen van Europa!\",\"email\":\"info@touchpro-europe.com\",\"telephone\":\"0858768829\",\"legalName\":\"TouchPro Europe BV\",\"foundingDate\":\"2018-01-11\",\"vatID\":\"NL855430151B01\",\"numberOfEmployees\":{\"@type\":\"QuantitativeValue\",\"minValue\":\"1\",\"maxValue\":\"10\"},\"hasMerchantReturnPolicy\":{\"@type\":\"MerchantReturnPolicy\",\"merchantReturnLink\":\"https:\\\/\\\/touchproeurope.eu\\\/fr\\\/retourbeleid\\\/\"}}]}<\/script>\n<meta property=\"og:availability\" content=\"instock\" \/>\n<meta property=\"product:availability\" content=\"instock\" \/>\n<meta property=\"product:retailer_item_id\" content=\"35300\" \/>\n<meta property=\"product:condition\" content=\"new\" \/>\n<!-- \/ Yoast SEO Premium plugin. -->","yoast_head_json":{"title":"Earthlite Bolster full round - TouchPro Europe Shop","description":"Confort optimal avec le traversin rond Earthlite : 15,2 cm de diam\u00e8tre, 66 cm de large. Commandez d\u00e8s maintenant pour une exp\u00e9rience de massage in\u00e9gal\u00e9e !","robots":{"index":"index","follow":"follow","max-snippet":"max-snippet:-1","max-image-preview":"max-image-preview:large","max-video-preview":"max-video-preview:-1"},"canonical":"https:\/\/touchproeurope.eu\/fr\/product\/mitre-earthlite-entierement-ronde\/","og_locale":"fr_FR","og_type":"article","og_title":"Earthlite Bolster volledig rond","og_description":"Optimaal comfort met Earthlite Volledige Ronde Bolster: 15,2 cm diameter, 66 cm breed. Bestel nu voor een onge\u00ebvenaarde massage-ervaring!","og_url":"https:\/\/touchproeurope.eu\/fr\/product\/mitre-earthlite-entierement-ronde\/","og_site_name":"TouchPro Europe Shop","article_publisher":"https:\/\/www.facebook.com\/TouchproNederland\/?locale=nl_NL%2f","article_modified_time":"2026-04-22T09:33:55+00:00","og_image":[{"width":800,"height":800,"url":"https:\/\/touchproeurope.eu\/wp-content\/uploads\/2023\/12\/8051227084_5025c9cff6_c.jpg","type":"image\/jpeg"}],"twitter_card":"summary_large_image","twitter_misc":{"Disponibilit\u00e9":"En stock"},"schema":{"@context":"https:\/\/schema.org","@graph":[{"@type":"WebPage","@id":"https:\/\/touchproeurope.eu\/product\/earthlite-bolster-volledig-rond\/","url":"https:\/\/touchproeurope.eu\/product\/earthlite-bolster-volledig-rond\/","name":"Earthlite Bolster full round - TouchPro Europe Shop","isPartOf":{"@id":"https:\/\/touchproeurope.eu\/#website"},"primaryImageOfPage":{"@id":"https:\/\/touchproeurope.eu\/product\/earthlite-bolster-volledig-rond\/#primaryimage"},"image":{"@id":"https:\/\/touchproeurope.eu\/product\/earthlite-bolster-volledig-rond\/#primaryimage"},"thumbnailUrl":"https:\/\/i0.wp.com\/touchproeurope.eu\/wp-content\/uploads\/2023\/12\/8051227084_5025c9cff6_c.jpg?fit=800%2C800&ssl=1","datePublished":"2023-11-09T16:00:55+00:00","dateModified":"2026-04-22T09:33:55+00:00","description":"Confort optimal avec le traversin rond Earthlite : 15,2 cm de diam\u00e8tre, 66 cm de large. Commandez d\u00e8s maintenant pour une exp\u00e9rience de massage in\u00e9gal\u00e9e !","breadcrumb":{"@id":"https:\/\/touchproeurope.eu\/product\/earthlite-bolster-volledig-rond\/#breadcrumb"},"inLanguage":"fr-FR","potentialAction":[{"@type":"ReadAction","target":["https:\/\/touchproeurope.eu\/product\/earthlite-bolster-volledig-rond\/"]}]},{"@type":"ImageObject","inLanguage":"fr-FR","@id":"https:\/\/touchproeurope.eu\/product\/earthlite-bolster-volledig-rond\/#primaryimage","url":"https:\/\/i0.wp.com\/touchproeurope.eu\/wp-content\/uploads\/2023\/12\/8051227084_5025c9cff6_c.jpg?fit=800%2C800&ssl=1","contentUrl":"https:\/\/i0.wp.com\/touchproeurope.eu\/wp-content\/uploads\/2023\/12\/8051227084_5025c9cff6_c.jpg?fit=800%2C800&ssl=1","width":800,"height":800,"caption":"Earthlite Bolster volledig rond"},{"@type":"BreadcrumbList","@id":"https:\/\/touchproeurope.eu\/product\/earthlite-bolster-volledig-rond\/#breadcrumb","itemListElement":[{"@type":"ListItem","position":1,"name":"Home","item":"https:\/\/touchproeurope.eu\/"},{"@type":"ListItem","position":2,"name":"Winkel","item":"https:\/\/touchproeurope.eu\/winkel\/"},{"@type":"ListItem","position":3,"name":"Earthlite Bolster volledig rond"}]},{"@type":"WebSite","@id":"https:\/\/touchproeurope.eu\/#website","url":"https:\/\/touchproeurope.eu\/","name":"TouchPro Europe Shop","description":"Tout pour votre pratique avec une touche PROfessionnelle !","publisher":{"@id":"https:\/\/touchproeurope.eu\/#organization"},"alternateName":"TPE","potentialAction":[{"@type":"SearchAction","target":{"@type":"EntryPoint","urlTemplate":"https:\/\/touchproeurope.eu\/?s={search_term_string}"},"query-input":{"@type":"PropertyValueSpecification","valueRequired":true,"valueName":"search_term_string"}}],"inLanguage":"fr-FR"},{"@type":"Organization","@id":"https:\/\/touchproeurope.eu\/#organization","name":"TouchPro Europe BV","alternateName":"TPE","url":"https:\/\/touchproeurope.eu\/","logo":{"@type":"ImageObject","inLanguage":"fr-FR","@id":"https:\/\/touchproeurope.eu\/#\/schema\/logo\/image\/","url":"https:\/\/i0.wp.com\/touchproeurope.eu\/wp-content\/uploads\/2023\/10\/2b592c_b6944d80811246d987cc2c29accedf3f.png?fit=1417%2C531&ssl=1","contentUrl":"https:\/\/i0.wp.com\/touchproeurope.eu\/wp-content\/uploads\/2023\/10\/2b592c_b6944d80811246d987cc2c29accedf3f.png?fit=1417%2C531&ssl=1","width":1417,"height":531,"caption":"TouchPro Europe BV"},"image":{"@id":"https:\/\/touchproeurope.eu\/#\/schema\/logo\/image\/"},"sameAs":["https:\/\/www.facebook.com\/TouchproNederland\/?locale=nl_NL\/","https:\/\/www.instagram.com\/touchpro2016\/","https:\/\/www.linkedin.com\/company\/touchpro-europe-bv\/"],"description":"TouchPro Europe Shop est le magasin de massage de l'Europe. Nous vendons des produits de massage de qualit\u00e9 sup\u00e9rieure aux masseurs, p\u00e9dicures, physioth\u00e9rapeutes, manucures, centres de bien-\u00eatre, cours de formation, etc. TouchPro a commenc\u00e9 comme un petit magasin aux Pays-Bas, mais s'est maintenant d\u00e9velopp\u00e9 pour devenir un magasin avec des clients de toute l'Europe. Nous proposons une large gamme de produits de massage, notamment des tables de massage, des huiles, des cr\u00e8mes et des accessoires de grandes marques telles que Earthlite, Stronglite et InnerStrenght, Habys, Living Earth Crafts et Continuum, ainsi que d'autres fournisseurs d'accessoires de massage. Commandez ici les meilleurs produits de massage d'Europe !","email":"info@touchpro-europe.com","telephone":"0858768829","legalName":"TouchPro Europe BV","foundingDate":"2018-01-11","vatID":"NL855430151B01","numberOfEmployees":{"@type":"QuantitativeValue","minValue":"1","maxValue":"10"},"hasMerchantReturnPolicy":{"@type":"MerchantReturnPolicy","merchantReturnLink":"https:\/\/touchproeurope.eu\/fr\/retourbeleid\/"}}]},"og_availability":"instock","product_availability":"instock","product_retailer_item_id":"35300","product_condition":"new"},"_links":{"self":[{"href":"https:\/\/touchproeurope.eu\/fr\/wp-json\/wp\/v2\/product\/2995","targetHints":{"allow":["GET"]}}],"collection":[{"href":"https:\/\/touchproeurope.eu\/fr\/wp-json\/wp\/v2\/product"}],"about":[{"href":"https:\/\/touchproeurope.eu\/fr\/wp-json\/wp\/v2\/types\/product"}],"replies":[{"embeddable":true,"href":"https:\/\/touchproeurope.eu\/fr\/wp-json\/wp\/v2\/comments?post=2995"}],"version-history":[{"count":6,"href":"https:\/\/touchproeurope.eu\/fr\/wp-json\/wp\/v2\/product\/2995\/revisions"}],"predecessor-version":[{"id":8020,"href":"https:\/\/touchproeurope.eu\/fr\/wp-json\/wp\/v2\/product\/2995\/revisions\/8020"}],"wp:featuredmedia":[{"embeddable":true,"href":"https:\/\/touchproeurope.eu\/fr\/wp-json\/wp\/v2\/media\/8002"}],"wp:attachment":[{"href":"https:\/\/touchproeurope.eu\/fr\/wp-json\/wp\/v2\/media?parent=2995"}],"wp:term":[{"taxonomy":"product_brand","embeddable":true,"href":"https:\/\/touchproeurope.eu\/fr\/wp-json\/wp\/v2\/product_brand?post=2995"},{"taxonomy":"product_cat","embeddable":true,"href":"https:\/\/touchproeurope.eu\/fr\/wp-json\/wp\/v2\/product_cat?post=2995"},{"taxonomy":"product_tag","embeddable":true,"href":"https:\/\/touchproeurope.eu\/fr\/wp-json\/wp\/v2\/product_tag?post=2995"}],"curies":[{"name":"wp","href":"https:\/\/api.w.org\/{rel}","templated":true}]}}