{"id":2997,"date":"2023-11-09T16:01:00","date_gmt":"2023-11-09T16:01:00","guid":{"rendered":"https:\/\/touchproeurope.eu\/?post_type=product&#038;p=2997"},"modified":"2026-04-27T06:42:30","modified_gmt":"2026-04-27T06:42:30","slug":"traversin-demi-rond-jumbo","status":"publish","type":"product","link":"https:\/\/touchproeurope.eu\/fr\/product\/bolster-half-rond-jumbo\/","title":{"rendered":"Traversin Earthlite demi-rond jumbo"},"content":{"rendered":"<p>D\u00e9couvrez le confort ultime avec notre traversin Jumbo demi-rond - le compagnon id\u00e9al rempli de mousse pour une relaxation totale. Dot\u00e9 d'une fermeture \u00e0 glissi\u00e8re pratique et d'une poign\u00e9e, ce traversin est con\u00e7u pour offrir un soutien sublime aux genoux et aux chevilles de vos clients.<\/p>\n<p>Mesurant 11,4 x 22,9 x 73,7 cm, notre traversin offre un \u00e9quilibre parfait entre compacit\u00e9 et fonctionnalit\u00e9. Que votre client profite d'un massage apaisant ou d'une s\u00e9ance de yoga, ce traversin apporte le soutien id\u00e9al l\u00e0 o\u00f9 il est n\u00e9cessaire.<\/p>\n<p>Pourquoi faire des compromis en mati\u00e8re de confort et de style ? Nos traversins Earthlite ne sont pas seulement fonctionnels, ils sont aussi un ajout esth\u00e9tique \u00e0 n'importe quelle pi\u00e8ce. Offrez \u00e0 vos clients le luxe qu'ils m\u00e9ritent et ajoutez ce traversin indispensable \u00e0 votre collection.<\/p>\n<p>Investissez d\u00e8s aujourd'hui dans le bien-\u00eatre de vos clients. Commandez le traversin Jumbo demi-rond et d\u00e9couvrez la combinaison parfaite d'un design ergonomique et d'un confort de haute qualit\u00e9. Transformez votre spa, votre salon ou votre cabinet avec cet accessoire indispensable pour une relaxation ultime.<\/p>\n<p>N'attendez plus, offrez \u00e0 vos clients le luxe qu'ils recherchent. Commandez d\u00e8s maintenant et d\u00e9couvrez la qualit\u00e9 in\u00e9gal\u00e9e des traversins Earthlite !<\/p>","protected":false},"excerpt":{"rendered":"<p>D\u00e9couvrez le confort \u00e0 l'\u00e9tat pur avec le traversin Jumbo demi-rond Earthlite. Rempli de mousse souple, pour un soutien optimal des genoux et des chevilles. Avec fermeture \u00e9clair pratique et poign\u00e9e de ceinture. Un must pour une relaxation totale.<\/p>\n<ul>\n<li>dimensions : 11,4 x 22,9 x 73,7 cm.<\/li>\n<li><a href=\"https:\/\/b2b.earthlite.eu\/media\/wysiwyg\/SalesSheets\/Bolsters_1-300-0041_Rev_092420.pdf\" target=\"_blank\" rel=\"noopener\"><strong>Traversins Earthlite - fiche de vente officielle<\/strong><\/a><\/li>\n<\/ul>\n<p>Disponible en couleurs : Bleu, Noir, Cr\u00e8me Vanille, Bordeaux, Violet. Disponible sur commande dans le coloris Vert, en tenant compte d'un d\u00e9lai de livraison pouvant aller jusqu'\u00e0 12 semaines.<\/p>","protected":false},"featured_media":4665,"comment_status":"open","ping_status":"closed","template":"","meta":[],"product_brand":[343],"product_cat":[99,100],"product_tag":[],"class_list":{"0":"post-2997","1":"product","2":"type-product","3":"status-publish","4":"has-post-thumbnail","6":"product_brand-earthlite","7":"product_cat-accessoires","8":"product_cat-bolsters","9":"product_shipping_class-klein-pakket","11":"first","12":"instock","13":"taxable","14":"shipping-taxable","15":"purchasable","16":"product-type-variable"},"yoast_head":"<!-- This site is optimized with the Yoast SEO Premium plugin v27.5 (Yoast SEO v27.5) - https:\/\/yoast.com\/product\/yoast-seo-premium-wordpress\/ -->\n<title>Earthlite Bolster half rond jumbo - TouchPro Europe Shop<\/title>\n<meta name=\"description\" content=\"Ontdek ultiem comfort met onze Jumbo bolster - perfect voor ondersteuning van knie\u00ebn en enkels. Kies uit diverse kleuren. Bestel nu voor luxe ontspanning!\" \/>\n<meta name=\"robots\" content=\"index, follow, max-snippet:-1, max-image-preview:large, max-video-preview:-1\" \/>\n<link rel=\"canonical\" href=\"https:\/\/touchproeurope.eu\/fr\/product\/traversin-demi-rond-jumbo\/\" \/>\n<meta property=\"og:locale\" content=\"fr_FR\" \/>\n<meta property=\"og:type\" content=\"article\" \/>\n<meta property=\"og:title\" content=\"Earthlite Bolster half rond jumbo\" \/>\n<meta property=\"og:description\" content=\"Ontdek ultiem comfort met onze Jumbo bolster - perfect voor ondersteuning van knie\u00ebn en enkels. Kies uit diverse kleuren. Bestel nu voor luxe ontspanning!\" \/>\n<meta property=\"og:url\" content=\"https:\/\/touchproeurope.eu\/fr\/product\/traversin-demi-rond-jumbo\/\" \/>\n<meta property=\"og:site_name\" content=\"TouchPro Europe Shop\" \/>\n<meta property=\"article:publisher\" content=\"https:\/\/www.facebook.com\/TouchproNederland\/?locale=nl_NL%2f\" \/>\n<meta property=\"article:modified_time\" content=\"2026-04-27T06:42:30+00:00\" \/>\n<meta property=\"og:image\" content=\"https:\/\/touchproeurope.eu\/wp-content\/uploads\/2023\/11\/8054650747_45fbb3d3cd_c-1.jpg\" \/>\n\t<meta property=\"og:image:width\" content=\"800\" \/>\n\t<meta property=\"og:image:height\" content=\"800\" \/>\n\t<meta property=\"og:image:type\" content=\"image\/jpeg\" \/>\n<meta name=\"twitter:card\" content=\"summary_large_image\" \/>\n<meta name=\"twitter:label1\" content=\"Disponibilit\u00e9\" \/>\n\t<meta name=\"twitter:data1\" content=\"En stock\" \/>\n<script type=\"application\/ld+json\" class=\"yoast-schema-graph\">{\"@context\":\"https:\\\/\\\/schema.org\",\"@graph\":[{\"@type\":\"WebPage\",\"@id\":\"https:\\\/\\\/touchproeurope.eu\\\/product\\\/bolster-half-rond-jumbo\\\/\",\"url\":\"https:\\\/\\\/touchproeurope.eu\\\/product\\\/bolster-half-rond-jumbo\\\/\",\"name\":\"Earthlite Bolster half rond jumbo - TouchPro Europe Shop\",\"isPartOf\":{\"@id\":\"https:\\\/\\\/touchproeurope.eu\\\/#website\"},\"primaryImageOfPage\":{\"@id\":\"https:\\\/\\\/touchproeurope.eu\\\/product\\\/bolster-half-rond-jumbo\\\/#primaryimage\"},\"image\":{\"@id\":\"https:\\\/\\\/touchproeurope.eu\\\/product\\\/bolster-half-rond-jumbo\\\/#primaryimage\"},\"thumbnailUrl\":\"https:\\\/\\\/i0.wp.com\\\/touchproeurope.eu\\\/wp-content\\\/uploads\\\/2023\\\/11\\\/8054650747_45fbb3d3cd_c-1.jpg?fit=800%2C800&ssl=1\",\"datePublished\":\"2023-11-09T16:01:00+00:00\",\"dateModified\":\"2026-04-27T06:42:30+00:00\",\"description\":\"Ontdek ultiem comfort met onze Jumbo bolster - perfect voor ondersteuning van knie\u00ebn en enkels. Kies uit diverse kleuren. Bestel nu voor luxe ontspanning!\",\"breadcrumb\":{\"@id\":\"https:\\\/\\\/touchproeurope.eu\\\/product\\\/bolster-half-rond-jumbo\\\/#breadcrumb\"},\"inLanguage\":\"fr-FR\",\"potentialAction\":[{\"@type\":\"ReadAction\",\"target\":[\"https:\\\/\\\/touchproeurope.eu\\\/product\\\/bolster-half-rond-jumbo\\\/\"]}]},{\"@type\":\"ImageObject\",\"inLanguage\":\"fr-FR\",\"@id\":\"https:\\\/\\\/touchproeurope.eu\\\/product\\\/bolster-half-rond-jumbo\\\/#primaryimage\",\"url\":\"https:\\\/\\\/i0.wp.com\\\/touchproeurope.eu\\\/wp-content\\\/uploads\\\/2023\\\/11\\\/8054650747_45fbb3d3cd_c-1.jpg?fit=800%2C800&ssl=1\",\"contentUrl\":\"https:\\\/\\\/i0.wp.com\\\/touchproeurope.eu\\\/wp-content\\\/uploads\\\/2023\\\/11\\\/8054650747_45fbb3d3cd_c-1.jpg?fit=800%2C800&ssl=1\",\"width\":800,\"height\":800,\"caption\":\"Earthlite half ronde bolster jumbo vanille creme\"},{\"@type\":\"BreadcrumbList\",\"@id\":\"https:\\\/\\\/touchproeurope.eu\\\/product\\\/bolster-half-rond-jumbo\\\/#breadcrumb\",\"itemListElement\":[{\"@type\":\"ListItem\",\"position\":1,\"name\":\"Home\",\"item\":\"https:\\\/\\\/touchproeurope.eu\\\/\"},{\"@type\":\"ListItem\",\"position\":2,\"name\":\"Winkel\",\"item\":\"https:\\\/\\\/touchproeurope.eu\\\/winkel\\\/\"},{\"@type\":\"ListItem\",\"position\":3,\"name\":\"Earthlite Bolster half rond jumbo\"}]},{\"@type\":\"WebSite\",\"@id\":\"https:\\\/\\\/touchproeurope.eu\\\/#website\",\"url\":\"https:\\\/\\\/touchproeurope.eu\\\/\",\"name\":\"TouchPro Europe Shop\",\"description\":\"Alles voor jouw praktijk met een PROfessionele Touch!\",\"publisher\":{\"@id\":\"https:\\\/\\\/touchproeurope.eu\\\/#organization\"},\"alternateName\":\"TPE\",\"potentialAction\":[{\"@type\":\"SearchAction\",\"target\":{\"@type\":\"EntryPoint\",\"urlTemplate\":\"https:\\\/\\\/touchproeurope.eu\\\/?s={search_term_string}\"},\"query-input\":{\"@type\":\"PropertyValueSpecification\",\"valueRequired\":true,\"valueName\":\"search_term_string\"}}],\"inLanguage\":\"fr-FR\"},{\"@type\":\"Organization\",\"@id\":\"https:\\\/\\\/touchproeurope.eu\\\/#organization\",\"name\":\"TouchPro Europe BV\",\"alternateName\":\"TPE\",\"url\":\"https:\\\/\\\/touchproeurope.eu\\\/\",\"logo\":{\"@type\":\"ImageObject\",\"inLanguage\":\"fr-FR\",\"@id\":\"https:\\\/\\\/touchproeurope.eu\\\/#\\\/schema\\\/logo\\\/image\\\/\",\"url\":\"https:\\\/\\\/i0.wp.com\\\/touchproeurope.eu\\\/wp-content\\\/uploads\\\/2023\\\/10\\\/2b592c_b6944d80811246d987cc2c29accedf3f.png?fit=1417%2C531&ssl=1\",\"contentUrl\":\"https:\\\/\\\/i0.wp.com\\\/touchproeurope.eu\\\/wp-content\\\/uploads\\\/2023\\\/10\\\/2b592c_b6944d80811246d987cc2c29accedf3f.png?fit=1417%2C531&ssl=1\",\"width\":1417,\"height\":531,\"caption\":\"TouchPro Europe BV\"},\"image\":{\"@id\":\"https:\\\/\\\/touchproeurope.eu\\\/#\\\/schema\\\/logo\\\/image\\\/\"},\"sameAs\":[\"https:\\\/\\\/www.facebook.com\\\/TouchproNederland\\\/?locale=nl_NL\\\/\",\"https:\\\/\\\/www.instagram.com\\\/touchpro2016\\\/\",\"https:\\\/\\\/www.linkedin.com\\\/company\\\/touchpro-europe-bv\\\/\"],\"description\":\"TouchPro Europe Shop is de massage winkel van Europa. Wij verkopen topkwaliteit massageproducten aan masseurs, pedicures, fysiotherapeuten, manicuren, Wellness centra, opleidingen, etc. TouchPro begon als een kleine webshop in Nederland, maar is nu uitgegroeid tot een webshop met klanten uit heel Europa. Wij bieden een breed assortiment aan massageproducten, waaronder massagetafels, oli\u00ebn, cr\u00e8mes, en accessoires van topmerken, zoals Earthlite, Stronglite en InnerStrenght, Habys, Living Earth Crafts en Continuum en andere leveranciers van massage accessoires. Bestel hier de beste massagematerialen van Europa!\",\"email\":\"info@touchpro-europe.com\",\"telephone\":\"0858768829\",\"legalName\":\"TouchPro Europe BV\",\"foundingDate\":\"2018-01-11\",\"vatID\":\"NL855430151B01\",\"numberOfEmployees\":{\"@type\":\"QuantitativeValue\",\"minValue\":\"1\",\"maxValue\":\"10\"},\"hasMerchantReturnPolicy\":{\"@type\":\"MerchantReturnPolicy\",\"merchantReturnLink\":\"https:\\\/\\\/touchproeurope.eu\\\/fr\\\/retourbeleid\\\/\"}}]}<\/script>\n<meta property=\"og:availability\" content=\"instock\" \/>\n<meta property=\"product:availability\" content=\"instock\" \/>\n<meta property=\"product:retailer_item_id\" content=\"35500\" \/>\n<meta property=\"product:condition\" content=\"new\" \/>\n<!-- \/ Yoast SEO Premium plugin. -->","yoast_head_json":{"title":"Earthlite Bolster half round jumbo - TouchPro Europe Shop","description":"D\u00e9couvrez le confort ultime avec notre traversin Jumbo - parfait pour soutenir les genoux et les chevilles. Choisissez parmi une vari\u00e9t\u00e9 de couleurs. Commandez d\u00e8s maintenant pour une relaxation luxueuse !","robots":{"index":"index","follow":"follow","max-snippet":"max-snippet:-1","max-image-preview":"max-image-preview:large","max-video-preview":"max-video-preview:-1"},"canonical":"https:\/\/touchproeurope.eu\/fr\/product\/traversin-demi-rond-jumbo\/","og_locale":"fr_FR","og_type":"article","og_title":"Earthlite Bolster half rond jumbo","og_description":"Ontdek ultiem comfort met onze Jumbo bolster - perfect voor ondersteuning van knie\u00ebn en enkels. Kies uit diverse kleuren. Bestel nu voor luxe ontspanning!","og_url":"https:\/\/touchproeurope.eu\/fr\/product\/traversin-demi-rond-jumbo\/","og_site_name":"TouchPro Europe Shop","article_publisher":"https:\/\/www.facebook.com\/TouchproNederland\/?locale=nl_NL%2f","article_modified_time":"2026-04-27T06:42:30+00:00","og_image":[{"width":800,"height":800,"url":"https:\/\/touchproeurope.eu\/wp-content\/uploads\/2023\/11\/8054650747_45fbb3d3cd_c-1.jpg","type":"image\/jpeg"}],"twitter_card":"summary_large_image","twitter_misc":{"Disponibilit\u00e9":"En stock"},"schema":{"@context":"https:\/\/schema.org","@graph":[{"@type":"WebPage","@id":"https:\/\/touchproeurope.eu\/product\/bolster-half-rond-jumbo\/","url":"https:\/\/touchproeurope.eu\/product\/bolster-half-rond-jumbo\/","name":"Earthlite Bolster half round jumbo - TouchPro Europe Shop","isPartOf":{"@id":"https:\/\/touchproeurope.eu\/#website"},"primaryImageOfPage":{"@id":"https:\/\/touchproeurope.eu\/product\/bolster-half-rond-jumbo\/#primaryimage"},"image":{"@id":"https:\/\/touchproeurope.eu\/product\/bolster-half-rond-jumbo\/#primaryimage"},"thumbnailUrl":"https:\/\/i0.wp.com\/touchproeurope.eu\/wp-content\/uploads\/2023\/11\/8054650747_45fbb3d3cd_c-1.jpg?fit=800%2C800&ssl=1","datePublished":"2023-11-09T16:01:00+00:00","dateModified":"2026-04-27T06:42:30+00:00","description":"D\u00e9couvrez le confort ultime avec notre traversin Jumbo - parfait pour soutenir les genoux et les chevilles. Choisissez parmi une vari\u00e9t\u00e9 de couleurs. Commandez d\u00e8s maintenant pour une relaxation luxueuse !","breadcrumb":{"@id":"https:\/\/touchproeurope.eu\/product\/bolster-half-rond-jumbo\/#breadcrumb"},"inLanguage":"fr-FR","potentialAction":[{"@type":"ReadAction","target":["https:\/\/touchproeurope.eu\/product\/bolster-half-rond-jumbo\/"]}]},{"@type":"ImageObject","inLanguage":"fr-FR","@id":"https:\/\/touchproeurope.eu\/product\/bolster-half-rond-jumbo\/#primaryimage","url":"https:\/\/i0.wp.com\/touchproeurope.eu\/wp-content\/uploads\/2023\/11\/8054650747_45fbb3d3cd_c-1.jpg?fit=800%2C800&ssl=1","contentUrl":"https:\/\/i0.wp.com\/touchproeurope.eu\/wp-content\/uploads\/2023\/11\/8054650747_45fbb3d3cd_c-1.jpg?fit=800%2C800&ssl=1","width":800,"height":800,"caption":"Earthlite half ronde bolster jumbo vanille creme"},{"@type":"BreadcrumbList","@id":"https:\/\/touchproeurope.eu\/product\/bolster-half-rond-jumbo\/#breadcrumb","itemListElement":[{"@type":"ListItem","position":1,"name":"Home","item":"https:\/\/touchproeurope.eu\/"},{"@type":"ListItem","position":2,"name":"Winkel","item":"https:\/\/touchproeurope.eu\/winkel\/"},{"@type":"ListItem","position":3,"name":"Earthlite Bolster half rond jumbo"}]},{"@type":"WebSite","@id":"https:\/\/touchproeurope.eu\/#website","url":"https:\/\/touchproeurope.eu\/","name":"TouchPro Europe Shop","description":"Tout pour votre pratique avec une touche PROfessionnelle !","publisher":{"@id":"https:\/\/touchproeurope.eu\/#organization"},"alternateName":"TPE","potentialAction":[{"@type":"SearchAction","target":{"@type":"EntryPoint","urlTemplate":"https:\/\/touchproeurope.eu\/?s={search_term_string}"},"query-input":{"@type":"PropertyValueSpecification","valueRequired":true,"valueName":"search_term_string"}}],"inLanguage":"fr-FR"},{"@type":"Organization","@id":"https:\/\/touchproeurope.eu\/#organization","name":"TouchPro Europe BV","alternateName":"TPE","url":"https:\/\/touchproeurope.eu\/","logo":{"@type":"ImageObject","inLanguage":"fr-FR","@id":"https:\/\/touchproeurope.eu\/#\/schema\/logo\/image\/","url":"https:\/\/i0.wp.com\/touchproeurope.eu\/wp-content\/uploads\/2023\/10\/2b592c_b6944d80811246d987cc2c29accedf3f.png?fit=1417%2C531&ssl=1","contentUrl":"https:\/\/i0.wp.com\/touchproeurope.eu\/wp-content\/uploads\/2023\/10\/2b592c_b6944d80811246d987cc2c29accedf3f.png?fit=1417%2C531&ssl=1","width":1417,"height":531,"caption":"TouchPro Europe BV"},"image":{"@id":"https:\/\/touchproeurope.eu\/#\/schema\/logo\/image\/"},"sameAs":["https:\/\/www.facebook.com\/TouchproNederland\/?locale=nl_NL\/","https:\/\/www.instagram.com\/touchpro2016\/","https:\/\/www.linkedin.com\/company\/touchpro-europe-bv\/"],"description":"TouchPro Europe Shop est le magasin de massage de l'Europe. Nous vendons des produits de massage de qualit\u00e9 sup\u00e9rieure aux masseurs, p\u00e9dicures, physioth\u00e9rapeutes, manucures, centres de bien-\u00eatre, cours de formation, etc. TouchPro a commenc\u00e9 comme un petit magasin aux Pays-Bas, mais s'est maintenant d\u00e9velopp\u00e9 pour devenir un magasin avec des clients de toute l'Europe. Nous proposons une large gamme de produits de massage, notamment des tables de massage, des huiles, des cr\u00e8mes et des accessoires de grandes marques telles que Earthlite, Stronglite et InnerStrenght, Habys, Living Earth Crafts et Continuum, ainsi que d'autres fournisseurs d'accessoires de massage. Commandez ici les meilleurs produits de massage d'Europe !","email":"info@touchpro-europe.com","telephone":"0858768829","legalName":"TouchPro Europe BV","foundingDate":"2018-01-11","vatID":"NL855430151B01","numberOfEmployees":{"@type":"QuantitativeValue","minValue":"1","maxValue":"10"},"hasMerchantReturnPolicy":{"@type":"MerchantReturnPolicy","merchantReturnLink":"https:\/\/touchproeurope.eu\/fr\/retourbeleid\/"}}]},"og_availability":"instock","product_availability":"instock","product_retailer_item_id":"35500","product_condition":"new"},"_links":{"self":[{"href":"https:\/\/touchproeurope.eu\/fr\/wp-json\/wp\/v2\/product\/2997","targetHints":{"allow":["GET"]}}],"collection":[{"href":"https:\/\/touchproeurope.eu\/fr\/wp-json\/wp\/v2\/product"}],"about":[{"href":"https:\/\/touchproeurope.eu\/fr\/wp-json\/wp\/v2\/types\/product"}],"replies":[{"embeddable":true,"href":"https:\/\/touchproeurope.eu\/fr\/wp-json\/wp\/v2\/comments?post=2997"}],"version-history":[{"count":5,"href":"https:\/\/touchproeurope.eu\/fr\/wp-json\/wp\/v2\/product\/2997\/revisions"}],"predecessor-version":[{"id":6449,"href":"https:\/\/touchproeurope.eu\/fr\/wp-json\/wp\/v2\/product\/2997\/revisions\/6449"}],"wp:featuredmedia":[{"embeddable":true,"href":"https:\/\/touchproeurope.eu\/fr\/wp-json\/wp\/v2\/media\/4665"}],"wp:attachment":[{"href":"https:\/\/touchproeurope.eu\/fr\/wp-json\/wp\/v2\/media?parent=2997"}],"wp:term":[{"taxonomy":"product_brand","embeddable":true,"href":"https:\/\/touchproeurope.eu\/fr\/wp-json\/wp\/v2\/product_brand?post=2997"},{"taxonomy":"product_cat","embeddable":true,"href":"https:\/\/touchproeurope.eu\/fr\/wp-json\/wp\/v2\/product_cat?post=2997"},{"taxonomy":"product_tag","embeddable":true,"href":"https:\/\/touchproeurope.eu\/fr\/wp-json\/wp\/v2\/product_tag?post=2997"}],"curies":[{"name":"wp","href":"https:\/\/api.w.org\/{rel}","templated":true}]}}