{"id":3009,"date":"2023-11-09T16:01:20","date_gmt":"2023-11-09T16:01:20","guid":{"rendered":"https:\/\/touchproeurope.eu\/?post_type=product&#038;p=3009"},"modified":"2026-04-23T13:23:38","modified_gmt":"2026-04-23T13:23:38","slug":"couverture-en-microfibre-polaire-de-qualite-superieure","status":"publish","type":"product","link":"https:\/\/touchproeurope.eu\/fr\/product\/microfiber-premium-fleece-blanket\/","title":{"rendered":"Couverture en microfibre polaire de qualit\u00e9 sup\u00e9rieure"},"content":{"rendered":"<p>Offrez \u00e0 vos clients un confort ultime gr\u00e2ce \u00e0 notre couverture en microfibre polaire de qualit\u00e9 sup\u00e9rieure. Sp\u00e9cialement con\u00e7ue pour fournir de la chaleur pendant les traitements, cette couverture n'a pas seulement un aspect luxueux, elle procure \u00e9galement une sensation apaisante gr\u00e2ce \u00e0 sa mati\u00e8re douce en microfibre bross\u00e9e.<\/p>\n<p>La couverture double face, lavable en machine, est non seulement pratique mais aussi polyvalente. Fabriqu\u00e9e en polyester 100%, cette couverture garantit la durabilit\u00e9 et conserve sa qualit\u00e9 m\u00eame apr\u00e8s plusieurs lavages.<\/p>\n<p>D'une taille g\u00e9n\u00e9reuse de 152 x 228 cm. Cette couverture couvre donc enti\u00e8rement vos clients, ce qui leur permet de se d\u00e9tendre compl\u00e8tement. La couverture n'est pas seulement une \u00e9treinte chaleureuse, c'est aussi un isolant qui retient parfaitement la chaleur, ce qui rend vos traitements encore plus confortables.<\/p>\n<p>Choisissez parmi les magnifiques couleurs Cr\u00e8me, Taupe et Espresso pour cr\u00e9er l'ambiance parfaite dans votre espace de travail. Choyez vos clients avec luxe et confort et ajoutez une dimension suppl\u00e9mentaire \u00e0 vos traitements.<\/p>\n<p>Offrez \u00e0 vos clients le luxe de la chaleur et du confort. Commandez d\u00e8s aujourd'hui la couverture polaire Microfibre Premium !<\/p>","protected":false},"excerpt":{"rendered":"<p>La couverture en microfibre polaire est une belle couverture pour garder vos clients au chaud pendant le traitement. En outre, la couverture offre un aspect luxueux gr\u00e2ce \u00e0 sa mati\u00e8re douce en microfibre bross\u00e9e. La couverture peut \u00eatre utilis\u00e9e des deux c\u00f4t\u00e9s et est lavable en machine.<\/p>","protected":false},"featured_media":4503,"comment_status":"open","ping_status":"closed","template":"","meta":[],"product_brand":[343],"product_cat":[109,480],"product_tag":[204,202,203],"class_list":{"0":"post-3009","1":"product","2":"type-product","3":"status-publish","4":"has-post-thumbnail","6":"product_brand-earthlite","7":"product_cat-katoenen-covers-tafellinnen","8":"product_cat-tafellinnen-covers","9":"product_tag-fleece-blanket","10":"product_tag-microfiber","11":"product_tag-premium","12":"product_shipping_class-klein-pakket","13":"pa_kleur-creme","14":"pa_kleur-espresso","15":"pa_kleur-grijs","16":"pa_merk-earthlite","18":"first","19":"outofstock","20":"taxable","21":"shipping-taxable","22":"purchasable","23":"product-type-variable"},"yoast_head":"<!-- This site is optimized with the Yoast SEO Premium plugin v27.4 (Yoast SEO v27.4) - https:\/\/yoast.com\/product\/yoast-seo-premium-wordpress\/ -->\n<title>Microfiber Premium Fleece Blanket - TouchPro Europe Shop<\/title>\n<meta name=\"description\" content=\"Maak je behandeling compleet met de Microfiber Premium Fleece Deken. Luxe uitstraling, dubbelzijdig en heerlijk zacht \ud83d\udc86\u200d\u2642\ufe0f Bestel hem bij TouchPro Europe\" \/>\n<meta name=\"robots\" content=\"index, follow, max-snippet:-1, max-image-preview:large, max-video-preview:-1\" \/>\n<link rel=\"canonical\" href=\"https:\/\/touchproeurope.eu\/fr\/product\/couverture-en-microfibre-polaire-de-qualite-superieure\/\" \/>\n<meta property=\"og:locale\" content=\"fr_FR\" \/>\n<meta property=\"og:type\" content=\"article\" \/>\n<meta property=\"og:title\" content=\"Microfiber Premium Fleece Blanket\" \/>\n<meta property=\"og:description\" content=\"Maak je behandeling compleet met de Microfiber Premium Fleece Deken. Luxe uitstraling, dubbelzijdig en heerlijk zacht \ud83d\udc86\u200d\u2642\ufe0f Bestel hem bij TouchPro Europe\" \/>\n<meta property=\"og:url\" content=\"https:\/\/touchproeurope.eu\/fr\/product\/couverture-en-microfibre-polaire-de-qualite-superieure\/\" \/>\n<meta property=\"og:site_name\" content=\"TouchPro Europe Shop\" \/>\n<meta property=\"article:publisher\" content=\"https:\/\/www.facebook.com\/TouchproNederland\/?locale=nl_NL%2f\" \/>\n<meta property=\"article:modified_time\" content=\"2026-04-23T13:23:38+00:00\" \/>\n<meta property=\"og:image\" content=\"https:\/\/touchproeurope.eu\/wp-content\/uploads\/2023\/11\/93.jpg\" \/>\n\t<meta property=\"og:image:width\" content=\"800\" \/>\n\t<meta property=\"og:image:height\" content=\"800\" \/>\n\t<meta property=\"og:image:type\" content=\"image\/jpeg\" \/>\n<meta name=\"twitter:card\" content=\"summary_large_image\" \/>\n<meta name=\"twitter:label1\" content=\"Disponibilit\u00e9\" \/>\n\t<meta name=\"twitter:data1\" content=\"Rupture de stock\" \/>\n<script type=\"application\/ld+json\" class=\"yoast-schema-graph\">{\"@context\":\"https:\\\/\\\/schema.org\",\"@graph\":[{\"@type\":\"WebPage\",\"@id\":\"https:\\\/\\\/touchproeurope.eu\\\/product\\\/microfiber-premium-fleece-blanket\\\/\",\"url\":\"https:\\\/\\\/touchproeurope.eu\\\/product\\\/microfiber-premium-fleece-blanket\\\/\",\"name\":\"Microfiber Premium Fleece Blanket - TouchPro Europe Shop\",\"isPartOf\":{\"@id\":\"https:\\\/\\\/touchproeurope.eu\\\/#website\"},\"primaryImageOfPage\":{\"@id\":\"https:\\\/\\\/touchproeurope.eu\\\/product\\\/microfiber-premium-fleece-blanket\\\/#primaryimage\"},\"image\":{\"@id\":\"https:\\\/\\\/touchproeurope.eu\\\/product\\\/microfiber-premium-fleece-blanket\\\/#primaryimage\"},\"thumbnailUrl\":\"https:\\\/\\\/i0.wp.com\\\/touchproeurope.eu\\\/wp-content\\\/uploads\\\/2023\\\/11\\\/93.jpg?fit=800%2C800&ssl=1\",\"datePublished\":\"2023-11-09T16:01:20+00:00\",\"dateModified\":\"2026-04-23T13:23:38+00:00\",\"description\":\"Maak je behandeling compleet met de Microfiber Premium Fleece Deken. Luxe uitstraling, dubbelzijdig en heerlijk zacht \ud83d\udc86\u200d\u2642\ufe0f Bestel hem bij TouchPro Europe\",\"breadcrumb\":{\"@id\":\"https:\\\/\\\/touchproeurope.eu\\\/product\\\/microfiber-premium-fleece-blanket\\\/#breadcrumb\"},\"inLanguage\":\"fr-FR\",\"potentialAction\":[{\"@type\":\"ReadAction\",\"target\":[\"https:\\\/\\\/touchproeurope.eu\\\/product\\\/microfiber-premium-fleece-blanket\\\/\"]}]},{\"@type\":\"ImageObject\",\"inLanguage\":\"fr-FR\",\"@id\":\"https:\\\/\\\/touchproeurope.eu\\\/product\\\/microfiber-premium-fleece-blanket\\\/#primaryimage\",\"url\":\"https:\\\/\\\/i0.wp.com\\\/touchproeurope.eu\\\/wp-content\\\/uploads\\\/2023\\\/11\\\/93.jpg?fit=800%2C800&ssl=1\",\"contentUrl\":\"https:\\\/\\\/i0.wp.com\\\/touchproeurope.eu\\\/wp-content\\\/uploads\\\/2023\\\/11\\\/93.jpg?fit=800%2C800&ssl=1\",\"width\":800,\"height\":800,\"caption\":\"Microfiber Premium Fleece Blanket\"},{\"@type\":\"BreadcrumbList\",\"@id\":\"https:\\\/\\\/touchproeurope.eu\\\/product\\\/microfiber-premium-fleece-blanket\\\/#breadcrumb\",\"itemListElement\":[{\"@type\":\"ListItem\",\"position\":1,\"name\":\"Home\",\"item\":\"https:\\\/\\\/touchproeurope.eu\\\/\"},{\"@type\":\"ListItem\",\"position\":2,\"name\":\"Winkel\",\"item\":\"https:\\\/\\\/touchproeurope.eu\\\/winkel\\\/\"},{\"@type\":\"ListItem\",\"position\":3,\"name\":\"Microfiber Premium Fleece Blanket\"}]},{\"@type\":\"WebSite\",\"@id\":\"https:\\\/\\\/touchproeurope.eu\\\/#website\",\"url\":\"https:\\\/\\\/touchproeurope.eu\\\/\",\"name\":\"TouchPro Europe Shop\",\"description\":\"Alles voor jouw praktijk met een PROfessionele Touch!\",\"publisher\":{\"@id\":\"https:\\\/\\\/touchproeurope.eu\\\/#organization\"},\"alternateName\":\"TPE\",\"potentialAction\":[{\"@type\":\"SearchAction\",\"target\":{\"@type\":\"EntryPoint\",\"urlTemplate\":\"https:\\\/\\\/touchproeurope.eu\\\/?s={search_term_string}\"},\"query-input\":{\"@type\":\"PropertyValueSpecification\",\"valueRequired\":true,\"valueName\":\"search_term_string\"}}],\"inLanguage\":\"fr-FR\"},{\"@type\":\"Organization\",\"@id\":\"https:\\\/\\\/touchproeurope.eu\\\/#organization\",\"name\":\"TouchPro Europe BV\",\"alternateName\":\"TPE\",\"url\":\"https:\\\/\\\/touchproeurope.eu\\\/\",\"logo\":{\"@type\":\"ImageObject\",\"inLanguage\":\"fr-FR\",\"@id\":\"https:\\\/\\\/touchproeurope.eu\\\/#\\\/schema\\\/logo\\\/image\\\/\",\"url\":\"https:\\\/\\\/i0.wp.com\\\/touchproeurope.eu\\\/wp-content\\\/uploads\\\/2023\\\/10\\\/2b592c_b6944d80811246d987cc2c29accedf3f.png?fit=1417%2C531&ssl=1\",\"contentUrl\":\"https:\\\/\\\/i0.wp.com\\\/touchproeurope.eu\\\/wp-content\\\/uploads\\\/2023\\\/10\\\/2b592c_b6944d80811246d987cc2c29accedf3f.png?fit=1417%2C531&ssl=1\",\"width\":1417,\"height\":531,\"caption\":\"TouchPro Europe BV\"},\"image\":{\"@id\":\"https:\\\/\\\/touchproeurope.eu\\\/#\\\/schema\\\/logo\\\/image\\\/\"},\"sameAs\":[\"https:\\\/\\\/www.facebook.com\\\/TouchproNederland\\\/?locale=nl_NL\\\/\",\"https:\\\/\\\/www.instagram.com\\\/touchpro2016\\\/\",\"https:\\\/\\\/www.linkedin.com\\\/company\\\/touchpro-europe-bv\\\/\"],\"description\":\"TouchPro Europe Shop is de massage winkel van Europa. Wij verkopen topkwaliteit massageproducten aan masseurs, pedicures, fysiotherapeuten, manicuren, Wellness centra, opleidingen, etc. TouchPro begon als een kleine webshop in Nederland, maar is nu uitgegroeid tot een webshop met klanten uit heel Europa. Wij bieden een breed assortiment aan massageproducten, waaronder massagetafels, oli\u00ebn, cr\u00e8mes, en accessoires van topmerken, zoals Earthlite, Stronglite en InnerStrenght, Habys, Living Earth Crafts en Continuum en andere leveranciers van massage accessoires. Bestel hier de beste massagematerialen van Europa!\",\"email\":\"info@touchpro-europe.com\",\"telephone\":\"0858768829\",\"legalName\":\"TouchPro Europe BV\",\"foundingDate\":\"2018-01-11\",\"vatID\":\"NL855430151B01\",\"numberOfEmployees\":{\"@type\":\"QuantitativeValue\",\"minValue\":\"1\",\"maxValue\":\"10\"},\"hasMerchantReturnPolicy\":{\"@type\":\"MerchantReturnPolicy\",\"merchantReturnLink\":\"https:\\\/\\\/touchproeurope.eu\\\/fr\\\/retourbeleid\\\/\"}}]}<\/script>\n<meta property=\"product:brand\" content=\"Earthlite\" \/>\n<meta property=\"og:availability\" content=\"out of stock\" \/>\n<meta property=\"product:availability\" content=\"out of stock\" \/>\n<meta property=\"product:retailer_item_id\" content=\"36460\" \/>\n<meta property=\"product:condition\" content=\"new\" \/>\n<!-- \/ Yoast SEO Premium plugin. -->","yoast_head_json":{"title":"Couverture en microfibre polaire de qualit\u00e9 sup\u00e9rieure - TouchPro Europe Shop","description":"Compl\u00e9tez votre traitement avec la couverture Microfibre Premium Fleece. Aspect luxueux, double face et merveilleusement douce \ud83d\udc86\u200d\u2642\ufe0f Commandez-la aupr\u00e8s de TouchPro Europe","robots":{"index":"index","follow":"follow","max-snippet":"max-snippet:-1","max-image-preview":"max-image-preview:large","max-video-preview":"max-video-preview:-1"},"canonical":"https:\/\/touchproeurope.eu\/fr\/product\/couverture-en-microfibre-polaire-de-qualite-superieure\/","og_locale":"fr_FR","og_type":"article","og_title":"Microfiber Premium Fleece Blanket","og_description":"Maak je behandeling compleet met de Microfiber Premium Fleece Deken. Luxe uitstraling, dubbelzijdig en heerlijk zacht \ud83d\udc86\u200d\u2642\ufe0f Bestel hem bij TouchPro Europe","og_url":"https:\/\/touchproeurope.eu\/fr\/product\/couverture-en-microfibre-polaire-de-qualite-superieure\/","og_site_name":"TouchPro Europe Shop","article_publisher":"https:\/\/www.facebook.com\/TouchproNederland\/?locale=nl_NL%2f","article_modified_time":"2026-04-23T13:23:38+00:00","og_image":[{"width":800,"height":800,"url":"https:\/\/touchproeurope.eu\/wp-content\/uploads\/2023\/11\/93.jpg","type":"image\/jpeg"}],"twitter_card":"summary_large_image","twitter_misc":{"Disponibilit\u00e9":"Rupture de stock"},"schema":{"@context":"https:\/\/schema.org","@graph":[{"@type":"WebPage","@id":"https:\/\/touchproeurope.eu\/product\/microfiber-premium-fleece-blanket\/","url":"https:\/\/touchproeurope.eu\/product\/microfiber-premium-fleece-blanket\/","name":"Couverture en microfibre polaire de qualit\u00e9 sup\u00e9rieure - TouchPro Europe Shop","isPartOf":{"@id":"https:\/\/touchproeurope.eu\/#website"},"primaryImageOfPage":{"@id":"https:\/\/touchproeurope.eu\/product\/microfiber-premium-fleece-blanket\/#primaryimage"},"image":{"@id":"https:\/\/touchproeurope.eu\/product\/microfiber-premium-fleece-blanket\/#primaryimage"},"thumbnailUrl":"https:\/\/i0.wp.com\/touchproeurope.eu\/wp-content\/uploads\/2023\/11\/93.jpg?fit=800%2C800&ssl=1","datePublished":"2023-11-09T16:01:20+00:00","dateModified":"2026-04-23T13:23:38+00:00","description":"Compl\u00e9tez votre traitement avec la couverture Microfibre Premium Fleece. Aspect luxueux, double face et merveilleusement douce \ud83d\udc86\u200d\u2642\ufe0f Commandez-la aupr\u00e8s de TouchPro Europe","breadcrumb":{"@id":"https:\/\/touchproeurope.eu\/product\/microfiber-premium-fleece-blanket\/#breadcrumb"},"inLanguage":"fr-FR","potentialAction":[{"@type":"ReadAction","target":["https:\/\/touchproeurope.eu\/product\/microfiber-premium-fleece-blanket\/"]}]},{"@type":"ImageObject","inLanguage":"fr-FR","@id":"https:\/\/touchproeurope.eu\/product\/microfiber-premium-fleece-blanket\/#primaryimage","url":"https:\/\/i0.wp.com\/touchproeurope.eu\/wp-content\/uploads\/2023\/11\/93.jpg?fit=800%2C800&ssl=1","contentUrl":"https:\/\/i0.wp.com\/touchproeurope.eu\/wp-content\/uploads\/2023\/11\/93.jpg?fit=800%2C800&ssl=1","width":800,"height":800,"caption":"Microfiber Premium Fleece Blanket"},{"@type":"BreadcrumbList","@id":"https:\/\/touchproeurope.eu\/product\/microfiber-premium-fleece-blanket\/#breadcrumb","itemListElement":[{"@type":"ListItem","position":1,"name":"Home","item":"https:\/\/touchproeurope.eu\/"},{"@type":"ListItem","position":2,"name":"Winkel","item":"https:\/\/touchproeurope.eu\/winkel\/"},{"@type":"ListItem","position":3,"name":"Microfiber Premium Fleece Blanket"}]},{"@type":"WebSite","@id":"https:\/\/touchproeurope.eu\/#website","url":"https:\/\/touchproeurope.eu\/","name":"TouchPro Europe Shop","description":"Tout pour votre pratique avec une touche PROfessionnelle !","publisher":{"@id":"https:\/\/touchproeurope.eu\/#organization"},"alternateName":"TPE","potentialAction":[{"@type":"SearchAction","target":{"@type":"EntryPoint","urlTemplate":"https:\/\/touchproeurope.eu\/?s={search_term_string}"},"query-input":{"@type":"PropertyValueSpecification","valueRequired":true,"valueName":"search_term_string"}}],"inLanguage":"fr-FR"},{"@type":"Organization","@id":"https:\/\/touchproeurope.eu\/#organization","name":"TouchPro Europe BV","alternateName":"TPE","url":"https:\/\/touchproeurope.eu\/","logo":{"@type":"ImageObject","inLanguage":"fr-FR","@id":"https:\/\/touchproeurope.eu\/#\/schema\/logo\/image\/","url":"https:\/\/i0.wp.com\/touchproeurope.eu\/wp-content\/uploads\/2023\/10\/2b592c_b6944d80811246d987cc2c29accedf3f.png?fit=1417%2C531&ssl=1","contentUrl":"https:\/\/i0.wp.com\/touchproeurope.eu\/wp-content\/uploads\/2023\/10\/2b592c_b6944d80811246d987cc2c29accedf3f.png?fit=1417%2C531&ssl=1","width":1417,"height":531,"caption":"TouchPro Europe BV"},"image":{"@id":"https:\/\/touchproeurope.eu\/#\/schema\/logo\/image\/"},"sameAs":["https:\/\/www.facebook.com\/TouchproNederland\/?locale=nl_NL\/","https:\/\/www.instagram.com\/touchpro2016\/","https:\/\/www.linkedin.com\/company\/touchpro-europe-bv\/"],"description":"TouchPro Europe Shop est le magasin de massage de l'Europe. Nous vendons des produits de massage de qualit\u00e9 sup\u00e9rieure aux masseurs, p\u00e9dicures, physioth\u00e9rapeutes, manucures, centres de bien-\u00eatre, cours de formation, etc. TouchPro a commenc\u00e9 comme un petit magasin aux Pays-Bas, mais s'est maintenant d\u00e9velopp\u00e9 pour devenir un magasin avec des clients de toute l'Europe. Nous proposons une large gamme de produits de massage, notamment des tables de massage, des huiles, des cr\u00e8mes et des accessoires de grandes marques telles que Earthlite, Stronglite et InnerStrenght, Habys, Living Earth Crafts et Continuum, ainsi que d'autres fournisseurs d'accessoires de massage. Commandez ici les meilleurs produits de massage d'Europe !","email":"info@touchpro-europe.com","telephone":"0858768829","legalName":"TouchPro Europe BV","foundingDate":"2018-01-11","vatID":"NL855430151B01","numberOfEmployees":{"@type":"QuantitativeValue","minValue":"1","maxValue":"10"},"hasMerchantReturnPolicy":{"@type":"MerchantReturnPolicy","merchantReturnLink":"https:\/\/touchproeurope.eu\/fr\/retourbeleid\/"}}]},"product_brand":"Earthlite","og_availability":"out of stock","product_availability":"out of stock","product_retailer_item_id":"36460","product_condition":"new"},"_links":{"self":[{"href":"https:\/\/touchproeurope.eu\/fr\/wp-json\/wp\/v2\/product\/3009","targetHints":{"allow":["GET"]}}],"collection":[{"href":"https:\/\/touchproeurope.eu\/fr\/wp-json\/wp\/v2\/product"}],"about":[{"href":"https:\/\/touchproeurope.eu\/fr\/wp-json\/wp\/v2\/types\/product"}],"replies":[{"embeddable":true,"href":"https:\/\/touchproeurope.eu\/fr\/wp-json\/wp\/v2\/comments?post=3009"}],"version-history":[{"count":2,"href":"https:\/\/touchproeurope.eu\/fr\/wp-json\/wp\/v2\/product\/3009\/revisions"}],"predecessor-version":[{"id":4505,"href":"https:\/\/touchproeurope.eu\/fr\/wp-json\/wp\/v2\/product\/3009\/revisions\/4505"}],"wp:featuredmedia":[{"embeddable":true,"href":"https:\/\/touchproeurope.eu\/fr\/wp-json\/wp\/v2\/media\/4503"}],"wp:attachment":[{"href":"https:\/\/touchproeurope.eu\/fr\/wp-json\/wp\/v2\/media?parent=3009"}],"wp:term":[{"taxonomy":"product_brand","embeddable":true,"href":"https:\/\/touchproeurope.eu\/fr\/wp-json\/wp\/v2\/product_brand?post=3009"},{"taxonomy":"product_cat","embeddable":true,"href":"https:\/\/touchproeurope.eu\/fr\/wp-json\/wp\/v2\/product_cat?post=3009"},{"taxonomy":"product_tag","embeddable":true,"href":"https:\/\/touchproeurope.eu\/fr\/wp-json\/wp\/v2\/product_tag?post=3009"}],"curies":[{"name":"wp","href":"https:\/\/api.w.org\/{rel}","templated":true}]}}